{"id":1339,"date":"2024-05-06T11:44:00","date_gmt":"2024-05-06T09:44:00","guid":{"rendered":"https:\/\/wp.kristdemokraterna.se\/leksand\/?page_id=1339"},"modified":"2025-02-07T11:47:24","modified_gmt":"2025-02-07T10:47:24","slug":"interpellation-om-kvaliteten-i-kommunens-korttidstillsyn-enligt-lss","status":"publish","type":"page","link":"https:\/\/wp.kristdemokraterna.se\/leksand\/var-politik\/motioner\/interpellation-om-kvaliteten-i-kommunens-korttidstillsyn-enligt-lss\/","title":{"rendered":"Interpellation om korttidstillsyn"},"content":{"rendered":"<p><b>Bakgrund och motivering<\/b><\/p>\n<p><span style=\"font-weight: 400\">LSS, Lag om st\u00f6d och service till viss funktionshindrade\u00a0 (1993:387), fastst\u00e4ller i \u00a7 5 att verksamhet enligt denna lag skall fr\u00e4mja j\u00e4mlikhet i levnadsvillkor och full delaktighet i samh\u00e4llslivet f\u00f6r de personer som omfattas av lagen. Verksamheten skall vara grundad p\u00e5 respekt f\u00f6r den enskildes r\u00e4tt till sj\u00e4lvbest\u00e4mmande och integritet. Den enskilde skall i st\u00f6rsta m\u00f6jliga utstr\u00e4ckning ges inflytande och medbest\u00e4mmande \u00f6ver de insatser som ges. Kvaliteten i verksamheten skall systematiskt och fortl\u00f6pande utvecklas och s\u00e4kras.\u00a0 Lag (2019:883) f\u00f6reskriver att varje kommun ska ansvara f\u00f6r insatser enligt \u00a7 9 d\u00e4r korttidstillsyn f\u00f6r skolungdom \u00f6ver 12 \u00e5r utanf\u00f6r det egna hemmet, i anslutning till skoldagen samt under lov, \u00e4r en av insatserna.<\/span><\/p>\n<p><span style=\"font-weight: 400\">Inspektionen f\u00f6r v\u00e5rd och omsorg skriver p\u00e5 sin webbplats f\u00f6ljande:<br \/>\n<\/span><i><span style=\"font-weight: 400\">\u201cKorttidstillsynen ska erbjuda en avkopplande och aktiv fritid i en trygg milj\u00f6 med goda vuxenf\u00f6rebilder. Den ska fr\u00e4mja social gemenskap samt ge fysisk och psykisk stimulans. Korttidstillsyn erbjuds n\u00e4r v\u00e5rdnadshavaren tillf\u00e4lligt beh\u00f6ver avlastning eller n\u00e4r skolungdomen sj\u00e4lv beh\u00f6ver st\u00f6d f\u00f6r att klara av skolarbetet. Behovet av tillsyn kan variera mycket och m\u00e5ste d\u00e4rf\u00f6r kunna utformas p\u00e5 ett flexibelt s\u00e4tt. Insatsen erbjuds f\u00f6re och efter skolans slut, under lovdagar, studiedagar och l\u00e4ngre lov.\u201d<\/span><\/i><\/p>\n<p><span style=\"font-weight: 400\">P\u00e5 Leksands kommuns webbplats finns f\u00f6ljande information:<br \/>\n<\/span><i><span style=\"font-weight: 400\">\u201cKorttidstillsyn inneb\u00e4r att du f\u00f6re och efter skoldagen samt vid lov f\u00e5r tillsyn tillsammans med andra ungdomar.<br \/>\n<\/span><\/i><i><span style=\"font-weight: 400\">P\u00e5 korttidstillsynen (LSS-fritids) f\u00e5r du om du beh\u00f6ver m\u00f6jlighet till en lugn stund efter skolan. P\u00e5 korttidstillsynen finns \u00e4ven m\u00f6jlighet till b\u00e5de gruppaktiviteter och indivuella aktiviteter.<br \/>\n<\/span><\/i><i><span style=\"font-weight: 400\">Du som \u00e4r p\u00e5 korttidstillsynen blir erbjuden att tillsammans med oss och dina v\u00e5rdnadshavare g\u00f6ra en genomf\u00f6randeplan. D\u00e4r beskriver man hur och vilket st\u00f6d personalen beh\u00f6ver ge just dig.<br \/>\n<\/span><\/i><i><span style=\"font-weight: 400\">Skolungdomar \u00f6ver 12 \u00e5r som har en funktionsneds\u00e4ttning och som inte kan klara sig sj\u00e4lv f\u00f6re och efter skoltid under den tid som v\u00e5rdnadshavare arbetar.<br \/>\n<\/span><\/i><i><span style=\"font-weight: 400\">Korttidstillsynens lokaler (LSS-fritids) och korttidshemmet ligger p\u00e5 Fiskgatan 3 i centrala Leksand.\u201d<\/span><\/i><\/p>\n<p>&nbsp;<\/p>\n<p><b>Fr\u00e5gor<\/b><\/p>\n<p><span style=\"font-weight: 400\">Med h\u00e4nvisning till ovanst\u00e5ende \u00f6nskas svar p\u00e5 f\u00f6ljande fr\u00e5gor:\u00a0<\/span><\/p>\n<ul>\n<li style=\"font-weight: 400\"><span style=\"font-weight: 400\">Vilka styrdokument styr verksamheten inom korttidstillsyn f\u00f6r skolungdomar \u00f6ver 12 \u00e5r i Leksands kommun?<\/span><\/li>\n<li style=\"font-weight: 400\"><span style=\"font-weight: 400\">I vilka lokaler finns korttidstillsyn i kommunen?<\/span><\/li>\n<li style=\"font-weight: 400\"><span style=\"font-weight: 400\">Vem ansvarar f\u00f6r att informera v\u00e5rdnadshavare om \u00f6verg\u00e5ngen fr\u00e5n fritidshemmet till korttidstillsyn enligt LLS?<\/span><\/li>\n<li style=\"font-weight: 400\"><span style=\"font-weight: 400\">St\u00e4mmer uppgifterna p\u00e5 kommunens webbplats att verksamheten finns p\u00e5 Fiskgatan i Leksand?<\/span><\/li>\n<li style=\"font-weight: 400\"><span style=\"font-weight: 400\">Hur arbetar kommunen f\u00f6r att systematiskt och fortl\u00f6pande utveckla och s\u00e4kra kvaliteten i verksamheten?<\/span><\/li>\n<\/ul>\n<p>&nbsp;<\/p>\n<p><b>Underskrift<\/b><\/p>\n<p><span style=\"font-weight: 400\">Carin Malm (KD), gruppledare och ledamot i kommunfullm\u00e4ktige<\/span><\/p>\n<p>&nbsp;<\/p>\n<p><a href=\"http:\/\/wp.kristdemokraterna.se\/leksand\/files\/2025\/02\/interpellation-om-kvaliteten-i-kommunens-korttidstillsyn-enligt-lss-kd-leksand.pdf\">Interpellation om kvaliteten i kommunens korttidstillsyn enligt LSS, KD Leksand<\/a><\/p>\n","protected":false},"excerpt":{"rendered":"<p>Bakgrund och motivering LSS, Lag om st\u00f6d och service till viss funktionshindrade\u00a0 (1993:387), fastst\u00e4ller i \u00a7 5 att verksamhet enligt denna lag skall fr\u00e4mja j\u00e4mlikhet i levnadsvillkor och full delaktighet i samh\u00e4llslivet f\u00f6r de personer som omfattas av lagen. Verksamheten skall vara grundad p\u00e5 respekt f\u00f6r den enskildes r\u00e4tt till sj\u00e4lvbest\u00e4mmande och integritet. Den enskilde <a class=\"read-more-link\" href=\"https:\/\/wp.kristdemokraterna.se\/leksand\/var-politik\/motioner\/interpellation-om-kvaliteten-i-kommunens-korttidstillsyn-enligt-lss\/\">Read More<\/a><\/p>\n","protected":false},"author":958,"featured_media":0,"parent":1144,"menu_order":0,"comment_status":"closed","ping_status":"closed","template":"","meta":{"_acf_changed":false,"footnotes":""},"class_list":["post-1339","page","type-page","status-publish","hentry"],"acf":[],"yoast_head":"<!-- This site is optimized with the Yoast SEO plugin v27.4 - https:\/\/yoast.com\/product\/yoast-seo-wordpress\/ -->\n<title>Interpellation om korttidstillsyn - Kristdemokraterna Leksand<\/title>\n<meta name=\"robots\" content=\"index, follow, max-snippet:-1, max-image-preview:large, max-video-preview:-1\" \/>\n<link rel=\"canonical\" href=\"https:\/\/wp.kristdemokraterna.se\/leksand\/var-politik\/motioner\/interpellation-om-kvaliteten-i-kommunens-korttidstillsyn-enligt-lss\/\" \/>\n<meta property=\"og:locale\" content=\"sv_SE\" \/>\n<meta property=\"og:type\" content=\"article\" \/>\n<meta property=\"og:title\" content=\"Interpellation om korttidstillsyn - Kristdemokraterna Leksand\" \/>\n<meta property=\"og:description\" content=\"Bakgrund och motivering LSS, Lag om st\u00f6d och service till viss funktionshindrade\u00a0 (1993:387), fastst\u00e4ller i \u00a7 5 att verksamhet enligt denna lag skall fr\u00e4mja j\u00e4mlikhet i levnadsvillkor och full delaktighet i samh\u00e4llslivet f\u00f6r de personer som omfattas av lagen. Verksamheten skall vara grundad p\u00e5 respekt f\u00f6r den enskildes r\u00e4tt till sj\u00e4lvbest\u00e4mmande och integritet. Den enskilde Read More\" \/>\n<meta property=\"og:url\" content=\"https:\/\/wp.kristdemokraterna.se\/leksand\/var-politik\/motioner\/interpellation-om-kvaliteten-i-kommunens-korttidstillsyn-enligt-lss\/\" \/>\n<meta property=\"og:site_name\" content=\"Kristdemokraterna Leksand\" \/>\n<meta property=\"article:modified_time\" content=\"2025-02-07T10:47:24+00:00\" \/>\n<meta name=\"twitter:card\" content=\"summary_large_image\" \/>\n<meta name=\"twitter:label1\" content=\"Ber\u00e4knad l\u00e4stid\" \/>\n\t<meta name=\"twitter:data1\" content=\"2 minuter\" \/>\n<script type=\"application\/ld+json\" class=\"yoast-schema-graph\">{\"@context\":\"https:\\\/\\\/schema.org\",\"@graph\":[{\"@type\":\"WebPage\",\"@id\":\"https:\\\/\\\/wp.kristdemokraterna.se\\\/leksand\\\/var-politik\\\/motioner\\\/interpellation-om-kvaliteten-i-kommunens-korttidstillsyn-enligt-lss\\\/\",\"url\":\"https:\\\/\\\/wp.kristdemokraterna.se\\\/leksand\\\/var-politik\\\/motioner\\\/interpellation-om-kvaliteten-i-kommunens-korttidstillsyn-enligt-lss\\\/\",\"name\":\"Interpellation om korttidstillsyn - Kristdemokraterna Leksand\",\"isPartOf\":{\"@id\":\"https:\\\/\\\/wp.kristdemokraterna.se\\\/leksand\\\/#website\"},\"datePublished\":\"2024-05-06T09:44:00+00:00\",\"dateModified\":\"2025-02-07T10:47:24+00:00\",\"breadcrumb\":{\"@id\":\"https:\\\/\\\/wp.kristdemokraterna.se\\\/leksand\\\/var-politik\\\/motioner\\\/interpellation-om-kvaliteten-i-kommunens-korttidstillsyn-enligt-lss\\\/#breadcrumb\"},\"inLanguage\":\"sv-SE\",\"potentialAction\":[{\"@type\":\"ReadAction\",\"target\":[\"https:\\\/\\\/wp.kristdemokraterna.se\\\/leksand\\\/var-politik\\\/motioner\\\/interpellation-om-kvaliteten-i-kommunens-korttidstillsyn-enligt-lss\\\/\"]}]},{\"@type\":\"BreadcrumbList\",\"@id\":\"https:\\\/\\\/wp.kristdemokraterna.se\\\/leksand\\\/var-politik\\\/motioner\\\/interpellation-om-kvaliteten-i-kommunens-korttidstillsyn-enligt-lss\\\/#breadcrumb\",\"itemListElement\":[{\"@type\":\"ListItem\",\"position\":1,\"name\":\"Hem\",\"item\":\"https:\\\/\\\/wp.kristdemokraterna.se\\\/leksand\\\/\"},{\"@type\":\"ListItem\",\"position\":2,\"name\":\"V\u00e5r politik\",\"item\":\"https:\\\/\\\/wp.kristdemokraterna.se\\\/leksand\\\/var-politik\\\/\"},{\"@type\":\"ListItem\",\"position\":3,\"name\":\"Motioner och \u00f6vrigt\",\"item\":\"https:\\\/\\\/wp.kristdemokraterna.se\\\/leksand\\\/var-politik\\\/motioner\\\/\"},{\"@type\":\"ListItem\",\"position\":4,\"name\":\"Interpellation om korttidstillsyn\"}]},{\"@type\":\"WebSite\",\"@id\":\"https:\\\/\\\/wp.kristdemokraterna.se\\\/leksand\\\/#website\",\"url\":\"https:\\\/\\\/wp.kristdemokraterna.se\\\/leksand\\\/\",\"name\":\"Kristdemokraterna Leksand\",\"description\":\"Kristdemokratiska lokalavdelningen i Leksand\",\"inLanguage\":\"sv-SE\"}]}<\/script>\n<!-- \/ Yoast SEO plugin. -->","yoast_head_json":{"title":"Interpellation om korttidstillsyn - Kristdemokraterna Leksand","robots":{"index":"index","follow":"follow","max-snippet":"max-snippet:-1","max-image-preview":"max-image-preview:large","max-video-preview":"max-video-preview:-1"},"canonical":"https:\/\/wp.kristdemokraterna.se\/leksand\/var-politik\/motioner\/interpellation-om-kvaliteten-i-kommunens-korttidstillsyn-enligt-lss\/","og_locale":"sv_SE","og_type":"article","og_title":"Interpellation om korttidstillsyn - Kristdemokraterna Leksand","og_description":"Bakgrund och motivering LSS, Lag om st\u00f6d och service till viss funktionshindrade\u00a0 (1993:387), fastst\u00e4ller i \u00a7 5 att verksamhet enligt denna lag skall fr\u00e4mja j\u00e4mlikhet i levnadsvillkor och full delaktighet i samh\u00e4llslivet f\u00f6r de personer som omfattas av lagen. Verksamheten skall vara grundad p\u00e5 respekt f\u00f6r den enskildes r\u00e4tt till sj\u00e4lvbest\u00e4mmande och integritet. Den enskilde Read More","og_url":"https:\/\/wp.kristdemokraterna.se\/leksand\/var-politik\/motioner\/interpellation-om-kvaliteten-i-kommunens-korttidstillsyn-enligt-lss\/","og_site_name":"Kristdemokraterna Leksand","article_modified_time":"2025-02-07T10:47:24+00:00","twitter_card":"summary_large_image","twitter_misc":{"Ber\u00e4knad l\u00e4stid":"2 minuter"},"schema":{"@context":"https:\/\/schema.org","@graph":[{"@type":"WebPage","@id":"https:\/\/wp.kristdemokraterna.se\/leksand\/var-politik\/motioner\/interpellation-om-kvaliteten-i-kommunens-korttidstillsyn-enligt-lss\/","url":"https:\/\/wp.kristdemokraterna.se\/leksand\/var-politik\/motioner\/interpellation-om-kvaliteten-i-kommunens-korttidstillsyn-enligt-lss\/","name":"Interpellation om korttidstillsyn - Kristdemokraterna Leksand","isPartOf":{"@id":"https:\/\/wp.kristdemokraterna.se\/leksand\/#website"},"datePublished":"2024-05-06T09:44:00+00:00","dateModified":"2025-02-07T10:47:24+00:00","breadcrumb":{"@id":"https:\/\/wp.kristdemokraterna.se\/leksand\/var-politik\/motioner\/interpellation-om-kvaliteten-i-kommunens-korttidstillsyn-enligt-lss\/#breadcrumb"},"inLanguage":"sv-SE","potentialAction":[{"@type":"ReadAction","target":["https:\/\/wp.kristdemokraterna.se\/leksand\/var-politik\/motioner\/interpellation-om-kvaliteten-i-kommunens-korttidstillsyn-enligt-lss\/"]}]},{"@type":"BreadcrumbList","@id":"https:\/\/wp.kristdemokraterna.se\/leksand\/var-politik\/motioner\/interpellation-om-kvaliteten-i-kommunens-korttidstillsyn-enligt-lss\/#breadcrumb","itemListElement":[{"@type":"ListItem","position":1,"name":"Hem","item":"https:\/\/wp.kristdemokraterna.se\/leksand\/"},{"@type":"ListItem","position":2,"name":"V\u00e5r politik","item":"https:\/\/wp.kristdemokraterna.se\/leksand\/var-politik\/"},{"@type":"ListItem","position":3,"name":"Motioner och \u00f6vrigt","item":"https:\/\/wp.kristdemokraterna.se\/leksand\/var-politik\/motioner\/"},{"@type":"ListItem","position":4,"name":"Interpellation om korttidstillsyn"}]},{"@type":"WebSite","@id":"https:\/\/wp.kristdemokraterna.se\/leksand\/#website","url":"https:\/\/wp.kristdemokraterna.se\/leksand\/","name":"Kristdemokraterna Leksand","description":"Kristdemokratiska lokalavdelningen i Leksand","inLanguage":"sv-SE"}]}},"_links":{"self":[{"href":"https:\/\/wp.kristdemokraterna.se\/leksand\/wp-json\/wp\/v2\/pages\/1339","targetHints":{"allow":["GET"]}}],"collection":[{"href":"https:\/\/wp.kristdemokraterna.se\/leksand\/wp-json\/wp\/v2\/pages"}],"about":[{"href":"https:\/\/wp.kristdemokraterna.se\/leksand\/wp-json\/wp\/v2\/types\/page"}],"author":[{"embeddable":true,"href":"https:\/\/wp.kristdemokraterna.se\/leksand\/wp-json\/wp\/v2\/users\/958"}],"replies":[{"embeddable":true,"href":"https:\/\/wp.kristdemokraterna.se\/leksand\/wp-json\/wp\/v2\/comments?post=1339"}],"version-history":[{"count":5,"href":"https:\/\/wp.kristdemokraterna.se\/leksand\/wp-json\/wp\/v2\/pages\/1339\/revisions"}],"predecessor-version":[{"id":1345,"href":"https:\/\/wp.kristdemokraterna.se\/leksand\/wp-json\/wp\/v2\/pages\/1339\/revisions\/1345"}],"up":[{"embeddable":true,"href":"https:\/\/wp.kristdemokraterna.se\/leksand\/wp-json\/wp\/v2\/pages\/1144"}],"wp:attachment":[{"href":"https:\/\/wp.kristdemokraterna.se\/leksand\/wp-json\/wp\/v2\/media?parent=1339"}],"curies":[{"name":"wp","href":"https:\/\/api.w.org\/{rel}","templated":true}]}}