{"id":1347,"date":"2024-06-12T11:48:53","date_gmt":"2024-06-12T09:48:53","guid":{"rendered":"https:\/\/wp.kristdemokraterna.se\/leksand\/?page_id=1347"},"modified":"2025-02-07T11:52:20","modified_gmt":"2025-02-07T10:52:20","slug":"fraga-om-hanteringen-av-motioner","status":"publish","type":"page","link":"https:\/\/wp.kristdemokraterna.se\/leksand\/var-politik\/motioner\/fraga-om-hanteringen-av-motioner\/","title":{"rendered":"Fr\u00e5ga om motionshantering"},"content":{"rendered":"<p><b>Inledande f\u00f6rklaring<\/b><\/p>\n<p><span style=\"font-weight: 400\">Enligt 35 \u00a7 i kommunallagen ska en motion om m\u00f6jligt beredas p\u00e5 s\u00e5dant s\u00e4tt att fullm\u00e4ktige kan fatta beslut inom ett \u00e5r fr\u00e5n det att motionen v\u00e4cktes. Om beredningen inte kan avslutas inom denna tid, ska detta och vad som har kommit fram vid beredningen anm\u00e4las till fullm\u00e4ktige inom samma tid.<\/span><\/p>\n<p><span style=\"font-weight: 400\">Inf\u00f6r kommunfullm\u00e4ktiges sammantr\u00e4de den 17 juni finns tio motioner som \u00e4r \u00e4ldre \u00e4n ett \u00e5r och som inte har beretts p\u00e5 detta s\u00e4tt. Vad som har kommit fram vid beredningen har i de flesta fall heller inte anm\u00e4lts. Inf\u00f6r n\u00e4sta sammantr\u00e4de kommer det att vara tretton motioner, den \u00e4ldsta n\u00e4stan tv\u00e5 och ett halvt \u00e5r gammal.<\/span><\/p>\n<p><span style=\"font-weight: 400\">Det \u00e4r sj\u00e4lvklart att kommunen ska f\u00f6lja kommunallagen, men en skyndsam hantering av motioner \u00e4r \u00e4ven beaktansv\u00e4rt av respekt f\u00f6r demokratin och med h\u00e4nsyn till de viktiga fr\u00e5gor som m\u00e5nga av motionerna ber\u00f6r, exempelvis de enskilda v\u00e4garna. Om det inte \u00e4r m\u00f6jligt f\u00f6r kommunen att bereda motioner inom avsedd tid b\u00f6r n\u00e5got g\u00f6ras \u00e5t detta.<\/span><\/p>\n<p>&nbsp;<\/p>\n<p><b>Fr\u00e5ga<\/b><\/p>\n<p><span style=\"font-weight: 400\">Vad \u00e4r f\u00f6rklaringen till att motioner inte har hanterats i enlighet med kommunallagen och vad \u00e4r er plan f\u00f6r att \u00e4ndra p\u00e5 det framledes?<\/span><\/p>\n<p>&nbsp;<\/p>\n<p><b>Underskrift<\/b><\/p>\n<p><span style=\"font-weight: 400\">Carin Malm (KD), gruppledare och ledamot i kommunfullm\u00e4ktige<\/span><\/p>\n<p>&nbsp;<\/p>\n<p><a href=\"http:\/\/wp.kristdemokraterna.se\/leksand\/files\/2025\/02\/fraga-om-hanteringen-av-motioner-kd-leksand.pdf\">Fra\u030aga om hanteringen av motioner, KD Leksand<\/a><\/p>\n","protected":false},"excerpt":{"rendered":"<p>Inledande f\u00f6rklaring Enligt 35 \u00a7 i kommunallagen ska en motion om m\u00f6jligt beredas p\u00e5 s\u00e5dant s\u00e4tt att fullm\u00e4ktige kan fatta beslut inom ett \u00e5r fr\u00e5n det att motionen v\u00e4cktes. Om beredningen inte kan avslutas inom denna tid, ska detta och vad som har kommit fram vid beredningen anm\u00e4las till fullm\u00e4ktige inom samma tid. Inf\u00f6r kommunfullm\u00e4ktiges <a class=\"read-more-link\" href=\"https:\/\/wp.kristdemokraterna.se\/leksand\/var-politik\/motioner\/fraga-om-hanteringen-av-motioner\/\">Read More<\/a><\/p>\n","protected":false},"author":958,"featured_media":0,"parent":1144,"menu_order":0,"comment_status":"closed","ping_status":"closed","template":"","meta":{"_acf_changed":false,"footnotes":""},"class_list":["post-1347","page","type-page","status-publish","hentry"],"acf":[],"yoast_head":"<!-- This site is optimized with the Yoast SEO plugin v27.3 - https:\/\/yoast.com\/product\/yoast-seo-wordpress\/ -->\n<title>Fr\u00e5ga om motionshantering - Kristdemokraterna Leksand<\/title>\n<meta name=\"robots\" content=\"index, follow, max-snippet:-1, max-image-preview:large, max-video-preview:-1\" \/>\n<link rel=\"canonical\" href=\"https:\/\/wp.kristdemokraterna.se\/leksand\/var-politik\/motioner\/fraga-om-hanteringen-av-motioner\/\" \/>\n<meta property=\"og:locale\" content=\"sv_SE\" \/>\n<meta property=\"og:type\" content=\"article\" \/>\n<meta property=\"og:title\" content=\"Fr\u00e5ga om motionshantering - Kristdemokraterna Leksand\" \/>\n<meta property=\"og:description\" content=\"Inledande f\u00f6rklaring Enligt 35 \u00a7 i kommunallagen ska en motion om m\u00f6jligt beredas p\u00e5 s\u00e5dant s\u00e4tt att fullm\u00e4ktige kan fatta beslut inom ett \u00e5r fr\u00e5n det att motionen v\u00e4cktes. Om beredningen inte kan avslutas inom denna tid, ska detta och vad som har kommit fram vid beredningen anm\u00e4las till fullm\u00e4ktige inom samma tid. Inf\u00f6r kommunfullm\u00e4ktiges Read More\" \/>\n<meta property=\"og:url\" content=\"https:\/\/wp.kristdemokraterna.se\/leksand\/var-politik\/motioner\/fraga-om-hanteringen-av-motioner\/\" \/>\n<meta property=\"og:site_name\" content=\"Kristdemokraterna Leksand\" \/>\n<meta property=\"article:modified_time\" content=\"2025-02-07T10:52:20+00:00\" \/>\n<meta name=\"twitter:card\" content=\"summary_large_image\" \/>\n<meta name=\"twitter:label1\" content=\"Ber\u00e4knad l\u00e4stid\" \/>\n\t<meta name=\"twitter:data1\" content=\"2 minuter\" \/>\n<script type=\"application\/ld+json\" class=\"yoast-schema-graph\">{\"@context\":\"https:\\\/\\\/schema.org\",\"@graph\":[{\"@type\":\"WebPage\",\"@id\":\"https:\\\/\\\/wp.kristdemokraterna.se\\\/leksand\\\/var-politik\\\/motioner\\\/fraga-om-hanteringen-av-motioner\\\/\",\"url\":\"https:\\\/\\\/wp.kristdemokraterna.se\\\/leksand\\\/var-politik\\\/motioner\\\/fraga-om-hanteringen-av-motioner\\\/\",\"name\":\"Fr\u00e5ga om motionshantering - Kristdemokraterna Leksand\",\"isPartOf\":{\"@id\":\"https:\\\/\\\/wp.kristdemokraterna.se\\\/leksand\\\/#website\"},\"datePublished\":\"2024-06-12T09:48:53+00:00\",\"dateModified\":\"2025-02-07T10:52:20+00:00\",\"breadcrumb\":{\"@id\":\"https:\\\/\\\/wp.kristdemokraterna.se\\\/leksand\\\/var-politik\\\/motioner\\\/fraga-om-hanteringen-av-motioner\\\/#breadcrumb\"},\"inLanguage\":\"sv-SE\",\"potentialAction\":[{\"@type\":\"ReadAction\",\"target\":[\"https:\\\/\\\/wp.kristdemokraterna.se\\\/leksand\\\/var-politik\\\/motioner\\\/fraga-om-hanteringen-av-motioner\\\/\"]}]},{\"@type\":\"BreadcrumbList\",\"@id\":\"https:\\\/\\\/wp.kristdemokraterna.se\\\/leksand\\\/var-politik\\\/motioner\\\/fraga-om-hanteringen-av-motioner\\\/#breadcrumb\",\"itemListElement\":[{\"@type\":\"ListItem\",\"position\":1,\"name\":\"Hem\",\"item\":\"https:\\\/\\\/wp.kristdemokraterna.se\\\/leksand\\\/\"},{\"@type\":\"ListItem\",\"position\":2,\"name\":\"V\u00e5r politik\",\"item\":\"https:\\\/\\\/wp.kristdemokraterna.se\\\/leksand\\\/var-politik\\\/\"},{\"@type\":\"ListItem\",\"position\":3,\"name\":\"Motioner och \u00f6vrigt\",\"item\":\"https:\\\/\\\/wp.kristdemokraterna.se\\\/leksand\\\/var-politik\\\/motioner\\\/\"},{\"@type\":\"ListItem\",\"position\":4,\"name\":\"Fr\u00e5ga om motionshantering\"}]},{\"@type\":\"WebSite\",\"@id\":\"https:\\\/\\\/wp.kristdemokraterna.se\\\/leksand\\\/#website\",\"url\":\"https:\\\/\\\/wp.kristdemokraterna.se\\\/leksand\\\/\",\"name\":\"Kristdemokraterna Leksand\",\"description\":\"Kristdemokratiska lokalavdelningen i Leksand\",\"inLanguage\":\"sv-SE\"}]}<\/script>\n<!-- \/ Yoast SEO plugin. -->","yoast_head_json":{"title":"Fr\u00e5ga om motionshantering - Kristdemokraterna Leksand","robots":{"index":"index","follow":"follow","max-snippet":"max-snippet:-1","max-image-preview":"max-image-preview:large","max-video-preview":"max-video-preview:-1"},"canonical":"https:\/\/wp.kristdemokraterna.se\/leksand\/var-politik\/motioner\/fraga-om-hanteringen-av-motioner\/","og_locale":"sv_SE","og_type":"article","og_title":"Fr\u00e5ga om motionshantering - Kristdemokraterna Leksand","og_description":"Inledande f\u00f6rklaring Enligt 35 \u00a7 i kommunallagen ska en motion om m\u00f6jligt beredas p\u00e5 s\u00e5dant s\u00e4tt att fullm\u00e4ktige kan fatta beslut inom ett \u00e5r fr\u00e5n det att motionen v\u00e4cktes. Om beredningen inte kan avslutas inom denna tid, ska detta och vad som har kommit fram vid beredningen anm\u00e4las till fullm\u00e4ktige inom samma tid. Inf\u00f6r kommunfullm\u00e4ktiges Read More","og_url":"https:\/\/wp.kristdemokraterna.se\/leksand\/var-politik\/motioner\/fraga-om-hanteringen-av-motioner\/","og_site_name":"Kristdemokraterna Leksand","article_modified_time":"2025-02-07T10:52:20+00:00","twitter_card":"summary_large_image","twitter_misc":{"Ber\u00e4knad l\u00e4stid":"2 minuter"},"schema":{"@context":"https:\/\/schema.org","@graph":[{"@type":"WebPage","@id":"https:\/\/wp.kristdemokraterna.se\/leksand\/var-politik\/motioner\/fraga-om-hanteringen-av-motioner\/","url":"https:\/\/wp.kristdemokraterna.se\/leksand\/var-politik\/motioner\/fraga-om-hanteringen-av-motioner\/","name":"Fr\u00e5ga om motionshantering - Kristdemokraterna Leksand","isPartOf":{"@id":"https:\/\/wp.kristdemokraterna.se\/leksand\/#website"},"datePublished":"2024-06-12T09:48:53+00:00","dateModified":"2025-02-07T10:52:20+00:00","breadcrumb":{"@id":"https:\/\/wp.kristdemokraterna.se\/leksand\/var-politik\/motioner\/fraga-om-hanteringen-av-motioner\/#breadcrumb"},"inLanguage":"sv-SE","potentialAction":[{"@type":"ReadAction","target":["https:\/\/wp.kristdemokraterna.se\/leksand\/var-politik\/motioner\/fraga-om-hanteringen-av-motioner\/"]}]},{"@type":"BreadcrumbList","@id":"https:\/\/wp.kristdemokraterna.se\/leksand\/var-politik\/motioner\/fraga-om-hanteringen-av-motioner\/#breadcrumb","itemListElement":[{"@type":"ListItem","position":1,"name":"Hem","item":"https:\/\/wp.kristdemokraterna.se\/leksand\/"},{"@type":"ListItem","position":2,"name":"V\u00e5r politik","item":"https:\/\/wp.kristdemokraterna.se\/leksand\/var-politik\/"},{"@type":"ListItem","position":3,"name":"Motioner och \u00f6vrigt","item":"https:\/\/wp.kristdemokraterna.se\/leksand\/var-politik\/motioner\/"},{"@type":"ListItem","position":4,"name":"Fr\u00e5ga om motionshantering"}]},{"@type":"WebSite","@id":"https:\/\/wp.kristdemokraterna.se\/leksand\/#website","url":"https:\/\/wp.kristdemokraterna.se\/leksand\/","name":"Kristdemokraterna Leksand","description":"Kristdemokratiska lokalavdelningen i Leksand","inLanguage":"sv-SE"}]}},"_links":{"self":[{"href":"https:\/\/wp.kristdemokraterna.se\/leksand\/wp-json\/wp\/v2\/pages\/1347","targetHints":{"allow":["GET"]}}],"collection":[{"href":"https:\/\/wp.kristdemokraterna.se\/leksand\/wp-json\/wp\/v2\/pages"}],"about":[{"href":"https:\/\/wp.kristdemokraterna.se\/leksand\/wp-json\/wp\/v2\/types\/page"}],"author":[{"embeddable":true,"href":"https:\/\/wp.kristdemokraterna.se\/leksand\/wp-json\/wp\/v2\/users\/958"}],"replies":[{"embeddable":true,"href":"https:\/\/wp.kristdemokraterna.se\/leksand\/wp-json\/wp\/v2\/comments?post=1347"}],"version-history":[{"count":2,"href":"https:\/\/wp.kristdemokraterna.se\/leksand\/wp-json\/wp\/v2\/pages\/1347\/revisions"}],"predecessor-version":[{"id":1354,"href":"https:\/\/wp.kristdemokraterna.se\/leksand\/wp-json\/wp\/v2\/pages\/1347\/revisions\/1354"}],"up":[{"embeddable":true,"href":"https:\/\/wp.kristdemokraterna.se\/leksand\/wp-json\/wp\/v2\/pages\/1144"}],"wp:attachment":[{"href":"https:\/\/wp.kristdemokraterna.se\/leksand\/wp-json\/wp\/v2\/media?parent=1347"}],"curies":[{"name":"wp","href":"https:\/\/api.w.org\/{rel}","templated":true}]}}