{"id":1357,"date":"2024-11-25T11:54:09","date_gmt":"2024-11-25T10:54:09","guid":{"rendered":"https:\/\/wp.kristdemokraterna.se\/leksand\/?page_id=1357"},"modified":"2025-02-07T11:55:00","modified_gmt":"2025-02-07T10:55:00","slug":"yrkande-om-fastighetspolicy","status":"publish","type":"page","link":"https:\/\/wp.kristdemokraterna.se\/leksand\/var-politik\/motioner\/yrkande-om-fastighetspolicy\/","title":{"rendered":"Yrkande om fastighetspolicy"},"content":{"rendered":"<table>\n<tbody>\n<tr>\n<td><b>F\u00f6rslag till beslut<\/b><\/p>\n<p><span>Kristdemokraternas f\u00f6rslag till beslut:\u00a0<\/span><\/p>\n<p><span>Att under rubrik <\/span><b>2 Styrprinciper<\/b><span>, l\u00e4gga till en punkt enligt nedan.<\/span><\/p>\n<p><b>2.5 Tillg\u00e4nglighet<\/b><\/p>\n<p><span>Alla lokaler ska i m\u00f6jligaste m\u00e5n vara tillg\u00e4nglighetsanpassade. Tillg\u00e4ngliga lokaler inneb\u00e4r bland annat att personer med funktionsneds\u00e4ttning kan ta sig in i byggnaden, r\u00f6ra sig i lokalerna och att det g\u00e5r att utrymma lokalerna vid en n\u00f6dsituation. En god fysisk tillg\u00e4nglighet \u00e4r en f\u00f6ruts\u00e4ttning f\u00f6r att alla ska kunna vara delaktiga i samh\u00e4llet p\u00e5 lika villkor.<\/span><\/td>\n<\/tr>\n<\/tbody>\n<\/table>\n<p>&nbsp;<\/p>\n<p><span style=\"font-weight: 400\">Leksands kommuns program f\u00f6r fr\u00e4mjande av funktionsnedsattas livsvillkor syftar till att kommunen i m\u00f6jligaste m\u00e5n ska identifiera och undanr\u00f6ja specifika hinder f\u00f6r dessa personer. P\u00e5 s\u00e5 s\u00e4tt b\u00f6r kommunens arbete f\u00f6r funktionsnedsatta personer leda till att alla ska kunna ta del av kommunens tj\u00e4nster, service och verksamhet samt att fler personer med funktionsneds\u00e4ttning ska anst\u00e4llas i kommunen.<\/span><\/p>\n<p><span style=\"font-weight: 400\">Fr\u00e4mst handlar det om bristande tillg\u00e4nglighet och anpassning av omgivningen. En funktionsneds\u00e4ttning i sig sj\u00e4lv beh\u00f6ver allts\u00e5 inte vara ett funktionshinder. Ett funktionshinder \u00e4r inte en egenskap hos den enskilde utan det \u00e4r i m\u00f6tet med samh\u00e4llet, milj\u00f6n och omgivningen som ett funktionshinder uppst\u00e5r.<\/span><\/p>\n<p><span style=\"font-weight: 400\">Utifr\u00e5n FN:s konvention om r\u00e4ttigheter f\u00f6r personer med funktionsneds\u00e4ttning d\u00e4r tillg\u00e4nglighet \u00e4r en viktig punkt yrkar kristdemokraterna att en punkt om tillg\u00e4nglighet skrivs in i kommunens Fastighet och lokalf\u00f6rs\u00f6rjningspolicy.<\/span><\/p>\n<p>&nbsp;<\/p>\n<p><b>Underskrift<\/b><\/p>\n<p><span style=\"font-weight: 400\">Carin Malm (KD), gruppledare och ledamot i kommunfullm\u00e4ktige<\/span><\/p>\n<p>&nbsp;<\/p>\n<p><a href=\"http:\/\/wp.kristdemokraterna.se\/leksand\/files\/2025\/02\/andringsyrkande-fastighets-och-lokalpolicy.pdf\">A\u0308ndringsyrkande fastighets och lokalpolicy<\/a><\/p>\n","protected":false},"excerpt":{"rendered":"<p>F\u00f6rslag till beslut Kristdemokraternas f\u00f6rslag till beslut:\u00a0 Att under rubrik 2 Styrprinciper, l\u00e4gga till en punkt enligt nedan. 2.5 Tillg\u00e4nglighet Alla lokaler ska i m\u00f6jligaste m\u00e5n vara tillg\u00e4nglighetsanpassade. Tillg\u00e4ngliga lokaler inneb\u00e4r bland annat att personer med funktionsneds\u00e4ttning kan ta sig in i byggnaden, r\u00f6ra sig i lokalerna och att det g\u00e5r att utrymma lokalerna vid <a class=\"read-more-link\" href=\"https:\/\/wp.kristdemokraterna.se\/leksand\/var-politik\/motioner\/yrkande-om-fastighetspolicy\/\">Read More<\/a><\/p>\n","protected":false},"author":958,"featured_media":0,"parent":1144,"menu_order":0,"comment_status":"closed","ping_status":"closed","template":"","meta":{"_acf_changed":false,"footnotes":""},"class_list":["post-1357","page","type-page","status-publish","hentry"],"acf":[],"yoast_head":"<!-- This site is optimized with the Yoast SEO plugin v27.4 - https:\/\/yoast.com\/product\/yoast-seo-wordpress\/ -->\n<title>Yrkande om fastighetspolicy - Kristdemokraterna Leksand<\/title>\n<meta name=\"robots\" content=\"index, follow, max-snippet:-1, max-image-preview:large, max-video-preview:-1\" \/>\n<link rel=\"canonical\" href=\"https:\/\/wp.kristdemokraterna.se\/leksand\/var-politik\/motioner\/yrkande-om-fastighetspolicy\/\" \/>\n<meta property=\"og:locale\" content=\"sv_SE\" \/>\n<meta property=\"og:type\" content=\"article\" \/>\n<meta property=\"og:title\" content=\"Yrkande om fastighetspolicy - Kristdemokraterna Leksand\" \/>\n<meta property=\"og:description\" content=\"F\u00f6rslag till beslut Kristdemokraternas f\u00f6rslag till beslut:\u00a0 Att under rubrik 2 Styrprinciper, l\u00e4gga till en punkt enligt nedan. 2.5 Tillg\u00e4nglighet Alla lokaler ska i m\u00f6jligaste m\u00e5n vara tillg\u00e4nglighetsanpassade. Tillg\u00e4ngliga lokaler inneb\u00e4r bland annat att personer med funktionsneds\u00e4ttning kan ta sig in i byggnaden, r\u00f6ra sig i lokalerna och att det g\u00e5r att utrymma lokalerna vid Read More\" \/>\n<meta property=\"og:url\" content=\"https:\/\/wp.kristdemokraterna.se\/leksand\/var-politik\/motioner\/yrkande-om-fastighetspolicy\/\" \/>\n<meta property=\"og:site_name\" content=\"Kristdemokraterna Leksand\" \/>\n<meta property=\"article:modified_time\" content=\"2025-02-07T10:55:00+00:00\" \/>\n<meta name=\"twitter:card\" content=\"summary_large_image\" \/>\n<meta name=\"twitter:label1\" content=\"Ber\u00e4knad l\u00e4stid\" \/>\n\t<meta name=\"twitter:data1\" content=\"2 minuter\" \/>\n<script type=\"application\/ld+json\" class=\"yoast-schema-graph\">{\"@context\":\"https:\\\/\\\/schema.org\",\"@graph\":[{\"@type\":\"WebPage\",\"@id\":\"https:\\\/\\\/wp.kristdemokraterna.se\\\/leksand\\\/var-politik\\\/motioner\\\/yrkande-om-fastighetspolicy\\\/\",\"url\":\"https:\\\/\\\/wp.kristdemokraterna.se\\\/leksand\\\/var-politik\\\/motioner\\\/yrkande-om-fastighetspolicy\\\/\",\"name\":\"Yrkande om fastighetspolicy - Kristdemokraterna Leksand\",\"isPartOf\":{\"@id\":\"https:\\\/\\\/wp.kristdemokraterna.se\\\/leksand\\\/#website\"},\"datePublished\":\"2024-11-25T10:54:09+00:00\",\"dateModified\":\"2025-02-07T10:55:00+00:00\",\"breadcrumb\":{\"@id\":\"https:\\\/\\\/wp.kristdemokraterna.se\\\/leksand\\\/var-politik\\\/motioner\\\/yrkande-om-fastighetspolicy\\\/#breadcrumb\"},\"inLanguage\":\"sv-SE\",\"potentialAction\":[{\"@type\":\"ReadAction\",\"target\":[\"https:\\\/\\\/wp.kristdemokraterna.se\\\/leksand\\\/var-politik\\\/motioner\\\/yrkande-om-fastighetspolicy\\\/\"]}]},{\"@type\":\"BreadcrumbList\",\"@id\":\"https:\\\/\\\/wp.kristdemokraterna.se\\\/leksand\\\/var-politik\\\/motioner\\\/yrkande-om-fastighetspolicy\\\/#breadcrumb\",\"itemListElement\":[{\"@type\":\"ListItem\",\"position\":1,\"name\":\"Hem\",\"item\":\"https:\\\/\\\/wp.kristdemokraterna.se\\\/leksand\\\/\"},{\"@type\":\"ListItem\",\"position\":2,\"name\":\"V\u00e5r politik\",\"item\":\"https:\\\/\\\/wp.kristdemokraterna.se\\\/leksand\\\/var-politik\\\/\"},{\"@type\":\"ListItem\",\"position\":3,\"name\":\"Motioner och \u00f6vrigt\",\"item\":\"https:\\\/\\\/wp.kristdemokraterna.se\\\/leksand\\\/var-politik\\\/motioner\\\/\"},{\"@type\":\"ListItem\",\"position\":4,\"name\":\"Yrkande om fastighetspolicy\"}]},{\"@type\":\"WebSite\",\"@id\":\"https:\\\/\\\/wp.kristdemokraterna.se\\\/leksand\\\/#website\",\"url\":\"https:\\\/\\\/wp.kristdemokraterna.se\\\/leksand\\\/\",\"name\":\"Kristdemokraterna Leksand\",\"description\":\"Kristdemokratiska lokalavdelningen i Leksand\",\"inLanguage\":\"sv-SE\"}]}<\/script>\n<!-- \/ Yoast SEO plugin. -->","yoast_head_json":{"title":"Yrkande om fastighetspolicy - Kristdemokraterna Leksand","robots":{"index":"index","follow":"follow","max-snippet":"max-snippet:-1","max-image-preview":"max-image-preview:large","max-video-preview":"max-video-preview:-1"},"canonical":"https:\/\/wp.kristdemokraterna.se\/leksand\/var-politik\/motioner\/yrkande-om-fastighetspolicy\/","og_locale":"sv_SE","og_type":"article","og_title":"Yrkande om fastighetspolicy - Kristdemokraterna Leksand","og_description":"F\u00f6rslag till beslut Kristdemokraternas f\u00f6rslag till beslut:\u00a0 Att under rubrik 2 Styrprinciper, l\u00e4gga till en punkt enligt nedan. 2.5 Tillg\u00e4nglighet Alla lokaler ska i m\u00f6jligaste m\u00e5n vara tillg\u00e4nglighetsanpassade. Tillg\u00e4ngliga lokaler inneb\u00e4r bland annat att personer med funktionsneds\u00e4ttning kan ta sig in i byggnaden, r\u00f6ra sig i lokalerna och att det g\u00e5r att utrymma lokalerna vid Read More","og_url":"https:\/\/wp.kristdemokraterna.se\/leksand\/var-politik\/motioner\/yrkande-om-fastighetspolicy\/","og_site_name":"Kristdemokraterna Leksand","article_modified_time":"2025-02-07T10:55:00+00:00","twitter_card":"summary_large_image","twitter_misc":{"Ber\u00e4knad l\u00e4stid":"2 minuter"},"schema":{"@context":"https:\/\/schema.org","@graph":[{"@type":"WebPage","@id":"https:\/\/wp.kristdemokraterna.se\/leksand\/var-politik\/motioner\/yrkande-om-fastighetspolicy\/","url":"https:\/\/wp.kristdemokraterna.se\/leksand\/var-politik\/motioner\/yrkande-om-fastighetspolicy\/","name":"Yrkande om fastighetspolicy - Kristdemokraterna Leksand","isPartOf":{"@id":"https:\/\/wp.kristdemokraterna.se\/leksand\/#website"},"datePublished":"2024-11-25T10:54:09+00:00","dateModified":"2025-02-07T10:55:00+00:00","breadcrumb":{"@id":"https:\/\/wp.kristdemokraterna.se\/leksand\/var-politik\/motioner\/yrkande-om-fastighetspolicy\/#breadcrumb"},"inLanguage":"sv-SE","potentialAction":[{"@type":"ReadAction","target":["https:\/\/wp.kristdemokraterna.se\/leksand\/var-politik\/motioner\/yrkande-om-fastighetspolicy\/"]}]},{"@type":"BreadcrumbList","@id":"https:\/\/wp.kristdemokraterna.se\/leksand\/var-politik\/motioner\/yrkande-om-fastighetspolicy\/#breadcrumb","itemListElement":[{"@type":"ListItem","position":1,"name":"Hem","item":"https:\/\/wp.kristdemokraterna.se\/leksand\/"},{"@type":"ListItem","position":2,"name":"V\u00e5r politik","item":"https:\/\/wp.kristdemokraterna.se\/leksand\/var-politik\/"},{"@type":"ListItem","position":3,"name":"Motioner och \u00f6vrigt","item":"https:\/\/wp.kristdemokraterna.se\/leksand\/var-politik\/motioner\/"},{"@type":"ListItem","position":4,"name":"Yrkande om fastighetspolicy"}]},{"@type":"WebSite","@id":"https:\/\/wp.kristdemokraterna.se\/leksand\/#website","url":"https:\/\/wp.kristdemokraterna.se\/leksand\/","name":"Kristdemokraterna Leksand","description":"Kristdemokratiska lokalavdelningen i Leksand","inLanguage":"sv-SE"}]}},"_links":{"self":[{"href":"https:\/\/wp.kristdemokraterna.se\/leksand\/wp-json\/wp\/v2\/pages\/1357","targetHints":{"allow":["GET"]}}],"collection":[{"href":"https:\/\/wp.kristdemokraterna.se\/leksand\/wp-json\/wp\/v2\/pages"}],"about":[{"href":"https:\/\/wp.kristdemokraterna.se\/leksand\/wp-json\/wp\/v2\/types\/page"}],"author":[{"embeddable":true,"href":"https:\/\/wp.kristdemokraterna.se\/leksand\/wp-json\/wp\/v2\/users\/958"}],"replies":[{"embeddable":true,"href":"https:\/\/wp.kristdemokraterna.se\/leksand\/wp-json\/wp\/v2\/comments?post=1357"}],"version-history":[{"count":1,"href":"https:\/\/wp.kristdemokraterna.se\/leksand\/wp-json\/wp\/v2\/pages\/1357\/revisions"}],"predecessor-version":[{"id":1359,"href":"https:\/\/wp.kristdemokraterna.se\/leksand\/wp-json\/wp\/v2\/pages\/1357\/revisions\/1359"}],"up":[{"embeddable":true,"href":"https:\/\/wp.kristdemokraterna.se\/leksand\/wp-json\/wp\/v2\/pages\/1144"}],"wp:attachment":[{"href":"https:\/\/wp.kristdemokraterna.se\/leksand\/wp-json\/wp\/v2\/media?parent=1357"}],"curies":[{"name":"wp","href":"https:\/\/api.w.org\/{rel}","templated":true}]}}