{"id":1360,"date":"2024-11-25T11:55:42","date_gmt":"2024-11-25T10:55:42","guid":{"rendered":"https:\/\/wp.kristdemokraterna.se\/leksand\/?page_id=1360"},"modified":"2025-02-07T11:56:38","modified_gmt":"2025-02-07T10:56:38","slug":"yrkande-om-parkeringsprogram","status":"publish","type":"page","link":"https:\/\/wp.kristdemokraterna.se\/leksand\/var-politik\/motioner\/yrkande-om-parkeringsprogram\/","title":{"rendered":"Yrkande om parkeringsprogram"},"content":{"rendered":"<table style=\"font-size: 16px\">\n<tbody>\n<tr>\n<td><b>F\u00f6rslag till beslut<\/b><\/p>\n<p>Kristdemokraternas f\u00f6rslag till beslut:<\/p>\n<p>Att under rubrik 7.2.1 Utvidgning av nuvarande parkeringsf\u00f6rbud l\u00e4gga till f\u00f6ljande<br \/>\ni slutet av stycket: \u201cD\u00e4rtill b\u00f6r tillskapande av nya parkeringsplatser utredas i de omr\u00e5den d\u00e4r parkeringsf\u00f6rbud r\u00e5der eller eventuellt f\u00f6resl\u00e5s inf\u00f6ras.\u201d<\/td>\n<\/tr>\n<\/tbody>\n<\/table>\n<p>&nbsp;<\/p>\n<p><span style=\"font-weight: 400\">I parkeringsprogrammet beskrivs en tilltagande gatuparkering i bostadsomr\u00e5den som problematisk, i norra delen av Leksands t\u00e4tort. Utredning av parkeringsf\u00f6rbud i dessa omr\u00e5den f\u00f6resl\u00e5s, vilket enligt oss ska undvikas s\u00e5 l\u00e5ngt som m\u00f6jligt.<\/span><\/p>\n<p><span style=\"font-weight: 400\">En tilltagande gatuparkering beror sj\u00e4lvklart p\u00e5 ett v\u00e4xande behov. D\u00e4rf\u00f6r menar vi att \u00e4ven tillskapande av nya parkeringsplatser b\u00f6r utredas. Boende i omr\u00e5det ska fortsatt kunna ta emot tillf\u00e4lliga bes\u00f6kare, och dessa beh\u00f6ver n\u00e5gonstans att parkera.<\/span><\/p>\n<p>&nbsp;<\/p>\n<p><b>Underskrift<\/b><\/p>\n<p><span style=\"font-weight: 400\">Carin Malm (KD), gruppledare och ledamot i kommunfullm\u00e4ktige<\/span><\/p>\n<p>&nbsp;<\/p>\n<p><a href=\"http:\/\/wp.kristdemokraterna.se\/leksand\/files\/2025\/02\/andringsyrkande-parkeringsprogram.pdf\">A\u0308ndringsyrkande parkeringsprogram<\/a><\/p>\n","protected":false},"excerpt":{"rendered":"<p>F\u00f6rslag till beslut Kristdemokraternas f\u00f6rslag till beslut: Att under rubrik 7.2.1 Utvidgning av nuvarande parkeringsf\u00f6rbud l\u00e4gga till f\u00f6ljande i slutet av stycket: \u201cD\u00e4rtill b\u00f6r tillskapande av nya parkeringsplatser utredas i de omr\u00e5den d\u00e4r parkeringsf\u00f6rbud r\u00e5der eller eventuellt f\u00f6resl\u00e5s inf\u00f6ras.\u201d &nbsp; I parkeringsprogrammet beskrivs en tilltagande gatuparkering i bostadsomr\u00e5den som problematisk, i norra delen av Leksands <a class=\"read-more-link\" href=\"https:\/\/wp.kristdemokraterna.se\/leksand\/var-politik\/motioner\/yrkande-om-parkeringsprogram\/\">Read More<\/a><\/p>\n","protected":false},"author":958,"featured_media":0,"parent":1144,"menu_order":0,"comment_status":"closed","ping_status":"closed","template":"","meta":{"_acf_changed":false,"footnotes":""},"class_list":["post-1360","page","type-page","status-publish","hentry"],"acf":[],"yoast_head":"<!-- This site is optimized with the Yoast SEO plugin v27.3 - https:\/\/yoast.com\/product\/yoast-seo-wordpress\/ -->\n<title>Yrkande om parkeringsprogram - Kristdemokraterna Leksand<\/title>\n<meta name=\"robots\" content=\"index, follow, max-snippet:-1, max-image-preview:large, max-video-preview:-1\" \/>\n<link rel=\"canonical\" href=\"https:\/\/wp.kristdemokraterna.se\/leksand\/var-politik\/motioner\/yrkande-om-parkeringsprogram\/\" \/>\n<meta property=\"og:locale\" content=\"sv_SE\" \/>\n<meta property=\"og:type\" content=\"article\" \/>\n<meta property=\"og:title\" content=\"Yrkande om parkeringsprogram - Kristdemokraterna Leksand\" \/>\n<meta property=\"og:description\" content=\"F\u00f6rslag till beslut Kristdemokraternas f\u00f6rslag till beslut: Att under rubrik 7.2.1 Utvidgning av nuvarande parkeringsf\u00f6rbud l\u00e4gga till f\u00f6ljande i slutet av stycket: \u201cD\u00e4rtill b\u00f6r tillskapande av nya parkeringsplatser utredas i de omr\u00e5den d\u00e4r parkeringsf\u00f6rbud r\u00e5der eller eventuellt f\u00f6resl\u00e5s inf\u00f6ras.\u201d &nbsp; I parkeringsprogrammet beskrivs en tilltagande gatuparkering i bostadsomr\u00e5den som problematisk, i norra delen av Leksands Read More\" \/>\n<meta property=\"og:url\" content=\"https:\/\/wp.kristdemokraterna.se\/leksand\/var-politik\/motioner\/yrkande-om-parkeringsprogram\/\" \/>\n<meta property=\"og:site_name\" content=\"Kristdemokraterna Leksand\" \/>\n<meta property=\"article:modified_time\" content=\"2025-02-07T10:56:38+00:00\" \/>\n<meta name=\"twitter:card\" content=\"summary_large_image\" \/>\n<meta name=\"twitter:label1\" content=\"Ber\u00e4knad l\u00e4stid\" \/>\n\t<meta name=\"twitter:data1\" content=\"1 minut\" \/>\n<script type=\"application\/ld+json\" class=\"yoast-schema-graph\">{\"@context\":\"https:\\\/\\\/schema.org\",\"@graph\":[{\"@type\":\"WebPage\",\"@id\":\"https:\\\/\\\/wp.kristdemokraterna.se\\\/leksand\\\/var-politik\\\/motioner\\\/yrkande-om-parkeringsprogram\\\/\",\"url\":\"https:\\\/\\\/wp.kristdemokraterna.se\\\/leksand\\\/var-politik\\\/motioner\\\/yrkande-om-parkeringsprogram\\\/\",\"name\":\"Yrkande om parkeringsprogram - Kristdemokraterna Leksand\",\"isPartOf\":{\"@id\":\"https:\\\/\\\/wp.kristdemokraterna.se\\\/leksand\\\/#website\"},\"datePublished\":\"2024-11-25T10:55:42+00:00\",\"dateModified\":\"2025-02-07T10:56:38+00:00\",\"breadcrumb\":{\"@id\":\"https:\\\/\\\/wp.kristdemokraterna.se\\\/leksand\\\/var-politik\\\/motioner\\\/yrkande-om-parkeringsprogram\\\/#breadcrumb\"},\"inLanguage\":\"sv-SE\",\"potentialAction\":[{\"@type\":\"ReadAction\",\"target\":[\"https:\\\/\\\/wp.kristdemokraterna.se\\\/leksand\\\/var-politik\\\/motioner\\\/yrkande-om-parkeringsprogram\\\/\"]}]},{\"@type\":\"BreadcrumbList\",\"@id\":\"https:\\\/\\\/wp.kristdemokraterna.se\\\/leksand\\\/var-politik\\\/motioner\\\/yrkande-om-parkeringsprogram\\\/#breadcrumb\",\"itemListElement\":[{\"@type\":\"ListItem\",\"position\":1,\"name\":\"Hem\",\"item\":\"https:\\\/\\\/wp.kristdemokraterna.se\\\/leksand\\\/\"},{\"@type\":\"ListItem\",\"position\":2,\"name\":\"V\u00e5r politik\",\"item\":\"https:\\\/\\\/wp.kristdemokraterna.se\\\/leksand\\\/var-politik\\\/\"},{\"@type\":\"ListItem\",\"position\":3,\"name\":\"Motioner och \u00f6vrigt\",\"item\":\"https:\\\/\\\/wp.kristdemokraterna.se\\\/leksand\\\/var-politik\\\/motioner\\\/\"},{\"@type\":\"ListItem\",\"position\":4,\"name\":\"Yrkande om parkeringsprogram\"}]},{\"@type\":\"WebSite\",\"@id\":\"https:\\\/\\\/wp.kristdemokraterna.se\\\/leksand\\\/#website\",\"url\":\"https:\\\/\\\/wp.kristdemokraterna.se\\\/leksand\\\/\",\"name\":\"Kristdemokraterna Leksand\",\"description\":\"Kristdemokratiska lokalavdelningen i Leksand\",\"inLanguage\":\"sv-SE\"}]}<\/script>\n<!-- \/ Yoast SEO plugin. -->","yoast_head_json":{"title":"Yrkande om parkeringsprogram - Kristdemokraterna Leksand","robots":{"index":"index","follow":"follow","max-snippet":"max-snippet:-1","max-image-preview":"max-image-preview:large","max-video-preview":"max-video-preview:-1"},"canonical":"https:\/\/wp.kristdemokraterna.se\/leksand\/var-politik\/motioner\/yrkande-om-parkeringsprogram\/","og_locale":"sv_SE","og_type":"article","og_title":"Yrkande om parkeringsprogram - Kristdemokraterna Leksand","og_description":"F\u00f6rslag till beslut Kristdemokraternas f\u00f6rslag till beslut: Att under rubrik 7.2.1 Utvidgning av nuvarande parkeringsf\u00f6rbud l\u00e4gga till f\u00f6ljande i slutet av stycket: \u201cD\u00e4rtill b\u00f6r tillskapande av nya parkeringsplatser utredas i de omr\u00e5den d\u00e4r parkeringsf\u00f6rbud r\u00e5der eller eventuellt f\u00f6resl\u00e5s inf\u00f6ras.\u201d &nbsp; I parkeringsprogrammet beskrivs en tilltagande gatuparkering i bostadsomr\u00e5den som problematisk, i norra delen av Leksands Read More","og_url":"https:\/\/wp.kristdemokraterna.se\/leksand\/var-politik\/motioner\/yrkande-om-parkeringsprogram\/","og_site_name":"Kristdemokraterna Leksand","article_modified_time":"2025-02-07T10:56:38+00:00","twitter_card":"summary_large_image","twitter_misc":{"Ber\u00e4knad l\u00e4stid":"1 minut"},"schema":{"@context":"https:\/\/schema.org","@graph":[{"@type":"WebPage","@id":"https:\/\/wp.kristdemokraterna.se\/leksand\/var-politik\/motioner\/yrkande-om-parkeringsprogram\/","url":"https:\/\/wp.kristdemokraterna.se\/leksand\/var-politik\/motioner\/yrkande-om-parkeringsprogram\/","name":"Yrkande om parkeringsprogram - Kristdemokraterna Leksand","isPartOf":{"@id":"https:\/\/wp.kristdemokraterna.se\/leksand\/#website"},"datePublished":"2024-11-25T10:55:42+00:00","dateModified":"2025-02-07T10:56:38+00:00","breadcrumb":{"@id":"https:\/\/wp.kristdemokraterna.se\/leksand\/var-politik\/motioner\/yrkande-om-parkeringsprogram\/#breadcrumb"},"inLanguage":"sv-SE","potentialAction":[{"@type":"ReadAction","target":["https:\/\/wp.kristdemokraterna.se\/leksand\/var-politik\/motioner\/yrkande-om-parkeringsprogram\/"]}]},{"@type":"BreadcrumbList","@id":"https:\/\/wp.kristdemokraterna.se\/leksand\/var-politik\/motioner\/yrkande-om-parkeringsprogram\/#breadcrumb","itemListElement":[{"@type":"ListItem","position":1,"name":"Hem","item":"https:\/\/wp.kristdemokraterna.se\/leksand\/"},{"@type":"ListItem","position":2,"name":"V\u00e5r politik","item":"https:\/\/wp.kristdemokraterna.se\/leksand\/var-politik\/"},{"@type":"ListItem","position":3,"name":"Motioner och \u00f6vrigt","item":"https:\/\/wp.kristdemokraterna.se\/leksand\/var-politik\/motioner\/"},{"@type":"ListItem","position":4,"name":"Yrkande om parkeringsprogram"}]},{"@type":"WebSite","@id":"https:\/\/wp.kristdemokraterna.se\/leksand\/#website","url":"https:\/\/wp.kristdemokraterna.se\/leksand\/","name":"Kristdemokraterna Leksand","description":"Kristdemokratiska lokalavdelningen i Leksand","inLanguage":"sv-SE"}]}},"_links":{"self":[{"href":"https:\/\/wp.kristdemokraterna.se\/leksand\/wp-json\/wp\/v2\/pages\/1360","targetHints":{"allow":["GET"]}}],"collection":[{"href":"https:\/\/wp.kristdemokraterna.se\/leksand\/wp-json\/wp\/v2\/pages"}],"about":[{"href":"https:\/\/wp.kristdemokraterna.se\/leksand\/wp-json\/wp\/v2\/types\/page"}],"author":[{"embeddable":true,"href":"https:\/\/wp.kristdemokraterna.se\/leksand\/wp-json\/wp\/v2\/users\/958"}],"replies":[{"embeddable":true,"href":"https:\/\/wp.kristdemokraterna.se\/leksand\/wp-json\/wp\/v2\/comments?post=1360"}],"version-history":[{"count":1,"href":"https:\/\/wp.kristdemokraterna.se\/leksand\/wp-json\/wp\/v2\/pages\/1360\/revisions"}],"predecessor-version":[{"id":1362,"href":"https:\/\/wp.kristdemokraterna.se\/leksand\/wp-json\/wp\/v2\/pages\/1360\/revisions\/1362"}],"up":[{"embeddable":true,"href":"https:\/\/wp.kristdemokraterna.se\/leksand\/wp-json\/wp\/v2\/pages\/1144"}],"wp:attachment":[{"href":"https:\/\/wp.kristdemokraterna.se\/leksand\/wp-json\/wp\/v2\/media?parent=1360"}],"curies":[{"name":"wp","href":"https:\/\/api.w.org\/{rel}","templated":true}]}}