{"id":1368,"date":"2024-12-01T12:00:34","date_gmt":"2024-12-01T11:00:34","guid":{"rendered":"https:\/\/wp.kristdemokraterna.se\/leksand\/?page_id=1368"},"modified":"2025-02-07T12:03:34","modified_gmt":"2025-02-07T11:03:34","slug":"synpunkter-pa-kulturpolitiskt-program","status":"publish","type":"page","link":"https:\/\/wp.kristdemokraterna.se\/leksand\/var-politik\/motioner\/synpunkter-pa-kulturpolitiskt-program\/","title":{"rendered":"Synpunkter p\u00e5 kulturpolitiskt program"},"content":{"rendered":"<h3><span style=\"font-weight: 400\">Kristdemokraternas yttrande g\u00e4llande K<\/span><span style=\"font-weight: 400\">ulturpolitiskt program <\/span><span style=\"font-weight: 400\">Leksands kommun 2024\u00a0<\/span><\/h3>\n<p>&nbsp;<\/p>\n<p><span style=\"font-weight: 400\">Kristdemokraterna har tagit del av f\u00f6rslaget till Kulturpolitiskt program f\u00f6r Leksands kommun. I stort \u00e4r vi positiva till programmet och hur det har tagits fram. Vi har dock n\u00e5gra synpunkter som beh\u00f6ver beaktas.<\/span><\/p>\n<p><span style=\"font-weight: 400\">\u00a0<\/span><\/p>\n<p><b>1 Inledning till Kulturpolitiskt Program f\u00f6r Leksands kommun<\/b><\/p>\n<p><span style=\"font-weight: 400\">H\u00e4r n\u00e4mns den nationella kulturpolitikens tio omr\u00e5den. \u00c4ven det \u00f6vergripande nationella m\u00e5len <\/span><i><span style=\"font-weight: 400\">\u201dKulturen ska vara en dynamisk, utmanande och obunden kraft med yttrandefriheten som grund. Alla ska ha m\u00f6jlighet att delta i kulturlivet. Kreativitet, m\u00e5ngfald och konstn\u00e4rlig kvalitet ska pr\u00e4gla utvecklingen\u201d<\/span><\/i><\/p>\n<p><i><span style=\"font-weight: 400\">\u00a0<\/span><\/i><\/p>\n<p><span style=\"font-weight: 400\">Kristdemokraterna anser att det finns risk f\u00f6r att tappa mycket av den nationella politikens fokus, d\u00e5 man valt att g\u00f6ra programmet mer hanterbart genom att endast fokusera p\u00e5 fem m\u00e5lomr\u00e5den.<\/span><\/p>\n<p><span style=\"font-weight: 400\">\u00a0<\/span><\/p>\n<p><b>2 Tillg\u00e4nglighet<\/b><\/p>\n<p><span style=\"font-weight: 400\">I m\u00e5lformuleringen n\u00e4mns att ett s\u00e4rskilt fokus ska vara p\u00e5 de prioriterade m\u00e5lgrupperna.<\/span><\/p>\n<p><span style=\"font-weight: 400\">H\u00e4r \u00e4r det otydligt vilka de prioriterade m\u00e5lgrupperna \u00e4r.<\/span><\/p>\n<p><span style=\"font-weight: 400\">\u00a0<\/span><\/p>\n<p><span style=\"font-weight: 400\">Under rubriken <\/span><b>Fysisk tillg\u00e4nglighet<\/b><span style=\"font-weight: 400\">, anv\u00e4nds begreppet funktionsvariationer.<\/span><\/p>\n<p><span style=\"font-weight: 400\">Kristdemokraterna anser att begreppet \u201dfunktionsvariationer\u201d \u00e4r otydligt d\u00e5 det inte har n\u00e5gon entydig definition. Att anv\u00e4nda begreppet funktionsvariation synonymt med funktionsneds\u00e4ttning riskerar att f\u00f6rminska de sv\u00e5righeter som m\u00e5nga personer med funktionsneds\u00e4ttning upplever. Kristdemokraterna anser d\u00e4rf\u00f6r att i detta sammanhang ska begreppet funktionsneds\u00e4ttning anv\u00e4ndas.<\/span><\/p>\n<p><span style=\"font-weight: 400\">\u00a0<\/span><\/p>\n<p><span style=\"font-weight: 400\">Under rubriken <\/span><b>Ekonomisk tillg\u00e4nglighet<\/b><span style=\"font-weight: 400\">, st\u00e5r att kulturaktiviteter ska vara kostnadsfria s\u00e5 l\u00e5ngt det \u00e4r m\u00f6jligt.<\/span><\/p>\n<p><span style=\"font-weight: 400\">\u00a0<\/span><\/p>\n<p><span style=\"font-weight: 400\">Kristdemokraterna anser att det \u00e4r otydligt vad som menas med detta. Vi ser g\u00e4rna att det specificeras vilka grupper som ska erbjudas kostnadsfria kulturaktiviteter och vilken typ av kulturaktiviteter som detta ska g\u00e4lla.<\/span><\/p>\n<p><i><span style=\"font-weight: 400\">\u00a0<\/span><\/i><\/p>\n<p><b>8 Folkbibliotek<\/b><\/p>\n<p><span style=\"font-weight: 400\">Under denna rubrik saknas ett tydligt formulerat m\u00e5l.<\/span><\/p>\n<p>&nbsp;<\/p>\n<p><b>10 Gestaltad livsmilj\u00f6<\/b><\/p>\n<p><span style=\"font-weight: 400\">Kristdemokraterna saknar en beskrivning om vad kommunen menar med gestaltad livsmilj\u00f6 samt ett mer tydligt formulerat m\u00e5l under denna rubrik. Att h\u00e4nvisa till ett f\u00f6rslag p\u00e5 ny \u00f6versiktsplan i ett kulturpolitiskt program \u00e4r inte bra.<\/span><\/p>\n<p><span style=\"font-weight: 400\">\u00a0\u00a0<\/span><\/p>\n<p><b>11 Samverkan och dialog<\/b><\/p>\n<p><span style=\"font-weight: 400\">Kristdemokraterna menar att \u00e4ven under denna rubrik b\u00f6r ett m\u00e5l och viljeinriktning formuleras.<\/span><\/p>\n<p><span style=\"font-weight: 400\">\u00a0<\/span><\/p>\n<p><b>\u00d6vrigt<\/b><\/p>\n<p><span style=\"font-weight: 400\">Kristdemokraterna saknar helt omr\u00e5det <\/span><b>Nationella minoriteter<\/b><span style=\"font-weight: 400\"> i programmet.<\/span><\/p>\n<p><span style=\"font-weight: 400\">\u00a0<\/span><\/p>\n<p><span style=\"font-weight: 400\">\u201d<\/span><b>Leksands kommuns riktlinje <\/b><b>f\u00f6r minoritetsfr\u00e5gor och teckenspr\u00e5k\u201d<\/b><span style=\"font-weight: 400\"> tydligg\u00f6r<\/span><span style=\"font-weight: 400\"> kommuns ansvar n\u00e4r det g\u00e4ller nationella minoriteter, minoritetsspr\u00e5ken samt det svenska teckenspr\u00e5ket i linje med g\u00e4llande konventioner och lagstiftning. D\u00e4r st\u00e5r bland annat att kommunen ska ansvara f\u00f6r att<\/span><\/p>\n<ul>\n<li><span style=\"font-weight: 400\"> fr\u00e4mja de nationella minoriteternas m\u00f6jligheter att beh\u00e5lla och utveckla sin kultur och att anv\u00e4nda det egna minoritetsspr\u00e5ket med s\u00e4rskilt fokus p\u00e5 barn,<\/span><\/li>\n<li><span style=\"font-weight: 400\"> erbjuda litteratur p\u00e5 minoritetsspr\u00e5ken p\u00e5 kommunens samtliga folkbibliotek.<\/span><\/li>\n<\/ul>\n<p><span style=\"font-weight: 400\">\u00a0<\/span><\/p>\n<p><i><span style=\"font-weight: 400\">Ur Riktlinje f\u00f6r minoritetsfr\u00e5gor och teckenspr\u00e5k Leksands kommun<\/span><\/i><\/p>\n<p><b><i>\u00a0<\/i><\/b><\/p>\n<p><i><span style=\"font-weight: 400\">4 Riktlinje f\u00f6r minoritetsfr\u00e5gor Leksands kommun<\/span><\/i><\/p>\n<p><i><span style=\"font-weight: 400\">\u00a0<\/span><\/i><\/p>\n<p><i><span style=\"font-weight: 400\">4.1 Syfte Syftet med riktlinjen \u00e4r att tydligg\u00f6ra Leksands kommuns ansvar n\u00e4r det g\u00e4ller nationella minoriteter, minoritetsspr\u00e5ken samt det svenska teckenspr\u00e5ket i linje med g\u00e4llande konventioner och lagstiftning.<\/span><\/i><\/p>\n<p><i><span style=\"font-weight: 400\">\u00a0<\/span><\/i><\/p>\n<p><i><span style=\"font-weight: 400\">4.2 M\u00e5l M\u00e5let \u00e4r att skydda de nationella minoriteterna, att st\u00e4rka m\u00f6jligheterna f\u00f6r minoritetsgrupperna att vara delaktiga, st\u00f6dja minoritetsspr\u00e5ken s\u00e5 att de h\u00e5lls levande samt tillgodoser spr\u00e5kbehoven f\u00f6r teckenspr\u00e5kiga personer. M\u00e5l och delm\u00e5l ska integreras i verksamhetsdokument f\u00f6r m\u00e4nskliga r\u00e4ttigheter, demokratifr\u00e5gor, social h\u00e5llbarhet, folkh\u00e4lsa med mera, och i verksamhetsplaner f\u00f6r sektorer och utskott\/n\u00e4mnd.<\/span><\/i><\/p>\n<p><i><span style=\"font-weight: 400\">\u00a0<\/span><\/i><\/p>\n<p><i><span style=\"font-weight: 400\">4.3 Avgr\u00e4nsning Denna riktlinje utg\u00f6r ett styrdokument och f\u00f6rh\u00e5ller sig \u00f6vergripande till de allm\u00e4nna best\u00e4mmelserna i minoritetslagen samt spr\u00e5klagen i allm\u00e4nhet och i de delar som r\u00f6r det svenska teckenspr\u00e5ket.<\/span><\/i><\/p>\n<p><i><span style=\"font-weight: 400\">Riktlinjen avgr\u00e4nsas d\u00e4rmed utifr\u00e5n att Leksands kommun inte ing\u00e5r i ett, enligt minoritetslagen specificerat, f\u00f6rvaltningsomr\u00e5de och d\u00e4rmed inte ber\u00f6rs av de s\u00e4rskilda best\u00e4mmelserna f\u00f6r ett s\u00e5dant.<\/span><\/i><\/p>\n<p><i><span style=\"font-weight: 400\">\u00a0<\/span><\/i><\/p>\n<p><i><span style=\"font-weight: 400\">5.1 Information om r\u00e4ttigheter<\/span><\/i><\/p>\n<p><i><span style=\"font-weight: 400\">Leksands kommun ska:<\/span><\/i><\/p>\n<ul>\n<li><i><span style=\"font-weight: 400\"> Informera de nationella minoriteterna och teckenspr\u00e5kiga personer om deras r\u00e4ttigheter och vilket ansvar kommunen har i enlighet med aktuell lagstiftning. Informationen ska vara tillg\u00e4nglig p\u00e5 kommunens hemsida. Kommunstyrelsen ansvarar f\u00f6r att generell information finns tillg\u00e4nglig.<\/span><\/i><\/li>\n<\/ul>\n<p><i><span style=\"font-weight: 400\">\u00a0<\/span><\/i><\/p>\n<p><i><span style=\"font-weight: 400\">5.2 Spr\u00e5k och kultur<\/span><\/i><\/p>\n<p><i><span style=\"font-weight: 400\">R\u00e4ttigheterna n\u00e4r det g\u00e4ller spr\u00e5k och kultur regleras, f\u00f6rutom i minoritetslagen, \u00e4ven i spr\u00e5klagen (2009:600), skollagen (2010:800), skolf\u00f6rordningen (2011:185), bibliotekslagen (2013:801) och lag (2018:1197) om F\u00f6renta nationernas konvention om barns r\u00e4ttigheter.<\/span><\/i><\/p>\n<p><i><span style=\"font-weight: 400\">\u00a0<\/span><\/i><\/p>\n<p><i><span style=\"font-weight: 400\">Leksands kommun ansvarar f\u00f6r att:<\/span><\/i><\/p>\n<ul>\n<li><i><span style=\"font-weight: 400\"> elever inom grundskolan, anpassad grundskola, gymnasieskolan och anpassad gymnasieskola som tillh\u00f6r n\u00e5gon av de nationella minoriteterna erbjuds modersm\u00e5lsundervisning i elevens nationella minoritetsspr\u00e5k<\/span><\/i><\/li>\n<li><i><span style=\"font-weight: 400\"> teckenspr\u00e5ksundervisning erbjuds s\u00e5som modersm\u00e5l, enligt kommunens riktlinjer, dvs. det kr\u00e4vs minst fem elever som \u00f6nskar det och att det finns en l\u00e4mplig l\u00e4rare att tillg\u00e5,<\/span><\/i><\/li>\n<li><i><span style=\"font-weight: 400\"> information om r\u00e4tten till modersm\u00e5lsundervisning i nationella minoritetsspr\u00e5k, samt att information om r\u00e4tten till teckenspr\u00e5ksundervisning enligt skolf\u00f6rordningen och l\u00e4roplanen f\u00f6r f\u00f6rskolan ges till v\u00e5rdnadshavare<\/span><\/i><\/li>\n<li><i><span style=\"font-weight: 400\"> fr\u00e4mja de nationella minoriteternas m\u00f6jligheter att beh\u00e5lla och utveckla sin kultur och att anv\u00e4nda det egna minoritetsspr\u00e5ket med s\u00e4rskilt fokus p\u00e5 barn,<\/span><\/i><\/li>\n<li><i><span style=\"font-weight: 400\"> erbjuda litteratur p\u00e5 minoritetsspr\u00e5ken p\u00e5 kommunens samtliga folkbibliotek.<\/span><\/i><\/li>\n<\/ul>\n<p><b><i>\u00a0<\/i><\/b><\/p>\n<p><i><span style=\"font-weight: 400\">5.3 Delaktighet<\/span><\/i><\/p>\n<p><i><span style=\"font-weight: 400\">Leksands kommun ska:<\/span><\/i><\/p>\n<ul>\n<li><i><span style=\"font-weight: 400\"> ge m\u00e4nniskor som ing\u00e5r i de nationella minoritetsgrupperna och teckenspr\u00e5kiga personer m\u00f6jlighet till inflytande i fr\u00e5gor som ber\u00f6r dem,<\/span><\/i><\/li>\n<li><i><span style=\"font-weight: 400\"> erbjuda samr\u00e5d med representanter f\u00f6r minoritetsgrupper och teckenspr\u00e5kiga personer i fr\u00e5gor som ber\u00f6r dem,<\/span><\/i><\/li>\n<\/ul>\n<p><i><span style=\"font-weight: 400\">fr\u00e4mja barns och ungas m\u00f6jligheter till inflytande och, om samr\u00e5d p\u00e5kallas, anpassa formerna f\u00f6r samr\u00e5d s\u00e5 att det passar barns och ungas f\u00f6ruts\u00e4ttningar,<\/span><\/i><\/p>\n<ul>\n<li><i><span style=\"font-weight: 400\"> kommunstyrelsen\/utskott\/sektor kan genomf\u00f6ra samr\u00e5d p\u00e5 eget initiativ. En minoritetsgrupp eller flera minoritetsgrupper samt teckenspr\u00e5kiga personer kan framf\u00f6ra \u00f6nskem\u00e5l om att ha samr\u00e5d i en specifik fr\u00e5ga och d\u00e5 ska detta genomf\u00f6ras i den m\u00e5n det \u00e4r m\u00f6jligt.<\/span><\/i><\/li>\n<\/ul>\n<p><i><span style=\"font-weight: 400\">\u00a0<\/span><\/i><\/p>\n<p><i><span style=\"font-weight: 400\">6 \u00c4ldreomsorg p\u00e5 minoritetsspr\u00e5k<\/span><\/i><\/p>\n<p><i><span style=\"font-weight: 400\">F\u00f6rutom minoritetslagen s\u00e5 regleras \u00e4ldres r\u00e4ttigheter inom ramen f\u00f6r \u00e4ldreomsorgen som tillh\u00f6r en nationell minoritet \u00e4ven i socialtj\u00e4nstlagen (2001:453).<\/span><\/i><\/p>\n<p><i><span style=\"font-weight: 400\">Leksands kommun ska:<\/span><\/i><\/p>\n<ul>\n<li><i><span style=\"font-weight: 400\"> erbjuda den som beg\u00e4r det m\u00f6jlighet att f\u00e5 hela eller en v\u00e4sentlig del av den service och omv\u00e5rdnad som erbjuds inom ramen f\u00f6r \u00e4ldreomsorgen av personal som beh\u00e4rskar finska, jiddisch, me\u00e4nkieli, romani chib, samiska eller teckenspr\u00e5k, om kommunen har tillg\u00e5ng till personal med s\u00e5dana spr\u00e5kkunskaper och vill anv\u00e4nda spr\u00e5ket i tj\u00e4nsten,<\/span><\/i><\/li>\n<li><i><span style=\"font-weight: 400\"> beakta de \u00e4ldres behov av att uppr\u00e4tth\u00e5lla sin kulturella identitet inom \u00e4ldreomsorgen,<\/span><\/i><\/li>\n<li><i><span style=\"font-weight: 400\"> informera den som ans\u00f6ker om bist\u00e5nd inom ramen f\u00f6r \u00e4ldreomsorg om de m\u00f6jligheter som finns,<\/span><\/i><\/li>\n<li><i><span style=\"font-weight: 400\"> verka f\u00f6r att det finns tillg\u00e5ng till personal med kunskaper i finska, jiddisch, me\u00e4nkieli, romani chib, samiska eller teckenspr\u00e5k d\u00e4r detta beh\u00f6vs i omv\u00e5rdnaden av \u00e4ldre m\u00e4nniskor.<\/span><\/i><\/li>\n<\/ul>\n<p><i><span style=\"font-weight: 400\">\u00a0<\/span><\/i><\/p>\n<p><span style=\"font-weight: 400\">Carin Malm<\/span><\/p>\n<p><span style=\"font-weight: 400\">Gruppledare f\u00f6r Kristdemokraterna i Leksand<\/span><\/p>\n<p>&nbsp;<\/p>\n<p><a href=\"http:\/\/wp.kristdemokraterna.se\/leksand\/files\/2025\/02\/kristdemokraternas-yttrande-gallande.pdf\">Kristdemokraternas yttrande ga\u0308llande det kulturpolitiska programmet<\/a><\/p>\n","protected":false},"excerpt":{"rendered":"<p>Kristdemokraternas yttrande g\u00e4llande Kulturpolitiskt program Leksands kommun 2024\u00a0 &nbsp; Kristdemokraterna har tagit del av f\u00f6rslaget till Kulturpolitiskt program f\u00f6r Leksands kommun. I stort \u00e4r vi positiva till programmet och hur det har tagits fram. Vi har dock n\u00e5gra synpunkter som beh\u00f6ver beaktas. \u00a0 1 Inledning till Kulturpolitiskt Program f\u00f6r Leksands kommun H\u00e4r n\u00e4mns den nationella <a class=\"read-more-link\" href=\"https:\/\/wp.kristdemokraterna.se\/leksand\/var-politik\/motioner\/synpunkter-pa-kulturpolitiskt-program\/\">Read More<\/a><\/p>\n","protected":false},"author":958,"featured_media":0,"parent":1144,"menu_order":0,"comment_status":"closed","ping_status":"closed","template":"","meta":{"_acf_changed":false,"footnotes":""},"class_list":["post-1368","page","type-page","status-publish","hentry"],"acf":[],"yoast_head":"<!-- This site is optimized with the Yoast SEO plugin v27.4 - https:\/\/yoast.com\/product\/yoast-seo-wordpress\/ -->\n<title>Synpunkter p\u00e5 kulturpolitiskt program - Kristdemokraterna Leksand<\/title>\n<meta name=\"robots\" content=\"index, follow, max-snippet:-1, max-image-preview:large, max-video-preview:-1\" \/>\n<link rel=\"canonical\" href=\"https:\/\/wp.kristdemokraterna.se\/leksand\/var-politik\/motioner\/synpunkter-pa-kulturpolitiskt-program\/\" \/>\n<meta property=\"og:locale\" content=\"sv_SE\" \/>\n<meta property=\"og:type\" content=\"article\" \/>\n<meta property=\"og:title\" content=\"Synpunkter p\u00e5 kulturpolitiskt program - Kristdemokraterna Leksand\" \/>\n<meta property=\"og:description\" content=\"Kristdemokraternas yttrande g\u00e4llande Kulturpolitiskt program Leksands kommun 2024\u00a0 &nbsp; Kristdemokraterna har tagit del av f\u00f6rslaget till Kulturpolitiskt program f\u00f6r Leksands kommun. I stort \u00e4r vi positiva till programmet och hur det har tagits fram. Vi har dock n\u00e5gra synpunkter som beh\u00f6ver beaktas. \u00a0 1 Inledning till Kulturpolitiskt Program f\u00f6r Leksands kommun H\u00e4r n\u00e4mns den nationella Read More\" \/>\n<meta property=\"og:url\" content=\"https:\/\/wp.kristdemokraterna.se\/leksand\/var-politik\/motioner\/synpunkter-pa-kulturpolitiskt-program\/\" \/>\n<meta property=\"og:site_name\" content=\"Kristdemokraterna Leksand\" \/>\n<meta property=\"article:modified_time\" content=\"2025-02-07T11:03:34+00:00\" \/>\n<meta name=\"twitter:card\" content=\"summary_large_image\" \/>\n<meta name=\"twitter:label1\" content=\"Ber\u00e4knad l\u00e4stid\" \/>\n\t<meta name=\"twitter:data1\" content=\"5 minuter\" \/>\n<script type=\"application\/ld+json\" class=\"yoast-schema-graph\">{\"@context\":\"https:\\\/\\\/schema.org\",\"@graph\":[{\"@type\":\"WebPage\",\"@id\":\"https:\\\/\\\/wp.kristdemokraterna.se\\\/leksand\\\/var-politik\\\/motioner\\\/synpunkter-pa-kulturpolitiskt-program\\\/\",\"url\":\"https:\\\/\\\/wp.kristdemokraterna.se\\\/leksand\\\/var-politik\\\/motioner\\\/synpunkter-pa-kulturpolitiskt-program\\\/\",\"name\":\"Synpunkter p\u00e5 kulturpolitiskt program - Kristdemokraterna Leksand\",\"isPartOf\":{\"@id\":\"https:\\\/\\\/wp.kristdemokraterna.se\\\/leksand\\\/#website\"},\"datePublished\":\"2024-12-01T11:00:34+00:00\",\"dateModified\":\"2025-02-07T11:03:34+00:00\",\"breadcrumb\":{\"@id\":\"https:\\\/\\\/wp.kristdemokraterna.se\\\/leksand\\\/var-politik\\\/motioner\\\/synpunkter-pa-kulturpolitiskt-program\\\/#breadcrumb\"},\"inLanguage\":\"sv-SE\",\"potentialAction\":[{\"@type\":\"ReadAction\",\"target\":[\"https:\\\/\\\/wp.kristdemokraterna.se\\\/leksand\\\/var-politik\\\/motioner\\\/synpunkter-pa-kulturpolitiskt-program\\\/\"]}]},{\"@type\":\"BreadcrumbList\",\"@id\":\"https:\\\/\\\/wp.kristdemokraterna.se\\\/leksand\\\/var-politik\\\/motioner\\\/synpunkter-pa-kulturpolitiskt-program\\\/#breadcrumb\",\"itemListElement\":[{\"@type\":\"ListItem\",\"position\":1,\"name\":\"Hem\",\"item\":\"https:\\\/\\\/wp.kristdemokraterna.se\\\/leksand\\\/\"},{\"@type\":\"ListItem\",\"position\":2,\"name\":\"V\u00e5r politik\",\"item\":\"https:\\\/\\\/wp.kristdemokraterna.se\\\/leksand\\\/var-politik\\\/\"},{\"@type\":\"ListItem\",\"position\":3,\"name\":\"Motioner och \u00f6vrigt\",\"item\":\"https:\\\/\\\/wp.kristdemokraterna.se\\\/leksand\\\/var-politik\\\/motioner\\\/\"},{\"@type\":\"ListItem\",\"position\":4,\"name\":\"Synpunkter p\u00e5 kulturpolitiskt program\"}]},{\"@type\":\"WebSite\",\"@id\":\"https:\\\/\\\/wp.kristdemokraterna.se\\\/leksand\\\/#website\",\"url\":\"https:\\\/\\\/wp.kristdemokraterna.se\\\/leksand\\\/\",\"name\":\"Kristdemokraterna Leksand\",\"description\":\"Kristdemokratiska lokalavdelningen i Leksand\",\"inLanguage\":\"sv-SE\"}]}<\/script>\n<!-- \/ Yoast SEO plugin. -->","yoast_head_json":{"title":"Synpunkter p\u00e5 kulturpolitiskt program - Kristdemokraterna Leksand","robots":{"index":"index","follow":"follow","max-snippet":"max-snippet:-1","max-image-preview":"max-image-preview:large","max-video-preview":"max-video-preview:-1"},"canonical":"https:\/\/wp.kristdemokraterna.se\/leksand\/var-politik\/motioner\/synpunkter-pa-kulturpolitiskt-program\/","og_locale":"sv_SE","og_type":"article","og_title":"Synpunkter p\u00e5 kulturpolitiskt program - Kristdemokraterna Leksand","og_description":"Kristdemokraternas yttrande g\u00e4llande Kulturpolitiskt program Leksands kommun 2024\u00a0 &nbsp; Kristdemokraterna har tagit del av f\u00f6rslaget till Kulturpolitiskt program f\u00f6r Leksands kommun. I stort \u00e4r vi positiva till programmet och hur det har tagits fram. Vi har dock n\u00e5gra synpunkter som beh\u00f6ver beaktas. \u00a0 1 Inledning till Kulturpolitiskt Program f\u00f6r Leksands kommun H\u00e4r n\u00e4mns den nationella Read More","og_url":"https:\/\/wp.kristdemokraterna.se\/leksand\/var-politik\/motioner\/synpunkter-pa-kulturpolitiskt-program\/","og_site_name":"Kristdemokraterna Leksand","article_modified_time":"2025-02-07T11:03:34+00:00","twitter_card":"summary_large_image","twitter_misc":{"Ber\u00e4knad l\u00e4stid":"5 minuter"},"schema":{"@context":"https:\/\/schema.org","@graph":[{"@type":"WebPage","@id":"https:\/\/wp.kristdemokraterna.se\/leksand\/var-politik\/motioner\/synpunkter-pa-kulturpolitiskt-program\/","url":"https:\/\/wp.kristdemokraterna.se\/leksand\/var-politik\/motioner\/synpunkter-pa-kulturpolitiskt-program\/","name":"Synpunkter p\u00e5 kulturpolitiskt program - Kristdemokraterna Leksand","isPartOf":{"@id":"https:\/\/wp.kristdemokraterna.se\/leksand\/#website"},"datePublished":"2024-12-01T11:00:34+00:00","dateModified":"2025-02-07T11:03:34+00:00","breadcrumb":{"@id":"https:\/\/wp.kristdemokraterna.se\/leksand\/var-politik\/motioner\/synpunkter-pa-kulturpolitiskt-program\/#breadcrumb"},"inLanguage":"sv-SE","potentialAction":[{"@type":"ReadAction","target":["https:\/\/wp.kristdemokraterna.se\/leksand\/var-politik\/motioner\/synpunkter-pa-kulturpolitiskt-program\/"]}]},{"@type":"BreadcrumbList","@id":"https:\/\/wp.kristdemokraterna.se\/leksand\/var-politik\/motioner\/synpunkter-pa-kulturpolitiskt-program\/#breadcrumb","itemListElement":[{"@type":"ListItem","position":1,"name":"Hem","item":"https:\/\/wp.kristdemokraterna.se\/leksand\/"},{"@type":"ListItem","position":2,"name":"V\u00e5r politik","item":"https:\/\/wp.kristdemokraterna.se\/leksand\/var-politik\/"},{"@type":"ListItem","position":3,"name":"Motioner och \u00f6vrigt","item":"https:\/\/wp.kristdemokraterna.se\/leksand\/var-politik\/motioner\/"},{"@type":"ListItem","position":4,"name":"Synpunkter p\u00e5 kulturpolitiskt program"}]},{"@type":"WebSite","@id":"https:\/\/wp.kristdemokraterna.se\/leksand\/#website","url":"https:\/\/wp.kristdemokraterna.se\/leksand\/","name":"Kristdemokraterna Leksand","description":"Kristdemokratiska lokalavdelningen i Leksand","inLanguage":"sv-SE"}]}},"_links":{"self":[{"href":"https:\/\/wp.kristdemokraterna.se\/leksand\/wp-json\/wp\/v2\/pages\/1368","targetHints":{"allow":["GET"]}}],"collection":[{"href":"https:\/\/wp.kristdemokraterna.se\/leksand\/wp-json\/wp\/v2\/pages"}],"about":[{"href":"https:\/\/wp.kristdemokraterna.se\/leksand\/wp-json\/wp\/v2\/types\/page"}],"author":[{"embeddable":true,"href":"https:\/\/wp.kristdemokraterna.se\/leksand\/wp-json\/wp\/v2\/users\/958"}],"replies":[{"embeddable":true,"href":"https:\/\/wp.kristdemokraterna.se\/leksand\/wp-json\/wp\/v2\/comments?post=1368"}],"version-history":[{"count":1,"href":"https:\/\/wp.kristdemokraterna.se\/leksand\/wp-json\/wp\/v2\/pages\/1368\/revisions"}],"predecessor-version":[{"id":1370,"href":"https:\/\/wp.kristdemokraterna.se\/leksand\/wp-json\/wp\/v2\/pages\/1368\/revisions\/1370"}],"up":[{"embeddable":true,"href":"https:\/\/wp.kristdemokraterna.se\/leksand\/wp-json\/wp\/v2\/pages\/1144"}],"wp:attachment":[{"href":"https:\/\/wp.kristdemokraterna.se\/leksand\/wp-json\/wp\/v2\/media?parent=1368"}],"curies":[{"name":"wp","href":"https:\/\/api.w.org\/{rel}","templated":true}]}}