{"id":1371,"date":"2025-02-07T12:05:14","date_gmt":"2025-02-07T11:05:14","guid":{"rendered":"https:\/\/wp.kristdemokraterna.se\/leksand\/?page_id=1371"},"modified":"2025-02-07T12:06:46","modified_gmt":"2025-02-07T11:06:46","slug":"yrkande-om-detaljplan-for-containerterminal","status":"publish","type":"page","link":"https:\/\/wp.kristdemokraterna.se\/leksand\/var-politik\/motioner\/yrkande-om-detaljplan-for-containerterminal\/","title":{"rendered":"Yrkande om detaljplan f\u00f6r containerterminal"},"content":{"rendered":"<table style=\"font-size: 16px\">\n<tbody>\n<tr>\n<td><b>F\u00f6rslag till beslut<\/b><\/p>\n<p>Vi f\u00f6resl\u00e5r kommunfullm\u00e4ktige besluta:<\/p>\n<p><b>Att<\/b> \u00e5terremittera \u00e4rendet om detaljplan f\u00f6r containerterminalen f\u00f6r f\u00f6ljande kompletteringar och ytterligare beredning:<\/p>\n<ol>\n<li>En barnkonsekvensanalys<\/li>\n<li>En f\u00f6rdjupad bulleranalys och en plan f\u00f6r bullerskydd<\/li>\n<li>En f\u00f6rdjupad landskapsanalys och en plan f\u00f6r visuellt skydd<\/li>\n<li>En plan f\u00f6r en v\u00e4ndplats v\u00e4ster om j\u00e4rnv\u00e4gs\u00f6verg\u00e5ngen<\/li>\n<li>En utredning om containerterminalens p\u00e5verkan p\u00e5 j\u00e4rnv\u00e4gs\u00f6verg\u00e5ngen<\/li>\n<li>En plan f\u00f6r en ny v\u00e4g samt g\u00e5ng- och cykelv\u00e4g till bad- och b\u00e5tplatsen<\/li>\n<li>En utredning om en minskning av planomr\u00e5dets storlek<\/li>\n<li>En ut\u00f6kning av buffertzonen mellan terminalomr\u00e5det och v\u00e4gen till bad- och b\u00e5tplatsen<\/li>\n<\/ol>\n<p>\u00c5terremissen syftar till att s\u00e4kerst\u00e4lla att beslutet fattas p\u00e5 en fullgod grund och att samh\u00e4llets intressen avseende livsmilj\u00f6, friluftsliv och rekreation tillgodoses.<\/td>\n<\/tr>\n<\/tbody>\n<\/table>\n<p>&nbsp;<\/p>\n<p><span style=\"font-weight: 400\">Kristdemokraterna inst\u00e4mmer med kommunen i att det finns samh\u00e4llsintressen f\u00f6r Insj\u00f6n, Leksands kommun och regionen kopplade till denna detaljplan, fr\u00e4mst ekonomiska s\u00e5dana. Vi menar dock att det \u00e4ven finns intressen avseende livsmilj\u00f6, friluftsliv och rekreation som nuvarande f\u00f6rslag inte tar tillr\u00e4cklig h\u00e4nsyn till.<\/span><\/p>\n<p><span style=\"font-weight: 400\">I \u00e4rendets handlingar framg\u00e5r f\u00f6ljande: \u201cFr\u00e5gan om insj\u00f6bornas tillg\u00e5ng till natur- och rekreationsomr\u00e5den, samt bad- och b\u00e5tplats, \u00e4r av h\u00f6g prioritet. Det \u00e4r dock inte en fr\u00e5ga som kan l\u00f6sas inom aktuellt planarbete.\u201c Vi menar tv\u00e4rtom att detta m\u00e5ste beaktas i planarbetet.<\/span><\/p>\n<p><span style=\"font-weight: 400\">Den synpunkten delar vi med \u00c5hls hembygdsf\u00f6rening som bland annat framf\u00f6rde f\u00f6ljande i samr\u00e5det: \u201cInnan utvidgningen av terminalen genomf\u00f6rs m\u00e5ste en l\u00f6sning av en f\u00f6rbindelse till bad- och sm\u00e5b\u00e5tshamnen vara genomf\u00f6rd. Fr\u00e5gan har behandlats i m\u00e5nga \u00e5r utan att n\u00e5got av de alternativ som f\u00f6reslagits har genomf\u00f6rts.\u201d<\/span><\/p>\n<p><span style=\"font-weight: 400\">Detta syns\u00e4tt menar vi \u00e4ven f\u00e5r st\u00f6d av kommunens program \u201cEtt milj\u00f6m\u00e4ssigt h\u00e5llbart Leksand\u201d, i vilket f\u00f6ljande fastsl\u00e5s: \u201cSj\u00f6arna och vattendragen i kommunen utg\u00f6r en stor tillg\u00e5ng f\u00f6r rekreation och friluftsliv \u00e5ret om och nyttjas flitigt f\u00f6r bad, fiske och b\u00e5tutflykter. (&#8230;) I samband med utveckling av Leksand ska h\u00e4nsyn tas till behovet av t\u00e4tortsn\u00e4ra rekreationsomr\u00e5den samt att popul\u00e4ra frilufts- och rekreationsomr\u00e5den inom kommunen f\u00f6rvaltas och utvecklas f\u00f6r att kunna nyttjas f\u00f6r dessa syften \u00e4ven i framtiden.\u201d<\/span><\/p>\n<p><span style=\"font-weight: 400\">Utifr\u00e5n detta f\u00f6resl\u00e5s att \u00e4rendet \u00e5terremitteras f\u00f6r f\u00f6ljande kompletteringar och ytterligare beredning:\u00a0<\/span><\/p>\n<ol>\n<li style=\"font-weight: 400\"><span style=\"font-weight: 400\">En barnkonsekvensanalys<\/span><\/li>\n<\/ol>\n<p><span style=\"font-weight: 400\">I samr\u00e5dsredog\u00f6relsen st\u00e5r f\u00f6ljande: \u201cD\u00e5 detaljplanen omfattar ett industriomr\u00e5de d\u00e4r allm\u00e4nheten inte ska vistas har bed\u00f6mningen gjorts att en barnkonsekvensanalys inte beh\u00f6ver tas fram.\u201d Vi delar inte denna bed\u00f6mning. Detaljplanen f\u00e5r bland annat konsekvenser f\u00f6r intilliggande bad- och b\u00e5tplats samt f\u00f6r m\u00f6jligheterna till rekreations- och fritidsverksamhet p\u00e5 platsen. Dessa konsekvenser b\u00f6r beskrivas, \u00e4ven utifr\u00e5n barnperspektivet.<\/span><\/p>\n<ol>\n<li style=\"font-weight: 400\"><span style=\"font-weight: 400\">En f\u00f6rdjupad bulleranalys och en plan f\u00f6r bullerskydd<\/span><\/li>\n<\/ol>\n<p><span style=\"font-weight: 400\">I samr\u00e5dsredog\u00f6relsen st\u00e5r f\u00f6ljande: \u201cOmr\u00e5det kring \u00c5hlbyn bed\u00f6ms inte vara ett friluftsomr\u00e5de och omfattas d\u00e4rf\u00f6r inte av Naturv\u00e5rdsverkets riktlinjer f\u00f6r buller i s\u00e5dana. (&#8230;) Omr\u00e5det \u00e4r inte heller utpekat som kommunal badplats. (&#8230;) Eventuell utveckling av strandomr\u00e5det ligger utanf\u00f6r arbetet med detaljplanen.\u201d Vi delar inte denna bed\u00f6mning. Sj\u00e4lvklart \u00e4r \u00c5hlbyn ett friluftsomr\u00e5de \u2013 det har det alltid varit, och detaljplanen riskerar att f\u00f6rsv\u00e5ra en \u00f6nskv\u00e4rd utveckling av strandomr\u00e5det. \u00c4ven om det idag inte \u00e4r en kommunal badplats \u00e4r det n\u00e5got som vi driver och som vi menar \u00e4r sj\u00e4lvklart f\u00f6r framtiden. D\u00e4rf\u00f6r b\u00f6r bullerniv\u00e5n vid bad- och b\u00e5tplatsen m\u00e4tas och detaljplanen kompletteras med bullerskydd mot j\u00e4rnv\u00e4gen och containerterminalen.<\/span><\/p>\n<ol>\n<li style=\"font-weight: 400\"><span style=\"font-weight: 400\">En f\u00f6rdjupad landskapsanalys och en plan f\u00f6r visuellt skydd<\/span><\/li>\n<\/ol>\n<p><span style=\"font-weight: 400\">Det som anges ovan avseende bullerskydd g\u00e4ller \u00e4ven visuellt skydd. I samr\u00e5det \u00f6nskades en analys av siktlinjen fr\u00e5n bad- och b\u00e5tplatsen, vilket inte genomf\u00f6rdes. Detta b\u00f6r g\u00f6ras. Landskapsbilder fr\u00e5n ytterligare positioner n\u00e4rmare industrin kan med f\u00f6rdel ocks\u00e5 tas fram f\u00f6r att det ska vara m\u00f6jligt att bed\u00f6ma behovet av visuellt skydd \u00e4ven v\u00e4ster om containerterminalen.<\/span><\/p>\n<ol>\n<li style=\"font-weight: 400\"><span style=\"font-weight: 400\">En plan f\u00f6r en v\u00e4ndplats v\u00e4ster om j\u00e4rnv\u00e4gs\u00f6verg\u00e5ngen<\/span><\/li>\n<\/ol>\n<p><span style=\"font-weight: 400\">Kommunen g\u00f6r bed\u00f6mningen att en v\u00e4ndplats innan j\u00e4rnv\u00e4gs\u00f6verg\u00e5ngen inte beh\u00f6vs. Vi delar inte denna bed\u00f6mning. \u00c4ven om \u00f6verg\u00e5ngen kommer att blockeras kortare tidsintervall kan det finnas behov av att v\u00e4nda. Detta framf\u00f6rde Insj\u00f6ns intressef\u00f6rening och Insj\u00f6ns b\u00e5tklubb i samr\u00e5det: \u201cMan m\u00e5ste kunna v\u00e4nda ifall plankorsningen \u00e4r blockerad.\u201d Att beh\u00f6va backa 250 meter, med sl\u00e4p, \u00e4r inte rimligt. D\u00e4rav b\u00f6r det finnas en plan f\u00f6r en v\u00e4ndplats.<\/span><\/p>\n<ol>\n<li style=\"font-weight: 400\"><span style=\"font-weight: 400\">En utredning om containerterminalens p\u00e5verkan p\u00e5 j\u00e4rnv\u00e4gs\u00f6verg\u00e5ngen<\/span><\/li>\n<\/ol>\n<p><span style=\"font-weight: 400\">I granskningsutl\u00e5tandet st\u00e5r f\u00f6ljande: \u201cDe siffror kommunen f\u00e5tt fr\u00e5n verksamhetsut\u00f6varen visar p\u00e5 att v\u00e4ntetiden vid j\u00e4rnv\u00e4gs\u00f6verg\u00e5ngen blir max fem minuter.\u201d Denna information finns inte med i \u00f6vriga handlingar, och det framg\u00e5r inte hur verksamhetsut\u00f6varen har kommit fram till detta. Utifr\u00e5n att j\u00e4rnv\u00e4gskorsningen under m\u00e5nga \u00e5r har kunnat blockeras flera timmar dagligen, och under betydligt l\u00e4ngre perioder \u00e4n fem minuter, b\u00f6r detta utredas vidare. Fr\u00e5gan har avg\u00f6rande betydelse. Vilka garantier eller krav finns det kopplat till terminalens p\u00e5verkan p\u00e5 j\u00e4rnv\u00e4gs\u00f6verg\u00e5ngen? H\u00e4r b\u00f6r till\u00e4ggas att det, i alla fall tidigare, har funnits planer p\u00e5 att j\u00e4rnv\u00e4gskorsningen ska st\u00e4ngas i en senare etapp. St\u00e4mmer det?<\/span><\/p>\n<ol>\n<li style=\"font-weight: 400\"><span style=\"font-weight: 400\">En plan f\u00f6r en ny v\u00e4g samt g\u00e5ng- och cykelv\u00e4g till bad- och b\u00e5tplatsen<\/span><\/li>\n<\/ol>\n<p><span style=\"font-weight: 400\">I samr\u00e5dsredog\u00f6relsen st\u00e5r f\u00f6ljande: \u201cAtt utveckla en kompletterande v\u00e4g till strandomr\u00e5det ligger dock utanf\u00f6r arbetet med aktuell detaljplan.\u201d Vi h\u00e5ller inte med. Dessutom \u00e4r vi fr\u00e5gande till att f\u00f6ljande skrivelse har tagits bort fr\u00e5n detaljplanen efter samr\u00e5det: \u201ckommunen unders\u00f6ker l\u00f6sningar som ska m\u00f6jligg\u00f6ra en st\u00e4ngning av j\u00e4rnv\u00e4gs\u00f6verg\u00e5ngen\u201d. Vi menar att en ny v\u00e4g \u00e4r en prioriterad fr\u00e5ga som det b\u00f6r finnas en plan f\u00f6r i planarbetet, inte minst p\u00e5 grund av att detaljplanen kan p\u00e5verka vilka l\u00f6sningar som \u00e4r m\u00f6jliga. Medel till detta finns \u00e4ven i investeringsbudgeten. Om inte en plan f\u00f6r en ny v\u00e4g kan tas med i denna detaljplan, vilket vi tycker och vilket har utf\u00e4sts tidigare av b\u00e5de politiker och tj\u00e4nstem\u00e4n, b\u00f6r politiken samtidigt som man hanterar detaljplanen \u00e4nd\u00e5 fatta beslut om att en ny v\u00e4g ska byggas och ge de uppdrag som kr\u00e4vs.<\/span><\/p>\n<ol>\n<li style=\"font-weight: 400\"><span style=\"font-weight: 400\">En utredning om en minskning av planomr\u00e5dets storlek<\/span><\/li>\n<\/ol>\n<p><span style=\"font-weight: 400\">Exploateringen b\u00f6r vara s\u00e5 liten som m\u00f6jligt f\u00f6r att bibeh\u00e5lla jordbruks- och betesmark samt minimera den visuella p\u00e5verkan, bullerniv\u00e5erna och annan milj\u00f6p\u00e5verkan. Det b\u00f6r utredas om det \u00e4r m\u00f6jligt att placera en del av den ut\u00f6kade industriverksamheten inom befintligt industriomr\u00e5de ist\u00e4llet f\u00f6r att exploatera ny mark, och p\u00e5 s\u00e5 s\u00e4tt minska planomr\u00e5dets storlek till ytan.<\/span><\/p>\n<ol>\n<li style=\"font-weight: 400\"><span style=\"font-weight: 400\">En ut\u00f6kning av buffertzonen mellan industrimarken och v\u00e4gen till bad- och b\u00e5tplatsen<\/span><\/li>\n<\/ol>\n<p><span style=\"font-weight: 400\">Med h\u00e4nsyn till att Trafikverket \u00f6nskar ett avst\u00e5nd om minst 15 meter fr\u00e5n\u00a0 byggbar mark till sp\u00e5rmitt p\u00e5 n\u00e4rmaste j\u00e4rnv\u00e4gssp\u00e5r menar vi att samma s\u00e4kerhetsavst\u00e5nd b\u00f6r g\u00e4lla f\u00f6r den enskilda v\u00e4gen som g\u00e5r till bad- och b\u00e5tplatsen, l\u00e4ngs det syd\u00f6stra delomr\u00e5dets s\u00f6dra gr\u00e4ns. Den 5 meter breda zonen f\u00f6r naturmark b\u00f6r allts\u00e5 ut\u00f6kas till 15 meter. Detta dels f\u00f6r s\u00e4kerheten d\u00e5 h\u00f6gsta till\u00e5tna h\u00f6jd \u00e4r 15 meter, dels f\u00f6r att minska den visuella p\u00e5verkan.<\/span><\/p>\n<p>&nbsp;<\/p>\n<p><span style=\"font-weight: 400\">D\u00e4rut\u00f6ver anser vi att samr\u00e5dsredog\u00f6relsen ocks\u00e5 b\u00f6r ing\u00e5 i beslutshandlingarna.<\/span><\/p>\n<p>&nbsp;<\/p>\n<p><b>Underskrift<\/b><\/p>\n<p><span style=\"font-weight: 400\">Carin Malm (KD), gruppledare och ledamot i kommunfullm\u00e4ktige<\/span><\/p>\n<p>&nbsp;<\/p>\n<p><a href=\"http:\/\/wp.kristdemokraterna.se\/leksand\/files\/2025\/02\/yrkande-till-fullmaktige-om-detaljplan-for-containerterminalen-kd-leksand.pdf\">Yrkande till fullma\u0308ktige om detaljplan fo\u0308r containerterminalen, KD Leksand<\/a><\/p>\n","protected":false},"excerpt":{"rendered":"<p>F\u00f6rslag till beslut Vi f\u00f6resl\u00e5r kommunfullm\u00e4ktige besluta: Att \u00e5terremittera \u00e4rendet om detaljplan f\u00f6r containerterminalen f\u00f6r f\u00f6ljande kompletteringar och ytterligare beredning: En barnkonsekvensanalys En f\u00f6rdjupad bulleranalys och en plan f\u00f6r bullerskydd En f\u00f6rdjupad landskapsanalys och en plan f\u00f6r visuellt skydd En plan f\u00f6r en v\u00e4ndplats v\u00e4ster om j\u00e4rnv\u00e4gs\u00f6verg\u00e5ngen En utredning om containerterminalens p\u00e5verkan p\u00e5 j\u00e4rnv\u00e4gs\u00f6verg\u00e5ngen En <a class=\"read-more-link\" href=\"https:\/\/wp.kristdemokraterna.se\/leksand\/var-politik\/motioner\/yrkande-om-detaljplan-for-containerterminal\/\">Read More<\/a><\/p>\n","protected":false},"author":958,"featured_media":0,"parent":1144,"menu_order":0,"comment_status":"closed","ping_status":"closed","template":"","meta":{"_acf_changed":false,"footnotes":""},"class_list":["post-1371","page","type-page","status-publish","hentry"],"acf":[],"yoast_head":"<!-- This site is optimized with the Yoast SEO plugin v27.3 - https:\/\/yoast.com\/product\/yoast-seo-wordpress\/ -->\n<title>Yrkande om detaljplan f\u00f6r containerterminal - Kristdemokraterna Leksand<\/title>\n<meta name=\"robots\" content=\"index, follow, max-snippet:-1, max-image-preview:large, max-video-preview:-1\" \/>\n<link rel=\"canonical\" href=\"https:\/\/wp.kristdemokraterna.se\/leksand\/var-politik\/motioner\/yrkande-om-detaljplan-for-containerterminal\/\" \/>\n<meta property=\"og:locale\" content=\"sv_SE\" \/>\n<meta property=\"og:type\" content=\"article\" \/>\n<meta property=\"og:title\" content=\"Yrkande om detaljplan f\u00f6r containerterminal - Kristdemokraterna Leksand\" \/>\n<meta property=\"og:description\" content=\"F\u00f6rslag till beslut Vi f\u00f6resl\u00e5r kommunfullm\u00e4ktige besluta: Att \u00e5terremittera \u00e4rendet om detaljplan f\u00f6r containerterminalen f\u00f6r f\u00f6ljande kompletteringar och ytterligare beredning: En barnkonsekvensanalys En f\u00f6rdjupad bulleranalys och en plan f\u00f6r bullerskydd En f\u00f6rdjupad landskapsanalys och en plan f\u00f6r visuellt skydd En plan f\u00f6r en v\u00e4ndplats v\u00e4ster om j\u00e4rnv\u00e4gs\u00f6verg\u00e5ngen En utredning om containerterminalens p\u00e5verkan p\u00e5 j\u00e4rnv\u00e4gs\u00f6verg\u00e5ngen En Read More\" \/>\n<meta property=\"og:url\" content=\"https:\/\/wp.kristdemokraterna.se\/leksand\/var-politik\/motioner\/yrkande-om-detaljplan-for-containerterminal\/\" \/>\n<meta property=\"og:site_name\" content=\"Kristdemokraterna Leksand\" \/>\n<meta property=\"article:modified_time\" content=\"2025-02-07T11:06:46+00:00\" \/>\n<meta name=\"twitter:card\" content=\"summary_large_image\" \/>\n<meta name=\"twitter:label1\" content=\"Ber\u00e4knad l\u00e4stid\" \/>\n\t<meta name=\"twitter:data1\" content=\"6 minuter\" \/>\n<script type=\"application\/ld+json\" class=\"yoast-schema-graph\">{\"@context\":\"https:\\\/\\\/schema.org\",\"@graph\":[{\"@type\":\"WebPage\",\"@id\":\"https:\\\/\\\/wp.kristdemokraterna.se\\\/leksand\\\/var-politik\\\/motioner\\\/yrkande-om-detaljplan-for-containerterminal\\\/\",\"url\":\"https:\\\/\\\/wp.kristdemokraterna.se\\\/leksand\\\/var-politik\\\/motioner\\\/yrkande-om-detaljplan-for-containerterminal\\\/\",\"name\":\"Yrkande om detaljplan f\u00f6r containerterminal - Kristdemokraterna Leksand\",\"isPartOf\":{\"@id\":\"https:\\\/\\\/wp.kristdemokraterna.se\\\/leksand\\\/#website\"},\"datePublished\":\"2025-02-07T11:05:14+00:00\",\"dateModified\":\"2025-02-07T11:06:46+00:00\",\"breadcrumb\":{\"@id\":\"https:\\\/\\\/wp.kristdemokraterna.se\\\/leksand\\\/var-politik\\\/motioner\\\/yrkande-om-detaljplan-for-containerterminal\\\/#breadcrumb\"},\"inLanguage\":\"sv-SE\",\"potentialAction\":[{\"@type\":\"ReadAction\",\"target\":[\"https:\\\/\\\/wp.kristdemokraterna.se\\\/leksand\\\/var-politik\\\/motioner\\\/yrkande-om-detaljplan-for-containerterminal\\\/\"]}]},{\"@type\":\"BreadcrumbList\",\"@id\":\"https:\\\/\\\/wp.kristdemokraterna.se\\\/leksand\\\/var-politik\\\/motioner\\\/yrkande-om-detaljplan-for-containerterminal\\\/#breadcrumb\",\"itemListElement\":[{\"@type\":\"ListItem\",\"position\":1,\"name\":\"Hem\",\"item\":\"https:\\\/\\\/wp.kristdemokraterna.se\\\/leksand\\\/\"},{\"@type\":\"ListItem\",\"position\":2,\"name\":\"V\u00e5r politik\",\"item\":\"https:\\\/\\\/wp.kristdemokraterna.se\\\/leksand\\\/var-politik\\\/\"},{\"@type\":\"ListItem\",\"position\":3,\"name\":\"Motioner och \u00f6vrigt\",\"item\":\"https:\\\/\\\/wp.kristdemokraterna.se\\\/leksand\\\/var-politik\\\/motioner\\\/\"},{\"@type\":\"ListItem\",\"position\":4,\"name\":\"Yrkande om detaljplan f\u00f6r containerterminal\"}]},{\"@type\":\"WebSite\",\"@id\":\"https:\\\/\\\/wp.kristdemokraterna.se\\\/leksand\\\/#website\",\"url\":\"https:\\\/\\\/wp.kristdemokraterna.se\\\/leksand\\\/\",\"name\":\"Kristdemokraterna Leksand\",\"description\":\"Kristdemokratiska lokalavdelningen i Leksand\",\"inLanguage\":\"sv-SE\"}]}<\/script>\n<!-- \/ Yoast SEO plugin. -->","yoast_head_json":{"title":"Yrkande om detaljplan f\u00f6r containerterminal - Kristdemokraterna Leksand","robots":{"index":"index","follow":"follow","max-snippet":"max-snippet:-1","max-image-preview":"max-image-preview:large","max-video-preview":"max-video-preview:-1"},"canonical":"https:\/\/wp.kristdemokraterna.se\/leksand\/var-politik\/motioner\/yrkande-om-detaljplan-for-containerterminal\/","og_locale":"sv_SE","og_type":"article","og_title":"Yrkande om detaljplan f\u00f6r containerterminal - Kristdemokraterna Leksand","og_description":"F\u00f6rslag till beslut Vi f\u00f6resl\u00e5r kommunfullm\u00e4ktige besluta: Att \u00e5terremittera \u00e4rendet om detaljplan f\u00f6r containerterminalen f\u00f6r f\u00f6ljande kompletteringar och ytterligare beredning: En barnkonsekvensanalys En f\u00f6rdjupad bulleranalys och en plan f\u00f6r bullerskydd En f\u00f6rdjupad landskapsanalys och en plan f\u00f6r visuellt skydd En plan f\u00f6r en v\u00e4ndplats v\u00e4ster om j\u00e4rnv\u00e4gs\u00f6verg\u00e5ngen En utredning om containerterminalens p\u00e5verkan p\u00e5 j\u00e4rnv\u00e4gs\u00f6verg\u00e5ngen En Read More","og_url":"https:\/\/wp.kristdemokraterna.se\/leksand\/var-politik\/motioner\/yrkande-om-detaljplan-for-containerterminal\/","og_site_name":"Kristdemokraterna Leksand","article_modified_time":"2025-02-07T11:06:46+00:00","twitter_card":"summary_large_image","twitter_misc":{"Ber\u00e4knad l\u00e4stid":"6 minuter"},"schema":{"@context":"https:\/\/schema.org","@graph":[{"@type":"WebPage","@id":"https:\/\/wp.kristdemokraterna.se\/leksand\/var-politik\/motioner\/yrkande-om-detaljplan-for-containerterminal\/","url":"https:\/\/wp.kristdemokraterna.se\/leksand\/var-politik\/motioner\/yrkande-om-detaljplan-for-containerterminal\/","name":"Yrkande om detaljplan f\u00f6r containerterminal - Kristdemokraterna Leksand","isPartOf":{"@id":"https:\/\/wp.kristdemokraterna.se\/leksand\/#website"},"datePublished":"2025-02-07T11:05:14+00:00","dateModified":"2025-02-07T11:06:46+00:00","breadcrumb":{"@id":"https:\/\/wp.kristdemokraterna.se\/leksand\/var-politik\/motioner\/yrkande-om-detaljplan-for-containerterminal\/#breadcrumb"},"inLanguage":"sv-SE","potentialAction":[{"@type":"ReadAction","target":["https:\/\/wp.kristdemokraterna.se\/leksand\/var-politik\/motioner\/yrkande-om-detaljplan-for-containerterminal\/"]}]},{"@type":"BreadcrumbList","@id":"https:\/\/wp.kristdemokraterna.se\/leksand\/var-politik\/motioner\/yrkande-om-detaljplan-for-containerterminal\/#breadcrumb","itemListElement":[{"@type":"ListItem","position":1,"name":"Hem","item":"https:\/\/wp.kristdemokraterna.se\/leksand\/"},{"@type":"ListItem","position":2,"name":"V\u00e5r politik","item":"https:\/\/wp.kristdemokraterna.se\/leksand\/var-politik\/"},{"@type":"ListItem","position":3,"name":"Motioner och \u00f6vrigt","item":"https:\/\/wp.kristdemokraterna.se\/leksand\/var-politik\/motioner\/"},{"@type":"ListItem","position":4,"name":"Yrkande om detaljplan f\u00f6r containerterminal"}]},{"@type":"WebSite","@id":"https:\/\/wp.kristdemokraterna.se\/leksand\/#website","url":"https:\/\/wp.kristdemokraterna.se\/leksand\/","name":"Kristdemokraterna Leksand","description":"Kristdemokratiska lokalavdelningen i Leksand","inLanguage":"sv-SE"}]}},"_links":{"self":[{"href":"https:\/\/wp.kristdemokraterna.se\/leksand\/wp-json\/wp\/v2\/pages\/1371","targetHints":{"allow":["GET"]}}],"collection":[{"href":"https:\/\/wp.kristdemokraterna.se\/leksand\/wp-json\/wp\/v2\/pages"}],"about":[{"href":"https:\/\/wp.kristdemokraterna.se\/leksand\/wp-json\/wp\/v2\/types\/page"}],"author":[{"embeddable":true,"href":"https:\/\/wp.kristdemokraterna.se\/leksand\/wp-json\/wp\/v2\/users\/958"}],"replies":[{"embeddable":true,"href":"https:\/\/wp.kristdemokraterna.se\/leksand\/wp-json\/wp\/v2\/comments?post=1371"}],"version-history":[{"count":2,"href":"https:\/\/wp.kristdemokraterna.se\/leksand\/wp-json\/wp\/v2\/pages\/1371\/revisions"}],"predecessor-version":[{"id":1374,"href":"https:\/\/wp.kristdemokraterna.se\/leksand\/wp-json\/wp\/v2\/pages\/1371\/revisions\/1374"}],"up":[{"embeddable":true,"href":"https:\/\/wp.kristdemokraterna.se\/leksand\/wp-json\/wp\/v2\/pages\/1144"}],"wp:attachment":[{"href":"https:\/\/wp.kristdemokraterna.se\/leksand\/wp-json\/wp\/v2\/media?parent=1371"}],"curies":[{"name":"wp","href":"https:\/\/api.w.org\/{rel}","templated":true}]}}