{"id":38,"date":"2014-03-17T06:17:10","date_gmt":"2014-03-17T05:17:10","guid":{"rendered":"http:\/\/wp.kristdemokraterna.se\/leksand\/?page_id=38"},"modified":"2024-03-03T20:05:50","modified_gmt":"2024-03-03T19:05:50","slug":"kontakta-oss","status":"publish","type":"page","link":"https:\/\/wp.kristdemokraterna.se\/leksand\/kontakta-oss\/","title":{"rendered":"Kontakta oss"},"content":{"rendered":"<p>Om du har fr\u00e5gor eller funderingar \u00e4r du mer \u00e4n v\u00e4lkommen att h\u00f6ra av dig till n\u00e5gon av oss.<\/p>\n<p><a href=\"https:\/\/wp.kristdemokraterna.se\/leksand\/foretradare\/styrelsen\/\">Partiavdelningens styrelse<\/a><\/p>\n<p><a href=\"https:\/\/wp.kristdemokraterna.se\/leksand\/foretradare\/kommunfullmaktige\/\">Ledam\u00f6ter i kommunfullm\u00e4ktige<\/a><\/p>\n<p><a href=\"https:\/\/wp.kristdemokraterna.se\/leksand\/foretradare\/kommunstyrelsen\/\">Ledam\u00f6ter i kommunstyrelsen<\/a><\/p>\n","protected":false},"excerpt":{"rendered":"<p>Om du har fr\u00e5gor eller funderingar \u00e4r du mer \u00e4n v\u00e4lkommen att h\u00f6ra av dig till n\u00e5gon av oss. Partiavdelningens styrelse Ledam\u00f6ter i kommunfullm\u00e4ktige Ledam\u00f6ter i kommunstyrelsen<\/p>\n","protected":false},"author":616,"featured_media":0,"parent":0,"menu_order":3,"comment_status":"closed","ping_status":"closed","template":"","meta":{"_acf_changed":false,"footnotes":""},"class_list":["post-38","page","type-page","status-publish","hentry"],"acf":[],"yoast_head":"<!-- This site is optimized with the Yoast SEO plugin v27.4 - https:\/\/yoast.com\/product\/yoast-seo-wordpress\/ -->\n<title>Kontakta oss - Kristdemokraterna Leksand<\/title>\n<meta name=\"robots\" content=\"index, follow, max-snippet:-1, max-image-preview:large, max-video-preview:-1\" \/>\n<link rel=\"canonical\" href=\"https:\/\/wp.kristdemokraterna.se\/leksand\/kontakta-oss\/\" \/>\n<meta property=\"og:locale\" content=\"sv_SE\" \/>\n<meta property=\"og:type\" content=\"article\" \/>\n<meta property=\"og:title\" content=\"Kontakta oss - Kristdemokraterna Leksand\" \/>\n<meta property=\"og:description\" content=\"Om du har fr\u00e5gor eller funderingar \u00e4r du mer \u00e4n v\u00e4lkommen att h\u00f6ra av dig till n\u00e5gon av oss. Partiavdelningens styrelse Ledam\u00f6ter i kommunfullm\u00e4ktige Ledam\u00f6ter i kommunstyrelsen\" \/>\n<meta property=\"og:url\" content=\"https:\/\/wp.kristdemokraterna.se\/leksand\/kontakta-oss\/\" \/>\n<meta property=\"og:site_name\" content=\"Kristdemokraterna Leksand\" \/>\n<meta property=\"article:modified_time\" content=\"2024-03-03T19:05:50+00:00\" \/>\n<meta name=\"twitter:card\" content=\"summary_large_image\" \/>\n<meta name=\"twitter:label1\" content=\"Ber\u00e4knad l\u00e4stid\" \/>\n\t<meta name=\"twitter:data1\" content=\"1 minut\" \/>\n<script type=\"application\/ld+json\" class=\"yoast-schema-graph\">{\"@context\":\"https:\\\/\\\/schema.org\",\"@graph\":[{\"@type\":\"WebPage\",\"@id\":\"https:\\\/\\\/wp.kristdemokraterna.se\\\/leksand\\\/kontakta-oss\\\/\",\"url\":\"https:\\\/\\\/wp.kristdemokraterna.se\\\/leksand\\\/kontakta-oss\\\/\",\"name\":\"Kontakta oss - Kristdemokraterna Leksand\",\"isPartOf\":{\"@id\":\"https:\\\/\\\/wp.kristdemokraterna.se\\\/leksand\\\/#website\"},\"datePublished\":\"2014-03-17T05:17:10+00:00\",\"dateModified\":\"2024-03-03T19:05:50+00:00\",\"breadcrumb\":{\"@id\":\"https:\\\/\\\/wp.kristdemokraterna.se\\\/leksand\\\/kontakta-oss\\\/#breadcrumb\"},\"inLanguage\":\"sv-SE\",\"potentialAction\":[{\"@type\":\"ReadAction\",\"target\":[\"https:\\\/\\\/wp.kristdemokraterna.se\\\/leksand\\\/kontakta-oss\\\/\"]}]},{\"@type\":\"BreadcrumbList\",\"@id\":\"https:\\\/\\\/wp.kristdemokraterna.se\\\/leksand\\\/kontakta-oss\\\/#breadcrumb\",\"itemListElement\":[{\"@type\":\"ListItem\",\"position\":1,\"name\":\"Hem\",\"item\":\"https:\\\/\\\/wp.kristdemokraterna.se\\\/leksand\\\/\"},{\"@type\":\"ListItem\",\"position\":2,\"name\":\"Kontakta oss\"}]},{\"@type\":\"WebSite\",\"@id\":\"https:\\\/\\\/wp.kristdemokraterna.se\\\/leksand\\\/#website\",\"url\":\"https:\\\/\\\/wp.kristdemokraterna.se\\\/leksand\\\/\",\"name\":\"Kristdemokraterna Leksand\",\"description\":\"Kristdemokratiska lokalavdelningen i Leksand\",\"inLanguage\":\"sv-SE\"}]}<\/script>\n<!-- \/ Yoast SEO plugin. -->","yoast_head_json":{"title":"Kontakta oss - Kristdemokraterna Leksand","robots":{"index":"index","follow":"follow","max-snippet":"max-snippet:-1","max-image-preview":"max-image-preview:large","max-video-preview":"max-video-preview:-1"},"canonical":"https:\/\/wp.kristdemokraterna.se\/leksand\/kontakta-oss\/","og_locale":"sv_SE","og_type":"article","og_title":"Kontakta oss - Kristdemokraterna Leksand","og_description":"Om du har fr\u00e5gor eller funderingar \u00e4r du mer \u00e4n v\u00e4lkommen att h\u00f6ra av dig till n\u00e5gon av oss. Partiavdelningens styrelse Ledam\u00f6ter i kommunfullm\u00e4ktige Ledam\u00f6ter i kommunstyrelsen","og_url":"https:\/\/wp.kristdemokraterna.se\/leksand\/kontakta-oss\/","og_site_name":"Kristdemokraterna Leksand","article_modified_time":"2024-03-03T19:05:50+00:00","twitter_card":"summary_large_image","twitter_misc":{"Ber\u00e4knad l\u00e4stid":"1 minut"},"schema":{"@context":"https:\/\/schema.org","@graph":[{"@type":"WebPage","@id":"https:\/\/wp.kristdemokraterna.se\/leksand\/kontakta-oss\/","url":"https:\/\/wp.kristdemokraterna.se\/leksand\/kontakta-oss\/","name":"Kontakta oss - Kristdemokraterna Leksand","isPartOf":{"@id":"https:\/\/wp.kristdemokraterna.se\/leksand\/#website"},"datePublished":"2014-03-17T05:17:10+00:00","dateModified":"2024-03-03T19:05:50+00:00","breadcrumb":{"@id":"https:\/\/wp.kristdemokraterna.se\/leksand\/kontakta-oss\/#breadcrumb"},"inLanguage":"sv-SE","potentialAction":[{"@type":"ReadAction","target":["https:\/\/wp.kristdemokraterna.se\/leksand\/kontakta-oss\/"]}]},{"@type":"BreadcrumbList","@id":"https:\/\/wp.kristdemokraterna.se\/leksand\/kontakta-oss\/#breadcrumb","itemListElement":[{"@type":"ListItem","position":1,"name":"Hem","item":"https:\/\/wp.kristdemokraterna.se\/leksand\/"},{"@type":"ListItem","position":2,"name":"Kontakta oss"}]},{"@type":"WebSite","@id":"https:\/\/wp.kristdemokraterna.se\/leksand\/#website","url":"https:\/\/wp.kristdemokraterna.se\/leksand\/","name":"Kristdemokraterna Leksand","description":"Kristdemokratiska lokalavdelningen i Leksand","inLanguage":"sv-SE"}]}},"_links":{"self":[{"href":"https:\/\/wp.kristdemokraterna.se\/leksand\/wp-json\/wp\/v2\/pages\/38","targetHints":{"allow":["GET"]}}],"collection":[{"href":"https:\/\/wp.kristdemokraterna.se\/leksand\/wp-json\/wp\/v2\/pages"}],"about":[{"href":"https:\/\/wp.kristdemokraterna.se\/leksand\/wp-json\/wp\/v2\/types\/page"}],"author":[{"embeddable":true,"href":"https:\/\/wp.kristdemokraterna.se\/leksand\/wp-json\/wp\/v2\/users\/616"}],"replies":[{"embeddable":true,"href":"https:\/\/wp.kristdemokraterna.se\/leksand\/wp-json\/wp\/v2\/comments?post=38"}],"version-history":[{"count":16,"href":"https:\/\/wp.kristdemokraterna.se\/leksand\/wp-json\/wp\/v2\/pages\/38\/revisions"}],"predecessor-version":[{"id":883,"href":"https:\/\/wp.kristdemokraterna.se\/leksand\/wp-json\/wp\/v2\/pages\/38\/revisions\/883"}],"wp:attachment":[{"href":"https:\/\/wp.kristdemokraterna.se\/leksand\/wp-json\/wp\/v2\/media?parent=38"}],"curies":[{"name":"wp","href":"https:\/\/api.w.org\/{rel}","templated":true}]}}