{"id":449,"date":"2018-07-29T02:32:28","date_gmt":"2018-07-29T00:32:28","guid":{"rendered":"http:\/\/wp.kristdemokraterna.se\/leksand\/?page_id=449"},"modified":"2023-05-07T22:28:16","modified_gmt":"2023-05-07T20:28:16","slug":"kommunfullmaktige","status":"publish","type":"page","link":"https:\/\/wp.kristdemokraterna.se\/leksand\/foretradare\/kommunfullmaktige\/","title":{"rendered":"Ledam\u00f6ter i kommunfullm\u00e4ktige"},"content":{"rendered":"<p><b><a href=\"http:\/\/wp.kristdemokraterna.se\/leksand\/files\/2022\/08\/dsc9673cr-scaled.jpg\"><img loading=\"lazy\" decoding=\"async\" class=\"alignnone wp-image-1109 \" src=\"http:\/\/wp.kristdemokraterna.se\/leksand\/files\/2022\/08\/dsc9673cr-200x300.jpg\" alt=\"\" width=\"132\" height=\"198\" srcset=\"https:\/\/wp.kristdemokraterna.se\/leksand\/files\/2022\/08\/dsc9673cr-200x300.jpg 200w, https:\/\/wp.kristdemokraterna.se\/leksand\/files\/2022\/08\/dsc9673cr-684x1024.jpg 684w, https:\/\/wp.kristdemokraterna.se\/leksand\/files\/2022\/08\/dsc9673cr-768x1150.jpg 768w, https:\/\/wp.kristdemokraterna.se\/leksand\/files\/2022\/08\/dsc9673cr-1025x1536.jpg 1025w, https:\/\/wp.kristdemokraterna.se\/leksand\/files\/2022\/08\/dsc9673cr-1367x2048.jpg 1367w, https:\/\/wp.kristdemokraterna.se\/leksand\/files\/2022\/08\/dsc9673cr-134x200.jpg 134w, https:\/\/wp.kristdemokraterna.se\/leksand\/files\/2022\/08\/dsc9673cr-370x554.jpg 370w, https:\/\/wp.kristdemokraterna.se\/leksand\/files\/2022\/08\/dsc9673cr-770x1153.jpg 770w, https:\/\/wp.kristdemokraterna.se\/leksand\/files\/2022\/08\/dsc9673cr-450x674.jpg 450w, https:\/\/wp.kristdemokraterna.se\/leksand\/files\/2022\/08\/dsc9673cr-268x402.jpg 268w, https:\/\/wp.kristdemokraterna.se\/leksand\/files\/2022\/08\/dsc9673cr-340x509.jpg 340w, https:\/\/wp.kristdemokraterna.se\/leksand\/files\/2022\/08\/dsc9673cr-37x56.jpg 37w, https:\/\/wp.kristdemokraterna.se\/leksand\/files\/2022\/08\/dsc9673cr-scaled.jpg 1709w\" sizes=\"auto, (max-width: 132px) 100vw, 132px\" \/><\/a><br \/>\nCarin Malm<br \/>\n<\/b><em>Ordinarie ledamot<\/em><br \/>\n070-679 95 62, <a href=\"mailto:carin.malm@leksand.se\">carin.malm@leksand.se<\/a><\/p>\n<p><b><a href=\"http:\/\/wp.kristdemokraterna.se\/leksand\/files\/2022\/08\/dsc9630cr3-2.jpg\"><img loading=\"lazy\" decoding=\"async\" class=\"alignnone wp-image-1112 \" src=\"http:\/\/wp.kristdemokraterna.se\/leksand\/files\/2022\/08\/dsc9630cr3-2-200x300.jpg\" alt=\"\" width=\"133\" height=\"200\" srcset=\"https:\/\/wp.kristdemokraterna.se\/leksand\/files\/2022\/08\/dsc9630cr3-2-200x300.jpg 200w, https:\/\/wp.kristdemokraterna.se\/leksand\/files\/2022\/08\/dsc9630cr3-2-684x1024.jpg 684w, https:\/\/wp.kristdemokraterna.se\/leksand\/files\/2022\/08\/dsc9630cr3-2-768x1150.jpg 768w, https:\/\/wp.kristdemokraterna.se\/leksand\/files\/2022\/08\/dsc9630cr3-2-1026x1536.jpg 1026w, https:\/\/wp.kristdemokraterna.se\/leksand\/files\/2022\/08\/dsc9630cr3-2-1368x2048.jpg 1368w, https:\/\/wp.kristdemokraterna.se\/leksand\/files\/2022\/08\/dsc9630cr3-2-134x200.jpg 134w, https:\/\/wp.kristdemokraterna.se\/leksand\/files\/2022\/08\/dsc9630cr3-2-370x554.jpg 370w, https:\/\/wp.kristdemokraterna.se\/leksand\/files\/2022\/08\/dsc9630cr3-2-770x1153.jpg 770w, https:\/\/wp.kristdemokraterna.se\/leksand\/files\/2022\/08\/dsc9630cr3-2-450x674.jpg 450w, https:\/\/wp.kristdemokraterna.se\/leksand\/files\/2022\/08\/dsc9630cr3-2-268x402.jpg 268w, https:\/\/wp.kristdemokraterna.se\/leksand\/files\/2022\/08\/dsc9630cr3-2-340x509.jpg 340w, https:\/\/wp.kristdemokraterna.se\/leksand\/files\/2022\/08\/dsc9630cr3-2-37x56.jpg 37w, https:\/\/wp.kristdemokraterna.se\/leksand\/files\/2022\/08\/dsc9630cr3-2.jpg 1411w\" sizes=\"auto, (max-width: 133px) 100vw, 133px\" \/><\/a><br \/>\nMikael Kyller<br \/>\n<\/b><em>Ordinarie ledamot<\/em><br \/>\n072-386 88 60, <a href=\"mailto:mikael.kyller@leksand.se\">mikael.kyller@leksand.se<\/a><\/p>\n<p><b><a href=\"http:\/\/wp.kristdemokraterna.se\/leksand\/files\/2022\/08\/dsc9652cr-scaled.jpg\"><img loading=\"lazy\" decoding=\"async\" class=\"alignnone wp-image-1110 \" src=\"http:\/\/wp.kristdemokraterna.se\/leksand\/files\/2022\/08\/dsc9652cr-200x300.jpg\" alt=\"\" width=\"133\" height=\"200\" srcset=\"https:\/\/wp.kristdemokraterna.se\/leksand\/files\/2022\/08\/dsc9652cr-200x300.jpg 200w, https:\/\/wp.kristdemokraterna.se\/leksand\/files\/2022\/08\/dsc9652cr-684x1024.jpg 684w, https:\/\/wp.kristdemokraterna.se\/leksand\/files\/2022\/08\/dsc9652cr-768x1150.jpg 768w, https:\/\/wp.kristdemokraterna.se\/leksand\/files\/2022\/08\/dsc9652cr-1025x1536.jpg 1025w, https:\/\/wp.kristdemokraterna.se\/leksand\/files\/2022\/08\/dsc9652cr-1367x2048.jpg 1367w, https:\/\/wp.kristdemokraterna.se\/leksand\/files\/2022\/08\/dsc9652cr-134x200.jpg 134w, https:\/\/wp.kristdemokraterna.se\/leksand\/files\/2022\/08\/dsc9652cr-370x554.jpg 370w, https:\/\/wp.kristdemokraterna.se\/leksand\/files\/2022\/08\/dsc9652cr-770x1153.jpg 770w, https:\/\/wp.kristdemokraterna.se\/leksand\/files\/2022\/08\/dsc9652cr-450x674.jpg 450w, https:\/\/wp.kristdemokraterna.se\/leksand\/files\/2022\/08\/dsc9652cr-268x402.jpg 268w, https:\/\/wp.kristdemokraterna.se\/leksand\/files\/2022\/08\/dsc9652cr-340x509.jpg 340w, https:\/\/wp.kristdemokraterna.se\/leksand\/files\/2022\/08\/dsc9652cr-37x56.jpg 37w, https:\/\/wp.kristdemokraterna.se\/leksand\/files\/2022\/08\/dsc9652cr-scaled.jpg 1709w\" sizes=\"auto, (max-width: 133px) 100vw, 133px\" \/><\/a><br \/>\nPer Wiman<br \/>\n<\/b><em>Ordinarie ledamot<\/em><b><br \/>\n<\/b>0247-334 00, <a href=\"mailto:per.wiman@leksand.se\">per.wiman@leksand.se<\/a><\/p>\n<p><strong>Sven P\u00e5fvels<\/strong><br \/>\nErs\u00e4ttare<br \/>\n<a href=\"mailto:sven.pafvels@leksand.se\">sven.pafvels@leksand.se<\/a><\/p>\n<p><strong>Oliver Rolands<\/strong><br \/>\nErs\u00e4ttare<br \/>\n<a href=\"mailto:oliver.rolands@leksand.se\">oliver.rolands@leksand.se<\/a><\/p>\n","protected":false},"excerpt":{"rendered":"<p>Carin Malm Ordinarie ledamot 070-679 95 62, carin.malm@leksand.se Mikael Kyller Ordinarie ledamot 072-386 88 60, mikael.kyller@leksand.se Per Wiman Ordinarie ledamot 0247-334 00, per.wiman@leksand.se Sven P\u00e5fvels Ers\u00e4ttare sven.pafvels@leksand.se Oliver Rolands Ers\u00e4ttare oliver.rolands@leksand.se<\/p>\n","protected":false},"author":809,"featured_media":0,"parent":800,"menu_order":3,"comment_status":"closed","ping_status":"closed","template":"","meta":{"_acf_changed":false,"footnotes":""},"class_list":["post-449","page","type-page","status-publish","hentry"],"acf":[],"yoast_head":"<!-- This site is optimized with the Yoast SEO plugin v27.3 - https:\/\/yoast.com\/product\/yoast-seo-wordpress\/ -->\n<title>Ledam\u00f6ter i kommunfullm\u00e4ktige - Kristdemokraterna Leksand<\/title>\n<meta name=\"robots\" content=\"index, follow, max-snippet:-1, max-image-preview:large, max-video-preview:-1\" \/>\n<link rel=\"canonical\" href=\"https:\/\/wp.kristdemokraterna.se\/leksand\/foretradare\/kommunfullmaktige\/\" \/>\n<meta property=\"og:locale\" content=\"sv_SE\" \/>\n<meta property=\"og:type\" content=\"article\" \/>\n<meta property=\"og:title\" content=\"Ledam\u00f6ter i kommunfullm\u00e4ktige - Kristdemokraterna Leksand\" \/>\n<meta property=\"og:description\" content=\"Carin Malm Ordinarie ledamot 070-679 95 62, carin.malm@leksand.se Mikael Kyller Ordinarie ledamot 072-386 88 60, mikael.kyller@leksand.se Per Wiman Ordinarie ledamot 0247-334 00, per.wiman@leksand.se Sven P\u00e5fvels Ers\u00e4ttare sven.pafvels@leksand.se Oliver Rolands Ers\u00e4ttare oliver.rolands@leksand.se\" \/>\n<meta property=\"og:url\" content=\"https:\/\/wp.kristdemokraterna.se\/leksand\/foretradare\/kommunfullmaktige\/\" \/>\n<meta property=\"og:site_name\" content=\"Kristdemokraterna Leksand\" \/>\n<meta property=\"article:modified_time\" content=\"2023-05-07T20:28:16+00:00\" \/>\n<meta property=\"og:image\" content=\"http:\/\/wp.kristdemokraterna.se\/leksand\/files\/2022\/08\/dsc9673cr-200x300.jpg\" \/>\n<meta name=\"twitter:card\" content=\"summary_large_image\" \/>\n<meta name=\"twitter:label1\" content=\"Ber\u00e4knad l\u00e4stid\" \/>\n\t<meta name=\"twitter:data1\" content=\"1 minut\" \/>\n<script type=\"application\/ld+json\" class=\"yoast-schema-graph\">{\"@context\":\"https:\\\/\\\/schema.org\",\"@graph\":[{\"@type\":\"WebPage\",\"@id\":\"https:\\\/\\\/wp.kristdemokraterna.se\\\/leksand\\\/foretradare\\\/kommunfullmaktige\\\/\",\"url\":\"https:\\\/\\\/wp.kristdemokraterna.se\\\/leksand\\\/foretradare\\\/kommunfullmaktige\\\/\",\"name\":\"Ledam\u00f6ter i kommunfullm\u00e4ktige - Kristdemokraterna Leksand\",\"isPartOf\":{\"@id\":\"https:\\\/\\\/wp.kristdemokraterna.se\\\/leksand\\\/#website\"},\"primaryImageOfPage\":{\"@id\":\"https:\\\/\\\/wp.kristdemokraterna.se\\\/leksand\\\/foretradare\\\/kommunfullmaktige\\\/#primaryimage\"},\"image\":{\"@id\":\"https:\\\/\\\/wp.kristdemokraterna.se\\\/leksand\\\/foretradare\\\/kommunfullmaktige\\\/#primaryimage\"},\"thumbnailUrl\":\"http:\\\/\\\/wp.kristdemokraterna.se\\\/leksand\\\/files\\\/2022\\\/08\\\/dsc9673cr-200x300.jpg\",\"datePublished\":\"2018-07-29T00:32:28+00:00\",\"dateModified\":\"2023-05-07T20:28:16+00:00\",\"breadcrumb\":{\"@id\":\"https:\\\/\\\/wp.kristdemokraterna.se\\\/leksand\\\/foretradare\\\/kommunfullmaktige\\\/#breadcrumb\"},\"inLanguage\":\"sv-SE\",\"potentialAction\":[{\"@type\":\"ReadAction\",\"target\":[\"https:\\\/\\\/wp.kristdemokraterna.se\\\/leksand\\\/foretradare\\\/kommunfullmaktige\\\/\"]}]},{\"@type\":\"ImageObject\",\"inLanguage\":\"sv-SE\",\"@id\":\"https:\\\/\\\/wp.kristdemokraterna.se\\\/leksand\\\/foretradare\\\/kommunfullmaktige\\\/#primaryimage\",\"url\":\"http:\\\/\\\/wp.kristdemokraterna.se\\\/leksand\\\/files\\\/2022\\\/08\\\/dsc9673cr-200x300.jpg\",\"contentUrl\":\"http:\\\/\\\/wp.kristdemokraterna.se\\\/leksand\\\/files\\\/2022\\\/08\\\/dsc9673cr-200x300.jpg\"},{\"@type\":\"BreadcrumbList\",\"@id\":\"https:\\\/\\\/wp.kristdemokraterna.se\\\/leksand\\\/foretradare\\\/kommunfullmaktige\\\/#breadcrumb\",\"itemListElement\":[{\"@type\":\"ListItem\",\"position\":1,\"name\":\"Hem\",\"item\":\"https:\\\/\\\/wp.kristdemokraterna.se\\\/leksand\\\/\"},{\"@type\":\"ListItem\",\"position\":2,\"name\":\"F\u00f6retr\u00e4dare\",\"item\":\"https:\\\/\\\/wp.kristdemokraterna.se\\\/leksand\\\/foretradare\\\/\"},{\"@type\":\"ListItem\",\"position\":3,\"name\":\"Ledam\u00f6ter i kommunfullm\u00e4ktige\"}]},{\"@type\":\"WebSite\",\"@id\":\"https:\\\/\\\/wp.kristdemokraterna.se\\\/leksand\\\/#website\",\"url\":\"https:\\\/\\\/wp.kristdemokraterna.se\\\/leksand\\\/\",\"name\":\"Kristdemokraterna Leksand\",\"description\":\"Kristdemokratiska lokalavdelningen i Leksand\",\"inLanguage\":\"sv-SE\"}]}<\/script>\n<!-- \/ Yoast SEO plugin. -->","yoast_head_json":{"title":"Ledam\u00f6ter i kommunfullm\u00e4ktige - Kristdemokraterna Leksand","robots":{"index":"index","follow":"follow","max-snippet":"max-snippet:-1","max-image-preview":"max-image-preview:large","max-video-preview":"max-video-preview:-1"},"canonical":"https:\/\/wp.kristdemokraterna.se\/leksand\/foretradare\/kommunfullmaktige\/","og_locale":"sv_SE","og_type":"article","og_title":"Ledam\u00f6ter i kommunfullm\u00e4ktige - Kristdemokraterna Leksand","og_description":"Carin Malm Ordinarie ledamot 070-679 95 62, carin.malm@leksand.se Mikael Kyller Ordinarie ledamot 072-386 88 60, mikael.kyller@leksand.se Per Wiman Ordinarie ledamot 0247-334 00, per.wiman@leksand.se Sven P\u00e5fvels Ers\u00e4ttare sven.pafvels@leksand.se Oliver Rolands Ers\u00e4ttare oliver.rolands@leksand.se","og_url":"https:\/\/wp.kristdemokraterna.se\/leksand\/foretradare\/kommunfullmaktige\/","og_site_name":"Kristdemokraterna Leksand","article_modified_time":"2023-05-07T20:28:16+00:00","og_image":[{"url":"http:\/\/wp.kristdemokraterna.se\/leksand\/files\/2022\/08\/dsc9673cr-200x300.jpg","type":"","width":"","height":""}],"twitter_card":"summary_large_image","twitter_misc":{"Ber\u00e4knad l\u00e4stid":"1 minut"},"schema":{"@context":"https:\/\/schema.org","@graph":[{"@type":"WebPage","@id":"https:\/\/wp.kristdemokraterna.se\/leksand\/foretradare\/kommunfullmaktige\/","url":"https:\/\/wp.kristdemokraterna.se\/leksand\/foretradare\/kommunfullmaktige\/","name":"Ledam\u00f6ter i kommunfullm\u00e4ktige - Kristdemokraterna Leksand","isPartOf":{"@id":"https:\/\/wp.kristdemokraterna.se\/leksand\/#website"},"primaryImageOfPage":{"@id":"https:\/\/wp.kristdemokraterna.se\/leksand\/foretradare\/kommunfullmaktige\/#primaryimage"},"image":{"@id":"https:\/\/wp.kristdemokraterna.se\/leksand\/foretradare\/kommunfullmaktige\/#primaryimage"},"thumbnailUrl":"http:\/\/wp.kristdemokraterna.se\/leksand\/files\/2022\/08\/dsc9673cr-200x300.jpg","datePublished":"2018-07-29T00:32:28+00:00","dateModified":"2023-05-07T20:28:16+00:00","breadcrumb":{"@id":"https:\/\/wp.kristdemokraterna.se\/leksand\/foretradare\/kommunfullmaktige\/#breadcrumb"},"inLanguage":"sv-SE","potentialAction":[{"@type":"ReadAction","target":["https:\/\/wp.kristdemokraterna.se\/leksand\/foretradare\/kommunfullmaktige\/"]}]},{"@type":"ImageObject","inLanguage":"sv-SE","@id":"https:\/\/wp.kristdemokraterna.se\/leksand\/foretradare\/kommunfullmaktige\/#primaryimage","url":"http:\/\/wp.kristdemokraterna.se\/leksand\/files\/2022\/08\/dsc9673cr-200x300.jpg","contentUrl":"http:\/\/wp.kristdemokraterna.se\/leksand\/files\/2022\/08\/dsc9673cr-200x300.jpg"},{"@type":"BreadcrumbList","@id":"https:\/\/wp.kristdemokraterna.se\/leksand\/foretradare\/kommunfullmaktige\/#breadcrumb","itemListElement":[{"@type":"ListItem","position":1,"name":"Hem","item":"https:\/\/wp.kristdemokraterna.se\/leksand\/"},{"@type":"ListItem","position":2,"name":"F\u00f6retr\u00e4dare","item":"https:\/\/wp.kristdemokraterna.se\/leksand\/foretradare\/"},{"@type":"ListItem","position":3,"name":"Ledam\u00f6ter i kommunfullm\u00e4ktige"}]},{"@type":"WebSite","@id":"https:\/\/wp.kristdemokraterna.se\/leksand\/#website","url":"https:\/\/wp.kristdemokraterna.se\/leksand\/","name":"Kristdemokraterna Leksand","description":"Kristdemokratiska lokalavdelningen i Leksand","inLanguage":"sv-SE"}]}},"_links":{"self":[{"href":"https:\/\/wp.kristdemokraterna.se\/leksand\/wp-json\/wp\/v2\/pages\/449","targetHints":{"allow":["GET"]}}],"collection":[{"href":"https:\/\/wp.kristdemokraterna.se\/leksand\/wp-json\/wp\/v2\/pages"}],"about":[{"href":"https:\/\/wp.kristdemokraterna.se\/leksand\/wp-json\/wp\/v2\/types\/page"}],"author":[{"embeddable":true,"href":"https:\/\/wp.kristdemokraterna.se\/leksand\/wp-json\/wp\/v2\/users\/809"}],"replies":[{"embeddable":true,"href":"https:\/\/wp.kristdemokraterna.se\/leksand\/wp-json\/wp\/v2\/comments?post=449"}],"version-history":[{"count":22,"href":"https:\/\/wp.kristdemokraterna.se\/leksand\/wp-json\/wp\/v2\/pages\/449\/revisions"}],"predecessor-version":[{"id":1191,"href":"https:\/\/wp.kristdemokraterna.se\/leksand\/wp-json\/wp\/v2\/pages\/449\/revisions\/1191"}],"up":[{"embeddable":true,"href":"https:\/\/wp.kristdemokraterna.se\/leksand\/wp-json\/wp\/v2\/pages\/800"}],"wp:attachment":[{"href":"https:\/\/wp.kristdemokraterna.se\/leksand\/wp-json\/wp\/v2\/media?parent=449"}],"curies":[{"name":"wp","href":"https:\/\/api.w.org\/{rel}","templated":true}]}}