{"id":51,"date":"2014-03-18T20:24:54","date_gmt":"2014-03-18T19:24:54","guid":{"rendered":"http:\/\/wp.kristdemokraterna.se\/leksand\/?page_id=51"},"modified":"2024-03-03T19:59:30","modified_gmt":"2024-03-03T18:59:30","slug":"styrelsen","status":"publish","type":"page","link":"https:\/\/wp.kristdemokraterna.se\/leksand\/foretradare\/styrelsen\/","title":{"rendered":"Partiavdelningens styrelse"},"content":{"rendered":"<p><strong><a href=\"http:\/\/wp.kristdemokraterna.se\/leksand\/files\/2022\/08\/dsc9673cr-scaled.jpg\"><img loading=\"lazy\" decoding=\"async\" class=\"alignnone wp-image-1109 \" src=\"http:\/\/wp.kristdemokraterna.se\/leksand\/files\/2022\/08\/dsc9673cr-200x300.jpg\" alt=\"\" width=\"133\" height=\"200\" srcset=\"https:\/\/wp.kristdemokraterna.se\/leksand\/files\/2022\/08\/dsc9673cr-200x300.jpg 200w, https:\/\/wp.kristdemokraterna.se\/leksand\/files\/2022\/08\/dsc9673cr-684x1024.jpg 684w, https:\/\/wp.kristdemokraterna.se\/leksand\/files\/2022\/08\/dsc9673cr-768x1150.jpg 768w, https:\/\/wp.kristdemokraterna.se\/leksand\/files\/2022\/08\/dsc9673cr-1025x1536.jpg 1025w, https:\/\/wp.kristdemokraterna.se\/leksand\/files\/2022\/08\/dsc9673cr-1367x2048.jpg 1367w, https:\/\/wp.kristdemokraterna.se\/leksand\/files\/2022\/08\/dsc9673cr-134x200.jpg 134w, https:\/\/wp.kristdemokraterna.se\/leksand\/files\/2022\/08\/dsc9673cr-370x554.jpg 370w, https:\/\/wp.kristdemokraterna.se\/leksand\/files\/2022\/08\/dsc9673cr-770x1153.jpg 770w, https:\/\/wp.kristdemokraterna.se\/leksand\/files\/2022\/08\/dsc9673cr-450x674.jpg 450w, https:\/\/wp.kristdemokraterna.se\/leksand\/files\/2022\/08\/dsc9673cr-268x402.jpg 268w, https:\/\/wp.kristdemokraterna.se\/leksand\/files\/2022\/08\/dsc9673cr-340x509.jpg 340w, https:\/\/wp.kristdemokraterna.se\/leksand\/files\/2022\/08\/dsc9673cr-37x56.jpg 37w, https:\/\/wp.kristdemokraterna.se\/leksand\/files\/2022\/08\/dsc9673cr-scaled.jpg 1709w\" sizes=\"auto, (max-width: 133px) 100vw, 133px\" \/><\/a><br \/>\nCarin Malm<br \/>\n<\/strong><em>Ordf\u00f6rande och gruppledare<\/em><a href=\"http:\/\/wp.kristdemokraterna.se\/leksand\/files\/2021\/01\/img_3990-scaled.jpeg\"><br \/>\n<\/a>\u202d070-679 95 62\u202c, <a href=\"mailto:carin.malm@kristdemokraterna.se\">carin.malm@kristdemokraterna.se<\/a><\/p>\n<p><strong>Sven P\u00e5fvels<br \/>\n<\/strong><em>Vice ordf\u00f6rande<br \/>\n<\/em><a href=\"mailto:sven.pafvels@gmail.com\">sven.pafvels@gmail.com<\/a><\/p>\n<p><strong><a href=\"http:\/\/wp.kristdemokraterna.se\/leksand\/files\/2023\/05\/dsc0065-3-kopia-2-scaled.jpg\"><img loading=\"lazy\" decoding=\"async\" class=\"alignnone wp-image-1189 \" src=\"http:\/\/wp.kristdemokraterna.se\/leksand\/files\/2023\/05\/dsc0065-3-kopia-2-200x300.jpg\" alt=\"\" width=\"133\" height=\"200\" srcset=\"https:\/\/wp.kristdemokraterna.se\/leksand\/files\/2023\/05\/dsc0065-3-kopia-2-200x300.jpg 200w, https:\/\/wp.kristdemokraterna.se\/leksand\/files\/2023\/05\/dsc0065-3-kopia-2-684x1024.jpg 684w, https:\/\/wp.kristdemokraterna.se\/leksand\/files\/2023\/05\/dsc0065-3-kopia-2-768x1151.jpg 768w, https:\/\/wp.kristdemokraterna.se\/leksand\/files\/2023\/05\/dsc0065-3-kopia-2-1025x1536.jpg 1025w, https:\/\/wp.kristdemokraterna.se\/leksand\/files\/2023\/05\/dsc0065-3-kopia-2-1367x2048.jpg 1367w, https:\/\/wp.kristdemokraterna.se\/leksand\/files\/2023\/05\/dsc0065-3-kopia-2-134x200.jpg 134w, https:\/\/wp.kristdemokraterna.se\/leksand\/files\/2023\/05\/dsc0065-3-kopia-2-370x554.jpg 370w, https:\/\/wp.kristdemokraterna.se\/leksand\/files\/2023\/05\/dsc0065-3-kopia-2-770x1154.jpg 770w, https:\/\/wp.kristdemokraterna.se\/leksand\/files\/2023\/05\/dsc0065-3-kopia-2-450x674.jpg 450w, https:\/\/wp.kristdemokraterna.se\/leksand\/files\/2023\/05\/dsc0065-3-kopia-2-268x402.jpg 268w, https:\/\/wp.kristdemokraterna.se\/leksand\/files\/2023\/05\/dsc0065-3-kopia-2-340x509.jpg 340w, https:\/\/wp.kristdemokraterna.se\/leksand\/files\/2023\/05\/dsc0065-3-kopia-2-37x56.jpg 37w, https:\/\/wp.kristdemokraterna.se\/leksand\/files\/2023\/05\/dsc0065-3-kopia-2-scaled.jpg 1709w\" sizes=\"auto, (max-width: 133px) 100vw, 133px\" \/><\/a><br \/>\nOliver Rolands<br \/>\n<\/strong><em>Ordinarie ledamot och vice gruppledare<br \/>\n<\/em><a href=\"mailto:oliver.rolands@kristdemokraterna.se\">oliver.rolands@kristdemokraterna.se<\/a><\/p>\n<p><strong><a href=\"http:\/\/wp.kristdemokraterna.se\/leksand\/files\/2022\/08\/dsc9630cr3-2.jpg\"><img loading=\"lazy\" decoding=\"async\" class=\"alignnone wp-image-1112 \" src=\"http:\/\/wp.kristdemokraterna.se\/leksand\/files\/2022\/08\/dsc9630cr3-2-200x300.jpg\" alt=\"\" width=\"133\" height=\"200\" srcset=\"https:\/\/wp.kristdemokraterna.se\/leksand\/files\/2022\/08\/dsc9630cr3-2-200x300.jpg 200w, https:\/\/wp.kristdemokraterna.se\/leksand\/files\/2022\/08\/dsc9630cr3-2-684x1024.jpg 684w, https:\/\/wp.kristdemokraterna.se\/leksand\/files\/2022\/08\/dsc9630cr3-2-768x1150.jpg 768w, https:\/\/wp.kristdemokraterna.se\/leksand\/files\/2022\/08\/dsc9630cr3-2-1026x1536.jpg 1026w, https:\/\/wp.kristdemokraterna.se\/leksand\/files\/2022\/08\/dsc9630cr3-2-1368x2048.jpg 1368w, https:\/\/wp.kristdemokraterna.se\/leksand\/files\/2022\/08\/dsc9630cr3-2-134x200.jpg 134w, https:\/\/wp.kristdemokraterna.se\/leksand\/files\/2022\/08\/dsc9630cr3-2-370x554.jpg 370w, https:\/\/wp.kristdemokraterna.se\/leksand\/files\/2022\/08\/dsc9630cr3-2-770x1153.jpg 770w, https:\/\/wp.kristdemokraterna.se\/leksand\/files\/2022\/08\/dsc9630cr3-2-450x674.jpg 450w, https:\/\/wp.kristdemokraterna.se\/leksand\/files\/2022\/08\/dsc9630cr3-2-268x402.jpg 268w, https:\/\/wp.kristdemokraterna.se\/leksand\/files\/2022\/08\/dsc9630cr3-2-340x509.jpg 340w, https:\/\/wp.kristdemokraterna.se\/leksand\/files\/2022\/08\/dsc9630cr3-2-37x56.jpg 37w, https:\/\/wp.kristdemokraterna.se\/leksand\/files\/2022\/08\/dsc9630cr3-2.jpg 1411w\" sizes=\"auto, (max-width: 133px) 100vw, 133px\" \/><\/a><br \/>\n<\/strong><strong>Mikael Kyller<br \/>\n<\/strong><em>Ordinarie ledamot<\/em><br \/>\n<a href=\"mailto:mikael.kyller@leksand.se\">mikael.kyller@leksand.se<\/a><\/p>\n<p><strong><a href=\"http:\/\/wp.kristdemokraterna.se\/leksand\/files\/2022\/08\/dsc9652cr-scaled.jpg\"><img loading=\"lazy\" decoding=\"async\" class=\"alignnone wp-image-1110 \" src=\"http:\/\/wp.kristdemokraterna.se\/leksand\/files\/2022\/08\/dsc9652cr-200x300.jpg\" alt=\"\" width=\"133\" height=\"200\" srcset=\"https:\/\/wp.kristdemokraterna.se\/leksand\/files\/2022\/08\/dsc9652cr-200x300.jpg 200w, https:\/\/wp.kristdemokraterna.se\/leksand\/files\/2022\/08\/dsc9652cr-684x1024.jpg 684w, https:\/\/wp.kristdemokraterna.se\/leksand\/files\/2022\/08\/dsc9652cr-768x1150.jpg 768w, https:\/\/wp.kristdemokraterna.se\/leksand\/files\/2022\/08\/dsc9652cr-1025x1536.jpg 1025w, https:\/\/wp.kristdemokraterna.se\/leksand\/files\/2022\/08\/dsc9652cr-1367x2048.jpg 1367w, https:\/\/wp.kristdemokraterna.se\/leksand\/files\/2022\/08\/dsc9652cr-134x200.jpg 134w, https:\/\/wp.kristdemokraterna.se\/leksand\/files\/2022\/08\/dsc9652cr-370x554.jpg 370w, https:\/\/wp.kristdemokraterna.se\/leksand\/files\/2022\/08\/dsc9652cr-770x1153.jpg 770w, https:\/\/wp.kristdemokraterna.se\/leksand\/files\/2022\/08\/dsc9652cr-450x674.jpg 450w, https:\/\/wp.kristdemokraterna.se\/leksand\/files\/2022\/08\/dsc9652cr-268x402.jpg 268w, https:\/\/wp.kristdemokraterna.se\/leksand\/files\/2022\/08\/dsc9652cr-340x509.jpg 340w, https:\/\/wp.kristdemokraterna.se\/leksand\/files\/2022\/08\/dsc9652cr-37x56.jpg 37w, https:\/\/wp.kristdemokraterna.se\/leksand\/files\/2022\/08\/dsc9652cr-scaled.jpg 1709w\" sizes=\"auto, (max-width: 133px) 100vw, 133px\" \/><\/a><br \/>\n<\/strong><strong>Per Wiman<br \/>\n<\/strong><em>Ordinarie ledamot<\/em><strong><br \/>\n<\/strong><a href=\"mailto:per.wiman@leksand.se\">per.wiman@leksand.se<\/a><\/p>\n<p><strong>Noomi Persson<br \/>\n<\/strong><em>Ordinarie ledamot och kass\u00f6r<br \/>\n<\/em><a href=\"mailto:noomi.persson66@gmail.com\">noomi.persson66@gmail.com<\/a><\/p>\n<p><strong>Johan P\u00e5hlman<br \/>\n<\/strong><em>Ers\u00e4ttare<\/em><\/p>\n<p><strong>Kia Rolands<br \/>\n<\/strong><em>Ers\u00e4ttare<\/em><\/p>\n<p><strong>Sandra Martell<br \/>\n<\/strong><em>Ers\u00e4ttare<\/em><\/p>\n","protected":false},"excerpt":{"rendered":"<p>Carin Malm Ordf\u00f6rande och gruppledare \u202d070-679 95 62\u202c, carin.malm@kristdemokraterna.se Sven P\u00e5fvels Vice ordf\u00f6rande sven.pafvels@gmail.com Oliver Rolands Ordinarie ledamot och vice gruppledare oliver.rolands@kristdemokraterna.se Mikael Kyller Ordinarie ledamot mikael.kyller@leksand.se Per Wiman Ordinarie ledamot per.wiman@leksand.se Noomi Persson Ordinarie ledamot och kass\u00f6r noomi.persson66@gmail.com Johan P\u00e5hlman Ers\u00e4ttare Kia Rolands Ers\u00e4ttare Sandra Martell Ers\u00e4ttare<\/p>\n","protected":false},"author":616,"featured_media":0,"parent":800,"menu_order":1,"comment_status":"closed","ping_status":"closed","template":"","meta":{"_acf_changed":false,"footnotes":""},"class_list":["post-51","page","type-page","status-publish","hentry"],"acf":[],"yoast_head":"<!-- This site is optimized with the Yoast SEO plugin v27.4 - https:\/\/yoast.com\/product\/yoast-seo-wordpress\/ -->\n<title>Partiavdelningens styrelse - Kristdemokraterna Leksand<\/title>\n<meta name=\"robots\" content=\"index, follow, max-snippet:-1, max-image-preview:large, max-video-preview:-1\" \/>\n<link rel=\"canonical\" href=\"https:\/\/wp.kristdemokraterna.se\/leksand\/foretradare\/styrelsen\/\" \/>\n<meta property=\"og:locale\" content=\"sv_SE\" \/>\n<meta property=\"og:type\" content=\"article\" \/>\n<meta property=\"og:title\" content=\"Partiavdelningens styrelse - Kristdemokraterna Leksand\" \/>\n<meta property=\"og:description\" content=\"Carin Malm Ordf\u00f6rande och gruppledare \u202d070-679 95 62\u202c, carin.malm@kristdemokraterna.se Sven P\u00e5fvels Vice ordf\u00f6rande sven.pafvels@gmail.com Oliver Rolands Ordinarie ledamot och vice gruppledare oliver.rolands@kristdemokraterna.se Mikael Kyller Ordinarie ledamot mikael.kyller@leksand.se Per Wiman Ordinarie ledamot per.wiman@leksand.se Noomi Persson Ordinarie ledamot och kass\u00f6r noomi.persson66@gmail.com Johan P\u00e5hlman Ers\u00e4ttare Kia Rolands Ers\u00e4ttare Sandra Martell Ers\u00e4ttare\" \/>\n<meta property=\"og:url\" content=\"https:\/\/wp.kristdemokraterna.se\/leksand\/foretradare\/styrelsen\/\" \/>\n<meta property=\"og:site_name\" content=\"Kristdemokraterna Leksand\" \/>\n<meta property=\"article:modified_time\" content=\"2024-03-03T18:59:30+00:00\" \/>\n<meta property=\"og:image\" content=\"http:\/\/wp.kristdemokraterna.se\/leksand\/files\/2022\/08\/dsc9673cr-200x300.jpg\" \/>\n<meta name=\"twitter:card\" content=\"summary_large_image\" \/>\n<meta name=\"twitter:label1\" content=\"Ber\u00e4knad l\u00e4stid\" \/>\n\t<meta name=\"twitter:data1\" content=\"2 minuter\" \/>\n<script type=\"application\/ld+json\" class=\"yoast-schema-graph\">{\"@context\":\"https:\\\/\\\/schema.org\",\"@graph\":[{\"@type\":\"WebPage\",\"@id\":\"https:\\\/\\\/wp.kristdemokraterna.se\\\/leksand\\\/foretradare\\\/styrelsen\\\/\",\"url\":\"https:\\\/\\\/wp.kristdemokraterna.se\\\/leksand\\\/foretradare\\\/styrelsen\\\/\",\"name\":\"Partiavdelningens styrelse - Kristdemokraterna Leksand\",\"isPartOf\":{\"@id\":\"https:\\\/\\\/wp.kristdemokraterna.se\\\/leksand\\\/#website\"},\"primaryImageOfPage\":{\"@id\":\"https:\\\/\\\/wp.kristdemokraterna.se\\\/leksand\\\/foretradare\\\/styrelsen\\\/#primaryimage\"},\"image\":{\"@id\":\"https:\\\/\\\/wp.kristdemokraterna.se\\\/leksand\\\/foretradare\\\/styrelsen\\\/#primaryimage\"},\"thumbnailUrl\":\"http:\\\/\\\/wp.kristdemokraterna.se\\\/leksand\\\/files\\\/2022\\\/08\\\/dsc9673cr-200x300.jpg\",\"datePublished\":\"2014-03-18T19:24:54+00:00\",\"dateModified\":\"2024-03-03T18:59:30+00:00\",\"breadcrumb\":{\"@id\":\"https:\\\/\\\/wp.kristdemokraterna.se\\\/leksand\\\/foretradare\\\/styrelsen\\\/#breadcrumb\"},\"inLanguage\":\"sv-SE\",\"potentialAction\":[{\"@type\":\"ReadAction\",\"target\":[\"https:\\\/\\\/wp.kristdemokraterna.se\\\/leksand\\\/foretradare\\\/styrelsen\\\/\"]}]},{\"@type\":\"ImageObject\",\"inLanguage\":\"sv-SE\",\"@id\":\"https:\\\/\\\/wp.kristdemokraterna.se\\\/leksand\\\/foretradare\\\/styrelsen\\\/#primaryimage\",\"url\":\"http:\\\/\\\/wp.kristdemokraterna.se\\\/leksand\\\/files\\\/2022\\\/08\\\/dsc9673cr-200x300.jpg\",\"contentUrl\":\"http:\\\/\\\/wp.kristdemokraterna.se\\\/leksand\\\/files\\\/2022\\\/08\\\/dsc9673cr-200x300.jpg\"},{\"@type\":\"BreadcrumbList\",\"@id\":\"https:\\\/\\\/wp.kristdemokraterna.se\\\/leksand\\\/foretradare\\\/styrelsen\\\/#breadcrumb\",\"itemListElement\":[{\"@type\":\"ListItem\",\"position\":1,\"name\":\"Hem\",\"item\":\"https:\\\/\\\/wp.kristdemokraterna.se\\\/leksand\\\/\"},{\"@type\":\"ListItem\",\"position\":2,\"name\":\"F\u00f6retr\u00e4dare\",\"item\":\"https:\\\/\\\/wp.kristdemokraterna.se\\\/leksand\\\/foretradare\\\/\"},{\"@type\":\"ListItem\",\"position\":3,\"name\":\"Partiavdelningens styrelse\"}]},{\"@type\":\"WebSite\",\"@id\":\"https:\\\/\\\/wp.kristdemokraterna.se\\\/leksand\\\/#website\",\"url\":\"https:\\\/\\\/wp.kristdemokraterna.se\\\/leksand\\\/\",\"name\":\"Kristdemokraterna Leksand\",\"description\":\"Kristdemokratiska lokalavdelningen i Leksand\",\"inLanguage\":\"sv-SE\"}]}<\/script>\n<!-- \/ Yoast SEO plugin. -->","yoast_head_json":{"title":"Partiavdelningens styrelse - Kristdemokraterna Leksand","robots":{"index":"index","follow":"follow","max-snippet":"max-snippet:-1","max-image-preview":"max-image-preview:large","max-video-preview":"max-video-preview:-1"},"canonical":"https:\/\/wp.kristdemokraterna.se\/leksand\/foretradare\/styrelsen\/","og_locale":"sv_SE","og_type":"article","og_title":"Partiavdelningens styrelse - Kristdemokraterna Leksand","og_description":"Carin Malm Ordf\u00f6rande och gruppledare \u202d070-679 95 62\u202c, carin.malm@kristdemokraterna.se Sven P\u00e5fvels Vice ordf\u00f6rande sven.pafvels@gmail.com Oliver Rolands Ordinarie ledamot och vice gruppledare oliver.rolands@kristdemokraterna.se Mikael Kyller Ordinarie ledamot mikael.kyller@leksand.se Per Wiman Ordinarie ledamot per.wiman@leksand.se Noomi Persson Ordinarie ledamot och kass\u00f6r noomi.persson66@gmail.com Johan P\u00e5hlman Ers\u00e4ttare Kia Rolands Ers\u00e4ttare Sandra Martell Ers\u00e4ttare","og_url":"https:\/\/wp.kristdemokraterna.se\/leksand\/foretradare\/styrelsen\/","og_site_name":"Kristdemokraterna Leksand","article_modified_time":"2024-03-03T18:59:30+00:00","og_image":[{"url":"http:\/\/wp.kristdemokraterna.se\/leksand\/files\/2022\/08\/dsc9673cr-200x300.jpg","type":"","width":"","height":""}],"twitter_card":"summary_large_image","twitter_misc":{"Ber\u00e4knad l\u00e4stid":"2 minuter"},"schema":{"@context":"https:\/\/schema.org","@graph":[{"@type":"WebPage","@id":"https:\/\/wp.kristdemokraterna.se\/leksand\/foretradare\/styrelsen\/","url":"https:\/\/wp.kristdemokraterna.se\/leksand\/foretradare\/styrelsen\/","name":"Partiavdelningens styrelse - Kristdemokraterna Leksand","isPartOf":{"@id":"https:\/\/wp.kristdemokraterna.se\/leksand\/#website"},"primaryImageOfPage":{"@id":"https:\/\/wp.kristdemokraterna.se\/leksand\/foretradare\/styrelsen\/#primaryimage"},"image":{"@id":"https:\/\/wp.kristdemokraterna.se\/leksand\/foretradare\/styrelsen\/#primaryimage"},"thumbnailUrl":"http:\/\/wp.kristdemokraterna.se\/leksand\/files\/2022\/08\/dsc9673cr-200x300.jpg","datePublished":"2014-03-18T19:24:54+00:00","dateModified":"2024-03-03T18:59:30+00:00","breadcrumb":{"@id":"https:\/\/wp.kristdemokraterna.se\/leksand\/foretradare\/styrelsen\/#breadcrumb"},"inLanguage":"sv-SE","potentialAction":[{"@type":"ReadAction","target":["https:\/\/wp.kristdemokraterna.se\/leksand\/foretradare\/styrelsen\/"]}]},{"@type":"ImageObject","inLanguage":"sv-SE","@id":"https:\/\/wp.kristdemokraterna.se\/leksand\/foretradare\/styrelsen\/#primaryimage","url":"http:\/\/wp.kristdemokraterna.se\/leksand\/files\/2022\/08\/dsc9673cr-200x300.jpg","contentUrl":"http:\/\/wp.kristdemokraterna.se\/leksand\/files\/2022\/08\/dsc9673cr-200x300.jpg"},{"@type":"BreadcrumbList","@id":"https:\/\/wp.kristdemokraterna.se\/leksand\/foretradare\/styrelsen\/#breadcrumb","itemListElement":[{"@type":"ListItem","position":1,"name":"Hem","item":"https:\/\/wp.kristdemokraterna.se\/leksand\/"},{"@type":"ListItem","position":2,"name":"F\u00f6retr\u00e4dare","item":"https:\/\/wp.kristdemokraterna.se\/leksand\/foretradare\/"},{"@type":"ListItem","position":3,"name":"Partiavdelningens styrelse"}]},{"@type":"WebSite","@id":"https:\/\/wp.kristdemokraterna.se\/leksand\/#website","url":"https:\/\/wp.kristdemokraterna.se\/leksand\/","name":"Kristdemokraterna Leksand","description":"Kristdemokratiska lokalavdelningen i Leksand","inLanguage":"sv-SE"}]}},"_links":{"self":[{"href":"https:\/\/wp.kristdemokraterna.se\/leksand\/wp-json\/wp\/v2\/pages\/51","targetHints":{"allow":["GET"]}}],"collection":[{"href":"https:\/\/wp.kristdemokraterna.se\/leksand\/wp-json\/wp\/v2\/pages"}],"about":[{"href":"https:\/\/wp.kristdemokraterna.se\/leksand\/wp-json\/wp\/v2\/types\/page"}],"author":[{"embeddable":true,"href":"https:\/\/wp.kristdemokraterna.se\/leksand\/wp-json\/wp\/v2\/users\/616"}],"replies":[{"embeddable":true,"href":"https:\/\/wp.kristdemokraterna.se\/leksand\/wp-json\/wp\/v2\/comments?post=51"}],"version-history":[{"count":38,"href":"https:\/\/wp.kristdemokraterna.se\/leksand\/wp-json\/wp\/v2\/pages\/51\/revisions"}],"predecessor-version":[{"id":1273,"href":"https:\/\/wp.kristdemokraterna.se\/leksand\/wp-json\/wp\/v2\/pages\/51\/revisions\/1273"}],"up":[{"embeddable":true,"href":"https:\/\/wp.kristdemokraterna.se\/leksand\/wp-json\/wp\/v2\/pages\/800"}],"wp:attachment":[{"href":"https:\/\/wp.kristdemokraterna.se\/leksand\/wp-json\/wp\/v2\/media?parent=51"}],"curies":[{"name":"wp","href":"https:\/\/api.w.org\/{rel}","templated":true}]}}