{"id":761,"date":"2021-04-21T17:49:41","date_gmt":"2021-04-21T15:49:41","guid":{"rendered":"https:\/\/wp.kristdemokraterna.se\/leksand\/?page_id=761"},"modified":"2022-07-06T21:55:29","modified_gmt":"2022-07-06T19:55:29","slug":"familj","status":"publish","type":"page","link":"https:\/\/wp.kristdemokraterna.se\/leksand\/var-politik\/politikomraden\/familj\/","title":{"rendered":"Familj"},"content":{"rendered":"<div class=\"kvgmc6g5 cxmmr5t8 oygrvhab hcukyx3x c1et5uql ii04i59q\">\n<p>F\u00f6r oss \u00e4r familjen det absolut viktigaste och vi vill g\u00f6ra allt vi kan f\u00f6r att st\u00e4rka familjens roll i samh\u00e4llet. Barn som v\u00e4xer upp i trygga familjer f\u00e5r bra f\u00f6ruts\u00e4ttningar att klara livets utmaningar. D\u00e4rf\u00f6r ska politiken fokusera p\u00e5 att st\u00f6dja familjer, inte styra. I v\u00e5r kommun vill vi att det finns stor valfrihet och m\u00e5ngfald vad g\u00e4ller barnomsorg och f\u00f6rskola. F\u00f6r\u00e4ldrar ska kunna v\u00e4lja fritt och hitta ett alternativ som passar just dem. Vidare vill vi inf\u00f6ra ett fritidskort f\u00f6r barn i \u00e5rskurs 2\u20139 som \u00e4r laddat med ett ekonomiskt st\u00f6d f\u00f6r deltagaravgifter i f\u00f6reningslivet och kulturskolan. P\u00e5 s\u00e5 s\u00e4tt ger vi alla barn goda m\u00f6jligheter att delta i idrott och annan f\u00f6reningsverksamhet. Vi vill \u00e4ven forts\u00e4tta prioritera verksamheten p\u00e5 familjecentralen, som tack vare oss har blivit verklighet och som erbjuder ett enhetligt och l\u00e4ttillg\u00e4ngligt st\u00f6d till f\u00f6r\u00e4ldrar.<\/p>\n<blockquote>\n<p style=\"text-align: left\">Vision 2030 f\u00f6r Leksands kommun:<em> \u201cVi skapar gemensamt m\u00f6jligheter f\u00f6r alla att utvecklas och att skapa sin b\u00e4sta livssituation \u2026 Vi erbjuder v\u00e5ra inv\u00e5nare och bes\u00f6kare en god och tillg\u00e4nglig v\u00e4lf\u00e4rd och en professionell kommunal service.\u201d<\/em><\/p>\n<\/blockquote>\n<h4><strong>V\u00e5ra f\u00f6rslag:<\/strong><\/h4>\n<ul>\n<li>Inf\u00f6r ett tak f\u00f6r sm\u00e5barnsgruppernas storlek. Barn som \u00e4r tre \u00e5r eller yngre ska inte beh\u00f6va tillh\u00f6ra grupper som \u00e4r st\u00f6rre \u00e4n tolv barn. I Leksand \u00e4r minst 40 procent av de \u00e5ldersindelade sm\u00e5barnsgrupperna st\u00f6rre \u00e4n de borde vara.<\/li>\n<li>Se till att det finns stor valfrihet och m\u00e5ngfald med flera alternativa utf\u00f6rare vid val av barnomsorg och f\u00f6rskola. F\u00f6r\u00e4ldrar ska sj\u00e4lva kunna v\u00e4lja och hitta ett alternativ som passar just dem.<\/li>\n<li>Erbjud likv\u00e4rdiga villkor f\u00f6r alla godk\u00e4nda barnomsorgs- och f\u00f6rskoleverksamheter. Kommunen b\u00f6r s\u00e4rskilt underl\u00e4tta och se till att familjedaghem finns som alternativ inom barnomsorg.<\/li>\n<li>Verka f\u00f6r att \u00f6ppen f\u00f6rskola erbjuds i Insj\u00f6n, T\u00e4llberg och Siljansn\u00e4s tillsammans med andra akt\u00f6rer. Vi ser g\u00e4rna att antalet \u00f6ppna f\u00f6rskolor \u00f6kar och att \u00f6ppen f\u00f6rskola finns med rimlig n\u00e4rhet i alla kommundelar.<\/li>\n<li>Forts\u00e4tt prioritera familjecentralen, ungdomsmottagningen och elevh\u00e4lsov\u00e5rden. Dessa institutioner, liksom det civila samh\u00e4llet, spelar en viktig roll f\u00f6r att ge st\u00f6d till barn och unga och deras familjer.<\/li>\n<li>F\u00f6rst\u00e4rk barn- och ungdomsh\u00e4lsan d\u00e4r kommun och region samverkar.<\/li>\n<li>Se till att f\u00f6r\u00e4ldrautbildning erbjuds till alla som vill.<\/li>\n<li>Inf\u00f6r ett fritidskort f\u00f6r barn i \u00e5rskurs 2\u20139, laddat med ett ekonomiskt st\u00f6d f\u00f6r deltagaravgifter i ledarledda aktiviteter i f\u00f6reningslivet, samt kulturskolan. St\u00f6dets storlek ska variera utifr\u00e5n hush\u00e5llets ekonomi, vilket inneb\u00e4r att barn i ekonomisk utsatthet f\u00e5r ett st\u00f6rre st\u00f6d \u00e4n andra barn. Alla barn ska f\u00e5 goda m\u00f6jligheter att delta i idrott eller annan f\u00f6reningsverksamhet.<\/li>\n<\/ul>\n<\/div>\n<div class=\"o9v6fnle cxmmr5t8 oygrvhab hcukyx3x c1et5uql ii04i59q\">\n<h4><strong>F\u00f6rslag som beslutas p\u00e5 riksniv\u00e5:<\/strong><\/h4>\n<ul>\n<li>Inf\u00f6r fritt uttag av f\u00f6r\u00e4ldradagar i tre \u00e5r. F\u00f6r\u00e4ldraf\u00f6rs\u00e4kringen ska vara flexibel \u2013 vi s\u00e4ger nej till kvotering.<\/li>\n<li>G\u00f6r det m\u00f6jligt f\u00f6r familjer att kunna anv\u00e4nda barnomsorgspengen f\u00f6r att ta hand om egna och anh\u00f6rigas barn.<\/li>\n<li>H\u00f6j barndelen i bostadsbidraget med 200 kronor per m\u00e5nad f\u00f6r ett barn, 400 kronor f\u00f6r tv\u00e5 barn och 600 kronor f\u00f6r tre eller fler barn. P\u00e5 s\u00e5 s\u00e4tt st\u00f6ttar vi de s\u00e4mst st\u00e4llda barnfamiljerna.<\/li>\n<li>St\u00e4rk barnfamiljers ekonomi genom ett jobbskatteavdrag f\u00f6r f\u00f6r\u00e4ldrar. Avdraget uppg\u00e5r till 150 kr\/m\u00e5nad per f\u00f6r\u00e4lder. F\u00f6r f\u00f6r\u00e4ldrar med barn 0\u20133 \u00e5r g\u00e4ller avdraget \u00e4ven f\u00f6r andra inkomster, s\u00e5som f\u00f6r\u00e4ldrapenning eller a-kassa. Med st\u00f6rre marginaler kan fler f\u00f6r\u00e4ldrar v\u00e4lja att g\u00e5 ned i arbetstid och d\u00e4rigenom f\u00e5 mer tid f\u00f6r familjelivet.<\/li>\n<\/ul>\n<\/div>\n","protected":false},"excerpt":{"rendered":"<p>F\u00f6r oss \u00e4r familjen det absolut viktigaste och vi vill g\u00f6ra allt vi kan f\u00f6r att st\u00e4rka familjens roll i samh\u00e4llet. Barn som v\u00e4xer upp i trygga familjer f\u00e5r bra f\u00f6ruts\u00e4ttningar att klara livets utmaningar. D\u00e4rf\u00f6r ska politiken fokusera p\u00e5 att st\u00f6dja familjer, inte styra. I v\u00e5r kommun vill vi att det finns stor valfrihet <a class=\"read-more-link\" href=\"https:\/\/wp.kristdemokraterna.se\/leksand\/var-politik\/politikomraden\/familj\/\">Read More<\/a><\/p>\n","protected":false},"author":958,"featured_media":0,"parent":807,"menu_order":1,"comment_status":"closed","ping_status":"closed","template":"","meta":{"_acf_changed":false,"footnotes":""},"class_list":["post-761","page","type-page","status-publish","hentry"],"acf":[],"yoast_head":"<!-- This site is optimized with the Yoast SEO plugin v27.3 - https:\/\/yoast.com\/product\/yoast-seo-wordpress\/ -->\n<title>Familj - Kristdemokraterna Leksand<\/title>\n<meta name=\"robots\" content=\"index, follow, max-snippet:-1, max-image-preview:large, max-video-preview:-1\" \/>\n<link rel=\"canonical\" href=\"https:\/\/wp.kristdemokraterna.se\/leksand\/var-politik\/politikomraden\/familj\/\" \/>\n<meta property=\"og:locale\" content=\"sv_SE\" \/>\n<meta property=\"og:type\" content=\"article\" \/>\n<meta property=\"og:title\" content=\"Familj - Kristdemokraterna Leksand\" \/>\n<meta property=\"og:description\" content=\"F\u00f6r oss \u00e4r familjen det absolut viktigaste och vi vill g\u00f6ra allt vi kan f\u00f6r att st\u00e4rka familjens roll i samh\u00e4llet. Barn som v\u00e4xer upp i trygga familjer f\u00e5r bra f\u00f6ruts\u00e4ttningar att klara livets utmaningar. D\u00e4rf\u00f6r ska politiken fokusera p\u00e5 att st\u00f6dja familjer, inte styra. I v\u00e5r kommun vill vi att det finns stor valfrihet Read More\" \/>\n<meta property=\"og:url\" content=\"https:\/\/wp.kristdemokraterna.se\/leksand\/var-politik\/politikomraden\/familj\/\" \/>\n<meta property=\"og:site_name\" content=\"Kristdemokraterna Leksand\" \/>\n<meta property=\"article:modified_time\" content=\"2022-07-06T19:55:29+00:00\" \/>\n<meta name=\"twitter:card\" content=\"summary_large_image\" \/>\n<meta name=\"twitter:label1\" content=\"Ber\u00e4knad l\u00e4stid\" \/>\n\t<meta name=\"twitter:data1\" content=\"1 minut\" \/>\n<script type=\"application\/ld+json\" class=\"yoast-schema-graph\">{\"@context\":\"https:\\\/\\\/schema.org\",\"@graph\":[{\"@type\":\"WebPage\",\"@id\":\"https:\\\/\\\/wp.kristdemokraterna.se\\\/leksand\\\/var-politik\\\/politikomraden\\\/familj\\\/\",\"url\":\"https:\\\/\\\/wp.kristdemokraterna.se\\\/leksand\\\/var-politik\\\/politikomraden\\\/familj\\\/\",\"name\":\"Familj - Kristdemokraterna Leksand\",\"isPartOf\":{\"@id\":\"https:\\\/\\\/wp.kristdemokraterna.se\\\/leksand\\\/#website\"},\"datePublished\":\"2021-04-21T15:49:41+00:00\",\"dateModified\":\"2022-07-06T19:55:29+00:00\",\"breadcrumb\":{\"@id\":\"https:\\\/\\\/wp.kristdemokraterna.se\\\/leksand\\\/var-politik\\\/politikomraden\\\/familj\\\/#breadcrumb\"},\"inLanguage\":\"sv-SE\",\"potentialAction\":[{\"@type\":\"ReadAction\",\"target\":[\"https:\\\/\\\/wp.kristdemokraterna.se\\\/leksand\\\/var-politik\\\/politikomraden\\\/familj\\\/\"]}]},{\"@type\":\"BreadcrumbList\",\"@id\":\"https:\\\/\\\/wp.kristdemokraterna.se\\\/leksand\\\/var-politik\\\/politikomraden\\\/familj\\\/#breadcrumb\",\"itemListElement\":[{\"@type\":\"ListItem\",\"position\":1,\"name\":\"Hem\",\"item\":\"https:\\\/\\\/wp.kristdemokraterna.se\\\/leksand\\\/\"},{\"@type\":\"ListItem\",\"position\":2,\"name\":\"V\u00e5r politik\",\"item\":\"https:\\\/\\\/wp.kristdemokraterna.se\\\/leksand\\\/var-politik\\\/\"},{\"@type\":\"ListItem\",\"position\":3,\"name\":\"Politikomr\u00e5den\",\"item\":\"https:\\\/\\\/wp.kristdemokraterna.se\\\/leksand\\\/var-politik\\\/politikomraden\\\/\"},{\"@type\":\"ListItem\",\"position\":4,\"name\":\"Familj\"}]},{\"@type\":\"WebSite\",\"@id\":\"https:\\\/\\\/wp.kristdemokraterna.se\\\/leksand\\\/#website\",\"url\":\"https:\\\/\\\/wp.kristdemokraterna.se\\\/leksand\\\/\",\"name\":\"Kristdemokraterna Leksand\",\"description\":\"Kristdemokratiska lokalavdelningen i Leksand\",\"inLanguage\":\"sv-SE\"}]}<\/script>\n<!-- \/ Yoast SEO plugin. -->","yoast_head_json":{"title":"Familj - Kristdemokraterna Leksand","robots":{"index":"index","follow":"follow","max-snippet":"max-snippet:-1","max-image-preview":"max-image-preview:large","max-video-preview":"max-video-preview:-1"},"canonical":"https:\/\/wp.kristdemokraterna.se\/leksand\/var-politik\/politikomraden\/familj\/","og_locale":"sv_SE","og_type":"article","og_title":"Familj - Kristdemokraterna Leksand","og_description":"F\u00f6r oss \u00e4r familjen det absolut viktigaste och vi vill g\u00f6ra allt vi kan f\u00f6r att st\u00e4rka familjens roll i samh\u00e4llet. Barn som v\u00e4xer upp i trygga familjer f\u00e5r bra f\u00f6ruts\u00e4ttningar att klara livets utmaningar. D\u00e4rf\u00f6r ska politiken fokusera p\u00e5 att st\u00f6dja familjer, inte styra. I v\u00e5r kommun vill vi att det finns stor valfrihet Read More","og_url":"https:\/\/wp.kristdemokraterna.se\/leksand\/var-politik\/politikomraden\/familj\/","og_site_name":"Kristdemokraterna Leksand","article_modified_time":"2022-07-06T19:55:29+00:00","twitter_card":"summary_large_image","twitter_misc":{"Ber\u00e4knad l\u00e4stid":"1 minut"},"schema":{"@context":"https:\/\/schema.org","@graph":[{"@type":"WebPage","@id":"https:\/\/wp.kristdemokraterna.se\/leksand\/var-politik\/politikomraden\/familj\/","url":"https:\/\/wp.kristdemokraterna.se\/leksand\/var-politik\/politikomraden\/familj\/","name":"Familj - Kristdemokraterna Leksand","isPartOf":{"@id":"https:\/\/wp.kristdemokraterna.se\/leksand\/#website"},"datePublished":"2021-04-21T15:49:41+00:00","dateModified":"2022-07-06T19:55:29+00:00","breadcrumb":{"@id":"https:\/\/wp.kristdemokraterna.se\/leksand\/var-politik\/politikomraden\/familj\/#breadcrumb"},"inLanguage":"sv-SE","potentialAction":[{"@type":"ReadAction","target":["https:\/\/wp.kristdemokraterna.se\/leksand\/var-politik\/politikomraden\/familj\/"]}]},{"@type":"BreadcrumbList","@id":"https:\/\/wp.kristdemokraterna.se\/leksand\/var-politik\/politikomraden\/familj\/#breadcrumb","itemListElement":[{"@type":"ListItem","position":1,"name":"Hem","item":"https:\/\/wp.kristdemokraterna.se\/leksand\/"},{"@type":"ListItem","position":2,"name":"V\u00e5r politik","item":"https:\/\/wp.kristdemokraterna.se\/leksand\/var-politik\/"},{"@type":"ListItem","position":3,"name":"Politikomr\u00e5den","item":"https:\/\/wp.kristdemokraterna.se\/leksand\/var-politik\/politikomraden\/"},{"@type":"ListItem","position":4,"name":"Familj"}]},{"@type":"WebSite","@id":"https:\/\/wp.kristdemokraterna.se\/leksand\/#website","url":"https:\/\/wp.kristdemokraterna.se\/leksand\/","name":"Kristdemokraterna Leksand","description":"Kristdemokratiska lokalavdelningen i Leksand","inLanguage":"sv-SE"}]}},"_links":{"self":[{"href":"https:\/\/wp.kristdemokraterna.se\/leksand\/wp-json\/wp\/v2\/pages\/761","targetHints":{"allow":["GET"]}}],"collection":[{"href":"https:\/\/wp.kristdemokraterna.se\/leksand\/wp-json\/wp\/v2\/pages"}],"about":[{"href":"https:\/\/wp.kristdemokraterna.se\/leksand\/wp-json\/wp\/v2\/types\/page"}],"author":[{"embeddable":true,"href":"https:\/\/wp.kristdemokraterna.se\/leksand\/wp-json\/wp\/v2\/users\/958"}],"replies":[{"embeddable":true,"href":"https:\/\/wp.kristdemokraterna.se\/leksand\/wp-json\/wp\/v2\/comments?post=761"}],"version-history":[{"count":7,"href":"https:\/\/wp.kristdemokraterna.se\/leksand\/wp-json\/wp\/v2\/pages\/761\/revisions"}],"predecessor-version":[{"id":1020,"href":"https:\/\/wp.kristdemokraterna.se\/leksand\/wp-json\/wp\/v2\/pages\/761\/revisions\/1020"}],"up":[{"embeddable":true,"href":"https:\/\/wp.kristdemokraterna.se\/leksand\/wp-json\/wp\/v2\/pages\/807"}],"wp:attachment":[{"href":"https:\/\/wp.kristdemokraterna.se\/leksand\/wp-json\/wp\/v2\/media?parent=761"}],"curies":[{"name":"wp","href":"https:\/\/api.w.org\/{rel}","templated":true}]}}