{"id":765,"date":"2021-04-21T17:50:37","date_gmt":"2021-04-21T15:50:37","guid":{"rendered":"https:\/\/wp.kristdemokraterna.se\/leksand\/?page_id=765"},"modified":"2022-07-06T21:59:26","modified_gmt":"2022-07-06T19:59:26","slug":"ekonomi","status":"publish","type":"page","link":"https:\/\/wp.kristdemokraterna.se\/leksand\/var-politik\/politikomraden\/ekonomi\/","title":{"rendered":"Ekonomi &amp; f\u00f6retagande"},"content":{"rendered":"<p>Som kommun vill vi b\u00e5de ta ansvar f\u00f6r v\u00e5r egen ekonomi, det vill s\u00e4ga inv\u00e5narnas skattepengar, och st\u00f6dja det privata n\u00e4ringslivet. F\u00f6retags och enskilda m\u00e4nniskors innovationer kommer alltid att vara grunden f\u00f6r Leksands framg\u00e5ngar. Det \u00e4r ett starkt f\u00f6retagande som ger nya arbetstillf\u00e4llen, h\u00f6gre tillv\u00e4xt och b\u00e4ttre f\u00f6ruts\u00e4ttningar att finansiera v\u00e4lf\u00e4rden. Och det \u00e4r privatpersoners ideella engagemang som bygger upp ett samh\u00e4lle pr\u00e4glat av gemenskap, solidaritet och fram\u00e5tanda. Vi vill d\u00e4rf\u00f6r ge m\u00e4nniskor och f\u00f6retag goda f\u00f6ruts\u00e4ttningar att forts\u00e4tta bygga v\u00e5rt Leksand!<\/p>\n<blockquote><p>Vision 2030 f\u00f6r Leksands kommun:<em> \u201cVi arbetar st\u00e4ndigt med att anv\u00e4nda v\u00e5ra gemensamma resurser p\u00e5 ett s\u00e5 effektivt s\u00e4tt som m\u00f6jligt och ser stora f\u00f6rdelar med samarbeten \u2026 Bygdens framg\u00e5ngsrika f\u00f6retagare bidrar med ett brett utbud av varor, tj\u00e4nster och arbetsplatser &#8211; b\u00e5de lokalt och globalt. I samverkan med n\u00e4ringslivet skapar vi bra f\u00f6ruts\u00e4ttningar f\u00f6r expansion och tillv\u00e4xt.\u201d<\/em><\/p><\/blockquote>\n<h4><strong>V\u00e5ra f\u00f6rslag:<\/strong><\/h4>\n<ul>\n<li>Se till att skatten \u00e4r s\u00e5 l\u00e5g som m\u00f6jligt och s\u00e5 h\u00f6g som n\u00f6dv\u00e4ndigt. Vi anser generellt att skatterna \u00e4r f\u00f6r h\u00f6ga och har alltid en str\u00e4van efter s\u00e4nkt skatt. Kommunen ska drivas med h\u00f6g effektivitet och ett gott f\u00f6rvaltarskap d\u00e4r k\u00e4rnverksamheterna prioriteras.<\/li>\n<li>Inf\u00f6r ett \u00f6verskottsm\u00e5l p\u00e5 tre procent. \u00d6verskottsm\u00e5let \u00e4r ett m\u00e5l f\u00f6r kommunens finansiella sparande. Ett h\u00f6gt m\u00e5l bidrar till ekonomisk stabilitet och m\u00f6jligg\u00f6r framtida investeringar.<\/li>\n<li>Prioritera kompetensutveckling och utveckling av kommunens upphandlingsverksamhet f\u00f6r att st\u00e4ndigt effektivisera och f\u00e5 r\u00e4tt pris i varje upphandling.<\/li>\n<li>Se till att v\u00e4lf\u00e4rdstj\u00e4nsterna kan levereras av en m\u00e5ngfald av utf\u00f6rare, bland annat genom att anv\u00e4nda Lagen om valfrihetssystem (LOV), utmaningsr\u00e4tt och Lagen om offentlig upphandling (LOU).<\/li>\n<li>Utarbeta ett regelverk som m\u00f6jligg\u00f6r samverkan med ideella organisationer och sociala f\u00f6retag genom id\u00e9buret offentligt partnerskap (IOP). Det kan till exempel handla om volont\u00e4rer som st\u00f6ttar \u00e4ldreomsorgen genom sociala aktiviteter, l\u00e4xl\u00e4sning med barn eller aktiviteter f\u00f6r nyanl\u00e4nda. Kommunen kan bidra med pengar, lokaler eller administrativa resurser.<\/li>\n<li>Uppr\u00e4tta en plan f\u00f6r f\u00f6rb\u00e4ttrat f\u00f6retagsklimat i kommunen.<\/li>\n<li>Utred behovet av att inf\u00f6ra ett eget utskott f\u00f6r n\u00e4ringslivsfr\u00e5gor.<\/li>\n<li>Utred behovet av att inf\u00f6ra f\u00f6retagslotsar f\u00f6r att tydligg\u00f6ra vem som ansvarar f\u00f6r n\u00e4ringslivsfr\u00e5gorna i kommunen och f\u00f6r att \u00e4renden ska kunna f\u00e5 en snabb och s\u00e4ker hantering.<\/li>\n<li>Verka f\u00f6r att fler ungdomar mellan 15\u201318 \u00e5r erbjuds feriejobb.<\/li>\n<\/ul>\n","protected":false},"excerpt":{"rendered":"<p>Som kommun vill vi b\u00e5de ta ansvar f\u00f6r v\u00e5r egen ekonomi, det vill s\u00e4ga inv\u00e5narnas skattepengar, och st\u00f6dja det privata n\u00e4ringslivet. F\u00f6retags och enskilda m\u00e4nniskors innovationer kommer alltid att vara grunden f\u00f6r Leksands framg\u00e5ngar. Det \u00e4r ett starkt f\u00f6retagande som ger nya arbetstillf\u00e4llen, h\u00f6gre tillv\u00e4xt och b\u00e4ttre f\u00f6ruts\u00e4ttningar att finansiera v\u00e4lf\u00e4rden. Och det \u00e4r privatpersoners <a class=\"read-more-link\" href=\"https:\/\/wp.kristdemokraterna.se\/leksand\/var-politik\/politikomraden\/ekonomi\/\">Read More<\/a><\/p>\n","protected":false},"author":958,"featured_media":0,"parent":807,"menu_order":6,"comment_status":"closed","ping_status":"closed","template":"","meta":{"_acf_changed":false,"footnotes":""},"class_list":["post-765","page","type-page","status-publish","hentry"],"acf":[],"yoast_head":"<!-- This site is optimized with the Yoast SEO plugin v27.3 - https:\/\/yoast.com\/product\/yoast-seo-wordpress\/ -->\n<title>Ekonomi &amp; f\u00f6retagande - Kristdemokraterna Leksand<\/title>\n<meta name=\"robots\" content=\"index, follow, max-snippet:-1, max-image-preview:large, max-video-preview:-1\" \/>\n<link rel=\"canonical\" href=\"https:\/\/wp.kristdemokraterna.se\/leksand\/var-politik\/politikomraden\/ekonomi\/\" \/>\n<meta property=\"og:locale\" content=\"sv_SE\" \/>\n<meta property=\"og:type\" content=\"article\" \/>\n<meta property=\"og:title\" content=\"Ekonomi &amp; f\u00f6retagande - Kristdemokraterna Leksand\" \/>\n<meta property=\"og:description\" content=\"Som kommun vill vi b\u00e5de ta ansvar f\u00f6r v\u00e5r egen ekonomi, det vill s\u00e4ga inv\u00e5narnas skattepengar, och st\u00f6dja det privata n\u00e4ringslivet. F\u00f6retags och enskilda m\u00e4nniskors innovationer kommer alltid att vara grunden f\u00f6r Leksands framg\u00e5ngar. Det \u00e4r ett starkt f\u00f6retagande som ger nya arbetstillf\u00e4llen, h\u00f6gre tillv\u00e4xt och b\u00e4ttre f\u00f6ruts\u00e4ttningar att finansiera v\u00e4lf\u00e4rden. Och det \u00e4r privatpersoners Read More\" \/>\n<meta property=\"og:url\" content=\"https:\/\/wp.kristdemokraterna.se\/leksand\/var-politik\/politikomraden\/ekonomi\/\" \/>\n<meta property=\"og:site_name\" content=\"Kristdemokraterna Leksand\" \/>\n<meta property=\"article:modified_time\" content=\"2022-07-06T19:59:26+00:00\" \/>\n<meta name=\"twitter:card\" content=\"summary_large_image\" \/>\n<meta name=\"twitter:label1\" content=\"Ber\u00e4knad l\u00e4stid\" \/>\n\t<meta name=\"twitter:data1\" content=\"1 minut\" \/>\n<script type=\"application\/ld+json\" class=\"yoast-schema-graph\">{\"@context\":\"https:\\\/\\\/schema.org\",\"@graph\":[{\"@type\":\"WebPage\",\"@id\":\"https:\\\/\\\/wp.kristdemokraterna.se\\\/leksand\\\/var-politik\\\/politikomraden\\\/ekonomi\\\/\",\"url\":\"https:\\\/\\\/wp.kristdemokraterna.se\\\/leksand\\\/var-politik\\\/politikomraden\\\/ekonomi\\\/\",\"name\":\"Ekonomi &amp; f\u00f6retagande - Kristdemokraterna Leksand\",\"isPartOf\":{\"@id\":\"https:\\\/\\\/wp.kristdemokraterna.se\\\/leksand\\\/#website\"},\"datePublished\":\"2021-04-21T15:50:37+00:00\",\"dateModified\":\"2022-07-06T19:59:26+00:00\",\"breadcrumb\":{\"@id\":\"https:\\\/\\\/wp.kristdemokraterna.se\\\/leksand\\\/var-politik\\\/politikomraden\\\/ekonomi\\\/#breadcrumb\"},\"inLanguage\":\"sv-SE\",\"potentialAction\":[{\"@type\":\"ReadAction\",\"target\":[\"https:\\\/\\\/wp.kristdemokraterna.se\\\/leksand\\\/var-politik\\\/politikomraden\\\/ekonomi\\\/\"]}]},{\"@type\":\"BreadcrumbList\",\"@id\":\"https:\\\/\\\/wp.kristdemokraterna.se\\\/leksand\\\/var-politik\\\/politikomraden\\\/ekonomi\\\/#breadcrumb\",\"itemListElement\":[{\"@type\":\"ListItem\",\"position\":1,\"name\":\"Hem\",\"item\":\"https:\\\/\\\/wp.kristdemokraterna.se\\\/leksand\\\/\"},{\"@type\":\"ListItem\",\"position\":2,\"name\":\"V\u00e5r politik\",\"item\":\"https:\\\/\\\/wp.kristdemokraterna.se\\\/leksand\\\/var-politik\\\/\"},{\"@type\":\"ListItem\",\"position\":3,\"name\":\"Politikomr\u00e5den\",\"item\":\"https:\\\/\\\/wp.kristdemokraterna.se\\\/leksand\\\/var-politik\\\/politikomraden\\\/\"},{\"@type\":\"ListItem\",\"position\":4,\"name\":\"Ekonomi &amp; f\u00f6retagande\"}]},{\"@type\":\"WebSite\",\"@id\":\"https:\\\/\\\/wp.kristdemokraterna.se\\\/leksand\\\/#website\",\"url\":\"https:\\\/\\\/wp.kristdemokraterna.se\\\/leksand\\\/\",\"name\":\"Kristdemokraterna Leksand\",\"description\":\"Kristdemokratiska lokalavdelningen i Leksand\",\"inLanguage\":\"sv-SE\"}]}<\/script>\n<!-- \/ Yoast SEO plugin. -->","yoast_head_json":{"title":"Ekonomi &amp; f\u00f6retagande - Kristdemokraterna Leksand","robots":{"index":"index","follow":"follow","max-snippet":"max-snippet:-1","max-image-preview":"max-image-preview:large","max-video-preview":"max-video-preview:-1"},"canonical":"https:\/\/wp.kristdemokraterna.se\/leksand\/var-politik\/politikomraden\/ekonomi\/","og_locale":"sv_SE","og_type":"article","og_title":"Ekonomi &amp; f\u00f6retagande - Kristdemokraterna Leksand","og_description":"Som kommun vill vi b\u00e5de ta ansvar f\u00f6r v\u00e5r egen ekonomi, det vill s\u00e4ga inv\u00e5narnas skattepengar, och st\u00f6dja det privata n\u00e4ringslivet. F\u00f6retags och enskilda m\u00e4nniskors innovationer kommer alltid att vara grunden f\u00f6r Leksands framg\u00e5ngar. Det \u00e4r ett starkt f\u00f6retagande som ger nya arbetstillf\u00e4llen, h\u00f6gre tillv\u00e4xt och b\u00e4ttre f\u00f6ruts\u00e4ttningar att finansiera v\u00e4lf\u00e4rden. Och det \u00e4r privatpersoners Read More","og_url":"https:\/\/wp.kristdemokraterna.se\/leksand\/var-politik\/politikomraden\/ekonomi\/","og_site_name":"Kristdemokraterna Leksand","article_modified_time":"2022-07-06T19:59:26+00:00","twitter_card":"summary_large_image","twitter_misc":{"Ber\u00e4knad l\u00e4stid":"1 minut"},"schema":{"@context":"https:\/\/schema.org","@graph":[{"@type":"WebPage","@id":"https:\/\/wp.kristdemokraterna.se\/leksand\/var-politik\/politikomraden\/ekonomi\/","url":"https:\/\/wp.kristdemokraterna.se\/leksand\/var-politik\/politikomraden\/ekonomi\/","name":"Ekonomi &amp; f\u00f6retagande - Kristdemokraterna Leksand","isPartOf":{"@id":"https:\/\/wp.kristdemokraterna.se\/leksand\/#website"},"datePublished":"2021-04-21T15:50:37+00:00","dateModified":"2022-07-06T19:59:26+00:00","breadcrumb":{"@id":"https:\/\/wp.kristdemokraterna.se\/leksand\/var-politik\/politikomraden\/ekonomi\/#breadcrumb"},"inLanguage":"sv-SE","potentialAction":[{"@type":"ReadAction","target":["https:\/\/wp.kristdemokraterna.se\/leksand\/var-politik\/politikomraden\/ekonomi\/"]}]},{"@type":"BreadcrumbList","@id":"https:\/\/wp.kristdemokraterna.se\/leksand\/var-politik\/politikomraden\/ekonomi\/#breadcrumb","itemListElement":[{"@type":"ListItem","position":1,"name":"Hem","item":"https:\/\/wp.kristdemokraterna.se\/leksand\/"},{"@type":"ListItem","position":2,"name":"V\u00e5r politik","item":"https:\/\/wp.kristdemokraterna.se\/leksand\/var-politik\/"},{"@type":"ListItem","position":3,"name":"Politikomr\u00e5den","item":"https:\/\/wp.kristdemokraterna.se\/leksand\/var-politik\/politikomraden\/"},{"@type":"ListItem","position":4,"name":"Ekonomi &amp; f\u00f6retagande"}]},{"@type":"WebSite","@id":"https:\/\/wp.kristdemokraterna.se\/leksand\/#website","url":"https:\/\/wp.kristdemokraterna.se\/leksand\/","name":"Kristdemokraterna Leksand","description":"Kristdemokratiska lokalavdelningen i Leksand","inLanguage":"sv-SE"}]}},"_links":{"self":[{"href":"https:\/\/wp.kristdemokraterna.se\/leksand\/wp-json\/wp\/v2\/pages\/765","targetHints":{"allow":["GET"]}}],"collection":[{"href":"https:\/\/wp.kristdemokraterna.se\/leksand\/wp-json\/wp\/v2\/pages"}],"about":[{"href":"https:\/\/wp.kristdemokraterna.se\/leksand\/wp-json\/wp\/v2\/types\/page"}],"author":[{"embeddable":true,"href":"https:\/\/wp.kristdemokraterna.se\/leksand\/wp-json\/wp\/v2\/users\/958"}],"replies":[{"embeddable":true,"href":"https:\/\/wp.kristdemokraterna.se\/leksand\/wp-json\/wp\/v2\/comments?post=765"}],"version-history":[{"count":6,"href":"https:\/\/wp.kristdemokraterna.se\/leksand\/wp-json\/wp\/v2\/pages\/765\/revisions"}],"predecessor-version":[{"id":1025,"href":"https:\/\/wp.kristdemokraterna.se\/leksand\/wp-json\/wp\/v2\/pages\/765\/revisions\/1025"}],"up":[{"embeddable":true,"href":"https:\/\/wp.kristdemokraterna.se\/leksand\/wp-json\/wp\/v2\/pages\/807"}],"wp:attachment":[{"href":"https:\/\/wp.kristdemokraterna.se\/leksand\/wp-json\/wp\/v2\/media?parent=765"}],"curies":[{"name":"wp","href":"https:\/\/api.w.org\/{rel}","templated":true}]}}