{"id":768,"date":"2021-04-21T17:51:50","date_gmt":"2021-04-21T15:51:50","guid":{"rendered":"https:\/\/wp.kristdemokraterna.se\/leksand\/?page_id=768"},"modified":"2022-07-06T21:58:58","modified_gmt":"2022-07-06T19:58:58","slug":"samhallsbyggnad","status":"publish","type":"page","link":"https:\/\/wp.kristdemokraterna.se\/leksand\/var-politik\/politikomraden\/samhallsbyggnad\/","title":{"rendered":"Samh\u00e4llsbyggnad"},"content":{"rendered":"<div class=\"kvgmc6g5 cxmmr5t8 oygrvhab hcukyx3x c1et5uql ii04i59q\">\n<p>Leksand \u00e4r en bra kommun att bo, bes\u00f6ka och arbeta i. M\u00e5nga vill flytta hit och bostadsk\u00f6erna \u00e4r l\u00e5nga. D\u00e4rf\u00f6r beh\u00f6ver vi forts\u00e4tta att i rask takt bygga fler bost\u00e4der, inte minst i Insj\u00f6n och Siljansn\u00e4s. Vi vill planera bost\u00e4der f\u00f6r olika m\u00e4nniskors behov. Hyresr\u00e4tter, bostadsr\u00e4tter och \u00e4gander\u00e4tter samt kommersiella lokaler och offentlig service ska blandas f\u00f6r en levande milj\u00f6. Vi vill \u00e4ven planera f\u00f6r mer sm\u00e5husbebyggelse, b\u00e5de i kommunens centrum och i v\u00e5ra byar. Kommunen ska efterstr\u00e4va trygga och vackra milj\u00f6er d\u00e4r inv\u00e5narna sj\u00e4lva tar aktiv del i beslutsprocessen och k\u00e4nner sig delaktiga i skapandet av sina n\u00e4rmilj\u00f6er.<\/p>\n<blockquote><p>Vision 2030 f\u00f6r Leksands kommun:<em> \u201cBygdens stolta traditioner och m\u00e5ngfald av goda livs- och boendemilj\u00f6er b\u00e5de i t\u00e4torter och byar \u00e4r grunden f\u00f6r v\u00e5r utveckling. Vi v\u00e4rnar v\u00e5r historia, men skapar samtidigt nya \u00e5rsringar f\u00f6r att kunna m\u00f6ta framtidens krav och \u00f6nskem\u00e5l. Hela kommunen v\u00e4xer och det \u00e4r l\u00e4tt att leva och verka p\u00e5 ett modernt s\u00e4tt oavsett var i kommunen man bor.\u201d<\/em><\/p><\/blockquote>\n<h4><strong>V\u00e5ra f\u00f6rslag:<\/strong><\/h4>\n<ul>\n<li>Forts\u00e4tt att bygga fler bost\u00e4der i kommunen, inte minst i Insj\u00f6n och Siljansn\u00e4s.<\/li>\n<li>Planera f\u00f6r mer sm\u00e5husbebyggelse, b\u00e5de i kommunens centrum och i byar. Kommunen ska efterstr\u00e4va en blandning av olika uppl\u00e5telseformer och storlekar p\u00e5 bost\u00e4der d\u00e4r \u00e4ven sm\u00e5husbebyggelse ska ha en naturlig plats.<\/li>\n<li>\u00c4ndra allm\u00e4n skrivning om kommunens plan f\u00f6r byarna s\u00e5 att det blir l\u00e4ttare f\u00f6r enskilda att bygga bost\u00e4der.<\/li>\n<li>Se \u00f6ver v\u00e4gh\u00e5llaransvaret f\u00f6r v\u00e4garna i kommunen. Till exempel b\u00f6r fler av de kommunala v\u00e4garna i centrala Leksand g\u00f6ras till enskilda v\u00e4gar.<\/li>\n<li>Anst\u00e4ll en kommunal r\u00e5dgivare f\u00f6r v\u00e4gf\u00f6reningar och v\u00e4gsamf\u00e4lligheter. R\u00e5dgivaren ska ge information, svara p\u00e5 fr\u00e5gor, hj\u00e4lpa till vid f\u00f6rr\u00e4ttningar och vara ett fortsatt st\u00f6d i v\u00e4gf\u00f6reningars\/-samf\u00e4lligheters arbete.<\/li>\n<\/ul>\n<h4><strong>F\u00f6rslag som beslutas p\u00e5 riksniv\u00e5:<\/strong><\/h4>\n<ul>\n<li>St\u00e4rk det lokala inflytandet \u00f6ver strandskyddsbesluten.<\/li>\n<li>Se till att det inte kr\u00e4vs bygglov f\u00f6r villor och mindre n\u00e4ringslokaler i anslutning till befintlig bebyggelse utanf\u00f6r detaljplanelagt omr\u00e5de och skyddade omr\u00e5den.<\/li>\n<\/ul>\n<\/div>\n<div class=\"o9v6fnle cxmmr5t8 oygrvhab hcukyx3x c1et5uql ii04i59q\"><\/div>\n","protected":false},"excerpt":{"rendered":"<p>Leksand \u00e4r en bra kommun att bo, bes\u00f6ka och arbeta i. M\u00e5nga vill flytta hit och bostadsk\u00f6erna \u00e4r l\u00e5nga. D\u00e4rf\u00f6r beh\u00f6ver vi forts\u00e4tta att i rask takt bygga fler bost\u00e4der, inte minst i Insj\u00f6n och Siljansn\u00e4s. Vi vill planera bost\u00e4der f\u00f6r olika m\u00e4nniskors behov. Hyresr\u00e4tter, bostadsr\u00e4tter och \u00e4gander\u00e4tter samt kommersiella lokaler och offentlig service ska <a class=\"read-more-link\" href=\"https:\/\/wp.kristdemokraterna.se\/leksand\/var-politik\/politikomraden\/samhallsbyggnad\/\">Read More<\/a><\/p>\n","protected":false},"author":958,"featured_media":0,"parent":807,"menu_order":5,"comment_status":"closed","ping_status":"closed","template":"","meta":{"_acf_changed":false,"footnotes":""},"class_list":["post-768","page","type-page","status-publish","hentry"],"acf":[],"yoast_head":"<!-- This site is optimized with the Yoast SEO plugin v27.4 - https:\/\/yoast.com\/product\/yoast-seo-wordpress\/ -->\n<title>Samh\u00e4llsbyggnad - Kristdemokraterna Leksand<\/title>\n<meta name=\"robots\" content=\"index, follow, max-snippet:-1, max-image-preview:large, max-video-preview:-1\" \/>\n<link rel=\"canonical\" href=\"https:\/\/wp.kristdemokraterna.se\/leksand\/var-politik\/politikomraden\/samhallsbyggnad\/\" \/>\n<meta property=\"og:locale\" content=\"sv_SE\" \/>\n<meta property=\"og:type\" content=\"article\" \/>\n<meta property=\"og:title\" content=\"Samh\u00e4llsbyggnad - Kristdemokraterna Leksand\" \/>\n<meta property=\"og:description\" content=\"Leksand \u00e4r en bra kommun att bo, bes\u00f6ka och arbeta i. M\u00e5nga vill flytta hit och bostadsk\u00f6erna \u00e4r l\u00e5nga. D\u00e4rf\u00f6r beh\u00f6ver vi forts\u00e4tta att i rask takt bygga fler bost\u00e4der, inte minst i Insj\u00f6n och Siljansn\u00e4s. Vi vill planera bost\u00e4der f\u00f6r olika m\u00e4nniskors behov. Hyresr\u00e4tter, bostadsr\u00e4tter och \u00e4gander\u00e4tter samt kommersiella lokaler och offentlig service ska Read More\" \/>\n<meta property=\"og:url\" content=\"https:\/\/wp.kristdemokraterna.se\/leksand\/var-politik\/politikomraden\/samhallsbyggnad\/\" \/>\n<meta property=\"og:site_name\" content=\"Kristdemokraterna Leksand\" \/>\n<meta property=\"article:modified_time\" content=\"2022-07-06T19:58:58+00:00\" \/>\n<meta name=\"twitter:card\" content=\"summary_large_image\" \/>\n<meta name=\"twitter:label1\" content=\"Ber\u00e4knad l\u00e4stid\" \/>\n\t<meta name=\"twitter:data1\" content=\"1 minut\" \/>\n<script type=\"application\/ld+json\" class=\"yoast-schema-graph\">{\"@context\":\"https:\\\/\\\/schema.org\",\"@graph\":[{\"@type\":\"WebPage\",\"@id\":\"https:\\\/\\\/wp.kristdemokraterna.se\\\/leksand\\\/var-politik\\\/politikomraden\\\/samhallsbyggnad\\\/\",\"url\":\"https:\\\/\\\/wp.kristdemokraterna.se\\\/leksand\\\/var-politik\\\/politikomraden\\\/samhallsbyggnad\\\/\",\"name\":\"Samh\u00e4llsbyggnad - Kristdemokraterna Leksand\",\"isPartOf\":{\"@id\":\"https:\\\/\\\/wp.kristdemokraterna.se\\\/leksand\\\/#website\"},\"datePublished\":\"2021-04-21T15:51:50+00:00\",\"dateModified\":\"2022-07-06T19:58:58+00:00\",\"breadcrumb\":{\"@id\":\"https:\\\/\\\/wp.kristdemokraterna.se\\\/leksand\\\/var-politik\\\/politikomraden\\\/samhallsbyggnad\\\/#breadcrumb\"},\"inLanguage\":\"sv-SE\",\"potentialAction\":[{\"@type\":\"ReadAction\",\"target\":[\"https:\\\/\\\/wp.kristdemokraterna.se\\\/leksand\\\/var-politik\\\/politikomraden\\\/samhallsbyggnad\\\/\"]}]},{\"@type\":\"BreadcrumbList\",\"@id\":\"https:\\\/\\\/wp.kristdemokraterna.se\\\/leksand\\\/var-politik\\\/politikomraden\\\/samhallsbyggnad\\\/#breadcrumb\",\"itemListElement\":[{\"@type\":\"ListItem\",\"position\":1,\"name\":\"Hem\",\"item\":\"https:\\\/\\\/wp.kristdemokraterna.se\\\/leksand\\\/\"},{\"@type\":\"ListItem\",\"position\":2,\"name\":\"V\u00e5r politik\",\"item\":\"https:\\\/\\\/wp.kristdemokraterna.se\\\/leksand\\\/var-politik\\\/\"},{\"@type\":\"ListItem\",\"position\":3,\"name\":\"Politikomr\u00e5den\",\"item\":\"https:\\\/\\\/wp.kristdemokraterna.se\\\/leksand\\\/var-politik\\\/politikomraden\\\/\"},{\"@type\":\"ListItem\",\"position\":4,\"name\":\"Samh\u00e4llsbyggnad\"}]},{\"@type\":\"WebSite\",\"@id\":\"https:\\\/\\\/wp.kristdemokraterna.se\\\/leksand\\\/#website\",\"url\":\"https:\\\/\\\/wp.kristdemokraterna.se\\\/leksand\\\/\",\"name\":\"Kristdemokraterna Leksand\",\"description\":\"Kristdemokratiska lokalavdelningen i Leksand\",\"inLanguage\":\"sv-SE\"}]}<\/script>\n<!-- \/ Yoast SEO plugin. -->","yoast_head_json":{"title":"Samh\u00e4llsbyggnad - Kristdemokraterna Leksand","robots":{"index":"index","follow":"follow","max-snippet":"max-snippet:-1","max-image-preview":"max-image-preview:large","max-video-preview":"max-video-preview:-1"},"canonical":"https:\/\/wp.kristdemokraterna.se\/leksand\/var-politik\/politikomraden\/samhallsbyggnad\/","og_locale":"sv_SE","og_type":"article","og_title":"Samh\u00e4llsbyggnad - Kristdemokraterna Leksand","og_description":"Leksand \u00e4r en bra kommun att bo, bes\u00f6ka och arbeta i. M\u00e5nga vill flytta hit och bostadsk\u00f6erna \u00e4r l\u00e5nga. D\u00e4rf\u00f6r beh\u00f6ver vi forts\u00e4tta att i rask takt bygga fler bost\u00e4der, inte minst i Insj\u00f6n och Siljansn\u00e4s. Vi vill planera bost\u00e4der f\u00f6r olika m\u00e4nniskors behov. Hyresr\u00e4tter, bostadsr\u00e4tter och \u00e4gander\u00e4tter samt kommersiella lokaler och offentlig service ska Read More","og_url":"https:\/\/wp.kristdemokraterna.se\/leksand\/var-politik\/politikomraden\/samhallsbyggnad\/","og_site_name":"Kristdemokraterna Leksand","article_modified_time":"2022-07-06T19:58:58+00:00","twitter_card":"summary_large_image","twitter_misc":{"Ber\u00e4knad l\u00e4stid":"1 minut"},"schema":{"@context":"https:\/\/schema.org","@graph":[{"@type":"WebPage","@id":"https:\/\/wp.kristdemokraterna.se\/leksand\/var-politik\/politikomraden\/samhallsbyggnad\/","url":"https:\/\/wp.kristdemokraterna.se\/leksand\/var-politik\/politikomraden\/samhallsbyggnad\/","name":"Samh\u00e4llsbyggnad - Kristdemokraterna Leksand","isPartOf":{"@id":"https:\/\/wp.kristdemokraterna.se\/leksand\/#website"},"datePublished":"2021-04-21T15:51:50+00:00","dateModified":"2022-07-06T19:58:58+00:00","breadcrumb":{"@id":"https:\/\/wp.kristdemokraterna.se\/leksand\/var-politik\/politikomraden\/samhallsbyggnad\/#breadcrumb"},"inLanguage":"sv-SE","potentialAction":[{"@type":"ReadAction","target":["https:\/\/wp.kristdemokraterna.se\/leksand\/var-politik\/politikomraden\/samhallsbyggnad\/"]}]},{"@type":"BreadcrumbList","@id":"https:\/\/wp.kristdemokraterna.se\/leksand\/var-politik\/politikomraden\/samhallsbyggnad\/#breadcrumb","itemListElement":[{"@type":"ListItem","position":1,"name":"Hem","item":"https:\/\/wp.kristdemokraterna.se\/leksand\/"},{"@type":"ListItem","position":2,"name":"V\u00e5r politik","item":"https:\/\/wp.kristdemokraterna.se\/leksand\/var-politik\/"},{"@type":"ListItem","position":3,"name":"Politikomr\u00e5den","item":"https:\/\/wp.kristdemokraterna.se\/leksand\/var-politik\/politikomraden\/"},{"@type":"ListItem","position":4,"name":"Samh\u00e4llsbyggnad"}]},{"@type":"WebSite","@id":"https:\/\/wp.kristdemokraterna.se\/leksand\/#website","url":"https:\/\/wp.kristdemokraterna.se\/leksand\/","name":"Kristdemokraterna Leksand","description":"Kristdemokratiska lokalavdelningen i Leksand","inLanguage":"sv-SE"}]}},"_links":{"self":[{"href":"https:\/\/wp.kristdemokraterna.se\/leksand\/wp-json\/wp\/v2\/pages\/768","targetHints":{"allow":["GET"]}}],"collection":[{"href":"https:\/\/wp.kristdemokraterna.se\/leksand\/wp-json\/wp\/v2\/pages"}],"about":[{"href":"https:\/\/wp.kristdemokraterna.se\/leksand\/wp-json\/wp\/v2\/types\/page"}],"author":[{"embeddable":true,"href":"https:\/\/wp.kristdemokraterna.se\/leksand\/wp-json\/wp\/v2\/users\/958"}],"replies":[{"embeddable":true,"href":"https:\/\/wp.kristdemokraterna.se\/leksand\/wp-json\/wp\/v2\/comments?post=768"}],"version-history":[{"count":5,"href":"https:\/\/wp.kristdemokraterna.se\/leksand\/wp-json\/wp\/v2\/pages\/768\/revisions"}],"predecessor-version":[{"id":1024,"href":"https:\/\/wp.kristdemokraterna.se\/leksand\/wp-json\/wp\/v2\/pages\/768\/revisions\/1024"}],"up":[{"embeddable":true,"href":"https:\/\/wp.kristdemokraterna.se\/leksand\/wp-json\/wp\/v2\/pages\/807"}],"wp:attachment":[{"href":"https:\/\/wp.kristdemokraterna.se\/leksand\/wp-json\/wp\/v2\/media?parent=768"}],"curies":[{"name":"wp","href":"https:\/\/api.w.org\/{rel}","templated":true}]}}