{"id":771,"date":"2021-04-21T17:52:52","date_gmt":"2021-04-21T15:52:52","guid":{"rendered":"https:\/\/wp.kristdemokraterna.se\/leksand\/?page_id=771"},"modified":"2022-07-06T21:56:35","modified_gmt":"2022-07-06T19:56:35","slug":"skola","status":"publish","type":"page","link":"https:\/\/wp.kristdemokraterna.se\/leksand\/var-politik\/politikomraden\/skola\/","title":{"rendered":"Skola &amp; utbildning"},"content":{"rendered":"<div class=\"kvgmc6g5 cxmmr5t8 oygrvhab hcukyx3x c1et5uql ii04i59q\">\n<p>V\u00e5r vision \u00e4r en skola d\u00e4r ingen h\u00e5lls tillbaka och ingen l\u00e4mnas efter; en skola d\u00e4r varje barn och elev f\u00e5r utvecklas efter sin fulla potential. F\u00f6r att det ska vara m\u00f6jligt beh\u00f6ver vi f\u00f6rst ta tag i den v\u00e4xande psykiska oh\u00e4lsan bland unga. Vi vill bland annat satsa p\u00e5 elevh\u00e4lsan, inf\u00f6ra ett tak p\u00e5 antalet elever per skolsk\u00f6terska och kurator samt inf\u00f6ra mer fysisk aktivitet i skolan. Elever som m\u00e5r bra har mycket b\u00e4ttre f\u00f6ruts\u00e4ttningar att lyckas. I detta ser vi l\u00e4rare som nyckelpersoner. L\u00e4raren m\u00e5ste f\u00e5 utrymme att vara l\u00e4rare, tid att se varje barn och m\u00f6jlighet att utvecklas tillsammans med kollegor och skolledning. Undervisning ledd av skickliga l\u00e4rare \u00e4r det b\u00e4sta s\u00e4ttet f\u00f6r elever att n\u00e5 m\u00e5len och bli den b\u00e4sta versionen av sig sj\u00e4lva.<\/p>\n<blockquote><p>Vision 2030 f\u00f6r Leksands kommun:<em> \u201cVi har en av Sveriges fr\u00e4msta grundskolor.\u201d<\/em><\/p><\/blockquote>\n<h4><strong>V\u00e5ra f\u00f6rslag:<\/strong><\/h4>\n<ul>\n<li>Inf\u00f6r mer fysisk aktivitet i den kommunala grundskolan. Organiserad fysisk aktivitet ska f\u00f6rekomma varje dag dels genom planerade lektioner och aktiviteter, dels genom skolg\u00e5rdar som uppmuntrar till r\u00f6relse.<\/li>\n<li>Satsa rej\u00e4lt p\u00e5 elevh\u00e4lsan och inf\u00f6r ett tak p\u00e5 max 300 elever per kurator och max 350 elever per skolsk\u00f6terska. Det \u00e4r viktigt att varje elev ska kunna n\u00e5 och f\u00e5 adekvat hj\u00e4lp fr\u00e5n elevh\u00e4lsan.<\/li>\n<li>Uppr\u00e4tta en plan f\u00f6r att f\u00f6rebygga och komma till r\u00e4tta med hemmasittare.<\/li>\n<li>S\u00e4kerst\u00e4ll att kommunala skolor och friskolor ges likv\u00e4rdigt st\u00f6d. Kommunalt och enskilt drivna skolor ska ges likv\u00e4rdiga f\u00f6ruts\u00e4ttningar s\u00e5v\u00e4l ekonomiskt som verksamhetsm\u00e4ssigt.<\/li>\n<li>Inf\u00f6r aktivt skolval. Det inneb\u00e4r att alla v\u00e4ljer skola. Aktivt och obligatoriskt skolval ska till\u00e4mpas fr\u00e5n fyra \u00e5r f\u00f6re skolstart oavsett om man s\u00f6ker till en frist\u00e5ende eller en kommunal skola.<\/li>\n<li>Se \u00f6ver om det \u00e4r m\u00f6jligt att \u00f6ppna ett h\u00f6gstadium i Insj\u00f6n. P\u00e5 sikt b\u00f6r det finnas ett h\u00f6gstadium \u00e4ven i den s\u00f6dra delen av kommunen d\u00e4r det idag byggs m\u00e5nga nya bost\u00e4der.<\/li>\n<li>F\u00f6rdjupa samarbetet med R\u00e4ttviks kommun avseende gymnasierna. Genom att exempelvis skapa en gemensam administrativ enhet f\u00f6r Leksands gymnasium och Stiernh\u00f6\u00f6ksgymnasiet kan vi satsa mer p\u00e5 k\u00e4rnverksamheten.<\/li>\n<li>F\u00f6rvalta och utveckla samarbetet mellan skolan och det lokala n\u00e4ringslivet, exempelvis vad g\u00e4ller l\u00e4rlingsutbildningar och praktikplatser. Ett st\u00f6rre fokus b\u00f6r l\u00e4ggas p\u00e5 att gymnasiestudierna kopplas till arbetsmarknadens behov av utbildad arbetskraft.<\/li>\n<li>Permanenta minst tv\u00e5 tj\u00e4nster som f\u00e4ltassistent. Vi inser v\u00e4rdet i det f\u00f6rebyggande arbete som f\u00e4ltassistenterna g\u00f6r f\u00f6r v\u00e5ra h\u00f6gstadie- och gymnasieelever och ser ett fortsatt behov.<\/li>\n<\/ul>\n<\/div>\n<div class=\"o9v6fnle cxmmr5t8 oygrvhab hcukyx3x c1et5uql ii04i59q\"><\/div>\n","protected":false},"excerpt":{"rendered":"<p>V\u00e5r vision \u00e4r en skola d\u00e4r ingen h\u00e5lls tillbaka och ingen l\u00e4mnas efter; en skola d\u00e4r varje barn och elev f\u00e5r utvecklas efter sin fulla potential. F\u00f6r att det ska vara m\u00f6jligt beh\u00f6ver vi f\u00f6rst ta tag i den v\u00e4xande psykiska oh\u00e4lsan bland unga. Vi vill bland annat satsa p\u00e5 elevh\u00e4lsan, inf\u00f6ra ett tak p\u00e5 <a class=\"read-more-link\" href=\"https:\/\/wp.kristdemokraterna.se\/leksand\/var-politik\/politikomraden\/skola\/\">Read More<\/a><\/p>\n","protected":false},"author":958,"featured_media":0,"parent":807,"menu_order":2,"comment_status":"closed","ping_status":"closed","template":"","meta":{"_acf_changed":false,"footnotes":""},"class_list":["post-771","page","type-page","status-publish","hentry"],"acf":[],"yoast_head":"<!-- This site is optimized with the Yoast SEO plugin v27.3 - https:\/\/yoast.com\/product\/yoast-seo-wordpress\/ -->\n<title>Skola &amp; utbildning - Kristdemokraterna Leksand<\/title>\n<meta name=\"robots\" content=\"index, follow, max-snippet:-1, max-image-preview:large, max-video-preview:-1\" \/>\n<link rel=\"canonical\" href=\"https:\/\/wp.kristdemokraterna.se\/leksand\/var-politik\/politikomraden\/skola\/\" \/>\n<meta property=\"og:locale\" content=\"sv_SE\" \/>\n<meta property=\"og:type\" content=\"article\" \/>\n<meta property=\"og:title\" content=\"Skola &amp; utbildning - Kristdemokraterna Leksand\" \/>\n<meta property=\"og:description\" content=\"V\u00e5r vision \u00e4r en skola d\u00e4r ingen h\u00e5lls tillbaka och ingen l\u00e4mnas efter; en skola d\u00e4r varje barn och elev f\u00e5r utvecklas efter sin fulla potential. F\u00f6r att det ska vara m\u00f6jligt beh\u00f6ver vi f\u00f6rst ta tag i den v\u00e4xande psykiska oh\u00e4lsan bland unga. Vi vill bland annat satsa p\u00e5 elevh\u00e4lsan, inf\u00f6ra ett tak p\u00e5 Read More\" \/>\n<meta property=\"og:url\" content=\"https:\/\/wp.kristdemokraterna.se\/leksand\/var-politik\/politikomraden\/skola\/\" \/>\n<meta property=\"og:site_name\" content=\"Kristdemokraterna Leksand\" \/>\n<meta property=\"article:modified_time\" content=\"2022-07-06T19:56:35+00:00\" \/>\n<meta name=\"twitter:card\" content=\"summary_large_image\" \/>\n<meta name=\"twitter:label1\" content=\"Ber\u00e4knad l\u00e4stid\" \/>\n\t<meta name=\"twitter:data1\" content=\"1 minut\" \/>\n<script type=\"application\/ld+json\" class=\"yoast-schema-graph\">{\"@context\":\"https:\\\/\\\/schema.org\",\"@graph\":[{\"@type\":\"WebPage\",\"@id\":\"https:\\\/\\\/wp.kristdemokraterna.se\\\/leksand\\\/var-politik\\\/politikomraden\\\/skola\\\/\",\"url\":\"https:\\\/\\\/wp.kristdemokraterna.se\\\/leksand\\\/var-politik\\\/politikomraden\\\/skola\\\/\",\"name\":\"Skola &amp; utbildning - Kristdemokraterna Leksand\",\"isPartOf\":{\"@id\":\"https:\\\/\\\/wp.kristdemokraterna.se\\\/leksand\\\/#website\"},\"datePublished\":\"2021-04-21T15:52:52+00:00\",\"dateModified\":\"2022-07-06T19:56:35+00:00\",\"breadcrumb\":{\"@id\":\"https:\\\/\\\/wp.kristdemokraterna.se\\\/leksand\\\/var-politik\\\/politikomraden\\\/skola\\\/#breadcrumb\"},\"inLanguage\":\"sv-SE\",\"potentialAction\":[{\"@type\":\"ReadAction\",\"target\":[\"https:\\\/\\\/wp.kristdemokraterna.se\\\/leksand\\\/var-politik\\\/politikomraden\\\/skola\\\/\"]}]},{\"@type\":\"BreadcrumbList\",\"@id\":\"https:\\\/\\\/wp.kristdemokraterna.se\\\/leksand\\\/var-politik\\\/politikomraden\\\/skola\\\/#breadcrumb\",\"itemListElement\":[{\"@type\":\"ListItem\",\"position\":1,\"name\":\"Hem\",\"item\":\"https:\\\/\\\/wp.kristdemokraterna.se\\\/leksand\\\/\"},{\"@type\":\"ListItem\",\"position\":2,\"name\":\"V\u00e5r politik\",\"item\":\"https:\\\/\\\/wp.kristdemokraterna.se\\\/leksand\\\/var-politik\\\/\"},{\"@type\":\"ListItem\",\"position\":3,\"name\":\"Politikomr\u00e5den\",\"item\":\"https:\\\/\\\/wp.kristdemokraterna.se\\\/leksand\\\/var-politik\\\/politikomraden\\\/\"},{\"@type\":\"ListItem\",\"position\":4,\"name\":\"Skola &amp; utbildning\"}]},{\"@type\":\"WebSite\",\"@id\":\"https:\\\/\\\/wp.kristdemokraterna.se\\\/leksand\\\/#website\",\"url\":\"https:\\\/\\\/wp.kristdemokraterna.se\\\/leksand\\\/\",\"name\":\"Kristdemokraterna Leksand\",\"description\":\"Kristdemokratiska lokalavdelningen i Leksand\",\"inLanguage\":\"sv-SE\"}]}<\/script>\n<!-- \/ Yoast SEO plugin. -->","yoast_head_json":{"title":"Skola &amp; utbildning - Kristdemokraterna Leksand","robots":{"index":"index","follow":"follow","max-snippet":"max-snippet:-1","max-image-preview":"max-image-preview:large","max-video-preview":"max-video-preview:-1"},"canonical":"https:\/\/wp.kristdemokraterna.se\/leksand\/var-politik\/politikomraden\/skola\/","og_locale":"sv_SE","og_type":"article","og_title":"Skola &amp; utbildning - Kristdemokraterna Leksand","og_description":"V\u00e5r vision \u00e4r en skola d\u00e4r ingen h\u00e5lls tillbaka och ingen l\u00e4mnas efter; en skola d\u00e4r varje barn och elev f\u00e5r utvecklas efter sin fulla potential. F\u00f6r att det ska vara m\u00f6jligt beh\u00f6ver vi f\u00f6rst ta tag i den v\u00e4xande psykiska oh\u00e4lsan bland unga. Vi vill bland annat satsa p\u00e5 elevh\u00e4lsan, inf\u00f6ra ett tak p\u00e5 Read More","og_url":"https:\/\/wp.kristdemokraterna.se\/leksand\/var-politik\/politikomraden\/skola\/","og_site_name":"Kristdemokraterna Leksand","article_modified_time":"2022-07-06T19:56:35+00:00","twitter_card":"summary_large_image","twitter_misc":{"Ber\u00e4knad l\u00e4stid":"1 minut"},"schema":{"@context":"https:\/\/schema.org","@graph":[{"@type":"WebPage","@id":"https:\/\/wp.kristdemokraterna.se\/leksand\/var-politik\/politikomraden\/skola\/","url":"https:\/\/wp.kristdemokraterna.se\/leksand\/var-politik\/politikomraden\/skola\/","name":"Skola &amp; utbildning - Kristdemokraterna Leksand","isPartOf":{"@id":"https:\/\/wp.kristdemokraterna.se\/leksand\/#website"},"datePublished":"2021-04-21T15:52:52+00:00","dateModified":"2022-07-06T19:56:35+00:00","breadcrumb":{"@id":"https:\/\/wp.kristdemokraterna.se\/leksand\/var-politik\/politikomraden\/skola\/#breadcrumb"},"inLanguage":"sv-SE","potentialAction":[{"@type":"ReadAction","target":["https:\/\/wp.kristdemokraterna.se\/leksand\/var-politik\/politikomraden\/skola\/"]}]},{"@type":"BreadcrumbList","@id":"https:\/\/wp.kristdemokraterna.se\/leksand\/var-politik\/politikomraden\/skola\/#breadcrumb","itemListElement":[{"@type":"ListItem","position":1,"name":"Hem","item":"https:\/\/wp.kristdemokraterna.se\/leksand\/"},{"@type":"ListItem","position":2,"name":"V\u00e5r politik","item":"https:\/\/wp.kristdemokraterna.se\/leksand\/var-politik\/"},{"@type":"ListItem","position":3,"name":"Politikomr\u00e5den","item":"https:\/\/wp.kristdemokraterna.se\/leksand\/var-politik\/politikomraden\/"},{"@type":"ListItem","position":4,"name":"Skola &amp; utbildning"}]},{"@type":"WebSite","@id":"https:\/\/wp.kristdemokraterna.se\/leksand\/#website","url":"https:\/\/wp.kristdemokraterna.se\/leksand\/","name":"Kristdemokraterna Leksand","description":"Kristdemokratiska lokalavdelningen i Leksand","inLanguage":"sv-SE"}]}},"_links":{"self":[{"href":"https:\/\/wp.kristdemokraterna.se\/leksand\/wp-json\/wp\/v2\/pages\/771","targetHints":{"allow":["GET"]}}],"collection":[{"href":"https:\/\/wp.kristdemokraterna.se\/leksand\/wp-json\/wp\/v2\/pages"}],"about":[{"href":"https:\/\/wp.kristdemokraterna.se\/leksand\/wp-json\/wp\/v2\/types\/page"}],"author":[{"embeddable":true,"href":"https:\/\/wp.kristdemokraterna.se\/leksand\/wp-json\/wp\/v2\/users\/958"}],"replies":[{"embeddable":true,"href":"https:\/\/wp.kristdemokraterna.se\/leksand\/wp-json\/wp\/v2\/comments?post=771"}],"version-history":[{"count":6,"href":"https:\/\/wp.kristdemokraterna.se\/leksand\/wp-json\/wp\/v2\/pages\/771\/revisions"}],"predecessor-version":[{"id":1021,"href":"https:\/\/wp.kristdemokraterna.se\/leksand\/wp-json\/wp\/v2\/pages\/771\/revisions\/1021"}],"up":[{"embeddable":true,"href":"https:\/\/wp.kristdemokraterna.se\/leksand\/wp-json\/wp\/v2\/pages\/807"}],"wp:attachment":[{"href":"https:\/\/wp.kristdemokraterna.se\/leksand\/wp-json\/wp\/v2\/media?parent=771"}],"curies":[{"name":"wp","href":"https:\/\/api.w.org\/{rel}","templated":true}]}}