{"id":774,"date":"2021-04-21T17:53:40","date_gmt":"2021-04-21T15:53:40","guid":{"rendered":"https:\/\/wp.kristdemokraterna.se\/leksand\/?page_id=774"},"modified":"2022-07-06T23:09:09","modified_gmt":"2022-07-06T21:09:09","slug":"omsorg","status":"publish","type":"page","link":"https:\/\/wp.kristdemokraterna.se\/leksand\/var-politik\/politikomraden\/omsorg\/","title":{"rendered":"V\u00e5rd &amp; omsorg"},"content":{"rendered":"<div class=\"kvgmc6g5 cxmmr5t8 oygrvhab hcukyx3x c1et5uql ii04i59q\">\n<p>Alla medborgare ska kunna \u00e5ldras med v\u00e4rdighet. D\u00e4rf\u00f6r vill vi vill prioritera de \u00e4ldre och ta ansvar f\u00f6r att de f\u00e5r en omsorg som pr\u00e4glas av sj\u00e4lvbest\u00e4mmande, v\u00e4rdighet och trygghet. Detta oavsett boendeform. Man ska sj\u00e4lv kunna v\u00e4lja att bo kvar hemma eller f\u00e5 plats p\u00e5 ett anpassat boende eller \u00e4ldreboende. Vi tycker att alla som fyllt 85 \u00e5r ska garanteras plats. F\u00f6r att s\u00e4kerst\u00e4lla detta beh\u00f6ver vi bygga fler anpassade boenden, framf\u00f6r allt i centrala l\u00e4gen. Det som sedan har st\u00f6rst betydelse f\u00f6r den omsorg man f\u00e5r \u00e4r personalen. D\u00e4rf\u00f6r vill vi bland annat s\u00e4tta en maxgr\u00e4ns p\u00e5 antalet olika hemtj\u00e4nstpersonal per brukare, utveckla v\u00e5rdserviceteam, verka f\u00f6r att det finns aktivitetsv\u00e4rdar och pedagoger inom \u00e4ldreomsorgen, erbjuda studier p\u00e5 betald arbetstid och v\u00e4rdes\u00e4tta seniora medarbetare genom en premiemodell. P\u00e5 s\u00e5 s\u00e4tt kan vi h\u00f6ja kvaliteten inom \u00e4ldreomsorgen och ocks\u00e5 erbjuda kompetensutveckling och en b\u00e4ttre arbetsmilj\u00f6 f\u00f6r v\u00e5ra medarbetare.<\/p>\n<p>Vision 2030 f\u00f6r Leksands kommun:<em> \u201dVi \u00e4r ledande inom omsorgen av \u00e4ldre och personer med funktionsneds\u00e4ttningar.\u201d<\/em><\/p>\n<h4><strong>V\u00e5ra f\u00f6rslag:<\/strong><\/h4>\n<ul>\n<li>Erbjud valfrihet f\u00f6r v\u00e5ra \u00e4ldre vad g\u00e4ller bostad och v\u00e5rdinsats. Man ska sj\u00e4lv kunna v\u00e4lja att bo kvar hemma eller f\u00e5 plats i ett anpassat boende eller \u00e4ldreboende. Om plats inte kan erbjudas ska man kunna st\u00e4lla sig i k\u00f6.<\/li>\n<li>Se till att alla som fyllt 85 \u00e5r garanteras plats i anpassat boende, som exempelvis seniorboende, trygghetsboende och s\u00e4rskilt boende.<\/li>\n<li>Bygg fler anpassade boenden i centrala l\u00e4gen, inte minst i Insj\u00f6n och Siljansn\u00e4s. H\u00e4r finns till exempel ett medborgarf\u00f6rslag om ett nytt seniorboende p\u00e5 Bj\u00f6rkbacken i Siljansn\u00e4s. Detta vill vi se \u00f6ver.<\/li>\n<li>S\u00e4kerst\u00e4ll att demensboende \u00e4ven finns f\u00f6r yngre personer med demens.<\/li>\n<li>Uppgradera demensv\u00e5rden och se till att kompetensen hos v\u00e5ra specialutbildade undersk\u00f6terskor, Silviasystrar, anv\u00e4nds b\u00e4ttre.<\/li>\n<li>Utveckla hemsjukv\u00e5rden och mobila team.<\/li>\n<li>Se till att antalet hemtj\u00e4nstpersonal per brukare inte \u00e4r st\u00f6rre \u00e4n att den enskilde kan l\u00e4ra k\u00e4nna alla. Den som f\u00e5r hemtj\u00e4nst ska k\u00e4nna igen den som kommer. D\u00e4rf\u00f6r f\u00f6resl\u00e5r vi en maxgr\u00e4ns p\u00e5 tio olika hemtj\u00e4nstpersonal per brukare och m\u00e5nad.<\/li>\n<li>Se till att kommunen ger information till den enskilde om m\u00f6jligheten att g\u00f6ra egna val av hush\u00e5llsn\u00e4ra tj\u00e4nster med hj\u00e4lp av RUT- och ROT-avdrag.<\/li>\n<li>Verka f\u00f6r att ideellt driven och id\u00e9buren v\u00e5rd och omsorg ges goda f\u00f6ruts\u00e4ttningar att v\u00e4xa fram och driva verksamhet.<\/li>\n<li>St\u00f6d civilsamh\u00e4llet ekonomiskt och erbjud ideella organisationer m\u00f6jlighet att uppr\u00e4tta ett id\u00e9buret offentligt partnerskap (IOP) med kommunen. Genom ett s\u00e5dant avtal kan kommunen bidra med pengar, lokaler eller administrativa resurser till exempel volont\u00e4rer som st\u00f6ttar \u00e4ldreomsorgen genom sociala aktiviteter.<\/li>\n<li>Se till att kommunen erbjuder tr\u00e4ffpunkter f\u00f6r \u00e4ldre i samverkan med civilsamh\u00e4llet, med en variation av aktiviteter.<\/li>\n<li>G\u00f6r det m\u00f6jligt f\u00f6r kommuninv\u00e5nare \u00f6ver 75 \u00e5r att s\u00f6ka bidrag f\u00f6r att k\u00f6pa broddar eller skor med dubb.<\/li>\n<\/ul>\n<h4><strong>V\u00e5ra f\u00f6rslag f\u00f6r personalen:<\/strong><\/h4>\n<ul>\n<li>Inf\u00f6r en premiemodell inom \u00e4ldreomsorgen. Den som \u00e4r \u00f6ver 65 \u00e5r och vill arbeta kvar ska kunna erbjudas 75 000 kr extra per \u00e5r. P\u00e5 s\u00e5 s\u00e4tt kan vi beh\u00e5lla den v\u00e4rdefulla kompetens som v\u00e5ra lite \u00e4ldre medarbetare besitter.<\/li>\n<li>Erbjud de som arbetar inom \u00e4ldreomsorgen att p\u00e5 betald arbetstid utbilda sig till undersk\u00f6terska eller v\u00e5rdbitr\u00e4de. Arbete ska d\u00e5 bedrivas p\u00e5 50 procent och studier p\u00e5 50 procent.<\/li>\n<li>Erbjud de som arbetar inom \u00e4ldreomsorgen att p\u00e5 betald arbetstid studera svenska. All personal som arbetar v\u00e5rdn\u00e4ra ska kunna kommunicera p\u00e5 god svenska.<\/li>\n<li>Se till att tolk- och spr\u00e5kkunskaper \u00e4r meriterande i nya anst\u00e4llningar inom \u00e4ldreomsorgen.<\/li>\n<li>S\u00e4kerst\u00e4ll att alla som jobbar inom \u00e4ldreomsorgen har kunskap om <em>Europeisk deklaration om \u00e4ldres r\u00e4ttigheter och skyldigheter d\u00e5 de \u00e4r i behov av v\u00e5rd och omsorg<\/em>.<\/li>\n<li>Utveckla v\u00e5rdserviceteam f\u00f6r att avlasta undersk\u00f6terskor med icke-medicinska arbetsuppgifter.<\/li>\n<li>Verka f\u00f6r att det finns aktivitetsv\u00e4rdar och pedagoger inom \u00e4ldreomsorgen.<\/li>\n<\/ul>\n<h4><strong>F\u00f6rslag som beslutas p\u00e5 region- och riksniv\u00e5:<\/strong><\/h4>\n<ul>\n<li>\u00d6ppna seniormottagningar i prim\u00e4rv\u00e5rden med tillg\u00e5ng till personal med olika kompetenser. L\u00e5t familjecentralen vara f\u00f6rebild. D\u00e4r finns barnmorskor, sjuksk\u00f6terskor, l\u00e4kare, psykologer, terapeuter, socionomer och pedagoger, som tillsammans ger ett l\u00e4ttillg\u00e4ngligt st\u00f6d.<\/li>\n<li>St\u00e4rk prim\u00e4rv\u00e5rden, erbjud b\u00e4ttre \u00f6ppettider och prioritera annan tillg\u00e4nglighet till prim\u00e4rv\u00e5rden s\u00e5som webbtj\u00e4nster.<\/li>\n<li>G\u00f6r det m\u00f6jligt f\u00f6r kommuner att anst\u00e4lla l\u00e4kare.<\/li>\n<li>Inf\u00f6r en nationell v\u00e5rdf\u00f6rmedling och f\u00f6rst\u00e4rkt v\u00e5rdgaranti.<\/li>\n<li>F\u00f6rstatliga svensk h\u00e4lso- och sjukv\u00e5rd. Sjukv\u00e5rdssystemet beh\u00f6ver reformeras i grunden f\u00f6r en b\u00e4ttre och mer j\u00e4mlik v\u00e5rd.<\/li>\n<\/ul>\n<\/div>\n<div class=\"o9v6fnle cxmmr5t8 oygrvhab hcukyx3x c1et5uql ii04i59q\"><\/div>\n","protected":false},"excerpt":{"rendered":"<p>Alla medborgare ska kunna \u00e5ldras med v\u00e4rdighet. D\u00e4rf\u00f6r vill vi vill prioritera de \u00e4ldre och ta ansvar f\u00f6r att de f\u00e5r en omsorg som pr\u00e4glas av sj\u00e4lvbest\u00e4mmande, v\u00e4rdighet och trygghet. Detta oavsett boendeform. Man ska sj\u00e4lv kunna v\u00e4lja att bo kvar hemma eller f\u00e5 plats p\u00e5 ett anpassat boende eller \u00e4ldreboende. Vi tycker att alla <a class=\"read-more-link\" href=\"https:\/\/wp.kristdemokraterna.se\/leksand\/var-politik\/politikomraden\/omsorg\/\">Read More<\/a><\/p>\n","protected":false},"author":958,"featured_media":0,"parent":807,"menu_order":3,"comment_status":"closed","ping_status":"closed","template":"","meta":{"_acf_changed":false,"footnotes":""},"class_list":["post-774","page","type-page","status-publish","hentry"],"acf":[],"yoast_head":"<!-- This site is optimized with the Yoast SEO plugin v27.3 - https:\/\/yoast.com\/product\/yoast-seo-wordpress\/ -->\n<title>V\u00e5rd &amp; omsorg - Kristdemokraterna Leksand<\/title>\n<meta name=\"robots\" content=\"index, follow, max-snippet:-1, max-image-preview:large, max-video-preview:-1\" \/>\n<link rel=\"canonical\" href=\"https:\/\/wp.kristdemokraterna.se\/leksand\/var-politik\/politikomraden\/omsorg\/\" \/>\n<meta property=\"og:locale\" content=\"sv_SE\" \/>\n<meta property=\"og:type\" content=\"article\" \/>\n<meta property=\"og:title\" content=\"V\u00e5rd &amp; omsorg - Kristdemokraterna Leksand\" \/>\n<meta property=\"og:description\" content=\"Alla medborgare ska kunna \u00e5ldras med v\u00e4rdighet. D\u00e4rf\u00f6r vill vi vill prioritera de \u00e4ldre och ta ansvar f\u00f6r att de f\u00e5r en omsorg som pr\u00e4glas av sj\u00e4lvbest\u00e4mmande, v\u00e4rdighet och trygghet. Detta oavsett boendeform. Man ska sj\u00e4lv kunna v\u00e4lja att bo kvar hemma eller f\u00e5 plats p\u00e5 ett anpassat boende eller \u00e4ldreboende. Vi tycker att alla Read More\" \/>\n<meta property=\"og:url\" content=\"https:\/\/wp.kristdemokraterna.se\/leksand\/var-politik\/politikomraden\/omsorg\/\" \/>\n<meta property=\"og:site_name\" content=\"Kristdemokraterna Leksand\" \/>\n<meta property=\"article:modified_time\" content=\"2022-07-06T21:09:09+00:00\" \/>\n<meta name=\"twitter:card\" content=\"summary_large_image\" \/>\n<meta name=\"twitter:label1\" content=\"Ber\u00e4knad l\u00e4stid\" \/>\n\t<meta name=\"twitter:data1\" content=\"1 minut\" \/>\n<script type=\"application\/ld+json\" class=\"yoast-schema-graph\">{\"@context\":\"https:\\\/\\\/schema.org\",\"@graph\":[{\"@type\":\"WebPage\",\"@id\":\"https:\\\/\\\/wp.kristdemokraterna.se\\\/leksand\\\/var-politik\\\/politikomraden\\\/omsorg\\\/\",\"url\":\"https:\\\/\\\/wp.kristdemokraterna.se\\\/leksand\\\/var-politik\\\/politikomraden\\\/omsorg\\\/\",\"name\":\"V\u00e5rd &amp; omsorg - Kristdemokraterna Leksand\",\"isPartOf\":{\"@id\":\"https:\\\/\\\/wp.kristdemokraterna.se\\\/leksand\\\/#website\"},\"datePublished\":\"2021-04-21T15:53:40+00:00\",\"dateModified\":\"2022-07-06T21:09:09+00:00\",\"breadcrumb\":{\"@id\":\"https:\\\/\\\/wp.kristdemokraterna.se\\\/leksand\\\/var-politik\\\/politikomraden\\\/omsorg\\\/#breadcrumb\"},\"inLanguage\":\"sv-SE\",\"potentialAction\":[{\"@type\":\"ReadAction\",\"target\":[\"https:\\\/\\\/wp.kristdemokraterna.se\\\/leksand\\\/var-politik\\\/politikomraden\\\/omsorg\\\/\"]}]},{\"@type\":\"BreadcrumbList\",\"@id\":\"https:\\\/\\\/wp.kristdemokraterna.se\\\/leksand\\\/var-politik\\\/politikomraden\\\/omsorg\\\/#breadcrumb\",\"itemListElement\":[{\"@type\":\"ListItem\",\"position\":1,\"name\":\"Hem\",\"item\":\"https:\\\/\\\/wp.kristdemokraterna.se\\\/leksand\\\/\"},{\"@type\":\"ListItem\",\"position\":2,\"name\":\"V\u00e5r politik\",\"item\":\"https:\\\/\\\/wp.kristdemokraterna.se\\\/leksand\\\/var-politik\\\/\"},{\"@type\":\"ListItem\",\"position\":3,\"name\":\"Politikomr\u00e5den\",\"item\":\"https:\\\/\\\/wp.kristdemokraterna.se\\\/leksand\\\/var-politik\\\/politikomraden\\\/\"},{\"@type\":\"ListItem\",\"position\":4,\"name\":\"V\u00e5rd &amp; omsorg\"}]},{\"@type\":\"WebSite\",\"@id\":\"https:\\\/\\\/wp.kristdemokraterna.se\\\/leksand\\\/#website\",\"url\":\"https:\\\/\\\/wp.kristdemokraterna.se\\\/leksand\\\/\",\"name\":\"Kristdemokraterna Leksand\",\"description\":\"Kristdemokratiska lokalavdelningen i Leksand\",\"inLanguage\":\"sv-SE\"}]}<\/script>\n<!-- \/ Yoast SEO plugin. -->","yoast_head_json":{"title":"V\u00e5rd &amp; omsorg - Kristdemokraterna Leksand","robots":{"index":"index","follow":"follow","max-snippet":"max-snippet:-1","max-image-preview":"max-image-preview:large","max-video-preview":"max-video-preview:-1"},"canonical":"https:\/\/wp.kristdemokraterna.se\/leksand\/var-politik\/politikomraden\/omsorg\/","og_locale":"sv_SE","og_type":"article","og_title":"V\u00e5rd &amp; omsorg - Kristdemokraterna Leksand","og_description":"Alla medborgare ska kunna \u00e5ldras med v\u00e4rdighet. D\u00e4rf\u00f6r vill vi vill prioritera de \u00e4ldre och ta ansvar f\u00f6r att de f\u00e5r en omsorg som pr\u00e4glas av sj\u00e4lvbest\u00e4mmande, v\u00e4rdighet och trygghet. Detta oavsett boendeform. Man ska sj\u00e4lv kunna v\u00e4lja att bo kvar hemma eller f\u00e5 plats p\u00e5 ett anpassat boende eller \u00e4ldreboende. Vi tycker att alla Read More","og_url":"https:\/\/wp.kristdemokraterna.se\/leksand\/var-politik\/politikomraden\/omsorg\/","og_site_name":"Kristdemokraterna Leksand","article_modified_time":"2022-07-06T21:09:09+00:00","twitter_card":"summary_large_image","twitter_misc":{"Ber\u00e4knad l\u00e4stid":"1 minut"},"schema":{"@context":"https:\/\/schema.org","@graph":[{"@type":"WebPage","@id":"https:\/\/wp.kristdemokraterna.se\/leksand\/var-politik\/politikomraden\/omsorg\/","url":"https:\/\/wp.kristdemokraterna.se\/leksand\/var-politik\/politikomraden\/omsorg\/","name":"V\u00e5rd &amp; omsorg - Kristdemokraterna Leksand","isPartOf":{"@id":"https:\/\/wp.kristdemokraterna.se\/leksand\/#website"},"datePublished":"2021-04-21T15:53:40+00:00","dateModified":"2022-07-06T21:09:09+00:00","breadcrumb":{"@id":"https:\/\/wp.kristdemokraterna.se\/leksand\/var-politik\/politikomraden\/omsorg\/#breadcrumb"},"inLanguage":"sv-SE","potentialAction":[{"@type":"ReadAction","target":["https:\/\/wp.kristdemokraterna.se\/leksand\/var-politik\/politikomraden\/omsorg\/"]}]},{"@type":"BreadcrumbList","@id":"https:\/\/wp.kristdemokraterna.se\/leksand\/var-politik\/politikomraden\/omsorg\/#breadcrumb","itemListElement":[{"@type":"ListItem","position":1,"name":"Hem","item":"https:\/\/wp.kristdemokraterna.se\/leksand\/"},{"@type":"ListItem","position":2,"name":"V\u00e5r politik","item":"https:\/\/wp.kristdemokraterna.se\/leksand\/var-politik\/"},{"@type":"ListItem","position":3,"name":"Politikomr\u00e5den","item":"https:\/\/wp.kristdemokraterna.se\/leksand\/var-politik\/politikomraden\/"},{"@type":"ListItem","position":4,"name":"V\u00e5rd &amp; omsorg"}]},{"@type":"WebSite","@id":"https:\/\/wp.kristdemokraterna.se\/leksand\/#website","url":"https:\/\/wp.kristdemokraterna.se\/leksand\/","name":"Kristdemokraterna Leksand","description":"Kristdemokratiska lokalavdelningen i Leksand","inLanguage":"sv-SE"}]}},"_links":{"self":[{"href":"https:\/\/wp.kristdemokraterna.se\/leksand\/wp-json\/wp\/v2\/pages\/774","targetHints":{"allow":["GET"]}}],"collection":[{"href":"https:\/\/wp.kristdemokraterna.se\/leksand\/wp-json\/wp\/v2\/pages"}],"about":[{"href":"https:\/\/wp.kristdemokraterna.se\/leksand\/wp-json\/wp\/v2\/types\/page"}],"author":[{"embeddable":true,"href":"https:\/\/wp.kristdemokraterna.se\/leksand\/wp-json\/wp\/v2\/users\/958"}],"replies":[{"embeddable":true,"href":"https:\/\/wp.kristdemokraterna.se\/leksand\/wp-json\/wp\/v2\/comments?post=774"}],"version-history":[{"count":5,"href":"https:\/\/wp.kristdemokraterna.se\/leksand\/wp-json\/wp\/v2\/pages\/774\/revisions"}],"predecessor-version":[{"id":1053,"href":"https:\/\/wp.kristdemokraterna.se\/leksand\/wp-json\/wp\/v2\/pages\/774\/revisions\/1053"}],"up":[{"embeddable":true,"href":"https:\/\/wp.kristdemokraterna.se\/leksand\/wp-json\/wp\/v2\/pages\/807"}],"wp:attachment":[{"href":"https:\/\/wp.kristdemokraterna.se\/leksand\/wp-json\/wp\/v2\/media?parent=774"}],"curies":[{"name":"wp","href":"https:\/\/api.w.org\/{rel}","templated":true}]}}