{"id":777,"date":"2021-04-21T17:54:27","date_gmt":"2021-04-21T15:54:27","guid":{"rendered":"https:\/\/wp.kristdemokraterna.se\/leksand\/?page_id=777"},"modified":"2022-07-06T21:58:23","modified_gmt":"2022-07-06T19:58:23","slug":"klimat","status":"publish","type":"page","link":"https:\/\/wp.kristdemokraterna.se\/leksand\/var-politik\/politikomraden\/klimat\/","title":{"rendered":"Milj\u00f6 &amp; klimat"},"content":{"rendered":"<div class=\"kvgmc6g5 cxmmr5t8 oygrvhab hcukyx3x c1et5uql ii04i59q\">\n<p>F\u00f6rvaltarskapstanken \u00e4r en b\u00e4rande del i den kristdemokratiska ideologin. P\u00e5 milj\u00f6- och klimat omr\u00e5det inneb\u00e4r det att vi inte f\u00e5r f\u00f6rbruka v\u00e5r jord och dess tillg\u00e5ngar. F\u00f6r att p\u00e5 riktigt ta ansvar f\u00f6r detta vill vi att Leksands kommun \u00e4r klimatpositiv till 2040. Det inneb\u00e4r att vi beh\u00f6ver minska p\u00e5 koldioxiden som vi sl\u00e4pper ut och klimatkompensera f\u00f6r mer \u00e4n de utsl\u00e4pp vi har kvar. Detta ska vi g\u00f6ra bland annat genom att bygga fler solceller p\u00e5 kommunala fastigheter, bygga fler laddstolpar, skaffa en helt fossilfri fordonspark, st\u00e4lla h\u00e5rdare krav i upphandlingar och \u00f6ka andelen n\u00e4rproducerade och ekologiska livsmedel p\u00e5 v\u00e5ra f\u00f6rskolor, skolor och \u00e4ldreboenden. Vi vill \u00e4ven ta fram nya milj\u00f6- och klimatm\u00e5l och inf\u00f6ra ett r\u00e5d f\u00f6r h\u00e5llbarhetsfr\u00e5gor i kommunen.<\/p>\n<blockquote><p>Vision 2030 f\u00f6r Leksands kommun: <em>\u201cVi tar v\u00e5rt ansvar f\u00f6r de stora utmaningar som finns inom milj\u00f6- och klimatomr\u00e5det.\u201d<\/em><\/p><\/blockquote>\n<h4><strong>V\u00e5ra f\u00f6rslag:<\/strong><\/h4>\n<ul>\n<li>G\u00f6r allt f\u00f6r att den kommunala verksamheten ska vara klimatpositiv till 2040.<\/li>\n<li>Inf\u00f6r nya milj\u00f6- och klimatm\u00e5l. Idag har kommunen f\u00f6rlegade milj\u00f6- och klimatm\u00e5l som skulle vara utf\u00f6rda senast 2020. Vi beh\u00f6ver ta fram nya m\u00e5l med utg\u00e5ngspunkt i att kommunen ska vara klimatpositiv till 2040. M\u00e5len ska inneh\u00e5lla en energi- och klimatplan, en milj\u00f6plan och en naturv\u00e5rdsplan.<\/li>\n<li>Inf\u00f6r ett r\u00e5d f\u00f6r h\u00e5llbarhetsfr\u00e5gor i Leksands kommun som arbetar f\u00f6r att hitta nya l\u00f6sningar inom milj\u00f6- och klimatomr\u00e5det. H\u00e5llbarhetsr\u00e5det ska vara sammansatt av s\u00e5v\u00e4l kommunala tj\u00e4nstem\u00e4n som kommuninv\u00e5nare och f\u00f6retagare med kunskap inom omr\u00e5det.<\/li>\n<li>Bygg fler solceller p\u00e5 kommunala fastigheter i hela kommunen.<\/li>\n<li>Bygg fler laddstolpar i hela kommunen. Idag har kommunen enbart ett par parkeringsplatser med m\u00f6jlighet att ladda din elbil. Det beh\u00f6ver vi \u00e4ndra p\u00e5.<\/li>\n<li>Se till att Leksandsbost\u00e4der erbjuder laddstolpar till alla sina hyresg\u00e4ster.<\/li>\n<li>Verka f\u00f6r att kommunen f\u00e5r en helt fossilfri fordonspark. Detta ska ske framf\u00f6r allt genom ink\u00f6p av elbilar men \u00e4ven b\u00e4ttre samordning och nya m\u00f6tesformer.<\/li>\n<li>Anv\u00e4nd upphandlingsinstrumentet f\u00f6r att fr\u00e4mja en milj\u00f6m\u00e4ssigt h\u00e5llbar utveckling. Vid upphandlingar b\u00f6r det st\u00e4llas krav p\u00e5 att det totala ekologiska fotavtrycket redovisas och beaktas.<\/li>\n<li>\u00d6ka andelen n\u00e4rproducerade och ekologiska livsmedel i m\u00e5ltidsverksamheten inom f\u00f6rskola, skola och \u00e4ldreomsorg. Upphandling av n\u00e4rproducerade livsmedel ska fr\u00e4mjas genom mindre omfattande upphandlingar f\u00f6r att fler och mindre leverant\u00f6rer ska kunna medverka. Konceptet \u201dko p\u00e5 rot\u201d kan anv\u00e4ndas, det vill s\u00e4ga att kommunen upphandlar n\u00f6tdjur p\u00e5 rot som sedan slaktas och blir till mat p\u00e5 kommunens f\u00f6rskolor, skolor och \u00e4ldreboenden.<\/li>\n<li>\u00d6ka andelen kommunalt avfall som material\u00e5tervinns.<\/li>\n<li>Inf\u00f6r m\u00f6jlighet till \u00e5terbruk kommunens \u00e5tervinningscentral.<\/li>\n<li>Prioritera utbyggnad och underh\u00e5ll av g\u00e5ng- och cykelv\u00e4gn\u00e4tet i kommunens infrastruktursatsningar. Vi vill m\u00f6jligg\u00f6ra cykelpendling inom kommunen.<\/li>\n<li>Bygg ut belysningen efter v\u00e4garna i v\u00e5ra byar s\u00e5 att det \u00e4r s\u00e4kert att promenera och cykla \u00e4ven n\u00e4r det \u00e4r m\u00f6rkt ute.<\/li>\n<\/ul>\n<h4><strong>F\u00f6rslag som beslutas p\u00e5 regionniv\u00e5:<\/strong><\/h4>\n<ul>\n<li>Se till att kollektivtrafikens bussar har fossilfria drivmedel.<\/li>\n<li>Se \u00f6ver och m\u00f6jligg\u00f6r en mer flexibel kollektivtrafik.<\/li>\n<\/ul>\n<\/div>\n","protected":false},"excerpt":{"rendered":"<p>F\u00f6rvaltarskapstanken \u00e4r en b\u00e4rande del i den kristdemokratiska ideologin. P\u00e5 milj\u00f6- och klimat omr\u00e5det inneb\u00e4r det att vi inte f\u00e5r f\u00f6rbruka v\u00e5r jord och dess tillg\u00e5ngar. F\u00f6r att p\u00e5 riktigt ta ansvar f\u00f6r detta vill vi att Leksands kommun \u00e4r klimatpositiv till 2040. Det inneb\u00e4r att vi beh\u00f6ver minska p\u00e5 koldioxiden som vi sl\u00e4pper ut <a class=\"read-more-link\" href=\"https:\/\/wp.kristdemokraterna.se\/leksand\/var-politik\/politikomraden\/klimat\/\">Read More<\/a><\/p>\n","protected":false},"author":958,"featured_media":0,"parent":807,"menu_order":4,"comment_status":"closed","ping_status":"closed","template":"","meta":{"_acf_changed":false,"footnotes":""},"class_list":["post-777","page","type-page","status-publish","hentry"],"acf":[],"yoast_head":"<!-- This site is optimized with the Yoast SEO plugin v27.4 - https:\/\/yoast.com\/product\/yoast-seo-wordpress\/ -->\n<title>Milj\u00f6 &amp; klimat - Kristdemokraterna Leksand<\/title>\n<meta name=\"robots\" content=\"index, follow, max-snippet:-1, max-image-preview:large, max-video-preview:-1\" \/>\n<link rel=\"canonical\" href=\"https:\/\/wp.kristdemokraterna.se\/leksand\/var-politik\/politikomraden\/klimat\/\" \/>\n<meta property=\"og:locale\" content=\"sv_SE\" \/>\n<meta property=\"og:type\" content=\"article\" \/>\n<meta property=\"og:title\" content=\"Milj\u00f6 &amp; klimat - Kristdemokraterna Leksand\" \/>\n<meta property=\"og:description\" content=\"F\u00f6rvaltarskapstanken \u00e4r en b\u00e4rande del i den kristdemokratiska ideologin. P\u00e5 milj\u00f6- och klimat omr\u00e5det inneb\u00e4r det att vi inte f\u00e5r f\u00f6rbruka v\u00e5r jord och dess tillg\u00e5ngar. F\u00f6r att p\u00e5 riktigt ta ansvar f\u00f6r detta vill vi att Leksands kommun \u00e4r klimatpositiv till 2040. Det inneb\u00e4r att vi beh\u00f6ver minska p\u00e5 koldioxiden som vi sl\u00e4pper ut Read More\" \/>\n<meta property=\"og:url\" content=\"https:\/\/wp.kristdemokraterna.se\/leksand\/var-politik\/politikomraden\/klimat\/\" \/>\n<meta property=\"og:site_name\" content=\"Kristdemokraterna Leksand\" \/>\n<meta property=\"article:modified_time\" content=\"2022-07-06T19:58:23+00:00\" \/>\n<meta name=\"twitter:card\" content=\"summary_large_image\" \/>\n<meta name=\"twitter:label1\" content=\"Ber\u00e4knad l\u00e4stid\" \/>\n\t<meta name=\"twitter:data1\" content=\"1 minut\" \/>\n<script type=\"application\/ld+json\" class=\"yoast-schema-graph\">{\"@context\":\"https:\\\/\\\/schema.org\",\"@graph\":[{\"@type\":\"WebPage\",\"@id\":\"https:\\\/\\\/wp.kristdemokraterna.se\\\/leksand\\\/var-politik\\\/politikomraden\\\/klimat\\\/\",\"url\":\"https:\\\/\\\/wp.kristdemokraterna.se\\\/leksand\\\/var-politik\\\/politikomraden\\\/klimat\\\/\",\"name\":\"Milj\u00f6 &amp; klimat - Kristdemokraterna Leksand\",\"isPartOf\":{\"@id\":\"https:\\\/\\\/wp.kristdemokraterna.se\\\/leksand\\\/#website\"},\"datePublished\":\"2021-04-21T15:54:27+00:00\",\"dateModified\":\"2022-07-06T19:58:23+00:00\",\"breadcrumb\":{\"@id\":\"https:\\\/\\\/wp.kristdemokraterna.se\\\/leksand\\\/var-politik\\\/politikomraden\\\/klimat\\\/#breadcrumb\"},\"inLanguage\":\"sv-SE\",\"potentialAction\":[{\"@type\":\"ReadAction\",\"target\":[\"https:\\\/\\\/wp.kristdemokraterna.se\\\/leksand\\\/var-politik\\\/politikomraden\\\/klimat\\\/\"]}]},{\"@type\":\"BreadcrumbList\",\"@id\":\"https:\\\/\\\/wp.kristdemokraterna.se\\\/leksand\\\/var-politik\\\/politikomraden\\\/klimat\\\/#breadcrumb\",\"itemListElement\":[{\"@type\":\"ListItem\",\"position\":1,\"name\":\"Hem\",\"item\":\"https:\\\/\\\/wp.kristdemokraterna.se\\\/leksand\\\/\"},{\"@type\":\"ListItem\",\"position\":2,\"name\":\"V\u00e5r politik\",\"item\":\"https:\\\/\\\/wp.kristdemokraterna.se\\\/leksand\\\/var-politik\\\/\"},{\"@type\":\"ListItem\",\"position\":3,\"name\":\"Politikomr\u00e5den\",\"item\":\"https:\\\/\\\/wp.kristdemokraterna.se\\\/leksand\\\/var-politik\\\/politikomraden\\\/\"},{\"@type\":\"ListItem\",\"position\":4,\"name\":\"Milj\u00f6 &amp; klimat\"}]},{\"@type\":\"WebSite\",\"@id\":\"https:\\\/\\\/wp.kristdemokraterna.se\\\/leksand\\\/#website\",\"url\":\"https:\\\/\\\/wp.kristdemokraterna.se\\\/leksand\\\/\",\"name\":\"Kristdemokraterna Leksand\",\"description\":\"Kristdemokratiska lokalavdelningen i Leksand\",\"inLanguage\":\"sv-SE\"}]}<\/script>\n<!-- \/ Yoast SEO plugin. -->","yoast_head_json":{"title":"Milj\u00f6 &amp; klimat - Kristdemokraterna Leksand","robots":{"index":"index","follow":"follow","max-snippet":"max-snippet:-1","max-image-preview":"max-image-preview:large","max-video-preview":"max-video-preview:-1"},"canonical":"https:\/\/wp.kristdemokraterna.se\/leksand\/var-politik\/politikomraden\/klimat\/","og_locale":"sv_SE","og_type":"article","og_title":"Milj\u00f6 &amp; klimat - Kristdemokraterna Leksand","og_description":"F\u00f6rvaltarskapstanken \u00e4r en b\u00e4rande del i den kristdemokratiska ideologin. P\u00e5 milj\u00f6- och klimat omr\u00e5det inneb\u00e4r det att vi inte f\u00e5r f\u00f6rbruka v\u00e5r jord och dess tillg\u00e5ngar. F\u00f6r att p\u00e5 riktigt ta ansvar f\u00f6r detta vill vi att Leksands kommun \u00e4r klimatpositiv till 2040. Det inneb\u00e4r att vi beh\u00f6ver minska p\u00e5 koldioxiden som vi sl\u00e4pper ut Read More","og_url":"https:\/\/wp.kristdemokraterna.se\/leksand\/var-politik\/politikomraden\/klimat\/","og_site_name":"Kristdemokraterna Leksand","article_modified_time":"2022-07-06T19:58:23+00:00","twitter_card":"summary_large_image","twitter_misc":{"Ber\u00e4knad l\u00e4stid":"1 minut"},"schema":{"@context":"https:\/\/schema.org","@graph":[{"@type":"WebPage","@id":"https:\/\/wp.kristdemokraterna.se\/leksand\/var-politik\/politikomraden\/klimat\/","url":"https:\/\/wp.kristdemokraterna.se\/leksand\/var-politik\/politikomraden\/klimat\/","name":"Milj\u00f6 &amp; klimat - Kristdemokraterna Leksand","isPartOf":{"@id":"https:\/\/wp.kristdemokraterna.se\/leksand\/#website"},"datePublished":"2021-04-21T15:54:27+00:00","dateModified":"2022-07-06T19:58:23+00:00","breadcrumb":{"@id":"https:\/\/wp.kristdemokraterna.se\/leksand\/var-politik\/politikomraden\/klimat\/#breadcrumb"},"inLanguage":"sv-SE","potentialAction":[{"@type":"ReadAction","target":["https:\/\/wp.kristdemokraterna.se\/leksand\/var-politik\/politikomraden\/klimat\/"]}]},{"@type":"BreadcrumbList","@id":"https:\/\/wp.kristdemokraterna.se\/leksand\/var-politik\/politikomraden\/klimat\/#breadcrumb","itemListElement":[{"@type":"ListItem","position":1,"name":"Hem","item":"https:\/\/wp.kristdemokraterna.se\/leksand\/"},{"@type":"ListItem","position":2,"name":"V\u00e5r politik","item":"https:\/\/wp.kristdemokraterna.se\/leksand\/var-politik\/"},{"@type":"ListItem","position":3,"name":"Politikomr\u00e5den","item":"https:\/\/wp.kristdemokraterna.se\/leksand\/var-politik\/politikomraden\/"},{"@type":"ListItem","position":4,"name":"Milj\u00f6 &amp; klimat"}]},{"@type":"WebSite","@id":"https:\/\/wp.kristdemokraterna.se\/leksand\/#website","url":"https:\/\/wp.kristdemokraterna.se\/leksand\/","name":"Kristdemokraterna Leksand","description":"Kristdemokratiska lokalavdelningen i Leksand","inLanguage":"sv-SE"}]}},"_links":{"self":[{"href":"https:\/\/wp.kristdemokraterna.se\/leksand\/wp-json\/wp\/v2\/pages\/777","targetHints":{"allow":["GET"]}}],"collection":[{"href":"https:\/\/wp.kristdemokraterna.se\/leksand\/wp-json\/wp\/v2\/pages"}],"about":[{"href":"https:\/\/wp.kristdemokraterna.se\/leksand\/wp-json\/wp\/v2\/types\/page"}],"author":[{"embeddable":true,"href":"https:\/\/wp.kristdemokraterna.se\/leksand\/wp-json\/wp\/v2\/users\/958"}],"replies":[{"embeddable":true,"href":"https:\/\/wp.kristdemokraterna.se\/leksand\/wp-json\/wp\/v2\/comments?post=777"}],"version-history":[{"count":6,"href":"https:\/\/wp.kristdemokraterna.se\/leksand\/wp-json\/wp\/v2\/pages\/777\/revisions"}],"predecessor-version":[{"id":1023,"href":"https:\/\/wp.kristdemokraterna.se\/leksand\/wp-json\/wp\/v2\/pages\/777\/revisions\/1023"}],"up":[{"embeddable":true,"href":"https:\/\/wp.kristdemokraterna.se\/leksand\/wp-json\/wp\/v2\/pages\/807"}],"wp:attachment":[{"href":"https:\/\/wp.kristdemokraterna.se\/leksand\/wp-json\/wp\/v2\/media?parent=777"}],"curies":[{"name":"wp","href":"https:\/\/api.w.org\/{rel}","templated":true}]}}