{"id":807,"date":"2021-04-21T18:18:48","date_gmt":"2021-04-21T16:18:48","guid":{"rendered":"https:\/\/wp.kristdemokraterna.se\/leksand\/?page_id=807"},"modified":"2022-07-06T23:07:46","modified_gmt":"2022-07-06T21:07:46","slug":"politikomraden","status":"publish","type":"page","link":"https:\/\/wp.kristdemokraterna.se\/leksand\/var-politik\/politikomraden\/","title":{"rendered":"Politikomr\u00e5den"},"content":{"rendered":"<p>H\u00e4r kan du l\u00e4sa mer om v\u00e5ra f\u00f6rslag p\u00e5 olika politikomr\u00e5den:<\/p>\n<ul>\n<li><a href=\"https:\/\/wp.kristdemokraterna.se\/leksand\/var-politik\/politikomraden\/familj\/\">Familj<\/a><\/li>\n<li><a href=\"https:\/\/wp.kristdemokraterna.se\/leksand\/var-politik\/politikomraden\/skola\/\">Skola &amp; utbildning<\/a><\/li>\n<li><a href=\"https:\/\/wp.kristdemokraterna.se\/leksand\/var-politik\/politikomraden\/omsorg\/\">V\u00e5rd &amp; omsorg<\/a><\/li>\n<li><a href=\"https:\/\/wp.kristdemokraterna.se\/leksand\/var-politik\/politikomraden\/klimat\/\">Milj\u00f6 &amp; klimat<\/a><\/li>\n<li><a href=\"https:\/\/wp.kristdemokraterna.se\/leksand\/var-politik\/politikomraden\/samhallsbyggnad\/\">Samh\u00e4llsbyggnad<\/a><\/li>\n<li><a href=\"https:\/\/wp.kristdemokraterna.se\/leksand\/var-politik\/politikomraden\/ekonomi\/\">Ekonomi &amp; f\u00f6retagande<\/a><\/li>\n<li><a href=\"https:\/\/wp.kristdemokraterna.se\/leksand\/var-politik\/politikomraden\/kultur\/\">Kultur &amp; fritid<\/a><\/li>\n<li><a href=\"https:\/\/wp.kristdemokraterna.se\/leksand\/var-politik\/politikomraden\/demokrati\/\">Demokrati &amp; samh\u00e4llsgemenskap<\/a><\/li>\n<li><a href=\"https:\/\/wp.kristdemokraterna.se\/leksand\/var-politik\/politikomraden\/arbetsgivare\/\">Arbetsmilj\u00f6 &amp; kompetensf\u00f6rs\u00f6rjning<\/a><\/li>\n<\/ul>\n","protected":false},"excerpt":{"rendered":"<p>H\u00e4r kan du l\u00e4sa mer om v\u00e5ra f\u00f6rslag p\u00e5 olika politikomr\u00e5den: Familj Skola &amp; utbildning V\u00e5rd &amp; omsorg Milj\u00f6 &amp; klimat Samh\u00e4llsbyggnad Ekonomi &amp; f\u00f6retagande Kultur &amp; fritid Demokrati &amp; samh\u00e4llsgemenskap Arbetsmilj\u00f6 &amp; kompetensf\u00f6rs\u00f6rjning<\/p>\n","protected":false},"author":958,"featured_media":0,"parent":2,"menu_order":3,"comment_status":"closed","ping_status":"closed","template":"","meta":{"_acf_changed":false,"footnotes":""},"class_list":["post-807","page","type-page","status-publish","hentry"],"acf":[],"yoast_head":"<!-- This site is optimized with the Yoast SEO plugin v27.3 - https:\/\/yoast.com\/product\/yoast-seo-wordpress\/ -->\n<title>Politikomr\u00e5den - Kristdemokraterna Leksand<\/title>\n<meta name=\"robots\" content=\"index, follow, max-snippet:-1, max-image-preview:large, max-video-preview:-1\" \/>\n<link rel=\"canonical\" href=\"https:\/\/wp.kristdemokraterna.se\/leksand\/var-politik\/politikomraden\/\" \/>\n<meta property=\"og:locale\" content=\"sv_SE\" \/>\n<meta property=\"og:type\" content=\"article\" \/>\n<meta property=\"og:title\" content=\"Politikomr\u00e5den - Kristdemokraterna Leksand\" \/>\n<meta property=\"og:description\" content=\"H\u00e4r kan du l\u00e4sa mer om v\u00e5ra f\u00f6rslag p\u00e5 olika politikomr\u00e5den: Familj Skola &amp; utbildning V\u00e5rd &amp; omsorg Milj\u00f6 &amp; klimat Samh\u00e4llsbyggnad Ekonomi &amp; f\u00f6retagande Kultur &amp; fritid Demokrati &amp; samh\u00e4llsgemenskap Arbetsmilj\u00f6 &amp; kompetensf\u00f6rs\u00f6rjning\" \/>\n<meta property=\"og:url\" content=\"https:\/\/wp.kristdemokraterna.se\/leksand\/var-politik\/politikomraden\/\" \/>\n<meta property=\"og:site_name\" content=\"Kristdemokraterna Leksand\" \/>\n<meta property=\"article:modified_time\" content=\"2022-07-06T21:07:46+00:00\" \/>\n<meta name=\"twitter:card\" content=\"summary_large_image\" \/>\n<meta name=\"twitter:label1\" content=\"Ber\u00e4knad l\u00e4stid\" \/>\n\t<meta name=\"twitter:data1\" content=\"1 minut\" \/>\n<script type=\"application\/ld+json\" class=\"yoast-schema-graph\">{\"@context\":\"https:\\\/\\\/schema.org\",\"@graph\":[{\"@type\":\"WebPage\",\"@id\":\"https:\\\/\\\/wp.kristdemokraterna.se\\\/leksand\\\/var-politik\\\/politikomraden\\\/\",\"url\":\"https:\\\/\\\/wp.kristdemokraterna.se\\\/leksand\\\/var-politik\\\/politikomraden\\\/\",\"name\":\"Politikomr\u00e5den - Kristdemokraterna Leksand\",\"isPartOf\":{\"@id\":\"https:\\\/\\\/wp.kristdemokraterna.se\\\/leksand\\\/#website\"},\"datePublished\":\"2021-04-21T16:18:48+00:00\",\"dateModified\":\"2022-07-06T21:07:46+00:00\",\"breadcrumb\":{\"@id\":\"https:\\\/\\\/wp.kristdemokraterna.se\\\/leksand\\\/var-politik\\\/politikomraden\\\/#breadcrumb\"},\"inLanguage\":\"sv-SE\",\"potentialAction\":[{\"@type\":\"ReadAction\",\"target\":[\"https:\\\/\\\/wp.kristdemokraterna.se\\\/leksand\\\/var-politik\\\/politikomraden\\\/\"]}]},{\"@type\":\"BreadcrumbList\",\"@id\":\"https:\\\/\\\/wp.kristdemokraterna.se\\\/leksand\\\/var-politik\\\/politikomraden\\\/#breadcrumb\",\"itemListElement\":[{\"@type\":\"ListItem\",\"position\":1,\"name\":\"Hem\",\"item\":\"https:\\\/\\\/wp.kristdemokraterna.se\\\/leksand\\\/\"},{\"@type\":\"ListItem\",\"position\":2,\"name\":\"V\u00e5r politik\",\"item\":\"https:\\\/\\\/wp.kristdemokraterna.se\\\/leksand\\\/var-politik\\\/\"},{\"@type\":\"ListItem\",\"position\":3,\"name\":\"Politikomr\u00e5den\"}]},{\"@type\":\"WebSite\",\"@id\":\"https:\\\/\\\/wp.kristdemokraterna.se\\\/leksand\\\/#website\",\"url\":\"https:\\\/\\\/wp.kristdemokraterna.se\\\/leksand\\\/\",\"name\":\"Kristdemokraterna Leksand\",\"description\":\"Kristdemokratiska lokalavdelningen i Leksand\",\"inLanguage\":\"sv-SE\"}]}<\/script>\n<!-- \/ Yoast SEO plugin. -->","yoast_head_json":{"title":"Politikomr\u00e5den - Kristdemokraterna Leksand","robots":{"index":"index","follow":"follow","max-snippet":"max-snippet:-1","max-image-preview":"max-image-preview:large","max-video-preview":"max-video-preview:-1"},"canonical":"https:\/\/wp.kristdemokraterna.se\/leksand\/var-politik\/politikomraden\/","og_locale":"sv_SE","og_type":"article","og_title":"Politikomr\u00e5den - Kristdemokraterna Leksand","og_description":"H\u00e4r kan du l\u00e4sa mer om v\u00e5ra f\u00f6rslag p\u00e5 olika politikomr\u00e5den: Familj Skola &amp; utbildning V\u00e5rd &amp; omsorg Milj\u00f6 &amp; klimat Samh\u00e4llsbyggnad Ekonomi &amp; f\u00f6retagande Kultur &amp; fritid Demokrati &amp; samh\u00e4llsgemenskap Arbetsmilj\u00f6 &amp; kompetensf\u00f6rs\u00f6rjning","og_url":"https:\/\/wp.kristdemokraterna.se\/leksand\/var-politik\/politikomraden\/","og_site_name":"Kristdemokraterna Leksand","article_modified_time":"2022-07-06T21:07:46+00:00","twitter_card":"summary_large_image","twitter_misc":{"Ber\u00e4knad l\u00e4stid":"1 minut"},"schema":{"@context":"https:\/\/schema.org","@graph":[{"@type":"WebPage","@id":"https:\/\/wp.kristdemokraterna.se\/leksand\/var-politik\/politikomraden\/","url":"https:\/\/wp.kristdemokraterna.se\/leksand\/var-politik\/politikomraden\/","name":"Politikomr\u00e5den - Kristdemokraterna Leksand","isPartOf":{"@id":"https:\/\/wp.kristdemokraterna.se\/leksand\/#website"},"datePublished":"2021-04-21T16:18:48+00:00","dateModified":"2022-07-06T21:07:46+00:00","breadcrumb":{"@id":"https:\/\/wp.kristdemokraterna.se\/leksand\/var-politik\/politikomraden\/#breadcrumb"},"inLanguage":"sv-SE","potentialAction":[{"@type":"ReadAction","target":["https:\/\/wp.kristdemokraterna.se\/leksand\/var-politik\/politikomraden\/"]}]},{"@type":"BreadcrumbList","@id":"https:\/\/wp.kristdemokraterna.se\/leksand\/var-politik\/politikomraden\/#breadcrumb","itemListElement":[{"@type":"ListItem","position":1,"name":"Hem","item":"https:\/\/wp.kristdemokraterna.se\/leksand\/"},{"@type":"ListItem","position":2,"name":"V\u00e5r politik","item":"https:\/\/wp.kristdemokraterna.se\/leksand\/var-politik\/"},{"@type":"ListItem","position":3,"name":"Politikomr\u00e5den"}]},{"@type":"WebSite","@id":"https:\/\/wp.kristdemokraterna.se\/leksand\/#website","url":"https:\/\/wp.kristdemokraterna.se\/leksand\/","name":"Kristdemokraterna Leksand","description":"Kristdemokratiska lokalavdelningen i Leksand","inLanguage":"sv-SE"}]}},"_links":{"self":[{"href":"https:\/\/wp.kristdemokraterna.se\/leksand\/wp-json\/wp\/v2\/pages\/807","targetHints":{"allow":["GET"]}}],"collection":[{"href":"https:\/\/wp.kristdemokraterna.se\/leksand\/wp-json\/wp\/v2\/pages"}],"about":[{"href":"https:\/\/wp.kristdemokraterna.se\/leksand\/wp-json\/wp\/v2\/types\/page"}],"author":[{"embeddable":true,"href":"https:\/\/wp.kristdemokraterna.se\/leksand\/wp-json\/wp\/v2\/users\/958"}],"replies":[{"embeddable":true,"href":"https:\/\/wp.kristdemokraterna.se\/leksand\/wp-json\/wp\/v2\/comments?post=807"}],"version-history":[{"count":8,"href":"https:\/\/wp.kristdemokraterna.se\/leksand\/wp-json\/wp\/v2\/pages\/807\/revisions"}],"predecessor-version":[{"id":1052,"href":"https:\/\/wp.kristdemokraterna.se\/leksand\/wp-json\/wp\/v2\/pages\/807\/revisions\/1052"}],"up":[{"embeddable":true,"href":"https:\/\/wp.kristdemokraterna.se\/leksand\/wp-json\/wp\/v2\/pages\/2"}],"wp:attachment":[{"href":"https:\/\/wp.kristdemokraterna.se\/leksand\/wp-json\/wp\/v2\/media?parent=807"}],"curies":[{"name":"wp","href":"https:\/\/api.w.org\/{rel}","templated":true}]}}