{"id":2,"date":"2014-04-04T11:34:08","date_gmt":"2014-04-04T09:34:08","guid":{"rendered":"http:\/\/wp.kristdemokraterna.se\/lokalavdelningsmall20140404\/?page_id=2"},"modified":"2022-05-02T19:01:36","modified_gmt":"2022-05-02T17:01:36","slug":"var-politik","status":"publish","type":"page","link":"https:\/\/wp.kristdemokraterna.se\/lidingo\/var-politik\/","title":{"rendered":"V\u00e5r politik"},"content":{"rendered":"<h1>I menyn till v\u00e4nster har ni m\u00f6jlighet att ta del av v\u00e5rt offensiva valprogram.<\/h1>\n<p><strong><span style=\"color: #015ea1\">I menyn till v\u00e4nster kan ni navigera och l\u00e4sa mer om vad vi tycker och vill verka f\u00f6r i olika fr\u00e5gor. \u00c4r ni p\u00e5 en mobilenhet s\u00e5 navigerar ni till de olika politikomr\u00e5dena genom att trycka p\u00e5 pilen till h\u00f6ger om &#8221;v\u00e5r politik&#8221;.<br \/>\n<\/span><\/strong><\/p>\n<p>&nbsp;<\/p>\n<p>&nbsp;<\/p>\n<h2><span style=\"color: #015ea1\"><em>Kristdemokraterna Liding\u00f6\u2013 Vi g\u00f6r det b\u00e4ttre!<\/em><\/span><\/h2>\n<hr \/>\n<div class=\"qowt-page-container\">\n<div id=\"E-15\" class=\"qowt-section qowt-eid-E552\">\n<p id=\"E522\" class=\"qowt-stl0\">\n<\/div>\n<\/div>\n","protected":false},"excerpt":{"rendered":"<p>I menyn till v\u00e4nster har ni m\u00f6jlighet att ta del av v\u00e5rt offensiva valprogram. I menyn till v\u00e4nster kan ni navigera och l\u00e4sa mer om vad vi tycker och vill verka f\u00f6r i olika fr\u00e5gor. \u00c4r ni p\u00e5 en mobilenhet s\u00e5 navigerar ni till de olika politikomr\u00e5dena genom att trycka p\u00e5 pilen till h\u00f6ger om <a class=\"read-more-link\" href=\"https:\/\/wp.kristdemokraterna.se\/lidingo\/var-politik\/\">Read More<\/a><\/p>\n","protected":false},"author":421,"featured_media":0,"parent":0,"menu_order":0,"comment_status":"closed","ping_status":"closed","template":"","meta":{"_acf_changed":false,"footnotes":""},"class_list":["post-2","page","type-page","status-publish","hentry"],"acf":[],"yoast_head":"<!-- This site is optimized with the Yoast SEO plugin v27.4 - https:\/\/yoast.com\/product\/yoast-seo-wordpress\/ -->\n<title>V\u00e5r politik - Liding\u00f6<\/title>\n<meta name=\"robots\" content=\"index, follow, max-snippet:-1, max-image-preview:large, max-video-preview:-1\" \/>\n<link rel=\"canonical\" href=\"https:\/\/wp.kristdemokraterna.se\/lidingo\/var-politik\/\" \/>\n<meta property=\"og:locale\" content=\"sv_SE\" \/>\n<meta property=\"og:type\" content=\"article\" \/>\n<meta property=\"og:title\" content=\"V\u00e5r politik - Liding\u00f6\" \/>\n<meta property=\"og:description\" content=\"I menyn till v\u00e4nster har ni m\u00f6jlighet att ta del av v\u00e5rt offensiva valprogram. I menyn till v\u00e4nster kan ni navigera och l\u00e4sa mer om vad vi tycker och vill verka f\u00f6r i olika fr\u00e5gor. \u00c4r ni p\u00e5 en mobilenhet s\u00e5 navigerar ni till de olika politikomr\u00e5dena genom att trycka p\u00e5 pilen till h\u00f6ger om Read More\" \/>\n<meta property=\"og:url\" content=\"https:\/\/wp.kristdemokraterna.se\/lidingo\/var-politik\/\" \/>\n<meta property=\"og:site_name\" content=\"Liding\u00f6\" \/>\n<meta property=\"article:modified_time\" content=\"2022-05-02T17:01:36+00:00\" \/>\n<meta name=\"twitter:card\" content=\"summary_large_image\" \/>\n<meta name=\"twitter:label1\" content=\"Ber\u00e4knad l\u00e4stid\" \/>\n\t<meta name=\"twitter:data1\" content=\"1 minut\" \/>\n<script type=\"application\/ld+json\" class=\"yoast-schema-graph\">{\"@context\":\"https:\\\/\\\/schema.org\",\"@graph\":[{\"@type\":\"WebPage\",\"@id\":\"https:\\\/\\\/wp.kristdemokraterna.se\\\/lidingo\\\/var-politik\\\/\",\"url\":\"https:\\\/\\\/wp.kristdemokraterna.se\\\/lidingo\\\/var-politik\\\/\",\"name\":\"V\u00e5r politik - Liding\u00f6\",\"isPartOf\":{\"@id\":\"https:\\\/\\\/wp.kristdemokraterna.se\\\/lidingo\\\/#website\"},\"datePublished\":\"2014-04-04T09:34:08+00:00\",\"dateModified\":\"2022-05-02T17:01:36+00:00\",\"breadcrumb\":{\"@id\":\"https:\\\/\\\/wp.kristdemokraterna.se\\\/lidingo\\\/var-politik\\\/#breadcrumb\"},\"inLanguage\":\"sv-SE\",\"potentialAction\":[{\"@type\":\"ReadAction\",\"target\":[\"https:\\\/\\\/wp.kristdemokraterna.se\\\/lidingo\\\/var-politik\\\/\"]}]},{\"@type\":\"BreadcrumbList\",\"@id\":\"https:\\\/\\\/wp.kristdemokraterna.se\\\/lidingo\\\/var-politik\\\/#breadcrumb\",\"itemListElement\":[{\"@type\":\"ListItem\",\"position\":1,\"name\":\"Hem\",\"item\":\"https:\\\/\\\/wp.kristdemokraterna.se\\\/lidingo\\\/\"},{\"@type\":\"ListItem\",\"position\":2,\"name\":\"V\u00e5r politik\"}]},{\"@type\":\"WebSite\",\"@id\":\"https:\\\/\\\/wp.kristdemokraterna.se\\\/lidingo\\\/#website\",\"url\":\"https:\\\/\\\/wp.kristdemokraterna.se\\\/lidingo\\\/\",\"name\":\"Liding\u00f6\",\"description\":\"\",\"inLanguage\":\"sv-SE\"}]}<\/script>\n<!-- \/ Yoast SEO plugin. -->","yoast_head_json":{"title":"V\u00e5r politik - Liding\u00f6","robots":{"index":"index","follow":"follow","max-snippet":"max-snippet:-1","max-image-preview":"max-image-preview:large","max-video-preview":"max-video-preview:-1"},"canonical":"https:\/\/wp.kristdemokraterna.se\/lidingo\/var-politik\/","og_locale":"sv_SE","og_type":"article","og_title":"V\u00e5r politik - Liding\u00f6","og_description":"I menyn till v\u00e4nster har ni m\u00f6jlighet att ta del av v\u00e5rt offensiva valprogram. I menyn till v\u00e4nster kan ni navigera och l\u00e4sa mer om vad vi tycker och vill verka f\u00f6r i olika fr\u00e5gor. \u00c4r ni p\u00e5 en mobilenhet s\u00e5 navigerar ni till de olika politikomr\u00e5dena genom att trycka p\u00e5 pilen till h\u00f6ger om Read More","og_url":"https:\/\/wp.kristdemokraterna.se\/lidingo\/var-politik\/","og_site_name":"Liding\u00f6","article_modified_time":"2022-05-02T17:01:36+00:00","twitter_card":"summary_large_image","twitter_misc":{"Ber\u00e4knad l\u00e4stid":"1 minut"},"schema":{"@context":"https:\/\/schema.org","@graph":[{"@type":"WebPage","@id":"https:\/\/wp.kristdemokraterna.se\/lidingo\/var-politik\/","url":"https:\/\/wp.kristdemokraterna.se\/lidingo\/var-politik\/","name":"V\u00e5r politik - Liding\u00f6","isPartOf":{"@id":"https:\/\/wp.kristdemokraterna.se\/lidingo\/#website"},"datePublished":"2014-04-04T09:34:08+00:00","dateModified":"2022-05-02T17:01:36+00:00","breadcrumb":{"@id":"https:\/\/wp.kristdemokraterna.se\/lidingo\/var-politik\/#breadcrumb"},"inLanguage":"sv-SE","potentialAction":[{"@type":"ReadAction","target":["https:\/\/wp.kristdemokraterna.se\/lidingo\/var-politik\/"]}]},{"@type":"BreadcrumbList","@id":"https:\/\/wp.kristdemokraterna.se\/lidingo\/var-politik\/#breadcrumb","itemListElement":[{"@type":"ListItem","position":1,"name":"Hem","item":"https:\/\/wp.kristdemokraterna.se\/lidingo\/"},{"@type":"ListItem","position":2,"name":"V\u00e5r politik"}]},{"@type":"WebSite","@id":"https:\/\/wp.kristdemokraterna.se\/lidingo\/#website","url":"https:\/\/wp.kristdemokraterna.se\/lidingo\/","name":"Liding\u00f6","description":"","inLanguage":"sv-SE"}]}},"_links":{"self":[{"href":"https:\/\/wp.kristdemokraterna.se\/lidingo\/wp-json\/wp\/v2\/pages\/2","targetHints":{"allow":["GET"]}}],"collection":[{"href":"https:\/\/wp.kristdemokraterna.se\/lidingo\/wp-json\/wp\/v2\/pages"}],"about":[{"href":"https:\/\/wp.kristdemokraterna.se\/lidingo\/wp-json\/wp\/v2\/types\/page"}],"author":[{"embeddable":true,"href":"https:\/\/wp.kristdemokraterna.se\/lidingo\/wp-json\/wp\/v2\/users\/421"}],"replies":[{"embeddable":true,"href":"https:\/\/wp.kristdemokraterna.se\/lidingo\/wp-json\/wp\/v2\/comments?post=2"}],"version-history":[{"count":16,"href":"https:\/\/wp.kristdemokraterna.se\/lidingo\/wp-json\/wp\/v2\/pages\/2\/revisions"}],"predecessor-version":[{"id":612,"href":"https:\/\/wp.kristdemokraterna.se\/lidingo\/wp-json\/wp\/v2\/pages\/2\/revisions\/612"}],"wp:attachment":[{"href":"https:\/\/wp.kristdemokraterna.se\/lidingo\/wp-json\/wp\/v2\/media?parent=2"}],"curies":[{"name":"wp","href":"https:\/\/api.w.org\/{rel}","templated":true}]}}