{"id":213,"date":"2018-04-08T00:19:27","date_gmt":"2018-04-07T22:19:27","guid":{"rendered":"http:\/\/wp.kristdemokraterna.se\/lidingo\/?page_id=213"},"modified":"2026-04-14T10:03:27","modified_gmt":"2026-04-14T08:03:27","slug":"vara-foretradare","status":"publish","type":"page","link":"https:\/\/wp.kristdemokraterna.se\/lidingo\/vara-foretradare\/","title":{"rendered":"V\u00e5ra f\u00f6retr\u00e4dare"},"content":{"rendered":"<p><a href=\"http:\/\/wp.kristdemokraterna.se\/lidingo\/files\/2026\/04\/dsc7266-scaled.jpg\"><img loading=\"lazy\" decoding=\"async\" class=\"alignnone size-full wp-image-879\" src=\"http:\/\/wp.kristdemokraterna.se\/lidingo\/files\/2026\/04\/dsc7266-scaled.jpg\" alt=\"\" width=\"2560\" height=\"1705\" srcset=\"https:\/\/wp.kristdemokraterna.se\/lidingo\/files\/2026\/04\/dsc7266-scaled.jpg 2560w, https:\/\/wp.kristdemokraterna.se\/lidingo\/files\/2026\/04\/dsc7266-300x200.jpg 300w, https:\/\/wp.kristdemokraterna.se\/lidingo\/files\/2026\/04\/dsc7266-1024x682.jpg 1024w, https:\/\/wp.kristdemokraterna.se\/lidingo\/files\/2026\/04\/dsc7266-768x512.jpg 768w, https:\/\/wp.kristdemokraterna.se\/lidingo\/files\/2026\/04\/dsc7266-1536x1023.jpg 1536w, https:\/\/wp.kristdemokraterna.se\/lidingo\/files\/2026\/04\/dsc7266-2048x1364.jpg 2048w, https:\/\/wp.kristdemokraterna.se\/lidingo\/files\/2026\/04\/dsc7266-370x246.jpg 370w, https:\/\/wp.kristdemokraterna.se\/lidingo\/files\/2026\/04\/dsc7266-770x513.jpg 770w, https:\/\/wp.kristdemokraterna.se\/lidingo\/files\/2026\/04\/dsc7266-450x300.jpg 450w, https:\/\/wp.kristdemokraterna.se\/lidingo\/files\/2026\/04\/dsc7266-280x187.jpg 280w, https:\/\/wp.kristdemokraterna.se\/lidingo\/files\/2026\/04\/dsc7266-340x226.jpg 340w, https:\/\/wp.kristdemokraterna.se\/lidingo\/files\/2026\/04\/dsc7266-200x133.jpg 200w, https:\/\/wp.kristdemokraterna.se\/lidingo\/files\/2026\/04\/dsc7266-84x56.jpg 84w\" sizes=\"auto, (max-width: 2560px) 100vw, 2560px\" \/><\/a>Kristdemokraterna p\u00e5 Liding\u00f6 best\u00e5r av Liding\u00f6bor som p\u00e5 fritiden valt att engagera sig f\u00f6r Liding\u00f6.<\/p>\n<p>Vi \u00e4r egenf\u00f6retagare, studenter, statstj\u00e4nstem\u00e4n, anst\u00e4llda i n\u00e4ringslivet, pension\u00e4rer, f\u00f6r\u00e4ldrar, idrottstr\u00e4nare och l\u00e4rare.<\/p>\n<p>Vi \u00e4r representerade i samtliga av stadens n\u00e4mnder, r\u00e5d och f\u00f6retag.<\/p>\n<p>P\u00e5 Liding\u00f6 stads <a href=\"https:\/\/lidingo.tromanpublik.se\/viewParty.jsf?id=9\">hemsida <\/a>finner ni \u00e4ven v\u00e5ra samtliga f\u00f6rtroendevalda samt vilka uppdrag de har.<\/p>\n<p>Tveka inte att h\u00f6ra av dig till n\u00e5gon av oss, vi tar mer \u00e4n g\u00e4rna emot f\u00f6rslag, \u00e5sikter och id\u00e9er kring hur vi kan g\u00f6ra Liding\u00f6 \u00e4nnu b\u00e4ttre!<\/p>\n","protected":false},"excerpt":{"rendered":"<p>Kristdemokraterna p\u00e5 Liding\u00f6 best\u00e5r av Liding\u00f6bor som p\u00e5 fritiden valt att engagera sig f\u00f6r Liding\u00f6. Vi \u00e4r egenf\u00f6retagare, studenter, statstj\u00e4nstem\u00e4n, anst\u00e4llda i n\u00e4ringslivet, pension\u00e4rer, f\u00f6r\u00e4ldrar, idrottstr\u00e4nare och l\u00e4rare. Vi \u00e4r representerade i samtliga av stadens n\u00e4mnder, r\u00e5d och f\u00f6retag. P\u00e5 Liding\u00f6 stads hemsida finner ni \u00e4ven v\u00e5ra samtliga f\u00f6rtroendevalda samt vilka uppdrag de har. Tveka <a class=\"read-more-link\" href=\"https:\/\/wp.kristdemokraterna.se\/lidingo\/vara-foretradare\/\">Read More<\/a><\/p>\n","protected":false},"author":421,"featured_media":0,"parent":0,"menu_order":0,"comment_status":"closed","ping_status":"closed","template":"","meta":{"_acf_changed":false,"footnotes":""},"class_list":["post-213","page","type-page","status-publish","hentry"],"acf":[],"yoast_head":"<!-- This site is optimized with the Yoast SEO plugin v27.4 - https:\/\/yoast.com\/product\/yoast-seo-wordpress\/ -->\n<title>V\u00e5ra f\u00f6retr\u00e4dare - Liding\u00f6<\/title>\n<meta name=\"robots\" content=\"index, follow, max-snippet:-1, max-image-preview:large, max-video-preview:-1\" \/>\n<link rel=\"canonical\" href=\"https:\/\/wp.kristdemokraterna.se\/lidingo\/vara-foretradare\/\" \/>\n<meta property=\"og:locale\" content=\"sv_SE\" \/>\n<meta property=\"og:type\" content=\"article\" \/>\n<meta property=\"og:title\" content=\"V\u00e5ra f\u00f6retr\u00e4dare - Liding\u00f6\" \/>\n<meta property=\"og:description\" content=\"Kristdemokraterna p\u00e5 Liding\u00f6 best\u00e5r av Liding\u00f6bor som p\u00e5 fritiden valt att engagera sig f\u00f6r Liding\u00f6. Vi \u00e4r egenf\u00f6retagare, studenter, statstj\u00e4nstem\u00e4n, anst\u00e4llda i n\u00e4ringslivet, pension\u00e4rer, f\u00f6r\u00e4ldrar, idrottstr\u00e4nare och l\u00e4rare. Vi \u00e4r representerade i samtliga av stadens n\u00e4mnder, r\u00e5d och f\u00f6retag. P\u00e5 Liding\u00f6 stads hemsida finner ni \u00e4ven v\u00e5ra samtliga f\u00f6rtroendevalda samt vilka uppdrag de har. Tveka Read More\" \/>\n<meta property=\"og:url\" content=\"https:\/\/wp.kristdemokraterna.se\/lidingo\/vara-foretradare\/\" \/>\n<meta property=\"og:site_name\" content=\"Liding\u00f6\" \/>\n<meta property=\"article:modified_time\" content=\"2026-04-14T08:03:27+00:00\" \/>\n<meta property=\"og:image\" content=\"https:\/\/wp.kristdemokraterna.se\/lidingo\/files\/2026\/04\/dsc7266-1024x682.jpg\" \/>\n\t<meta property=\"og:image:width\" content=\"1024\" \/>\n\t<meta property=\"og:image:height\" content=\"682\" \/>\n\t<meta property=\"og:image:type\" content=\"image\/jpeg\" \/>\n<meta name=\"twitter:card\" content=\"summary_large_image\" \/>\n<meta name=\"twitter:label1\" content=\"Ber\u00e4knad l\u00e4stid\" \/>\n\t<meta name=\"twitter:data1\" content=\"1 minut\" \/>\n<script type=\"application\/ld+json\" class=\"yoast-schema-graph\">{\"@context\":\"https:\\\/\\\/schema.org\",\"@graph\":[{\"@type\":\"WebPage\",\"@id\":\"https:\\\/\\\/wp.kristdemokraterna.se\\\/lidingo\\\/vara-foretradare\\\/\",\"url\":\"https:\\\/\\\/wp.kristdemokraterna.se\\\/lidingo\\\/vara-foretradare\\\/\",\"name\":\"V\u00e5ra f\u00f6retr\u00e4dare - Liding\u00f6\",\"isPartOf\":{\"@id\":\"https:\\\/\\\/wp.kristdemokraterna.se\\\/lidingo\\\/#website\"},\"primaryImageOfPage\":{\"@id\":\"https:\\\/\\\/wp.kristdemokraterna.se\\\/lidingo\\\/vara-foretradare\\\/#primaryimage\"},\"image\":{\"@id\":\"https:\\\/\\\/wp.kristdemokraterna.se\\\/lidingo\\\/vara-foretradare\\\/#primaryimage\"},\"thumbnailUrl\":\"http:\\\/\\\/wp.kristdemokraterna.se\\\/lidingo\\\/files\\\/2026\\\/04\\\/dsc7266-scaled.jpg\",\"datePublished\":\"2018-04-07T22:19:27+00:00\",\"dateModified\":\"2026-04-14T08:03:27+00:00\",\"breadcrumb\":{\"@id\":\"https:\\\/\\\/wp.kristdemokraterna.se\\\/lidingo\\\/vara-foretradare\\\/#breadcrumb\"},\"inLanguage\":\"sv-SE\",\"potentialAction\":[{\"@type\":\"ReadAction\",\"target\":[\"https:\\\/\\\/wp.kristdemokraterna.se\\\/lidingo\\\/vara-foretradare\\\/\"]}]},{\"@type\":\"ImageObject\",\"inLanguage\":\"sv-SE\",\"@id\":\"https:\\\/\\\/wp.kristdemokraterna.se\\\/lidingo\\\/vara-foretradare\\\/#primaryimage\",\"url\":\"http:\\\/\\\/wp.kristdemokraterna.se\\\/lidingo\\\/files\\\/2026\\\/04\\\/dsc7266-scaled.jpg\",\"contentUrl\":\"http:\\\/\\\/wp.kristdemokraterna.se\\\/lidingo\\\/files\\\/2026\\\/04\\\/dsc7266-scaled.jpg\"},{\"@type\":\"BreadcrumbList\",\"@id\":\"https:\\\/\\\/wp.kristdemokraterna.se\\\/lidingo\\\/vara-foretradare\\\/#breadcrumb\",\"itemListElement\":[{\"@type\":\"ListItem\",\"position\":1,\"name\":\"Hem\",\"item\":\"https:\\\/\\\/wp.kristdemokraterna.se\\\/lidingo\\\/\"},{\"@type\":\"ListItem\",\"position\":2,\"name\":\"V\u00e5ra f\u00f6retr\u00e4dare\"}]},{\"@type\":\"WebSite\",\"@id\":\"https:\\\/\\\/wp.kristdemokraterna.se\\\/lidingo\\\/#website\",\"url\":\"https:\\\/\\\/wp.kristdemokraterna.se\\\/lidingo\\\/\",\"name\":\"Liding\u00f6\",\"description\":\"\",\"inLanguage\":\"sv-SE\"}]}<\/script>\n<!-- \/ Yoast SEO plugin. -->","yoast_head_json":{"title":"V\u00e5ra f\u00f6retr\u00e4dare - Liding\u00f6","robots":{"index":"index","follow":"follow","max-snippet":"max-snippet:-1","max-image-preview":"max-image-preview:large","max-video-preview":"max-video-preview:-1"},"canonical":"https:\/\/wp.kristdemokraterna.se\/lidingo\/vara-foretradare\/","og_locale":"sv_SE","og_type":"article","og_title":"V\u00e5ra f\u00f6retr\u00e4dare - Liding\u00f6","og_description":"Kristdemokraterna p\u00e5 Liding\u00f6 best\u00e5r av Liding\u00f6bor som p\u00e5 fritiden valt att engagera sig f\u00f6r Liding\u00f6. Vi \u00e4r egenf\u00f6retagare, studenter, statstj\u00e4nstem\u00e4n, anst\u00e4llda i n\u00e4ringslivet, pension\u00e4rer, f\u00f6r\u00e4ldrar, idrottstr\u00e4nare och l\u00e4rare. Vi \u00e4r representerade i samtliga av stadens n\u00e4mnder, r\u00e5d och f\u00f6retag. P\u00e5 Liding\u00f6 stads hemsida finner ni \u00e4ven v\u00e5ra samtliga f\u00f6rtroendevalda samt vilka uppdrag de har. Tveka Read More","og_url":"https:\/\/wp.kristdemokraterna.se\/lidingo\/vara-foretradare\/","og_site_name":"Liding\u00f6","article_modified_time":"2026-04-14T08:03:27+00:00","og_image":[{"width":1024,"height":682,"url":"https:\/\/wp.kristdemokraterna.se\/lidingo\/files\/2026\/04\/dsc7266-1024x682.jpg","type":"image\/jpeg"}],"twitter_card":"summary_large_image","twitter_misc":{"Ber\u00e4knad l\u00e4stid":"1 minut"},"schema":{"@context":"https:\/\/schema.org","@graph":[{"@type":"WebPage","@id":"https:\/\/wp.kristdemokraterna.se\/lidingo\/vara-foretradare\/","url":"https:\/\/wp.kristdemokraterna.se\/lidingo\/vara-foretradare\/","name":"V\u00e5ra f\u00f6retr\u00e4dare - Liding\u00f6","isPartOf":{"@id":"https:\/\/wp.kristdemokraterna.se\/lidingo\/#website"},"primaryImageOfPage":{"@id":"https:\/\/wp.kristdemokraterna.se\/lidingo\/vara-foretradare\/#primaryimage"},"image":{"@id":"https:\/\/wp.kristdemokraterna.se\/lidingo\/vara-foretradare\/#primaryimage"},"thumbnailUrl":"http:\/\/wp.kristdemokraterna.se\/lidingo\/files\/2026\/04\/dsc7266-scaled.jpg","datePublished":"2018-04-07T22:19:27+00:00","dateModified":"2026-04-14T08:03:27+00:00","breadcrumb":{"@id":"https:\/\/wp.kristdemokraterna.se\/lidingo\/vara-foretradare\/#breadcrumb"},"inLanguage":"sv-SE","potentialAction":[{"@type":"ReadAction","target":["https:\/\/wp.kristdemokraterna.se\/lidingo\/vara-foretradare\/"]}]},{"@type":"ImageObject","inLanguage":"sv-SE","@id":"https:\/\/wp.kristdemokraterna.se\/lidingo\/vara-foretradare\/#primaryimage","url":"http:\/\/wp.kristdemokraterna.se\/lidingo\/files\/2026\/04\/dsc7266-scaled.jpg","contentUrl":"http:\/\/wp.kristdemokraterna.se\/lidingo\/files\/2026\/04\/dsc7266-scaled.jpg"},{"@type":"BreadcrumbList","@id":"https:\/\/wp.kristdemokraterna.se\/lidingo\/vara-foretradare\/#breadcrumb","itemListElement":[{"@type":"ListItem","position":1,"name":"Hem","item":"https:\/\/wp.kristdemokraterna.se\/lidingo\/"},{"@type":"ListItem","position":2,"name":"V\u00e5ra f\u00f6retr\u00e4dare"}]},{"@type":"WebSite","@id":"https:\/\/wp.kristdemokraterna.se\/lidingo\/#website","url":"https:\/\/wp.kristdemokraterna.se\/lidingo\/","name":"Liding\u00f6","description":"","inLanguage":"sv-SE"}]}},"_links":{"self":[{"href":"https:\/\/wp.kristdemokraterna.se\/lidingo\/wp-json\/wp\/v2\/pages\/213","targetHints":{"allow":["GET"]}}],"collection":[{"href":"https:\/\/wp.kristdemokraterna.se\/lidingo\/wp-json\/wp\/v2\/pages"}],"about":[{"href":"https:\/\/wp.kristdemokraterna.se\/lidingo\/wp-json\/wp\/v2\/types\/page"}],"author":[{"embeddable":true,"href":"https:\/\/wp.kristdemokraterna.se\/lidingo\/wp-json\/wp\/v2\/users\/421"}],"replies":[{"embeddable":true,"href":"https:\/\/wp.kristdemokraterna.se\/lidingo\/wp-json\/wp\/v2\/comments?post=213"}],"version-history":[{"count":64,"href":"https:\/\/wp.kristdemokraterna.se\/lidingo\/wp-json\/wp\/v2\/pages\/213\/revisions"}],"predecessor-version":[{"id":880,"href":"https:\/\/wp.kristdemokraterna.se\/lidingo\/wp-json\/wp\/v2\/pages\/213\/revisions\/880"}],"wp:attachment":[{"href":"https:\/\/wp.kristdemokraterna.se\/lidingo\/wp-json\/wp\/v2\/media?parent=213"}],"curies":[{"name":"wp","href":"https:\/\/api.w.org\/{rel}","templated":true}]}}