{"id":243,"date":"2018-04-20T22:27:04","date_gmt":"2018-04-20T20:27:04","guid":{"rendered":"http:\/\/wp.kristdemokraterna.se\/lidingo\/?page_id=243"},"modified":"2025-06-11T13:49:14","modified_gmt":"2025-06-11T11:49:14","slug":"vara-kandidater","status":"publish","type":"page","link":"https:\/\/wp.kristdemokraterna.se\/lidingo\/vara-foretradare\/vara-kandidater\/","title":{"rendered":"V\u00e5ra kandidater"},"content":{"rendered":"<p><strong>Kristdemokraterna p\u00e5 Liding\u00f6 genomf\u00f6rde<\/strong> sitt \u00e5rsm\u00f6te. \u00c5rsm\u00f6tet h\u00f6lls i Brevik och hade m\u00e5nga bes\u00f6kare. Fredrik Ekman valdes om till ordf\u00f6rande och styrelsen best\u00e5r nu av:<br \/>\nFredrik Ekman &#8211; ordf\u00f6rande, Thor-Bj\u00f6rn Schiller kass\u00f6r, Erica Magnerg\u00e5rd, Christer \u00c5kerhielm, Victor Ingmo Magnerg\u00e5rd, Kristian Cornell och Eva Andersson Rahlen.<\/p>\n<div class=\"mceTemp\"><\/div>\n<p>&nbsp;<\/p>\n<p><strong>Valsedel f\u00f6r kommunvalet 2022.<br \/>\n<\/strong><\/p>\n<ol>\n<li><a href=\"https:\/\/wp.kristdemokraterna.se\/lidingo\/intervju-carl-johan-schiller\/\">Carl-Johan Schiller, 32 \u00e5r, kommunalr\u00e5d, Bo g\u00e4rde<\/a><\/li>\n<li><a href=\"https:\/\/wp.kristdemokraterna.se\/lidingo\/intervju-bo-brismar-f-d-cheflakare\/\">Bo Brismar, 78 \u00e5r, l\u00e4kare, G\u00e5shaga<\/a><\/li>\n<li><a href=\"https:\/\/wp.kristdemokraterna.se\/lidingo\/erica-magnergard\/\">Erica Magnerg\u00e5rd, 38 \u00e5r, CRO, Brevik<\/a><\/li>\n<li><a href=\"https:\/\/wp.kristdemokraterna.se\/lidingo\/706-2\/\">Fredrik Ekman, 57 \u00e5r, statstj\u00e4nsteman, Bodal<\/a><\/li>\n<li><a href=\"https:\/\/wp.kristdemokraterna.se\/lidingo\/kristian-cornell\/\">Kristian Cornell, 35 \u00e5r, ombudsman, Dalenum<\/a><\/li>\n<li><a href=\"https:\/\/wp.kristdemokraterna.se\/lidingo\/emilia-waldenskiold\/\">Emilia Waldenski\u00f6ld, 34 \u00e5r, ekonom, Dalenum<\/a><\/li>\n<li><a href=\"https:\/\/wp.kristdemokraterna.se\/lidingo\/thor-bjorn-schiller\/\">Thor-Bj\u00f6rn Schiller, 64 \u00e5r, gymnasiel\u00e4rare, Kyrkviken<\/a><\/li>\n<li><a href=\"https:\/\/wp.kristdemokraterna.se\/lidingo\/christer-akerhielm\/\">Christer \u00c5kerhielm, 67 \u00e5r, civilingeng\u00f6r, H\u00f6gberga<\/a><\/li>\n<li><a href=\"https:\/\/wp.kristdemokraterna.se\/lidingo\/christina-rosenquist\/\">Christina Rosenquist, 77 \u00e5r, pension\u00e4r, N\u00e4set<\/a><\/li>\n<li><a href=\"https:\/\/wp.kristdemokraterna.se\/lidingo\/harald-stromfeldt\/\">Harald Str\u00f6mfelt, 56 \u00e5r, egenf\u00f6retagare, Mosstorp<\/a><\/li>\n<li>Cecilia Versteegh, 68 \u00e5r, civilekonom, Kyrkviken<\/li>\n<li>Karl Brunnberg, 23 \u00e5r, student, Larsberg<\/li>\n<li>Jacob Haendler, 29 \u00e5r, ekonom, N\u00e4set<\/li>\n<li>Anders Pramborg, 59 \u00e5r, konstn\u00e4r, Dalenum<\/li>\n<li>Louise Angenfelt, 60 \u00e5r, samtalsterapeut, Kyrkviken<\/li>\n<li>Staffan Ringskog, 68 \u00e5r, journalist, Torsvik<\/li>\n<li>Hans Christner, 81 \u00e5r, jurist, N\u00e4set<\/li>\n<li>Lennart Rinder, 84 \u00e5r, l\u00e4kare, Bodal<\/li>\n<li>Annica Plass, 63 \u00e5r, barnsk\u00f6tare, G\u00e5ngs\u00e4tra<\/li>\n<li>Kristian Plass, 71 \u00e5r, pension\u00e4r, G\u00e5ngs\u00e4tra<\/li>\n<li>Axel G\u00f6thberg, 22 \u00e5r, civilingenj\u00f6rsstudent, Hersby<\/li>\n<\/ol>\n","protected":false},"excerpt":{"rendered":"<p>Kristdemokraterna p\u00e5 Liding\u00f6 genomf\u00f6rde sitt \u00e5rsm\u00f6te. \u00c5rsm\u00f6tet h\u00f6lls i Brevik och hade m\u00e5nga bes\u00f6kare. Fredrik Ekman valdes om till ordf\u00f6rande och styrelsen best\u00e5r nu av: Fredrik Ekman &#8211; ordf\u00f6rande, Thor-Bj\u00f6rn Schiller kass\u00f6r, Erica Magnerg\u00e5rd, Christer \u00c5kerhielm, Victor Ingmo Magnerg\u00e5rd, Kristian Cornell och Eva Andersson Rahlen. &nbsp; Valsedel f\u00f6r kommunvalet 2022. Carl-Johan Schiller, 32 \u00e5r, kommunalr\u00e5d, <a class=\"read-more-link\" href=\"https:\/\/wp.kristdemokraterna.se\/lidingo\/vara-foretradare\/vara-kandidater\/\">Read More<\/a><\/p>\n","protected":false},"author":421,"featured_media":0,"parent":213,"menu_order":0,"comment_status":"closed","ping_status":"closed","template":"","meta":{"_acf_changed":false,"footnotes":""},"class_list":["post-243","page","type-page","status-publish","hentry"],"acf":[],"yoast_head":"<!-- This site is optimized with the Yoast SEO plugin v27.5 - https:\/\/yoast.com\/product\/yoast-seo-wordpress\/ -->\n<title>V\u00e5ra kandidater - Liding\u00f6<\/title>\n<meta name=\"description\" content=\"KD Liding\u00f6 kommer inte lova allt \u00e5t alla utan fokuserar p\u00e5 v\u00e4lf\u00e4rdens k\u00e4rna samt milj\u00f6, klimat och goda m\u00f6jligheter f\u00f6r \u00f6ns f\u00f6reningsliv.\" \/>\n<meta name=\"robots\" content=\"index, follow, max-snippet:-1, max-image-preview:large, max-video-preview:-1\" \/>\n<link rel=\"canonical\" href=\"https:\/\/wp.kristdemokraterna.se\/lidingo\/vara-foretradare\/vara-kandidater\/\" \/>\n<meta property=\"og:locale\" content=\"sv_SE\" \/>\n<meta property=\"og:type\" content=\"article\" \/>\n<meta property=\"og:title\" content=\"V\u00e5ra kandidater - Liding\u00f6\" \/>\n<meta property=\"og:description\" content=\"KD Liding\u00f6 kommer inte lova allt \u00e5t alla utan fokuserar p\u00e5 v\u00e4lf\u00e4rdens k\u00e4rna samt milj\u00f6, klimat och goda m\u00f6jligheter f\u00f6r \u00f6ns f\u00f6reningsliv.\" \/>\n<meta property=\"og:url\" content=\"https:\/\/wp.kristdemokraterna.se\/lidingo\/vara-foretradare\/vara-kandidater\/\" \/>\n<meta property=\"og:site_name\" content=\"Liding\u00f6\" \/>\n<meta property=\"article:modified_time\" content=\"2025-06-11T11:49:14+00:00\" \/>\n<meta name=\"twitter:card\" content=\"summary_large_image\" \/>\n<meta name=\"twitter:label1\" content=\"Ber\u00e4knad l\u00e4stid\" \/>\n\t<meta name=\"twitter:data1\" content=\"1 minut\" \/>\n<script type=\"application\/ld+json\" class=\"yoast-schema-graph\">{\"@context\":\"https:\\\/\\\/schema.org\",\"@graph\":[{\"@type\":\"WebPage\",\"@id\":\"https:\\\/\\\/wp.kristdemokraterna.se\\\/lidingo\\\/vara-foretradare\\\/vara-kandidater\\\/\",\"url\":\"https:\\\/\\\/wp.kristdemokraterna.se\\\/lidingo\\\/vara-foretradare\\\/vara-kandidater\\\/\",\"name\":\"V\u00e5ra kandidater - Liding\u00f6\",\"isPartOf\":{\"@id\":\"https:\\\/\\\/wp.kristdemokraterna.se\\\/lidingo\\\/#website\"},\"datePublished\":\"2018-04-20T20:27:04+00:00\",\"dateModified\":\"2025-06-11T11:49:14+00:00\",\"description\":\"KD Liding\u00f6 kommer inte lova allt \u00e5t alla utan fokuserar p\u00e5 v\u00e4lf\u00e4rdens k\u00e4rna samt milj\u00f6, klimat och goda m\u00f6jligheter f\u00f6r \u00f6ns f\u00f6reningsliv.\",\"breadcrumb\":{\"@id\":\"https:\\\/\\\/wp.kristdemokraterna.se\\\/lidingo\\\/vara-foretradare\\\/vara-kandidater\\\/#breadcrumb\"},\"inLanguage\":\"sv-SE\",\"potentialAction\":[{\"@type\":\"ReadAction\",\"target\":[\"https:\\\/\\\/wp.kristdemokraterna.se\\\/lidingo\\\/vara-foretradare\\\/vara-kandidater\\\/\"]}]},{\"@type\":\"BreadcrumbList\",\"@id\":\"https:\\\/\\\/wp.kristdemokraterna.se\\\/lidingo\\\/vara-foretradare\\\/vara-kandidater\\\/#breadcrumb\",\"itemListElement\":[{\"@type\":\"ListItem\",\"position\":1,\"name\":\"Hem\",\"item\":\"https:\\\/\\\/wp.kristdemokraterna.se\\\/lidingo\\\/\"},{\"@type\":\"ListItem\",\"position\":2,\"name\":\"V\u00e5ra f\u00f6retr\u00e4dare\",\"item\":\"https:\\\/\\\/wp.kristdemokraterna.se\\\/lidingo\\\/vara-foretradare\\\/\"},{\"@type\":\"ListItem\",\"position\":3,\"name\":\"V\u00e5ra kandidater\"}]},{\"@type\":\"WebSite\",\"@id\":\"https:\\\/\\\/wp.kristdemokraterna.se\\\/lidingo\\\/#website\",\"url\":\"https:\\\/\\\/wp.kristdemokraterna.se\\\/lidingo\\\/\",\"name\":\"Liding\u00f6\",\"description\":\"\",\"inLanguage\":\"sv-SE\"}]}<\/script>\n<!-- \/ Yoast SEO plugin. -->","yoast_head_json":{"title":"V\u00e5ra kandidater - Liding\u00f6","description":"KD Liding\u00f6 kommer inte lova allt \u00e5t alla utan fokuserar p\u00e5 v\u00e4lf\u00e4rdens k\u00e4rna samt milj\u00f6, klimat och goda m\u00f6jligheter f\u00f6r \u00f6ns f\u00f6reningsliv.","robots":{"index":"index","follow":"follow","max-snippet":"max-snippet:-1","max-image-preview":"max-image-preview:large","max-video-preview":"max-video-preview:-1"},"canonical":"https:\/\/wp.kristdemokraterna.se\/lidingo\/vara-foretradare\/vara-kandidater\/","og_locale":"sv_SE","og_type":"article","og_title":"V\u00e5ra kandidater - Liding\u00f6","og_description":"KD Liding\u00f6 kommer inte lova allt \u00e5t alla utan fokuserar p\u00e5 v\u00e4lf\u00e4rdens k\u00e4rna samt milj\u00f6, klimat och goda m\u00f6jligheter f\u00f6r \u00f6ns f\u00f6reningsliv.","og_url":"https:\/\/wp.kristdemokraterna.se\/lidingo\/vara-foretradare\/vara-kandidater\/","og_site_name":"Liding\u00f6","article_modified_time":"2025-06-11T11:49:14+00:00","twitter_card":"summary_large_image","twitter_misc":{"Ber\u00e4knad l\u00e4stid":"1 minut"},"schema":{"@context":"https:\/\/schema.org","@graph":[{"@type":"WebPage","@id":"https:\/\/wp.kristdemokraterna.se\/lidingo\/vara-foretradare\/vara-kandidater\/","url":"https:\/\/wp.kristdemokraterna.se\/lidingo\/vara-foretradare\/vara-kandidater\/","name":"V\u00e5ra kandidater - Liding\u00f6","isPartOf":{"@id":"https:\/\/wp.kristdemokraterna.se\/lidingo\/#website"},"datePublished":"2018-04-20T20:27:04+00:00","dateModified":"2025-06-11T11:49:14+00:00","description":"KD Liding\u00f6 kommer inte lova allt \u00e5t alla utan fokuserar p\u00e5 v\u00e4lf\u00e4rdens k\u00e4rna samt milj\u00f6, klimat och goda m\u00f6jligheter f\u00f6r \u00f6ns f\u00f6reningsliv.","breadcrumb":{"@id":"https:\/\/wp.kristdemokraterna.se\/lidingo\/vara-foretradare\/vara-kandidater\/#breadcrumb"},"inLanguage":"sv-SE","potentialAction":[{"@type":"ReadAction","target":["https:\/\/wp.kristdemokraterna.se\/lidingo\/vara-foretradare\/vara-kandidater\/"]}]},{"@type":"BreadcrumbList","@id":"https:\/\/wp.kristdemokraterna.se\/lidingo\/vara-foretradare\/vara-kandidater\/#breadcrumb","itemListElement":[{"@type":"ListItem","position":1,"name":"Hem","item":"https:\/\/wp.kristdemokraterna.se\/lidingo\/"},{"@type":"ListItem","position":2,"name":"V\u00e5ra f\u00f6retr\u00e4dare","item":"https:\/\/wp.kristdemokraterna.se\/lidingo\/vara-foretradare\/"},{"@type":"ListItem","position":3,"name":"V\u00e5ra kandidater"}]},{"@type":"WebSite","@id":"https:\/\/wp.kristdemokraterna.se\/lidingo\/#website","url":"https:\/\/wp.kristdemokraterna.se\/lidingo\/","name":"Liding\u00f6","description":"","inLanguage":"sv-SE"}]}},"_links":{"self":[{"href":"https:\/\/wp.kristdemokraterna.se\/lidingo\/wp-json\/wp\/v2\/pages\/243","targetHints":{"allow":["GET"]}}],"collection":[{"href":"https:\/\/wp.kristdemokraterna.se\/lidingo\/wp-json\/wp\/v2\/pages"}],"about":[{"href":"https:\/\/wp.kristdemokraterna.se\/lidingo\/wp-json\/wp\/v2\/types\/page"}],"author":[{"embeddable":true,"href":"https:\/\/wp.kristdemokraterna.se\/lidingo\/wp-json\/wp\/v2\/users\/421"}],"replies":[{"embeddable":true,"href":"https:\/\/wp.kristdemokraterna.se\/lidingo\/wp-json\/wp\/v2\/comments?post=243"}],"version-history":[{"count":30,"href":"https:\/\/wp.kristdemokraterna.se\/lidingo\/wp-json\/wp\/v2\/pages\/243\/revisions"}],"predecessor-version":[{"id":833,"href":"https:\/\/wp.kristdemokraterna.se\/lidingo\/wp-json\/wp\/v2\/pages\/243\/revisions\/833"}],"up":[{"embeddable":true,"href":"https:\/\/wp.kristdemokraterna.se\/lidingo\/wp-json\/wp\/v2\/pages\/213"}],"wp:attachment":[{"href":"https:\/\/wp.kristdemokraterna.se\/lidingo\/wp-json\/wp\/v2\/media?parent=243"}],"curies":[{"name":"wp","href":"https:\/\/api.w.org\/{rel}","templated":true}]}}