{"id":299,"date":"2018-06-10T00:29:25","date_gmt":"2018-06-09T22:29:25","guid":{"rendered":"http:\/\/wp.kristdemokraterna.se\/lidingo\/?page_id=299"},"modified":"2024-11-20T06:59:03","modified_gmt":"2024-11-20T05:59:03","slug":"inledning-om-oss","status":"publish","type":"page","link":"https:\/\/wp.kristdemokraterna.se\/lidingo\/var-politik\/inledning-om-oss\/","title":{"rendered":"Inledning &#8211; Om oss"},"content":{"rendered":"<p><a href=\"http:\/\/wp.kristdemokraterna.se\/lidingo\/files\/2018\/06\/vigordetbattre.jpg\"><img loading=\"lazy\" decoding=\"async\" class=\"alignnone size-medium wp-image-300\" src=\"http:\/\/wp.kristdemokraterna.se\/lidingo\/files\/2018\/06\/vigordetbattre-300x157.jpg\" alt=\"\" width=\"300\" height=\"157\" srcset=\"https:\/\/wp.kristdemokraterna.se\/lidingo\/files\/2018\/06\/vigordetbattre-300x157.jpg 300w, https:\/\/wp.kristdemokraterna.se\/lidingo\/files\/2018\/06\/vigordetbattre-768x402.jpg 768w, https:\/\/wp.kristdemokraterna.se\/lidingo\/files\/2018\/06\/vigordetbattre-1024x536.jpg 1024w, https:\/\/wp.kristdemokraterna.se\/lidingo\/files\/2018\/06\/vigordetbattre-370x194.jpg 370w, https:\/\/wp.kristdemokraterna.se\/lidingo\/files\/2018\/06\/vigordetbattre-770x403.jpg 770w, https:\/\/wp.kristdemokraterna.se\/lidingo\/files\/2018\/06\/vigordetbattre-450x236.jpg 450w, https:\/\/wp.kristdemokraterna.se\/lidingo\/files\/2018\/06\/vigordetbattre-280x147.jpg 280w, https:\/\/wp.kristdemokraterna.se\/lidingo\/files\/2018\/06\/vigordetbattre-340x178.jpg 340w, https:\/\/wp.kristdemokraterna.se\/lidingo\/files\/2018\/06\/vigordetbattre-200x105.jpg 200w, https:\/\/wp.kristdemokraterna.se\/lidingo\/files\/2018\/06\/vigordetbattre-107x56.jpg 107w, https:\/\/wp.kristdemokraterna.se\/lidingo\/files\/2018\/06\/vigordetbattre.jpg 1200w\" sizes=\"auto, (max-width: 300px) 100vw, 300px\" \/><\/a><\/p>\n<h3><span style=\"color: #015ea1\">KD:s politik f\u00f6r 2022-2026<\/span><\/h3>\n<p>Liding\u00f6 \u00e4r en v\u00e4lsk\u00f6tt kommun med god ekonomi. Detta vill vi sl\u00e5 vakt om. Samtidigt finns behov av fortsatta satsningar inom flera omr\u00e5den. Som kristdemokrater vill vi v\u00e4rna tryggheten, valfriheten och omtanken. H\u00e4lso- och milj\u00f6perspektiven ska vara styrande i v\u00e5r samh\u00e4llsplanering. Liding\u00f6 ska vara h\u00e4lsans \u00f6 och den gr\u00f6na \u00f6n med ett rikt frilufts- och idrottsliv, attraktiva skolor och en \u00e4ldreomsorg med h\u00f6g kvalitet.<\/p>\n<p>KD vill ha en sund konkurrens mellan offentliga och privata alternativ. Samtidigt betonar vi att det \u00e4r viktigt att kommunen tar sitt ansvar som huvudman f\u00f6r den kommunala verksamheten och arbetar med st\u00e4ndiga f\u00f6rb\u00e4ttringar. En v\u00e4lsk\u00f6tt kommunal verksamhet och flera frist\u00e5ende alternativ sporrar varandra till att n\u00e5 nya m\u00e5l.<\/p>\n<p>I Flikarna till v\u00e4nster ser du v\u00e5ra vall\u00f6ften inf\u00f6r mandatperioden 2022-2026.<\/p>\n<h2><span style=\"color: #015ea1\"><em>Kristdemokraterna Liding\u00f6\u2013 vi g\u00f6r det b\u00e4ttre!<\/em><\/span><\/h2>\n","protected":false},"excerpt":{"rendered":"<p>KD:s politik f\u00f6r 2022-2026 Liding\u00f6 \u00e4r en v\u00e4lsk\u00f6tt kommun med god ekonomi. Detta vill vi sl\u00e5 vakt om. Samtidigt finns behov av fortsatta satsningar inom flera omr\u00e5den. Som kristdemokrater vill vi v\u00e4rna tryggheten, valfriheten och omtanken. H\u00e4lso- och milj\u00f6perspektiven ska vara styrande i v\u00e5r samh\u00e4llsplanering. Liding\u00f6 ska vara h\u00e4lsans \u00f6 och den gr\u00f6na \u00f6n med <a class=\"read-more-link\" href=\"https:\/\/wp.kristdemokraterna.se\/lidingo\/var-politik\/inledning-om-oss\/\">Read More<\/a><\/p>\n","protected":false},"author":421,"featured_media":0,"parent":2,"menu_order":0,"comment_status":"closed","ping_status":"closed","template":"","meta":{"_acf_changed":false,"footnotes":""},"class_list":["post-299","page","type-page","status-publish","hentry"],"acf":[],"yoast_head":"<!-- This site is optimized with the Yoast SEO plugin v27.4 - https:\/\/yoast.com\/product\/yoast-seo-wordpress\/ -->\n<title>Inledning - Om oss - Liding\u00f6<\/title>\n<meta name=\"robots\" content=\"index, follow, max-snippet:-1, max-image-preview:large, max-video-preview:-1\" \/>\n<link rel=\"canonical\" href=\"https:\/\/wp.kristdemokraterna.se\/lidingo\/var-politik\/inledning-om-oss\/\" \/>\n<meta property=\"og:locale\" content=\"sv_SE\" \/>\n<meta property=\"og:type\" content=\"article\" \/>\n<meta property=\"og:title\" content=\"Inledning - Om oss - Liding\u00f6\" \/>\n<meta property=\"og:description\" content=\"KD:s politik f\u00f6r 2022-2026 Liding\u00f6 \u00e4r en v\u00e4lsk\u00f6tt kommun med god ekonomi. Detta vill vi sl\u00e5 vakt om. Samtidigt finns behov av fortsatta satsningar inom flera omr\u00e5den. Som kristdemokrater vill vi v\u00e4rna tryggheten, valfriheten och omtanken. H\u00e4lso- och milj\u00f6perspektiven ska vara styrande i v\u00e5r samh\u00e4llsplanering. Liding\u00f6 ska vara h\u00e4lsans \u00f6 och den gr\u00f6na \u00f6n med Read More\" \/>\n<meta property=\"og:url\" content=\"https:\/\/wp.kristdemokraterna.se\/lidingo\/var-politik\/inledning-om-oss\/\" \/>\n<meta property=\"og:site_name\" content=\"Liding\u00f6\" \/>\n<meta property=\"article:modified_time\" content=\"2024-11-20T05:59:03+00:00\" \/>\n<meta property=\"og:image\" content=\"https:\/\/wp.kristdemokraterna.se\/lidingo\/files\/2018\/06\/vigordetbattre.jpg\" \/>\n\t<meta property=\"og:image:width\" content=\"1200\" \/>\n\t<meta property=\"og:image:height\" content=\"628\" \/>\n\t<meta property=\"og:image:type\" content=\"image\/jpeg\" \/>\n<meta name=\"twitter:card\" content=\"summary_large_image\" \/>\n<meta name=\"twitter:label1\" content=\"Ber\u00e4knad l\u00e4stid\" \/>\n\t<meta name=\"twitter:data1\" content=\"1 minut\" \/>\n<script type=\"application\/ld+json\" class=\"yoast-schema-graph\">{\"@context\":\"https:\\\/\\\/schema.org\",\"@graph\":[{\"@type\":\"WebPage\",\"@id\":\"https:\\\/\\\/wp.kristdemokraterna.se\\\/lidingo\\\/var-politik\\\/inledning-om-oss\\\/\",\"url\":\"https:\\\/\\\/wp.kristdemokraterna.se\\\/lidingo\\\/var-politik\\\/inledning-om-oss\\\/\",\"name\":\"Inledning - Om oss - Liding\u00f6\",\"isPartOf\":{\"@id\":\"https:\\\/\\\/wp.kristdemokraterna.se\\\/lidingo\\\/#website\"},\"primaryImageOfPage\":{\"@id\":\"https:\\\/\\\/wp.kristdemokraterna.se\\\/lidingo\\\/var-politik\\\/inledning-om-oss\\\/#primaryimage\"},\"image\":{\"@id\":\"https:\\\/\\\/wp.kristdemokraterna.se\\\/lidingo\\\/var-politik\\\/inledning-om-oss\\\/#primaryimage\"},\"thumbnailUrl\":\"http:\\\/\\\/wp.kristdemokraterna.se\\\/lidingo\\\/files\\\/2018\\\/06\\\/vigordetbattre-300x157.jpg\",\"datePublished\":\"2018-06-09T22:29:25+00:00\",\"dateModified\":\"2024-11-20T05:59:03+00:00\",\"breadcrumb\":{\"@id\":\"https:\\\/\\\/wp.kristdemokraterna.se\\\/lidingo\\\/var-politik\\\/inledning-om-oss\\\/#breadcrumb\"},\"inLanguage\":\"sv-SE\",\"potentialAction\":[{\"@type\":\"ReadAction\",\"target\":[\"https:\\\/\\\/wp.kristdemokraterna.se\\\/lidingo\\\/var-politik\\\/inledning-om-oss\\\/\"]}]},{\"@type\":\"ImageObject\",\"inLanguage\":\"sv-SE\",\"@id\":\"https:\\\/\\\/wp.kristdemokraterna.se\\\/lidingo\\\/var-politik\\\/inledning-om-oss\\\/#primaryimage\",\"url\":\"http:\\\/\\\/wp.kristdemokraterna.se\\\/lidingo\\\/files\\\/2018\\\/06\\\/vigordetbattre-300x157.jpg\",\"contentUrl\":\"http:\\\/\\\/wp.kristdemokraterna.se\\\/lidingo\\\/files\\\/2018\\\/06\\\/vigordetbattre-300x157.jpg\"},{\"@type\":\"BreadcrumbList\",\"@id\":\"https:\\\/\\\/wp.kristdemokraterna.se\\\/lidingo\\\/var-politik\\\/inledning-om-oss\\\/#breadcrumb\",\"itemListElement\":[{\"@type\":\"ListItem\",\"position\":1,\"name\":\"Hem\",\"item\":\"https:\\\/\\\/wp.kristdemokraterna.se\\\/lidingo\\\/\"},{\"@type\":\"ListItem\",\"position\":2,\"name\":\"V\u00e5r politik\",\"item\":\"https:\\\/\\\/wp.kristdemokraterna.se\\\/lidingo\\\/var-politik\\\/\"},{\"@type\":\"ListItem\",\"position\":3,\"name\":\"Inledning &#8211; Om oss\"}]},{\"@type\":\"WebSite\",\"@id\":\"https:\\\/\\\/wp.kristdemokraterna.se\\\/lidingo\\\/#website\",\"url\":\"https:\\\/\\\/wp.kristdemokraterna.se\\\/lidingo\\\/\",\"name\":\"Liding\u00f6\",\"description\":\"\",\"inLanguage\":\"sv-SE\"}]}<\/script>\n<!-- \/ Yoast SEO plugin. -->","yoast_head_json":{"title":"Inledning - Om oss - Liding\u00f6","robots":{"index":"index","follow":"follow","max-snippet":"max-snippet:-1","max-image-preview":"max-image-preview:large","max-video-preview":"max-video-preview:-1"},"canonical":"https:\/\/wp.kristdemokraterna.se\/lidingo\/var-politik\/inledning-om-oss\/","og_locale":"sv_SE","og_type":"article","og_title":"Inledning - Om oss - Liding\u00f6","og_description":"KD:s politik f\u00f6r 2022-2026 Liding\u00f6 \u00e4r en v\u00e4lsk\u00f6tt kommun med god ekonomi. Detta vill vi sl\u00e5 vakt om. Samtidigt finns behov av fortsatta satsningar inom flera omr\u00e5den. Som kristdemokrater vill vi v\u00e4rna tryggheten, valfriheten och omtanken. H\u00e4lso- och milj\u00f6perspektiven ska vara styrande i v\u00e5r samh\u00e4llsplanering. Liding\u00f6 ska vara h\u00e4lsans \u00f6 och den gr\u00f6na \u00f6n med Read More","og_url":"https:\/\/wp.kristdemokraterna.se\/lidingo\/var-politik\/inledning-om-oss\/","og_site_name":"Liding\u00f6","article_modified_time":"2024-11-20T05:59:03+00:00","og_image":[{"width":1200,"height":628,"url":"https:\/\/wp.kristdemokraterna.se\/lidingo\/files\/2018\/06\/vigordetbattre.jpg","type":"image\/jpeg"}],"twitter_card":"summary_large_image","twitter_misc":{"Ber\u00e4knad l\u00e4stid":"1 minut"},"schema":{"@context":"https:\/\/schema.org","@graph":[{"@type":"WebPage","@id":"https:\/\/wp.kristdemokraterna.se\/lidingo\/var-politik\/inledning-om-oss\/","url":"https:\/\/wp.kristdemokraterna.se\/lidingo\/var-politik\/inledning-om-oss\/","name":"Inledning - Om oss - Liding\u00f6","isPartOf":{"@id":"https:\/\/wp.kristdemokraterna.se\/lidingo\/#website"},"primaryImageOfPage":{"@id":"https:\/\/wp.kristdemokraterna.se\/lidingo\/var-politik\/inledning-om-oss\/#primaryimage"},"image":{"@id":"https:\/\/wp.kristdemokraterna.se\/lidingo\/var-politik\/inledning-om-oss\/#primaryimage"},"thumbnailUrl":"http:\/\/wp.kristdemokraterna.se\/lidingo\/files\/2018\/06\/vigordetbattre-300x157.jpg","datePublished":"2018-06-09T22:29:25+00:00","dateModified":"2024-11-20T05:59:03+00:00","breadcrumb":{"@id":"https:\/\/wp.kristdemokraterna.se\/lidingo\/var-politik\/inledning-om-oss\/#breadcrumb"},"inLanguage":"sv-SE","potentialAction":[{"@type":"ReadAction","target":["https:\/\/wp.kristdemokraterna.se\/lidingo\/var-politik\/inledning-om-oss\/"]}]},{"@type":"ImageObject","inLanguage":"sv-SE","@id":"https:\/\/wp.kristdemokraterna.se\/lidingo\/var-politik\/inledning-om-oss\/#primaryimage","url":"http:\/\/wp.kristdemokraterna.se\/lidingo\/files\/2018\/06\/vigordetbattre-300x157.jpg","contentUrl":"http:\/\/wp.kristdemokraterna.se\/lidingo\/files\/2018\/06\/vigordetbattre-300x157.jpg"},{"@type":"BreadcrumbList","@id":"https:\/\/wp.kristdemokraterna.se\/lidingo\/var-politik\/inledning-om-oss\/#breadcrumb","itemListElement":[{"@type":"ListItem","position":1,"name":"Hem","item":"https:\/\/wp.kristdemokraterna.se\/lidingo\/"},{"@type":"ListItem","position":2,"name":"V\u00e5r politik","item":"https:\/\/wp.kristdemokraterna.se\/lidingo\/var-politik\/"},{"@type":"ListItem","position":3,"name":"Inledning &#8211; Om oss"}]},{"@type":"WebSite","@id":"https:\/\/wp.kristdemokraterna.se\/lidingo\/#website","url":"https:\/\/wp.kristdemokraterna.se\/lidingo\/","name":"Liding\u00f6","description":"","inLanguage":"sv-SE"}]}},"_links":{"self":[{"href":"https:\/\/wp.kristdemokraterna.se\/lidingo\/wp-json\/wp\/v2\/pages\/299","targetHints":{"allow":["GET"]}}],"collection":[{"href":"https:\/\/wp.kristdemokraterna.se\/lidingo\/wp-json\/wp\/v2\/pages"}],"about":[{"href":"https:\/\/wp.kristdemokraterna.se\/lidingo\/wp-json\/wp\/v2\/types\/page"}],"author":[{"embeddable":true,"href":"https:\/\/wp.kristdemokraterna.se\/lidingo\/wp-json\/wp\/v2\/users\/421"}],"replies":[{"embeddable":true,"href":"https:\/\/wp.kristdemokraterna.se\/lidingo\/wp-json\/wp\/v2\/comments?post=299"}],"version-history":[{"count":8,"href":"https:\/\/wp.kristdemokraterna.se\/lidingo\/wp-json\/wp\/v2\/pages\/299\/revisions"}],"predecessor-version":[{"id":827,"href":"https:\/\/wp.kristdemokraterna.se\/lidingo\/wp-json\/wp\/v2\/pages\/299\/revisions\/827"}],"up":[{"embeddable":true,"href":"https:\/\/wp.kristdemokraterna.se\/lidingo\/wp-json\/wp\/v2\/pages\/2"}],"wp:attachment":[{"href":"https:\/\/wp.kristdemokraterna.se\/lidingo\/wp-json\/wp\/v2\/media?parent=299"}],"curies":[{"name":"wp","href":"https:\/\/api.w.org\/{rel}","templated":true}]}}