{"id":313,"date":"2018-06-10T00:42:10","date_gmt":"2018-06-09T22:42:10","guid":{"rendered":"http:\/\/wp.kristdemokraterna.se\/lidingo\/?page_id=313"},"modified":"2022-05-23T16:31:13","modified_gmt":"2022-05-23T14:31:13","slug":"naringsliv","status":"publish","type":"page","link":"https:\/\/wp.kristdemokraterna.se\/lidingo\/var-politik\/naringsliv\/","title":{"rendered":"Stadsbyggnad"},"content":{"rendered":"<h3><span style=\"color: #015ea1\">Varsamt och klokt byggande<\/span><\/h3>\n<p><a href=\"http:\/\/wp.kristdemokraterna.se\/lidingo\/files\/2022\/04\/byggande-kd-scaled.jpg\"><img loading=\"lazy\" decoding=\"async\" class=\"alignnone wp-image-605\" src=\"http:\/\/wp.kristdemokraterna.se\/lidingo\/files\/2022\/04\/byggande-kd-scaled.jpg\" alt=\"\" width=\"245\" height=\"138\" srcset=\"https:\/\/wp.kristdemokraterna.se\/lidingo\/files\/2022\/04\/byggande-kd-scaled.jpg 2560w, https:\/\/wp.kristdemokraterna.se\/lidingo\/files\/2022\/04\/byggande-kd-300x169.jpg 300w, https:\/\/wp.kristdemokraterna.se\/lidingo\/files\/2022\/04\/byggande-kd-1024x576.jpg 1024w, https:\/\/wp.kristdemokraterna.se\/lidingo\/files\/2022\/04\/byggande-kd-768x432.jpg 768w, https:\/\/wp.kristdemokraterna.se\/lidingo\/files\/2022\/04\/byggande-kd-1536x864.jpg 1536w, https:\/\/wp.kristdemokraterna.se\/lidingo\/files\/2022\/04\/byggande-kd-2048x1152.jpg 2048w, https:\/\/wp.kristdemokraterna.se\/lidingo\/files\/2022\/04\/byggande-kd-356x200.jpg 356w, https:\/\/wp.kristdemokraterna.se\/lidingo\/files\/2022\/04\/byggande-kd-370x208.jpg 370w, https:\/\/wp.kristdemokraterna.se\/lidingo\/files\/2022\/04\/byggande-kd-770x433.jpg 770w, https:\/\/wp.kristdemokraterna.se\/lidingo\/files\/2022\/04\/byggande-kd-450x253.jpg 450w, https:\/\/wp.kristdemokraterna.se\/lidingo\/files\/2022\/04\/byggande-kd-280x158.jpg 280w, https:\/\/wp.kristdemokraterna.se\/lidingo\/files\/2022\/04\/byggande-kd-340x191.jpg 340w, https:\/\/wp.kristdemokraterna.se\/lidingo\/files\/2022\/04\/byggande-kd-200x113.jpg 200w, https:\/\/wp.kristdemokraterna.se\/lidingo\/files\/2022\/04\/byggande-kd-100x56.jpg 100w\" sizes=\"auto, (max-width: 245px) 100vw, 245px\" \/><\/a><\/p>\n<p>Kristdemokraterna vill se en fortsatt varsam utveckling av Liding\u00f6 pr\u00e4glad av sm\u00e5skalighet och anpassning till befintlig bebyggelsestruktur. Fler ska kunna \u00e4ga sin egen bostad.<\/p>\n<p>\u00b7 Fler radhus och villor och bost\u00e4der f\u00f6r unga vuxna ska byggas under mandatperioden.<\/p>\n<p>\u00b7 Med inspiration fr\u00e5n egna hemsr\u00f6relsen vill vi att m\u00e4nniskor med vanliga inkomster ska kunna bygga egna hem med hj\u00e4lp av startl\u00e5n och bosparande.<\/p>\n<p>\u00b7 R\u00f6rligheten p\u00e5 bostadsmarknaden m\u00e5ste \u00f6ka. Idag g\u00f6r flyttskatter och amorteringskrav att m\u00e5nga drar sig f\u00f6r att byta bostad. \u00c4ldre blir kvar i f\u00f6r stora hus samtidigt som barnfamiljer bor tr\u00e5ngt.<\/p>\n<p>\u00b7 Minska kr\u00e5nglet f\u00f6r privatpersoner. Den som \u00e4ger en fastighet eller l\u00e4genhet ska f\u00e5 ett snabbt och professionellt bem\u00f6tande av bygglovsenheten.<\/p>\n<p>\u00b7 \u00c4gander\u00e4tten \u00e4r en central princip f\u00f6r KD. Vi vill minska styrningen fr\u00e5n det offentliga om vad man som privatperson kan bygga p\u00e5 sin mark. Kommunen ska inte \u201dtvinga\u201d n\u00e5gon till att bygga vare sig med s\u00e5 kallade \u00e5rsringar eller i en viss stil. Undantaget f\u00f6r detta \u00e4r i \u00f6ns kulturhistoriskt v\u00e4rdefulla omr\u00e5den.<\/p>\n<p>\u00b7 Minska bullret fr\u00e5n trafiken. D\u00e4cka \u00f6ver mellan broarna i Torsvik.<\/p>\n<h2><span style=\"color: #015ea1\"><em>Kristdemokraterna Liding\u00f6\u2013 Vi g\u00f6r det b\u00e4ttre!<\/em><\/span><\/h2>\n<p>&nbsp;<\/p>\n<h2><\/h2>\n","protected":false},"excerpt":{"rendered":"<p>Varsamt och klokt byggande Kristdemokraterna vill se en fortsatt varsam utveckling av Liding\u00f6 pr\u00e4glad av sm\u00e5skalighet och anpassning till befintlig bebyggelsestruktur. Fler ska kunna \u00e4ga sin egen bostad. \u00b7 Fler radhus och villor och bost\u00e4der f\u00f6r unga vuxna ska byggas under mandatperioden. \u00b7 Med inspiration fr\u00e5n egna hemsr\u00f6relsen vill vi att m\u00e4nniskor med vanliga inkomster <a class=\"read-more-link\" href=\"https:\/\/wp.kristdemokraterna.se\/lidingo\/var-politik\/naringsliv\/\">Read More<\/a><\/p>\n","protected":false},"author":421,"featured_media":0,"parent":2,"menu_order":3,"comment_status":"closed","ping_status":"closed","template":"","meta":{"_acf_changed":false,"footnotes":""},"class_list":["post-313","page","type-page","status-publish","hentry"],"acf":[],"yoast_head":"<!-- This site is optimized with the Yoast SEO plugin v27.4 - https:\/\/yoast.com\/product\/yoast-seo-wordpress\/ -->\n<title>Stadsbyggnad - Liding\u00f6<\/title>\n<meta name=\"robots\" content=\"index, follow, max-snippet:-1, max-image-preview:large, max-video-preview:-1\" \/>\n<link rel=\"canonical\" href=\"https:\/\/wp.kristdemokraterna.se\/lidingo\/var-politik\/naringsliv\/\" \/>\n<meta property=\"og:locale\" content=\"sv_SE\" \/>\n<meta property=\"og:type\" content=\"article\" \/>\n<meta property=\"og:title\" content=\"Stadsbyggnad - Liding\u00f6\" \/>\n<meta property=\"og:description\" content=\"Varsamt och klokt byggande Kristdemokraterna vill se en fortsatt varsam utveckling av Liding\u00f6 pr\u00e4glad av sm\u00e5skalighet och anpassning till befintlig bebyggelsestruktur. Fler ska kunna \u00e4ga sin egen bostad. \u00b7 Fler radhus och villor och bost\u00e4der f\u00f6r unga vuxna ska byggas under mandatperioden. \u00b7 Med inspiration fr\u00e5n egna hemsr\u00f6relsen vill vi att m\u00e4nniskor med vanliga inkomster Read More\" \/>\n<meta property=\"og:url\" content=\"https:\/\/wp.kristdemokraterna.se\/lidingo\/var-politik\/naringsliv\/\" \/>\n<meta property=\"og:site_name\" content=\"Liding\u00f6\" \/>\n<meta property=\"article:modified_time\" content=\"2022-05-23T14:31:13+00:00\" \/>\n<meta property=\"og:image\" content=\"http:\/\/wp.kristdemokraterna.se\/lidingo\/files\/2022\/04\/byggande-kd-scaled.jpg\" \/>\n<meta name=\"twitter:card\" content=\"summary_large_image\" \/>\n<meta name=\"twitter:label1\" content=\"Ber\u00e4knad l\u00e4stid\" \/>\n\t<meta name=\"twitter:data1\" content=\"2 minuter\" \/>\n<script type=\"application\/ld+json\" class=\"yoast-schema-graph\">{\"@context\":\"https:\\\/\\\/schema.org\",\"@graph\":[{\"@type\":\"WebPage\",\"@id\":\"https:\\\/\\\/wp.kristdemokraterna.se\\\/lidingo\\\/var-politik\\\/naringsliv\\\/\",\"url\":\"https:\\\/\\\/wp.kristdemokraterna.se\\\/lidingo\\\/var-politik\\\/naringsliv\\\/\",\"name\":\"Stadsbyggnad - Liding\u00f6\",\"isPartOf\":{\"@id\":\"https:\\\/\\\/wp.kristdemokraterna.se\\\/lidingo\\\/#website\"},\"primaryImageOfPage\":{\"@id\":\"https:\\\/\\\/wp.kristdemokraterna.se\\\/lidingo\\\/var-politik\\\/naringsliv\\\/#primaryimage\"},\"image\":{\"@id\":\"https:\\\/\\\/wp.kristdemokraterna.se\\\/lidingo\\\/var-politik\\\/naringsliv\\\/#primaryimage\"},\"thumbnailUrl\":\"http:\\\/\\\/wp.kristdemokraterna.se\\\/lidingo\\\/files\\\/2022\\\/04\\\/byggande-kd-scaled.jpg\",\"datePublished\":\"2018-06-09T22:42:10+00:00\",\"dateModified\":\"2022-05-23T14:31:13+00:00\",\"breadcrumb\":{\"@id\":\"https:\\\/\\\/wp.kristdemokraterna.se\\\/lidingo\\\/var-politik\\\/naringsliv\\\/#breadcrumb\"},\"inLanguage\":\"sv-SE\",\"potentialAction\":[{\"@type\":\"ReadAction\",\"target\":[\"https:\\\/\\\/wp.kristdemokraterna.se\\\/lidingo\\\/var-politik\\\/naringsliv\\\/\"]}]},{\"@type\":\"ImageObject\",\"inLanguage\":\"sv-SE\",\"@id\":\"https:\\\/\\\/wp.kristdemokraterna.se\\\/lidingo\\\/var-politik\\\/naringsliv\\\/#primaryimage\",\"url\":\"http:\\\/\\\/wp.kristdemokraterna.se\\\/lidingo\\\/files\\\/2022\\\/04\\\/byggande-kd-scaled.jpg\",\"contentUrl\":\"http:\\\/\\\/wp.kristdemokraterna.se\\\/lidingo\\\/files\\\/2022\\\/04\\\/byggande-kd-scaled.jpg\"},{\"@type\":\"BreadcrumbList\",\"@id\":\"https:\\\/\\\/wp.kristdemokraterna.se\\\/lidingo\\\/var-politik\\\/naringsliv\\\/#breadcrumb\",\"itemListElement\":[{\"@type\":\"ListItem\",\"position\":1,\"name\":\"Hem\",\"item\":\"https:\\\/\\\/wp.kristdemokraterna.se\\\/lidingo\\\/\"},{\"@type\":\"ListItem\",\"position\":2,\"name\":\"V\u00e5r politik\",\"item\":\"https:\\\/\\\/wp.kristdemokraterna.se\\\/lidingo\\\/var-politik\\\/\"},{\"@type\":\"ListItem\",\"position\":3,\"name\":\"Stadsbyggnad\"}]},{\"@type\":\"WebSite\",\"@id\":\"https:\\\/\\\/wp.kristdemokraterna.se\\\/lidingo\\\/#website\",\"url\":\"https:\\\/\\\/wp.kristdemokraterna.se\\\/lidingo\\\/\",\"name\":\"Liding\u00f6\",\"description\":\"\",\"inLanguage\":\"sv-SE\"}]}<\/script>\n<!-- \/ Yoast SEO plugin. -->","yoast_head_json":{"title":"Stadsbyggnad - Liding\u00f6","robots":{"index":"index","follow":"follow","max-snippet":"max-snippet:-1","max-image-preview":"max-image-preview:large","max-video-preview":"max-video-preview:-1"},"canonical":"https:\/\/wp.kristdemokraterna.se\/lidingo\/var-politik\/naringsliv\/","og_locale":"sv_SE","og_type":"article","og_title":"Stadsbyggnad - Liding\u00f6","og_description":"Varsamt och klokt byggande Kristdemokraterna vill se en fortsatt varsam utveckling av Liding\u00f6 pr\u00e4glad av sm\u00e5skalighet och anpassning till befintlig bebyggelsestruktur. Fler ska kunna \u00e4ga sin egen bostad. \u00b7 Fler radhus och villor och bost\u00e4der f\u00f6r unga vuxna ska byggas under mandatperioden. \u00b7 Med inspiration fr\u00e5n egna hemsr\u00f6relsen vill vi att m\u00e4nniskor med vanliga inkomster Read More","og_url":"https:\/\/wp.kristdemokraterna.se\/lidingo\/var-politik\/naringsliv\/","og_site_name":"Liding\u00f6","article_modified_time":"2022-05-23T14:31:13+00:00","og_image":[{"url":"http:\/\/wp.kristdemokraterna.se\/lidingo\/files\/2022\/04\/byggande-kd-scaled.jpg","type":"","width":"","height":""}],"twitter_card":"summary_large_image","twitter_misc":{"Ber\u00e4knad l\u00e4stid":"2 minuter"},"schema":{"@context":"https:\/\/schema.org","@graph":[{"@type":"WebPage","@id":"https:\/\/wp.kristdemokraterna.se\/lidingo\/var-politik\/naringsliv\/","url":"https:\/\/wp.kristdemokraterna.se\/lidingo\/var-politik\/naringsliv\/","name":"Stadsbyggnad - Liding\u00f6","isPartOf":{"@id":"https:\/\/wp.kristdemokraterna.se\/lidingo\/#website"},"primaryImageOfPage":{"@id":"https:\/\/wp.kristdemokraterna.se\/lidingo\/var-politik\/naringsliv\/#primaryimage"},"image":{"@id":"https:\/\/wp.kristdemokraterna.se\/lidingo\/var-politik\/naringsliv\/#primaryimage"},"thumbnailUrl":"http:\/\/wp.kristdemokraterna.se\/lidingo\/files\/2022\/04\/byggande-kd-scaled.jpg","datePublished":"2018-06-09T22:42:10+00:00","dateModified":"2022-05-23T14:31:13+00:00","breadcrumb":{"@id":"https:\/\/wp.kristdemokraterna.se\/lidingo\/var-politik\/naringsliv\/#breadcrumb"},"inLanguage":"sv-SE","potentialAction":[{"@type":"ReadAction","target":["https:\/\/wp.kristdemokraterna.se\/lidingo\/var-politik\/naringsliv\/"]}]},{"@type":"ImageObject","inLanguage":"sv-SE","@id":"https:\/\/wp.kristdemokraterna.se\/lidingo\/var-politik\/naringsliv\/#primaryimage","url":"http:\/\/wp.kristdemokraterna.se\/lidingo\/files\/2022\/04\/byggande-kd-scaled.jpg","contentUrl":"http:\/\/wp.kristdemokraterna.se\/lidingo\/files\/2022\/04\/byggande-kd-scaled.jpg"},{"@type":"BreadcrumbList","@id":"https:\/\/wp.kristdemokraterna.se\/lidingo\/var-politik\/naringsliv\/#breadcrumb","itemListElement":[{"@type":"ListItem","position":1,"name":"Hem","item":"https:\/\/wp.kristdemokraterna.se\/lidingo\/"},{"@type":"ListItem","position":2,"name":"V\u00e5r politik","item":"https:\/\/wp.kristdemokraterna.se\/lidingo\/var-politik\/"},{"@type":"ListItem","position":3,"name":"Stadsbyggnad"}]},{"@type":"WebSite","@id":"https:\/\/wp.kristdemokraterna.se\/lidingo\/#website","url":"https:\/\/wp.kristdemokraterna.se\/lidingo\/","name":"Liding\u00f6","description":"","inLanguage":"sv-SE"}]}},"_links":{"self":[{"href":"https:\/\/wp.kristdemokraterna.se\/lidingo\/wp-json\/wp\/v2\/pages\/313","targetHints":{"allow":["GET"]}}],"collection":[{"href":"https:\/\/wp.kristdemokraterna.se\/lidingo\/wp-json\/wp\/v2\/pages"}],"about":[{"href":"https:\/\/wp.kristdemokraterna.se\/lidingo\/wp-json\/wp\/v2\/types\/page"}],"author":[{"embeddable":true,"href":"https:\/\/wp.kristdemokraterna.se\/lidingo\/wp-json\/wp\/v2\/users\/421"}],"replies":[{"embeddable":true,"href":"https:\/\/wp.kristdemokraterna.se\/lidingo\/wp-json\/wp\/v2\/comments?post=313"}],"version-history":[{"count":9,"href":"https:\/\/wp.kristdemokraterna.se\/lidingo\/wp-json\/wp\/v2\/pages\/313\/revisions"}],"predecessor-version":[{"id":681,"href":"https:\/\/wp.kristdemokraterna.se\/lidingo\/wp-json\/wp\/v2\/pages\/313\/revisions\/681"}],"up":[{"embeddable":true,"href":"https:\/\/wp.kristdemokraterna.se\/lidingo\/wp-json\/wp\/v2\/pages\/2"}],"wp:attachment":[{"href":"https:\/\/wp.kristdemokraterna.se\/lidingo\/wp-json\/wp\/v2\/media?parent=313"}],"curies":[{"name":"wp","href":"https:\/\/api.w.org\/{rel}","templated":true}]}}