{"id":325,"date":"2018-06-18T23:57:15","date_gmt":"2018-06-18T21:57:15","guid":{"rendered":"http:\/\/wp.kristdemokraterna.se\/lidingo\/?page_id=325"},"modified":"2022-05-23T16:26:33","modified_gmt":"2022-05-23T14:26:33","slug":"stadsbyggnad","status":"publish","type":"page","link":"https:\/\/wp.kristdemokraterna.se\/lidingo\/var-politik\/stadsbyggnad\/","title":{"rendered":"Utbildning"},"content":{"rendered":"<h3><span style=\"color: #015ea1\">En barnomsorg och skola med valfrihet och h\u00f6g kvalitet<\/span><\/h3>\n<p><a href=\"http:\/\/wp.kristdemokraterna.se\/lidingo\/files\/2022\/04\/skola-kd-lidingo-scaled.jpg\"><img loading=\"lazy\" decoding=\"async\" class=\"alignnone  wp-image-586\" src=\"http:\/\/wp.kristdemokraterna.se\/lidingo\/files\/2022\/04\/skola-kd-lidingo-scaled.jpg\" alt=\"\" width=\"299\" height=\"204\" srcset=\"https:\/\/wp.kristdemokraterna.se\/lidingo\/files\/2022\/04\/skola-kd-lidingo-scaled.jpg 2560w, https:\/\/wp.kristdemokraterna.se\/lidingo\/files\/2022\/04\/skola-kd-lidingo-300x204.jpg 300w, https:\/\/wp.kristdemokraterna.se\/lidingo\/files\/2022\/04\/skola-kd-lidingo-1024x697.jpg 1024w, https:\/\/wp.kristdemokraterna.se\/lidingo\/files\/2022\/04\/skola-kd-lidingo-768x522.jpg 768w, https:\/\/wp.kristdemokraterna.se\/lidingo\/files\/2022\/04\/skola-kd-lidingo-1536x1045.jpg 1536w, https:\/\/wp.kristdemokraterna.se\/lidingo\/files\/2022\/04\/skola-kd-lidingo-2048x1393.jpg 2048w, https:\/\/wp.kristdemokraterna.se\/lidingo\/files\/2022\/04\/skola-kd-lidingo-294x200.jpg 294w, https:\/\/wp.kristdemokraterna.se\/lidingo\/files\/2022\/04\/skola-kd-lidingo-370x252.jpg 370w, https:\/\/wp.kristdemokraterna.se\/lidingo\/files\/2022\/04\/skola-kd-lidingo-770x524.jpg 770w, https:\/\/wp.kristdemokraterna.se\/lidingo\/files\/2022\/04\/skola-kd-lidingo-450x306.jpg 450w, https:\/\/wp.kristdemokraterna.se\/lidingo\/files\/2022\/04\/skola-kd-lidingo-280x190.jpg 280w, https:\/\/wp.kristdemokraterna.se\/lidingo\/files\/2022\/04\/skola-kd-lidingo-340x231.jpg 340w, https:\/\/wp.kristdemokraterna.se\/lidingo\/files\/2022\/04\/skola-kd-lidingo-200x136.jpg 200w, https:\/\/wp.kristdemokraterna.se\/lidingo\/files\/2022\/04\/skola-kd-lidingo-82x56.jpg 82w\" sizes=\"auto, (max-width: 299px) 100vw, 299px\" \/><\/a><\/p>\n<p>En barnomsorg och skola med valfrihet och h\u00f6g kvalitet<\/p>\n<p>Familjens trygghet och en bra uppv\u00e4xtmilj\u00f6 \u00e4r avg\u00f6rande f\u00f6r barn- och ungdomars framtid. Vi m\u00e5ste ge familjerna r\u00e4tt f\u00f6ruts\u00e4ttningar f\u00f6r att kunna g\u00f6ra de val de \u00f6nskar och st\u00f6dja de familjer som beh\u00f6ver v\u00e5r hj\u00e4lp. Exempelvis ska man kunna v\u00e4lja mellan f\u00f6rskola och familjedaghem (det som f\u00f6rut kallades dagmammor). Den \u00f6ppna f\u00f6rskolan \u00e4r en viktig m\u00f6tesplats f\u00f6r f\u00f6r\u00e4ldrar som v\u00e4ljer att vara hemma l\u00e4nge med sina barn.<\/p>\n<p>Skolorna ska erbjuda alla barn lika goda f\u00f6ruts\u00e4ttningar att n\u00e5 bra resultat. Varje barn ska ges m\u00f6jlighet att utvecklas utifr\u00e5n sina egna f\u00f6ruts\u00e4ttningar och behov vare sig man ligger f\u00f6re l\u00e4roplanen eller \u00e4r i behov av extra st\u00f6d.<\/p>\n<p>\u00b7 Arbetsmilj\u00f6n inom f\u00f6rskola och grund- och gymnasieskola m\u00e5ste bli b\u00e4ttre. Detta g\u00e4ller s\u00e5v\u00e4l f\u00f6r l\u00e4rare och \u00f6vrig personal som elever. Skolpengen m\u00e5ste h\u00f6jas s\u00e5 att ansvariga rektorer kan rekrytera fler kompetenta l\u00e4rare, inhandla n\u00f6dv\u00e4ndiga l\u00e4romedel och utrustning.<\/p>\n<p>\u00b7 Den fysiska milj\u00f6n inom f\u00f6rskolan beh\u00f6ver f\u00f6rb\u00e4ttras och barngrupperna bli mindre. Med en h\u00f6jd skolpeng kan fler v\u00e4lutbildade f\u00f6rskoll\u00e4rare rekryteras. Valfriheten ska bibeh\u00e5llas s\u00e5 att familjer kan v\u00e4lja den f\u00f6rskola som b\u00e4st svarar mot familjens behov och \u00f6nskem\u00e5l.<\/p>\n<p>\u00b7 Grundskolan ska f\u00f6rmedla den kunskap som kr\u00e4vs f\u00f6r vidare studier i gymnasieskolan. F\u00f6r att detta ska lyckas kr\u00e4vs ordning och reda i klassrummen. Samverkan med socialtj\u00e4nsten och BUP b\u00f6r f\u00f6rdjupas f\u00f6r att m\u00f6ta behoven hos elever med psykosociala problem. Arbetet mot drogmissbruk och v\u00e5ld ska ges \u00f6kade resurser.<\/p>\n<p>\u00b7 Elever som halkar efter m\u00e5ste ges s\u00e4rskilt st\u00f6d med l\u00e4xhj\u00e4lp och extra undervisning. F\u00f6r att motverka att elever f\u00e5r gl\u00e4djebetyg och l\u00e4mnar grundskolan utan grundskolekompetens b\u00f6r resurser och ansvar ges till grundskolan att ordna introduktionsprogram f\u00f6r gymnasiekompetens motsvarande dagens IM-program.<\/p>\n<p>\u00b7 Den goda samverkan mellan skola, n\u00e4ringslivet och offentlig verksamhet med gymnasieprogram f\u00f6r entrepren\u00f6rskap ska utvecklas och f\u00f6rdjupas.<\/p>\n<h2><span style=\"color: #015ea1\"><em>Kristdemokraterna Liding\u00f6\u2013 vi g\u00f6r det b\u00e4ttre!<\/em><\/span><\/h2>\n","protected":false},"excerpt":{"rendered":"<p>En barnomsorg och skola med valfrihet och h\u00f6g kvalitet En barnomsorg och skola med valfrihet och h\u00f6g kvalitet Familjens trygghet och en bra uppv\u00e4xtmilj\u00f6 \u00e4r avg\u00f6rande f\u00f6r barn- och ungdomars framtid. Vi m\u00e5ste ge familjerna r\u00e4tt f\u00f6ruts\u00e4ttningar f\u00f6r att kunna g\u00f6ra de val de \u00f6nskar och st\u00f6dja de familjer som beh\u00f6ver v\u00e5r hj\u00e4lp. Exempelvis ska <a class=\"read-more-link\" href=\"https:\/\/wp.kristdemokraterna.se\/lidingo\/var-politik\/stadsbyggnad\/\">Read More<\/a><\/p>\n","protected":false},"author":421,"featured_media":0,"parent":2,"menu_order":6,"comment_status":"closed","ping_status":"closed","template":"","meta":{"_acf_changed":false,"footnotes":""},"class_list":["post-325","page","type-page","status-publish","hentry"],"acf":[],"yoast_head":"<!-- This site is optimized with the Yoast SEO plugin v27.3 - https:\/\/yoast.com\/product\/yoast-seo-wordpress\/ -->\n<title>Utbildning - Liding\u00f6<\/title>\n<meta name=\"robots\" content=\"index, follow, max-snippet:-1, max-image-preview:large, max-video-preview:-1\" \/>\n<link rel=\"canonical\" href=\"https:\/\/wp.kristdemokraterna.se\/lidingo\/var-politik\/stadsbyggnad\/\" \/>\n<meta property=\"og:locale\" content=\"sv_SE\" \/>\n<meta property=\"og:type\" content=\"article\" \/>\n<meta property=\"og:title\" content=\"Utbildning - Liding\u00f6\" \/>\n<meta property=\"og:description\" content=\"En barnomsorg och skola med valfrihet och h\u00f6g kvalitet En barnomsorg och skola med valfrihet och h\u00f6g kvalitet Familjens trygghet och en bra uppv\u00e4xtmilj\u00f6 \u00e4r avg\u00f6rande f\u00f6r barn- och ungdomars framtid. Vi m\u00e5ste ge familjerna r\u00e4tt f\u00f6ruts\u00e4ttningar f\u00f6r att kunna g\u00f6ra de val de \u00f6nskar och st\u00f6dja de familjer som beh\u00f6ver v\u00e5r hj\u00e4lp. Exempelvis ska Read More\" \/>\n<meta property=\"og:url\" content=\"https:\/\/wp.kristdemokraterna.se\/lidingo\/var-politik\/stadsbyggnad\/\" \/>\n<meta property=\"og:site_name\" content=\"Liding\u00f6\" \/>\n<meta property=\"article:modified_time\" content=\"2022-05-23T14:26:33+00:00\" \/>\n<meta property=\"og:image\" content=\"http:\/\/wp.kristdemokraterna.se\/lidingo\/files\/2022\/04\/skola-kd-lidingo-scaled.jpg\" \/>\n<meta name=\"twitter:card\" content=\"summary_large_image\" \/>\n<meta name=\"twitter:label1\" content=\"Ber\u00e4knad l\u00e4stid\" \/>\n\t<meta name=\"twitter:data1\" content=\"2 minuter\" \/>\n<script type=\"application\/ld+json\" class=\"yoast-schema-graph\">{\"@context\":\"https:\\\/\\\/schema.org\",\"@graph\":[{\"@type\":\"WebPage\",\"@id\":\"https:\\\/\\\/wp.kristdemokraterna.se\\\/lidingo\\\/var-politik\\\/stadsbyggnad\\\/\",\"url\":\"https:\\\/\\\/wp.kristdemokraterna.se\\\/lidingo\\\/var-politik\\\/stadsbyggnad\\\/\",\"name\":\"Utbildning - Liding\u00f6\",\"isPartOf\":{\"@id\":\"https:\\\/\\\/wp.kristdemokraterna.se\\\/lidingo\\\/#website\"},\"primaryImageOfPage\":{\"@id\":\"https:\\\/\\\/wp.kristdemokraterna.se\\\/lidingo\\\/var-politik\\\/stadsbyggnad\\\/#primaryimage\"},\"image\":{\"@id\":\"https:\\\/\\\/wp.kristdemokraterna.se\\\/lidingo\\\/var-politik\\\/stadsbyggnad\\\/#primaryimage\"},\"thumbnailUrl\":\"http:\\\/\\\/wp.kristdemokraterna.se\\\/lidingo\\\/files\\\/2022\\\/04\\\/skola-kd-lidingo-scaled.jpg\",\"datePublished\":\"2018-06-18T21:57:15+00:00\",\"dateModified\":\"2022-05-23T14:26:33+00:00\",\"breadcrumb\":{\"@id\":\"https:\\\/\\\/wp.kristdemokraterna.se\\\/lidingo\\\/var-politik\\\/stadsbyggnad\\\/#breadcrumb\"},\"inLanguage\":\"sv-SE\",\"potentialAction\":[{\"@type\":\"ReadAction\",\"target\":[\"https:\\\/\\\/wp.kristdemokraterna.se\\\/lidingo\\\/var-politik\\\/stadsbyggnad\\\/\"]}]},{\"@type\":\"ImageObject\",\"inLanguage\":\"sv-SE\",\"@id\":\"https:\\\/\\\/wp.kristdemokraterna.se\\\/lidingo\\\/var-politik\\\/stadsbyggnad\\\/#primaryimage\",\"url\":\"http:\\\/\\\/wp.kristdemokraterna.se\\\/lidingo\\\/files\\\/2022\\\/04\\\/skola-kd-lidingo-scaled.jpg\",\"contentUrl\":\"http:\\\/\\\/wp.kristdemokraterna.se\\\/lidingo\\\/files\\\/2022\\\/04\\\/skola-kd-lidingo-scaled.jpg\"},{\"@type\":\"BreadcrumbList\",\"@id\":\"https:\\\/\\\/wp.kristdemokraterna.se\\\/lidingo\\\/var-politik\\\/stadsbyggnad\\\/#breadcrumb\",\"itemListElement\":[{\"@type\":\"ListItem\",\"position\":1,\"name\":\"Hem\",\"item\":\"https:\\\/\\\/wp.kristdemokraterna.se\\\/lidingo\\\/\"},{\"@type\":\"ListItem\",\"position\":2,\"name\":\"V\u00e5r politik\",\"item\":\"https:\\\/\\\/wp.kristdemokraterna.se\\\/lidingo\\\/var-politik\\\/\"},{\"@type\":\"ListItem\",\"position\":3,\"name\":\"Utbildning\"}]},{\"@type\":\"WebSite\",\"@id\":\"https:\\\/\\\/wp.kristdemokraterna.se\\\/lidingo\\\/#website\",\"url\":\"https:\\\/\\\/wp.kristdemokraterna.se\\\/lidingo\\\/\",\"name\":\"Liding\u00f6\",\"description\":\"\",\"inLanguage\":\"sv-SE\"}]}<\/script>\n<!-- \/ Yoast SEO plugin. -->","yoast_head_json":{"title":"Utbildning - Liding\u00f6","robots":{"index":"index","follow":"follow","max-snippet":"max-snippet:-1","max-image-preview":"max-image-preview:large","max-video-preview":"max-video-preview:-1"},"canonical":"https:\/\/wp.kristdemokraterna.se\/lidingo\/var-politik\/stadsbyggnad\/","og_locale":"sv_SE","og_type":"article","og_title":"Utbildning - Liding\u00f6","og_description":"En barnomsorg och skola med valfrihet och h\u00f6g kvalitet En barnomsorg och skola med valfrihet och h\u00f6g kvalitet Familjens trygghet och en bra uppv\u00e4xtmilj\u00f6 \u00e4r avg\u00f6rande f\u00f6r barn- och ungdomars framtid. Vi m\u00e5ste ge familjerna r\u00e4tt f\u00f6ruts\u00e4ttningar f\u00f6r att kunna g\u00f6ra de val de \u00f6nskar och st\u00f6dja de familjer som beh\u00f6ver v\u00e5r hj\u00e4lp. Exempelvis ska Read More","og_url":"https:\/\/wp.kristdemokraterna.se\/lidingo\/var-politik\/stadsbyggnad\/","og_site_name":"Liding\u00f6","article_modified_time":"2022-05-23T14:26:33+00:00","og_image":[{"url":"http:\/\/wp.kristdemokraterna.se\/lidingo\/files\/2022\/04\/skola-kd-lidingo-scaled.jpg","type":"","width":"","height":""}],"twitter_card":"summary_large_image","twitter_misc":{"Ber\u00e4knad l\u00e4stid":"2 minuter"},"schema":{"@context":"https:\/\/schema.org","@graph":[{"@type":"WebPage","@id":"https:\/\/wp.kristdemokraterna.se\/lidingo\/var-politik\/stadsbyggnad\/","url":"https:\/\/wp.kristdemokraterna.se\/lidingo\/var-politik\/stadsbyggnad\/","name":"Utbildning - Liding\u00f6","isPartOf":{"@id":"https:\/\/wp.kristdemokraterna.se\/lidingo\/#website"},"primaryImageOfPage":{"@id":"https:\/\/wp.kristdemokraterna.se\/lidingo\/var-politik\/stadsbyggnad\/#primaryimage"},"image":{"@id":"https:\/\/wp.kristdemokraterna.se\/lidingo\/var-politik\/stadsbyggnad\/#primaryimage"},"thumbnailUrl":"http:\/\/wp.kristdemokraterna.se\/lidingo\/files\/2022\/04\/skola-kd-lidingo-scaled.jpg","datePublished":"2018-06-18T21:57:15+00:00","dateModified":"2022-05-23T14:26:33+00:00","breadcrumb":{"@id":"https:\/\/wp.kristdemokraterna.se\/lidingo\/var-politik\/stadsbyggnad\/#breadcrumb"},"inLanguage":"sv-SE","potentialAction":[{"@type":"ReadAction","target":["https:\/\/wp.kristdemokraterna.se\/lidingo\/var-politik\/stadsbyggnad\/"]}]},{"@type":"ImageObject","inLanguage":"sv-SE","@id":"https:\/\/wp.kristdemokraterna.se\/lidingo\/var-politik\/stadsbyggnad\/#primaryimage","url":"http:\/\/wp.kristdemokraterna.se\/lidingo\/files\/2022\/04\/skola-kd-lidingo-scaled.jpg","contentUrl":"http:\/\/wp.kristdemokraterna.se\/lidingo\/files\/2022\/04\/skola-kd-lidingo-scaled.jpg"},{"@type":"BreadcrumbList","@id":"https:\/\/wp.kristdemokraterna.se\/lidingo\/var-politik\/stadsbyggnad\/#breadcrumb","itemListElement":[{"@type":"ListItem","position":1,"name":"Hem","item":"https:\/\/wp.kristdemokraterna.se\/lidingo\/"},{"@type":"ListItem","position":2,"name":"V\u00e5r politik","item":"https:\/\/wp.kristdemokraterna.se\/lidingo\/var-politik\/"},{"@type":"ListItem","position":3,"name":"Utbildning"}]},{"@type":"WebSite","@id":"https:\/\/wp.kristdemokraterna.se\/lidingo\/#website","url":"https:\/\/wp.kristdemokraterna.se\/lidingo\/","name":"Liding\u00f6","description":"","inLanguage":"sv-SE"}]}},"_links":{"self":[{"href":"https:\/\/wp.kristdemokraterna.se\/lidingo\/wp-json\/wp\/v2\/pages\/325","targetHints":{"allow":["GET"]}}],"collection":[{"href":"https:\/\/wp.kristdemokraterna.se\/lidingo\/wp-json\/wp\/v2\/pages"}],"about":[{"href":"https:\/\/wp.kristdemokraterna.se\/lidingo\/wp-json\/wp\/v2\/types\/page"}],"author":[{"embeddable":true,"href":"https:\/\/wp.kristdemokraterna.se\/lidingo\/wp-json\/wp\/v2\/users\/421"}],"replies":[{"embeddable":true,"href":"https:\/\/wp.kristdemokraterna.se\/lidingo\/wp-json\/wp\/v2\/comments?post=325"}],"version-history":[{"count":7,"href":"https:\/\/wp.kristdemokraterna.se\/lidingo\/wp-json\/wp\/v2\/pages\/325\/revisions"}],"predecessor-version":[{"id":679,"href":"https:\/\/wp.kristdemokraterna.se\/lidingo\/wp-json\/wp\/v2\/pages\/325\/revisions\/679"}],"up":[{"embeddable":true,"href":"https:\/\/wp.kristdemokraterna.se\/lidingo\/wp-json\/wp\/v2\/pages\/2"}],"wp:attachment":[{"href":"https:\/\/wp.kristdemokraterna.se\/lidingo\/wp-json\/wp\/v2\/media?parent=325"}],"curies":[{"name":"wp","href":"https:\/\/api.w.org\/{rel}","templated":true}]}}