{"id":336,"date":"2018-06-19T00:13:47","date_gmt":"2018-06-18T22:13:47","guid":{"rendered":"http:\/\/wp.kristdemokraterna.se\/lidingo\/?page_id=336"},"modified":"2022-05-23T16:06:16","modified_gmt":"2022-05-23T14:06:16","slug":"trygghet","status":"publish","type":"page","link":"https:\/\/wp.kristdemokraterna.se\/lidingo\/var-politik\/trygghet\/","title":{"rendered":"Ekonomi och skatter"},"content":{"rendered":"<h3><span style=\"color: #015ea1\">Ekonomi i balans<\/span><\/h3>\n<p><a href=\"http:\/\/wp.kristdemokraterna.se\/lidingo\/files\/2022\/04\/ekonomi-scaled.jpg\"><img loading=\"lazy\" decoding=\"async\" class=\"alignnone wp-image-596\" src=\"http:\/\/wp.kristdemokraterna.se\/lidingo\/files\/2022\/04\/ekonomi-scaled.jpg\" alt=\"\" width=\"300\" height=\"200\" srcset=\"https:\/\/wp.kristdemokraterna.se\/lidingo\/files\/2022\/04\/ekonomi-scaled.jpg 2560w, https:\/\/wp.kristdemokraterna.se\/lidingo\/files\/2022\/04\/ekonomi-300x200.jpg 300w, https:\/\/wp.kristdemokraterna.se\/lidingo\/files\/2022\/04\/ekonomi-1024x683.jpg 1024w, https:\/\/wp.kristdemokraterna.se\/lidingo\/files\/2022\/04\/ekonomi-768x512.jpg 768w, https:\/\/wp.kristdemokraterna.se\/lidingo\/files\/2022\/04\/ekonomi-1536x1024.jpg 1536w, https:\/\/wp.kristdemokraterna.se\/lidingo\/files\/2022\/04\/ekonomi-2048x1366.jpg 2048w, https:\/\/wp.kristdemokraterna.se\/lidingo\/files\/2022\/04\/ekonomi-370x247.jpg 370w, https:\/\/wp.kristdemokraterna.se\/lidingo\/files\/2022\/04\/ekonomi-770x513.jpg 770w, https:\/\/wp.kristdemokraterna.se\/lidingo\/files\/2022\/04\/ekonomi-450x300.jpg 450w, https:\/\/wp.kristdemokraterna.se\/lidingo\/files\/2022\/04\/ekonomi-280x187.jpg 280w, https:\/\/wp.kristdemokraterna.se\/lidingo\/files\/2022\/04\/ekonomi-340x227.jpg 340w, https:\/\/wp.kristdemokraterna.se\/lidingo\/files\/2022\/04\/ekonomi-200x133.jpg 200w, https:\/\/wp.kristdemokraterna.se\/lidingo\/files\/2022\/04\/ekonomi-84x56.jpg 84w\" sizes=\"auto, (max-width: 300px) 100vw, 300px\" \/><\/a><\/p>\n<p>KD:s kommunpolitiska program kan genomf\u00f6ras inom kommunens budgetram utan behov av skatteh\u00f6jningar. Flera av f\u00f6rslagen handlar om att g\u00f6ra r\u00e4tt insatser i r\u00e4tt tid \u2013 de \u00e4r kostnadseffektiva. Den nya omsorgs- och boendekedjan, det funktionshinderpolitiska programmet och satsningen p\u00e5 elevh\u00e4lsan \u00e4r exempel p\u00e5 detta.<\/p>\n<p>\u00b7 Med f\u00f6rebyggande och tidigt insatta \u00e5tg\u00e4rder kan en god h\u00e4lsa uppr\u00e4tth\u00e5llas och sjukdomstillst\u00e5nd f\u00f6rhindras eller \u00e5tg\u00e4rdas innan de kr\u00e4ver mer omfattande resurser.<\/p>\n<p>\u00b7 Med utnyttjande av digitaliseringens m\u00f6jligheter kan f\u00f6rvaltningarnas organisation och rutiner utvecklas och effektiviseras. Liding\u00f6 ska f\u00f6rsvara st\u00e4llningen som Sveriges digitaliseringskommun.<\/p>\n<p>\u00b7 Med modern v\u00e4lf\u00e4rdsteknik (ex digitala trygghetslarm, tillsyn via kamera och sensorer samt digitala p\u00e5minnelser) kan tryggheten f\u00f6r omsorgstagarna \u00f6ka samtidigt som arbetsmilj\u00f6 och effektivitet i omsorgens verksamhet blir b\u00e4ttre.<\/p>\n<p>\u00b7 Med st\u00f6d av h\u00f6jda f\u00f6reningsbidrag kan samverkan med civilsamh\u00e4llet f\u00f6rdjupas och utvecklas med minskat behov av insatser fr\u00e5n det offentliga som f\u00f6ljd.<\/p>\n<h2><span style=\"color: #015ea1\"><em>Kristdemokraterna Liding\u00f6\u2013 vi g\u00f6r det b\u00e4ttre!<\/em><\/span><\/h2>\n<h2><\/h2>\n","protected":false},"excerpt":{"rendered":"<p>Ekonomi i balans KD:s kommunpolitiska program kan genomf\u00f6ras inom kommunens budgetram utan behov av skatteh\u00f6jningar. Flera av f\u00f6rslagen handlar om att g\u00f6ra r\u00e4tt insatser i r\u00e4tt tid \u2013 de \u00e4r kostnadseffektiva. Den nya omsorgs- och boendekedjan, det funktionshinderpolitiska programmet och satsningen p\u00e5 elevh\u00e4lsan \u00e4r exempel p\u00e5 detta. \u00b7 Med f\u00f6rebyggande och tidigt insatta \u00e5tg\u00e4rder kan <a class=\"read-more-link\" href=\"https:\/\/wp.kristdemokraterna.se\/lidingo\/var-politik\/trygghet\/\">Read More<\/a><\/p>\n","protected":false},"author":421,"featured_media":0,"parent":2,"menu_order":9,"comment_status":"closed","ping_status":"closed","template":"","meta":{"_acf_changed":false,"footnotes":""},"class_list":["post-336","page","type-page","status-publish","hentry"],"acf":[],"yoast_head":"<!-- This site is optimized with the Yoast SEO plugin v27.4 - https:\/\/yoast.com\/product\/yoast-seo-wordpress\/ -->\n<title>Ekonomi och skatter - Liding\u00f6<\/title>\n<meta name=\"robots\" content=\"index, follow, max-snippet:-1, max-image-preview:large, max-video-preview:-1\" \/>\n<link rel=\"canonical\" href=\"https:\/\/wp.kristdemokraterna.se\/lidingo\/var-politik\/trygghet\/\" \/>\n<meta property=\"og:locale\" content=\"sv_SE\" \/>\n<meta property=\"og:type\" content=\"article\" \/>\n<meta property=\"og:title\" content=\"Ekonomi och skatter - Liding\u00f6\" \/>\n<meta property=\"og:description\" content=\"Ekonomi i balans KD:s kommunpolitiska program kan genomf\u00f6ras inom kommunens budgetram utan behov av skatteh\u00f6jningar. Flera av f\u00f6rslagen handlar om att g\u00f6ra r\u00e4tt insatser i r\u00e4tt tid \u2013 de \u00e4r kostnadseffektiva. Den nya omsorgs- och boendekedjan, det funktionshinderpolitiska programmet och satsningen p\u00e5 elevh\u00e4lsan \u00e4r exempel p\u00e5 detta. \u00b7 Med f\u00f6rebyggande och tidigt insatta \u00e5tg\u00e4rder kan Read More\" \/>\n<meta property=\"og:url\" content=\"https:\/\/wp.kristdemokraterna.se\/lidingo\/var-politik\/trygghet\/\" \/>\n<meta property=\"og:site_name\" content=\"Liding\u00f6\" \/>\n<meta property=\"article:modified_time\" content=\"2022-05-23T14:06:16+00:00\" \/>\n<meta property=\"og:image\" content=\"http:\/\/wp.kristdemokraterna.se\/lidingo\/files\/2022\/04\/ekonomi-scaled.jpg\" \/>\n<meta name=\"twitter:card\" content=\"summary_large_image\" \/>\n<meta name=\"twitter:label1\" content=\"Ber\u00e4knad l\u00e4stid\" \/>\n\t<meta name=\"twitter:data1\" content=\"1 minut\" \/>\n<script type=\"application\/ld+json\" class=\"yoast-schema-graph\">{\"@context\":\"https:\\\/\\\/schema.org\",\"@graph\":[{\"@type\":\"WebPage\",\"@id\":\"https:\\\/\\\/wp.kristdemokraterna.se\\\/lidingo\\\/var-politik\\\/trygghet\\\/\",\"url\":\"https:\\\/\\\/wp.kristdemokraterna.se\\\/lidingo\\\/var-politik\\\/trygghet\\\/\",\"name\":\"Ekonomi och skatter - Liding\u00f6\",\"isPartOf\":{\"@id\":\"https:\\\/\\\/wp.kristdemokraterna.se\\\/lidingo\\\/#website\"},\"primaryImageOfPage\":{\"@id\":\"https:\\\/\\\/wp.kristdemokraterna.se\\\/lidingo\\\/var-politik\\\/trygghet\\\/#primaryimage\"},\"image\":{\"@id\":\"https:\\\/\\\/wp.kristdemokraterna.se\\\/lidingo\\\/var-politik\\\/trygghet\\\/#primaryimage\"},\"thumbnailUrl\":\"http:\\\/\\\/wp.kristdemokraterna.se\\\/lidingo\\\/files\\\/2022\\\/04\\\/ekonomi-scaled.jpg\",\"datePublished\":\"2018-06-18T22:13:47+00:00\",\"dateModified\":\"2022-05-23T14:06:16+00:00\",\"breadcrumb\":{\"@id\":\"https:\\\/\\\/wp.kristdemokraterna.se\\\/lidingo\\\/var-politik\\\/trygghet\\\/#breadcrumb\"},\"inLanguage\":\"sv-SE\",\"potentialAction\":[{\"@type\":\"ReadAction\",\"target\":[\"https:\\\/\\\/wp.kristdemokraterna.se\\\/lidingo\\\/var-politik\\\/trygghet\\\/\"]}]},{\"@type\":\"ImageObject\",\"inLanguage\":\"sv-SE\",\"@id\":\"https:\\\/\\\/wp.kristdemokraterna.se\\\/lidingo\\\/var-politik\\\/trygghet\\\/#primaryimage\",\"url\":\"http:\\\/\\\/wp.kristdemokraterna.se\\\/lidingo\\\/files\\\/2022\\\/04\\\/ekonomi-scaled.jpg\",\"contentUrl\":\"http:\\\/\\\/wp.kristdemokraterna.se\\\/lidingo\\\/files\\\/2022\\\/04\\\/ekonomi-scaled.jpg\"},{\"@type\":\"BreadcrumbList\",\"@id\":\"https:\\\/\\\/wp.kristdemokraterna.se\\\/lidingo\\\/var-politik\\\/trygghet\\\/#breadcrumb\",\"itemListElement\":[{\"@type\":\"ListItem\",\"position\":1,\"name\":\"Hem\",\"item\":\"https:\\\/\\\/wp.kristdemokraterna.se\\\/lidingo\\\/\"},{\"@type\":\"ListItem\",\"position\":2,\"name\":\"V\u00e5r politik\",\"item\":\"https:\\\/\\\/wp.kristdemokraterna.se\\\/lidingo\\\/var-politik\\\/\"},{\"@type\":\"ListItem\",\"position\":3,\"name\":\"Ekonomi och skatter\"}]},{\"@type\":\"WebSite\",\"@id\":\"https:\\\/\\\/wp.kristdemokraterna.se\\\/lidingo\\\/#website\",\"url\":\"https:\\\/\\\/wp.kristdemokraterna.se\\\/lidingo\\\/\",\"name\":\"Liding\u00f6\",\"description\":\"\",\"inLanguage\":\"sv-SE\"}]}<\/script>\n<!-- \/ Yoast SEO plugin. -->","yoast_head_json":{"title":"Ekonomi och skatter - Liding\u00f6","robots":{"index":"index","follow":"follow","max-snippet":"max-snippet:-1","max-image-preview":"max-image-preview:large","max-video-preview":"max-video-preview:-1"},"canonical":"https:\/\/wp.kristdemokraterna.se\/lidingo\/var-politik\/trygghet\/","og_locale":"sv_SE","og_type":"article","og_title":"Ekonomi och skatter - Liding\u00f6","og_description":"Ekonomi i balans KD:s kommunpolitiska program kan genomf\u00f6ras inom kommunens budgetram utan behov av skatteh\u00f6jningar. Flera av f\u00f6rslagen handlar om att g\u00f6ra r\u00e4tt insatser i r\u00e4tt tid \u2013 de \u00e4r kostnadseffektiva. Den nya omsorgs- och boendekedjan, det funktionshinderpolitiska programmet och satsningen p\u00e5 elevh\u00e4lsan \u00e4r exempel p\u00e5 detta. \u00b7 Med f\u00f6rebyggande och tidigt insatta \u00e5tg\u00e4rder kan Read More","og_url":"https:\/\/wp.kristdemokraterna.se\/lidingo\/var-politik\/trygghet\/","og_site_name":"Liding\u00f6","article_modified_time":"2022-05-23T14:06:16+00:00","og_image":[{"url":"http:\/\/wp.kristdemokraterna.se\/lidingo\/files\/2022\/04\/ekonomi-scaled.jpg","type":"","width":"","height":""}],"twitter_card":"summary_large_image","twitter_misc":{"Ber\u00e4knad l\u00e4stid":"1 minut"},"schema":{"@context":"https:\/\/schema.org","@graph":[{"@type":"WebPage","@id":"https:\/\/wp.kristdemokraterna.se\/lidingo\/var-politik\/trygghet\/","url":"https:\/\/wp.kristdemokraterna.se\/lidingo\/var-politik\/trygghet\/","name":"Ekonomi och skatter - Liding\u00f6","isPartOf":{"@id":"https:\/\/wp.kristdemokraterna.se\/lidingo\/#website"},"primaryImageOfPage":{"@id":"https:\/\/wp.kristdemokraterna.se\/lidingo\/var-politik\/trygghet\/#primaryimage"},"image":{"@id":"https:\/\/wp.kristdemokraterna.se\/lidingo\/var-politik\/trygghet\/#primaryimage"},"thumbnailUrl":"http:\/\/wp.kristdemokraterna.se\/lidingo\/files\/2022\/04\/ekonomi-scaled.jpg","datePublished":"2018-06-18T22:13:47+00:00","dateModified":"2022-05-23T14:06:16+00:00","breadcrumb":{"@id":"https:\/\/wp.kristdemokraterna.se\/lidingo\/var-politik\/trygghet\/#breadcrumb"},"inLanguage":"sv-SE","potentialAction":[{"@type":"ReadAction","target":["https:\/\/wp.kristdemokraterna.se\/lidingo\/var-politik\/trygghet\/"]}]},{"@type":"ImageObject","inLanguage":"sv-SE","@id":"https:\/\/wp.kristdemokraterna.se\/lidingo\/var-politik\/trygghet\/#primaryimage","url":"http:\/\/wp.kristdemokraterna.se\/lidingo\/files\/2022\/04\/ekonomi-scaled.jpg","contentUrl":"http:\/\/wp.kristdemokraterna.se\/lidingo\/files\/2022\/04\/ekonomi-scaled.jpg"},{"@type":"BreadcrumbList","@id":"https:\/\/wp.kristdemokraterna.se\/lidingo\/var-politik\/trygghet\/#breadcrumb","itemListElement":[{"@type":"ListItem","position":1,"name":"Hem","item":"https:\/\/wp.kristdemokraterna.se\/lidingo\/"},{"@type":"ListItem","position":2,"name":"V\u00e5r politik","item":"https:\/\/wp.kristdemokraterna.se\/lidingo\/var-politik\/"},{"@type":"ListItem","position":3,"name":"Ekonomi och skatter"}]},{"@type":"WebSite","@id":"https:\/\/wp.kristdemokraterna.se\/lidingo\/#website","url":"https:\/\/wp.kristdemokraterna.se\/lidingo\/","name":"Liding\u00f6","description":"","inLanguage":"sv-SE"}]}},"_links":{"self":[{"href":"https:\/\/wp.kristdemokraterna.se\/lidingo\/wp-json\/wp\/v2\/pages\/336","targetHints":{"allow":["GET"]}}],"collection":[{"href":"https:\/\/wp.kristdemokraterna.se\/lidingo\/wp-json\/wp\/v2\/pages"}],"about":[{"href":"https:\/\/wp.kristdemokraterna.se\/lidingo\/wp-json\/wp\/v2\/types\/page"}],"author":[{"embeddable":true,"href":"https:\/\/wp.kristdemokraterna.se\/lidingo\/wp-json\/wp\/v2\/users\/421"}],"replies":[{"embeddable":true,"href":"https:\/\/wp.kristdemokraterna.se\/lidingo\/wp-json\/wp\/v2\/comments?post=336"}],"version-history":[{"count":12,"href":"https:\/\/wp.kristdemokraterna.se\/lidingo\/wp-json\/wp\/v2\/pages\/336\/revisions"}],"predecessor-version":[{"id":672,"href":"https:\/\/wp.kristdemokraterna.se\/lidingo\/wp-json\/wp\/v2\/pages\/336\/revisions\/672"}],"up":[{"embeddable":true,"href":"https:\/\/wp.kristdemokraterna.se\/lidingo\/wp-json\/wp\/v2\/pages\/2"}],"wp:attachment":[{"href":"https:\/\/wp.kristdemokraterna.se\/lidingo\/wp-json\/wp\/v2\/media?parent=336"}],"curies":[{"name":"wp","href":"https:\/\/api.w.org\/{rel}","templated":true}]}}