{"id":340,"date":"2018-06-19T00:18:10","date_gmt":"2018-06-18T22:18:10","guid":{"rendered":"http:\/\/wp.kristdemokraterna.se\/lidingo\/?page_id=340"},"modified":"2022-05-23T16:01:00","modified_gmt":"2022-05-23T14:01:00","slug":"ekonomi-och-skatter","status":"publish","type":"page","link":"https:\/\/wp.kristdemokraterna.se\/lidingo\/var-politik\/ekonomi-och-skatter\/","title":{"rendered":"F\u00f6retagande och n\u00e4ringsliv"},"content":{"rendered":"<h3><span style=\"color: #015ea1\">F\u00f6retagande och n\u00e4ringsliv<\/span><\/h3>\n<p><a href=\"http:\/\/wp.kristdemokraterna.se\/lidingo\/files\/2022\/04\/naringsliv-scaled.jpg\"><img loading=\"lazy\" decoding=\"async\" class=\"alignnone wp-image-593\" src=\"http:\/\/wp.kristdemokraterna.se\/lidingo\/files\/2022\/04\/naringsliv-scaled.jpg\" alt=\"\" width=\"258\" height=\"172\" srcset=\"https:\/\/wp.kristdemokraterna.se\/lidingo\/files\/2022\/04\/naringsliv-scaled.jpg 2560w, https:\/\/wp.kristdemokraterna.se\/lidingo\/files\/2022\/04\/naringsliv-300x200.jpg 300w, https:\/\/wp.kristdemokraterna.se\/lidingo\/files\/2022\/04\/naringsliv-1024x683.jpg 1024w, https:\/\/wp.kristdemokraterna.se\/lidingo\/files\/2022\/04\/naringsliv-768x512.jpg 768w, https:\/\/wp.kristdemokraterna.se\/lidingo\/files\/2022\/04\/naringsliv-1536x1024.jpg 1536w, https:\/\/wp.kristdemokraterna.se\/lidingo\/files\/2022\/04\/naringsliv-2048x1365.jpg 2048w, https:\/\/wp.kristdemokraterna.se\/lidingo\/files\/2022\/04\/naringsliv-370x247.jpg 370w, https:\/\/wp.kristdemokraterna.se\/lidingo\/files\/2022\/04\/naringsliv-770x513.jpg 770w, https:\/\/wp.kristdemokraterna.se\/lidingo\/files\/2022\/04\/naringsliv-450x300.jpg 450w, https:\/\/wp.kristdemokraterna.se\/lidingo\/files\/2022\/04\/naringsliv-280x187.jpg 280w, https:\/\/wp.kristdemokraterna.se\/lidingo\/files\/2022\/04\/naringsliv-340x227.jpg 340w, https:\/\/wp.kristdemokraterna.se\/lidingo\/files\/2022\/04\/naringsliv-200x133.jpg 200w, https:\/\/wp.kristdemokraterna.se\/lidingo\/files\/2022\/04\/naringsliv-84x56.jpg 84w\" sizes=\"auto, (max-width: 258px) 100vw, 258px\" \/><\/a><\/p>\n<p>Ett aktivt och livskraftigt n\u00e4ringsliv utg\u00f6r grunden f\u00f6r den kommunala verksamheten. Det skapar arbeten som resulterar i skatter till v\u00e5r gemensamma v\u00e4lf\u00e4rd. Ett n\u00e4ra samarbete med Liding\u00f6 n\u00e4ringsliv \u00e4r d\u00e4rf\u00f6r viktigt. Det offentliga ska aldrig styra, utan st\u00f6dja nya id\u00e9er och entrepren\u00f6rer. Vi vill nu utveckla konceptet med den s\u00e5 kallade 15-minutersstaden tillsammans med n\u00e4ringslivet. Fler ska kunna stanna p\u00e5 \u00f6n b\u00e5de f\u00f6r att arbeta och handla. Under den kommande mandatperioden vill KD g\u00f6ra f\u00f6ljande satsningar<\/p>\n<ul>\n<li>Arbeta tillsammans med Liding\u00f6 n\u00e4ringsliv kring konceptet \u201d15 minuters staden\u201d<\/li>\n<li>Skapa ett trevligt str\u00e5k l\u00e4ngs Stockholmsv\u00e4gen med caf\u00e9er, restarunger, butiker och m\u00f6tesplatser (co-working spaces)<\/li>\n<li>\u00d6ppna ett tillg\u00e4ngligt och kostnadsfritt WI-FI i Liding\u00f6 centrum.<\/li>\n<li>Upprusta och utveckla \u00f6ns n\u00e4rcentra<\/li>\n<li>Uppl\u00e5ta mark till sm\u00e5skalig industri i Stockby<\/li>\n<\/ul>\n<p>&nbsp;<\/p>\n<h2><span style=\"color: #015ea1\"><em>Kristdemokraterna Liding\u00f6\u2013 Vi g\u00f6r det b\u00e4ttre!<\/em><\/span><\/h2>\n<p>&nbsp;<\/p>\n","protected":false},"excerpt":{"rendered":"<p>F\u00f6retagande och n\u00e4ringsliv Ett aktivt och livskraftigt n\u00e4ringsliv utg\u00f6r grunden f\u00f6r den kommunala verksamheten. Det skapar arbeten som resulterar i skatter till v\u00e5r gemensamma v\u00e4lf\u00e4rd. Ett n\u00e4ra samarbete med Liding\u00f6 n\u00e4ringsliv \u00e4r d\u00e4rf\u00f6r viktigt. Det offentliga ska aldrig styra, utan st\u00f6dja nya id\u00e9er och entrepren\u00f6rer. Vi vill nu utveckla konceptet med den s\u00e5 kallade 15-minutersstaden <a class=\"read-more-link\" href=\"https:\/\/wp.kristdemokraterna.se\/lidingo\/var-politik\/ekonomi-och-skatter\/\">Read More<\/a><\/p>\n","protected":false},"author":421,"featured_media":0,"parent":2,"menu_order":10,"comment_status":"closed","ping_status":"closed","template":"","meta":{"_acf_changed":false,"footnotes":""},"class_list":["post-340","page","type-page","status-publish","hentry"],"acf":[],"yoast_head":"<!-- This site is optimized with the Yoast SEO plugin v27.4 - https:\/\/yoast.com\/product\/yoast-seo-wordpress\/ -->\n<title>F\u00f6retagande och n\u00e4ringsliv - Liding\u00f6<\/title>\n<meta name=\"robots\" content=\"index, follow, max-snippet:-1, max-image-preview:large, max-video-preview:-1\" \/>\n<link rel=\"canonical\" href=\"https:\/\/wp.kristdemokraterna.se\/lidingo\/var-politik\/ekonomi-och-skatter\/\" \/>\n<meta property=\"og:locale\" content=\"sv_SE\" \/>\n<meta property=\"og:type\" content=\"article\" \/>\n<meta property=\"og:title\" content=\"F\u00f6retagande och n\u00e4ringsliv - Liding\u00f6\" \/>\n<meta property=\"og:description\" content=\"F\u00f6retagande och n\u00e4ringsliv Ett aktivt och livskraftigt n\u00e4ringsliv utg\u00f6r grunden f\u00f6r den kommunala verksamheten. Det skapar arbeten som resulterar i skatter till v\u00e5r gemensamma v\u00e4lf\u00e4rd. Ett n\u00e4ra samarbete med Liding\u00f6 n\u00e4ringsliv \u00e4r d\u00e4rf\u00f6r viktigt. Det offentliga ska aldrig styra, utan st\u00f6dja nya id\u00e9er och entrepren\u00f6rer. Vi vill nu utveckla konceptet med den s\u00e5 kallade 15-minutersstaden Read More\" \/>\n<meta property=\"og:url\" content=\"https:\/\/wp.kristdemokraterna.se\/lidingo\/var-politik\/ekonomi-och-skatter\/\" \/>\n<meta property=\"og:site_name\" content=\"Liding\u00f6\" \/>\n<meta property=\"article:modified_time\" content=\"2022-05-23T14:01:00+00:00\" \/>\n<meta property=\"og:image\" content=\"http:\/\/wp.kristdemokraterna.se\/lidingo\/files\/2022\/04\/naringsliv-scaled.jpg\" \/>\n<meta name=\"twitter:card\" content=\"summary_large_image\" \/>\n<meta name=\"twitter:label1\" content=\"Ber\u00e4knad l\u00e4stid\" \/>\n\t<meta name=\"twitter:data1\" content=\"1 minut\" \/>\n<script type=\"application\/ld+json\" class=\"yoast-schema-graph\">{\"@context\":\"https:\\\/\\\/schema.org\",\"@graph\":[{\"@type\":\"WebPage\",\"@id\":\"https:\\\/\\\/wp.kristdemokraterna.se\\\/lidingo\\\/var-politik\\\/ekonomi-och-skatter\\\/\",\"url\":\"https:\\\/\\\/wp.kristdemokraterna.se\\\/lidingo\\\/var-politik\\\/ekonomi-och-skatter\\\/\",\"name\":\"F\u00f6retagande och n\u00e4ringsliv - Liding\u00f6\",\"isPartOf\":{\"@id\":\"https:\\\/\\\/wp.kristdemokraterna.se\\\/lidingo\\\/#website\"},\"primaryImageOfPage\":{\"@id\":\"https:\\\/\\\/wp.kristdemokraterna.se\\\/lidingo\\\/var-politik\\\/ekonomi-och-skatter\\\/#primaryimage\"},\"image\":{\"@id\":\"https:\\\/\\\/wp.kristdemokraterna.se\\\/lidingo\\\/var-politik\\\/ekonomi-och-skatter\\\/#primaryimage\"},\"thumbnailUrl\":\"http:\\\/\\\/wp.kristdemokraterna.se\\\/lidingo\\\/files\\\/2022\\\/04\\\/naringsliv-scaled.jpg\",\"datePublished\":\"2018-06-18T22:18:10+00:00\",\"dateModified\":\"2022-05-23T14:01:00+00:00\",\"breadcrumb\":{\"@id\":\"https:\\\/\\\/wp.kristdemokraterna.se\\\/lidingo\\\/var-politik\\\/ekonomi-och-skatter\\\/#breadcrumb\"},\"inLanguage\":\"sv-SE\",\"potentialAction\":[{\"@type\":\"ReadAction\",\"target\":[\"https:\\\/\\\/wp.kristdemokraterna.se\\\/lidingo\\\/var-politik\\\/ekonomi-och-skatter\\\/\"]}]},{\"@type\":\"ImageObject\",\"inLanguage\":\"sv-SE\",\"@id\":\"https:\\\/\\\/wp.kristdemokraterna.se\\\/lidingo\\\/var-politik\\\/ekonomi-och-skatter\\\/#primaryimage\",\"url\":\"http:\\\/\\\/wp.kristdemokraterna.se\\\/lidingo\\\/files\\\/2022\\\/04\\\/naringsliv-scaled.jpg\",\"contentUrl\":\"http:\\\/\\\/wp.kristdemokraterna.se\\\/lidingo\\\/files\\\/2022\\\/04\\\/naringsliv-scaled.jpg\"},{\"@type\":\"BreadcrumbList\",\"@id\":\"https:\\\/\\\/wp.kristdemokraterna.se\\\/lidingo\\\/var-politik\\\/ekonomi-och-skatter\\\/#breadcrumb\",\"itemListElement\":[{\"@type\":\"ListItem\",\"position\":1,\"name\":\"Hem\",\"item\":\"https:\\\/\\\/wp.kristdemokraterna.se\\\/lidingo\\\/\"},{\"@type\":\"ListItem\",\"position\":2,\"name\":\"V\u00e5r politik\",\"item\":\"https:\\\/\\\/wp.kristdemokraterna.se\\\/lidingo\\\/var-politik\\\/\"},{\"@type\":\"ListItem\",\"position\":3,\"name\":\"F\u00f6retagande och n\u00e4ringsliv\"}]},{\"@type\":\"WebSite\",\"@id\":\"https:\\\/\\\/wp.kristdemokraterna.se\\\/lidingo\\\/#website\",\"url\":\"https:\\\/\\\/wp.kristdemokraterna.se\\\/lidingo\\\/\",\"name\":\"Liding\u00f6\",\"description\":\"\",\"inLanguage\":\"sv-SE\"}]}<\/script>\n<!-- \/ Yoast SEO plugin. -->","yoast_head_json":{"title":"F\u00f6retagande och n\u00e4ringsliv - Liding\u00f6","robots":{"index":"index","follow":"follow","max-snippet":"max-snippet:-1","max-image-preview":"max-image-preview:large","max-video-preview":"max-video-preview:-1"},"canonical":"https:\/\/wp.kristdemokraterna.se\/lidingo\/var-politik\/ekonomi-och-skatter\/","og_locale":"sv_SE","og_type":"article","og_title":"F\u00f6retagande och n\u00e4ringsliv - Liding\u00f6","og_description":"F\u00f6retagande och n\u00e4ringsliv Ett aktivt och livskraftigt n\u00e4ringsliv utg\u00f6r grunden f\u00f6r den kommunala verksamheten. Det skapar arbeten som resulterar i skatter till v\u00e5r gemensamma v\u00e4lf\u00e4rd. Ett n\u00e4ra samarbete med Liding\u00f6 n\u00e4ringsliv \u00e4r d\u00e4rf\u00f6r viktigt. Det offentliga ska aldrig styra, utan st\u00f6dja nya id\u00e9er och entrepren\u00f6rer. Vi vill nu utveckla konceptet med den s\u00e5 kallade 15-minutersstaden Read More","og_url":"https:\/\/wp.kristdemokraterna.se\/lidingo\/var-politik\/ekonomi-och-skatter\/","og_site_name":"Liding\u00f6","article_modified_time":"2022-05-23T14:01:00+00:00","og_image":[{"url":"http:\/\/wp.kristdemokraterna.se\/lidingo\/files\/2022\/04\/naringsliv-scaled.jpg","type":"","width":"","height":""}],"twitter_card":"summary_large_image","twitter_misc":{"Ber\u00e4knad l\u00e4stid":"1 minut"},"schema":{"@context":"https:\/\/schema.org","@graph":[{"@type":"WebPage","@id":"https:\/\/wp.kristdemokraterna.se\/lidingo\/var-politik\/ekonomi-och-skatter\/","url":"https:\/\/wp.kristdemokraterna.se\/lidingo\/var-politik\/ekonomi-och-skatter\/","name":"F\u00f6retagande och n\u00e4ringsliv - Liding\u00f6","isPartOf":{"@id":"https:\/\/wp.kristdemokraterna.se\/lidingo\/#website"},"primaryImageOfPage":{"@id":"https:\/\/wp.kristdemokraterna.se\/lidingo\/var-politik\/ekonomi-och-skatter\/#primaryimage"},"image":{"@id":"https:\/\/wp.kristdemokraterna.se\/lidingo\/var-politik\/ekonomi-och-skatter\/#primaryimage"},"thumbnailUrl":"http:\/\/wp.kristdemokraterna.se\/lidingo\/files\/2022\/04\/naringsliv-scaled.jpg","datePublished":"2018-06-18T22:18:10+00:00","dateModified":"2022-05-23T14:01:00+00:00","breadcrumb":{"@id":"https:\/\/wp.kristdemokraterna.se\/lidingo\/var-politik\/ekonomi-och-skatter\/#breadcrumb"},"inLanguage":"sv-SE","potentialAction":[{"@type":"ReadAction","target":["https:\/\/wp.kristdemokraterna.se\/lidingo\/var-politik\/ekonomi-och-skatter\/"]}]},{"@type":"ImageObject","inLanguage":"sv-SE","@id":"https:\/\/wp.kristdemokraterna.se\/lidingo\/var-politik\/ekonomi-och-skatter\/#primaryimage","url":"http:\/\/wp.kristdemokraterna.se\/lidingo\/files\/2022\/04\/naringsliv-scaled.jpg","contentUrl":"http:\/\/wp.kristdemokraterna.se\/lidingo\/files\/2022\/04\/naringsliv-scaled.jpg"},{"@type":"BreadcrumbList","@id":"https:\/\/wp.kristdemokraterna.se\/lidingo\/var-politik\/ekonomi-och-skatter\/#breadcrumb","itemListElement":[{"@type":"ListItem","position":1,"name":"Hem","item":"https:\/\/wp.kristdemokraterna.se\/lidingo\/"},{"@type":"ListItem","position":2,"name":"V\u00e5r politik","item":"https:\/\/wp.kristdemokraterna.se\/lidingo\/var-politik\/"},{"@type":"ListItem","position":3,"name":"F\u00f6retagande och n\u00e4ringsliv"}]},{"@type":"WebSite","@id":"https:\/\/wp.kristdemokraterna.se\/lidingo\/#website","url":"https:\/\/wp.kristdemokraterna.se\/lidingo\/","name":"Liding\u00f6","description":"","inLanguage":"sv-SE"}]}},"_links":{"self":[{"href":"https:\/\/wp.kristdemokraterna.se\/lidingo\/wp-json\/wp\/v2\/pages\/340","targetHints":{"allow":["GET"]}}],"collection":[{"href":"https:\/\/wp.kristdemokraterna.se\/lidingo\/wp-json\/wp\/v2\/pages"}],"about":[{"href":"https:\/\/wp.kristdemokraterna.se\/lidingo\/wp-json\/wp\/v2\/types\/page"}],"author":[{"embeddable":true,"href":"https:\/\/wp.kristdemokraterna.se\/lidingo\/wp-json\/wp\/v2\/users\/421"}],"replies":[{"embeddable":true,"href":"https:\/\/wp.kristdemokraterna.se\/lidingo\/wp-json\/wp\/v2\/comments?post=340"}],"version-history":[{"count":6,"href":"https:\/\/wp.kristdemokraterna.se\/lidingo\/wp-json\/wp\/v2\/pages\/340\/revisions"}],"predecessor-version":[{"id":669,"href":"https:\/\/wp.kristdemokraterna.se\/lidingo\/wp-json\/wp\/v2\/pages\/340\/revisions\/669"}],"up":[{"embeddable":true,"href":"https:\/\/wp.kristdemokraterna.se\/lidingo\/wp-json\/wp\/v2\/pages\/2"}],"wp:attachment":[{"href":"https:\/\/wp.kristdemokraterna.se\/lidingo\/wp-json\/wp\/v2\/media?parent=340"}],"curies":[{"name":"wp","href":"https:\/\/api.w.org\/{rel}","templated":true}]}}