{"id":46,"date":"2014-08-14T14:43:56","date_gmt":"2014-08-14T12:43:56","guid":{"rendered":"http:\/\/wp.kristdemokraterna.se\/lidingo\/?page_id=46"},"modified":"2024-11-25T20:03:22","modified_gmt":"2024-11-25T19:03:22","slug":"carl-johan-schiller","status":"publish","type":"page","link":"https:\/\/wp.kristdemokraterna.se\/lidingo\/carl-johan-schiller\/","title":{"rendered":"Carl-Johan Schiller"},"content":{"rendered":"<p><a href=\"http:\/\/wp.kristdemokraterna.se\/lidingo\/files\/2022\/05\/carl-johan-schiller-sista.png\"><img loading=\"lazy\" decoding=\"async\" class=\"alignnone size-full wp-image-621\" src=\"http:\/\/wp.kristdemokraterna.se\/lidingo\/files\/2022\/05\/carl-johan-schiller-sista.png\" alt=\"\" width=\"1920\" height=\"1080\" srcset=\"https:\/\/wp.kristdemokraterna.se\/lidingo\/files\/2022\/05\/carl-johan-schiller-sista.png 1920w, https:\/\/wp.kristdemokraterna.se\/lidingo\/files\/2022\/05\/carl-johan-schiller-sista-300x169.png 300w, https:\/\/wp.kristdemokraterna.se\/lidingo\/files\/2022\/05\/carl-johan-schiller-sista-1024x576.png 1024w, https:\/\/wp.kristdemokraterna.se\/lidingo\/files\/2022\/05\/carl-johan-schiller-sista-768x432.png 768w, https:\/\/wp.kristdemokraterna.se\/lidingo\/files\/2022\/05\/carl-johan-schiller-sista-1536x864.png 1536w, https:\/\/wp.kristdemokraterna.se\/lidingo\/files\/2022\/05\/carl-johan-schiller-sista-356x200.png 356w, https:\/\/wp.kristdemokraterna.se\/lidingo\/files\/2022\/05\/carl-johan-schiller-sista-370x208.png 370w, https:\/\/wp.kristdemokraterna.se\/lidingo\/files\/2022\/05\/carl-johan-schiller-sista-770x433.png 770w, https:\/\/wp.kristdemokraterna.se\/lidingo\/files\/2022\/05\/carl-johan-schiller-sista-450x253.png 450w, https:\/\/wp.kristdemokraterna.se\/lidingo\/files\/2022\/05\/carl-johan-schiller-sista-280x158.png 280w, https:\/\/wp.kristdemokraterna.se\/lidingo\/files\/2022\/05\/carl-johan-schiller-sista-340x191.png 340w, https:\/\/wp.kristdemokraterna.se\/lidingo\/files\/2022\/05\/carl-johan-schiller-sista-200x113.png 200w, https:\/\/wp.kristdemokraterna.se\/lidingo\/files\/2022\/05\/carl-johan-schiller-sista-100x56.png 100w\" sizes=\"auto, (max-width: 1920px) 100vw, 1920px\" \/><\/a><\/p>\n<p class=\"x_MsoNormal\">Hej!<\/p>\n<p class=\"x_MsoNormal\">Mitt namn \u00e4r Carl-Johan Schiller och jag representerar KD som kommunalr\u00e5d och gruppledare h\u00e4r p\u00e5 Liding\u00f6.<\/p>\n<p class=\"x_MsoNormal\">Jag \u00e4r uppvuxen p\u00e5 Liding\u00f6 och bor fortfarande kvar p\u00e5 \u00f6n tillsammans med min fru och v\u00e5ra barn. Jag \u00e4r 32 \u00e5r gammal och arbetar f\u00f6r att Liding\u00f6 ska bli en tryggare \u00f6 med f\u00f6rsiktig byggpolitik, b\u00e4ttre \u00e4ldreomsorg och f\u00f6r att Liding\u00f6 stad ska ta ett st\u00f6rre milj\u00f6ansvar. Att v\u00e4rna v\u00e5ra stora gr\u00f6nomr\u00e5den \u00e4r mycket viktigt.<\/p>\n<p class=\"x_MsoNormal\">Att bo p\u00e5 Liding\u00f6 har f\u00f6r mig alltid varit en sj\u00e4lvklarhet. Det som har lockat mig och m\u00e5nga andra till v\u00e5r \u00f6 \u00e4r den vackra naturen, bra och snabba kommunikationer in till Stockholm, h\u00f6gpresterande skolor och ett blomstrande f\u00f6reningsliv f\u00f6r att n\u00e4mna n\u00e5gra exempel. Jag vill arbeta f\u00f6r att dessa och alla andra f\u00f6rdelar med Liding\u00f6 ska finnas kvar \u00e4ven fram\u00f6ver s\u00e5 att \u00e4ven framtida generationer kan leva ett gott liv h\u00e4r.<\/p>\n<p class=\"x_MsoNormal\">En av mandatperiodens st\u00f6rsta utmaningar \u00e4r att \u00e5teruppr\u00e4tta tryggheten p\u00e5 Liding\u00f6. Jag vill arbeta f\u00f6r f\u00e4rre inbrott och att alla ska k\u00e4nna sig trygga att vistas ute dygnet runt. D\u00e4rf\u00f6r har fler v\u00e4ktare anst\u00e4llts, kameror satts upp p\u00e5 Liding\u00f6banans h\u00e5llplatser och ett tiggerif\u00f6rbud inf\u00f6rts.<\/p>\n<p class=\"x_MsoNormal\">Skolan, \u00e4ldreomsorgen och st\u00f6det till dem som beh\u00f6ver hj\u00e4lp, \u00e4r viktigare \u00e4n kommunala prestigeprojekt. D\u00e4rf\u00f6r har vi Kristdemokrater alltid prioriterat kommunens k\u00e4rnverksamheter f\u00f6rst.<\/p>\n<p class=\"x_MsoNormal\">Om du \u00e4r nyfiken p\u00e5 oss i KD eller har f\u00f6rslag om hur Liding\u00f6 kan bli \u00e4nnu b\u00e4ttre, h\u00f6r g\u00e4rna av dig!<\/p>\n<p class=\"x_MsoNormal\">Med v\u00e4nlig h\u00e4lsning,<\/p>\n<p class=\"x_MsoNormal\">Carl-Johan Schiller<\/p>\n<p class=\"x_MsoNormal\"><span lang=\"EN-US\">Tel: 0761 87 83 30<\/span><\/p>\n<p class=\"x_MsoNormal\"><span lang=\"EN-US\">Mail: carl-johan.schiller@lidingo.se<\/span><\/p>\n","protected":false},"excerpt":{"rendered":"<p>Hej! Mitt namn \u00e4r Carl-Johan Schiller och jag representerar KD som kommunalr\u00e5d och gruppledare h\u00e4r p\u00e5 Liding\u00f6. Jag \u00e4r uppvuxen p\u00e5 Liding\u00f6 och bor fortfarande kvar p\u00e5 \u00f6n tillsammans med min fru och v\u00e5ra barn. Jag \u00e4r 32 \u00e5r gammal och arbetar f\u00f6r att Liding\u00f6 ska bli en tryggare \u00f6 med f\u00f6rsiktig byggpolitik, b\u00e4ttre \u00e4ldreomsorg <a class=\"read-more-link\" href=\"https:\/\/wp.kristdemokraterna.se\/lidingo\/carl-johan-schiller\/\">Read More<\/a><\/p>\n","protected":false},"author":421,"featured_media":0,"parent":0,"menu_order":0,"comment_status":"closed","ping_status":"closed","template":"","meta":{"_acf_changed":false,"footnotes":""},"class_list":["post-46","page","type-page","status-publish","hentry"],"acf":[],"yoast_head":"<!-- This site is optimized with the Yoast SEO plugin v27.3 - https:\/\/yoast.com\/product\/yoast-seo-wordpress\/ -->\n<title>Carl-Johan Schiller - Liding\u00f6<\/title>\n<meta name=\"robots\" content=\"index, follow, max-snippet:-1, max-image-preview:large, max-video-preview:-1\" \/>\n<link rel=\"canonical\" href=\"https:\/\/wp.kristdemokraterna.se\/lidingo\/carl-johan-schiller\/\" \/>\n<meta property=\"og:locale\" content=\"sv_SE\" \/>\n<meta property=\"og:type\" content=\"article\" \/>\n<meta property=\"og:title\" content=\"Carl-Johan Schiller - Liding\u00f6\" \/>\n<meta property=\"og:description\" content=\"Hej! Mitt namn \u00e4r Carl-Johan Schiller och jag representerar KD som kommunalr\u00e5d och gruppledare h\u00e4r p\u00e5 Liding\u00f6. Jag \u00e4r uppvuxen p\u00e5 Liding\u00f6 och bor fortfarande kvar p\u00e5 \u00f6n tillsammans med min fru och v\u00e5ra barn. Jag \u00e4r 32 \u00e5r gammal och arbetar f\u00f6r att Liding\u00f6 ska bli en tryggare \u00f6 med f\u00f6rsiktig byggpolitik, b\u00e4ttre \u00e4ldreomsorg Read More\" \/>\n<meta property=\"og:url\" content=\"https:\/\/wp.kristdemokraterna.se\/lidingo\/carl-johan-schiller\/\" \/>\n<meta property=\"og:site_name\" content=\"Liding\u00f6\" \/>\n<meta property=\"article:modified_time\" content=\"2024-11-25T19:03:22+00:00\" \/>\n<meta property=\"og:image\" content=\"https:\/\/wp.kristdemokraterna.se\/lidingo\/files\/2022\/05\/carl-johan-schiller-sista-1024x576.png\" \/>\n\t<meta property=\"og:image:width\" content=\"1024\" \/>\n\t<meta property=\"og:image:height\" content=\"576\" \/>\n\t<meta property=\"og:image:type\" content=\"image\/png\" \/>\n<meta name=\"twitter:card\" content=\"summary_large_image\" \/>\n<meta name=\"twitter:label1\" content=\"Ber\u00e4knad l\u00e4stid\" \/>\n\t<meta name=\"twitter:data1\" content=\"1 minut\" \/>\n<script type=\"application\/ld+json\" class=\"yoast-schema-graph\">{\"@context\":\"https:\\\/\\\/schema.org\",\"@graph\":[{\"@type\":\"WebPage\",\"@id\":\"https:\\\/\\\/wp.kristdemokraterna.se\\\/lidingo\\\/carl-johan-schiller\\\/\",\"url\":\"https:\\\/\\\/wp.kristdemokraterna.se\\\/lidingo\\\/carl-johan-schiller\\\/\",\"name\":\"Carl-Johan Schiller - Liding\u00f6\",\"isPartOf\":{\"@id\":\"https:\\\/\\\/wp.kristdemokraterna.se\\\/lidingo\\\/#website\"},\"primaryImageOfPage\":{\"@id\":\"https:\\\/\\\/wp.kristdemokraterna.se\\\/lidingo\\\/carl-johan-schiller\\\/#primaryimage\"},\"image\":{\"@id\":\"https:\\\/\\\/wp.kristdemokraterna.se\\\/lidingo\\\/carl-johan-schiller\\\/#primaryimage\"},\"thumbnailUrl\":\"http:\\\/\\\/wp.kristdemokraterna.se\\\/lidingo\\\/files\\\/2022\\\/05\\\/carl-johan-schiller-sista.png\",\"datePublished\":\"2014-08-14T12:43:56+00:00\",\"dateModified\":\"2024-11-25T19:03:22+00:00\",\"breadcrumb\":{\"@id\":\"https:\\\/\\\/wp.kristdemokraterna.se\\\/lidingo\\\/carl-johan-schiller\\\/#breadcrumb\"},\"inLanguage\":\"sv-SE\",\"potentialAction\":[{\"@type\":\"ReadAction\",\"target\":[\"https:\\\/\\\/wp.kristdemokraterna.se\\\/lidingo\\\/carl-johan-schiller\\\/\"]}]},{\"@type\":\"ImageObject\",\"inLanguage\":\"sv-SE\",\"@id\":\"https:\\\/\\\/wp.kristdemokraterna.se\\\/lidingo\\\/carl-johan-schiller\\\/#primaryimage\",\"url\":\"http:\\\/\\\/wp.kristdemokraterna.se\\\/lidingo\\\/files\\\/2022\\\/05\\\/carl-johan-schiller-sista.png\",\"contentUrl\":\"http:\\\/\\\/wp.kristdemokraterna.se\\\/lidingo\\\/files\\\/2022\\\/05\\\/carl-johan-schiller-sista.png\"},{\"@type\":\"BreadcrumbList\",\"@id\":\"https:\\\/\\\/wp.kristdemokraterna.se\\\/lidingo\\\/carl-johan-schiller\\\/#breadcrumb\",\"itemListElement\":[{\"@type\":\"ListItem\",\"position\":1,\"name\":\"Hem\",\"item\":\"https:\\\/\\\/wp.kristdemokraterna.se\\\/lidingo\\\/\"},{\"@type\":\"ListItem\",\"position\":2,\"name\":\"Carl-Johan Schiller\"}]},{\"@type\":\"WebSite\",\"@id\":\"https:\\\/\\\/wp.kristdemokraterna.se\\\/lidingo\\\/#website\",\"url\":\"https:\\\/\\\/wp.kristdemokraterna.se\\\/lidingo\\\/\",\"name\":\"Liding\u00f6\",\"description\":\"\",\"inLanguage\":\"sv-SE\"}]}<\/script>\n<!-- \/ Yoast SEO plugin. -->","yoast_head_json":{"title":"Carl-Johan Schiller - Liding\u00f6","robots":{"index":"index","follow":"follow","max-snippet":"max-snippet:-1","max-image-preview":"max-image-preview:large","max-video-preview":"max-video-preview:-1"},"canonical":"https:\/\/wp.kristdemokraterna.se\/lidingo\/carl-johan-schiller\/","og_locale":"sv_SE","og_type":"article","og_title":"Carl-Johan Schiller - Liding\u00f6","og_description":"Hej! Mitt namn \u00e4r Carl-Johan Schiller och jag representerar KD som kommunalr\u00e5d och gruppledare h\u00e4r p\u00e5 Liding\u00f6. Jag \u00e4r uppvuxen p\u00e5 Liding\u00f6 och bor fortfarande kvar p\u00e5 \u00f6n tillsammans med min fru och v\u00e5ra barn. Jag \u00e4r 32 \u00e5r gammal och arbetar f\u00f6r att Liding\u00f6 ska bli en tryggare \u00f6 med f\u00f6rsiktig byggpolitik, b\u00e4ttre \u00e4ldreomsorg Read More","og_url":"https:\/\/wp.kristdemokraterna.se\/lidingo\/carl-johan-schiller\/","og_site_name":"Liding\u00f6","article_modified_time":"2024-11-25T19:03:22+00:00","og_image":[{"width":1024,"height":576,"url":"https:\/\/wp.kristdemokraterna.se\/lidingo\/files\/2022\/05\/carl-johan-schiller-sista-1024x576.png","type":"image\/png"}],"twitter_card":"summary_large_image","twitter_misc":{"Ber\u00e4knad l\u00e4stid":"1 minut"},"schema":{"@context":"https:\/\/schema.org","@graph":[{"@type":"WebPage","@id":"https:\/\/wp.kristdemokraterna.se\/lidingo\/carl-johan-schiller\/","url":"https:\/\/wp.kristdemokraterna.se\/lidingo\/carl-johan-schiller\/","name":"Carl-Johan Schiller - Liding\u00f6","isPartOf":{"@id":"https:\/\/wp.kristdemokraterna.se\/lidingo\/#website"},"primaryImageOfPage":{"@id":"https:\/\/wp.kristdemokraterna.se\/lidingo\/carl-johan-schiller\/#primaryimage"},"image":{"@id":"https:\/\/wp.kristdemokraterna.se\/lidingo\/carl-johan-schiller\/#primaryimage"},"thumbnailUrl":"http:\/\/wp.kristdemokraterna.se\/lidingo\/files\/2022\/05\/carl-johan-schiller-sista.png","datePublished":"2014-08-14T12:43:56+00:00","dateModified":"2024-11-25T19:03:22+00:00","breadcrumb":{"@id":"https:\/\/wp.kristdemokraterna.se\/lidingo\/carl-johan-schiller\/#breadcrumb"},"inLanguage":"sv-SE","potentialAction":[{"@type":"ReadAction","target":["https:\/\/wp.kristdemokraterna.se\/lidingo\/carl-johan-schiller\/"]}]},{"@type":"ImageObject","inLanguage":"sv-SE","@id":"https:\/\/wp.kristdemokraterna.se\/lidingo\/carl-johan-schiller\/#primaryimage","url":"http:\/\/wp.kristdemokraterna.se\/lidingo\/files\/2022\/05\/carl-johan-schiller-sista.png","contentUrl":"http:\/\/wp.kristdemokraterna.se\/lidingo\/files\/2022\/05\/carl-johan-schiller-sista.png"},{"@type":"BreadcrumbList","@id":"https:\/\/wp.kristdemokraterna.se\/lidingo\/carl-johan-schiller\/#breadcrumb","itemListElement":[{"@type":"ListItem","position":1,"name":"Hem","item":"https:\/\/wp.kristdemokraterna.se\/lidingo\/"},{"@type":"ListItem","position":2,"name":"Carl-Johan Schiller"}]},{"@type":"WebSite","@id":"https:\/\/wp.kristdemokraterna.se\/lidingo\/#website","url":"https:\/\/wp.kristdemokraterna.se\/lidingo\/","name":"Liding\u00f6","description":"","inLanguage":"sv-SE"}]}},"_links":{"self":[{"href":"https:\/\/wp.kristdemokraterna.se\/lidingo\/wp-json\/wp\/v2\/pages\/46","targetHints":{"allow":["GET"]}}],"collection":[{"href":"https:\/\/wp.kristdemokraterna.se\/lidingo\/wp-json\/wp\/v2\/pages"}],"about":[{"href":"https:\/\/wp.kristdemokraterna.se\/lidingo\/wp-json\/wp\/v2\/types\/page"}],"author":[{"embeddable":true,"href":"https:\/\/wp.kristdemokraterna.se\/lidingo\/wp-json\/wp\/v2\/users\/421"}],"replies":[{"embeddable":true,"href":"https:\/\/wp.kristdemokraterna.se\/lidingo\/wp-json\/wp\/v2\/comments?post=46"}],"version-history":[{"count":14,"href":"https:\/\/wp.kristdemokraterna.se\/lidingo\/wp-json\/wp\/v2\/pages\/46\/revisions"}],"predecessor-version":[{"id":622,"href":"https:\/\/wp.kristdemokraterna.se\/lidingo\/wp-json\/wp\/v2\/pages\/46\/revisions\/622"}],"wp:attachment":[{"href":"https:\/\/wp.kristdemokraterna.se\/lidingo\/wp-json\/wp\/v2\/media?parent=46"}],"curies":[{"name":"wp","href":"https:\/\/api.w.org\/{rel}","templated":true}]}}