{"id":416,"date":"2021-01-18T18:16:46","date_gmt":"2021-01-18T17:16:46","guid":{"rendered":"http:\/\/wp.kristdemokraterna.se\/lidkoping\/?page_id=416"},"modified":"2022-07-24T23:40:26","modified_gmt":"2022-07-24T21:40:26","slug":"vara-kommunpolitiker-2018-2022","status":"publish","type":"page","link":"https:\/\/wp.kristdemokraterna.se\/lidkoping\/vara-kommunpolitiker-2018-2022\/","title":{"rendered":"V\u00e5ra kommunpolitiker 2018-2022"},"content":{"rendered":"<p><em><strong><span style=\"color: #000000\">Fullm\u00e4ktigeledam\u00f6ter:<\/span><\/strong><\/em><br style=\"color: #000000\" \/><span style=\"color: #000000\">Stefan Gustafsson, gruppledare<\/span><br style=\"color: #000000\" \/><span style=\"color: #000000\">Tommy Larsson<br \/>\n<\/span>Maj Ader<br \/>\n<br style=\"color: #000000\" \/><span style=\"color: #000000\">Ers\u00e4ttare:<\/span><br style=\"color: #000000\" \/><span style=\"color: #000000\">Carina Karlsson<br \/>\nH\u00e5kan Svensson<\/span><\/p>\n<p><em><strong>Kommunstyrelsen:<\/strong><\/em><br \/>\nSten-Eric Lager, ledamot<br \/>\nAnne-Marie Kaufmann, ers\u00e4ttare<\/p>\n<p><em><strong>Kommunstyrelsens arbetsutskott<\/strong><\/em><br \/>\nSten-Eric Lager, Ledamot<\/p>\n<p><em><strong><span style=\"color: #000000\">N\u00e4mndsledam\u00f6ter:<\/span><\/strong><\/em><br style=\"color: #000000\" \/><em><span style=\"color: #000000\">Servicen\u00e4mnden<br \/>\n<\/span><\/em><span style=\"color: #000000\">Anna Wallgren, ledamot<br \/>\nTorbj\u00f6rn Broberg, ers\u00e4ttare<\/span><\/p>\n<p><em><span style=\"color: #000000\">V\u00e5rd- och omsorgsn\u00e4mnd:<br \/>\n<\/span><\/em><span style=\"color: #000000\">Maj Ader, ledamot, 1:e vice ordf\u00f6rande<br \/>\nAnn-Charlotte Edvinsson, ers\u00e4ttare<\/span><\/p>\n<p><em><span style=\"color: #000000\">Barn- och skoln\u00e4mnd:<\/span><\/em><br style=\"color: #000000\" \/><span style=\"color: #000000\">Thomas Jansson, ledamot<br \/>\nMolina Djup, ers\u00e4ttare<\/span><\/p>\n<p><em><span style=\"color: #000000\">Utbildnings- och arbetsmarknadsn\u00e4mnd:<\/span><\/em><br style=\"color: #000000\" \/><span style=\"color: #000000\">Anne-Marie Kaufmann, ledamot<br \/>\n<\/span>Stefan Gustafsson, ers\u00e4ttare<\/p>\n<p><em><span style=\"color: #000000\">Socialn\u00e4mnd:<\/span><\/em><br style=\"color: #000000\" \/><span style=\"color: #000000\">Tommy Larsson, ordf\u00f6rande<br \/>\n<\/span>Anna-Carin Lager, ers\u00e4ttare<\/p>\n<p><em><span style=\"color: #000000\">Kultur- \u00a0och fritidsn\u00e4mnd:<\/span><\/em><br style=\"color: #000000\" \/><span style=\"color: #000000\">Mikael Kaufmann, ledamot<br \/>\n<\/span>Patrik Keihag, ers\u00e4ttare<\/p>\n<p><em><span style=\"color: #000000\">Teknisk servicen\u00e4mnd:\u00a0<\/span><\/em><br style=\"color: #000000\" \/><span style=\"color: #000000\">David S\u00f6derberg Erdal, 1:e vice ordf\u00f6rande<\/span><\/p>\n<p><em><span style=\"color: #000000\">Samh\u00e4llsbyggnadsn\u00e4mnd:<\/span><\/em><br style=\"color: #000000\" \/><span style=\"color: #000000\">Sten-Eric Lager, ledamot<br \/>\n<\/span>Maria Edstr\u00f6m, ers\u00e4ttare<\/p>\n<p><em><span style=\"color: #000000\">Milj\u00f6- och byggn\u00e4mnd:<\/span><\/em><br style=\"color: #000000\" \/><span style=\"color: #000000\">Jerry Nyberg, ledamot<\/span><br style=\"color: #000000\" \/><br style=\"color: #000000\" \/><em>R\u00e4ddningsn\u00e4mnden V\u00e4stra Skaraborg:<\/em><br \/>\nJerry Nyberg, ledamot<\/p>\n<p><em>\u00d6verf\u00f6rmyndarn\u00e4mnd:<\/em><br \/>\nMaj Ader, ers\u00e4ttare<\/p>\n<p><em>Valn\u00e4mnden:<\/em><br \/>\nH\u00e5kan Svensson, ledamot<\/p>\n<p><em><strong><span style=\"color: #000000\">\u00d6vriga kommunala uppdrag:<\/span><\/strong><\/em><br style=\"color: #000000\" \/><span style=\"color: #000000\">Revisor, Yngve Nordenstam<br \/>\n<\/span>Lidk\u00f6ping Energi AB, Sten-Eric Lager, ledamot<br \/>\nLidk\u00f6ping\/Hovby Flygplats AB, Sten-Eric Lager, ledamot<br \/>\nAB Bost\u00e4der, Jerry Nyberg, ledamot<br \/>\nLidk\u00f6pings N\u00e4ringslivsfastigheter AB, Gustav Bobeck, ledamot<br \/>\nLidk\u00f6pings N\u00e4ringslivsfastigheter AB, Gunnar Nilsson, ers\u00e4ttare<\/p>\n","protected":false},"excerpt":{"rendered":"<p>Fullm\u00e4ktigeledam\u00f6ter:Stefan Gustafsson, gruppledareTommy Larsson Maj Ader Ers\u00e4ttare:Carina Karlsson H\u00e5kan Svensson Kommunstyrelsen: Sten-Eric Lager, ledamot Anne-Marie Kaufmann, ers\u00e4ttare Kommunstyrelsens arbetsutskott Sten-Eric Lager, Ledamot N\u00e4mndsledam\u00f6ter:Servicen\u00e4mnden Anna Wallgren, ledamot Torbj\u00f6rn Broberg, ers\u00e4ttare V\u00e5rd- och omsorgsn\u00e4mnd: Maj Ader, ledamot, 1:e vice ordf\u00f6rande Ann-Charlotte Edvinsson, ers\u00e4ttare Barn- och skoln\u00e4mnd:Thomas Jansson, ledamot Molina Djup, ers\u00e4ttare Utbildnings- och arbetsmarknadsn\u00e4mnd:Anne-Marie Kaufmann, ledamot Stefan <a class=\"read-more-link\" href=\"https:\/\/wp.kristdemokraterna.se\/lidkoping\/vara-kommunpolitiker-2018-2022\/\">Read More<\/a><\/p>\n","protected":false},"author":490,"featured_media":0,"parent":0,"menu_order":0,"comment_status":"closed","ping_status":"closed","template":"","meta":{"_acf_changed":false,"footnotes":""},"class_list":["post-416","page","type-page","status-publish","hentry"],"acf":[],"yoast_head":"<!-- This site is optimized with the Yoast SEO plugin v27.3 - https:\/\/yoast.com\/product\/yoast-seo-wordpress\/ -->\n<title>V\u00e5ra kommunpolitiker 2018-2022 - KRISTDEMOKRATERNA I LIDK\u00d6PING<\/title>\n<meta name=\"robots\" content=\"index, follow, max-snippet:-1, max-image-preview:large, max-video-preview:-1\" \/>\n<link rel=\"canonical\" href=\"https:\/\/wp.kristdemokraterna.se\/lidkoping\/vara-kommunpolitiker-2018-2022\/\" \/>\n<meta property=\"og:locale\" content=\"sv_SE\" \/>\n<meta property=\"og:type\" content=\"article\" \/>\n<meta property=\"og:title\" content=\"V\u00e5ra kommunpolitiker 2018-2022 - KRISTDEMOKRATERNA I LIDK\u00d6PING\" \/>\n<meta property=\"og:description\" content=\"Fullm\u00e4ktigeledam\u00f6ter:Stefan Gustafsson, gruppledareTommy Larsson Maj Ader Ers\u00e4ttare:Carina Karlsson H\u00e5kan Svensson Kommunstyrelsen: Sten-Eric Lager, ledamot Anne-Marie Kaufmann, ers\u00e4ttare Kommunstyrelsens arbetsutskott Sten-Eric Lager, Ledamot N\u00e4mndsledam\u00f6ter:Servicen\u00e4mnden Anna Wallgren, ledamot Torbj\u00f6rn Broberg, ers\u00e4ttare V\u00e5rd- och omsorgsn\u00e4mnd: Maj Ader, ledamot, 1:e vice ordf\u00f6rande Ann-Charlotte Edvinsson, ers\u00e4ttare Barn- och skoln\u00e4mnd:Thomas Jansson, ledamot Molina Djup, ers\u00e4ttare Utbildnings- och arbetsmarknadsn\u00e4mnd:Anne-Marie Kaufmann, ledamot Stefan Read More\" \/>\n<meta property=\"og:url\" content=\"https:\/\/wp.kristdemokraterna.se\/lidkoping\/vara-kommunpolitiker-2018-2022\/\" \/>\n<meta property=\"og:site_name\" content=\"KRISTDEMOKRATERNA I LIDK\u00d6PING\" \/>\n<meta property=\"article:modified_time\" content=\"2022-07-24T21:40:26+00:00\" \/>\n<meta name=\"twitter:card\" content=\"summary_large_image\" \/>\n<meta name=\"twitter:label1\" content=\"Ber\u00e4knad l\u00e4stid\" \/>\n\t<meta name=\"twitter:data1\" content=\"1 minut\" \/>\n<script type=\"application\/ld+json\" class=\"yoast-schema-graph\">{\"@context\":\"https:\\\/\\\/schema.org\",\"@graph\":[{\"@type\":\"WebPage\",\"@id\":\"https:\\\/\\\/wp.kristdemokraterna.se\\\/lidkoping\\\/vara-kommunpolitiker-2018-2022\\\/\",\"url\":\"https:\\\/\\\/wp.kristdemokraterna.se\\\/lidkoping\\\/vara-kommunpolitiker-2018-2022\\\/\",\"name\":\"V\u00e5ra kommunpolitiker 2018-2022 - KRISTDEMOKRATERNA I LIDK\u00d6PING\",\"isPartOf\":{\"@id\":\"https:\\\/\\\/wp.kristdemokraterna.se\\\/lidkoping\\\/#website\"},\"datePublished\":\"2021-01-18T17:16:46+00:00\",\"dateModified\":\"2022-07-24T21:40:26+00:00\",\"breadcrumb\":{\"@id\":\"https:\\\/\\\/wp.kristdemokraterna.se\\\/lidkoping\\\/vara-kommunpolitiker-2018-2022\\\/#breadcrumb\"},\"inLanguage\":\"sv-SE\",\"potentialAction\":[{\"@type\":\"ReadAction\",\"target\":[\"https:\\\/\\\/wp.kristdemokraterna.se\\\/lidkoping\\\/vara-kommunpolitiker-2018-2022\\\/\"]}]},{\"@type\":\"BreadcrumbList\",\"@id\":\"https:\\\/\\\/wp.kristdemokraterna.se\\\/lidkoping\\\/vara-kommunpolitiker-2018-2022\\\/#breadcrumb\",\"itemListElement\":[{\"@type\":\"ListItem\",\"position\":1,\"name\":\"Hem\",\"item\":\"https:\\\/\\\/wp.kristdemokraterna.se\\\/lidkoping\\\/\"},{\"@type\":\"ListItem\",\"position\":2,\"name\":\"V\u00e5ra kommunpolitiker 2018-2022\"}]},{\"@type\":\"WebSite\",\"@id\":\"https:\\\/\\\/wp.kristdemokraterna.se\\\/lidkoping\\\/#website\",\"url\":\"https:\\\/\\\/wp.kristdemokraterna.se\\\/lidkoping\\\/\",\"name\":\"KRISTDEMOKRATERNA I LIDK\u00d6PING\",\"description\":\"Kristdemokraterna Lidk\u00f6pings webbplats\",\"inLanguage\":\"sv-SE\"}]}<\/script>\n<!-- \/ Yoast SEO plugin. -->","yoast_head_json":{"title":"V\u00e5ra kommunpolitiker 2018-2022 - KRISTDEMOKRATERNA I LIDK\u00d6PING","robots":{"index":"index","follow":"follow","max-snippet":"max-snippet:-1","max-image-preview":"max-image-preview:large","max-video-preview":"max-video-preview:-1"},"canonical":"https:\/\/wp.kristdemokraterna.se\/lidkoping\/vara-kommunpolitiker-2018-2022\/","og_locale":"sv_SE","og_type":"article","og_title":"V\u00e5ra kommunpolitiker 2018-2022 - KRISTDEMOKRATERNA I LIDK\u00d6PING","og_description":"Fullm\u00e4ktigeledam\u00f6ter:Stefan Gustafsson, gruppledareTommy Larsson Maj Ader Ers\u00e4ttare:Carina Karlsson H\u00e5kan Svensson Kommunstyrelsen: Sten-Eric Lager, ledamot Anne-Marie Kaufmann, ers\u00e4ttare Kommunstyrelsens arbetsutskott Sten-Eric Lager, Ledamot N\u00e4mndsledam\u00f6ter:Servicen\u00e4mnden Anna Wallgren, ledamot Torbj\u00f6rn Broberg, ers\u00e4ttare V\u00e5rd- och omsorgsn\u00e4mnd: Maj Ader, ledamot, 1:e vice ordf\u00f6rande Ann-Charlotte Edvinsson, ers\u00e4ttare Barn- och skoln\u00e4mnd:Thomas Jansson, ledamot Molina Djup, ers\u00e4ttare Utbildnings- och arbetsmarknadsn\u00e4mnd:Anne-Marie Kaufmann, ledamot Stefan Read More","og_url":"https:\/\/wp.kristdemokraterna.se\/lidkoping\/vara-kommunpolitiker-2018-2022\/","og_site_name":"KRISTDEMOKRATERNA I LIDK\u00d6PING","article_modified_time":"2022-07-24T21:40:26+00:00","twitter_card":"summary_large_image","twitter_misc":{"Ber\u00e4knad l\u00e4stid":"1 minut"},"schema":{"@context":"https:\/\/schema.org","@graph":[{"@type":"WebPage","@id":"https:\/\/wp.kristdemokraterna.se\/lidkoping\/vara-kommunpolitiker-2018-2022\/","url":"https:\/\/wp.kristdemokraterna.se\/lidkoping\/vara-kommunpolitiker-2018-2022\/","name":"V\u00e5ra kommunpolitiker 2018-2022 - KRISTDEMOKRATERNA I LIDK\u00d6PING","isPartOf":{"@id":"https:\/\/wp.kristdemokraterna.se\/lidkoping\/#website"},"datePublished":"2021-01-18T17:16:46+00:00","dateModified":"2022-07-24T21:40:26+00:00","breadcrumb":{"@id":"https:\/\/wp.kristdemokraterna.se\/lidkoping\/vara-kommunpolitiker-2018-2022\/#breadcrumb"},"inLanguage":"sv-SE","potentialAction":[{"@type":"ReadAction","target":["https:\/\/wp.kristdemokraterna.se\/lidkoping\/vara-kommunpolitiker-2018-2022\/"]}]},{"@type":"BreadcrumbList","@id":"https:\/\/wp.kristdemokraterna.se\/lidkoping\/vara-kommunpolitiker-2018-2022\/#breadcrumb","itemListElement":[{"@type":"ListItem","position":1,"name":"Hem","item":"https:\/\/wp.kristdemokraterna.se\/lidkoping\/"},{"@type":"ListItem","position":2,"name":"V\u00e5ra kommunpolitiker 2018-2022"}]},{"@type":"WebSite","@id":"https:\/\/wp.kristdemokraterna.se\/lidkoping\/#website","url":"https:\/\/wp.kristdemokraterna.se\/lidkoping\/","name":"KRISTDEMOKRATERNA I LIDK\u00d6PING","description":"Kristdemokraterna Lidk\u00f6pings webbplats","inLanguage":"sv-SE"}]}},"_links":{"self":[{"href":"https:\/\/wp.kristdemokraterna.se\/lidkoping\/wp-json\/wp\/v2\/pages\/416","targetHints":{"allow":["GET"]}}],"collection":[{"href":"https:\/\/wp.kristdemokraterna.se\/lidkoping\/wp-json\/wp\/v2\/pages"}],"about":[{"href":"https:\/\/wp.kristdemokraterna.se\/lidkoping\/wp-json\/wp\/v2\/types\/page"}],"author":[{"embeddable":true,"href":"https:\/\/wp.kristdemokraterna.se\/lidkoping\/wp-json\/wp\/v2\/users\/490"}],"replies":[{"embeddable":true,"href":"https:\/\/wp.kristdemokraterna.se\/lidkoping\/wp-json\/wp\/v2\/comments?post=416"}],"version-history":[{"count":3,"href":"https:\/\/wp.kristdemokraterna.se\/lidkoping\/wp-json\/wp\/v2\/pages\/416\/revisions"}],"predecessor-version":[{"id":480,"href":"https:\/\/wp.kristdemokraterna.se\/lidkoping\/wp-json\/wp\/v2\/pages\/416\/revisions\/480"}],"wp:attachment":[{"href":"https:\/\/wp.kristdemokraterna.se\/lidkoping\/wp-json\/wp\/v2\/media?parent=416"}],"curies":[{"name":"wp","href":"https:\/\/api.w.org\/{rel}","templated":true}]}}