{"id":42,"date":"2013-05-31T13:44:09","date_gmt":"2013-05-31T11:44:09","guid":{"rendered":"http:\/\/wp.kristdemokraterna.se\/lidkoping\/?page_id=42"},"modified":"2013-05-31T13:56:21","modified_gmt":"2013-05-31T11:56:21","slug":"detta-ar-var-politik","status":"publish","type":"page","link":"https:\/\/wp.kristdemokraterna.se\/lidkoping\/var-politik\/detta-ar-var-politik\/","title":{"rendered":"Detta \u00e4r v\u00e5r politik"},"content":{"rendered":"<p>Vi Kristdemokrater vill ge alla \u00f6kad makt \u00f6ver sina liv, minska politikens kl\u00e5fingrighet och l\u00e5ta med-borgarna ta ansvar \u00f6ver sina liv. M\u00e4nniskor v\u00e4xer med \u00f6kat f\u00f6rtroende.<br \/>\n<span style=\"font-family: Calibri;font-size: medium\"><span style=\"font-family: Calibri;font-size: medium\">Vi vill att politiken ska spegla m\u00e4nniskors f\u00f6rm\u00e5ga till eget ansvar och \u00f6kad valfrihet.<\/span><\/span>\u00a0<\/p>\n<p>Du ska veta vad Du kan f\u00f6rv\u00e4nta Dig av kommunens tj\u00e4nster \u2013 en tj\u00e4nstgaranti inf\u00f6rs liksom en v\u00e4rdighetsgaranti f\u00f6r \u00e4ldre och funktionshindrade.<\/p>\n<p>Vi vill ha ett ledarskap som lyssnar, som inte drivs av maktbeg\u00e4r, utan som brinner f\u00f6r att ge enskilda m\u00e4nniskor b\u00e4ttre m\u00f6jligheter. Ett ledarskap som st\u00e5r f\u00f6r l\u00e5ngsiktighet och h\u00e5llbar utveckling och som \u00e4r \u00f6dmjukt inf\u00f6r uppgiften.<\/p>\n<p>Lidk\u00f6ping har unika m\u00f6jligheter till att vara en attraktiv kommun att bo och leva i. Vi vill att fler f\u00e5r tillg\u00e5ng till v\u00e5r 22 mil l\u00e5nga sj\u00f6kust och att det ska vara l\u00e4ttare att f\u00e5 bygga i sj\u00f6n\u00e4ra omr\u00e5den. Landbygdsutvecklingen ska gynnas. Cykelv\u00e4g till K\u00e5llands\u00f6 ger m\u00f6jligheter till ett rikare friluftsliv.<\/p>\n<p>Vi vill ge enskilda och familjer mer att s\u00e4ga till om. D\u00e4rf\u00f6r vill vi ge familjer mer utrymme och frihet att sj\u00e4lv best\u00e4mma \u00f6ver sin barnomsorg. Familjecentraler ger f\u00f6r\u00e4ldrarna st\u00f6d i sitt f\u00f6r\u00e4ldraskap.<\/p>\n<p>Vi vill ha en skola som har fokus p\u00e5 kunskap och kvalitet och som m\u00f6ter varje elev d\u00e4r den befinner sig. V\u00e4rdegrundsarbetet \u00e4r grundl\u00e4ggande i skolans vardag. Trygghet och s\u00e4kerhet f\u00f6r den enskilde eleven m\u00e5ste garanteras. Elevh\u00e4lsan utvecklas f\u00f6r f\u00f6rebyggande elevh\u00e4lsov\u00e5rd.<\/p>\n<p>Respekten f\u00f6r \u00e4ldre m\u00e4nniskors integritet och sj\u00e4lvbest\u00e4mmande kr\u00e4ver att valfrihet pr\u00e4glar utformningen av det st\u00f6d som ges. Det \u00e4r viktigt att det finns fler boendeformer som \u00e4r anpassade f\u00f6r \u00e4ldre och funktionshindrade. Det f\u00f6rebyggande arbete ska utvecklas och den upps\u00f6kande verksamheten f\u00f6r \u00e4ldre och funktionshindrade f\u00f6rb\u00e4ttras.<\/p>\n<p>Kommunens folkh\u00e4lsoarbete m\u00e5ste bli mer tydligt och bli en integrerad del i alla kommunens verksamheter. En tydligare samverkan ska ske mellan regionens och kommunens folkh\u00e4lsoarbete.<\/p>\n<p>Vi vill ha ett blomstrande n\u00e4ringsliv som ger fler arbetstillf\u00e4llen och d\u00e4rf\u00f6r vill vi f\u00f6rb\u00e4ttra f\u00f6ruts\u00e4ttningarna f\u00f6r alla f\u00f6retag i Lidk\u00f6ping.<\/p>\n<p>Vi tar klimatfr\u00e5gan p\u00e5 allvar. <span style=\"font-family: Calibri;font-size: medium\"><span style=\"font-family: Calibri;font-size: medium\">Vi vill vidareutveckla milj\u00f6arbetet och investera i vindkraft. Kommunen ska satsa p\u00e5 n\u00e4rproducerad och ekologisk tillverkad mat. Maten till v\u00e5ra barn, elever och \u00e4ldre ska lagas s\u00e5 n\u00e4ra dem som m\u00f6jligt, g\u00e4rna av olika akt\u00f6rer.<\/span><\/span><\/p>\n<p>Kulturutbudet skall gynna s\u00e5v\u00e4l unga som \u00e4ldre och en satsning p\u00e5 ett kulturhus b\u00f6r utredas.<\/p>\n<p>Vi vill ta vara p\u00e5 den m\u00e5ngfald som invandring leder till.<\/p>\n<p>Genom att hush\u00e5lla med kommunens resurser vill vi skapa handlingsutrymmen f\u00f6r att g\u00f6ra satsningar p\u00e5 angel\u00e4gna och eftersatta omr\u00e5den och d\u00e4rmed trygga den framtida utvecklingen.<\/p>\n","protected":false},"excerpt":{"rendered":"<p>Vi Kristdemokrater vill ge alla \u00f6kad makt \u00f6ver sina liv, minska politikens kl\u00e5fingrighet och l\u00e5ta med-borgarna ta ansvar \u00f6ver sina liv. M\u00e4nniskor v\u00e4xer med \u00f6kat f\u00f6rtroende. Vi vill att politiken ska spegla m\u00e4nniskors f\u00f6rm\u00e5ga till eget ansvar och \u00f6kad valfrihet.\u00a0 Du ska veta vad Du kan f\u00f6rv\u00e4nta Dig av kommunens tj\u00e4nster \u2013 en tj\u00e4nstgaranti inf\u00f6rs <a class=\"read-more-link\" href=\"https:\/\/wp.kristdemokraterna.se\/lidkoping\/var-politik\/detta-ar-var-politik\/\">Read More<\/a><\/p>\n","protected":false},"author":490,"featured_media":0,"parent":45,"menu_order":0,"comment_status":"open","ping_status":"open","template":"","meta":{"_acf_changed":false,"footnotes":""},"class_list":["post-42","page","type-page","status-publish","hentry"],"acf":[],"yoast_head":"<!-- This site is optimized with the Yoast SEO plugin v27.4 - https:\/\/yoast.com\/product\/yoast-seo-wordpress\/ -->\n<title>Detta \u00e4r v\u00e5r politik - KRISTDEMOKRATERNA I LIDK\u00d6PING<\/title>\n<meta name=\"robots\" content=\"index, follow, max-snippet:-1, max-image-preview:large, max-video-preview:-1\" \/>\n<link rel=\"canonical\" href=\"https:\/\/wp.kristdemokraterna.se\/lidkoping\/var-politik\/detta-ar-var-politik\/\" \/>\n<meta property=\"og:locale\" content=\"sv_SE\" \/>\n<meta property=\"og:type\" content=\"article\" \/>\n<meta property=\"og:title\" content=\"Detta \u00e4r v\u00e5r politik - KRISTDEMOKRATERNA I LIDK\u00d6PING\" \/>\n<meta property=\"og:description\" content=\"Vi Kristdemokrater vill ge alla \u00f6kad makt \u00f6ver sina liv, minska politikens kl\u00e5fingrighet och l\u00e5ta med-borgarna ta ansvar \u00f6ver sina liv. M\u00e4nniskor v\u00e4xer med \u00f6kat f\u00f6rtroende. Vi vill att politiken ska spegla m\u00e4nniskors f\u00f6rm\u00e5ga till eget ansvar och \u00f6kad valfrihet.\u00a0 Du ska veta vad Du kan f\u00f6rv\u00e4nta Dig av kommunens tj\u00e4nster \u2013 en tj\u00e4nstgaranti inf\u00f6rs Read More\" \/>\n<meta property=\"og:url\" content=\"https:\/\/wp.kristdemokraterna.se\/lidkoping\/var-politik\/detta-ar-var-politik\/\" \/>\n<meta property=\"og:site_name\" content=\"KRISTDEMOKRATERNA I LIDK\u00d6PING\" \/>\n<meta property=\"article:modified_time\" content=\"2013-05-31T11:56:21+00:00\" \/>\n<meta name=\"twitter:card\" content=\"summary_large_image\" \/>\n<meta name=\"twitter:label1\" content=\"Ber\u00e4knad l\u00e4stid\" \/>\n\t<meta name=\"twitter:data1\" content=\"3 minuter\" \/>\n<script type=\"application\/ld+json\" class=\"yoast-schema-graph\">{\"@context\":\"https:\\\/\\\/schema.org\",\"@graph\":[{\"@type\":\"WebPage\",\"@id\":\"https:\\\/\\\/wp.kristdemokraterna.se\\\/lidkoping\\\/var-politik\\\/detta-ar-var-politik\\\/\",\"url\":\"https:\\\/\\\/wp.kristdemokraterna.se\\\/lidkoping\\\/var-politik\\\/detta-ar-var-politik\\\/\",\"name\":\"Detta \u00e4r v\u00e5r politik - KRISTDEMOKRATERNA I LIDK\u00d6PING\",\"isPartOf\":{\"@id\":\"https:\\\/\\\/wp.kristdemokraterna.se\\\/lidkoping\\\/#website\"},\"datePublished\":\"2013-05-31T11:44:09+00:00\",\"dateModified\":\"2013-05-31T11:56:21+00:00\",\"breadcrumb\":{\"@id\":\"https:\\\/\\\/wp.kristdemokraterna.se\\\/lidkoping\\\/var-politik\\\/detta-ar-var-politik\\\/#breadcrumb\"},\"inLanguage\":\"sv-SE\",\"potentialAction\":[{\"@type\":\"ReadAction\",\"target\":[\"https:\\\/\\\/wp.kristdemokraterna.se\\\/lidkoping\\\/var-politik\\\/detta-ar-var-politik\\\/\"]}]},{\"@type\":\"BreadcrumbList\",\"@id\":\"https:\\\/\\\/wp.kristdemokraterna.se\\\/lidkoping\\\/var-politik\\\/detta-ar-var-politik\\\/#breadcrumb\",\"itemListElement\":[{\"@type\":\"ListItem\",\"position\":1,\"name\":\"Hem\",\"item\":\"https:\\\/\\\/wp.kristdemokraterna.se\\\/lidkoping\\\/\"},{\"@type\":\"ListItem\",\"position\":2,\"name\":\"V\u00e5r politik\",\"item\":\"https:\\\/\\\/wp.kristdemokraterna.se\\\/lidkoping\\\/var-politik\\\/\"},{\"@type\":\"ListItem\",\"position\":3,\"name\":\"Detta \u00e4r v\u00e5r politik\"}]},{\"@type\":\"WebSite\",\"@id\":\"https:\\\/\\\/wp.kristdemokraterna.se\\\/lidkoping\\\/#website\",\"url\":\"https:\\\/\\\/wp.kristdemokraterna.se\\\/lidkoping\\\/\",\"name\":\"KRISTDEMOKRATERNA I LIDK\u00d6PING\",\"description\":\"Kristdemokraterna Lidk\u00f6pings webbplats\",\"inLanguage\":\"sv-SE\"}]}<\/script>\n<!-- \/ Yoast SEO plugin. -->","yoast_head_json":{"title":"Detta \u00e4r v\u00e5r politik - KRISTDEMOKRATERNA I LIDK\u00d6PING","robots":{"index":"index","follow":"follow","max-snippet":"max-snippet:-1","max-image-preview":"max-image-preview:large","max-video-preview":"max-video-preview:-1"},"canonical":"https:\/\/wp.kristdemokraterna.se\/lidkoping\/var-politik\/detta-ar-var-politik\/","og_locale":"sv_SE","og_type":"article","og_title":"Detta \u00e4r v\u00e5r politik - KRISTDEMOKRATERNA I LIDK\u00d6PING","og_description":"Vi Kristdemokrater vill ge alla \u00f6kad makt \u00f6ver sina liv, minska politikens kl\u00e5fingrighet och l\u00e5ta med-borgarna ta ansvar \u00f6ver sina liv. M\u00e4nniskor v\u00e4xer med \u00f6kat f\u00f6rtroende. Vi vill att politiken ska spegla m\u00e4nniskors f\u00f6rm\u00e5ga till eget ansvar och \u00f6kad valfrihet.\u00a0 Du ska veta vad Du kan f\u00f6rv\u00e4nta Dig av kommunens tj\u00e4nster \u2013 en tj\u00e4nstgaranti inf\u00f6rs Read More","og_url":"https:\/\/wp.kristdemokraterna.se\/lidkoping\/var-politik\/detta-ar-var-politik\/","og_site_name":"KRISTDEMOKRATERNA I LIDK\u00d6PING","article_modified_time":"2013-05-31T11:56:21+00:00","twitter_card":"summary_large_image","twitter_misc":{"Ber\u00e4knad l\u00e4stid":"3 minuter"},"schema":{"@context":"https:\/\/schema.org","@graph":[{"@type":"WebPage","@id":"https:\/\/wp.kristdemokraterna.se\/lidkoping\/var-politik\/detta-ar-var-politik\/","url":"https:\/\/wp.kristdemokraterna.se\/lidkoping\/var-politik\/detta-ar-var-politik\/","name":"Detta \u00e4r v\u00e5r politik - KRISTDEMOKRATERNA I LIDK\u00d6PING","isPartOf":{"@id":"https:\/\/wp.kristdemokraterna.se\/lidkoping\/#website"},"datePublished":"2013-05-31T11:44:09+00:00","dateModified":"2013-05-31T11:56:21+00:00","breadcrumb":{"@id":"https:\/\/wp.kristdemokraterna.se\/lidkoping\/var-politik\/detta-ar-var-politik\/#breadcrumb"},"inLanguage":"sv-SE","potentialAction":[{"@type":"ReadAction","target":["https:\/\/wp.kristdemokraterna.se\/lidkoping\/var-politik\/detta-ar-var-politik\/"]}]},{"@type":"BreadcrumbList","@id":"https:\/\/wp.kristdemokraterna.se\/lidkoping\/var-politik\/detta-ar-var-politik\/#breadcrumb","itemListElement":[{"@type":"ListItem","position":1,"name":"Hem","item":"https:\/\/wp.kristdemokraterna.se\/lidkoping\/"},{"@type":"ListItem","position":2,"name":"V\u00e5r politik","item":"https:\/\/wp.kristdemokraterna.se\/lidkoping\/var-politik\/"},{"@type":"ListItem","position":3,"name":"Detta \u00e4r v\u00e5r politik"}]},{"@type":"WebSite","@id":"https:\/\/wp.kristdemokraterna.se\/lidkoping\/#website","url":"https:\/\/wp.kristdemokraterna.se\/lidkoping\/","name":"KRISTDEMOKRATERNA I LIDK\u00d6PING","description":"Kristdemokraterna Lidk\u00f6pings webbplats","inLanguage":"sv-SE"}]}},"_links":{"self":[{"href":"https:\/\/wp.kristdemokraterna.se\/lidkoping\/wp-json\/wp\/v2\/pages\/42","targetHints":{"allow":["GET"]}}],"collection":[{"href":"https:\/\/wp.kristdemokraterna.se\/lidkoping\/wp-json\/wp\/v2\/pages"}],"about":[{"href":"https:\/\/wp.kristdemokraterna.se\/lidkoping\/wp-json\/wp\/v2\/types\/page"}],"author":[{"embeddable":true,"href":"https:\/\/wp.kristdemokraterna.se\/lidkoping\/wp-json\/wp\/v2\/users\/490"}],"replies":[{"embeddable":true,"href":"https:\/\/wp.kristdemokraterna.se\/lidkoping\/wp-json\/wp\/v2\/comments?post=42"}],"version-history":[{"count":4,"href":"https:\/\/wp.kristdemokraterna.se\/lidkoping\/wp-json\/wp\/v2\/pages\/42\/revisions"}],"predecessor-version":[{"id":53,"href":"https:\/\/wp.kristdemokraterna.se\/lidkoping\/wp-json\/wp\/v2\/pages\/42\/revisions\/53"}],"up":[{"embeddable":true,"href":"https:\/\/wp.kristdemokraterna.se\/lidkoping\/wp-json\/wp\/v2\/pages\/45"}],"wp:attachment":[{"href":"https:\/\/wp.kristdemokraterna.se\/lidkoping\/wp-json\/wp\/v2\/media?parent=42"}],"curies":[{"name":"wp","href":"https:\/\/api.w.org\/{rel}","templated":true}]}}