{"id":45,"date":"2013-05-31T13:49:19","date_gmt":"2013-05-31T11:49:19","guid":{"rendered":"http:\/\/wp.kristdemokraterna.se\/lidkoping\/?page_id=45"},"modified":"2014-05-12T15:13:25","modified_gmt":"2014-05-12T13:13:25","slug":"var-politik","status":"publish","type":"page","link":"https:\/\/wp.kristdemokraterna.se\/lidkoping\/var-politik\/","title":{"rendered":"V\u00e5r politik"},"content":{"rendered":"<p><span style=\"color: #000000\">Detta \u00e4r Kristdemokraterna i Lidk\u00f6pings hemsida<\/span><br style=\"color: #000000\" \/><br style=\"color: #000000\" \/><span style=\"color: #000000\">P\u00e5 denna hemsida vill vi ge er l\u00e4sare information om v\u00e5r lokala politik under olika rubriker.\u00a0<\/span><br style=\"color: #000000\" \/><span style=\"color: #000000\">Vi vill f\u00f6rs\u00f6ka samla information som debattartiklar, interpellationer och de motioner som v\u00e5rt parti lagt in under de senaste \u00e5ren.<\/span><br style=\"color: #000000\" \/><span style=\"color: #000000\">S\u00f6ker ni efter n\u00e5gon som ni vill diskutera med s\u00e5 g\u00e5r det bra att kontakta n\u00e5gon av de personer som finns\u00a0<\/span><span style=\"color: #000000\">namngivna under Dina politiker.\u00a0<\/span><br style=\"color: #000000\" \/><br style=\"color: #000000\" \/><span style=\"color: #000000\">Vi hoppas att denna hemsida skall vara ett enkelt\u00a0<\/span><br style=\"color: #000000\" \/><span style=\"color: #000000\">redskap f\u00f6r er som vill studera v\u00e5r politik eller f\u00f6r er som\u00a0<\/span><br style=\"color: #000000\" \/><span style=\"color: #000000\">vill engagera sig hos oss.\u00a0<\/span><br style=\"color: #000000\" \/><br style=\"color: #000000\" \/><span style=\"color: #000000\">Har ni n\u00e5gra ytterligare fr\u00e5gor ang\u00e5ende v\u00e5r politik g\u00e5r<\/span><br style=\"color: #000000\" \/><span style=\"color: #000000\">det bra att kontakta v\u00e5r gruppledare Tommy Larsson.<\/span><\/p>\n","protected":false},"excerpt":{"rendered":"<p>Detta \u00e4r Kristdemokraterna i Lidk\u00f6pings hemsidaP\u00e5 denna hemsida vill vi ge er l\u00e4sare information om v\u00e5r lokala politik under olika rubriker.\u00a0Vi vill f\u00f6rs\u00f6ka samla information som debattartiklar, interpellationer och de motioner som v\u00e5rt parti lagt in under de senaste \u00e5ren.S\u00f6ker ni efter n\u00e5gon som ni vill diskutera med s\u00e5 g\u00e5r det bra att kontakta n\u00e5gon <a class=\"read-more-link\" href=\"https:\/\/wp.kristdemokraterna.se\/lidkoping\/var-politik\/\">Read More<\/a><\/p>\n","protected":false},"author":490,"featured_media":0,"parent":0,"menu_order":0,"comment_status":"closed","ping_status":"closed","template":"","meta":{"_acf_changed":false,"footnotes":""},"class_list":["post-45","page","type-page","status-publish","hentry"],"acf":[],"yoast_head":"<!-- This site is optimized with the Yoast SEO plugin v27.4 - https:\/\/yoast.com\/product\/yoast-seo-wordpress\/ -->\n<title>V\u00e5r politik - KRISTDEMOKRATERNA I LIDK\u00d6PING<\/title>\n<meta name=\"robots\" content=\"index, follow, max-snippet:-1, max-image-preview:large, max-video-preview:-1\" \/>\n<link rel=\"canonical\" href=\"https:\/\/wp.kristdemokraterna.se\/lidkoping\/var-politik\/\" \/>\n<meta property=\"og:locale\" content=\"sv_SE\" \/>\n<meta property=\"og:type\" content=\"article\" \/>\n<meta property=\"og:title\" content=\"V\u00e5r politik - KRISTDEMOKRATERNA I LIDK\u00d6PING\" \/>\n<meta property=\"og:description\" content=\"Detta \u00e4r Kristdemokraterna i Lidk\u00f6pings hemsidaP\u00e5 denna hemsida vill vi ge er l\u00e4sare information om v\u00e5r lokala politik under olika rubriker.\u00a0Vi vill f\u00f6rs\u00f6ka samla information som debattartiklar, interpellationer och de motioner som v\u00e5rt parti lagt in under de senaste \u00e5ren.S\u00f6ker ni efter n\u00e5gon som ni vill diskutera med s\u00e5 g\u00e5r det bra att kontakta n\u00e5gon Read More\" \/>\n<meta property=\"og:url\" content=\"https:\/\/wp.kristdemokraterna.se\/lidkoping\/var-politik\/\" \/>\n<meta property=\"og:site_name\" content=\"KRISTDEMOKRATERNA I LIDK\u00d6PING\" \/>\n<meta property=\"article:modified_time\" content=\"2014-05-12T13:13:25+00:00\" \/>\n<meta name=\"twitter:card\" content=\"summary_large_image\" \/>\n<meta name=\"twitter:label1\" content=\"Ber\u00e4knad l\u00e4stid\" \/>\n\t<meta name=\"twitter:data1\" content=\"1 minut\" \/>\n<script type=\"application\/ld+json\" class=\"yoast-schema-graph\">{\"@context\":\"https:\\\/\\\/schema.org\",\"@graph\":[{\"@type\":\"WebPage\",\"@id\":\"https:\\\/\\\/wp.kristdemokraterna.se\\\/lidkoping\\\/var-politik\\\/\",\"url\":\"https:\\\/\\\/wp.kristdemokraterna.se\\\/lidkoping\\\/var-politik\\\/\",\"name\":\"V\u00e5r politik - KRISTDEMOKRATERNA I LIDK\u00d6PING\",\"isPartOf\":{\"@id\":\"https:\\\/\\\/wp.kristdemokraterna.se\\\/lidkoping\\\/#website\"},\"datePublished\":\"2013-05-31T11:49:19+00:00\",\"dateModified\":\"2014-05-12T13:13:25+00:00\",\"breadcrumb\":{\"@id\":\"https:\\\/\\\/wp.kristdemokraterna.se\\\/lidkoping\\\/var-politik\\\/#breadcrumb\"},\"inLanguage\":\"sv-SE\",\"potentialAction\":[{\"@type\":\"ReadAction\",\"target\":[\"https:\\\/\\\/wp.kristdemokraterna.se\\\/lidkoping\\\/var-politik\\\/\"]}]},{\"@type\":\"BreadcrumbList\",\"@id\":\"https:\\\/\\\/wp.kristdemokraterna.se\\\/lidkoping\\\/var-politik\\\/#breadcrumb\",\"itemListElement\":[{\"@type\":\"ListItem\",\"position\":1,\"name\":\"Hem\",\"item\":\"https:\\\/\\\/wp.kristdemokraterna.se\\\/lidkoping\\\/\"},{\"@type\":\"ListItem\",\"position\":2,\"name\":\"V\u00e5r politik\"}]},{\"@type\":\"WebSite\",\"@id\":\"https:\\\/\\\/wp.kristdemokraterna.se\\\/lidkoping\\\/#website\",\"url\":\"https:\\\/\\\/wp.kristdemokraterna.se\\\/lidkoping\\\/\",\"name\":\"KRISTDEMOKRATERNA I LIDK\u00d6PING\",\"description\":\"Kristdemokraterna Lidk\u00f6pings webbplats\",\"inLanguage\":\"sv-SE\"}]}<\/script>\n<!-- \/ Yoast SEO plugin. -->","yoast_head_json":{"title":"V\u00e5r politik - KRISTDEMOKRATERNA I LIDK\u00d6PING","robots":{"index":"index","follow":"follow","max-snippet":"max-snippet:-1","max-image-preview":"max-image-preview:large","max-video-preview":"max-video-preview:-1"},"canonical":"https:\/\/wp.kristdemokraterna.se\/lidkoping\/var-politik\/","og_locale":"sv_SE","og_type":"article","og_title":"V\u00e5r politik - KRISTDEMOKRATERNA I LIDK\u00d6PING","og_description":"Detta \u00e4r Kristdemokraterna i Lidk\u00f6pings hemsidaP\u00e5 denna hemsida vill vi ge er l\u00e4sare information om v\u00e5r lokala politik under olika rubriker.\u00a0Vi vill f\u00f6rs\u00f6ka samla information som debattartiklar, interpellationer och de motioner som v\u00e5rt parti lagt in under de senaste \u00e5ren.S\u00f6ker ni efter n\u00e5gon som ni vill diskutera med s\u00e5 g\u00e5r det bra att kontakta n\u00e5gon Read More","og_url":"https:\/\/wp.kristdemokraterna.se\/lidkoping\/var-politik\/","og_site_name":"KRISTDEMOKRATERNA I LIDK\u00d6PING","article_modified_time":"2014-05-12T13:13:25+00:00","twitter_card":"summary_large_image","twitter_misc":{"Ber\u00e4knad l\u00e4stid":"1 minut"},"schema":{"@context":"https:\/\/schema.org","@graph":[{"@type":"WebPage","@id":"https:\/\/wp.kristdemokraterna.se\/lidkoping\/var-politik\/","url":"https:\/\/wp.kristdemokraterna.se\/lidkoping\/var-politik\/","name":"V\u00e5r politik - KRISTDEMOKRATERNA I LIDK\u00d6PING","isPartOf":{"@id":"https:\/\/wp.kristdemokraterna.se\/lidkoping\/#website"},"datePublished":"2013-05-31T11:49:19+00:00","dateModified":"2014-05-12T13:13:25+00:00","breadcrumb":{"@id":"https:\/\/wp.kristdemokraterna.se\/lidkoping\/var-politik\/#breadcrumb"},"inLanguage":"sv-SE","potentialAction":[{"@type":"ReadAction","target":["https:\/\/wp.kristdemokraterna.se\/lidkoping\/var-politik\/"]}]},{"@type":"BreadcrumbList","@id":"https:\/\/wp.kristdemokraterna.se\/lidkoping\/var-politik\/#breadcrumb","itemListElement":[{"@type":"ListItem","position":1,"name":"Hem","item":"https:\/\/wp.kristdemokraterna.se\/lidkoping\/"},{"@type":"ListItem","position":2,"name":"V\u00e5r politik"}]},{"@type":"WebSite","@id":"https:\/\/wp.kristdemokraterna.se\/lidkoping\/#website","url":"https:\/\/wp.kristdemokraterna.se\/lidkoping\/","name":"KRISTDEMOKRATERNA I LIDK\u00d6PING","description":"Kristdemokraterna Lidk\u00f6pings webbplats","inLanguage":"sv-SE"}]}},"_links":{"self":[{"href":"https:\/\/wp.kristdemokraterna.se\/lidkoping\/wp-json\/wp\/v2\/pages\/45","targetHints":{"allow":["GET"]}}],"collection":[{"href":"https:\/\/wp.kristdemokraterna.se\/lidkoping\/wp-json\/wp\/v2\/pages"}],"about":[{"href":"https:\/\/wp.kristdemokraterna.se\/lidkoping\/wp-json\/wp\/v2\/types\/page"}],"author":[{"embeddable":true,"href":"https:\/\/wp.kristdemokraterna.se\/lidkoping\/wp-json\/wp\/v2\/users\/490"}],"replies":[{"embeddable":true,"href":"https:\/\/wp.kristdemokraterna.se\/lidkoping\/wp-json\/wp\/v2\/comments?post=45"}],"version-history":[{"count":3,"href":"https:\/\/wp.kristdemokraterna.se\/lidkoping\/wp-json\/wp\/v2\/pages\/45\/revisions"}],"predecessor-version":[{"id":219,"href":"https:\/\/wp.kristdemokraterna.se\/lidkoping\/wp-json\/wp\/v2\/pages\/45\/revisions\/219"}],"wp:attachment":[{"href":"https:\/\/wp.kristdemokraterna.se\/lidkoping\/wp-json\/wp\/v2\/media?parent=45"}],"curies":[{"name":"wp","href":"https:\/\/api.w.org\/{rel}","templated":true}]}}