{"id":578,"date":"2023-12-18T20:39:54","date_gmt":"2023-12-18T19:39:54","guid":{"rendered":"https:\/\/wp.kristdemokraterna.se\/lidkoping\/?page_id=578"},"modified":"2026-02-03T19:15:36","modified_gmt":"2026-02-03T18:15:36","slug":"vara-kommunpolitiker-2022-2026","status":"publish","type":"page","link":"https:\/\/wp.kristdemokraterna.se\/lidkoping\/vara-kommunpolitiker-2022-2026\/","title":{"rendered":"V\u00e5ra kommunpolitiker 2022-2026"},"content":{"rendered":"<h1>V\u00e5ra kommunpolitiker 2022-2026<\/h1>\n<p><em><strong>Fullm\u00e4ktigeledam\u00f6ter:<\/strong><\/em><br \/>\nMaria Edstr\u00f6m<br \/>\nMikael Kaufmann, gruppledare<br \/>\nTommy Larsson<br \/>\nAnna Wallgren<\/p>\n<p>Ers\u00e4ttare:<br \/>\nAnne-Marie Kaufmann<br \/>\nGustav Bobeck<\/p>\n<p><em><strong>Kommunstyrelsen:<\/strong><\/em><br \/>\nTommy Larsson, ledamot<br \/>\nMikael Kaufmann, ers\u00e4ttare<br \/>\nPeter Lager, ers\u00e4ttare<\/p>\n<p><em><strong>Kommunstyrelsens arbetsutskott:<\/strong><\/em><br \/>\nTommy Larsson, ers\u00e4ttare<\/p>\n<p><em><strong>N\u00e4mndsledam\u00f6ter:<br \/>\n<\/strong>Bildningsn\u00e4mnden<\/em><br \/>\nAnne-Marie Kaufmann, ledamot<br \/>\nHannah Angelsi\u00f6\u00f6, ers\u00e4ttare<br \/>\nAnette Cederqvist, ers\u00e4ttare<\/p>\n<p><strong><em>Fritids- och f\u00f6reningsn\u00e4mnden:<\/em><\/strong><br \/>\nAnne-Marie Kaufmann, ers\u00e4ttare<\/p>\n<p><strong><em>Kulturn\u00e4mnden:<\/em><\/strong><br \/>\nMaria Edstr\u00f6m, 2:e vice ordf\u00f6rande<br \/>\nDavid Borgenhard, ers\u00e4ttare<\/p>\n<p><strong><em>Milj\u00f6- och byggnadsn\u00e4mnden:<\/em><\/strong><br \/>\nMikael Kaufmann, ledamot<br \/>\nPeter Lager, ers\u00e4ttare<\/p>\n<p><strong><em>Servicen\u00e4mnden:<br \/>\n<\/em><\/strong>Mikael Kaufmann, ledamot<br \/>\nNiklas Bj\u00f6rkman, ers\u00e4ttare<\/p>\n<p><strong><em>V\u00e4lf\u00e4rdsn\u00e4mnden:<br \/>\n<\/em><\/strong>Tommy Larsson, 2:e vice ordf\u00f6rande<br \/>\nMaj Ader, ledamot<br \/>\nDavid Borgenhard, ers\u00e4ttare<\/p>\n<p><strong><em>\u00d6verf\u00f6rmyndarn\u00e4mnd:<\/em><\/strong><br \/>\nMaj Ader, ers\u00e4ttare<\/p>\n<p><strong><em>Valn\u00e4mnden:<\/em><\/strong><br \/>\nMaria Edstr\u00f6m, ers\u00e4ttare<\/p>\n<p><em><strong>\u00d6vriga kommunala uppdrag:<\/strong><\/em><br \/>\nRevisorer, Anna-Carin Lindskog, ledamot<\/p>\n<p>Lidk\u00f6ping Energi AB, Peter Lager, vice ordf\u00f6rande<\/p>\n<p>Lidk\u00f6ping\/Hovby Flygplats AB, Tommy Larsson, ers\u00e4ttare<\/p>\n<p>Lidk\u00f6ping Milj\u00f6 och Teknik AB, Mikael Kaufmann, vice ordf\u00f6rande<\/p>\n<p>AB Bost\u00e4der, Anna Wallgren, ers\u00e4ttare<\/p>\n<p>Lidk\u00f6pings N\u00e4ringslivsfastigheter AB, Anne-Marie Kaufmann, ers\u00e4ttare<\/p>\n<p>Lidk\u00f6ping Stadshus AB, Tommy Larsson, ers\u00e4ttare<\/p>\n<p>Demokratiberedningen, Mikael Kaufmann ledamot, Anna Wallgren ers\u00e4ttare<\/p>\n","protected":false},"excerpt":{"rendered":"<p>V\u00e5ra kommunpolitiker 2022-2026 Fullm\u00e4ktigeledam\u00f6ter: Maria Edstr\u00f6m Mikael Kaufmann, gruppledare Tommy Larsson Anna Wallgren Ers\u00e4ttare: Anne-Marie Kaufmann Gustav Bobeck Kommunstyrelsen: Tommy Larsson, ledamot Mikael Kaufmann, ers\u00e4ttare Peter Lager, ers\u00e4ttare Kommunstyrelsens arbetsutskott: Tommy Larsson, ers\u00e4ttare N\u00e4mndsledam\u00f6ter: Bildningsn\u00e4mnden Anne-Marie Kaufmann, ledamot Hannah Angelsi\u00f6\u00f6, ers\u00e4ttare Anette Cederqvist, ers\u00e4ttare Fritids- och f\u00f6reningsn\u00e4mnden: Anne-Marie Kaufmann, ers\u00e4ttare Kulturn\u00e4mnden: Maria Edstr\u00f6m, 2:e vice <a class=\"read-more-link\" href=\"https:\/\/wp.kristdemokraterna.se\/lidkoping\/vara-kommunpolitiker-2022-2026\/\">Read More<\/a><\/p>\n","protected":false},"author":490,"featured_media":0,"parent":0,"menu_order":0,"comment_status":"closed","ping_status":"closed","template":"","meta":{"_acf_changed":false,"footnotes":""},"class_list":["post-578","page","type-page","status-publish","hentry"],"acf":[],"yoast_head":"<!-- This site is optimized with the Yoast SEO plugin v27.4 - https:\/\/yoast.com\/product\/yoast-seo-wordpress\/ -->\n<title>V\u00e5ra kommunpolitiker 2022-2026 - KRISTDEMOKRATERNA I LIDK\u00d6PING<\/title>\n<meta name=\"robots\" content=\"index, follow, max-snippet:-1, max-image-preview:large, max-video-preview:-1\" \/>\n<link rel=\"canonical\" href=\"https:\/\/wp.kristdemokraterna.se\/lidkoping\/vara-kommunpolitiker-2022-2026\/\" \/>\n<meta property=\"og:locale\" content=\"sv_SE\" \/>\n<meta property=\"og:type\" content=\"article\" \/>\n<meta property=\"og:title\" content=\"V\u00e5ra kommunpolitiker 2022-2026 - KRISTDEMOKRATERNA I LIDK\u00d6PING\" \/>\n<meta property=\"og:description\" content=\"V\u00e5ra kommunpolitiker 2022-2026 Fullm\u00e4ktigeledam\u00f6ter: Maria Edstr\u00f6m Mikael Kaufmann, gruppledare Tommy Larsson Anna Wallgren Ers\u00e4ttare: Anne-Marie Kaufmann Gustav Bobeck Kommunstyrelsen: Tommy Larsson, ledamot Mikael Kaufmann, ers\u00e4ttare Peter Lager, ers\u00e4ttare Kommunstyrelsens arbetsutskott: Tommy Larsson, ers\u00e4ttare N\u00e4mndsledam\u00f6ter: Bildningsn\u00e4mnden Anne-Marie Kaufmann, ledamot Hannah Angelsi\u00f6\u00f6, ers\u00e4ttare Anette Cederqvist, ers\u00e4ttare Fritids- och f\u00f6reningsn\u00e4mnden: Anne-Marie Kaufmann, ers\u00e4ttare Kulturn\u00e4mnden: Maria Edstr\u00f6m, 2:e vice Read More\" \/>\n<meta property=\"og:url\" content=\"https:\/\/wp.kristdemokraterna.se\/lidkoping\/vara-kommunpolitiker-2022-2026\/\" \/>\n<meta property=\"og:site_name\" content=\"KRISTDEMOKRATERNA I LIDK\u00d6PING\" \/>\n<meta property=\"article:modified_time\" content=\"2026-02-03T18:15:36+00:00\" \/>\n<meta name=\"twitter:card\" content=\"summary_large_image\" \/>\n<meta name=\"twitter:label1\" content=\"Ber\u00e4knad l\u00e4stid\" \/>\n\t<meta name=\"twitter:data1\" content=\"1 minut\" \/>\n<script type=\"application\/ld+json\" class=\"yoast-schema-graph\">{\"@context\":\"https:\\\/\\\/schema.org\",\"@graph\":[{\"@type\":\"WebPage\",\"@id\":\"https:\\\/\\\/wp.kristdemokraterna.se\\\/lidkoping\\\/vara-kommunpolitiker-2022-2026\\\/\",\"url\":\"https:\\\/\\\/wp.kristdemokraterna.se\\\/lidkoping\\\/vara-kommunpolitiker-2022-2026\\\/\",\"name\":\"V\u00e5ra kommunpolitiker 2022-2026 - KRISTDEMOKRATERNA I LIDK\u00d6PING\",\"isPartOf\":{\"@id\":\"https:\\\/\\\/wp.kristdemokraterna.se\\\/lidkoping\\\/#website\"},\"datePublished\":\"2023-12-18T19:39:54+00:00\",\"dateModified\":\"2026-02-03T18:15:36+00:00\",\"breadcrumb\":{\"@id\":\"https:\\\/\\\/wp.kristdemokraterna.se\\\/lidkoping\\\/vara-kommunpolitiker-2022-2026\\\/#breadcrumb\"},\"inLanguage\":\"sv-SE\",\"potentialAction\":[{\"@type\":\"ReadAction\",\"target\":[\"https:\\\/\\\/wp.kristdemokraterna.se\\\/lidkoping\\\/vara-kommunpolitiker-2022-2026\\\/\"]}]},{\"@type\":\"BreadcrumbList\",\"@id\":\"https:\\\/\\\/wp.kristdemokraterna.se\\\/lidkoping\\\/vara-kommunpolitiker-2022-2026\\\/#breadcrumb\",\"itemListElement\":[{\"@type\":\"ListItem\",\"position\":1,\"name\":\"Hem\",\"item\":\"https:\\\/\\\/wp.kristdemokraterna.se\\\/lidkoping\\\/\"},{\"@type\":\"ListItem\",\"position\":2,\"name\":\"V\u00e5ra kommunpolitiker 2022-2026\"}]},{\"@type\":\"WebSite\",\"@id\":\"https:\\\/\\\/wp.kristdemokraterna.se\\\/lidkoping\\\/#website\",\"url\":\"https:\\\/\\\/wp.kristdemokraterna.se\\\/lidkoping\\\/\",\"name\":\"KRISTDEMOKRATERNA I LIDK\u00d6PING\",\"description\":\"Kristdemokraterna Lidk\u00f6pings webbplats\",\"inLanguage\":\"sv-SE\"}]}<\/script>\n<!-- \/ Yoast SEO plugin. -->","yoast_head_json":{"title":"V\u00e5ra kommunpolitiker 2022-2026 - KRISTDEMOKRATERNA I LIDK\u00d6PING","robots":{"index":"index","follow":"follow","max-snippet":"max-snippet:-1","max-image-preview":"max-image-preview:large","max-video-preview":"max-video-preview:-1"},"canonical":"https:\/\/wp.kristdemokraterna.se\/lidkoping\/vara-kommunpolitiker-2022-2026\/","og_locale":"sv_SE","og_type":"article","og_title":"V\u00e5ra kommunpolitiker 2022-2026 - KRISTDEMOKRATERNA I LIDK\u00d6PING","og_description":"V\u00e5ra kommunpolitiker 2022-2026 Fullm\u00e4ktigeledam\u00f6ter: Maria Edstr\u00f6m Mikael Kaufmann, gruppledare Tommy Larsson Anna Wallgren Ers\u00e4ttare: Anne-Marie Kaufmann Gustav Bobeck Kommunstyrelsen: Tommy Larsson, ledamot Mikael Kaufmann, ers\u00e4ttare Peter Lager, ers\u00e4ttare Kommunstyrelsens arbetsutskott: Tommy Larsson, ers\u00e4ttare N\u00e4mndsledam\u00f6ter: Bildningsn\u00e4mnden Anne-Marie Kaufmann, ledamot Hannah Angelsi\u00f6\u00f6, ers\u00e4ttare Anette Cederqvist, ers\u00e4ttare Fritids- och f\u00f6reningsn\u00e4mnden: Anne-Marie Kaufmann, ers\u00e4ttare Kulturn\u00e4mnden: Maria Edstr\u00f6m, 2:e vice Read More","og_url":"https:\/\/wp.kristdemokraterna.se\/lidkoping\/vara-kommunpolitiker-2022-2026\/","og_site_name":"KRISTDEMOKRATERNA I LIDK\u00d6PING","article_modified_time":"2026-02-03T18:15:36+00:00","twitter_card":"summary_large_image","twitter_misc":{"Ber\u00e4knad l\u00e4stid":"1 minut"},"schema":{"@context":"https:\/\/schema.org","@graph":[{"@type":"WebPage","@id":"https:\/\/wp.kristdemokraterna.se\/lidkoping\/vara-kommunpolitiker-2022-2026\/","url":"https:\/\/wp.kristdemokraterna.se\/lidkoping\/vara-kommunpolitiker-2022-2026\/","name":"V\u00e5ra kommunpolitiker 2022-2026 - KRISTDEMOKRATERNA I LIDK\u00d6PING","isPartOf":{"@id":"https:\/\/wp.kristdemokraterna.se\/lidkoping\/#website"},"datePublished":"2023-12-18T19:39:54+00:00","dateModified":"2026-02-03T18:15:36+00:00","breadcrumb":{"@id":"https:\/\/wp.kristdemokraterna.se\/lidkoping\/vara-kommunpolitiker-2022-2026\/#breadcrumb"},"inLanguage":"sv-SE","potentialAction":[{"@type":"ReadAction","target":["https:\/\/wp.kristdemokraterna.se\/lidkoping\/vara-kommunpolitiker-2022-2026\/"]}]},{"@type":"BreadcrumbList","@id":"https:\/\/wp.kristdemokraterna.se\/lidkoping\/vara-kommunpolitiker-2022-2026\/#breadcrumb","itemListElement":[{"@type":"ListItem","position":1,"name":"Hem","item":"https:\/\/wp.kristdemokraterna.se\/lidkoping\/"},{"@type":"ListItem","position":2,"name":"V\u00e5ra kommunpolitiker 2022-2026"}]},{"@type":"WebSite","@id":"https:\/\/wp.kristdemokraterna.se\/lidkoping\/#website","url":"https:\/\/wp.kristdemokraterna.se\/lidkoping\/","name":"KRISTDEMOKRATERNA I LIDK\u00d6PING","description":"Kristdemokraterna Lidk\u00f6pings webbplats","inLanguage":"sv-SE"}]}},"_links":{"self":[{"href":"https:\/\/wp.kristdemokraterna.se\/lidkoping\/wp-json\/wp\/v2\/pages\/578","targetHints":{"allow":["GET"]}}],"collection":[{"href":"https:\/\/wp.kristdemokraterna.se\/lidkoping\/wp-json\/wp\/v2\/pages"}],"about":[{"href":"https:\/\/wp.kristdemokraterna.se\/lidkoping\/wp-json\/wp\/v2\/types\/page"}],"author":[{"embeddable":true,"href":"https:\/\/wp.kristdemokraterna.se\/lidkoping\/wp-json\/wp\/v2\/users\/490"}],"replies":[{"embeddable":true,"href":"https:\/\/wp.kristdemokraterna.se\/lidkoping\/wp-json\/wp\/v2\/comments?post=578"}],"version-history":[{"count":5,"href":"https:\/\/wp.kristdemokraterna.se\/lidkoping\/wp-json\/wp\/v2\/pages\/578\/revisions"}],"predecessor-version":[{"id":592,"href":"https:\/\/wp.kristdemokraterna.se\/lidkoping\/wp-json\/wp\/v2\/pages\/578\/revisions\/592"}],"wp:attachment":[{"href":"https:\/\/wp.kristdemokraterna.se\/lidkoping\/wp-json\/wp\/v2\/media?parent=578"}],"curies":[{"name":"wp","href":"https:\/\/api.w.org\/{rel}","templated":true}]}}