{"id":373,"date":"2017-12-04T16:47:18","date_gmt":"2017-12-04T15:47:18","guid":{"rendered":"https:\/\/wp.kristdemokraterna.se\/lindesberg\/?page_id=373"},"modified":"2026-03-09T12:54:12","modified_gmt":"2026-03-09T11:54:12","slug":"var-politik-i-kommunen","status":"publish","type":"page","link":"https:\/\/wp.kristdemokraterna.se\/lindesberg\/var-politik\/var-politik-i-kommunen\/","title":{"rendered":"V\u00e5r politik i kommunen"},"content":{"rendered":"<h2>Familjen<\/h2>\n<p><strong>M\u00e4nniskor utvecklas, mognar och m\u00e5r b\u00e4st i sm\u00e5 grupper. I den lilla gemenskap som en familj utg\u00f6r f\u00e5r familjemedlemmarna m\u00f6jlighet att ge och m\u00f6ta k\u00e4rlek, omtanke och f\u00f6rst\u00e5else men ocks\u00e5 st\u00e4llas inf\u00f6r krav och l\u00e4ra sig ta ansvar. Utg\u00e5ngspunkten ska vara att familjen sj\u00e4lv ska ha makten att utforma den egna vardagen. Det offentligas uppgift \u00e4r att ge st\u00f6d i detta.<\/strong><\/p>\n<p>Kristdemokraterna anser att,<\/p>\n<ul>\n<li>familjecentral ska finnas i alla kommundelar (norr, s\u00f6der och centrala)<\/li>\n<li>f\u00f6r\u00e4ldrast\u00f6dsprogram ska utvecklas och erbjudas under barnets uppv\u00e4xttid<\/li>\n<li>f\u00f6rstag\u00e5ngsf\u00f6r\u00e4ldrar ska erbjudas en gratischeck till familjer\u00e5dgivning som de kan utnyttja om de vill eller har behov<\/li>\n<li>politiker och personal inom barn\/ungdomsverksamhet ska utbildas i hur barnkonventionen\u00a0ska beaktas och till\u00e4mpas<\/li>\n<\/ul>\n<h2>Skolan<\/h2>\n<p><strong>Skolan har tv\u00e5 huvuduppgifter- dels att stimulera elevernas intellektuella och praktiska kunskapsutveckling och kritiska t\u00e4nkande och dels att tillsammans med f\u00f6r\u00e4ldrarna fostra eleverna till ansvariga samh\u00e4llsmedborgare. Skolan har mot denna bakgrund i uppgift att ge varje elev s\u00e5 goda f\u00f6ruts\u00e4ttningar som m\u00f6jligt att n\u00e5 sin fulla potential. I m\u00e5nga klassrum \u00e4r det allt f\u00f6r d\u00e5lig studiero f\u00f6r att eleverna ska kunna tillgodog\u00f6ra sig undervisningen optimalt.<\/strong><\/p>\n<p>Kristdemokraterna anser att<\/p>\n<ul>\n<li>f\u00f6r att f\u00f6rb\u00e4ttra skolresultaten b\u00f6r resurser prioriteras och arbetet med att \u00f6ka antalet\u00a0beh\u00f6riga l\u00e4rare intensifieras. Fler vuxna beh\u00f6vs i skolan.<\/li>\n<li>arbetsmilj\u00f6n f\u00f6r l\u00e4rare och elever b\u00f6r f\u00f6rb\u00e4ttras<\/li>\n<li>nolltolerans mot mobbing, trakasserier och annan kr\u00e4nkande behandling ska g\u00e4lla<\/li>\n<li>endast evidensbaserade antimobbningsprogram ska anv\u00e4ndas<\/li>\n<li>den som medvetet f\u00f6rst\u00f6r skolmilj\u00f6n, ex.vis genom klotter ska medverka till att skadorna\u00a0\u00e5terst\u00e4lls<\/li>\n<\/ul>\n<h2>Jobben<\/h2>\n<p><strong>M\u00e5nga st\u00e5r idag utanf\u00f6r arbetsmarknaden och d\u00e4rmed utanf\u00f6r n\u00e5gon form av arbetsgemenskap. Det r\u00f6r sig framf\u00f6rallt om personer med oh\u00e4lsa eller funktionsned -s\u00e4ttningar och personer med otillr\u00e4cklig kompetens. D\u00e4rtill finns en stor grupp nyanl\u00e4nda som riskerar att hamna i l\u00e5ngvarigt utanf\u00f6rskap om de inte kommer in p\u00e5 arbetsmarknaden. Psykisk oh\u00e4lsa bland arbetsl\u00f6sa \u00e4r stor.<\/strong><\/p>\n<p>Kristdemokraterna anser att<\/p>\n<ul>\n<li>kommunen ska ha en positiv attityd till f\u00f6retagande och skapa f\u00f6rst\u00e5else f\u00f6r f\u00f6retagens\u00a0situation och behov<\/li>\n<li>kommunens service till f\u00f6retagen ska tydligg\u00f6ras genom att det inf\u00f6rs servicegarantier\u00a0med tydliga besked om vilka effekter det blir f\u00f6r kommunen om garantin inte uppfylls<\/li>\n<li>kommunen ska f\u00f6reg\u00e5 med gott exempel d\u00e5 det g\u00e4ller att anst\u00e4lla personer med n\u00e5gon\u00a0\u00a0form av arbetshinder, ex. vis funktionsneds\u00e4ttning , spr\u00e5ksv\u00e5righeter eller personer som\u00a0\u00a0\u00e4r i behov av rehabilitering eller som av andra sk\u00e4l st\u00e5r l\u00e5ngt ifr\u00e5n arbetsmarknaden \u201dAlla kan inte arbeta 100 % av en heltid men alla ska ha m\u00f6jlighet att arbeta 100 % av sin\u00a0f\u00f6rm\u00e5ga\u201d<\/li>\n<li>nolltolerans mot trakasserier och annan kr\u00e4nkande behandling p\u00e5 kommunens\u00a0arbetsplatser<\/li>\n<\/ul>\n<h2><strong>Kultur och fritid<\/strong><\/h2>\n<p><strong>Ett rikt utbud av kultur, fritidsaktiviteter och friluftsliv bidrar till ett samh\u00e4lle d\u00e4r det \u00e4r gott att leva. Ett samh\u00e4lle utan ett rikt kulturliv \u00e4r fattigt och missar den inspiration som kulturella uttryck f\u00f6rmedlar. Det offentliga beh\u00f6ver dock inte prim\u00e4rt utf\u00f6ra verksamheten, d\u00e4remot i samverkan med civilsamh\u00e4lle\u00a0 och n\u00e4ringsliv skapa f\u00f6ruts\u00e4ttningar f\u00f6r ett rikt kultur-, fritids-och friluftsliv. M\u00f6jligheten till ett variationsrikt uteliv fr\u00e4mjar Lindesberg som attraktiv ort och medborgarnas h\u00e4lsa.<\/strong><\/p>\n<p>Kristdemokraterna anser att<\/p>\n<ul>\n<li>ett museum ska finnas i centrala Lindesberg<\/li>\n<li>kultur \u00e4r en friskhetsfaktor och ska vara ett naturligt och rikt utbud p\u00e5 \u00e4ldreboenden och omsorgsboenden i samarbete med kulturinstitutioner och civilsamh\u00e4lle<\/li>\n<li>f\u00f6rt\u00f6jningsplats f\u00f6r b\u00e5tar nedanf\u00f6r kyrkan ska skapas<\/li>\n<li>\u00a0fler l\u00e4tthittade leder\/platser f\u00f6r vandring, skid\u00e5kning, cykling, kanoting och fiske m.m.\u00a0b\u00f6r iordningst\u00e4llas<\/li>\n<li>en grillplats och en liten brygga som man kan fiska fr\u00e5n anordnas p\u00e5 \u00f6n Trallingen<\/li>\n<li>fritidspeng som kan s\u00f6kas av barnfamiljer med f\u00f6rs\u00f6rjningsst\u00f6d f\u00f6r att st\u00f6dja barnens f\u00f6reningsengagemang ska kunna s\u00f6kas<\/li>\n<\/ul>\n<h2><strong>\u00c4ldreomsorg<\/strong><\/h2>\n<p><strong>M\u00e4nniskov\u00e4rdet beror inte p\u00e5\u00a0 \u00e5ldern eller den egna f\u00f6rm\u00e5gan. \u00c4ldreomsorgen ska d\u00e4rf\u00f6r pr\u00e4glas av trygghet, v\u00e4rdighet och delaktighet. V\u00e5r utg\u00e5ngspunkt \u00e4r att varje person b\u00e4st k\u00e4nner sina egna behov och att m\u00f6jligheten till inflytande och valfrihet ska vara stort.<\/strong><\/p>\n<p><strong>N\u00e4rhet och gemenskap \u00e4r grundl\u00e4ggande behov. Tyv\u00e4rr \u00e4r ensamhet och passivitet bland \u00e4ldre ett stort problem. D\u00e4rf\u00f6r m\u00e5ste \u00e4ldreomsorgen ha ett gott samarbete med anh\u00f6riga, f\u00f6reningar, kyrkor och andra ideella krafter.<\/strong><\/p>\n<p><strong>Ideellt driven och id\u00e9buren v\u00e5rd och omsorg ska ges goda f\u00f6ruts\u00e4ttningar att v\u00e4xa fram och driva verksamhet. Kan bidra till en \u00f6kad m\u00e5ngfald av inriktningar och utg\u00e5r vanligen fr\u00e5n en tydlig v\u00e4rdegrund. Id\u00e9burna akt\u00f6rer kan identifiera nya behov och arbetsformer utan att vara l\u00e5sta i viss struktur och \u00e4r ofta f\u00f6rankrade i civilsamh\u00e4llet.<\/strong><\/p>\n<p>Kristdemokraterna anser att<\/p>\n<ul>\n<li>varje person \u00f6ver 85 \u00e5r som vill, ska garanteras plats i anpassat boende. Detta utan\u00a0bist\u00e5ndsbed\u00f6mning<\/li>\n<li>trygghetsboende ska finnas i norra, centrala och s\u00f6dra kommundelarna<\/li>\n<li>valfrihet ska efterstr\u00e4vas genom till\u00e4mpning av Lagen Om Valfrihet<\/li>\n<li>v\u00e5rdserviceteam ska inr\u00e4ttas med personal som avlastar v\u00e5rdpersonalen arbetsuppgifter, t.ex.\u00a0administrativa tj\u00e4nster, service i form av transporter, st\u00e4dning m.m.<\/li>\n<li>h\u00f6g kvalit\u00e9 vad g\u00e4ller maten ska garanteras samt att den \u00e4ldre garanteras r\u00e4tt n\u00e4ringsintag\u00a0f\u00f6r att f\u00f6rhindra undern\u00e4ring<\/li>\n<li>antal hemtj\u00e4nstpersonal per hemtj\u00e4nstagare ska inte \u00f6verstiga 10 olika personer per 14-dagarsperiod<\/li>\n<li>geriatrisk och palliativ kompetens ska finnas p\u00e5 v\u00e5rdboendena<\/li>\n<li>alla ska garanteras en v\u00e4rdig v\u00e5rd i livets slutskede.<\/li>\n<\/ul>\n<h2><strong>Trygghet och s\u00e4kerhet<\/strong><\/h2>\n<p><strong>Det viktigaste s\u00e4ttet att bek\u00e4mpa brottslighet \u00e4r genom f\u00f6rebyggande insatser och det \u00e4r framf\u00f6rallt vuxnas ansvar gentemot barn och ungdomar. Familjens roll att fostra och v\u00e4gleda de unga \u00e4r av st\u00f6rsta vikt. Trygga familjer bygger ett tryggare Sverige. Samh\u00e4llet m\u00e5ste vidare ge tydliga signaler om vad som \u00e4r r\u00e4tt och fel.\u00a0 En snabb reaktion p\u00e5 beg\u00e5ngna brott och en \u00f6kad uppt\u00e4cktsrisk f\u00f6r f\u00f6r\u00f6varna \u00e4r viktigt.<\/strong><\/p>\n<p>Kristdemokraterna anser att<\/p>\n<ul>\n<li>\u00a0st\u00f6dcentrum f\u00f6r unga brottsoffer ska tillskapas<\/li>\n<li>kontaktmannaskap f\u00f6r unga som beg\u00e5tt kriminella handlingar ska finnas<\/li>\n<li>bekymringssamtal, orosm\u00f6ten och liknande b\u00f6r erbjudas som behandling till personer\u00a0som ing\u00e5r i kriminella strukturer<\/li>\n<li>trygghetsperspektivet \u00e4r viktigt i stadsbyggnadsarbetet f\u00f6r att undvika att\u00a0 milj\u00f6er skapas som upplevs otrygga<\/li>\n<li>klotter ska omedelbart avl\u00e4gsnas<\/li>\n<li>f\u00f6r\u00e4ldrast\u00f6dsprogram ska utvecklas och erbjudas f\u00f6r\u00e4ldrar<\/li>\n<li>\u201d bostad f\u00f6rst\u201d f\u00f6r heml\u00f6sa personer med psykisk sjukdom, missbruk eller annan\u00a0problematik f\u00f6r att m\u00f6jligg\u00f6ra att andra \u00e5tg\u00e4rder lyckas<\/li>\n<li>utdrag ur belastningsregistret vid anst\u00e4llningar p\u00e5 v\u00e5rdboenden<\/li>\n<li>s\u00e4kerst\u00e4lla rutiner f\u00f6r hantering av de boendes pengar och v\u00e4rdesaker p\u00e5 v\u00e5rdboenden<\/li>\n<li>s\u00e4kerst\u00e4lla att obeh\u00f6riga eller fr\u00e4mmande personer inte tr\u00e4nger sig in p\u00e5 v\u00e5rdboenden<\/li>\n<li>intensifiera det f\u00f6rebyggande arbetet mot alkohol- och narkotikamissbruk<\/li>\n<\/ul>\n<h2><strong>Milj\u00f6<\/strong><\/h2>\n<p><strong>F\u00f6rvaltarskapstanken \u00e4r en b\u00e4rande del\u00a0 i den kristdemokratiska ideologin. P\u00e5 milj\u00f6omr\u00e5det inneb\u00e4r det att vi inte f\u00e5r f\u00f6rbruka v\u00e5r jord och dess tillg\u00e5ngar. Vi ska agera p\u00e5 ett s\u00e5dant s\u00e4tt att vi med stolthet kan \u00f6verl\u00e4mna frukterna av v\u00e5rt arbete till kommande generationer<\/strong><\/p>\n<p>Kristdemokraterna anser<\/p>\n<ul>\n<li>kommunen ska arbeta f\u00f6r ett \u00f6kat anv\u00e4ndande av ekologiska och n\u00e4rproducerade\u00a0livsmedel inom f\u00f6rskola, skola och \u00e4ldreomsorg<\/li>\n<li>upphandling av n\u00e4rodlade livsmedel ska fr\u00e4mjas genom mindre omfattande upphandlingar\u00a0f\u00f6r att fler och mindre leverant\u00f6rer ska kunna medverka<\/li>\n<li>kommunen ska verka f\u00f6r att kommunernas resvanor blir mer h\u00e5llbara<\/li>\n<li>minska p\u00e5 biltrafiken och d\u00e4rmed minska skadliga utsl\u00e4pp \u00a0i centralorten genom inf\u00f6randet\u00a0av fria bussresor med buss som har plats f\u00f6r rullstolar och rollatorer vilket ocks\u00e5 minskar\u00a0behovet av f\u00e4rdtj\u00e4nst<\/li>\n<li>kommunen ska planera f\u00f6r en h\u00e4lsofr\u00e4mjande n\u00e4rmilj\u00f6 som inneb\u00e4r n\u00e4rhet till\u00a0 gr\u00f6nomr\u00e5den, g\u00e5ng-och cykelv\u00e4gar<\/li>\n<\/ul>\n<p>&nbsp;<\/p>\n","protected":false},"excerpt":{"rendered":"<p>Familjen M\u00e4nniskor utvecklas, mognar och m\u00e5r b\u00e4st i sm\u00e5 grupper. I den lilla gemenskap som en familj utg\u00f6r f\u00e5r familjemedlemmarna m\u00f6jlighet att ge och m\u00f6ta k\u00e4rlek, omtanke och f\u00f6rst\u00e5else men ocks\u00e5 st\u00e4llas inf\u00f6r krav och l\u00e4ra sig ta ansvar. Utg\u00e5ngspunkten ska vara att familjen sj\u00e4lv ska ha makten att utforma den egna vardagen. Det offentligas <a class=\"read-more-link\" href=\"https:\/\/wp.kristdemokraterna.se\/lindesberg\/var-politik\/var-politik-i-kommunen\/\">L\u00e4s mer<\/a><\/p>\n","protected":false},"author":38,"featured_media":714,"parent":779,"menu_order":0,"comment_status":"closed","ping_status":"closed","template":"","meta":{"_acf_changed":false,"footnotes":""},"class_list":["post-373","page","type-page","status-publish","hentry"],"acf":[],"yoast_head":"<!-- This site is optimized with the Yoast SEO plugin v27.4 - https:\/\/yoast.com\/product\/yoast-seo-wordpress\/ -->\n<title>V\u00e5r politik i kommunen - Lindesberg<\/title>\n<meta name=\"robots\" content=\"index, follow, max-snippet:-1, max-image-preview:large, max-video-preview:-1\" \/>\n<link rel=\"canonical\" href=\"https:\/\/wp.kristdemokraterna.se\/lindesberg\/var-politik\/var-politik-i-kommunen\/\" \/>\n<meta property=\"og:locale\" content=\"sv_SE\" \/>\n<meta property=\"og:type\" content=\"article\" \/>\n<meta property=\"og:title\" content=\"V\u00e5r politik i kommunen - Lindesberg\" \/>\n<meta property=\"og:description\" content=\"Familjen M\u00e4nniskor utvecklas, mognar och m\u00e5r b\u00e4st i sm\u00e5 grupper. I den lilla gemenskap som en familj utg\u00f6r f\u00e5r familjemedlemmarna m\u00f6jlighet att ge och m\u00f6ta k\u00e4rlek, omtanke och f\u00f6rst\u00e5else men ocks\u00e5 st\u00e4llas inf\u00f6r krav och l\u00e4ra sig ta ansvar. Utg\u00e5ngspunkten ska vara att familjen sj\u00e4lv ska ha makten att utforma den egna vardagen. Det offentligas L\u00e4s mer\" \/>\n<meta property=\"og:url\" content=\"https:\/\/wp.kristdemokraterna.se\/lindesberg\/var-politik\/var-politik-i-kommunen\/\" \/>\n<meta property=\"og:site_name\" content=\"Lindesberg\" \/>\n<meta property=\"article:modified_time\" content=\"2026-03-09T11:54:12+00:00\" \/>\n<meta name=\"twitter:card\" content=\"summary_large_image\" \/>\n<meta name=\"twitter:label1\" content=\"Ber\u00e4knad l\u00e4stid\" \/>\n\t<meta name=\"twitter:data1\" content=\"6 minuter\" \/>\n<script type=\"application\/ld+json\" class=\"yoast-schema-graph\">{\"@context\":\"https:\\\/\\\/schema.org\",\"@graph\":[{\"@type\":\"WebPage\",\"@id\":\"https:\\\/\\\/wp.kristdemokraterna.se\\\/lindesberg\\\/var-politik\\\/var-politik-i-kommunen\\\/\",\"url\":\"https:\\\/\\\/wp.kristdemokraterna.se\\\/lindesberg\\\/var-politik\\\/var-politik-i-kommunen\\\/\",\"name\":\"V\u00e5r politik i kommunen - Lindesberg\",\"isPartOf\":{\"@id\":\"https:\\\/\\\/wp.kristdemokraterna.se\\\/lindesberg\\\/#website\"},\"primaryImageOfPage\":{\"@id\":\"https:\\\/\\\/wp.kristdemokraterna.se\\\/lindesberg\\\/var-politik\\\/var-politik-i-kommunen\\\/#primaryimage\"},\"image\":{\"@id\":\"https:\\\/\\\/wp.kristdemokraterna.se\\\/lindesberg\\\/var-politik\\\/var-politik-i-kommunen\\\/#primaryimage\"},\"thumbnailUrl\":\"\",\"datePublished\":\"2017-12-04T15:47:18+00:00\",\"dateModified\":\"2026-03-09T11:54:12+00:00\",\"breadcrumb\":{\"@id\":\"https:\\\/\\\/wp.kristdemokraterna.se\\\/lindesberg\\\/var-politik\\\/var-politik-i-kommunen\\\/#breadcrumb\"},\"inLanguage\":\"sv-SE\",\"potentialAction\":[{\"@type\":\"ReadAction\",\"target\":[\"https:\\\/\\\/wp.kristdemokraterna.se\\\/lindesberg\\\/var-politik\\\/var-politik-i-kommunen\\\/\"]}]},{\"@type\":\"ImageObject\",\"inLanguage\":\"sv-SE\",\"@id\":\"https:\\\/\\\/wp.kristdemokraterna.se\\\/lindesberg\\\/var-politik\\\/var-politik-i-kommunen\\\/#primaryimage\",\"url\":\"\",\"contentUrl\":\"\"},{\"@type\":\"BreadcrumbList\",\"@id\":\"https:\\\/\\\/wp.kristdemokraterna.se\\\/lindesberg\\\/var-politik\\\/var-politik-i-kommunen\\\/#breadcrumb\",\"itemListElement\":[{\"@type\":\"ListItem\",\"position\":1,\"name\":\"Hem\",\"item\":\"https:\\\/\\\/wp.kristdemokraterna.se\\\/lindesberg\\\/\"},{\"@type\":\"ListItem\",\"position\":2,\"name\":\"V\u00e5r politik\",\"item\":\"https:\\\/\\\/wp.kristdemokraterna.se\\\/lindesberg\\\/var-politik\\\/\"},{\"@type\":\"ListItem\",\"position\":3,\"name\":\"V\u00e5r politik i kommunen\"}]},{\"@type\":\"WebSite\",\"@id\":\"https:\\\/\\\/wp.kristdemokraterna.se\\\/lindesberg\\\/#website\",\"url\":\"https:\\\/\\\/wp.kristdemokraterna.se\\\/lindesberg\\\/\",\"name\":\"Lindesberg\",\"description\":\"V\u00e5rd, vardag, v\u00e4rderingar\",\"inLanguage\":\"sv-SE\"}]}<\/script>\n<!-- \/ Yoast SEO plugin. -->","yoast_head_json":{"title":"V\u00e5r politik i kommunen - Lindesberg","robots":{"index":"index","follow":"follow","max-snippet":"max-snippet:-1","max-image-preview":"max-image-preview:large","max-video-preview":"max-video-preview:-1"},"canonical":"https:\/\/wp.kristdemokraterna.se\/lindesberg\/var-politik\/var-politik-i-kommunen\/","og_locale":"sv_SE","og_type":"article","og_title":"V\u00e5r politik i kommunen - Lindesberg","og_description":"Familjen M\u00e4nniskor utvecklas, mognar och m\u00e5r b\u00e4st i sm\u00e5 grupper. I den lilla gemenskap som en familj utg\u00f6r f\u00e5r familjemedlemmarna m\u00f6jlighet att ge och m\u00f6ta k\u00e4rlek, omtanke och f\u00f6rst\u00e5else men ocks\u00e5 st\u00e4llas inf\u00f6r krav och l\u00e4ra sig ta ansvar. Utg\u00e5ngspunkten ska vara att familjen sj\u00e4lv ska ha makten att utforma den egna vardagen. Det offentligas L\u00e4s mer","og_url":"https:\/\/wp.kristdemokraterna.se\/lindesberg\/var-politik\/var-politik-i-kommunen\/","og_site_name":"Lindesberg","article_modified_time":"2026-03-09T11:54:12+00:00","twitter_card":"summary_large_image","twitter_misc":{"Ber\u00e4knad l\u00e4stid":"6 minuter"},"schema":{"@context":"https:\/\/schema.org","@graph":[{"@type":"WebPage","@id":"https:\/\/wp.kristdemokraterna.se\/lindesberg\/var-politik\/var-politik-i-kommunen\/","url":"https:\/\/wp.kristdemokraterna.se\/lindesberg\/var-politik\/var-politik-i-kommunen\/","name":"V\u00e5r politik i kommunen - Lindesberg","isPartOf":{"@id":"https:\/\/wp.kristdemokraterna.se\/lindesberg\/#website"},"primaryImageOfPage":{"@id":"https:\/\/wp.kristdemokraterna.se\/lindesberg\/var-politik\/var-politik-i-kommunen\/#primaryimage"},"image":{"@id":"https:\/\/wp.kristdemokraterna.se\/lindesberg\/var-politik\/var-politik-i-kommunen\/#primaryimage"},"thumbnailUrl":"","datePublished":"2017-12-04T15:47:18+00:00","dateModified":"2026-03-09T11:54:12+00:00","breadcrumb":{"@id":"https:\/\/wp.kristdemokraterna.se\/lindesberg\/var-politik\/var-politik-i-kommunen\/#breadcrumb"},"inLanguage":"sv-SE","potentialAction":[{"@type":"ReadAction","target":["https:\/\/wp.kristdemokraterna.se\/lindesberg\/var-politik\/var-politik-i-kommunen\/"]}]},{"@type":"ImageObject","inLanguage":"sv-SE","@id":"https:\/\/wp.kristdemokraterna.se\/lindesberg\/var-politik\/var-politik-i-kommunen\/#primaryimage","url":"","contentUrl":""},{"@type":"BreadcrumbList","@id":"https:\/\/wp.kristdemokraterna.se\/lindesberg\/var-politik\/var-politik-i-kommunen\/#breadcrumb","itemListElement":[{"@type":"ListItem","position":1,"name":"Hem","item":"https:\/\/wp.kristdemokraterna.se\/lindesberg\/"},{"@type":"ListItem","position":2,"name":"V\u00e5r politik","item":"https:\/\/wp.kristdemokraterna.se\/lindesberg\/var-politik\/"},{"@type":"ListItem","position":3,"name":"V\u00e5r politik i kommunen"}]},{"@type":"WebSite","@id":"https:\/\/wp.kristdemokraterna.se\/lindesberg\/#website","url":"https:\/\/wp.kristdemokraterna.se\/lindesberg\/","name":"Lindesberg","description":"V\u00e5rd, vardag, v\u00e4rderingar","inLanguage":"sv-SE"}]}},"_links":{"self":[{"href":"https:\/\/wp.kristdemokraterna.se\/lindesberg\/wp-json\/wp\/v2\/pages\/373","targetHints":{"allow":["GET"]}}],"collection":[{"href":"https:\/\/wp.kristdemokraterna.se\/lindesberg\/wp-json\/wp\/v2\/pages"}],"about":[{"href":"https:\/\/wp.kristdemokraterna.se\/lindesberg\/wp-json\/wp\/v2\/types\/page"}],"author":[{"embeddable":true,"href":"https:\/\/wp.kristdemokraterna.se\/lindesberg\/wp-json\/wp\/v2\/users\/38"}],"replies":[{"embeddable":true,"href":"https:\/\/wp.kristdemokraterna.se\/lindesberg\/wp-json\/wp\/v2\/comments?post=373"}],"version-history":[{"count":5,"href":"https:\/\/wp.kristdemokraterna.se\/lindesberg\/wp-json\/wp\/v2\/pages\/373\/revisions"}],"predecessor-version":[{"id":889,"href":"https:\/\/wp.kristdemokraterna.se\/lindesberg\/wp-json\/wp\/v2\/pages\/373\/revisions\/889"}],"up":[{"embeddable":true,"href":"https:\/\/wp.kristdemokraterna.se\/lindesberg\/wp-json\/wp\/v2\/pages\/779"}],"wp:featuredmedia":[{"embeddable":true,"href":"https:\/\/wp.kristdemokraterna.se\/lindesberg\/wp-json\/"}],"wp:attachment":[{"href":"https:\/\/wp.kristdemokraterna.se\/lindesberg\/wp-json\/wp\/v2\/media?parent=373"}],"curies":[{"name":"wp","href":"https:\/\/api.w.org\/{rel}","templated":true}]}}