{"id":729,"date":"2025-03-25T20:20:59","date_gmt":"2025-03-25T19:20:59","guid":{"rendered":"https:\/\/wp.kristdemokraterna.se\/lindesberg\/?page_id=729"},"modified":"2026-03-09T13:24:48","modified_gmt":"2026-03-09T12:24:48","slug":"test","status":"publish","type":"page","link":"https:\/\/wp.kristdemokraterna.se\/lindesberg\/motioner\/test\/","title":{"rendered":"Motioner"},"content":{"rendered":"<p>&nbsp;<\/p>\n<hr \/>\n<p><strong>Motion till riksting 2026.<\/strong><\/p>\n<h2><strong>Motion Likv\u00e4rdig finansiering av teckenspr\u00e5kstolk\u00a0<\/strong><\/h2>\n<p>Tolktj\u00e4nst i regionen finansieras med statliga bidrag.<\/p>\n<p>Sedan 2010 har regeringen p\u00e5 olika s\u00e4tt str\u00e4vat efter att h\u00f6ja kvalit\u00e9n p\u00e5 teckenspr\u00e5kstolkning f\u00f6r d\u00f6va, h\u00f6rselskadade och personer med d\u00f6vblindhet. Det \u00e4r prioriterat utifr\u00e5n flera perspektiv (Diskrimineringslagen, Barnkonventionen, Spr\u00e5klagen, F\u00f6rvaltningslagen och Funktionshinderpolitiken \u2013 FN:s konvention om r\u00e4ttigheter f\u00f6r personer med funktionsneds\u00e4ttning et cetera).<\/p>\n<p>Utredningen om f\u00f6rst\u00e4rkt tolktj\u00e4nst f\u00f6r j\u00e4mlikhet och delaktighet mynnade ut i en handlingsplan f\u00f6r en l\u00e5ngsiktig utveckling av tolktj\u00e4nsten f\u00f6r d\u00f6va, h\u00f6rselskadade och personer med d\u00f6vblindhet (SOU 2022:11)<\/p>\n<p>I \u00f6versynen av f\u00f6rdelning av statsbidrag till regionerna f\u00f6r tolktj\u00e4nst som Socialstyrelsen gjorde 2024 framg\u00e5r att <em>statsbidraget ska f\u00f6rdelas till regionerna utifr\u00e5n en f\u00f6rdelning som bygger p\u00e5 inv\u00e5narantal.<\/em> Den f\u00f6rdelningsmodellen inf\u00f6rdes 2008. Trots detta anser b\u00e5de regioner och Socialstyrelsen att bidraget b\u00f6r utg\u00e5 fr\u00e5n <em>antal tolkanv\u00e4ndare som finns i varje region<\/em>. Det anser KD Lindesberg \u00e4r rimligt, b\u00e5de ur likv\u00e4rdighetsperspektiv f\u00f6r regionerna, men ocks\u00e5 f\u00f6r den enskilde individen.<\/p>\n<p>I budgetpropositionen f\u00f6r 2025 avsattes 30 miljoner kronor f\u00f6r att f\u00f6rst\u00e4rka st\u00f6det till teckenspr\u00e5kstolkning, men f\u00f6rdelningsmodellen \u00e4r dock, trots samsynen hos regioner och Socialstyrelsen, densamma.<\/p>\n<p>Det statliga bidraget skulle ur likv\u00e4rdighetsperspektiv f\u00f6r b\u00e5de region och enskild individ med f\u00f6rdel i st\u00e4llet grundas p\u00e5 den andel individer av regionens befolkning som har teckenspr\u00e5k som modersm\u00e5l.<\/p>\n<p>KD Lindesberg f\u00f6resl\u00e5r:<\/p>\n<ul>\n<li>Att utreda m\u00f6jligheterna att det statliga bidraget f\u00f6rdelas utifr\u00e5n respektive regions andel som tillh\u00f6r m\u00e5lgruppen\/anv\u00e4ndare av teckenspr\u00e5k och genom detta m\u00f6jligg\u00f6ra en mer likv\u00e4rdig bidragsf\u00f6rdelning.<\/li>\n<li>Att utifr\u00e5n denna utredning f\u00f6resl\u00e5 en konkret f\u00f6rdelningsmodell med syfte att ge ett likv\u00e4rdigt bidrag f\u00f6r tolktj\u00e4nst till Sveriges regioner som s\u00e4kerst\u00e4ller en likv\u00e4rdig m\u00f6jlighet f\u00f6r individen att f\u00e5 tillg\u00e5ng till tolk oavsett var man bor i Sverige.<\/li>\n<\/ul>\n<p>Markus Lundin, Ordf\u00f6rande KD Lindesberg<\/p>\n<p>&nbsp;<\/p>\n<p>Vi h\u00e4mtar st\u00f6d f\u00f6r v\u00e5r motion i:<\/p>\n<p><a href=\"https:\/\/www.regeringen.se\/rattsliga-dokument\/statens-offentliga-utredningar\/2022\/03\/sou-202211\/\">Handlingsplan f\u00f6r en l\u00e5ngsiktig utveckling av tolktj\u00e4nsten f\u00f6r d\u00f6va, h\u00f6rselskadade och personer med d\u00f6vblindhet &#8211; Regeringen.se<\/a><\/p>\n<p><a href=\"https:\/\/www.socialstyrelsen.se\/globalassets\/sharepoint-dokument\/artikelkatalog\/ovrigt\/2024-10-9289.pdf\">\u00d6versyn av f\u00f6rdelning av statsbidrag till regionerna f\u00f6r tolktj\u00e4nst<\/a><\/p>\n<hr \/>\n<p>&nbsp;<\/p>\n<p><strong>Ledamotsinitiativ fr\u00e5n Kristdemokraterna 2025-03-25<\/strong><\/p>\n<h2>\u00d6versyn av m\u00e5ltidsenhetens organisation<\/h2>\n<p>Bakgrund:<\/p>\n<p>Att h\u00e5lla budget \u00e4r utmanande och komplext. Det handlar om att \u00f6ka int\u00e4kter, men framf\u00f6r allt att begr\u00e4nsa utgifter.<\/p>\n<p>Skolmaten i skolan \u00e4r b\u00e5de v\u00e4rdefull och viktig. F\u00f6r vissa barn inneb\u00e4r skollunchen den enda n\u00e4ringsriktiga m\u00e5ltiden under dagen. Det b\u00f6r vi v\u00e4rna, men som m\u00e5ltidsenheten \u00e4r organiserad idag konkurrerar m\u00e5ltidskostnaderna med lagstadgad verksamhet.<\/p>\n<p>Kristdemokraterna ser ett v\u00e4rde i att f\u00f6r\u00e4ndra kommunens organisation till f\u00f6rm\u00e5n f\u00f6r att n\u00e4mnderna har kontroll p\u00e5 kostnaderna som f\u00f6ljer med tj\u00e4nster som k\u00f6ps in fr\u00e5n andra delar av kommunal verksamhet. I det h\u00e4r fallet m\u00e5ltider. KS skulle med f\u00f6rdel utreda m\u00f6jligheterna f\u00f6r en f\u00f6r\u00e4ndrad organisationsstruktur b\u00e5de vad g\u00e4ller k\u00f6p och s\u00e4lj av m\u00e5ltider, men ocks\u00e5 nyttjande av resurser (tillagningsk\u00f6k) och samordningsvinster (kan tillagningsk\u00f6k som h\u00f6r till en f\u00f6rvaltning laga mat \u00e5t en verksamhet organiserad i en annan f\u00f6rvaltning?).<\/p>\n<p>I praktiken f\u00f6r BUN inneb\u00e4r nuvarande organisationsl\u00f6sning diskussioner om eventuella f\u00f6r\u00e4ndringar inom f\u00f6rskola och skola som medf\u00f6r besparingar av k\u00e4rnuppdraget bland annat med anledning av att kostnaderna f\u00f6r m\u00e5ltider \u00f6kar och att det \u00e4r utanf\u00f6r BUN:s m\u00f6jlighet att p\u00e5verka dessa. Vi s\u00e4ger inte att n\u00e4mnden per automatik ska spara in p\u00e5 skolmaten, men det b\u00f6r ligga inom BuN:s ansvar att v\u00e4ga olika besparings\u00e5tg\u00e4rder som p\u00e5verkar kvalit\u00e9ten p\u00e5 undervisningen mot att spara in p\u00e5 skolmaten i n\u00e5gon omfattning.<\/p>\n<p>N\u00e4r det g\u00e4ller b\u00e4ttre nyttjande av resurser som tillagningsk\u00f6k skulle en \u00f6versyn av m\u00e5ltidsenhetens samtliga k\u00f6k eventuellt m\u00f6jligg\u00f6ra effektivisering som skulle kunna leda till minskade kostnader f\u00f6r kommunen. Kanske skulle ett tillagningsk\u00f6k i social f\u00f6rvaltning kunna laga mat \u00e5t barn -och utbildningsf\u00f6rvaltning i st\u00f6rre utstr\u00e4ckning eller vice versa.<\/p>\n<p>Det borde ligga i kommunstyrelsens intresse att se \u00f6ver dessa delar med tanke p\u00e5 den anstr\u00e4ngda ekonomiska situationen i kommunen som helhet.<\/p>\n<p>&nbsp;<\/p>\n<p>Kristdemokraterna f\u00f6resl\u00e5r d\u00e4rf\u00f6r att:<\/p>\n<ul>\n<li>Uppdra \u00e5t KS-f\u00f6rvaltningen att utreda m\u00f6jligheterna till en f\u00f6r\u00e4ndrad organisation avseende m\u00e5ltidsenhetens organisation och fakturering av m\u00e5ltider som m\u00e5ltidsenheten s\u00e4ljer till andra f\u00f6rvaltningar inom kommunen. Vilka mandat \u00e4r rimligt att s\u00e4ljare respektive k\u00f6pare av produkten\/m\u00e5ltider har?<\/li>\n<li>Uppdra \u00e5t KS-f\u00f6rvaltningen att utreda m\u00f6jligheterna till en f\u00f6r\u00e4ndrad organisation avseende effektivt nyttjande av tillagnings- och mottagningsk\u00f6k i kommunen som helhet.<\/li>\n<\/ul>\n<p>&nbsp;<\/p>\n<hr \/>\n<h2><\/h2>\n<h2><strong>Motion ang. inr\u00e4ttande av dietisttj\u00e4nst i \u00e4ldreomsorgen<\/strong><\/h2>\n<p><strong>\u00a0<\/strong>M\u00e5ltider \u00e4r en del av allas vardag. De skapar sociala sammanhang och \u00f6kar livskvalit\u00e9n och \u00e4r en viktig del av v\u00e5rd och omsorg. Arbetet kring mat och n\u00e4ring \u00e4r en integrerad del av v\u00e5rd och omsorg och ska pr\u00e4glas av kvalitetst\u00e4nkande p\u00e5 alla niv\u00e5er. M\u00e5ltiden inom \u00e4ldreomsorgen har stor betydelse f\u00f6r de \u00e4ldres livskvalit\u00e9 och beh\u00f6ver utformas utifr\u00e5n den \u00e4ldres individuella behov och \u00f6nskem\u00e5l.<\/p>\n<p>En ny rapport fr\u00e5n livsmedelverket (22-01-19) visar att \u00e4ldre inom kommunal \u00e4ldreomsorg f\u00e5r f\u00f6r lite mat och att undern\u00e4ring \u00e4r vanligt. Orsaken kan vara komplexa v\u00e5rd- och sjukdomsbilder, att maten inte \u00e4r anpassad f\u00f6r den enskilde eller att m\u00e5ltidssituationen inte \u00e4r optimal. M\u00e5ltidssituationen ska vara trevlig och andas v\u00e4rme och omsorg.<\/p>\n<p>En dietists arbete sker mycket i samarbete med andra personalgrupper inom v\u00e5rden och handlar mycket om utbildning, inspiration och r\u00e5dgivning till personal. Implementering av metoder och verktyg inom mat och m\u00e5ltider f\u00f6r att underl\u00e4tta kostintaget \u00e4r ocks\u00e5 en viktig uppgift f\u00f6r en dietist.<\/p>\n<p>Nutritionsfr\u00e5gan inom \u00e4ldreomsorgen beh\u00f6ver f\u00e5 h\u00f6gre status.<\/p>\n<p><strong>Med st\u00f6d av ovanst\u00e5ende f\u00f6resl\u00e5r Kristdemokraterna att en tj\u00e4nst som dietist inr\u00e4ttas inom \u00e4ldreomsorgen<\/strong><\/p>\n<p><strong>Lindesberg 22 02 18<\/strong><\/p>\n<p>&nbsp;<\/p>\n<p><strong>\u00a0<\/strong>Markus Lundin<strong>\u00a0\u00a0\u00a0\u00a0\u00a0\u00a0\u00a0\u00a0\u00a0\u00a0\u00a0\u00a0\u00a0\u00a0\u00a0\u00a0\u00a0\u00a0\u00a0\u00a0\u00a0\u00a0\u00a0\u00a0\u00a0\u00a0\u00a0\u00a0\u00a0\u00a0\u00a0\u00a0\u00a0\u00a0\u00a0\u00a0\u00a0\u00a0 <\/strong>Margareta Andergard<\/p>\n","protected":false},"excerpt":{"rendered":"<p>&nbsp; Motion till riksting 2026. Motion Likv\u00e4rdig finansiering av teckenspr\u00e5kstolk\u00a0 Tolktj\u00e4nst i regionen finansieras med statliga bidrag. Sedan 2010 har regeringen p\u00e5 olika s\u00e4tt str\u00e4vat efter att h\u00f6ja kvalit\u00e9n p\u00e5 teckenspr\u00e5kstolkning f\u00f6r d\u00f6va, h\u00f6rselskadade och personer med d\u00f6vblindhet. Det \u00e4r prioriterat utifr\u00e5n flera perspektiv (Diskrimineringslagen, Barnkonventionen, Spr\u00e5klagen, F\u00f6rvaltningslagen och Funktionshinderpolitiken \u2013 FN:s konvention om r\u00e4ttigheter <a class=\"read-more-link\" href=\"https:\/\/wp.kristdemokraterna.se\/lindesberg\/motioner\/test\/\">L\u00e4s mer<\/a><\/p>\n","protected":false},"author":1093,"featured_media":714,"parent":690,"menu_order":0,"comment_status":"closed","ping_status":"closed","template":"","meta":{"_acf_changed":false,"footnotes":""},"class_list":["post-729","page","type-page","status-publish","hentry"],"acf":[],"yoast_head":"<!-- This site is optimized with the Yoast SEO plugin v27.3 - https:\/\/yoast.com\/product\/yoast-seo-wordpress\/ -->\n<title>Motioner - Lindesberg<\/title>\n<meta name=\"robots\" content=\"index, follow, max-snippet:-1, max-image-preview:large, max-video-preview:-1\" \/>\n<link rel=\"canonical\" href=\"https:\/\/wp.kristdemokraterna.se\/lindesberg\/motioner\/test\/\" \/>\n<meta property=\"og:locale\" content=\"sv_SE\" \/>\n<meta property=\"og:type\" content=\"article\" \/>\n<meta property=\"og:title\" content=\"Motioner - Lindesberg\" \/>\n<meta property=\"og:description\" content=\"&nbsp; Motion till riksting 2026. Motion Likv\u00e4rdig finansiering av teckenspr\u00e5kstolk\u00a0 Tolktj\u00e4nst i regionen finansieras med statliga bidrag. Sedan 2010 har regeringen p\u00e5 olika s\u00e4tt str\u00e4vat efter att h\u00f6ja kvalit\u00e9n p\u00e5 teckenspr\u00e5kstolkning f\u00f6r d\u00f6va, h\u00f6rselskadade och personer med d\u00f6vblindhet. Det \u00e4r prioriterat utifr\u00e5n flera perspektiv (Diskrimineringslagen, Barnkonventionen, Spr\u00e5klagen, F\u00f6rvaltningslagen och Funktionshinderpolitiken \u2013 FN:s konvention om r\u00e4ttigheter L\u00e4s mer\" \/>\n<meta property=\"og:url\" content=\"https:\/\/wp.kristdemokraterna.se\/lindesberg\/motioner\/test\/\" \/>\n<meta property=\"og:site_name\" content=\"Lindesberg\" \/>\n<meta property=\"article:modified_time\" content=\"2026-03-09T12:24:48+00:00\" \/>\n<meta name=\"twitter:card\" content=\"summary_large_image\" \/>\n<meta name=\"twitter:label1\" content=\"Ber\u00e4knad l\u00e4stid\" \/>\n\t<meta name=\"twitter:data1\" content=\"5 minuter\" \/>\n<script type=\"application\/ld+json\" class=\"yoast-schema-graph\">{\"@context\":\"https:\\\/\\\/schema.org\",\"@graph\":[{\"@type\":\"WebPage\",\"@id\":\"https:\\\/\\\/wp.kristdemokraterna.se\\\/lindesberg\\\/motioner\\\/test\\\/\",\"url\":\"https:\\\/\\\/wp.kristdemokraterna.se\\\/lindesberg\\\/motioner\\\/test\\\/\",\"name\":\"Motioner - Lindesberg\",\"isPartOf\":{\"@id\":\"https:\\\/\\\/wp.kristdemokraterna.se\\\/lindesberg\\\/#website\"},\"primaryImageOfPage\":{\"@id\":\"https:\\\/\\\/wp.kristdemokraterna.se\\\/lindesberg\\\/motioner\\\/test\\\/#primaryimage\"},\"image\":{\"@id\":\"https:\\\/\\\/wp.kristdemokraterna.se\\\/lindesberg\\\/motioner\\\/test\\\/#primaryimage\"},\"thumbnailUrl\":\"\",\"datePublished\":\"2025-03-25T19:20:59+00:00\",\"dateModified\":\"2026-03-09T12:24:48+00:00\",\"breadcrumb\":{\"@id\":\"https:\\\/\\\/wp.kristdemokraterna.se\\\/lindesberg\\\/motioner\\\/test\\\/#breadcrumb\"},\"inLanguage\":\"sv-SE\",\"potentialAction\":[{\"@type\":\"ReadAction\",\"target\":[\"https:\\\/\\\/wp.kristdemokraterna.se\\\/lindesberg\\\/motioner\\\/test\\\/\"]}]},{\"@type\":\"ImageObject\",\"inLanguage\":\"sv-SE\",\"@id\":\"https:\\\/\\\/wp.kristdemokraterna.se\\\/lindesberg\\\/motioner\\\/test\\\/#primaryimage\",\"url\":\"\",\"contentUrl\":\"\"},{\"@type\":\"BreadcrumbList\",\"@id\":\"https:\\\/\\\/wp.kristdemokraterna.se\\\/lindesberg\\\/motioner\\\/test\\\/#breadcrumb\",\"itemListElement\":[{\"@type\":\"ListItem\",\"position\":1,\"name\":\"Hem\",\"item\":\"https:\\\/\\\/wp.kristdemokraterna.se\\\/lindesberg\\\/\"},{\"@type\":\"ListItem\",\"position\":2,\"name\":\"Ins\u00e4ndare &amp; Motioner\",\"item\":\"https:\\\/\\\/wp.kristdemokraterna.se\\\/lindesberg\\\/motioner\\\/\"},{\"@type\":\"ListItem\",\"position\":3,\"name\":\"Motioner\"}]},{\"@type\":\"WebSite\",\"@id\":\"https:\\\/\\\/wp.kristdemokraterna.se\\\/lindesberg\\\/#website\",\"url\":\"https:\\\/\\\/wp.kristdemokraterna.se\\\/lindesberg\\\/\",\"name\":\"Lindesberg\",\"description\":\"V\u00e5rd, vardag, v\u00e4rderingar\",\"inLanguage\":\"sv-SE\"}]}<\/script>\n<!-- \/ Yoast SEO plugin. -->","yoast_head_json":{"title":"Motioner - Lindesberg","robots":{"index":"index","follow":"follow","max-snippet":"max-snippet:-1","max-image-preview":"max-image-preview:large","max-video-preview":"max-video-preview:-1"},"canonical":"https:\/\/wp.kristdemokraterna.se\/lindesberg\/motioner\/test\/","og_locale":"sv_SE","og_type":"article","og_title":"Motioner - Lindesberg","og_description":"&nbsp; Motion till riksting 2026. Motion Likv\u00e4rdig finansiering av teckenspr\u00e5kstolk\u00a0 Tolktj\u00e4nst i regionen finansieras med statliga bidrag. Sedan 2010 har regeringen p\u00e5 olika s\u00e4tt str\u00e4vat efter att h\u00f6ja kvalit\u00e9n p\u00e5 teckenspr\u00e5kstolkning f\u00f6r d\u00f6va, h\u00f6rselskadade och personer med d\u00f6vblindhet. Det \u00e4r prioriterat utifr\u00e5n flera perspektiv (Diskrimineringslagen, Barnkonventionen, Spr\u00e5klagen, F\u00f6rvaltningslagen och Funktionshinderpolitiken \u2013 FN:s konvention om r\u00e4ttigheter L\u00e4s mer","og_url":"https:\/\/wp.kristdemokraterna.se\/lindesberg\/motioner\/test\/","og_site_name":"Lindesberg","article_modified_time":"2026-03-09T12:24:48+00:00","twitter_card":"summary_large_image","twitter_misc":{"Ber\u00e4knad l\u00e4stid":"5 minuter"},"schema":{"@context":"https:\/\/schema.org","@graph":[{"@type":"WebPage","@id":"https:\/\/wp.kristdemokraterna.se\/lindesberg\/motioner\/test\/","url":"https:\/\/wp.kristdemokraterna.se\/lindesberg\/motioner\/test\/","name":"Motioner - Lindesberg","isPartOf":{"@id":"https:\/\/wp.kristdemokraterna.se\/lindesberg\/#website"},"primaryImageOfPage":{"@id":"https:\/\/wp.kristdemokraterna.se\/lindesberg\/motioner\/test\/#primaryimage"},"image":{"@id":"https:\/\/wp.kristdemokraterna.se\/lindesberg\/motioner\/test\/#primaryimage"},"thumbnailUrl":"","datePublished":"2025-03-25T19:20:59+00:00","dateModified":"2026-03-09T12:24:48+00:00","breadcrumb":{"@id":"https:\/\/wp.kristdemokraterna.se\/lindesberg\/motioner\/test\/#breadcrumb"},"inLanguage":"sv-SE","potentialAction":[{"@type":"ReadAction","target":["https:\/\/wp.kristdemokraterna.se\/lindesberg\/motioner\/test\/"]}]},{"@type":"ImageObject","inLanguage":"sv-SE","@id":"https:\/\/wp.kristdemokraterna.se\/lindesberg\/motioner\/test\/#primaryimage","url":"","contentUrl":""},{"@type":"BreadcrumbList","@id":"https:\/\/wp.kristdemokraterna.se\/lindesberg\/motioner\/test\/#breadcrumb","itemListElement":[{"@type":"ListItem","position":1,"name":"Hem","item":"https:\/\/wp.kristdemokraterna.se\/lindesberg\/"},{"@type":"ListItem","position":2,"name":"Ins\u00e4ndare &amp; Motioner","item":"https:\/\/wp.kristdemokraterna.se\/lindesberg\/motioner\/"},{"@type":"ListItem","position":3,"name":"Motioner"}]},{"@type":"WebSite","@id":"https:\/\/wp.kristdemokraterna.se\/lindesberg\/#website","url":"https:\/\/wp.kristdemokraterna.se\/lindesberg\/","name":"Lindesberg","description":"V\u00e5rd, vardag, v\u00e4rderingar","inLanguage":"sv-SE"}]}},"_links":{"self":[{"href":"https:\/\/wp.kristdemokraterna.se\/lindesberg\/wp-json\/wp\/v2\/pages\/729","targetHints":{"allow":["GET"]}}],"collection":[{"href":"https:\/\/wp.kristdemokraterna.se\/lindesberg\/wp-json\/wp\/v2\/pages"}],"about":[{"href":"https:\/\/wp.kristdemokraterna.se\/lindesberg\/wp-json\/wp\/v2\/types\/page"}],"author":[{"embeddable":true,"href":"https:\/\/wp.kristdemokraterna.se\/lindesberg\/wp-json\/wp\/v2\/users\/1093"}],"replies":[{"embeddable":true,"href":"https:\/\/wp.kristdemokraterna.se\/lindesberg\/wp-json\/wp\/v2\/comments?post=729"}],"version-history":[{"count":11,"href":"https:\/\/wp.kristdemokraterna.se\/lindesberg\/wp-json\/wp\/v2\/pages\/729\/revisions"}],"predecessor-version":[{"id":911,"href":"https:\/\/wp.kristdemokraterna.se\/lindesberg\/wp-json\/wp\/v2\/pages\/729\/revisions\/911"}],"up":[{"embeddable":true,"href":"https:\/\/wp.kristdemokraterna.se\/lindesberg\/wp-json\/wp\/v2\/pages\/690"}],"wp:featuredmedia":[{"embeddable":true,"href":"https:\/\/wp.kristdemokraterna.se\/lindesberg\/wp-json\/"}],"wp:attachment":[{"href":"https:\/\/wp.kristdemokraterna.se\/lindesberg\/wp-json\/wp\/v2\/media?parent=729"}],"curies":[{"name":"wp","href":"https:\/\/api.w.org\/{rel}","templated":true}]}}