{"id":761,"date":"2025-10-10T10:12:30","date_gmt":"2025-10-10T08:12:30","guid":{"rendered":"https:\/\/wp.kristdemokraterna.se\/lindesberg\/?page_id=761"},"modified":"2026-04-13T19:49:27","modified_gmt":"2026-04-13T17:49:27","slug":"insandare","status":"publish","type":"page","link":"https:\/\/wp.kristdemokraterna.se\/lindesberg\/motioner\/insandare\/","title":{"rendered":"Ins\u00e4ndare"},"content":{"rendered":"<h1><a href=\"https:\/\/lindenytt.com\/nyheter\/fler-elever-behover-klara-matematiken-i-skolan\/\">Fler elever beh\u00f6ver klara matematiken i skolan<\/a><\/h1>\n<p><img loading=\"lazy\" decoding=\"async\" class=\"alignnone wp-image-199\" src=\"https:\/\/wp.kristdemokraterna.se\/lindesberg\/files\/2014\/04\/kreativitet_ej_logga-300x164.jpg\" alt=\"\" width=\"357\" height=\"195\" srcset=\"https:\/\/wp.kristdemokraterna.se\/lindesberg\/files\/2014\/04\/kreativitet_ej_logga-300x164.jpg 300w, https:\/\/wp.kristdemokraterna.se\/lindesberg\/files\/2014\/04\/kreativitet_ej_logga.jpg 478w\" sizes=\"auto, (max-width: 357px) 100vw, 357px\" \/> <img loading=\"lazy\" decoding=\"async\" class=\"alignnone wp-image-207\" src=\"https:\/\/wp.kristdemokraterna.se\/lindesberg\/files\/2014\/04\/skola_ej_logga-300x164.jpg\" alt=\"\" width=\"357\" height=\"195\" srcset=\"https:\/\/wp.kristdemokraterna.se\/lindesberg\/files\/2014\/04\/skola_ej_logga-300x164.jpg 300w, https:\/\/wp.kristdemokraterna.se\/lindesberg\/files\/2014\/04\/skola_ej_logga.jpg 478w\" sizes=\"auto, (max-width: 357px) 100vw, 357px\" \/><\/p>\n<p>\u00c5rets kvalitetsdagar f\u00f6r barn- och utbildningsn\u00e4mnden har nyligen varit. Det \u00e4r ett tillf\u00e4lle f\u00f6r n\u00e4mnden att f\u00e5 information och samtala med rektorer i f\u00f6rskola, grundskola och gymnasieskola. Det som \u00e4r det b\u00e4sta med dessa dagar \u00e4r bekr\u00e4ftelsen vi f\u00e5r p\u00e5 att vi har en otroligt h\u00f6gkvalitativ utbildning i Lindesbergs kommun.<\/p>\n<p>S\u00e5klart finns det \u00e4nd\u00e5 utmaningar, m\u00e5luppfyllelse \u00e4r en s\u00e5dan. Vi vill att alla barn och elever ska g\u00e5 ur skolan med godk\u00e4nda betyg. En faktor f\u00f6r att lyckas med detta \u00e4r tidiga insatser. Att vi m\u00e4nniskor har olika f\u00f6ruts\u00e4ttningar avspeglas i samh\u00e4llet s\u00e5 v\u00e4l som i skolan, men utifr\u00e5n skolans kompenserande uppdrag beh\u00f6ver vi aktivt arbeta f\u00f6r att v\u00e4ga upp dessa.<\/p>\n<p>Ett s\u00e4tt att kompensera \u00e4r genom tidiga st\u00f6dinsatser. F\u00f6r att alla ska ges b\u00e4ttre f\u00f6ruts\u00e4ttningar att lyckas i skolan vill Kristdemokraterna m\u00f6jligg\u00f6ra f\u00f6r tidiga insatser genom dubbel bemanning p\u00e5 matematiklektionerna i skol\u00e5ren F-3. P\u00e5 s\u00e5 s\u00e4tt kan undervisningen b\u00e4ttre anpassas till alla elevers behov. Till exempel kan det medf\u00f6ra mer individanpassning, tv\u00e5 par \u00f6gon som ser, f\u00f6ljer och kan bed\u00f6ma elevens kunskaper och ett delat ansvar i att stimulera och st\u00f6dja eleverna i deras l\u00e4rande.<\/p>\n<p>Varf\u00f6r satsning just p\u00e5 matematik? Trenden nationellt vad g\u00e4ller m\u00e5luppfyllelse g\u00e5r ned\u00e5t, s\u00e5 \u00e4ven i Lindesberg. Kristdemokraterna \u00e4r dock \u00f6vertygade om att vi inte kan v\u00e4nta p\u00e5 att den trenden ska v\u00e4nda. Vi beh\u00f6ver agera. F\u00f6r varje elev som vi kan ge f\u00f6ruts\u00e4ttningar att klara godk\u00e4nda betyg kan vi undvika negativa effekter f\u00f6r individen, men det finns ocks\u00e5 stora m\u00f6jligheter att begr\u00e4nsa kostnaderna f\u00f6r samh\u00e4llet. Det f\u00e5 st\u00f6rre konsekvenser att inte agera.<\/p>\n<p>Kap 2, 10 \u00a7 i skollagen (800:210) s\u00e4ger att <em>Rektorn beslutar om sin enhets inre organisation och ansvarar f\u00f6r att f\u00f6rdela resurser inom enheten efter barnens och elevernas olika f\u00f6ruts\u00e4ttningar och behov. <\/em>Barn- och utbildningsn\u00e4mnden kan d\u00e4rmed inte detaljstyra och best\u00e4mma att rektorer ska dubbla bemanningen p\u00e5 matematiklektionerna. Kristdemokraterna kan dock s\u00e4ga att det vi kommer driva \u00e4r en satsning p\u00e5 \u00f6kad m\u00e5luppfyllelse i matematik. Vi tror ocks\u00e5 p\u00e5 att dubbel bemanning p\u00e5 matematiklektionerna kommer ge resultat.<\/p>\n<p><strong>Helene Lundin, ledamot i Barn- och utbildningsn\u00e4mnden<\/strong><\/p>\n<p><strong>Kristdemokraterna Lindesberg<\/strong><\/p>\n<p>Publicerad 27 mars 2026 klockan 10:35<\/p>\n<p>&nbsp;<\/p>\n<hr \/>\n<h1><a href=\"https:\/\/lindenytt.com\/nyheter\/begransning-av-akutvarden-pa-lindesbergs-lasarett-kommer-inte-ge-nagon-besparing\/\">\u201dBegr\u00e4nsning av akutv\u00e5rden p\u00e5 Lindesbergs lasarett kommer inte ge n\u00e5gon besparing\u201d<\/a><\/h1>\n<p><img loading=\"lazy\" decoding=\"async\" class=\"wp-image-942 alignleft\" src=\"https:\/\/wp.kristdemokraterna.se\/lindesberg\/files\/2026\/03\/markus-lundin-2026-010-small-grey-225x300.jpg\" alt=\"\" width=\"225\" height=\"300\" srcset=\"https:\/\/wp.kristdemokraterna.se\/lindesberg\/files\/2026\/03\/markus-lundin-2026-010-small-grey-225x300.jpg 225w, https:\/\/wp.kristdemokraterna.se\/lindesberg\/files\/2026\/03\/markus-lundin-2026-010-small-grey-768x1024.jpg 768w, https:\/\/wp.kristdemokraterna.se\/lindesberg\/files\/2026\/03\/markus-lundin-2026-010-small-grey-1152x1536.jpg 1152w, https:\/\/wp.kristdemokraterna.se\/lindesberg\/files\/2026\/03\/markus-lundin-2026-010-small-grey-1536x2048.jpg 1536w, https:\/\/wp.kristdemokraterna.se\/lindesberg\/files\/2026\/03\/markus-lundin-2026-010-small-grey-150x200.jpg 150w, https:\/\/wp.kristdemokraterna.se\/lindesberg\/files\/2026\/03\/markus-lundin-2026-010-small-grey-370x493.jpg 370w, https:\/\/wp.kristdemokraterna.se\/lindesberg\/files\/2026\/03\/markus-lundin-2026-010-small-grey-770x1027.jpg 770w, https:\/\/wp.kristdemokraterna.se\/lindesberg\/files\/2026\/03\/markus-lundin-2026-010-small-grey-450x600.jpg 450w, https:\/\/wp.kristdemokraterna.se\/lindesberg\/files\/2026\/03\/markus-lundin-2026-010-small-grey-280x373.jpg 280w, https:\/\/wp.kristdemokraterna.se\/lindesberg\/files\/2026\/03\/markus-lundin-2026-010-small-grey-340x453.jpg 340w, https:\/\/wp.kristdemokraterna.se\/lindesberg\/files\/2026\/03\/markus-lundin-2026-010-small-grey-42x56.jpg 42w, https:\/\/wp.kristdemokraterna.se\/lindesberg\/files\/2026\/03\/markus-lundin-2026-010-small-grey.jpg 1875w\" sizes=\"auto, (max-width: 225px) 100vw, 225px\" \/><\/p>\n<p><strong>INS\u00c4NDARE\/DEBATT: Det besparingsf\u00f6rslag som presenterades av tj\u00e4nstem\u00e4n i regionen den 8 september skulle komma att inneb\u00e4ra att akutens kirurgverksamhet flyttas fr\u00e5n Lindesberg och att de patienter som \u00e4r i behov av s\u00e5dan v\u00e5rd ist\u00e4llet transporteras till Universitetssjukhuset i \u00d6rebro alternativt Karlskoga lasarett.<\/strong><\/p>\n<div class=\"the-post-content\">\n<p>Att nedl\u00e4ggning av kirurgverksamheten i Lindesberg skulle medf\u00f6ra en besparing f\u00f6r regionen framf\u00f6rs som argument f\u00f6r att driva igenom f\u00f6rslaget. Det har tidigare lagts f\u00f6rslag i regionen med syfte att spara pengar, inte bara en g\u00e5ng utan tv\u00e5 (2010 samt 2020). Senast g\u00e4llde det begr\u00e4nsningar av ortopedi och kirurgi under helg- och nattetid. Det som d\u00e5 visade sig skulle bli verklighet var inte en besparing, inte heller att man hade samma kostnader utan att man skulle f\u00e5 h\u00f6gre kostnader i och med de \u00f6kade antal transporter av patienter som f\u00f6r\u00e4ndringarna bland annat skulle medf\u00f6ra som konsekvens. Regionen valde d\u00e5 att backa fr\u00e5n f\u00f6rslaget.<\/p>\n<p>Nu verkar det allts\u00e5 som att man tror att ett tredje f\u00f6rs\u00f6k medf\u00f6r en besparing trots att underlag i sakfr\u00e5gan tydligt talar f\u00f6r att f\u00f6ruts\u00e4ttningarna inte ser annorlunda ut idag \u00e4n vad de gjorde 2020. En ber\u00e4kning \u00e4r att knappt 30% av de patienter som idag f\u00e5r kvalitativ kirurgisk v\u00e5rd p\u00e5 akuten i Lindesberg idag ist\u00e4llet skulle beh\u00f6va transporteras till US\u00d6 eller KL. Det medf\u00f6r ocks\u00e5 att en ambulans som just l\u00e4mnat av en patient p\u00e5 US\u00d6 eller KL i den stund den blir tillg\u00e4nglig f\u00f6r nytt larm befinner sig l\u00e5ngt ifr\u00e5n Lindesberg och den norra l\u00e4nsdelen. Med andra ord inneb\u00e4r f\u00f6rslaget inte bara \u00f6kade kostnader utan ocks\u00e5 en drastisk f\u00f6rs\u00e4mring var g\u00e4ller patients\u00e4kerheten i norra l\u00e4nsdelen.<\/p>\n<p>Ovan resonemang \u00e4r ena sidan av myntet. Den andra sidan av myntet \u00e4r hur v\u00e4l f\u00f6rberedda US\u00d6 och KL \u00e4r p\u00e5 att ta emot det \u00f6kade antalet patienter som de kommer att f\u00e5 hantera. Har de kapacitet till detta? De \u00e4r pressade redan idag.<\/p>\n<p>Ur patientperspektiv kan det ocks\u00e5 inneb\u00e4ra en \u00f6kad os\u00e4kerhet i en stressfull situation d\u00e5 man inte bara kan komma att beh\u00f6va fundera p\u00e5 vart man ska \u00e5ka f\u00f6r att f\u00e5 v\u00e5rd utan ocks\u00e5 hamna i ett l\u00e4ge d\u00e4r man kan f\u00e5 \u00e5ka fram och tillbaka inom regionen i de fall en diagnos f\u00f6r\u00e4ndras under v\u00e5rdtiden eller om kirurgi beh\u00f6vs trots att man inte initialt bed\u00f6mt att s\u00e5 varit fallet.<\/p>\n<p>Att \u00f6ver 400 miljoner beh\u00f6ver sparas inom regionen har troligen inte undg\u00e5tt n\u00e5gon. KD Lindesberg f\u00f6respr\u00e5kar att f\u00f6r\u00e4ndringar g\u00f6rs d\u00e4r det i realiteten ger en besparing och inte inneb\u00e4r \u00f6kade kostnader i kombination med en f\u00f6rs\u00e4mrad v\u00e5rd f\u00f6r patienten.<\/p>\n<p><strong>Markus Lundin<\/strong><br \/>\n<strong>Ordf\u00f6rande Kristdemokraterna Lindesberg<\/strong><\/p>\n<p>Publicerad 5 oktober 2023 klockan 11:34<\/p>\n<\/div>\n<p>&nbsp;<\/p>\n<hr \/>\n<h1><a href=\"https:\/\/lindenytt.com\/nyheter\/kristdemokraterna-kommer-alltid-sta-upp-for-funktionsnedsatta-medarbetares-lagliga-ratt-till-stod\/\">Kristdemokraterna kommer alltid st\u00e5 upp f\u00f6r funktionsnedsatta medarbetares lagliga r\u00e4tt till st\u00f6d!<\/a><\/h1>\n<p><a href=\"https:\/\/wp.kristdemokraterna.se\/lindesberg\/files\/2026\/03\/markus-lundin-2026-010-small-grey.jpg\"><img loading=\"lazy\" decoding=\"async\" class=\"size-medium wp-image-942 alignleft\" src=\"https:\/\/wp.kristdemokraterna.se\/lindesberg\/files\/2026\/03\/markus-lundin-2026-010-small-grey-225x300.jpg\" alt=\"\" width=\"225\" height=\"300\" srcset=\"https:\/\/wp.kristdemokraterna.se\/lindesberg\/files\/2026\/03\/markus-lundin-2026-010-small-grey-225x300.jpg 225w, https:\/\/wp.kristdemokraterna.se\/lindesberg\/files\/2026\/03\/markus-lundin-2026-010-small-grey-768x1024.jpg 768w, https:\/\/wp.kristdemokraterna.se\/lindesberg\/files\/2026\/03\/markus-lundin-2026-010-small-grey-1152x1536.jpg 1152w, https:\/\/wp.kristdemokraterna.se\/lindesberg\/files\/2026\/03\/markus-lundin-2026-010-small-grey-1536x2048.jpg 1536w, https:\/\/wp.kristdemokraterna.se\/lindesberg\/files\/2026\/03\/markus-lundin-2026-010-small-grey-150x200.jpg 150w, https:\/\/wp.kristdemokraterna.se\/lindesberg\/files\/2026\/03\/markus-lundin-2026-010-small-grey-370x493.jpg 370w, https:\/\/wp.kristdemokraterna.se\/lindesberg\/files\/2026\/03\/markus-lundin-2026-010-small-grey-770x1027.jpg 770w, https:\/\/wp.kristdemokraterna.se\/lindesberg\/files\/2026\/03\/markus-lundin-2026-010-small-grey-450x600.jpg 450w, https:\/\/wp.kristdemokraterna.se\/lindesberg\/files\/2026\/03\/markus-lundin-2026-010-small-grey-280x373.jpg 280w, https:\/\/wp.kristdemokraterna.se\/lindesberg\/files\/2026\/03\/markus-lundin-2026-010-small-grey-340x453.jpg 340w, https:\/\/wp.kristdemokraterna.se\/lindesberg\/files\/2026\/03\/markus-lundin-2026-010-small-grey-42x56.jpg 42w, https:\/\/wp.kristdemokraterna.se\/lindesberg\/files\/2026\/03\/markus-lundin-2026-010-small-grey.jpg 1875w\" sizes=\"auto, (max-width: 225px) 100vw, 225px\" \/><\/a><\/p>\n<p><strong>INS\u00c4NDARE\/DEBATT: Inledningsvis g\u00e5r det ju att h\u00e5lla med Magnus Storm d\u00e5 han konstaterar att vi st\u00e5r inf\u00f6r stora utmaningar vad g\u00e4ller \u00f6kad \u00e5ldrande befolkning och \u00f6kad konkurrens p\u00e5 arbetsmarknaden. Yrken inom v\u00e5rd och omsorg \u00e4r kommunikativa, men svaret p\u00e5 denna utmaning \u00e4r inte spr\u00e5kombud.<\/strong><\/p>\n<div class=\"the-post-content\">\n<p>Magnus Storm fr\u00e5gar sig vilket st\u00f6d Kristdemokraterna anser att vi ska ge de medarbetare som har dyslexi eller annan spr\u00e5klig sv\u00e5righet.<\/p>\n<p>De medarbetare som har en funktionsneds\u00e4ttning som medf\u00f6r nedsatt arbetsf\u00f6rm\u00e5ga har laglig r\u00e4tt till st\u00f6d. Det kan till exempel handla om arbetshj\u00e4lpmedel eller personligt st\u00f6d i arbetslivet. Det \u00e4r ingenting som f\u00f6r\u00e4ndras vare sig vi har spr\u00e5kombud eller ej.<\/p>\n<p>Kristdemokraterna kommer alltid st\u00e5 upp f\u00f6r funktionsnedsatta medarbetares lagliga r\u00e4tt till st\u00f6d! Det spr\u00e5kombudskoncept som Magnus Storm lyfter fram som en helt\u00e4ckande l\u00f6sning p\u00e5 utmaningen med behovet av spr\u00e5kutveckling p\u00e5 arbetsplatsen \u00e4r i praktiken b\u00e5de alltf\u00f6r tidskr\u00e4vande, otydligt och kostnadsdrivande.<\/p>\n<p>Den 6 m\u00e5nader l\u00e5nga spr\u00e5kombudsutbildningen har bland annat m\u00e5len att: veta hur dokument kan f\u00f6renklas och g\u00f6ras tydligare samt \u00f6ppna upp f\u00f6r en l\u00e4rande och spr\u00e5kutvecklande arbetsplats. De \u00e4r ju inte d\u00e5liga, men de \u00e4r varken specifika eller m\u00e4tbara.<\/p>\n<p>I december 2022 r\u00f6stade Magnus Storm ja till att avs\u00e4tta 5 miljoner p\u00e5 tv\u00e5 \u00e5r f\u00f6r att f\u00e5 15 utbildade spr\u00e5kombud som vet hur man f\u00f6renklar och tydligg\u00f6r dokument samt \u00f6ppnar upp f\u00f6r en spr\u00e5kutvecklande arbetsplats.<\/p>\n<p>Vad g\u00e4ller utbildningen, Svenska f\u00f6r invandrare (SFI), s\u00e5 menar Magnus Storm att spr\u00e5kombuden \u00e4r l\u00f6sningen om den studerande klarar skollagens krav, men \u00e4nd\u00e5 inte \u00e4r tillr\u00e4ckligt rustad f\u00f6r arbetslivet. Det \u00e4r det tydligt framskrivet i kursplanens syfte att utbildningen ska ge spr\u00e5kliga redskap f\u00f6r att kommunicera och delta aktivt i vardags-, samh\u00e4lls- och arbetsliv samt fortsatta studier. Kristdemokraterna menar att om man klarar skollagens krav borde man ocks\u00e5 kunna vara aktuell f\u00f6r att arbeta i Lindesberg kommun.<\/p>\n<p>Kristdemokraterna anser vidare att vi redan vid anst\u00e4llning beh\u00f6ver s\u00e4kerst\u00e4lla att medarbetaren har en tillr\u00e4cklig spr\u00e5klig f\u00f6rm\u00e5ga f\u00f6r att kommunicera i tal och skrift p\u00e5 ett tillfredsst\u00e4llande s\u00e4tt.<\/p>\n<p>&nbsp;<\/p>\n<p><em>Kristdemokraterna Lindesberg<\/em><\/p>\n<p>Publicerad 10 februari 2023 klockan 10:11<\/p>\n<\/div>\n<p>&nbsp;<\/p>\n<hr \/>\n<h1><a href=\"https:\/\/lindenytt.com\/nyheter\/kd-alla-medborgare-ska-kunna-aldras-med-vardighet\/\">KD: Alla medborgare ska kunna \u00e5ldras med v\u00e4rdighet<\/a><\/h1>\n<div class=\"the-post-content\">\n<div>\n<p><img loading=\"lazy\" decoding=\"async\" class=\"alignnone  wp-image-112\" src=\"https:\/\/wp.kristdemokraterna.se\/lindesberg\/files\/2016\/10\/banner_trygga-familjer-3-300x69.jpg\" alt=\"\" width=\"853\" height=\"196\" srcset=\"https:\/\/wp.kristdemokraterna.se\/lindesberg\/files\/2016\/10\/banner_trygga-familjer-3-300x69.jpg 300w, https:\/\/wp.kristdemokraterna.se\/lindesberg\/files\/2016\/10\/banner_trygga-familjer-3-768x176.jpg 768w, https:\/\/wp.kristdemokraterna.se\/lindesberg\/files\/2016\/10\/banner_trygga-familjer-3-1024x234.jpg 1024w, https:\/\/wp.kristdemokraterna.se\/lindesberg\/files\/2016\/10\/banner_trygga-familjer-3.jpg 1050w\" sizes=\"auto, (max-width: 853px) 100vw, 853px\" \/><\/p>\n<p><strong>INS\u00c4NDARE\/DEBATT: Alla medborgare ska kunna \u00e5ldras med v\u00e4rdighet. Det inneb\u00e4r att service, v\u00e5rd och omsorg ska vara tillg\u00e4nglig och ges utifr\u00e5n en helhetssyn p\u00e5 m\u00e4nniskan med h\u00e4nsyn till sj\u00e4lsliga, andliga och materiella behov. Det skriver Kristdemokraterna i Lindesberg i en ins\u00e4ndare, efter att missf\u00f6rh\u00e5llanden inom \u00e4ldreomsorgen uppm\u00e4rksammats av bland annat LindeNytt.<\/strong><\/p>\n<\/div>\n<p>M\u00e4nniskov\u00e4rdet beror inte p\u00e5 \u00e5lder eller den \u00e4ldres egen f\u00f6rm\u00e5ga. \u00c4ldreomsorgen ska pr\u00e4glas av trygghet, v\u00e4rdighet och delaktighet. V\u00e5r utg\u00e5ngspunkt \u00e4r att varje person b\u00e4st k\u00e4nner sina egna behov och att m\u00f6jligheten till inflytande och valfrihet d\u00e4rf\u00f6r ska vara stort.<\/p>\n<p>D\u00e4rf\u00f6r k\u00e4nner vi stor oro inf\u00f6r de missf\u00f6rh\u00e5llanden vi blivit uppm\u00e4rksammade p\u00e5 inom Lindesbergs kommuns \u00e4ldreomsorg. I media har vi l\u00e4st om d\u00e5ligt bem\u00f6tande mot boende och arbetskamrater, brister i hur de boendes hygien har sk\u00f6tts. Det pekas ocks\u00e5 p\u00e5 brister i kompetens, introduktion av nyanst\u00e4llda och brister i v\u00e5rd vid livets slutskede.<\/p>\n<p>Vi kristdemokrater ser allvarligt p\u00e5 missf\u00f6rh\u00e5llandena och f\u00f6rv\u00e4ntar oss att ledningen tar krafttag f\u00f6r att komma till r\u00e4tta med bristerna.<\/p>\n<p>Vi vill peka p\u00e5 n\u00e5gra viktiga \u00e5tg\u00e4rder:<\/p>\n<p>\u2013 utveckla v\u00e4rdegrundsarbetet s\u00e5 att bem\u00f6tande och f\u00f6rh\u00e5llningss\u00e4tt pr\u00e4glas av respekt och empati.<\/p>\n<p>\u2013 att det finns en plan b\u00e5de f\u00f6r kompetensf\u00f6rs\u00f6rjning och kompetensutveckling<\/p>\n<p>\u2013 att den palliativa och geriatriska kompetensen f\u00f6rst\u00e4rks<\/p>\n<p>\u2013 ett ledarskap som \u00e4r n\u00e4rvarande, tydligt och engagerat.<\/p>\n<p>Det \u00e4r oerh\u00f6rt angel\u00e4get att f\u00f6rtroendet f\u00f6r kommunens \u00e4ldreomsorg som nu naggats i kanten \u00e5teruppr\u00e4ttas. Vi ska kunna lita p\u00e5 att kommunen erbjuder omsorg o v\u00e5rd med h\u00f6g kvalitet.<\/p>\n<p>N\u00e4rhet och gemenskap \u00e4r grundl\u00e4ggande m\u00e4nskliga behov, n\u00e5got som det offentliga inte fullt ut kan tillfredsst\u00e4lla. Av denna anledning m\u00e5ste \u00e4ldreomsorgen m\u00e5na om goda relationer med anh\u00f6riga och ett gott samarbete med exempelvis anh\u00f6riga, f\u00f6reningar, kyrkor och andra ideella krafter.<\/p>\n<p>Kristdemokraterna vill att v\u00e5rden av v\u00e5ra \u00e4ldre ska pr\u00e4glas av trygghet, v\u00e4rdighet och delaktighet, en v\u00e5rd som Lindesberg kan vara stolt \u00f6ver.<\/p>\n<p>&nbsp;<\/p>\n<p><em>Kristdemokraterna i Lindesberg<\/em><\/p>\n<p>Publicerad 21 februari 2022 klockan 10:20<\/p>\n<\/div>\n<hr \/>\n<p>&nbsp;<\/p>\n<p>&nbsp;<\/p>\n","protected":false},"excerpt":{"rendered":"<p>Fler elever beh\u00f6ver klara matematiken i skolan \u00c5rets kvalitetsdagar f\u00f6r barn- och utbildningsn\u00e4mnden har nyligen varit. Det \u00e4r ett tillf\u00e4lle f\u00f6r n\u00e4mnden att f\u00e5 information och samtala med rektorer i f\u00f6rskola, grundskola och gymnasieskola. Det som \u00e4r det b\u00e4sta med dessa dagar \u00e4r bekr\u00e4ftelsen vi f\u00e5r p\u00e5 att vi har en otroligt h\u00f6gkvalitativ utbildning i <a class=\"read-more-link\" href=\"https:\/\/wp.kristdemokraterna.se\/lindesberg\/motioner\/insandare\/\">L\u00e4s mer<\/a><\/p>\n","protected":false},"author":1093,"featured_media":714,"parent":690,"menu_order":1,"comment_status":"closed","ping_status":"closed","template":"","meta":{"_acf_changed":false,"footnotes":""},"class_list":["post-761","page","type-page","status-publish","hentry"],"acf":[],"yoast_head":"<!-- This site is optimized with the Yoast SEO plugin v27.4 - https:\/\/yoast.com\/product\/yoast-seo-wordpress\/ -->\n<title>Ins\u00e4ndare - Lindesberg<\/title>\n<meta name=\"robots\" content=\"index, follow, max-snippet:-1, max-image-preview:large, max-video-preview:-1\" \/>\n<link rel=\"canonical\" href=\"https:\/\/wp.kristdemokraterna.se\/lindesberg\/motioner\/insandare\/\" \/>\n<meta property=\"og:locale\" content=\"sv_SE\" \/>\n<meta property=\"og:type\" content=\"article\" \/>\n<meta property=\"og:title\" content=\"Ins\u00e4ndare - Lindesberg\" \/>\n<meta property=\"og:description\" content=\"Fler elever beh\u00f6ver klara matematiken i skolan \u00c5rets kvalitetsdagar f\u00f6r barn- och utbildningsn\u00e4mnden har nyligen varit. Det \u00e4r ett tillf\u00e4lle f\u00f6r n\u00e4mnden att f\u00e5 information och samtala med rektorer i f\u00f6rskola, grundskola och gymnasieskola. Det som \u00e4r det b\u00e4sta med dessa dagar \u00e4r bekr\u00e4ftelsen vi f\u00e5r p\u00e5 att vi har en otroligt h\u00f6gkvalitativ utbildning i L\u00e4s mer\" \/>\n<meta property=\"og:url\" content=\"https:\/\/wp.kristdemokraterna.se\/lindesberg\/motioner\/insandare\/\" \/>\n<meta property=\"og:site_name\" content=\"Lindesberg\" \/>\n<meta property=\"article:modified_time\" content=\"2026-04-13T17:49:27+00:00\" \/>\n<meta property=\"og:image\" content=\"https:\/\/wp.kristdemokraterna.se\/lindesberg\/files\/2014\/04\/kreativitet_ej_logga.jpg\" \/>\n\t<meta property=\"og:image:width\" content=\"478\" \/>\n\t<meta property=\"og:image:height\" content=\"262\" \/>\n\t<meta property=\"og:image:type\" content=\"image\/jpeg\" \/>\n<meta name=\"twitter:card\" content=\"summary_large_image\" \/>\n<meta name=\"twitter:label1\" content=\"Ber\u00e4knad l\u00e4stid\" \/>\n\t<meta name=\"twitter:data1\" content=\"9 minuter\" \/>\n<script type=\"application\/ld+json\" class=\"yoast-schema-graph\">{\"@context\":\"https:\\\/\\\/schema.org\",\"@graph\":[{\"@type\":\"WebPage\",\"@id\":\"https:\\\/\\\/wp.kristdemokraterna.se\\\/lindesberg\\\/motioner\\\/insandare\\\/\",\"url\":\"https:\\\/\\\/wp.kristdemokraterna.se\\\/lindesberg\\\/motioner\\\/insandare\\\/\",\"name\":\"Ins\u00e4ndare - Lindesberg\",\"isPartOf\":{\"@id\":\"https:\\\/\\\/wp.kristdemokraterna.se\\\/lindesberg\\\/#website\"},\"primaryImageOfPage\":{\"@id\":\"https:\\\/\\\/wp.kristdemokraterna.se\\\/lindesberg\\\/motioner\\\/insandare\\\/#primaryimage\"},\"image\":{\"@id\":\"https:\\\/\\\/wp.kristdemokraterna.se\\\/lindesberg\\\/motioner\\\/insandare\\\/#primaryimage\"},\"thumbnailUrl\":\"\",\"datePublished\":\"2025-10-10T08:12:30+00:00\",\"dateModified\":\"2026-04-13T17:49:27+00:00\",\"breadcrumb\":{\"@id\":\"https:\\\/\\\/wp.kristdemokraterna.se\\\/lindesberg\\\/motioner\\\/insandare\\\/#breadcrumb\"},\"inLanguage\":\"sv-SE\",\"potentialAction\":[{\"@type\":\"ReadAction\",\"target\":[\"https:\\\/\\\/wp.kristdemokraterna.se\\\/lindesberg\\\/motioner\\\/insandare\\\/\"]}]},{\"@type\":\"ImageObject\",\"inLanguage\":\"sv-SE\",\"@id\":\"https:\\\/\\\/wp.kristdemokraterna.se\\\/lindesberg\\\/motioner\\\/insandare\\\/#primaryimage\",\"url\":\"\",\"contentUrl\":\"\"},{\"@type\":\"BreadcrumbList\",\"@id\":\"https:\\\/\\\/wp.kristdemokraterna.se\\\/lindesberg\\\/motioner\\\/insandare\\\/#breadcrumb\",\"itemListElement\":[{\"@type\":\"ListItem\",\"position\":1,\"name\":\"Hem\",\"item\":\"https:\\\/\\\/wp.kristdemokraterna.se\\\/lindesberg\\\/\"},{\"@type\":\"ListItem\",\"position\":2,\"name\":\"Ins\u00e4ndare &amp; Motioner\",\"item\":\"https:\\\/\\\/wp.kristdemokraterna.se\\\/lindesberg\\\/motioner\\\/\"},{\"@type\":\"ListItem\",\"position\":3,\"name\":\"Ins\u00e4ndare\"}]},{\"@type\":\"WebSite\",\"@id\":\"https:\\\/\\\/wp.kristdemokraterna.se\\\/lindesberg\\\/#website\",\"url\":\"https:\\\/\\\/wp.kristdemokraterna.se\\\/lindesberg\\\/\",\"name\":\"Lindesberg\",\"description\":\"V\u00e5rd, vardag, v\u00e4rderingar\",\"inLanguage\":\"sv-SE\"}]}<\/script>\n<!-- \/ Yoast SEO plugin. -->","yoast_head_json":{"title":"Ins\u00e4ndare - Lindesberg","robots":{"index":"index","follow":"follow","max-snippet":"max-snippet:-1","max-image-preview":"max-image-preview:large","max-video-preview":"max-video-preview:-1"},"canonical":"https:\/\/wp.kristdemokraterna.se\/lindesberg\/motioner\/insandare\/","og_locale":"sv_SE","og_type":"article","og_title":"Ins\u00e4ndare - Lindesberg","og_description":"Fler elever beh\u00f6ver klara matematiken i skolan \u00c5rets kvalitetsdagar f\u00f6r barn- och utbildningsn\u00e4mnden har nyligen varit. Det \u00e4r ett tillf\u00e4lle f\u00f6r n\u00e4mnden att f\u00e5 information och samtala med rektorer i f\u00f6rskola, grundskola och gymnasieskola. Det som \u00e4r det b\u00e4sta med dessa dagar \u00e4r bekr\u00e4ftelsen vi f\u00e5r p\u00e5 att vi har en otroligt h\u00f6gkvalitativ utbildning i L\u00e4s mer","og_url":"https:\/\/wp.kristdemokraterna.se\/lindesberg\/motioner\/insandare\/","og_site_name":"Lindesberg","article_modified_time":"2026-04-13T17:49:27+00:00","og_image":[{"width":478,"height":262,"url":"https:\/\/wp.kristdemokraterna.se\/lindesberg\/files\/2014\/04\/kreativitet_ej_logga.jpg","type":"image\/jpeg"}],"twitter_card":"summary_large_image","twitter_misc":{"Ber\u00e4knad l\u00e4stid":"9 minuter"},"schema":{"@context":"https:\/\/schema.org","@graph":[{"@type":"WebPage","@id":"https:\/\/wp.kristdemokraterna.se\/lindesberg\/motioner\/insandare\/","url":"https:\/\/wp.kristdemokraterna.se\/lindesberg\/motioner\/insandare\/","name":"Ins\u00e4ndare - Lindesberg","isPartOf":{"@id":"https:\/\/wp.kristdemokraterna.se\/lindesberg\/#website"},"primaryImageOfPage":{"@id":"https:\/\/wp.kristdemokraterna.se\/lindesberg\/motioner\/insandare\/#primaryimage"},"image":{"@id":"https:\/\/wp.kristdemokraterna.se\/lindesberg\/motioner\/insandare\/#primaryimage"},"thumbnailUrl":"","datePublished":"2025-10-10T08:12:30+00:00","dateModified":"2026-04-13T17:49:27+00:00","breadcrumb":{"@id":"https:\/\/wp.kristdemokraterna.se\/lindesberg\/motioner\/insandare\/#breadcrumb"},"inLanguage":"sv-SE","potentialAction":[{"@type":"ReadAction","target":["https:\/\/wp.kristdemokraterna.se\/lindesberg\/motioner\/insandare\/"]}]},{"@type":"ImageObject","inLanguage":"sv-SE","@id":"https:\/\/wp.kristdemokraterna.se\/lindesberg\/motioner\/insandare\/#primaryimage","url":"","contentUrl":""},{"@type":"BreadcrumbList","@id":"https:\/\/wp.kristdemokraterna.se\/lindesberg\/motioner\/insandare\/#breadcrumb","itemListElement":[{"@type":"ListItem","position":1,"name":"Hem","item":"https:\/\/wp.kristdemokraterna.se\/lindesberg\/"},{"@type":"ListItem","position":2,"name":"Ins\u00e4ndare &amp; Motioner","item":"https:\/\/wp.kristdemokraterna.se\/lindesberg\/motioner\/"},{"@type":"ListItem","position":3,"name":"Ins\u00e4ndare"}]},{"@type":"WebSite","@id":"https:\/\/wp.kristdemokraterna.se\/lindesberg\/#website","url":"https:\/\/wp.kristdemokraterna.se\/lindesberg\/","name":"Lindesberg","description":"V\u00e5rd, vardag, v\u00e4rderingar","inLanguage":"sv-SE"}]}},"_links":{"self":[{"href":"https:\/\/wp.kristdemokraterna.se\/lindesberg\/wp-json\/wp\/v2\/pages\/761","targetHints":{"allow":["GET"]}}],"collection":[{"href":"https:\/\/wp.kristdemokraterna.se\/lindesberg\/wp-json\/wp\/v2\/pages"}],"about":[{"href":"https:\/\/wp.kristdemokraterna.se\/lindesberg\/wp-json\/wp\/v2\/types\/page"}],"author":[{"embeddable":true,"href":"https:\/\/wp.kristdemokraterna.se\/lindesberg\/wp-json\/wp\/v2\/users\/1093"}],"replies":[{"embeddable":true,"href":"https:\/\/wp.kristdemokraterna.se\/lindesberg\/wp-json\/wp\/v2\/comments?post=761"}],"version-history":[{"count":13,"href":"https:\/\/wp.kristdemokraterna.se\/lindesberg\/wp-json\/wp\/v2\/pages\/761\/revisions"}],"predecessor-version":[{"id":961,"href":"https:\/\/wp.kristdemokraterna.se\/lindesberg\/wp-json\/wp\/v2\/pages\/761\/revisions\/961"}],"up":[{"embeddable":true,"href":"https:\/\/wp.kristdemokraterna.se\/lindesberg\/wp-json\/wp\/v2\/pages\/690"}],"wp:featuredmedia":[{"embeddable":true,"href":"https:\/\/wp.kristdemokraterna.se\/lindesberg\/wp-json\/"}],"wp:attachment":[{"href":"https:\/\/wp.kristdemokraterna.se\/lindesberg\/wp-json\/wp\/v2\/media?parent=761"}],"curies":[{"name":"wp","href":"https:\/\/api.w.org\/{rel}","templated":true}]}}