{"id":1123,"date":"2019-03-17T13:38:54","date_gmt":"2019-03-17T12:38:54","guid":{"rendered":"http:\/\/wp.kristdemokraterna.se\/linkoping\/?page_id=1123"},"modified":"2024-11-26T18:21:26","modified_gmt":"2024-11-26T17:21:26","slug":"liselotte-fager-2","status":"publish","type":"page","link":"https:\/\/wp.kristdemokraterna.se\/linkoping\/vart-parti\/fullmaktigegruppen\/liselotte-fager-2\/","title":{"rendered":"Liselotte Fager"},"content":{"rendered":"<h5><img loading=\"lazy\" decoding=\"async\" class=\"alignnone wp-image-2675 size-full\" src=\"https:\/\/wp.kristdemokraterna.se\/linkoping\/files\/2023\/10\/liselotte.jpg\" alt=\"\" width=\"200\" height=\"300\" srcset=\"https:\/\/wp.kristdemokraterna.se\/linkoping\/files\/2023\/10\/liselotte.jpg 200w, https:\/\/wp.kristdemokraterna.se\/linkoping\/files\/2023\/10\/liselotte-133x200.jpg 133w, https:\/\/wp.kristdemokraterna.se\/linkoping\/files\/2023\/10\/liselotte-37x56.jpg 37w\" sizes=\"auto, (max-width: 200px) 100vw, 200px\" \/><\/h5>\n<p class=\"p1\"><strong>Namn:<\/strong> Liselotte Fager<\/p>\n<p class=\"p1\"><strong>F\u00f6dd:<\/strong> Link\u00f6ping<\/p>\n<p class=\"p1\"><strong>Familj:<\/strong> Gift och har barn<\/p>\n<p class=\"p1\"><strong>Uppvuxen:<\/strong> Link\u00f6ping<\/p>\n<p class=\"p3\"><strong>Vad har du f\u00f6r bakgrund utanf\u00f6r politiken?<\/strong><\/p>\n<p class=\"p3\">Jag \u00e4r utbildad nationalekonom men har de senaste \u00e5ren arbetet som partiombudsman \u00e5t Kristdemokraterna i \u00d6sterg\u00f6tland och politisk sekreterare i Link\u00f6pings kommun.<\/p>\n<p class=\"p3\"><strong>Vilka fr\u00e5gor brinner du extra mycket f\u00f6r?<\/strong><\/p>\n<p class=\"p2\">Viktiga hj\u00e4rtefr\u00e5gor f\u00f6r mig \u00e4r \u00e4ldre samt barn och ungas uppv\u00e4xtvillkor. Under mandatperioden 2014-2018 satt jag som ledamot i barn- och ungdomsn\u00e4mnden. Jag har \u00e4ven varit \u00e4ldren\u00e4mndens ordf\u00f6rande en period under \u00e5ren 2010\u20132014 n\u00e4r jag eftertr\u00e4dde v\u00e5rt d\u00e5varande kommunalr\u00e5d Jan Willy Andersson. Fr\u00e5n och med januari 2019 \u00e4r jag \u00e4ldren\u00e4mndens ordf\u00f6rande p\u00e5 nytt. Jag vill att \u00e4ldre ska kunna leva ett aktivt liv och ha inflytande \u00f6ver sin vardag med bibeh\u00e5llet oberoende, bem\u00f6tas med respekt och ha tillg\u00e5ng till god v\u00e5rd och omsorg.<\/p>\n<p class=\"p3\"><strong>Vad tycker du \u00e4r styrkan i Kristdemokraternas KF-grupp?<\/strong><\/p>\n<p class=\"p3\">Styrkan i v\u00e5r KF-grupp \u00e4r att vi alltid s\u00e4tter den enskilde m\u00e4nniskans behov i centrum i v\u00e5ra beslut.<\/p>\n<p class=\"p3\"><strong>Har du andra kommunala politiska uppdrag ut\u00f6ver kommunfullm\u00e4ktige?<\/strong><\/p>\n<p>Gruppledare<br \/>\nKommunstyrelsen, Ledamot<br \/>\nSocial- och omsorgsn\u00e4mnden, Ers\u00e4ttare<br \/>\nKommunstyrelsens \u00e4rendeberedning, Ledamot<br \/>\nPartiavdelningsstyrelsen Link\u00f6ping, Adjungerad<\/p>\n<p><span class=\"s1\"><strong>Foto<\/strong><\/span><strong>:<\/strong> Fredrik Topplund<\/p>\n","protected":false},"excerpt":{"rendered":"<p>Namn: Liselotte Fager F\u00f6dd: Link\u00f6ping Familj: Gift och har barn Uppvuxen: Link\u00f6ping Vad har du f\u00f6r bakgrund utanf\u00f6r politiken? Jag \u00e4r utbildad nationalekonom men har de senaste \u00e5ren arbetet som partiombudsman \u00e5t Kristdemokraterna i \u00d6sterg\u00f6tland och politisk sekreterare i Link\u00f6pings kommun. Vilka fr\u00e5gor brinner du extra mycket f\u00f6r? Viktiga hj\u00e4rtefr\u00e5gor f\u00f6r mig \u00e4r \u00e4ldre samt <a class=\"read-more-link\" href=\"https:\/\/wp.kristdemokraterna.se\/linkoping\/vart-parti\/fullmaktigegruppen\/liselotte-fager-2\/\">Read More<\/a><\/p>\n","protected":false},"author":410,"featured_media":1126,"parent":1873,"menu_order":1,"comment_status":"closed","ping_status":"closed","template":"","meta":{"_acf_changed":false,"footnotes":""},"class_list":["post-1123","page","type-page","status-publish","hentry"],"acf":[],"yoast_head":"<!-- This site is optimized with the Yoast SEO plugin v27.4 - https:\/\/yoast.com\/product\/yoast-seo-wordpress\/ -->\n<title>Liselotte Fager - Kristdemokraterna i Link\u00f6ping<\/title>\n<meta name=\"robots\" content=\"index, follow, max-snippet:-1, max-image-preview:large, max-video-preview:-1\" \/>\n<link rel=\"canonical\" href=\"https:\/\/wp.kristdemokraterna.se\/linkoping\/vart-parti\/fullmaktigegruppen\/liselotte-fager-2\/\" \/>\n<meta property=\"og:locale\" content=\"sv_SE\" \/>\n<meta property=\"og:type\" content=\"article\" \/>\n<meta property=\"og:title\" content=\"Liselotte Fager - Kristdemokraterna i Link\u00f6ping\" \/>\n<meta property=\"og:description\" content=\"Namn: Liselotte Fager F\u00f6dd: Link\u00f6ping Familj: Gift och har barn Uppvuxen: Link\u00f6ping Vad har du f\u00f6r bakgrund utanf\u00f6r politiken? Jag \u00e4r utbildad nationalekonom men har de senaste \u00e5ren arbetet som partiombudsman \u00e5t Kristdemokraterna i \u00d6sterg\u00f6tland och politisk sekreterare i Link\u00f6pings kommun. Vilka fr\u00e5gor brinner du extra mycket f\u00f6r? Viktiga hj\u00e4rtefr\u00e5gor f\u00f6r mig \u00e4r \u00e4ldre samt Read More\" \/>\n<meta property=\"og:url\" content=\"https:\/\/wp.kristdemokraterna.se\/linkoping\/vart-parti\/fullmaktigegruppen\/liselotte-fager-2\/\" \/>\n<meta property=\"og:site_name\" content=\"Kristdemokraterna i Link\u00f6ping\" \/>\n<meta property=\"article:modified_time\" content=\"2024-11-26T17:21:26+00:00\" \/>\n<meta property=\"og:image\" content=\"https:\/\/wp.kristdemokraterna.se\/linkoping\/files\/2019\/03\/liselotte_fager.jpg\" \/>\n\t<meta property=\"og:image:width\" content=\"1301\" \/>\n\t<meta property=\"og:image:height\" content=\"1772\" \/>\n\t<meta property=\"og:image:type\" content=\"image\/jpeg\" \/>\n<meta name=\"twitter:card\" content=\"summary_large_image\" \/>\n<meta name=\"twitter:label1\" content=\"Ber\u00e4knad l\u00e4stid\" \/>\n\t<meta name=\"twitter:data1\" content=\"2 minuter\" \/>\n<script type=\"application\/ld+json\" class=\"yoast-schema-graph\">{\"@context\":\"https:\\\/\\\/schema.org\",\"@graph\":[{\"@type\":\"WebPage\",\"@id\":\"https:\\\/\\\/wp.kristdemokraterna.se\\\/linkoping\\\/vart-parti\\\/fullmaktigegruppen\\\/liselotte-fager-2\\\/\",\"url\":\"https:\\\/\\\/wp.kristdemokraterna.se\\\/linkoping\\\/vart-parti\\\/fullmaktigegruppen\\\/liselotte-fager-2\\\/\",\"name\":\"Liselotte Fager - Kristdemokraterna i Link\u00f6ping\",\"isPartOf\":{\"@id\":\"https:\\\/\\\/wp.kristdemokraterna.se\\\/linkoping\\\/#website\"},\"primaryImageOfPage\":{\"@id\":\"https:\\\/\\\/wp.kristdemokraterna.se\\\/linkoping\\\/vart-parti\\\/fullmaktigegruppen\\\/liselotte-fager-2\\\/#primaryimage\"},\"image\":{\"@id\":\"https:\\\/\\\/wp.kristdemokraterna.se\\\/linkoping\\\/vart-parti\\\/fullmaktigegruppen\\\/liselotte-fager-2\\\/#primaryimage\"},\"thumbnailUrl\":\"https:\\\/\\\/wp.kristdemokraterna.se\\\/linkoping\\\/files\\\/2019\\\/03\\\/liselotte_fager.jpg\",\"datePublished\":\"2019-03-17T12:38:54+00:00\",\"dateModified\":\"2024-11-26T17:21:26+00:00\",\"breadcrumb\":{\"@id\":\"https:\\\/\\\/wp.kristdemokraterna.se\\\/linkoping\\\/vart-parti\\\/fullmaktigegruppen\\\/liselotte-fager-2\\\/#breadcrumb\"},\"inLanguage\":\"sv-SE\",\"potentialAction\":[{\"@type\":\"ReadAction\",\"target\":[\"https:\\\/\\\/wp.kristdemokraterna.se\\\/linkoping\\\/vart-parti\\\/fullmaktigegruppen\\\/liselotte-fager-2\\\/\"]}]},{\"@type\":\"ImageObject\",\"inLanguage\":\"sv-SE\",\"@id\":\"https:\\\/\\\/wp.kristdemokraterna.se\\\/linkoping\\\/vart-parti\\\/fullmaktigegruppen\\\/liselotte-fager-2\\\/#primaryimage\",\"url\":\"https:\\\/\\\/wp.kristdemokraterna.se\\\/linkoping\\\/files\\\/2019\\\/03\\\/liselotte_fager.jpg\",\"contentUrl\":\"https:\\\/\\\/wp.kristdemokraterna.se\\\/linkoping\\\/files\\\/2019\\\/03\\\/liselotte_fager.jpg\",\"width\":1301,\"height\":1772},{\"@type\":\"BreadcrumbList\",\"@id\":\"https:\\\/\\\/wp.kristdemokraterna.se\\\/linkoping\\\/vart-parti\\\/fullmaktigegruppen\\\/liselotte-fager-2\\\/#breadcrumb\",\"itemListElement\":[{\"@type\":\"ListItem\",\"position\":1,\"name\":\"Hem\",\"item\":\"https:\\\/\\\/wp.kristdemokraterna.se\\\/linkoping\\\/\"},{\"@type\":\"ListItem\",\"position\":2,\"name\":\"V\u00e5rt parti\",\"item\":\"https:\\\/\\\/wp.kristdemokraterna.se\\\/linkoping\\\/vart-parti\\\/\"},{\"@type\":\"ListItem\",\"position\":3,\"name\":\"Fullm\u00e4ktigegruppen\",\"item\":\"https:\\\/\\\/wp.kristdemokraterna.se\\\/linkoping\\\/vart-parti\\\/fullmaktigegruppen\\\/\"},{\"@type\":\"ListItem\",\"position\":4,\"name\":\"Liselotte Fager\"}]},{\"@type\":\"WebSite\",\"@id\":\"https:\\\/\\\/wp.kristdemokraterna.se\\\/linkoping\\\/#website\",\"url\":\"https:\\\/\\\/wp.kristdemokraterna.se\\\/linkoping\\\/\",\"name\":\"Kristdemokraterna i Link\u00f6ping\",\"description\":\"\",\"inLanguage\":\"sv-SE\"}]}<\/script>\n<!-- \/ Yoast SEO plugin. -->","yoast_head_json":{"title":"Liselotte Fager - Kristdemokraterna i Link\u00f6ping","robots":{"index":"index","follow":"follow","max-snippet":"max-snippet:-1","max-image-preview":"max-image-preview:large","max-video-preview":"max-video-preview:-1"},"canonical":"https:\/\/wp.kristdemokraterna.se\/linkoping\/vart-parti\/fullmaktigegruppen\/liselotte-fager-2\/","og_locale":"sv_SE","og_type":"article","og_title":"Liselotte Fager - Kristdemokraterna i Link\u00f6ping","og_description":"Namn: Liselotte Fager F\u00f6dd: Link\u00f6ping Familj: Gift och har barn Uppvuxen: Link\u00f6ping Vad har du f\u00f6r bakgrund utanf\u00f6r politiken? Jag \u00e4r utbildad nationalekonom men har de senaste \u00e5ren arbetet som partiombudsman \u00e5t Kristdemokraterna i \u00d6sterg\u00f6tland och politisk sekreterare i Link\u00f6pings kommun. Vilka fr\u00e5gor brinner du extra mycket f\u00f6r? Viktiga hj\u00e4rtefr\u00e5gor f\u00f6r mig \u00e4r \u00e4ldre samt Read More","og_url":"https:\/\/wp.kristdemokraterna.se\/linkoping\/vart-parti\/fullmaktigegruppen\/liselotte-fager-2\/","og_site_name":"Kristdemokraterna i Link\u00f6ping","article_modified_time":"2024-11-26T17:21:26+00:00","og_image":[{"width":1301,"height":1772,"url":"https:\/\/wp.kristdemokraterna.se\/linkoping\/files\/2019\/03\/liselotte_fager.jpg","type":"image\/jpeg"}],"twitter_card":"summary_large_image","twitter_misc":{"Ber\u00e4knad l\u00e4stid":"2 minuter"},"schema":{"@context":"https:\/\/schema.org","@graph":[{"@type":"WebPage","@id":"https:\/\/wp.kristdemokraterna.se\/linkoping\/vart-parti\/fullmaktigegruppen\/liselotte-fager-2\/","url":"https:\/\/wp.kristdemokraterna.se\/linkoping\/vart-parti\/fullmaktigegruppen\/liselotte-fager-2\/","name":"Liselotte Fager - Kristdemokraterna i Link\u00f6ping","isPartOf":{"@id":"https:\/\/wp.kristdemokraterna.se\/linkoping\/#website"},"primaryImageOfPage":{"@id":"https:\/\/wp.kristdemokraterna.se\/linkoping\/vart-parti\/fullmaktigegruppen\/liselotte-fager-2\/#primaryimage"},"image":{"@id":"https:\/\/wp.kristdemokraterna.se\/linkoping\/vart-parti\/fullmaktigegruppen\/liselotte-fager-2\/#primaryimage"},"thumbnailUrl":"https:\/\/wp.kristdemokraterna.se\/linkoping\/files\/2019\/03\/liselotte_fager.jpg","datePublished":"2019-03-17T12:38:54+00:00","dateModified":"2024-11-26T17:21:26+00:00","breadcrumb":{"@id":"https:\/\/wp.kristdemokraterna.se\/linkoping\/vart-parti\/fullmaktigegruppen\/liselotte-fager-2\/#breadcrumb"},"inLanguage":"sv-SE","potentialAction":[{"@type":"ReadAction","target":["https:\/\/wp.kristdemokraterna.se\/linkoping\/vart-parti\/fullmaktigegruppen\/liselotte-fager-2\/"]}]},{"@type":"ImageObject","inLanguage":"sv-SE","@id":"https:\/\/wp.kristdemokraterna.se\/linkoping\/vart-parti\/fullmaktigegruppen\/liselotte-fager-2\/#primaryimage","url":"https:\/\/wp.kristdemokraterna.se\/linkoping\/files\/2019\/03\/liselotte_fager.jpg","contentUrl":"https:\/\/wp.kristdemokraterna.se\/linkoping\/files\/2019\/03\/liselotte_fager.jpg","width":1301,"height":1772},{"@type":"BreadcrumbList","@id":"https:\/\/wp.kristdemokraterna.se\/linkoping\/vart-parti\/fullmaktigegruppen\/liselotte-fager-2\/#breadcrumb","itemListElement":[{"@type":"ListItem","position":1,"name":"Hem","item":"https:\/\/wp.kristdemokraterna.se\/linkoping\/"},{"@type":"ListItem","position":2,"name":"V\u00e5rt parti","item":"https:\/\/wp.kristdemokraterna.se\/linkoping\/vart-parti\/"},{"@type":"ListItem","position":3,"name":"Fullm\u00e4ktigegruppen","item":"https:\/\/wp.kristdemokraterna.se\/linkoping\/vart-parti\/fullmaktigegruppen\/"},{"@type":"ListItem","position":4,"name":"Liselotte Fager"}]},{"@type":"WebSite","@id":"https:\/\/wp.kristdemokraterna.se\/linkoping\/#website","url":"https:\/\/wp.kristdemokraterna.se\/linkoping\/","name":"Kristdemokraterna i Link\u00f6ping","description":"","inLanguage":"sv-SE"}]}},"_links":{"self":[{"href":"https:\/\/wp.kristdemokraterna.se\/linkoping\/wp-json\/wp\/v2\/pages\/1123","targetHints":{"allow":["GET"]}}],"collection":[{"href":"https:\/\/wp.kristdemokraterna.se\/linkoping\/wp-json\/wp\/v2\/pages"}],"about":[{"href":"https:\/\/wp.kristdemokraterna.se\/linkoping\/wp-json\/wp\/v2\/types\/page"}],"author":[{"embeddable":true,"href":"https:\/\/wp.kristdemokraterna.se\/linkoping\/wp-json\/wp\/v2\/users\/410"}],"replies":[{"embeddable":true,"href":"https:\/\/wp.kristdemokraterna.se\/linkoping\/wp-json\/wp\/v2\/comments?post=1123"}],"version-history":[{"count":38,"href":"https:\/\/wp.kristdemokraterna.se\/linkoping\/wp-json\/wp\/v2\/pages\/1123\/revisions"}],"predecessor-version":[{"id":2785,"href":"https:\/\/wp.kristdemokraterna.se\/linkoping\/wp-json\/wp\/v2\/pages\/1123\/revisions\/2785"}],"up":[{"embeddable":true,"href":"https:\/\/wp.kristdemokraterna.se\/linkoping\/wp-json\/wp\/v2\/pages\/1873"}],"wp:featuredmedia":[{"embeddable":true,"href":"https:\/\/wp.kristdemokraterna.se\/linkoping\/wp-json\/wp\/v2\/media\/1126"}],"wp:attachment":[{"href":"https:\/\/wp.kristdemokraterna.se\/linkoping\/wp-json\/wp\/v2\/media?parent=1123"}],"curies":[{"name":"wp","href":"https:\/\/api.w.org\/{rel}","templated":true}]}}