{"id":1201,"date":"2019-04-14T15:35:38","date_gmt":"2019-04-14T13:35:38","guid":{"rendered":"http:\/\/wp.kristdemokraterna.se\/linkoping\/?page_id=1201"},"modified":"2024-02-14T08:21:34","modified_gmt":"2024-02-14T07:21:34","slug":"annika-lejon","status":"publish","type":"page","link":"https:\/\/wp.kristdemokraterna.se\/linkoping\/vart-parti\/fullmaktigegruppen\/annika-lejon\/","title":{"rendered":"Annika Lejon"},"content":{"rendered":"<p><img loading=\"lazy\" decoding=\"async\" class=\"alignnone size-medium wp-image-2498\" src=\"https:\/\/wp.kristdemokraterna.se\/linkoping\/files\/2022\/10\/annika-204x300.jpg\" alt=\"\" width=\"204\" height=\"300\" srcset=\"https:\/\/wp.kristdemokraterna.se\/linkoping\/files\/2022\/10\/annika-204x300.jpg 204w, https:\/\/wp.kristdemokraterna.se\/linkoping\/files\/2022\/10\/annika-136x200.jpg 136w, https:\/\/wp.kristdemokraterna.se\/linkoping\/files\/2022\/10\/annika-273x402.jpg 273w, https:\/\/wp.kristdemokraterna.se\/linkoping\/files\/2022\/10\/annika-38x56.jpg 38w, https:\/\/wp.kristdemokraterna.se\/linkoping\/files\/2022\/10\/annika.jpg 317w\" sizes=\"auto, (max-width: 204px) 100vw, 204px\" \/><\/p>\n<p><b>Namn:<\/b>\u00a0Annika Lejon<\/p>\n<p><b>F\u00f6dd:\u00a0<\/b>P\u00e5 Sk\u00e4rtorsdagen 1964.<\/p>\n<p><b>Familj:\u00a0<\/b>Gift och har 3 barn.<\/p>\n<p><b>Uppvuxen:\u00a0<\/b>I V\u00e4ster\u00e5s och Uppsala men bor sedan 25 \u00e5r i Link\u00f6ping.<\/p>\n<p><b>Vad har du f\u00f6r bakgrund utanf\u00f6r politiken?<span class=\"Apple-converted-space\">\u00a0<\/span><\/b><\/p>\n<p>Jag har en bakgrund inom skola och utbildning. Med en l\u00e4rarutbildning i botten har jag bott n\u00e5gra \u00e5r i USA och b\u00e5de studerat och undervisat d\u00e4r. Jag har dessutom arbetat som grundskoll\u00e4rare i Sverige under m\u00e5nga \u00e5r, en kortare tid som gymnasiel\u00e4rare och sedan 2010 vid Link\u00f6pings universitet. P\u00e5 LiU arbetar jag med att f\u00e4rdigst\u00e4lla min forskarutbildning i pedagogiskt arbete, och tidigare \u00e4ven med undervisning inom l\u00e4rarutbildningen. Under senare \u00e5r \u00e4r jag \u00e4ven inriktad mot undervisning i Svenska som andraspr\u00e5k, n\u00e5got som g\u00f6r att jag tr\u00e4ffar m\u00e5nga med utl\u00e4ndsk bakgrund, b\u00e5de LiU-anst\u00e4llda och studenter, men \u00e4ven migranter med akademisk bakgrund som deltar i arbetsmarknadsanpassade utbildningar.<span class=\"Apple-converted-space\">\u00a0<\/span><\/p>\n<p><b>Vilka fr\u00e5gor brinner du extra f\u00f6r?<\/b><\/p>\n<p>Jag brinner s\u00e4rskilt f\u00f6r fr\u00e5gor som r\u00f6r skola och utbildning. H\u00e4r \u00e4r jag v\u00e4l insatt och h\u00e4r finns m\u00e5nga viktiga uppgifter, d\u00e4r jag verkligen skulle vilja g\u00f6ra en insats. Arbetsmarknadsfr\u00e5gor \u00e4r ett annat centralt intresse hos mig, samt kultur och fritidsfr\u00e5gor.<span class=\"Apple-converted-space\">\u00a0<\/span><\/p>\n<p><b>Vad \u00e4r styrkan i Kristdemokraternas KF-grupp?\u00a0<\/b><\/p>\n<p>Styrkan i Kristdemokraternas KF-grupp \u00e4r att vi har olika bakgrund och erfarenheter med kunskap fr\u00e5n olika yrkesomr\u00e5den. Vi \u00e4r ett energiskt g\u00e4ng som trivs tillsammans och som kompletterar varandra. V\u00e5rt fokus \u00e4r att gemensamt verka f\u00f6r kommunens b\u00e4sta utifr\u00e5n v\u00e5ra kristdemokratiska v\u00e4rderingar.<span class=\"Apple-converted-space\">\u00a0<\/span><\/p>\n<p><b>Har du andra politiska uppdrag ut\u00f6ver kommunfullm\u00e4ktige?\u00a0<\/b><\/p>\n<p>Barn- och ungdomsn\u00e4mnden, Ledamot<br \/>\nKommunfullm\u00e4ktiges valberedning, Ers\u00e4ttare<\/p>\n<p><b>Foto: <\/b>Kjell O. Lejon<\/p>\n","protected":false},"excerpt":{"rendered":"<p>Namn:\u00a0Annika Lejon F\u00f6dd:\u00a0P\u00e5 Sk\u00e4rtorsdagen 1964. Familj:\u00a0Gift och har 3 barn. Uppvuxen:\u00a0I V\u00e4ster\u00e5s och Uppsala men bor sedan 25 \u00e5r i Link\u00f6ping. Vad har du f\u00f6r bakgrund utanf\u00f6r politiken?\u00a0 Jag har en bakgrund inom skola och utbildning. Med en l\u00e4rarutbildning i botten har jag bott n\u00e5gra \u00e5r i USA och b\u00e5de studerat och undervisat d\u00e4r. Jag <a class=\"read-more-link\" href=\"https:\/\/wp.kristdemokraterna.se\/linkoping\/vart-parti\/fullmaktigegruppen\/annika-lejon\/\">Read More<\/a><\/p>\n","protected":false},"author":410,"featured_media":1204,"parent":1873,"menu_order":3,"comment_status":"closed","ping_status":"closed","template":"","meta":{"_acf_changed":false,"footnotes":""},"class_list":["post-1201","page","type-page","status-publish","hentry"],"acf":[],"yoast_head":"<!-- This site is optimized with the Yoast SEO plugin v27.3 - https:\/\/yoast.com\/product\/yoast-seo-wordpress\/ -->\n<title>Annika Lejon - Kristdemokraterna i Link\u00f6ping<\/title>\n<meta name=\"robots\" content=\"index, follow, max-snippet:-1, max-image-preview:large, max-video-preview:-1\" \/>\n<link rel=\"canonical\" href=\"https:\/\/wp.kristdemokraterna.se\/linkoping\/vart-parti\/fullmaktigegruppen\/annika-lejon\/\" \/>\n<meta property=\"og:locale\" content=\"sv_SE\" \/>\n<meta property=\"og:type\" content=\"article\" \/>\n<meta property=\"og:title\" content=\"Annika Lejon - Kristdemokraterna i Link\u00f6ping\" \/>\n<meta property=\"og:description\" content=\"Namn:\u00a0Annika Lejon F\u00f6dd:\u00a0P\u00e5 Sk\u00e4rtorsdagen 1964. Familj:\u00a0Gift och har 3 barn. Uppvuxen:\u00a0I V\u00e4ster\u00e5s och Uppsala men bor sedan 25 \u00e5r i Link\u00f6ping. Vad har du f\u00f6r bakgrund utanf\u00f6r politiken?\u00a0 Jag har en bakgrund inom skola och utbildning. Med en l\u00e4rarutbildning i botten har jag bott n\u00e5gra \u00e5r i USA och b\u00e5de studerat och undervisat d\u00e4r. Jag Read More\" \/>\n<meta property=\"og:url\" content=\"https:\/\/wp.kristdemokraterna.se\/linkoping\/vart-parti\/fullmaktigegruppen\/annika-lejon\/\" \/>\n<meta property=\"og:site_name\" content=\"Kristdemokraterna i Link\u00f6ping\" \/>\n<meta property=\"article:modified_time\" content=\"2024-02-14T07:21:34+00:00\" \/>\n<meta property=\"og:image\" content=\"https:\/\/wp.kristdemokraterna.se\/linkoping\/files\/2019\/04\/magnus-landberg.jpg\" \/>\n\t<meta property=\"og:image:width\" content=\"641\" \/>\n\t<meta property=\"og:image:height\" content=\"960\" \/>\n\t<meta property=\"og:image:type\" content=\"image\/jpeg\" \/>\n<meta name=\"twitter:card\" content=\"summary_large_image\" \/>\n<meta name=\"twitter:label1\" content=\"Ber\u00e4knad l\u00e4stid\" \/>\n\t<meta name=\"twitter:data1\" content=\"2 minuter\" \/>\n<script type=\"application\/ld+json\" class=\"yoast-schema-graph\">{\"@context\":\"https:\\\/\\\/schema.org\",\"@graph\":[{\"@type\":\"WebPage\",\"@id\":\"https:\\\/\\\/wp.kristdemokraterna.se\\\/linkoping\\\/vart-parti\\\/fullmaktigegruppen\\\/annika-lejon\\\/\",\"url\":\"https:\\\/\\\/wp.kristdemokraterna.se\\\/linkoping\\\/vart-parti\\\/fullmaktigegruppen\\\/annika-lejon\\\/\",\"name\":\"Annika Lejon - Kristdemokraterna i Link\u00f6ping\",\"isPartOf\":{\"@id\":\"https:\\\/\\\/wp.kristdemokraterna.se\\\/linkoping\\\/#website\"},\"primaryImageOfPage\":{\"@id\":\"https:\\\/\\\/wp.kristdemokraterna.se\\\/linkoping\\\/vart-parti\\\/fullmaktigegruppen\\\/annika-lejon\\\/#primaryimage\"},\"image\":{\"@id\":\"https:\\\/\\\/wp.kristdemokraterna.se\\\/linkoping\\\/vart-parti\\\/fullmaktigegruppen\\\/annika-lejon\\\/#primaryimage\"},\"thumbnailUrl\":\"https:\\\/\\\/wp.kristdemokraterna.se\\\/linkoping\\\/files\\\/2019\\\/04\\\/magnus-landberg.jpg\",\"datePublished\":\"2019-04-14T13:35:38+00:00\",\"dateModified\":\"2024-02-14T07:21:34+00:00\",\"breadcrumb\":{\"@id\":\"https:\\\/\\\/wp.kristdemokraterna.se\\\/linkoping\\\/vart-parti\\\/fullmaktigegruppen\\\/annika-lejon\\\/#breadcrumb\"},\"inLanguage\":\"sv-SE\",\"potentialAction\":[{\"@type\":\"ReadAction\",\"target\":[\"https:\\\/\\\/wp.kristdemokraterna.se\\\/linkoping\\\/vart-parti\\\/fullmaktigegruppen\\\/annika-lejon\\\/\"]}]},{\"@type\":\"ImageObject\",\"inLanguage\":\"sv-SE\",\"@id\":\"https:\\\/\\\/wp.kristdemokraterna.se\\\/linkoping\\\/vart-parti\\\/fullmaktigegruppen\\\/annika-lejon\\\/#primaryimage\",\"url\":\"https:\\\/\\\/wp.kristdemokraterna.se\\\/linkoping\\\/files\\\/2019\\\/04\\\/magnus-landberg.jpg\",\"contentUrl\":\"https:\\\/\\\/wp.kristdemokraterna.se\\\/linkoping\\\/files\\\/2019\\\/04\\\/magnus-landberg.jpg\",\"width\":641,\"height\":960},{\"@type\":\"BreadcrumbList\",\"@id\":\"https:\\\/\\\/wp.kristdemokraterna.se\\\/linkoping\\\/vart-parti\\\/fullmaktigegruppen\\\/annika-lejon\\\/#breadcrumb\",\"itemListElement\":[{\"@type\":\"ListItem\",\"position\":1,\"name\":\"Hem\",\"item\":\"https:\\\/\\\/wp.kristdemokraterna.se\\\/linkoping\\\/\"},{\"@type\":\"ListItem\",\"position\":2,\"name\":\"V\u00e5rt parti\",\"item\":\"https:\\\/\\\/wp.kristdemokraterna.se\\\/linkoping\\\/vart-parti\\\/\"},{\"@type\":\"ListItem\",\"position\":3,\"name\":\"Fullm\u00e4ktigegruppen\",\"item\":\"https:\\\/\\\/wp.kristdemokraterna.se\\\/linkoping\\\/vart-parti\\\/fullmaktigegruppen\\\/\"},{\"@type\":\"ListItem\",\"position\":4,\"name\":\"Annika Lejon\"}]},{\"@type\":\"WebSite\",\"@id\":\"https:\\\/\\\/wp.kristdemokraterna.se\\\/linkoping\\\/#website\",\"url\":\"https:\\\/\\\/wp.kristdemokraterna.se\\\/linkoping\\\/\",\"name\":\"Kristdemokraterna i Link\u00f6ping\",\"description\":\"\",\"inLanguage\":\"sv-SE\"}]}<\/script>\n<!-- \/ Yoast SEO plugin. -->","yoast_head_json":{"title":"Annika Lejon - Kristdemokraterna i Link\u00f6ping","robots":{"index":"index","follow":"follow","max-snippet":"max-snippet:-1","max-image-preview":"max-image-preview:large","max-video-preview":"max-video-preview:-1"},"canonical":"https:\/\/wp.kristdemokraterna.se\/linkoping\/vart-parti\/fullmaktigegruppen\/annika-lejon\/","og_locale":"sv_SE","og_type":"article","og_title":"Annika Lejon - Kristdemokraterna i Link\u00f6ping","og_description":"Namn:\u00a0Annika Lejon F\u00f6dd:\u00a0P\u00e5 Sk\u00e4rtorsdagen 1964. Familj:\u00a0Gift och har 3 barn. Uppvuxen:\u00a0I V\u00e4ster\u00e5s och Uppsala men bor sedan 25 \u00e5r i Link\u00f6ping. Vad har du f\u00f6r bakgrund utanf\u00f6r politiken?\u00a0 Jag har en bakgrund inom skola och utbildning. Med en l\u00e4rarutbildning i botten har jag bott n\u00e5gra \u00e5r i USA och b\u00e5de studerat och undervisat d\u00e4r. Jag Read More","og_url":"https:\/\/wp.kristdemokraterna.se\/linkoping\/vart-parti\/fullmaktigegruppen\/annika-lejon\/","og_site_name":"Kristdemokraterna i Link\u00f6ping","article_modified_time":"2024-02-14T07:21:34+00:00","og_image":[{"width":641,"height":960,"url":"https:\/\/wp.kristdemokraterna.se\/linkoping\/files\/2019\/04\/magnus-landberg.jpg","type":"image\/jpeg"}],"twitter_card":"summary_large_image","twitter_misc":{"Ber\u00e4knad l\u00e4stid":"2 minuter"},"schema":{"@context":"https:\/\/schema.org","@graph":[{"@type":"WebPage","@id":"https:\/\/wp.kristdemokraterna.se\/linkoping\/vart-parti\/fullmaktigegruppen\/annika-lejon\/","url":"https:\/\/wp.kristdemokraterna.se\/linkoping\/vart-parti\/fullmaktigegruppen\/annika-lejon\/","name":"Annika Lejon - Kristdemokraterna i Link\u00f6ping","isPartOf":{"@id":"https:\/\/wp.kristdemokraterna.se\/linkoping\/#website"},"primaryImageOfPage":{"@id":"https:\/\/wp.kristdemokraterna.se\/linkoping\/vart-parti\/fullmaktigegruppen\/annika-lejon\/#primaryimage"},"image":{"@id":"https:\/\/wp.kristdemokraterna.se\/linkoping\/vart-parti\/fullmaktigegruppen\/annika-lejon\/#primaryimage"},"thumbnailUrl":"https:\/\/wp.kristdemokraterna.se\/linkoping\/files\/2019\/04\/magnus-landberg.jpg","datePublished":"2019-04-14T13:35:38+00:00","dateModified":"2024-02-14T07:21:34+00:00","breadcrumb":{"@id":"https:\/\/wp.kristdemokraterna.se\/linkoping\/vart-parti\/fullmaktigegruppen\/annika-lejon\/#breadcrumb"},"inLanguage":"sv-SE","potentialAction":[{"@type":"ReadAction","target":["https:\/\/wp.kristdemokraterna.se\/linkoping\/vart-parti\/fullmaktigegruppen\/annika-lejon\/"]}]},{"@type":"ImageObject","inLanguage":"sv-SE","@id":"https:\/\/wp.kristdemokraterna.se\/linkoping\/vart-parti\/fullmaktigegruppen\/annika-lejon\/#primaryimage","url":"https:\/\/wp.kristdemokraterna.se\/linkoping\/files\/2019\/04\/magnus-landberg.jpg","contentUrl":"https:\/\/wp.kristdemokraterna.se\/linkoping\/files\/2019\/04\/magnus-landberg.jpg","width":641,"height":960},{"@type":"BreadcrumbList","@id":"https:\/\/wp.kristdemokraterna.se\/linkoping\/vart-parti\/fullmaktigegruppen\/annika-lejon\/#breadcrumb","itemListElement":[{"@type":"ListItem","position":1,"name":"Hem","item":"https:\/\/wp.kristdemokraterna.se\/linkoping\/"},{"@type":"ListItem","position":2,"name":"V\u00e5rt parti","item":"https:\/\/wp.kristdemokraterna.se\/linkoping\/vart-parti\/"},{"@type":"ListItem","position":3,"name":"Fullm\u00e4ktigegruppen","item":"https:\/\/wp.kristdemokraterna.se\/linkoping\/vart-parti\/fullmaktigegruppen\/"},{"@type":"ListItem","position":4,"name":"Annika Lejon"}]},{"@type":"WebSite","@id":"https:\/\/wp.kristdemokraterna.se\/linkoping\/#website","url":"https:\/\/wp.kristdemokraterna.se\/linkoping\/","name":"Kristdemokraterna i Link\u00f6ping","description":"","inLanguage":"sv-SE"}]}},"_links":{"self":[{"href":"https:\/\/wp.kristdemokraterna.se\/linkoping\/wp-json\/wp\/v2\/pages\/1201","targetHints":{"allow":["GET"]}}],"collection":[{"href":"https:\/\/wp.kristdemokraterna.se\/linkoping\/wp-json\/wp\/v2\/pages"}],"about":[{"href":"https:\/\/wp.kristdemokraterna.se\/linkoping\/wp-json\/wp\/v2\/types\/page"}],"author":[{"embeddable":true,"href":"https:\/\/wp.kristdemokraterna.se\/linkoping\/wp-json\/wp\/v2\/users\/410"}],"replies":[{"embeddable":true,"href":"https:\/\/wp.kristdemokraterna.se\/linkoping\/wp-json\/wp\/v2\/comments?post=1201"}],"version-history":[{"count":23,"href":"https:\/\/wp.kristdemokraterna.se\/linkoping\/wp-json\/wp\/v2\/pages\/1201\/revisions"}],"predecessor-version":[{"id":2705,"href":"https:\/\/wp.kristdemokraterna.se\/linkoping\/wp-json\/wp\/v2\/pages\/1201\/revisions\/2705"}],"up":[{"embeddable":true,"href":"https:\/\/wp.kristdemokraterna.se\/linkoping\/wp-json\/wp\/v2\/pages\/1873"}],"wp:featuredmedia":[{"embeddable":true,"href":"https:\/\/wp.kristdemokraterna.se\/linkoping\/wp-json\/wp\/v2\/media\/1204"}],"wp:attachment":[{"href":"https:\/\/wp.kristdemokraterna.se\/linkoping\/wp-json\/wp\/v2\/media?parent=1201"}],"curies":[{"name":"wp","href":"https:\/\/api.w.org\/{rel}","templated":true}]}}