{"id":1854,"date":"2022-02-06T13:40:25","date_gmt":"2022-02-06T12:40:25","guid":{"rendered":"https:\/\/wp.kristdemokraterna.se\/linkoping\/?page_id=1854"},"modified":"2022-06-22T08:32:27","modified_gmt":"2022-06-22T06:32:27","slug":"nu-ar-valrorelsen-igang","status":"publish","type":"page","link":"https:\/\/wp.kristdemokraterna.se\/linkoping\/valet-2022\/nu-ar-valrorelsen-igang\/","title":{"rendered":"Nu \u00e4r valr\u00f6relsen ig\u00e5ng"},"content":{"rendered":"<p>Den h\u00e4r veckan drar Kristdemokraterna i Link\u00f6ping ig\u00e5ng sin valr\u00f6relse. Vi kommer att anordna en rad olika aktiviteter varje vecka fram till <strong>valet den 11 september<\/strong>. I videon v\u00e4nder sig v\u00e5rt kommunalr\u00e5d Denis\u00e9 Cassel (KD) till alla som vill vara med och st\u00f6dja oss i valkampen.<\/p>\n<div style=\"width: 432px;float: left;height: 540px;background: white;margin: 0px\">\n<div style=\"width: 432px;\" class=\"wp-video\"><video class=\"wp-video-shortcode\" id=\"video-1854-1\" width=\"432\" height=\"540\" autoplay preload=\"metadata\" controls=\"controls\"><source type=\"video\/mp4\" src=\"https:\/\/wp.kristdemokraterna.se\/linkoping\/files\/2022\/05\/kd_lkpg_denise_cassel_4_5_5.mp4?_=1\" \/><a href=\"https:\/\/wp.kristdemokraterna.se\/linkoping\/files\/2022\/05\/kd_lkpg_denise_cassel_4_5_5.mp4\">https:\/\/wp.kristdemokraterna.se\/linkoping\/files\/2022\/05\/kd_lkpg_denise_cassel_4_5_5.mp4<\/a><\/video><\/div>\n<\/div>\n<div style=\"width: 432px;float: left;height: 540px;background: white;margin: 0px\"><\/div>\n","protected":false},"excerpt":{"rendered":"<p>Den h\u00e4r veckan drar Kristdemokraterna i Link\u00f6ping ig\u00e5ng sin valr\u00f6relse. Vi kommer att anordna en rad olika aktiviteter varje vecka fram till valet den 11 september. I videon v\u00e4nder sig v\u00e5rt kommunalr\u00e5d Denis\u00e9 Cassel (KD) till alla som vill vara med och st\u00f6dja oss i valkampen.<\/p>\n","protected":false},"author":410,"featured_media":0,"parent":1858,"menu_order":0,"comment_status":"closed","ping_status":"closed","template":"page.php","meta":{"_acf_changed":false,"footnotes":""},"class_list":["post-1854","page","type-page","status-publish","hentry"],"acf":[],"yoast_head":"<!-- This site is optimized with the Yoast SEO plugin v27.4 - https:\/\/yoast.com\/product\/yoast-seo-wordpress\/ -->\n<title>Nu \u00e4r valr\u00f6relsen ig\u00e5ng - Kristdemokraterna i Link\u00f6ping<\/title>\n<meta name=\"robots\" content=\"index, follow, max-snippet:-1, max-image-preview:large, max-video-preview:-1\" \/>\n<link rel=\"canonical\" href=\"https:\/\/wp.kristdemokraterna.se\/linkoping\/valet-2022\/nu-ar-valrorelsen-igang\/\" \/>\n<meta property=\"og:locale\" content=\"sv_SE\" \/>\n<meta property=\"og:type\" content=\"article\" \/>\n<meta property=\"og:title\" content=\"Nu \u00e4r valr\u00f6relsen ig\u00e5ng - Kristdemokraterna i Link\u00f6ping\" \/>\n<meta property=\"og:description\" content=\"Den h\u00e4r veckan drar Kristdemokraterna i Link\u00f6ping ig\u00e5ng sin valr\u00f6relse. Vi kommer att anordna en rad olika aktiviteter varje vecka fram till valet den 11 september. I videon v\u00e4nder sig v\u00e5rt kommunalr\u00e5d Denis\u00e9 Cassel (KD) till alla som vill vara med och st\u00f6dja oss i valkampen.\" \/>\n<meta property=\"og:url\" content=\"https:\/\/wp.kristdemokraterna.se\/linkoping\/valet-2022\/nu-ar-valrorelsen-igang\/\" \/>\n<meta property=\"og:site_name\" content=\"Kristdemokraterna i Link\u00f6ping\" \/>\n<meta property=\"article:modified_time\" content=\"2022-06-22T06:32:27+00:00\" \/>\n<meta name=\"twitter:card\" content=\"summary_large_image\" \/>\n<meta name=\"twitter:label1\" content=\"Ber\u00e4knad l\u00e4stid\" \/>\n\t<meta name=\"twitter:data1\" content=\"1 minut\" \/>\n<script type=\"application\/ld+json\" class=\"yoast-schema-graph\">{\"@context\":\"https:\\\/\\\/schema.org\",\"@graph\":[{\"@type\":\"WebPage\",\"@id\":\"https:\\\/\\\/wp.kristdemokraterna.se\\\/linkoping\\\/valet-2022\\\/nu-ar-valrorelsen-igang\\\/\",\"url\":\"https:\\\/\\\/wp.kristdemokraterna.se\\\/linkoping\\\/valet-2022\\\/nu-ar-valrorelsen-igang\\\/\",\"name\":\"Nu \u00e4r valr\u00f6relsen ig\u00e5ng - Kristdemokraterna i Link\u00f6ping\",\"isPartOf\":{\"@id\":\"https:\\\/\\\/wp.kristdemokraterna.se\\\/linkoping\\\/#website\"},\"datePublished\":\"2022-02-06T12:40:25+00:00\",\"dateModified\":\"2022-06-22T06:32:27+00:00\",\"breadcrumb\":{\"@id\":\"https:\\\/\\\/wp.kristdemokraterna.se\\\/linkoping\\\/valet-2022\\\/nu-ar-valrorelsen-igang\\\/#breadcrumb\"},\"inLanguage\":\"sv-SE\",\"potentialAction\":[{\"@type\":\"ReadAction\",\"target\":[\"https:\\\/\\\/wp.kristdemokraterna.se\\\/linkoping\\\/valet-2022\\\/nu-ar-valrorelsen-igang\\\/\"]}]},{\"@type\":\"BreadcrumbList\",\"@id\":\"https:\\\/\\\/wp.kristdemokraterna.se\\\/linkoping\\\/valet-2022\\\/nu-ar-valrorelsen-igang\\\/#breadcrumb\",\"itemListElement\":[{\"@type\":\"ListItem\",\"position\":1,\"name\":\"Hem\",\"item\":\"https:\\\/\\\/wp.kristdemokraterna.se\\\/linkoping\\\/\"},{\"@type\":\"ListItem\",\"position\":2,\"name\":\"Valet 2022\",\"item\":\"https:\\\/\\\/wp.kristdemokraterna.se\\\/linkoping\\\/valet-2022\\\/\"},{\"@type\":\"ListItem\",\"position\":3,\"name\":\"Nu \u00e4r valr\u00f6relsen ig\u00e5ng\"}]},{\"@type\":\"WebSite\",\"@id\":\"https:\\\/\\\/wp.kristdemokraterna.se\\\/linkoping\\\/#website\",\"url\":\"https:\\\/\\\/wp.kristdemokraterna.se\\\/linkoping\\\/\",\"name\":\"Kristdemokraterna i Link\u00f6ping\",\"description\":\"\",\"inLanguage\":\"sv-SE\"}]}<\/script>\n<!-- \/ Yoast SEO plugin. -->","yoast_head_json":{"title":"Nu \u00e4r valr\u00f6relsen ig\u00e5ng - Kristdemokraterna i Link\u00f6ping","robots":{"index":"index","follow":"follow","max-snippet":"max-snippet:-1","max-image-preview":"max-image-preview:large","max-video-preview":"max-video-preview:-1"},"canonical":"https:\/\/wp.kristdemokraterna.se\/linkoping\/valet-2022\/nu-ar-valrorelsen-igang\/","og_locale":"sv_SE","og_type":"article","og_title":"Nu \u00e4r valr\u00f6relsen ig\u00e5ng - Kristdemokraterna i Link\u00f6ping","og_description":"Den h\u00e4r veckan drar Kristdemokraterna i Link\u00f6ping ig\u00e5ng sin valr\u00f6relse. Vi kommer att anordna en rad olika aktiviteter varje vecka fram till valet den 11 september. I videon v\u00e4nder sig v\u00e5rt kommunalr\u00e5d Denis\u00e9 Cassel (KD) till alla som vill vara med och st\u00f6dja oss i valkampen.","og_url":"https:\/\/wp.kristdemokraterna.se\/linkoping\/valet-2022\/nu-ar-valrorelsen-igang\/","og_site_name":"Kristdemokraterna i Link\u00f6ping","article_modified_time":"2022-06-22T06:32:27+00:00","twitter_card":"summary_large_image","twitter_misc":{"Ber\u00e4knad l\u00e4stid":"1 minut"},"schema":{"@context":"https:\/\/schema.org","@graph":[{"@type":"WebPage","@id":"https:\/\/wp.kristdemokraterna.se\/linkoping\/valet-2022\/nu-ar-valrorelsen-igang\/","url":"https:\/\/wp.kristdemokraterna.se\/linkoping\/valet-2022\/nu-ar-valrorelsen-igang\/","name":"Nu \u00e4r valr\u00f6relsen ig\u00e5ng - Kristdemokraterna i Link\u00f6ping","isPartOf":{"@id":"https:\/\/wp.kristdemokraterna.se\/linkoping\/#website"},"datePublished":"2022-02-06T12:40:25+00:00","dateModified":"2022-06-22T06:32:27+00:00","breadcrumb":{"@id":"https:\/\/wp.kristdemokraterna.se\/linkoping\/valet-2022\/nu-ar-valrorelsen-igang\/#breadcrumb"},"inLanguage":"sv-SE","potentialAction":[{"@type":"ReadAction","target":["https:\/\/wp.kristdemokraterna.se\/linkoping\/valet-2022\/nu-ar-valrorelsen-igang\/"]}]},{"@type":"BreadcrumbList","@id":"https:\/\/wp.kristdemokraterna.se\/linkoping\/valet-2022\/nu-ar-valrorelsen-igang\/#breadcrumb","itemListElement":[{"@type":"ListItem","position":1,"name":"Hem","item":"https:\/\/wp.kristdemokraterna.se\/linkoping\/"},{"@type":"ListItem","position":2,"name":"Valet 2022","item":"https:\/\/wp.kristdemokraterna.se\/linkoping\/valet-2022\/"},{"@type":"ListItem","position":3,"name":"Nu \u00e4r valr\u00f6relsen ig\u00e5ng"}]},{"@type":"WebSite","@id":"https:\/\/wp.kristdemokraterna.se\/linkoping\/#website","url":"https:\/\/wp.kristdemokraterna.se\/linkoping\/","name":"Kristdemokraterna i Link\u00f6ping","description":"","inLanguage":"sv-SE"}]}},"_links":{"self":[{"href":"https:\/\/wp.kristdemokraterna.se\/linkoping\/wp-json\/wp\/v2\/pages\/1854","targetHints":{"allow":["GET"]}}],"collection":[{"href":"https:\/\/wp.kristdemokraterna.se\/linkoping\/wp-json\/wp\/v2\/pages"}],"about":[{"href":"https:\/\/wp.kristdemokraterna.se\/linkoping\/wp-json\/wp\/v2\/types\/page"}],"author":[{"embeddable":true,"href":"https:\/\/wp.kristdemokraterna.se\/linkoping\/wp-json\/wp\/v2\/users\/410"}],"replies":[{"embeddable":true,"href":"https:\/\/wp.kristdemokraterna.se\/linkoping\/wp-json\/wp\/v2\/comments?post=1854"}],"version-history":[{"count":29,"href":"https:\/\/wp.kristdemokraterna.se\/linkoping\/wp-json\/wp\/v2\/pages\/1854\/revisions"}],"predecessor-version":[{"id":2338,"href":"https:\/\/wp.kristdemokraterna.se\/linkoping\/wp-json\/wp\/v2\/pages\/1854\/revisions\/2338"}],"up":[{"embeddable":true,"href":"https:\/\/wp.kristdemokraterna.se\/linkoping\/wp-json\/wp\/v2\/pages\/1858"}],"wp:attachment":[{"href":"https:\/\/wp.kristdemokraterna.se\/linkoping\/wp-json\/wp\/v2\/media?parent=1854"}],"curies":[{"name":"wp","href":"https:\/\/api.w.org\/{rel}","templated":true}]}}