{"id":1873,"date":"2021-08-09T12:11:28","date_gmt":"2021-08-09T10:11:28","guid":{"rendered":"https:\/\/wp.kristdemokraterna.se\/linkoping\/?page_id=1873"},"modified":"2023-10-06T13:29:10","modified_gmt":"2023-10-06T11:29:10","slug":"fullmaktigegruppen","status":"publish","type":"page","link":"https:\/\/wp.kristdemokraterna.se\/linkoping\/vart-parti\/fullmaktigegruppen\/","title":{"rendered":"Fullm\u00e4ktigegruppen"},"content":{"rendered":"<p><img loading=\"lazy\" decoding=\"async\" class=\"alignnone wp-image-2169 size-full\" src=\"https:\/\/wp.kristdemokraterna.se\/linkoping\/files\/2022\/02\/kd_lkpg_blue_sky.jpg\" alt=\"\" width=\"1600\" height=\"1068\" srcset=\"https:\/\/wp.kristdemokraterna.se\/linkoping\/files\/2022\/02\/kd_lkpg_blue_sky.jpg 1600w, https:\/\/wp.kristdemokraterna.se\/linkoping\/files\/2022\/02\/kd_lkpg_blue_sky-300x200.jpg 300w, https:\/\/wp.kristdemokraterna.se\/linkoping\/files\/2022\/02\/kd_lkpg_blue_sky-540x360.jpg 540w, https:\/\/wp.kristdemokraterna.se\/linkoping\/files\/2022\/02\/kd_lkpg_blue_sky-768x513.jpg 768w, https:\/\/wp.kristdemokraterna.se\/linkoping\/files\/2022\/02\/kd_lkpg_blue_sky-1536x1025.jpg 1536w, https:\/\/wp.kristdemokraterna.se\/linkoping\/files\/2022\/02\/kd_lkpg_blue_sky-370x247.jpg 370w, https:\/\/wp.kristdemokraterna.se\/linkoping\/files\/2022\/02\/kd_lkpg_blue_sky-770x514.jpg 770w, https:\/\/wp.kristdemokraterna.se\/linkoping\/files\/2022\/02\/kd_lkpg_blue_sky-450x300.jpg 450w, https:\/\/wp.kristdemokraterna.se\/linkoping\/files\/2022\/02\/kd_lkpg_blue_sky-280x187.jpg 280w, https:\/\/wp.kristdemokraterna.se\/linkoping\/files\/2022\/02\/kd_lkpg_blue_sky-340x227.jpg 340w, https:\/\/wp.kristdemokraterna.se\/linkoping\/files\/2022\/02\/kd_lkpg_blue_sky-200x134.jpg 200w, https:\/\/wp.kristdemokraterna.se\/linkoping\/files\/2022\/02\/kd_lkpg_blue_sky-84x56.jpg 84w\" sizes=\"auto, (max-width: 1600px) 100vw, 1600px\" \/><\/p>\n<p><strong>H\u00e4r presenteras KD Link\u00f6pings fullm\u00e4ktigegrupp.\u00a0<\/strong><\/p>\n<p>Liselotte Fager (Gruppledare)<br \/>\n<a href=\"https:\/\/wp.kristdemokraterna.se\/linkoping\/vart-parti\/fullmaktigegruppen\/liselotte-fager-2\/\">Mer info<\/a><\/p>\n<p>Lars Rox\u00e5<br \/>\n<a href=\"https:\/\/wp.kristdemokraterna.se\/linkoping\/vart-parti\/fullmaktigegruppen\/lars-roxa\/\">Mer info<\/a><\/p>\n<p>Annika Lejon<br \/>\n<a href=\"https:\/\/wp.kristdemokraterna.se\/linkoping\/vart-parti\/fullmaktigegruppen\/annika-lejon\/\">Mer info<\/a><\/p>\n<p>Simon Posluk<br \/>\n<a href=\"https:\/\/wp.kristdemokraterna.se\/linkoping\/vart-parti\/fullmaktigegruppen\/simon-posluk\/\">Mer info<\/a><\/p>\n<p>Solveig Danielsson<br \/>\n<a href=\"https:\/\/wp.kristdemokraterna.se\/linkoping\/vart-parti\/fullmaktigegruppen\/solveig-danielsson\/\">Mer info<\/a><\/p>\n<p>Torbj\u00f6rn Nibelius<br \/>\n<a href=\"https:\/\/wp.kristdemokraterna.se\/linkoping\/vart-parti\/fullmaktigegruppen\/torbjorn-nibelius\/\">Mer info<\/a><\/p>\n","protected":false},"excerpt":{"rendered":"<p>H\u00e4r presenteras KD Link\u00f6pings fullm\u00e4ktigegrupp.\u00a0 Liselotte Fager (Gruppledare) Mer info Lars Rox\u00e5 Mer info Annika Lejon Mer info Simon Posluk Mer info Solveig Danielsson Mer info Torbj\u00f6rn Nibelius Mer info<\/p>\n","protected":false},"author":410,"featured_media":0,"parent":1955,"menu_order":0,"comment_status":"closed","ping_status":"closed","template":"","meta":{"_acf_changed":false,"footnotes":""},"class_list":["post-1873","page","type-page","status-publish","hentry"],"acf":[],"yoast_head":"<!-- This site is optimized with the Yoast SEO plugin v27.3 - https:\/\/yoast.com\/product\/yoast-seo-wordpress\/ -->\n<title>Fullm\u00e4ktigegruppen - Kristdemokraterna i Link\u00f6ping<\/title>\n<meta name=\"robots\" content=\"index, follow, max-snippet:-1, max-image-preview:large, max-video-preview:-1\" \/>\n<link rel=\"canonical\" href=\"https:\/\/wp.kristdemokraterna.se\/linkoping\/vart-parti\/fullmaktigegruppen\/\" \/>\n<meta property=\"og:locale\" content=\"sv_SE\" \/>\n<meta property=\"og:type\" content=\"article\" \/>\n<meta property=\"og:title\" content=\"Fullm\u00e4ktigegruppen - Kristdemokraterna i Link\u00f6ping\" \/>\n<meta property=\"og:description\" content=\"H\u00e4r presenteras KD Link\u00f6pings fullm\u00e4ktigegrupp.\u00a0 Liselotte Fager (Gruppledare) Mer info Lars Rox\u00e5 Mer info Annika Lejon Mer info Simon Posluk Mer info Solveig Danielsson Mer info Torbj\u00f6rn Nibelius Mer info\" \/>\n<meta property=\"og:url\" content=\"https:\/\/wp.kristdemokraterna.se\/linkoping\/vart-parti\/fullmaktigegruppen\/\" \/>\n<meta property=\"og:site_name\" content=\"Kristdemokraterna i Link\u00f6ping\" \/>\n<meta property=\"article:modified_time\" content=\"2023-10-06T11:29:10+00:00\" \/>\n<meta property=\"og:image\" content=\"https:\/\/wp.kristdemokraterna.se\/linkoping\/files\/2022\/02\/kd_lkpg_blue_sky.jpg\" \/>\n<meta name=\"twitter:card\" content=\"summary_large_image\" \/>\n<meta name=\"twitter:label1\" content=\"Ber\u00e4knad l\u00e4stid\" \/>\n\t<meta name=\"twitter:data1\" content=\"1 minut\" \/>\n<script type=\"application\/ld+json\" class=\"yoast-schema-graph\">{\"@context\":\"https:\\\/\\\/schema.org\",\"@graph\":[{\"@type\":\"WebPage\",\"@id\":\"https:\\\/\\\/wp.kristdemokraterna.se\\\/linkoping\\\/vart-parti\\\/fullmaktigegruppen\\\/\",\"url\":\"https:\\\/\\\/wp.kristdemokraterna.se\\\/linkoping\\\/vart-parti\\\/fullmaktigegruppen\\\/\",\"name\":\"Fullm\u00e4ktigegruppen - Kristdemokraterna i Link\u00f6ping\",\"isPartOf\":{\"@id\":\"https:\\\/\\\/wp.kristdemokraterna.se\\\/linkoping\\\/#website\"},\"primaryImageOfPage\":{\"@id\":\"https:\\\/\\\/wp.kristdemokraterna.se\\\/linkoping\\\/vart-parti\\\/fullmaktigegruppen\\\/#primaryimage\"},\"image\":{\"@id\":\"https:\\\/\\\/wp.kristdemokraterna.se\\\/linkoping\\\/vart-parti\\\/fullmaktigegruppen\\\/#primaryimage\"},\"thumbnailUrl\":\"https:\\\/\\\/wp.kristdemokraterna.se\\\/linkoping\\\/files\\\/2022\\\/02\\\/kd_lkpg_blue_sky.jpg\",\"datePublished\":\"2021-08-09T10:11:28+00:00\",\"dateModified\":\"2023-10-06T11:29:10+00:00\",\"breadcrumb\":{\"@id\":\"https:\\\/\\\/wp.kristdemokraterna.se\\\/linkoping\\\/vart-parti\\\/fullmaktigegruppen\\\/#breadcrumb\"},\"inLanguage\":\"sv-SE\",\"potentialAction\":[{\"@type\":\"ReadAction\",\"target\":[\"https:\\\/\\\/wp.kristdemokraterna.se\\\/linkoping\\\/vart-parti\\\/fullmaktigegruppen\\\/\"]}]},{\"@type\":\"ImageObject\",\"inLanguage\":\"sv-SE\",\"@id\":\"https:\\\/\\\/wp.kristdemokraterna.se\\\/linkoping\\\/vart-parti\\\/fullmaktigegruppen\\\/#primaryimage\",\"url\":\"https:\\\/\\\/wp.kristdemokraterna.se\\\/linkoping\\\/files\\\/2022\\\/02\\\/kd_lkpg_blue_sky.jpg\",\"contentUrl\":\"https:\\\/\\\/wp.kristdemokraterna.se\\\/linkoping\\\/files\\\/2022\\\/02\\\/kd_lkpg_blue_sky.jpg\",\"width\":1600,\"height\":1068},{\"@type\":\"BreadcrumbList\",\"@id\":\"https:\\\/\\\/wp.kristdemokraterna.se\\\/linkoping\\\/vart-parti\\\/fullmaktigegruppen\\\/#breadcrumb\",\"itemListElement\":[{\"@type\":\"ListItem\",\"position\":1,\"name\":\"Hem\",\"item\":\"https:\\\/\\\/wp.kristdemokraterna.se\\\/linkoping\\\/\"},{\"@type\":\"ListItem\",\"position\":2,\"name\":\"V\u00e5rt parti\",\"item\":\"https:\\\/\\\/wp.kristdemokraterna.se\\\/linkoping\\\/vart-parti\\\/\"},{\"@type\":\"ListItem\",\"position\":3,\"name\":\"Fullm\u00e4ktigegruppen\"}]},{\"@type\":\"WebSite\",\"@id\":\"https:\\\/\\\/wp.kristdemokraterna.se\\\/linkoping\\\/#website\",\"url\":\"https:\\\/\\\/wp.kristdemokraterna.se\\\/linkoping\\\/\",\"name\":\"Kristdemokraterna i Link\u00f6ping\",\"description\":\"\",\"inLanguage\":\"sv-SE\"}]}<\/script>\n<!-- \/ Yoast SEO plugin. -->","yoast_head_json":{"title":"Fullm\u00e4ktigegruppen - Kristdemokraterna i Link\u00f6ping","robots":{"index":"index","follow":"follow","max-snippet":"max-snippet:-1","max-image-preview":"max-image-preview:large","max-video-preview":"max-video-preview:-1"},"canonical":"https:\/\/wp.kristdemokraterna.se\/linkoping\/vart-parti\/fullmaktigegruppen\/","og_locale":"sv_SE","og_type":"article","og_title":"Fullm\u00e4ktigegruppen - Kristdemokraterna i Link\u00f6ping","og_description":"H\u00e4r presenteras KD Link\u00f6pings fullm\u00e4ktigegrupp.\u00a0 Liselotte Fager (Gruppledare) Mer info Lars Rox\u00e5 Mer info Annika Lejon Mer info Simon Posluk Mer info Solveig Danielsson Mer info Torbj\u00f6rn Nibelius Mer info","og_url":"https:\/\/wp.kristdemokraterna.se\/linkoping\/vart-parti\/fullmaktigegruppen\/","og_site_name":"Kristdemokraterna i Link\u00f6ping","article_modified_time":"2023-10-06T11:29:10+00:00","og_image":[{"url":"https:\/\/wp.kristdemokraterna.se\/linkoping\/files\/2022\/02\/kd_lkpg_blue_sky.jpg","type":"","width":"","height":""}],"twitter_card":"summary_large_image","twitter_misc":{"Ber\u00e4knad l\u00e4stid":"1 minut"},"schema":{"@context":"https:\/\/schema.org","@graph":[{"@type":"WebPage","@id":"https:\/\/wp.kristdemokraterna.se\/linkoping\/vart-parti\/fullmaktigegruppen\/","url":"https:\/\/wp.kristdemokraterna.se\/linkoping\/vart-parti\/fullmaktigegruppen\/","name":"Fullm\u00e4ktigegruppen - Kristdemokraterna i Link\u00f6ping","isPartOf":{"@id":"https:\/\/wp.kristdemokraterna.se\/linkoping\/#website"},"primaryImageOfPage":{"@id":"https:\/\/wp.kristdemokraterna.se\/linkoping\/vart-parti\/fullmaktigegruppen\/#primaryimage"},"image":{"@id":"https:\/\/wp.kristdemokraterna.se\/linkoping\/vart-parti\/fullmaktigegruppen\/#primaryimage"},"thumbnailUrl":"https:\/\/wp.kristdemokraterna.se\/linkoping\/files\/2022\/02\/kd_lkpg_blue_sky.jpg","datePublished":"2021-08-09T10:11:28+00:00","dateModified":"2023-10-06T11:29:10+00:00","breadcrumb":{"@id":"https:\/\/wp.kristdemokraterna.se\/linkoping\/vart-parti\/fullmaktigegruppen\/#breadcrumb"},"inLanguage":"sv-SE","potentialAction":[{"@type":"ReadAction","target":["https:\/\/wp.kristdemokraterna.se\/linkoping\/vart-parti\/fullmaktigegruppen\/"]}]},{"@type":"ImageObject","inLanguage":"sv-SE","@id":"https:\/\/wp.kristdemokraterna.se\/linkoping\/vart-parti\/fullmaktigegruppen\/#primaryimage","url":"https:\/\/wp.kristdemokraterna.se\/linkoping\/files\/2022\/02\/kd_lkpg_blue_sky.jpg","contentUrl":"https:\/\/wp.kristdemokraterna.se\/linkoping\/files\/2022\/02\/kd_lkpg_blue_sky.jpg","width":1600,"height":1068},{"@type":"BreadcrumbList","@id":"https:\/\/wp.kristdemokraterna.se\/linkoping\/vart-parti\/fullmaktigegruppen\/#breadcrumb","itemListElement":[{"@type":"ListItem","position":1,"name":"Hem","item":"https:\/\/wp.kristdemokraterna.se\/linkoping\/"},{"@type":"ListItem","position":2,"name":"V\u00e5rt parti","item":"https:\/\/wp.kristdemokraterna.se\/linkoping\/vart-parti\/"},{"@type":"ListItem","position":3,"name":"Fullm\u00e4ktigegruppen"}]},{"@type":"WebSite","@id":"https:\/\/wp.kristdemokraterna.se\/linkoping\/#website","url":"https:\/\/wp.kristdemokraterna.se\/linkoping\/","name":"Kristdemokraterna i Link\u00f6ping","description":"","inLanguage":"sv-SE"}]}},"_links":{"self":[{"href":"https:\/\/wp.kristdemokraterna.se\/linkoping\/wp-json\/wp\/v2\/pages\/1873","targetHints":{"allow":["GET"]}}],"collection":[{"href":"https:\/\/wp.kristdemokraterna.se\/linkoping\/wp-json\/wp\/v2\/pages"}],"about":[{"href":"https:\/\/wp.kristdemokraterna.se\/linkoping\/wp-json\/wp\/v2\/types\/page"}],"author":[{"embeddable":true,"href":"https:\/\/wp.kristdemokraterna.se\/linkoping\/wp-json\/wp\/v2\/users\/410"}],"replies":[{"embeddable":true,"href":"https:\/\/wp.kristdemokraterna.se\/linkoping\/wp-json\/wp\/v2\/comments?post=1873"}],"version-history":[{"count":19,"href":"https:\/\/wp.kristdemokraterna.se\/linkoping\/wp-json\/wp\/v2\/pages\/1873\/revisions"}],"predecessor-version":[{"id":2658,"href":"https:\/\/wp.kristdemokraterna.se\/linkoping\/wp-json\/wp\/v2\/pages\/1873\/revisions\/2658"}],"up":[{"embeddable":true,"href":"https:\/\/wp.kristdemokraterna.se\/linkoping\/wp-json\/wp\/v2\/pages\/1955"}],"wp:attachment":[{"href":"https:\/\/wp.kristdemokraterna.se\/linkoping\/wp-json\/wp\/v2\/media?parent=1873"}],"curies":[{"name":"wp","href":"https:\/\/api.w.org\/{rel}","templated":true}]}}