{"id":1955,"date":"2021-08-14T11:56:06","date_gmt":"2021-08-14T09:56:06","guid":{"rendered":"https:\/\/wp.kristdemokraterna.se\/linkoping\/?page_id=1955"},"modified":"2021-08-14T12:08:15","modified_gmt":"2021-08-14T10:08:15","slug":"vart-parti","status":"publish","type":"page","link":"https:\/\/wp.kristdemokraterna.se\/linkoping\/vart-parti\/","title":{"rendered":"V\u00e5rt parti"},"content":{"rendered":"<p><img loading=\"lazy\" decoding=\"async\" class=\"alignnone size-full wp-image-1956\" src=\"https:\/\/wp.kristdemokraterna.se\/linkoping\/files\/2021\/08\/kd_waller3.jpg\" alt=\"KD\" width=\"1600\" height=\"1068\" srcset=\"https:\/\/wp.kristdemokraterna.se\/linkoping\/files\/2021\/08\/kd_waller3.jpg 1600w, https:\/\/wp.kristdemokraterna.se\/linkoping\/files\/2021\/08\/kd_waller3-300x200.jpg 300w, https:\/\/wp.kristdemokraterna.se\/linkoping\/files\/2021\/08\/kd_waller3-540x360.jpg 540w, https:\/\/wp.kristdemokraterna.se\/linkoping\/files\/2021\/08\/kd_waller3-768x513.jpg 768w, https:\/\/wp.kristdemokraterna.se\/linkoping\/files\/2021\/08\/kd_waller3-1536x1025.jpg 1536w, https:\/\/wp.kristdemokraterna.se\/linkoping\/files\/2021\/08\/kd_waller3-370x247.jpg 370w, https:\/\/wp.kristdemokraterna.se\/linkoping\/files\/2021\/08\/kd_waller3-770x514.jpg 770w, https:\/\/wp.kristdemokraterna.se\/linkoping\/files\/2021\/08\/kd_waller3-450x300.jpg 450w, https:\/\/wp.kristdemokraterna.se\/linkoping\/files\/2021\/08\/kd_waller3-280x187.jpg 280w, https:\/\/wp.kristdemokraterna.se\/linkoping\/files\/2021\/08\/kd_waller3-340x227.jpg 340w, https:\/\/wp.kristdemokraterna.se\/linkoping\/files\/2021\/08\/kd_waller3-200x134.jpg 200w, https:\/\/wp.kristdemokraterna.se\/linkoping\/files\/2021\/08\/kd_waller3-84x56.jpg 84w\" sizes=\"auto, (max-width: 1600px) 100vw, 1600px\" \/><\/p>\n<p><strong>Kort om Kristdemokraterna<\/strong><\/p>\n<p><strong>Kristdemokraterna \u00e4r ett politiskt parti som bildades 1964. Partiordf\u00f6rande \u00e4r Ebba Busch sedan 2015. Kristdemokraterna s\u00e4tter m\u00e4nniskov\u00e4rdet fr\u00e4mst och vill prioritera det som \u00e4r n\u00f6dv\u00e4ndigt f\u00f6r att bygga ett samh\u00e4lle som h\u00e5ller ihop. V\u00e5rden, \u00e4ldrefr\u00e5gorna och tryggheten \u00e4r v\u00e5ra prioriterade fr\u00e5gor.<\/strong><\/p>\n<p>Fakta om partiet:<\/p>\n<p>Partiets ordf\u00f6rande heter Ebba Busch.<\/p>\n<p>Vi har 22 riksdagsledam\u00f6ter. Kristdemokraterna fick sitt f\u00f6rsta riksdagsmandat 1985 geom samverkan med Centerpartiet. 1991 kom partiet in p\u00e5 egen kraft. 1991. I det senaste riksdagsvalet fick Kristdemokraterna 6,32 % av r\u00f6sterna, en \u00f6kning med 1,75 % fr\u00e5n f\u00f6reg\u00e5ende val.<\/p>\n<p>Vi har 25.600 medlemmar. Vi \u00e4r organiserade i 26 partidistrikt. Ett distrikt omfattar oftast ett l\u00e4n<\/p>\n<p>Vi \u00e4r representerade i samtliga regioner f\u00f6rutom Norrbotten. Totalt 119 fullm\u00e4ktigeledam\u00f6ter.<\/p>\n<p>Kristdemokraterna \u00e4r representerade i 251 kommuner av totalt 290. Totalt \u00e4r det 676 full\u00e4m\u00e4ktigeledam\u00f6ter. V\u00e5ra lokala representanter hittar du h\u00e4r. KD innehar uppdraget som Kommunstyrelsens Ordf\u00f6rande i sex kommuner; Lax\u00e5, \u00d6cker\u00f6, \u00d6desh\u00f6g, S\u00e4vsj\u00f6, Markaryd, Lycksele.<\/p>\n<p>I partiet finns ocks\u00e5 ett kvinnof\u00f6rbund, ett ungdomsf\u00f6rbund, ett studentf\u00f6rbund och ett seniorf\u00f6rbund.<\/p>\n<p>\u00c5r 2005 startade organisationen KIC \u2013 Kristdemokratiskt Internationellt Center som arbetar med demokratibist\u00e5nd. De st\u00f6djer andra kristdemokratiska partier. I diktaturer st\u00f6ttar de demokratir\u00f6relser som befinner sig i opposition.<\/p>\n<p>Kristdemokraterna \u00e4r representerat i EU-parlamentet med tv\u00e5 ledam\u00f6ter. Sara Skyttedal fr\u00e5n Link\u00f6ping och David Lega fr\u00e5n G\u00f6teborg. I EU-valet 2019 fick partiet sitt b\u00e4sta resultat n\u00e5gonsin med 8,62%, en \u00f6kning med 2,69%. Mer information finns h\u00e4r. P\u00e5 europeisk niv\u00e5 utg\u00f6r Kristdemokraterna en del av EPP (European Peoples Party) en sammanslutning av kristdemokratiska partier i Europa. EPP \u00e4r den st\u00f6rsta partigruppen i Europaparlementet.<\/p>\n","protected":false},"excerpt":{"rendered":"<p>Kort om Kristdemokraterna Kristdemokraterna \u00e4r ett politiskt parti som bildades 1964. Partiordf\u00f6rande \u00e4r Ebba Busch sedan 2015. Kristdemokraterna s\u00e4tter m\u00e4nniskov\u00e4rdet fr\u00e4mst och vill prioritera det som \u00e4r n\u00f6dv\u00e4ndigt f\u00f6r att bygga ett samh\u00e4lle som h\u00e5ller ihop. V\u00e5rden, \u00e4ldrefr\u00e5gorna och tryggheten \u00e4r v\u00e5ra prioriterade fr\u00e5gor. Fakta om partiet: Partiets ordf\u00f6rande heter Ebba Busch. Vi har 22 <a class=\"read-more-link\" href=\"https:\/\/wp.kristdemokraterna.se\/linkoping\/vart-parti\/\">Read More<\/a><\/p>\n","protected":false},"author":410,"featured_media":0,"parent":0,"menu_order":0,"comment_status":"closed","ping_status":"closed","template":"","meta":{"_acf_changed":false,"footnotes":""},"class_list":["post-1955","page","type-page","status-publish","hentry"],"acf":[],"yoast_head":"<!-- This site is optimized with the Yoast SEO plugin v27.3 - https:\/\/yoast.com\/product\/yoast-seo-wordpress\/ -->\n<title>V\u00e5rt parti - Kristdemokraterna i Link\u00f6ping<\/title>\n<meta name=\"robots\" content=\"index, follow, max-snippet:-1, max-image-preview:large, max-video-preview:-1\" \/>\n<link rel=\"canonical\" href=\"https:\/\/wp.kristdemokraterna.se\/linkoping\/vart-parti\/\" \/>\n<meta property=\"og:locale\" content=\"sv_SE\" \/>\n<meta property=\"og:type\" content=\"article\" \/>\n<meta property=\"og:title\" content=\"V\u00e5rt parti - Kristdemokraterna i Link\u00f6ping\" \/>\n<meta property=\"og:description\" content=\"Kort om Kristdemokraterna Kristdemokraterna \u00e4r ett politiskt parti som bildades 1964. Partiordf\u00f6rande \u00e4r Ebba Busch sedan 2015. Kristdemokraterna s\u00e4tter m\u00e4nniskov\u00e4rdet fr\u00e4mst och vill prioritera det som \u00e4r n\u00f6dv\u00e4ndigt f\u00f6r att bygga ett samh\u00e4lle som h\u00e5ller ihop. V\u00e5rden, \u00e4ldrefr\u00e5gorna och tryggheten \u00e4r v\u00e5ra prioriterade fr\u00e5gor. Fakta om partiet: Partiets ordf\u00f6rande heter Ebba Busch. Vi har 22 Read More\" \/>\n<meta property=\"og:url\" content=\"https:\/\/wp.kristdemokraterna.se\/linkoping\/vart-parti\/\" \/>\n<meta property=\"og:site_name\" content=\"Kristdemokraterna i Link\u00f6ping\" \/>\n<meta property=\"article:modified_time\" content=\"2021-08-14T10:08:15+00:00\" \/>\n<meta property=\"og:image\" content=\"http:\/\/wp.kristdemokraterna.se\/linkoping\/files\/2021\/08\/kd_waller3.jpg\" \/>\n<meta name=\"twitter:card\" content=\"summary_large_image\" \/>\n<meta name=\"twitter:label1\" content=\"Ber\u00e4knad l\u00e4stid\" \/>\n\t<meta name=\"twitter:data1\" content=\"2 minuter\" \/>\n<script type=\"application\/ld+json\" class=\"yoast-schema-graph\">{\"@context\":\"https:\\\/\\\/schema.org\",\"@graph\":[{\"@type\":\"WebPage\",\"@id\":\"https:\\\/\\\/wp.kristdemokraterna.se\\\/linkoping\\\/vart-parti\\\/\",\"url\":\"https:\\\/\\\/wp.kristdemokraterna.se\\\/linkoping\\\/vart-parti\\\/\",\"name\":\"V\u00e5rt parti - Kristdemokraterna i Link\u00f6ping\",\"isPartOf\":{\"@id\":\"https:\\\/\\\/wp.kristdemokraterna.se\\\/linkoping\\\/#website\"},\"primaryImageOfPage\":{\"@id\":\"https:\\\/\\\/wp.kristdemokraterna.se\\\/linkoping\\\/vart-parti\\\/#primaryimage\"},\"image\":{\"@id\":\"https:\\\/\\\/wp.kristdemokraterna.se\\\/linkoping\\\/vart-parti\\\/#primaryimage\"},\"thumbnailUrl\":\"http:\\\/\\\/wp.kristdemokraterna.se\\\/linkoping\\\/files\\\/2021\\\/08\\\/kd_waller3.jpg\",\"datePublished\":\"2021-08-14T09:56:06+00:00\",\"dateModified\":\"2021-08-14T10:08:15+00:00\",\"breadcrumb\":{\"@id\":\"https:\\\/\\\/wp.kristdemokraterna.se\\\/linkoping\\\/vart-parti\\\/#breadcrumb\"},\"inLanguage\":\"sv-SE\",\"potentialAction\":[{\"@type\":\"ReadAction\",\"target\":[\"https:\\\/\\\/wp.kristdemokraterna.se\\\/linkoping\\\/vart-parti\\\/\"]}]},{\"@type\":\"ImageObject\",\"inLanguage\":\"sv-SE\",\"@id\":\"https:\\\/\\\/wp.kristdemokraterna.se\\\/linkoping\\\/vart-parti\\\/#primaryimage\",\"url\":\"http:\\\/\\\/wp.kristdemokraterna.se\\\/linkoping\\\/files\\\/2021\\\/08\\\/kd_waller3.jpg\",\"contentUrl\":\"http:\\\/\\\/wp.kristdemokraterna.se\\\/linkoping\\\/files\\\/2021\\\/08\\\/kd_waller3.jpg\"},{\"@type\":\"BreadcrumbList\",\"@id\":\"https:\\\/\\\/wp.kristdemokraterna.se\\\/linkoping\\\/vart-parti\\\/#breadcrumb\",\"itemListElement\":[{\"@type\":\"ListItem\",\"position\":1,\"name\":\"Hem\",\"item\":\"https:\\\/\\\/wp.kristdemokraterna.se\\\/linkoping\\\/\"},{\"@type\":\"ListItem\",\"position\":2,\"name\":\"V\u00e5rt parti\"}]},{\"@type\":\"WebSite\",\"@id\":\"https:\\\/\\\/wp.kristdemokraterna.se\\\/linkoping\\\/#website\",\"url\":\"https:\\\/\\\/wp.kristdemokraterna.se\\\/linkoping\\\/\",\"name\":\"Kristdemokraterna i Link\u00f6ping\",\"description\":\"\",\"inLanguage\":\"sv-SE\"}]}<\/script>\n<!-- \/ Yoast SEO plugin. -->","yoast_head_json":{"title":"V\u00e5rt parti - Kristdemokraterna i Link\u00f6ping","robots":{"index":"index","follow":"follow","max-snippet":"max-snippet:-1","max-image-preview":"max-image-preview:large","max-video-preview":"max-video-preview:-1"},"canonical":"https:\/\/wp.kristdemokraterna.se\/linkoping\/vart-parti\/","og_locale":"sv_SE","og_type":"article","og_title":"V\u00e5rt parti - Kristdemokraterna i Link\u00f6ping","og_description":"Kort om Kristdemokraterna Kristdemokraterna \u00e4r ett politiskt parti som bildades 1964. Partiordf\u00f6rande \u00e4r Ebba Busch sedan 2015. Kristdemokraterna s\u00e4tter m\u00e4nniskov\u00e4rdet fr\u00e4mst och vill prioritera det som \u00e4r n\u00f6dv\u00e4ndigt f\u00f6r att bygga ett samh\u00e4lle som h\u00e5ller ihop. V\u00e5rden, \u00e4ldrefr\u00e5gorna och tryggheten \u00e4r v\u00e5ra prioriterade fr\u00e5gor. Fakta om partiet: Partiets ordf\u00f6rande heter Ebba Busch. Vi har 22 Read More","og_url":"https:\/\/wp.kristdemokraterna.se\/linkoping\/vart-parti\/","og_site_name":"Kristdemokraterna i Link\u00f6ping","article_modified_time":"2021-08-14T10:08:15+00:00","og_image":[{"url":"http:\/\/wp.kristdemokraterna.se\/linkoping\/files\/2021\/08\/kd_waller3.jpg","type":"","width":"","height":""}],"twitter_card":"summary_large_image","twitter_misc":{"Ber\u00e4knad l\u00e4stid":"2 minuter"},"schema":{"@context":"https:\/\/schema.org","@graph":[{"@type":"WebPage","@id":"https:\/\/wp.kristdemokraterna.se\/linkoping\/vart-parti\/","url":"https:\/\/wp.kristdemokraterna.se\/linkoping\/vart-parti\/","name":"V\u00e5rt parti - Kristdemokraterna i Link\u00f6ping","isPartOf":{"@id":"https:\/\/wp.kristdemokraterna.se\/linkoping\/#website"},"primaryImageOfPage":{"@id":"https:\/\/wp.kristdemokraterna.se\/linkoping\/vart-parti\/#primaryimage"},"image":{"@id":"https:\/\/wp.kristdemokraterna.se\/linkoping\/vart-parti\/#primaryimage"},"thumbnailUrl":"http:\/\/wp.kristdemokraterna.se\/linkoping\/files\/2021\/08\/kd_waller3.jpg","datePublished":"2021-08-14T09:56:06+00:00","dateModified":"2021-08-14T10:08:15+00:00","breadcrumb":{"@id":"https:\/\/wp.kristdemokraterna.se\/linkoping\/vart-parti\/#breadcrumb"},"inLanguage":"sv-SE","potentialAction":[{"@type":"ReadAction","target":["https:\/\/wp.kristdemokraterna.se\/linkoping\/vart-parti\/"]}]},{"@type":"ImageObject","inLanguage":"sv-SE","@id":"https:\/\/wp.kristdemokraterna.se\/linkoping\/vart-parti\/#primaryimage","url":"http:\/\/wp.kristdemokraterna.se\/linkoping\/files\/2021\/08\/kd_waller3.jpg","contentUrl":"http:\/\/wp.kristdemokraterna.se\/linkoping\/files\/2021\/08\/kd_waller3.jpg"},{"@type":"BreadcrumbList","@id":"https:\/\/wp.kristdemokraterna.se\/linkoping\/vart-parti\/#breadcrumb","itemListElement":[{"@type":"ListItem","position":1,"name":"Hem","item":"https:\/\/wp.kristdemokraterna.se\/linkoping\/"},{"@type":"ListItem","position":2,"name":"V\u00e5rt parti"}]},{"@type":"WebSite","@id":"https:\/\/wp.kristdemokraterna.se\/linkoping\/#website","url":"https:\/\/wp.kristdemokraterna.se\/linkoping\/","name":"Kristdemokraterna i Link\u00f6ping","description":"","inLanguage":"sv-SE"}]}},"_links":{"self":[{"href":"https:\/\/wp.kristdemokraterna.se\/linkoping\/wp-json\/wp\/v2\/pages\/1955","targetHints":{"allow":["GET"]}}],"collection":[{"href":"https:\/\/wp.kristdemokraterna.se\/linkoping\/wp-json\/wp\/v2\/pages"}],"about":[{"href":"https:\/\/wp.kristdemokraterna.se\/linkoping\/wp-json\/wp\/v2\/types\/page"}],"author":[{"embeddable":true,"href":"https:\/\/wp.kristdemokraterna.se\/linkoping\/wp-json\/wp\/v2\/users\/410"}],"replies":[{"embeddable":true,"href":"https:\/\/wp.kristdemokraterna.se\/linkoping\/wp-json\/wp\/v2\/comments?post=1955"}],"version-history":[{"count":4,"href":"https:\/\/wp.kristdemokraterna.se\/linkoping\/wp-json\/wp\/v2\/pages\/1955\/revisions"}],"predecessor-version":[{"id":1960,"href":"https:\/\/wp.kristdemokraterna.se\/linkoping\/wp-json\/wp\/v2\/pages\/1955\/revisions\/1960"}],"wp:attachment":[{"href":"https:\/\/wp.kristdemokraterna.se\/linkoping\/wp-json\/wp\/v2\/media?parent=1955"}],"curies":[{"name":"wp","href":"https:\/\/api.w.org\/{rel}","templated":true}]}}