{"id":1971,"date":"2018-08-20T10:12:31","date_gmt":"2018-08-20T08:12:31","guid":{"rendered":"https:\/\/wp.kristdemokraterna.se\/linkoping\/?page_id=1971"},"modified":"2025-04-29T12:39:48","modified_gmt":"2025-04-29T10:39:48","slug":"simon-posluk","status":"publish","type":"page","link":"https:\/\/wp.kristdemokraterna.se\/linkoping\/vart-parti\/fullmaktigegruppen\/simon-posluk\/","title":{"rendered":"Simon Posluk"},"content":{"rendered":"<p><b><img loading=\"lazy\" decoding=\"async\" class=\"alignnone wp-image-2472 size-medium\" src=\"https:\/\/wp.kristdemokraterna.se\/linkoping\/files\/2022\/10\/posluk_5_korr-197x300.jpg\" alt=\"\" width=\"197\" height=\"300\" srcset=\"https:\/\/wp.kristdemokraterna.se\/linkoping\/files\/2022\/10\/posluk_5_korr-197x300.jpg 197w, https:\/\/wp.kristdemokraterna.se\/linkoping\/files\/2022\/10\/posluk_5_korr-354x540.jpg 354w, https:\/\/wp.kristdemokraterna.se\/linkoping\/files\/2022\/10\/posluk_5_korr-131x200.jpg 131w, https:\/\/wp.kristdemokraterna.se\/linkoping\/files\/2022\/10\/posluk_5_korr-370x565.jpg 370w, https:\/\/wp.kristdemokraterna.se\/linkoping\/files\/2022\/10\/posluk_5_korr-450x687.jpg 450w, https:\/\/wp.kristdemokraterna.se\/linkoping\/files\/2022\/10\/posluk_5_korr-263x402.jpg 263w, https:\/\/wp.kristdemokraterna.se\/linkoping\/files\/2022\/10\/posluk_5_korr-340x519.jpg 340w, https:\/\/wp.kristdemokraterna.se\/linkoping\/files\/2022\/10\/posluk_5_korr-37x56.jpg 37w, https:\/\/wp.kristdemokraterna.se\/linkoping\/files\/2022\/10\/posluk_5_korr.jpg 655w\" sizes=\"auto, (max-width: 197px) 100vw, 197px\" \/><\/b><\/p>\n<p><b>Namn:<\/b>\u00a0Simon Posluk<\/p>\n<p><strong>F\u00f6dd:\u00a0<\/strong>En l\u00f6rdagseftermiddag i juni 1975.<\/p>\n<p><strong>Familj:\u00a0<\/strong>Gift och har barn.<\/p>\n<p><strong>Uppvuxen:\u00a0<\/strong>I S\u00f6rml\u00e4ndska Katrineholm de fem f\u00f6rsta \u00e5ren i livet, och d\u00e4refter Link\u00f6ping.<\/p>\n<p><strong>Vad har du f\u00f6r bakgrund utanf\u00f6r politiken? <\/strong><\/p>\n<p>Jag jobbar till vardags som chef p\u00e5 en myndighet med stort inslag av internationellt arbete. Jag \u00e4r civilekonom men har de senaste tio \u00e5ren arbetet med h\u00e5llbarhetsfr\u00e5gor, marknadsfr\u00e5gor och internationella avtal inom luftfarten mellan Sverige och andra stater samt varit engagerad i FN-arbete inom luftfartens FN-organ.<\/p>\n<p><strong>Vilka fr\u00e5gor brinner du extra f\u00f6r?<\/strong><\/p>\n<p>Trygghetsfr\u00e5gor och n\u00e4ringslivsfr\u00e5gor \u00e4r tv\u00e5 fr\u00e5gor som jag s\u00e4rskilt brinner f\u00f6r.<\/p>\n<p><strong>Vad \u00e4r styrkan i Kristdemokraternas KF-grupp?\u00a0<\/strong><\/p>\n<p>Ett h\u00e4rligt g\u00e4ng d\u00e4r alla har v\u00e4rdefulla erfarenheter in i politiken och med ett nyfiket och positivt f\u00f6rh\u00e5llningss\u00e4tt!<\/p>\n<p><strong>Har du andra politiska uppdrag ut\u00f6ver kommunfullm\u00e4ktige?\u00a0<\/strong><\/p>\n<p>Stiftelsen Link\u00f6pings tr\u00e4dg\u00e5rdsf\u00f6renings park, Ers\u00e4ttare<br \/>\nHar tidigare suttit i Bygg och milj\u00f6n\u00e4mnden under 2014-2021 men d\u00e5 f\u00f6r ett annat parti.<\/p>\n<p><b>Foto:\u00a0<\/b>Kenneth Pils<\/p>\n","protected":false},"excerpt":{"rendered":"<p>Namn:\u00a0Simon Posluk F\u00f6dd:\u00a0En l\u00f6rdagseftermiddag i juni 1975. Familj:\u00a0Gift och har barn. Uppvuxen:\u00a0I S\u00f6rml\u00e4ndska Katrineholm de fem f\u00f6rsta \u00e5ren i livet, och d\u00e4refter Link\u00f6ping. Vad har du f\u00f6r bakgrund utanf\u00f6r politiken? Jag jobbar till vardags som chef p\u00e5 en myndighet med stort inslag av internationellt arbete. Jag \u00e4r civilekonom men har de senaste tio \u00e5ren arbetet <a class=\"read-more-link\" href=\"https:\/\/wp.kristdemokraterna.se\/linkoping\/vart-parti\/fullmaktigegruppen\/simon-posluk\/\">Read More<\/a><\/p>\n","protected":false},"author":410,"featured_media":0,"parent":1873,"menu_order":4,"comment_status":"closed","ping_status":"closed","template":"","meta":{"_acf_changed":false,"footnotes":""},"class_list":["post-1971","page","type-page","status-publish","hentry"],"acf":[],"yoast_head":"<!-- This site is optimized with the Yoast SEO plugin v27.4 - https:\/\/yoast.com\/product\/yoast-seo-wordpress\/ -->\n<title>Simon Posluk - Kristdemokraterna i Link\u00f6ping<\/title>\n<meta name=\"robots\" content=\"index, follow, max-snippet:-1, max-image-preview:large, max-video-preview:-1\" \/>\n<link rel=\"canonical\" href=\"https:\/\/wp.kristdemokraterna.se\/linkoping\/vart-parti\/fullmaktigegruppen\/simon-posluk\/\" \/>\n<meta property=\"og:locale\" content=\"sv_SE\" \/>\n<meta property=\"og:type\" content=\"article\" \/>\n<meta property=\"og:title\" content=\"Simon Posluk - Kristdemokraterna i Link\u00f6ping\" \/>\n<meta property=\"og:description\" content=\"Namn:\u00a0Simon Posluk F\u00f6dd:\u00a0En l\u00f6rdagseftermiddag i juni 1975. Familj:\u00a0Gift och har barn. Uppvuxen:\u00a0I S\u00f6rml\u00e4ndska Katrineholm de fem f\u00f6rsta \u00e5ren i livet, och d\u00e4refter Link\u00f6ping. Vad har du f\u00f6r bakgrund utanf\u00f6r politiken? Jag jobbar till vardags som chef p\u00e5 en myndighet med stort inslag av internationellt arbete. Jag \u00e4r civilekonom men har de senaste tio \u00e5ren arbetet Read More\" \/>\n<meta property=\"og:url\" content=\"https:\/\/wp.kristdemokraterna.se\/linkoping\/vart-parti\/fullmaktigegruppen\/simon-posluk\/\" \/>\n<meta property=\"og:site_name\" content=\"Kristdemokraterna i Link\u00f6ping\" \/>\n<meta property=\"article:modified_time\" content=\"2025-04-29T10:39:48+00:00\" \/>\n<meta property=\"og:image\" content=\"https:\/\/wp.kristdemokraterna.se\/linkoping\/files\/2022\/10\/posluk_5_korr.jpg\" \/>\n\t<meta property=\"og:image:width\" content=\"655\" \/>\n\t<meta property=\"og:image:height\" content=\"1000\" \/>\n\t<meta property=\"og:image:type\" content=\"image\/jpeg\" \/>\n<meta name=\"twitter:card\" content=\"summary_large_image\" \/>\n<meta name=\"twitter:label1\" content=\"Ber\u00e4knad l\u00e4stid\" \/>\n\t<meta name=\"twitter:data1\" content=\"1 minut\" \/>\n<script type=\"application\/ld+json\" class=\"yoast-schema-graph\">{\"@context\":\"https:\\\/\\\/schema.org\",\"@graph\":[{\"@type\":\"WebPage\",\"@id\":\"https:\\\/\\\/wp.kristdemokraterna.se\\\/linkoping\\\/vart-parti\\\/fullmaktigegruppen\\\/simon-posluk\\\/\",\"url\":\"https:\\\/\\\/wp.kristdemokraterna.se\\\/linkoping\\\/vart-parti\\\/fullmaktigegruppen\\\/simon-posluk\\\/\",\"name\":\"Simon Posluk - Kristdemokraterna i Link\u00f6ping\",\"isPartOf\":{\"@id\":\"https:\\\/\\\/wp.kristdemokraterna.se\\\/linkoping\\\/#website\"},\"primaryImageOfPage\":{\"@id\":\"https:\\\/\\\/wp.kristdemokraterna.se\\\/linkoping\\\/vart-parti\\\/fullmaktigegruppen\\\/simon-posluk\\\/#primaryimage\"},\"image\":{\"@id\":\"https:\\\/\\\/wp.kristdemokraterna.se\\\/linkoping\\\/vart-parti\\\/fullmaktigegruppen\\\/simon-posluk\\\/#primaryimage\"},\"thumbnailUrl\":\"https:\\\/\\\/wp.kristdemokraterna.se\\\/linkoping\\\/files\\\/2022\\\/10\\\/posluk_5_korr-197x300.jpg\",\"datePublished\":\"2018-08-20T08:12:31+00:00\",\"dateModified\":\"2025-04-29T10:39:48+00:00\",\"breadcrumb\":{\"@id\":\"https:\\\/\\\/wp.kristdemokraterna.se\\\/linkoping\\\/vart-parti\\\/fullmaktigegruppen\\\/simon-posluk\\\/#breadcrumb\"},\"inLanguage\":\"sv-SE\",\"potentialAction\":[{\"@type\":\"ReadAction\",\"target\":[\"https:\\\/\\\/wp.kristdemokraterna.se\\\/linkoping\\\/vart-parti\\\/fullmaktigegruppen\\\/simon-posluk\\\/\"]}]},{\"@type\":\"ImageObject\",\"inLanguage\":\"sv-SE\",\"@id\":\"https:\\\/\\\/wp.kristdemokraterna.se\\\/linkoping\\\/vart-parti\\\/fullmaktigegruppen\\\/simon-posluk\\\/#primaryimage\",\"url\":\"https:\\\/\\\/wp.kristdemokraterna.se\\\/linkoping\\\/files\\\/2022\\\/10\\\/posluk_5_korr.jpg\",\"contentUrl\":\"https:\\\/\\\/wp.kristdemokraterna.se\\\/linkoping\\\/files\\\/2022\\\/10\\\/posluk_5_korr.jpg\",\"width\":655,\"height\":1000},{\"@type\":\"BreadcrumbList\",\"@id\":\"https:\\\/\\\/wp.kristdemokraterna.se\\\/linkoping\\\/vart-parti\\\/fullmaktigegruppen\\\/simon-posluk\\\/#breadcrumb\",\"itemListElement\":[{\"@type\":\"ListItem\",\"position\":1,\"name\":\"Hem\",\"item\":\"https:\\\/\\\/wp.kristdemokraterna.se\\\/linkoping\\\/\"},{\"@type\":\"ListItem\",\"position\":2,\"name\":\"V\u00e5rt parti\",\"item\":\"https:\\\/\\\/wp.kristdemokraterna.se\\\/linkoping\\\/vart-parti\\\/\"},{\"@type\":\"ListItem\",\"position\":3,\"name\":\"Fullm\u00e4ktigegruppen\",\"item\":\"https:\\\/\\\/wp.kristdemokraterna.se\\\/linkoping\\\/vart-parti\\\/fullmaktigegruppen\\\/\"},{\"@type\":\"ListItem\",\"position\":4,\"name\":\"Simon Posluk\"}]},{\"@type\":\"WebSite\",\"@id\":\"https:\\\/\\\/wp.kristdemokraterna.se\\\/linkoping\\\/#website\",\"url\":\"https:\\\/\\\/wp.kristdemokraterna.se\\\/linkoping\\\/\",\"name\":\"Kristdemokraterna i Link\u00f6ping\",\"description\":\"\",\"inLanguage\":\"sv-SE\"}]}<\/script>\n<!-- \/ Yoast SEO plugin. -->","yoast_head_json":{"title":"Simon Posluk - Kristdemokraterna i Link\u00f6ping","robots":{"index":"index","follow":"follow","max-snippet":"max-snippet:-1","max-image-preview":"max-image-preview:large","max-video-preview":"max-video-preview:-1"},"canonical":"https:\/\/wp.kristdemokraterna.se\/linkoping\/vart-parti\/fullmaktigegruppen\/simon-posluk\/","og_locale":"sv_SE","og_type":"article","og_title":"Simon Posluk - Kristdemokraterna i Link\u00f6ping","og_description":"Namn:\u00a0Simon Posluk F\u00f6dd:\u00a0En l\u00f6rdagseftermiddag i juni 1975. Familj:\u00a0Gift och har barn. Uppvuxen:\u00a0I S\u00f6rml\u00e4ndska Katrineholm de fem f\u00f6rsta \u00e5ren i livet, och d\u00e4refter Link\u00f6ping. Vad har du f\u00f6r bakgrund utanf\u00f6r politiken? Jag jobbar till vardags som chef p\u00e5 en myndighet med stort inslag av internationellt arbete. Jag \u00e4r civilekonom men har de senaste tio \u00e5ren arbetet Read More","og_url":"https:\/\/wp.kristdemokraterna.se\/linkoping\/vart-parti\/fullmaktigegruppen\/simon-posluk\/","og_site_name":"Kristdemokraterna i Link\u00f6ping","article_modified_time":"2025-04-29T10:39:48+00:00","og_image":[{"width":655,"height":1000,"url":"https:\/\/wp.kristdemokraterna.se\/linkoping\/files\/2022\/10\/posluk_5_korr.jpg","type":"image\/jpeg"}],"twitter_card":"summary_large_image","twitter_misc":{"Ber\u00e4knad l\u00e4stid":"1 minut"},"schema":{"@context":"https:\/\/schema.org","@graph":[{"@type":"WebPage","@id":"https:\/\/wp.kristdemokraterna.se\/linkoping\/vart-parti\/fullmaktigegruppen\/simon-posluk\/","url":"https:\/\/wp.kristdemokraterna.se\/linkoping\/vart-parti\/fullmaktigegruppen\/simon-posluk\/","name":"Simon Posluk - Kristdemokraterna i Link\u00f6ping","isPartOf":{"@id":"https:\/\/wp.kristdemokraterna.se\/linkoping\/#website"},"primaryImageOfPage":{"@id":"https:\/\/wp.kristdemokraterna.se\/linkoping\/vart-parti\/fullmaktigegruppen\/simon-posluk\/#primaryimage"},"image":{"@id":"https:\/\/wp.kristdemokraterna.se\/linkoping\/vart-parti\/fullmaktigegruppen\/simon-posluk\/#primaryimage"},"thumbnailUrl":"https:\/\/wp.kristdemokraterna.se\/linkoping\/files\/2022\/10\/posluk_5_korr-197x300.jpg","datePublished":"2018-08-20T08:12:31+00:00","dateModified":"2025-04-29T10:39:48+00:00","breadcrumb":{"@id":"https:\/\/wp.kristdemokraterna.se\/linkoping\/vart-parti\/fullmaktigegruppen\/simon-posluk\/#breadcrumb"},"inLanguage":"sv-SE","potentialAction":[{"@type":"ReadAction","target":["https:\/\/wp.kristdemokraterna.se\/linkoping\/vart-parti\/fullmaktigegruppen\/simon-posluk\/"]}]},{"@type":"ImageObject","inLanguage":"sv-SE","@id":"https:\/\/wp.kristdemokraterna.se\/linkoping\/vart-parti\/fullmaktigegruppen\/simon-posluk\/#primaryimage","url":"https:\/\/wp.kristdemokraterna.se\/linkoping\/files\/2022\/10\/posluk_5_korr.jpg","contentUrl":"https:\/\/wp.kristdemokraterna.se\/linkoping\/files\/2022\/10\/posluk_5_korr.jpg","width":655,"height":1000},{"@type":"BreadcrumbList","@id":"https:\/\/wp.kristdemokraterna.se\/linkoping\/vart-parti\/fullmaktigegruppen\/simon-posluk\/#breadcrumb","itemListElement":[{"@type":"ListItem","position":1,"name":"Hem","item":"https:\/\/wp.kristdemokraterna.se\/linkoping\/"},{"@type":"ListItem","position":2,"name":"V\u00e5rt parti","item":"https:\/\/wp.kristdemokraterna.se\/linkoping\/vart-parti\/"},{"@type":"ListItem","position":3,"name":"Fullm\u00e4ktigegruppen","item":"https:\/\/wp.kristdemokraterna.se\/linkoping\/vart-parti\/fullmaktigegruppen\/"},{"@type":"ListItem","position":4,"name":"Simon Posluk"}]},{"@type":"WebSite","@id":"https:\/\/wp.kristdemokraterna.se\/linkoping\/#website","url":"https:\/\/wp.kristdemokraterna.se\/linkoping\/","name":"Kristdemokraterna i Link\u00f6ping","description":"","inLanguage":"sv-SE"}]}},"_links":{"self":[{"href":"https:\/\/wp.kristdemokraterna.se\/linkoping\/wp-json\/wp\/v2\/pages\/1971","targetHints":{"allow":["GET"]}}],"collection":[{"href":"https:\/\/wp.kristdemokraterna.se\/linkoping\/wp-json\/wp\/v2\/pages"}],"about":[{"href":"https:\/\/wp.kristdemokraterna.se\/linkoping\/wp-json\/wp\/v2\/types\/page"}],"author":[{"embeddable":true,"href":"https:\/\/wp.kristdemokraterna.se\/linkoping\/wp-json\/wp\/v2\/users\/410"}],"replies":[{"embeddable":true,"href":"https:\/\/wp.kristdemokraterna.se\/linkoping\/wp-json\/wp\/v2\/comments?post=1971"}],"version-history":[{"count":15,"href":"https:\/\/wp.kristdemokraterna.se\/linkoping\/wp-json\/wp\/v2\/pages\/1971\/revisions"}],"predecessor-version":[{"id":2801,"href":"https:\/\/wp.kristdemokraterna.se\/linkoping\/wp-json\/wp\/v2\/pages\/1971\/revisions\/2801"}],"up":[{"embeddable":true,"href":"https:\/\/wp.kristdemokraterna.se\/linkoping\/wp-json\/wp\/v2\/pages\/1873"}],"wp:attachment":[{"href":"https:\/\/wp.kristdemokraterna.se\/linkoping\/wp-json\/wp\/v2\/media?parent=1971"}],"curies":[{"name":"wp","href":"https:\/\/api.w.org\/{rel}","templated":true}]}}