{"id":201,"date":"2014-06-16T20:52:50","date_gmt":"2014-06-16T18:52:50","guid":{"rendered":"http:\/\/wp.kristdemokraterna.se\/linkoping\/?page_id=201"},"modified":"2026-04-10T05:53:16","modified_gmt":"2026-04-10T03:53:16","slug":"bli-medlem","status":"publish","type":"page","link":"https:\/\/wp.kristdemokraterna.se\/linkoping\/valet-2026\/bli-medlem\/","title":{"rendered":"Bli medlem"},"content":{"rendered":"<p><img loading=\"lazy\" decoding=\"async\" class=\"alignnone wp-image-2887 size-full\" src=\"https:\/\/wp.kristdemokraterna.se\/linkoping\/files\/2026\/03\/kd_lkpg_gruppbild_val.jpg\" alt=\"\" width=\"1600\" height=\"1067\" srcset=\"https:\/\/wp.kristdemokraterna.se\/linkoping\/files\/2026\/03\/kd_lkpg_gruppbild_val.jpg 1600w, https:\/\/wp.kristdemokraterna.se\/linkoping\/files\/2026\/03\/kd_lkpg_gruppbild_val-300x200.jpg 300w, https:\/\/wp.kristdemokraterna.se\/linkoping\/files\/2026\/03\/kd_lkpg_gruppbild_val-540x360.jpg 540w, https:\/\/wp.kristdemokraterna.se\/linkoping\/files\/2026\/03\/kd_lkpg_gruppbild_val-768x512.jpg 768w, https:\/\/wp.kristdemokraterna.se\/linkoping\/files\/2026\/03\/kd_lkpg_gruppbild_val-1536x1024.jpg 1536w, https:\/\/wp.kristdemokraterna.se\/linkoping\/files\/2026\/03\/kd_lkpg_gruppbild_val-370x247.jpg 370w, https:\/\/wp.kristdemokraterna.se\/linkoping\/files\/2026\/03\/kd_lkpg_gruppbild_val-770x513.jpg 770w, https:\/\/wp.kristdemokraterna.se\/linkoping\/files\/2026\/03\/kd_lkpg_gruppbild_val-450x300.jpg 450w, https:\/\/wp.kristdemokraterna.se\/linkoping\/files\/2026\/03\/kd_lkpg_gruppbild_val-280x187.jpg 280w, https:\/\/wp.kristdemokraterna.se\/linkoping\/files\/2026\/03\/kd_lkpg_gruppbild_val-340x227.jpg 340w, https:\/\/wp.kristdemokraterna.se\/linkoping\/files\/2026\/03\/kd_lkpg_gruppbild_val-200x133.jpg 200w, https:\/\/wp.kristdemokraterna.se\/linkoping\/files\/2026\/03\/kd_lkpg_gruppbild_val-84x56.jpg 84w\" sizes=\"auto, (max-width: 1600px) 100vw, 1600px\" \/><\/p>\n<p><strong>Var med och forma ett tryggare Link\u00f6ping tillsammans med oss!<\/strong><\/p>\n<p>Brinner du f\u00f6r ett samh\u00e4lle d\u00e4r familjen st\u00e5r i centrum, d\u00e4r frihet g\u00e5r hand i hand med ansvar och d\u00e4r ingen l\u00e4mnas efter? Som medlem i Kristdemokraterna i Link\u00f6ping blir du en viktig del av en varm gemenskap som arbetar f\u00f6r verklig f\u00f6r\u00e4ndring i v\u00e5r kommun. Vi tror p\u00e5 kraften i de sm\u00e5 gemenskaperna \u2013 i hemmet, i grannskapet och i f\u00f6reningslivet \u2013 och vi vet att din r\u00f6st och dina erfarenheter beh\u00f6vs f\u00f6r att g\u00f6ra v\u00e5r politik \u00e4nnu starkare.<\/p>\n<p>Genom att ta steget och bli medlem f\u00e5r du inte bara m\u00f6jligheten att st\u00f6dja v\u00e5r vision om ett m\u00e4nskligare samh\u00e4lle, utan du f\u00e5r ocks\u00e5 en direkt kanal f\u00f6r att p\u00e5verka de fr\u00e5gor som ligger dig n\u00e4rmast om hj\u00e4rtat. Oavsett om du vill vara aktiv i det lokala arbetet h\u00e4r i Link\u00f6ping eller om du f\u00f6redrar att vara en st\u00f6djande medlem som b\u00e4r v\u00e5ra v\u00e4rderingar fram\u00e5t, s\u00e5 \u00e4r ditt bidrag ov\u00e4rderligt. Hos oss f\u00e5r du chansen att v\u00e4xa tillsammans med likasinnade, ta del av sp\u00e4nnande diskussioner och vara med och fatta de beslut som formar v\u00e5r gemensamma framtid.<\/p>\n<p>Att st\u00f6dja v\u00e5r gr\u00e4srotsr\u00f6relse \u00e4r ett av de viktigaste stegen du kan ta f\u00f6r att Sverige ska bli ett land d\u00e4r trygghet och gemenskap \u00e4r en sj\u00e4lvklarhet f\u00f6r alla. Vi ser fram emot att v\u00e4lkomna dig i laget och f\u00e5 h\u00f6ra dina tankar om hur vi tillsammans bygger ett b\u00e4ttre samh\u00e4lle.<\/p>\n<p>Ditt engagemang g\u00f6r skillnad.<\/p>\n<p>V\u00e4lkommen att skicka in din <a href=\"https:\/\/kristdemokraterna.se\/engagera-dig\/bli-medlem-via-formular\" target=\"_blank\" rel=\"noopener\"><strong>medlemsans\u00f6kan<\/strong><\/a><\/p>\n<p>&nbsp;<\/p>\n<p><img loading=\"lazy\" decoding=\"async\" class=\"alignnone wp-image-2875 size-medium\" src=\"https:\/\/wp.kristdemokraterna.se\/linkoping\/files\/2026\/03\/kod_5-300x120.png\" alt=\"\" width=\"300\" height=\"120\" srcset=\"https:\/\/wp.kristdemokraterna.se\/linkoping\/files\/2026\/03\/kod_5-300x120.png 300w, https:\/\/wp.kristdemokraterna.se\/linkoping\/files\/2026\/03\/kod_5-540x215.png 540w, https:\/\/wp.kristdemokraterna.se\/linkoping\/files\/2026\/03\/kod_5-370x147.png 370w, https:\/\/wp.kristdemokraterna.se\/linkoping\/files\/2026\/03\/kod_5-450x179.png 450w, https:\/\/wp.kristdemokraterna.se\/linkoping\/files\/2026\/03\/kod_5-280x112.png 280w, https:\/\/wp.kristdemokraterna.se\/linkoping\/files\/2026\/03\/kod_5-340x135.png 340w, https:\/\/wp.kristdemokraterna.se\/linkoping\/files\/2026\/03\/kod_5-200x80.png 200w, https:\/\/wp.kristdemokraterna.se\/linkoping\/files\/2026\/03\/kod_5-141x56.png 141w, https:\/\/wp.kristdemokraterna.se\/linkoping\/files\/2026\/03\/kod_5.png 743w\" sizes=\"auto, (max-width: 300px) 100vw, 300px\" \/><\/p>\n<p>&nbsp;<\/p>\n<p>&nbsp;<\/p>\n","protected":false},"excerpt":{"rendered":"<p>Var med och forma ett tryggare Link\u00f6ping tillsammans med oss! Brinner du f\u00f6r ett samh\u00e4lle d\u00e4r familjen st\u00e5r i centrum, d\u00e4r frihet g\u00e5r hand i hand med ansvar och d\u00e4r ingen l\u00e4mnas efter? Som medlem i Kristdemokraterna i Link\u00f6ping blir du en viktig del av en varm gemenskap som arbetar f\u00f6r verklig f\u00f6r\u00e4ndring i v\u00e5r <a class=\"read-more-link\" href=\"https:\/\/wp.kristdemokraterna.se\/linkoping\/valet-2026\/bli-medlem\/\">Read More<\/a><\/p>\n","protected":false},"author":410,"featured_media":888,"parent":2839,"menu_order":2,"comment_status":"closed","ping_status":"closed","template":"","meta":{"_acf_changed":false,"footnotes":""},"class_list":["post-201","page","type-page","status-publish","hentry"],"acf":[],"yoast_head":"<!-- This site is optimized with the Yoast SEO plugin v27.4 - https:\/\/yoast.com\/product\/yoast-seo-wordpress\/ -->\n<title>Bli medlem - Kristdemokraterna i Link\u00f6ping<\/title>\n<meta name=\"robots\" content=\"index, follow, max-snippet:-1, max-image-preview:large, max-video-preview:-1\" \/>\n<link rel=\"canonical\" href=\"https:\/\/wp.kristdemokraterna.se\/linkoping\/valet-2026\/bli-medlem\/\" \/>\n<meta property=\"og:locale\" content=\"sv_SE\" \/>\n<meta property=\"og:type\" content=\"article\" \/>\n<meta property=\"og:title\" content=\"Bli medlem - Kristdemokraterna i Link\u00f6ping\" \/>\n<meta property=\"og:description\" content=\"Var med och forma ett tryggare Link\u00f6ping tillsammans med oss! Brinner du f\u00f6r ett samh\u00e4lle d\u00e4r familjen st\u00e5r i centrum, d\u00e4r frihet g\u00e5r hand i hand med ansvar och d\u00e4r ingen l\u00e4mnas efter? Som medlem i Kristdemokraterna i Link\u00f6ping blir du en viktig del av en varm gemenskap som arbetar f\u00f6r verklig f\u00f6r\u00e4ndring i v\u00e5r Read More\" \/>\n<meta property=\"og:url\" content=\"https:\/\/wp.kristdemokraterna.se\/linkoping\/valet-2026\/bli-medlem\/\" \/>\n<meta property=\"og:site_name\" content=\"Kristdemokraterna i Link\u00f6ping\" \/>\n<meta property=\"article:modified_time\" content=\"2026-04-10T03:53:16+00:00\" \/>\n<meta property=\"og:image\" content=\"https:\/\/wp.kristdemokraterna.se\/linkoping\/files\/2018\/09\/team-ebba.png\" \/>\n\t<meta property=\"og:image:width\" content=\"1200\" \/>\n\t<meta property=\"og:image:height\" content=\"628\" \/>\n\t<meta property=\"og:image:type\" content=\"image\/png\" \/>\n<meta name=\"twitter:card\" content=\"summary_large_image\" \/>\n<meta name=\"twitter:label1\" content=\"Ber\u00e4knad l\u00e4stid\" \/>\n\t<meta name=\"twitter:data1\" content=\"2 minuter\" \/>\n<script type=\"application\/ld+json\" class=\"yoast-schema-graph\">{\"@context\":\"https:\\\/\\\/schema.org\",\"@graph\":[{\"@type\":\"WebPage\",\"@id\":\"https:\\\/\\\/wp.kristdemokraterna.se\\\/linkoping\\\/valet-2026\\\/bli-medlem\\\/\",\"url\":\"https:\\\/\\\/wp.kristdemokraterna.se\\\/linkoping\\\/valet-2026\\\/bli-medlem\\\/\",\"name\":\"Bli medlem - Kristdemokraterna i Link\u00f6ping\",\"isPartOf\":{\"@id\":\"https:\\\/\\\/wp.kristdemokraterna.se\\\/linkoping\\\/#website\"},\"primaryImageOfPage\":{\"@id\":\"https:\\\/\\\/wp.kristdemokraterna.se\\\/linkoping\\\/valet-2026\\\/bli-medlem\\\/#primaryimage\"},\"image\":{\"@id\":\"https:\\\/\\\/wp.kristdemokraterna.se\\\/linkoping\\\/valet-2026\\\/bli-medlem\\\/#primaryimage\"},\"thumbnailUrl\":\"https:\\\/\\\/wp.kristdemokraterna.se\\\/linkoping\\\/files\\\/2018\\\/09\\\/team-ebba.png\",\"datePublished\":\"2014-06-16T18:52:50+00:00\",\"dateModified\":\"2026-04-10T03:53:16+00:00\",\"breadcrumb\":{\"@id\":\"https:\\\/\\\/wp.kristdemokraterna.se\\\/linkoping\\\/valet-2026\\\/bli-medlem\\\/#breadcrumb\"},\"inLanguage\":\"sv-SE\",\"potentialAction\":[{\"@type\":\"ReadAction\",\"target\":[\"https:\\\/\\\/wp.kristdemokraterna.se\\\/linkoping\\\/valet-2026\\\/bli-medlem\\\/\"]}]},{\"@type\":\"ImageObject\",\"inLanguage\":\"sv-SE\",\"@id\":\"https:\\\/\\\/wp.kristdemokraterna.se\\\/linkoping\\\/valet-2026\\\/bli-medlem\\\/#primaryimage\",\"url\":\"https:\\\/\\\/wp.kristdemokraterna.se\\\/linkoping\\\/files\\\/2018\\\/09\\\/team-ebba.png\",\"contentUrl\":\"https:\\\/\\\/wp.kristdemokraterna.se\\\/linkoping\\\/files\\\/2018\\\/09\\\/team-ebba.png\",\"width\":1200,\"height\":628},{\"@type\":\"BreadcrumbList\",\"@id\":\"https:\\\/\\\/wp.kristdemokraterna.se\\\/linkoping\\\/valet-2026\\\/bli-medlem\\\/#breadcrumb\",\"itemListElement\":[{\"@type\":\"ListItem\",\"position\":1,\"name\":\"Hem\",\"item\":\"https:\\\/\\\/wp.kristdemokraterna.se\\\/linkoping\\\/\"},{\"@type\":\"ListItem\",\"position\":2,\"name\":\"Valet 2026\",\"item\":\"https:\\\/\\\/wp.kristdemokraterna.se\\\/linkoping\\\/valet-2026\\\/\"},{\"@type\":\"ListItem\",\"position\":3,\"name\":\"Bli medlem\"}]},{\"@type\":\"WebSite\",\"@id\":\"https:\\\/\\\/wp.kristdemokraterna.se\\\/linkoping\\\/#website\",\"url\":\"https:\\\/\\\/wp.kristdemokraterna.se\\\/linkoping\\\/\",\"name\":\"Kristdemokraterna i Link\u00f6ping\",\"description\":\"\",\"inLanguage\":\"sv-SE\"}]}<\/script>\n<!-- \/ Yoast SEO plugin. -->","yoast_head_json":{"title":"Bli medlem - Kristdemokraterna i Link\u00f6ping","robots":{"index":"index","follow":"follow","max-snippet":"max-snippet:-1","max-image-preview":"max-image-preview:large","max-video-preview":"max-video-preview:-1"},"canonical":"https:\/\/wp.kristdemokraterna.se\/linkoping\/valet-2026\/bli-medlem\/","og_locale":"sv_SE","og_type":"article","og_title":"Bli medlem - Kristdemokraterna i Link\u00f6ping","og_description":"Var med och forma ett tryggare Link\u00f6ping tillsammans med oss! Brinner du f\u00f6r ett samh\u00e4lle d\u00e4r familjen st\u00e5r i centrum, d\u00e4r frihet g\u00e5r hand i hand med ansvar och d\u00e4r ingen l\u00e4mnas efter? Som medlem i Kristdemokraterna i Link\u00f6ping blir du en viktig del av en varm gemenskap som arbetar f\u00f6r verklig f\u00f6r\u00e4ndring i v\u00e5r Read More","og_url":"https:\/\/wp.kristdemokraterna.se\/linkoping\/valet-2026\/bli-medlem\/","og_site_name":"Kristdemokraterna i Link\u00f6ping","article_modified_time":"2026-04-10T03:53:16+00:00","og_image":[{"width":1200,"height":628,"url":"https:\/\/wp.kristdemokraterna.se\/linkoping\/files\/2018\/09\/team-ebba.png","type":"image\/png"}],"twitter_card":"summary_large_image","twitter_misc":{"Ber\u00e4knad l\u00e4stid":"2 minuter"},"schema":{"@context":"https:\/\/schema.org","@graph":[{"@type":"WebPage","@id":"https:\/\/wp.kristdemokraterna.se\/linkoping\/valet-2026\/bli-medlem\/","url":"https:\/\/wp.kristdemokraterna.se\/linkoping\/valet-2026\/bli-medlem\/","name":"Bli medlem - Kristdemokraterna i Link\u00f6ping","isPartOf":{"@id":"https:\/\/wp.kristdemokraterna.se\/linkoping\/#website"},"primaryImageOfPage":{"@id":"https:\/\/wp.kristdemokraterna.se\/linkoping\/valet-2026\/bli-medlem\/#primaryimage"},"image":{"@id":"https:\/\/wp.kristdemokraterna.se\/linkoping\/valet-2026\/bli-medlem\/#primaryimage"},"thumbnailUrl":"https:\/\/wp.kristdemokraterna.se\/linkoping\/files\/2018\/09\/team-ebba.png","datePublished":"2014-06-16T18:52:50+00:00","dateModified":"2026-04-10T03:53:16+00:00","breadcrumb":{"@id":"https:\/\/wp.kristdemokraterna.se\/linkoping\/valet-2026\/bli-medlem\/#breadcrumb"},"inLanguage":"sv-SE","potentialAction":[{"@type":"ReadAction","target":["https:\/\/wp.kristdemokraterna.se\/linkoping\/valet-2026\/bli-medlem\/"]}]},{"@type":"ImageObject","inLanguage":"sv-SE","@id":"https:\/\/wp.kristdemokraterna.se\/linkoping\/valet-2026\/bli-medlem\/#primaryimage","url":"https:\/\/wp.kristdemokraterna.se\/linkoping\/files\/2018\/09\/team-ebba.png","contentUrl":"https:\/\/wp.kristdemokraterna.se\/linkoping\/files\/2018\/09\/team-ebba.png","width":1200,"height":628},{"@type":"BreadcrumbList","@id":"https:\/\/wp.kristdemokraterna.se\/linkoping\/valet-2026\/bli-medlem\/#breadcrumb","itemListElement":[{"@type":"ListItem","position":1,"name":"Hem","item":"https:\/\/wp.kristdemokraterna.se\/linkoping\/"},{"@type":"ListItem","position":2,"name":"Valet 2026","item":"https:\/\/wp.kristdemokraterna.se\/linkoping\/valet-2026\/"},{"@type":"ListItem","position":3,"name":"Bli medlem"}]},{"@type":"WebSite","@id":"https:\/\/wp.kristdemokraterna.se\/linkoping\/#website","url":"https:\/\/wp.kristdemokraterna.se\/linkoping\/","name":"Kristdemokraterna i Link\u00f6ping","description":"","inLanguage":"sv-SE"}]}},"_links":{"self":[{"href":"https:\/\/wp.kristdemokraterna.se\/linkoping\/wp-json\/wp\/v2\/pages\/201","targetHints":{"allow":["GET"]}}],"collection":[{"href":"https:\/\/wp.kristdemokraterna.se\/linkoping\/wp-json\/wp\/v2\/pages"}],"about":[{"href":"https:\/\/wp.kristdemokraterna.se\/linkoping\/wp-json\/wp\/v2\/types\/page"}],"author":[{"embeddable":true,"href":"https:\/\/wp.kristdemokraterna.se\/linkoping\/wp-json\/wp\/v2\/users\/410"}],"replies":[{"embeddable":true,"href":"https:\/\/wp.kristdemokraterna.se\/linkoping\/wp-json\/wp\/v2\/comments?post=201"}],"version-history":[{"count":32,"href":"https:\/\/wp.kristdemokraterna.se\/linkoping\/wp-json\/wp\/v2\/pages\/201\/revisions"}],"predecessor-version":[{"id":2896,"href":"https:\/\/wp.kristdemokraterna.se\/linkoping\/wp-json\/wp\/v2\/pages\/201\/revisions\/2896"}],"up":[{"embeddable":true,"href":"https:\/\/wp.kristdemokraterna.se\/linkoping\/wp-json\/wp\/v2\/pages\/2839"}],"wp:featuredmedia":[{"embeddable":true,"href":"https:\/\/wp.kristdemokraterna.se\/linkoping\/wp-json\/wp\/v2\/media\/888"}],"wp:attachment":[{"href":"https:\/\/wp.kristdemokraterna.se\/linkoping\/wp-json\/wp\/v2\/media?parent=201"}],"curies":[{"name":"wp","href":"https:\/\/api.w.org\/{rel}","templated":true}]}}