{"id":2236,"date":"2022-03-01T09:11:34","date_gmt":"2022-03-01T08:11:34","guid":{"rendered":"https:\/\/wp.kristdemokraterna.se\/linkoping\/?page_id=2236"},"modified":"2022-06-22T08:32:19","modified_gmt":"2022-06-22T06:32:19","slug":"stod-var-valfond","status":"publish","type":"page","link":"https:\/\/wp.kristdemokraterna.se\/linkoping\/valet-2022\/stod-var-valfond\/","title":{"rendered":"St\u00f6d v\u00e5r valfond"},"content":{"rendered":"<div class=\"kvgmc6g5 cxmmr5t8 oygrvhab hcukyx3x c1et5uql ii04i59q\">\n<div dir=\"auto\">\n<p><img loading=\"lazy\" decoding=\"async\" class=\"alignnone size-full wp-image-2268\" src=\"https:\/\/wp.kristdemokraterna.se\/linkoping\/files\/2022\/05\/piggybank.jpg\" alt=\"\" width=\"1600\" height=\"1068\" srcset=\"https:\/\/wp.kristdemokraterna.se\/linkoping\/files\/2022\/05\/piggybank.jpg 1600w, https:\/\/wp.kristdemokraterna.se\/linkoping\/files\/2022\/05\/piggybank-300x200.jpg 300w, https:\/\/wp.kristdemokraterna.se\/linkoping\/files\/2022\/05\/piggybank-540x360.jpg 540w, https:\/\/wp.kristdemokraterna.se\/linkoping\/files\/2022\/05\/piggybank-768x513.jpg 768w, https:\/\/wp.kristdemokraterna.se\/linkoping\/files\/2022\/05\/piggybank-1536x1025.jpg 1536w, https:\/\/wp.kristdemokraterna.se\/linkoping\/files\/2022\/05\/piggybank-370x247.jpg 370w, https:\/\/wp.kristdemokraterna.se\/linkoping\/files\/2022\/05\/piggybank-770x514.jpg 770w, https:\/\/wp.kristdemokraterna.se\/linkoping\/files\/2022\/05\/piggybank-450x300.jpg 450w, https:\/\/wp.kristdemokraterna.se\/linkoping\/files\/2022\/05\/piggybank-280x187.jpg 280w, https:\/\/wp.kristdemokraterna.se\/linkoping\/files\/2022\/05\/piggybank-340x227.jpg 340w, https:\/\/wp.kristdemokraterna.se\/linkoping\/files\/2022\/05\/piggybank-200x134.jpg 200w, https:\/\/wp.kristdemokraterna.se\/linkoping\/files\/2022\/05\/piggybank-84x56.jpg 84w\" sizes=\"auto, (max-width: 1600px) 100vw, 1600px\" \/><\/p>\n<p>Vill du hj\u00e4lpa Kristdemokraterna att driva en <strong>stark valr\u00f6relse<\/strong> inom Link\u00f6pings kommun 2022?<\/p>\n<\/div>\n<div class=\"cxmmr5t8 oygrvhab hcukyx3x c1et5uql o9v6fnle ii04i59q\">\n<div dir=\"auto\">D\u00e5 kan du s\u00e4tta in ett valfritt belopp p\u00e5 bankgiro 822-3851. Ange \u201dVALFOND 2022\u201d samt f\u00f6rnamn, efternamn, ort och e-post under meddelande. OBS! Du m\u00e5ste fylla i allt detta, eventuellt mobilnummer ist\u00e4llet f\u00f6r e-post.<\/div>\n<div dir=\"auto\">\n<p>Du kan \u00e4ven scanna QR-koden nedan med din SWISH-app och ge ett valfritt bidrag. Du kan ocks\u00e5 mata in uppgifterna manuellt. Mottagare: 123 673 67 06. Meddelande: Ange &#8221;VALFOND 2022&#8221; samt ditt namn och ort.<\/p>\n<\/div>\n<div class=\"cxmmr5t8 oygrvhab hcukyx3x c1et5uql o9v6fnle ii04i59q\">\n<div dir=\"auto\">\n<p>De politiska partierna f\u00e5r inte ta emot anonyma bidrag. Vi redovisar d\u00e4rf\u00f6r alla bidrag \u00f6ver ett halvt prisbasbelopp, det vill s\u00e4ga donationer som \u00e4r \u00f6ver 24.150 kr till Kammarkollegiet (lag 2014:105). Vi f\u00f6ljer lagstiftningen f\u00f6r behandling av personuppgifter \u2013 GDPR.<\/p>\n<\/div>\n<div class=\"cxmmr5t8 oygrvhab hcukyx3x c1et5uql o9v6fnle ii04i59q\">\n<div dir=\"auto\">\n<div dir=\"auto\">L\u00e4s v\u00e5r integritetspolicy h\u00e4r: <a class=\"oajrlxb2 g5ia77u1 qu0x051f esr5mh6w e9989ue4 r7d6kgcz rq0escxv nhd2j8a9 nc684nl6 p7hjln8o kvgmc6g5 cxmmr5t8 oygrvhab hcukyx3x jb3vyjys rz4wbd8a qt6c0cv9 a8nywdso i1ao9s8h esuyzwwr f1sip0of lzcic4wl gpro0wi8 py34i1dx\" role=\"link\" href=\"https:\/\/kristdemokraterna.se\/integritetspolicy\/?fbclid=IwAR2jcnI7ys780FgDG0UMo4l9zP_OkNkso6nwJVplSSasnAgvqwKVHtIEM2M\" target=\"_blank\" rel=\"nofollow noopener\">https:\/\/kristdemokraterna.se\/integritetspolicy\/<\/a><\/div>\n<\/div>\n<div class=\"cxmmr5t8 oygrvhab hcukyx3x c1et5uql o9v6fnle ii04i59q\">\n<div dir=\"auto\"><\/div>\n<div class=\"cxmmr5t8 oygrvhab hcukyx3x c1et5uql o9v6fnle ii04i59q\">\n<div dir=\"auto\"><\/div>\n<p>&nbsp;<\/p>\n<div dir=\"auto\">Din g\u00e5va g\u00f6r skillnad.<\/div>\n<div dir=\"auto\">Tack!<\/div>\n<p>&nbsp;<\/p>\n<\/div>\n<p>&nbsp;<\/p>\n<div dir=\"auto\"><\/div>\n<div dir=\"auto\"><\/div>\n<div dir=\"auto\"><img loading=\"lazy\" decoding=\"async\" class=\"alignnone size-medium wp-image-2237\" src=\"https:\/\/wp.kristdemokraterna.se\/linkoping\/files\/2022\/05\/qr-265x300.png\" alt=\"\" width=\"265\" height=\"300\" srcset=\"https:\/\/wp.kristdemokraterna.se\/linkoping\/files\/2022\/05\/qr-265x300.png 265w, https:\/\/wp.kristdemokraterna.se\/linkoping\/files\/2022\/05\/qr-476x540.png 476w, https:\/\/wp.kristdemokraterna.se\/linkoping\/files\/2022\/05\/qr-768x870.png 768w, https:\/\/wp.kristdemokraterna.se\/linkoping\/files\/2022\/05\/qr-1355x1536.png 1355w, https:\/\/wp.kristdemokraterna.se\/linkoping\/files\/2022\/05\/qr-176x200.png 176w, https:\/\/wp.kristdemokraterna.se\/linkoping\/files\/2022\/05\/qr-370x419.png 370w, https:\/\/wp.kristdemokraterna.se\/linkoping\/files\/2022\/05\/qr-770x873.png 770w, https:\/\/wp.kristdemokraterna.se\/linkoping\/files\/2022\/05\/qr-450x510.png 450w, https:\/\/wp.kristdemokraterna.se\/linkoping\/files\/2022\/05\/qr-280x317.png 280w, https:\/\/wp.kristdemokraterna.se\/linkoping\/files\/2022\/05\/qr-340x385.png 340w, https:\/\/wp.kristdemokraterna.se\/linkoping\/files\/2022\/05\/qr-49x56.png 49w, https:\/\/wp.kristdemokraterna.se\/linkoping\/files\/2022\/05\/qr.png 1500w\" sizes=\"auto, (max-width: 265px) 100vw, 265px\" \/><\/div>\n<\/div>\n<\/div>\n<\/div>\n<\/div>\n<\/div>\n","protected":false},"excerpt":{"rendered":"<p>Vill du hj\u00e4lpa Kristdemokraterna att driva en stark valr\u00f6relse inom Link\u00f6pings kommun 2022? D\u00e5 kan du s\u00e4tta in ett valfritt belopp p\u00e5 bankgiro 822-3851. Ange \u201dVALFOND 2022\u201d samt f\u00f6rnamn, efternamn, ort och e-post under meddelande. OBS! Du m\u00e5ste fylla i allt detta, eventuellt mobilnummer ist\u00e4llet f\u00f6r e-post. Du kan \u00e4ven scanna QR-koden nedan med din <a class=\"read-more-link\" href=\"https:\/\/wp.kristdemokraterna.se\/linkoping\/valet-2022\/stod-var-valfond\/\">Read More<\/a><\/p>\n","protected":false},"author":410,"featured_media":0,"parent":1858,"menu_order":0,"comment_status":"closed","ping_status":"closed","template":"page.php","meta":{"_acf_changed":false,"footnotes":""},"class_list":["post-2236","page","type-page","status-publish","hentry"],"acf":[],"yoast_head":"<!-- This site is optimized with the Yoast SEO plugin v27.4 - https:\/\/yoast.com\/product\/yoast-seo-wordpress\/ -->\n<title>St\u00f6d v\u00e5r valfond - Kristdemokraterna i Link\u00f6ping<\/title>\n<meta name=\"robots\" content=\"index, follow, max-snippet:-1, max-image-preview:large, max-video-preview:-1\" \/>\n<link rel=\"canonical\" href=\"https:\/\/wp.kristdemokraterna.se\/linkoping\/valet-2022\/stod-var-valfond\/\" \/>\n<meta property=\"og:locale\" content=\"sv_SE\" \/>\n<meta property=\"og:type\" content=\"article\" \/>\n<meta property=\"og:title\" content=\"St\u00f6d v\u00e5r valfond - Kristdemokraterna i Link\u00f6ping\" \/>\n<meta property=\"og:description\" content=\"Vill du hj\u00e4lpa Kristdemokraterna att driva en stark valr\u00f6relse inom Link\u00f6pings kommun 2022? D\u00e5 kan du s\u00e4tta in ett valfritt belopp p\u00e5 bankgiro 822-3851. Ange \u201dVALFOND 2022\u201d samt f\u00f6rnamn, efternamn, ort och e-post under meddelande. OBS! Du m\u00e5ste fylla i allt detta, eventuellt mobilnummer ist\u00e4llet f\u00f6r e-post. Du kan \u00e4ven scanna QR-koden nedan med din Read More\" \/>\n<meta property=\"og:url\" content=\"https:\/\/wp.kristdemokraterna.se\/linkoping\/valet-2022\/stod-var-valfond\/\" \/>\n<meta property=\"og:site_name\" content=\"Kristdemokraterna i Link\u00f6ping\" \/>\n<meta property=\"article:modified_time\" content=\"2022-06-22T06:32:19+00:00\" \/>\n<meta property=\"og:image\" content=\"https:\/\/wp.kristdemokraterna.se\/linkoping\/files\/2022\/05\/piggybank.jpg\" \/>\n<meta name=\"twitter:card\" content=\"summary_large_image\" \/>\n<meta name=\"twitter:label1\" content=\"Ber\u00e4knad l\u00e4stid\" \/>\n\t<meta name=\"twitter:data1\" content=\"1 minut\" \/>\n<script type=\"application\/ld+json\" class=\"yoast-schema-graph\">{\"@context\":\"https:\\\/\\\/schema.org\",\"@graph\":[{\"@type\":\"WebPage\",\"@id\":\"https:\\\/\\\/wp.kristdemokraterna.se\\\/linkoping\\\/valet-2022\\\/stod-var-valfond\\\/\",\"url\":\"https:\\\/\\\/wp.kristdemokraterna.se\\\/linkoping\\\/valet-2022\\\/stod-var-valfond\\\/\",\"name\":\"St\u00f6d v\u00e5r valfond - Kristdemokraterna i Link\u00f6ping\",\"isPartOf\":{\"@id\":\"https:\\\/\\\/wp.kristdemokraterna.se\\\/linkoping\\\/#website\"},\"primaryImageOfPage\":{\"@id\":\"https:\\\/\\\/wp.kristdemokraterna.se\\\/linkoping\\\/valet-2022\\\/stod-var-valfond\\\/#primaryimage\"},\"image\":{\"@id\":\"https:\\\/\\\/wp.kristdemokraterna.se\\\/linkoping\\\/valet-2022\\\/stod-var-valfond\\\/#primaryimage\"},\"thumbnailUrl\":\"https:\\\/\\\/wp.kristdemokraterna.se\\\/linkoping\\\/files\\\/2022\\\/05\\\/piggybank.jpg\",\"datePublished\":\"2022-03-01T08:11:34+00:00\",\"dateModified\":\"2022-06-22T06:32:19+00:00\",\"breadcrumb\":{\"@id\":\"https:\\\/\\\/wp.kristdemokraterna.se\\\/linkoping\\\/valet-2022\\\/stod-var-valfond\\\/#breadcrumb\"},\"inLanguage\":\"sv-SE\",\"potentialAction\":[{\"@type\":\"ReadAction\",\"target\":[\"https:\\\/\\\/wp.kristdemokraterna.se\\\/linkoping\\\/valet-2022\\\/stod-var-valfond\\\/\"]}]},{\"@type\":\"ImageObject\",\"inLanguage\":\"sv-SE\",\"@id\":\"https:\\\/\\\/wp.kristdemokraterna.se\\\/linkoping\\\/valet-2022\\\/stod-var-valfond\\\/#primaryimage\",\"url\":\"https:\\\/\\\/wp.kristdemokraterna.se\\\/linkoping\\\/files\\\/2022\\\/05\\\/piggybank.jpg\",\"contentUrl\":\"https:\\\/\\\/wp.kristdemokraterna.se\\\/linkoping\\\/files\\\/2022\\\/05\\\/piggybank.jpg\",\"width\":1600,\"height\":1068},{\"@type\":\"BreadcrumbList\",\"@id\":\"https:\\\/\\\/wp.kristdemokraterna.se\\\/linkoping\\\/valet-2022\\\/stod-var-valfond\\\/#breadcrumb\",\"itemListElement\":[{\"@type\":\"ListItem\",\"position\":1,\"name\":\"Hem\",\"item\":\"https:\\\/\\\/wp.kristdemokraterna.se\\\/linkoping\\\/\"},{\"@type\":\"ListItem\",\"position\":2,\"name\":\"Valet 2022\",\"item\":\"https:\\\/\\\/wp.kristdemokraterna.se\\\/linkoping\\\/valet-2022\\\/\"},{\"@type\":\"ListItem\",\"position\":3,\"name\":\"St\u00f6d v\u00e5r valfond\"}]},{\"@type\":\"WebSite\",\"@id\":\"https:\\\/\\\/wp.kristdemokraterna.se\\\/linkoping\\\/#website\",\"url\":\"https:\\\/\\\/wp.kristdemokraterna.se\\\/linkoping\\\/\",\"name\":\"Kristdemokraterna i Link\u00f6ping\",\"description\":\"\",\"inLanguage\":\"sv-SE\"}]}<\/script>\n<!-- \/ Yoast SEO plugin. -->","yoast_head_json":{"title":"St\u00f6d v\u00e5r valfond - Kristdemokraterna i Link\u00f6ping","robots":{"index":"index","follow":"follow","max-snippet":"max-snippet:-1","max-image-preview":"max-image-preview:large","max-video-preview":"max-video-preview:-1"},"canonical":"https:\/\/wp.kristdemokraterna.se\/linkoping\/valet-2022\/stod-var-valfond\/","og_locale":"sv_SE","og_type":"article","og_title":"St\u00f6d v\u00e5r valfond - Kristdemokraterna i Link\u00f6ping","og_description":"Vill du hj\u00e4lpa Kristdemokraterna att driva en stark valr\u00f6relse inom Link\u00f6pings kommun 2022? D\u00e5 kan du s\u00e4tta in ett valfritt belopp p\u00e5 bankgiro 822-3851. Ange \u201dVALFOND 2022\u201d samt f\u00f6rnamn, efternamn, ort och e-post under meddelande. OBS! Du m\u00e5ste fylla i allt detta, eventuellt mobilnummer ist\u00e4llet f\u00f6r e-post. Du kan \u00e4ven scanna QR-koden nedan med din Read More","og_url":"https:\/\/wp.kristdemokraterna.se\/linkoping\/valet-2022\/stod-var-valfond\/","og_site_name":"Kristdemokraterna i Link\u00f6ping","article_modified_time":"2022-06-22T06:32:19+00:00","og_image":[{"url":"https:\/\/wp.kristdemokraterna.se\/linkoping\/files\/2022\/05\/piggybank.jpg","type":"","width":"","height":""}],"twitter_card":"summary_large_image","twitter_misc":{"Ber\u00e4knad l\u00e4stid":"1 minut"},"schema":{"@context":"https:\/\/schema.org","@graph":[{"@type":"WebPage","@id":"https:\/\/wp.kristdemokraterna.se\/linkoping\/valet-2022\/stod-var-valfond\/","url":"https:\/\/wp.kristdemokraterna.se\/linkoping\/valet-2022\/stod-var-valfond\/","name":"St\u00f6d v\u00e5r valfond - Kristdemokraterna i Link\u00f6ping","isPartOf":{"@id":"https:\/\/wp.kristdemokraterna.se\/linkoping\/#website"},"primaryImageOfPage":{"@id":"https:\/\/wp.kristdemokraterna.se\/linkoping\/valet-2022\/stod-var-valfond\/#primaryimage"},"image":{"@id":"https:\/\/wp.kristdemokraterna.se\/linkoping\/valet-2022\/stod-var-valfond\/#primaryimage"},"thumbnailUrl":"https:\/\/wp.kristdemokraterna.se\/linkoping\/files\/2022\/05\/piggybank.jpg","datePublished":"2022-03-01T08:11:34+00:00","dateModified":"2022-06-22T06:32:19+00:00","breadcrumb":{"@id":"https:\/\/wp.kristdemokraterna.se\/linkoping\/valet-2022\/stod-var-valfond\/#breadcrumb"},"inLanguage":"sv-SE","potentialAction":[{"@type":"ReadAction","target":["https:\/\/wp.kristdemokraterna.se\/linkoping\/valet-2022\/stod-var-valfond\/"]}]},{"@type":"ImageObject","inLanguage":"sv-SE","@id":"https:\/\/wp.kristdemokraterna.se\/linkoping\/valet-2022\/stod-var-valfond\/#primaryimage","url":"https:\/\/wp.kristdemokraterna.se\/linkoping\/files\/2022\/05\/piggybank.jpg","contentUrl":"https:\/\/wp.kristdemokraterna.se\/linkoping\/files\/2022\/05\/piggybank.jpg","width":1600,"height":1068},{"@type":"BreadcrumbList","@id":"https:\/\/wp.kristdemokraterna.se\/linkoping\/valet-2022\/stod-var-valfond\/#breadcrumb","itemListElement":[{"@type":"ListItem","position":1,"name":"Hem","item":"https:\/\/wp.kristdemokraterna.se\/linkoping\/"},{"@type":"ListItem","position":2,"name":"Valet 2022","item":"https:\/\/wp.kristdemokraterna.se\/linkoping\/valet-2022\/"},{"@type":"ListItem","position":3,"name":"St\u00f6d v\u00e5r valfond"}]},{"@type":"WebSite","@id":"https:\/\/wp.kristdemokraterna.se\/linkoping\/#website","url":"https:\/\/wp.kristdemokraterna.se\/linkoping\/","name":"Kristdemokraterna i Link\u00f6ping","description":"","inLanguage":"sv-SE"}]}},"_links":{"self":[{"href":"https:\/\/wp.kristdemokraterna.se\/linkoping\/wp-json\/wp\/v2\/pages\/2236","targetHints":{"allow":["GET"]}}],"collection":[{"href":"https:\/\/wp.kristdemokraterna.se\/linkoping\/wp-json\/wp\/v2\/pages"}],"about":[{"href":"https:\/\/wp.kristdemokraterna.se\/linkoping\/wp-json\/wp\/v2\/types\/page"}],"author":[{"embeddable":true,"href":"https:\/\/wp.kristdemokraterna.se\/linkoping\/wp-json\/wp\/v2\/users\/410"}],"replies":[{"embeddable":true,"href":"https:\/\/wp.kristdemokraterna.se\/linkoping\/wp-json\/wp\/v2\/comments?post=2236"}],"version-history":[{"count":10,"href":"https:\/\/wp.kristdemokraterna.se\/linkoping\/wp-json\/wp\/v2\/pages\/2236\/revisions"}],"predecessor-version":[{"id":2291,"href":"https:\/\/wp.kristdemokraterna.se\/linkoping\/wp-json\/wp\/v2\/pages\/2236\/revisions\/2291"}],"up":[{"embeddable":true,"href":"https:\/\/wp.kristdemokraterna.se\/linkoping\/wp-json\/wp\/v2\/pages\/1858"}],"wp:attachment":[{"href":"https:\/\/wp.kristdemokraterna.se\/linkoping\/wp-json\/wp\/v2\/media?parent=2236"}],"curies":[{"name":"wp","href":"https:\/\/api.w.org\/{rel}","templated":true}]}}