{"id":2259,"date":"2022-05-25T12:16:53","date_gmt":"2022-05-25T10:16:53","guid":{"rendered":"https:\/\/wp.kristdemokraterna.se\/linkoping\/?page_id=2259"},"modified":"2022-06-22T08:32:45","modified_gmt":"2022-06-22T06:32:45","slug":"kd-kampanj-pa-resecentrum","status":"publish","type":"page","link":"https:\/\/wp.kristdemokraterna.se\/linkoping\/valet-2022\/kd-kampanj-pa-resecentrum\/","title":{"rendered":"KD-kampanj p\u00e5 Resecentrum"},"content":{"rendered":"<div dir=\"auto\"><img loading=\"lazy\" decoding=\"async\" class=\"alignnone size-full wp-image-2257\" src=\"https:\/\/wp.kristdemokraterna.se\/linkoping\/files\/2022\/05\/dsc_0419.jpg\" alt=\"\" width=\"1600\" height=\"1068\" srcset=\"https:\/\/wp.kristdemokraterna.se\/linkoping\/files\/2022\/05\/dsc_0419.jpg 1600w, https:\/\/wp.kristdemokraterna.se\/linkoping\/files\/2022\/05\/dsc_0419-300x200.jpg 300w, https:\/\/wp.kristdemokraterna.se\/linkoping\/files\/2022\/05\/dsc_0419-540x360.jpg 540w, https:\/\/wp.kristdemokraterna.se\/linkoping\/files\/2022\/05\/dsc_0419-768x513.jpg 768w, https:\/\/wp.kristdemokraterna.se\/linkoping\/files\/2022\/05\/dsc_0419-1536x1025.jpg 1536w, https:\/\/wp.kristdemokraterna.se\/linkoping\/files\/2022\/05\/dsc_0419-370x247.jpg 370w, https:\/\/wp.kristdemokraterna.se\/linkoping\/files\/2022\/05\/dsc_0419-770x514.jpg 770w, https:\/\/wp.kristdemokraterna.se\/linkoping\/files\/2022\/05\/dsc_0419-450x300.jpg 450w, https:\/\/wp.kristdemokraterna.se\/linkoping\/files\/2022\/05\/dsc_0419-280x187.jpg 280w, https:\/\/wp.kristdemokraterna.se\/linkoping\/files\/2022\/05\/dsc_0419-340x227.jpg 340w, https:\/\/wp.kristdemokraterna.se\/linkoping\/files\/2022\/05\/dsc_0419-200x134.jpg 200w, https:\/\/wp.kristdemokraterna.se\/linkoping\/files\/2022\/05\/dsc_0419-84x56.jpg 84w\" sizes=\"auto, (max-width: 1600px) 100vw, 1600px\" \/><\/div>\n<p>&nbsp;<\/p>\n<p>Kristdemokraterna i Link\u00f6ping befinner sig just nu mitt uppe i &#8221;<strong>Lilla Valr\u00f6relsen<\/strong>&#8221; och det \u00e4r olika aktiviteter varje vecka. I morse var det \u00e5ter dags f\u00f6r ett g\u00e4ng morgonpigga kristdemokrater att kampanja p\u00e5 Resecentrum i Link\u00f6ping. Nytryckta flygblad med v\u00e5ra tre hj\u00e4rtefr\u00e5gor &#8211; trygghet, v\u00e5rd och hj\u00e4rtlandet gick \u00e5t som sm\u00f6r i solskenet.<\/p>\n<p>P\u00e5 bilden ses Anne Westin, Denis\u00e9 Cassel, Dick Jonsson och Susanne H\u00e4rner.<\/p>\n<p>Resecentrum i Link\u00f6ping den 25 maj 2022.<\/p>\n","protected":false},"excerpt":{"rendered":"<p>&nbsp; Kristdemokraterna i Link\u00f6ping befinner sig just nu mitt uppe i &#8221;Lilla Valr\u00f6relsen&#8221; och det \u00e4r olika aktiviteter varje vecka. I morse var det \u00e5ter dags f\u00f6r ett g\u00e4ng morgonpigga kristdemokrater att kampanja p\u00e5 Resecentrum i Link\u00f6ping. Nytryckta flygblad med v\u00e5ra tre hj\u00e4rtefr\u00e5gor &#8211; trygghet, v\u00e5rd och hj\u00e4rtlandet gick \u00e5t som sm\u00f6r i solskenet. P\u00e5 <a class=\"read-more-link\" href=\"https:\/\/wp.kristdemokraterna.se\/linkoping\/valet-2022\/kd-kampanj-pa-resecentrum\/\">Read More<\/a><\/p>\n","protected":false},"author":410,"featured_media":0,"parent":1858,"menu_order":0,"comment_status":"closed","ping_status":"closed","template":"page.php","meta":{"_acf_changed":false,"footnotes":""},"class_list":["post-2259","page","type-page","status-publish","hentry"],"acf":[],"yoast_head":"<!-- This site is optimized with the Yoast SEO plugin v27.4 - https:\/\/yoast.com\/product\/yoast-seo-wordpress\/ -->\n<title>KD-kampanj p\u00e5 Resecentrum - Kristdemokraterna i Link\u00f6ping<\/title>\n<meta name=\"robots\" content=\"index, follow, max-snippet:-1, max-image-preview:large, max-video-preview:-1\" \/>\n<link rel=\"canonical\" href=\"https:\/\/wp.kristdemokraterna.se\/linkoping\/valet-2022\/kd-kampanj-pa-resecentrum\/\" \/>\n<meta property=\"og:locale\" content=\"sv_SE\" \/>\n<meta property=\"og:type\" content=\"article\" \/>\n<meta property=\"og:title\" content=\"KD-kampanj p\u00e5 Resecentrum - Kristdemokraterna i Link\u00f6ping\" \/>\n<meta property=\"og:description\" content=\"&nbsp; Kristdemokraterna i Link\u00f6ping befinner sig just nu mitt uppe i &#8221;Lilla Valr\u00f6relsen&#8221; och det \u00e4r olika aktiviteter varje vecka. I morse var det \u00e5ter dags f\u00f6r ett g\u00e4ng morgonpigga kristdemokrater att kampanja p\u00e5 Resecentrum i Link\u00f6ping. Nytryckta flygblad med v\u00e5ra tre hj\u00e4rtefr\u00e5gor &#8211; trygghet, v\u00e5rd och hj\u00e4rtlandet gick \u00e5t som sm\u00f6r i solskenet. P\u00e5 Read More\" \/>\n<meta property=\"og:url\" content=\"https:\/\/wp.kristdemokraterna.se\/linkoping\/valet-2022\/kd-kampanj-pa-resecentrum\/\" \/>\n<meta property=\"og:site_name\" content=\"Kristdemokraterna i Link\u00f6ping\" \/>\n<meta property=\"article:modified_time\" content=\"2022-06-22T06:32:45+00:00\" \/>\n<meta property=\"og:image\" content=\"https:\/\/wp.kristdemokraterna.se\/linkoping\/files\/2022\/05\/dsc_0419.jpg\" \/>\n<meta name=\"twitter:card\" content=\"summary_large_image\" \/>\n<meta name=\"twitter:label1\" content=\"Ber\u00e4knad l\u00e4stid\" \/>\n\t<meta name=\"twitter:data1\" content=\"1 minut\" \/>\n<script type=\"application\/ld+json\" class=\"yoast-schema-graph\">{\"@context\":\"https:\\\/\\\/schema.org\",\"@graph\":[{\"@type\":\"WebPage\",\"@id\":\"https:\\\/\\\/wp.kristdemokraterna.se\\\/linkoping\\\/valet-2022\\\/kd-kampanj-pa-resecentrum\\\/\",\"url\":\"https:\\\/\\\/wp.kristdemokraterna.se\\\/linkoping\\\/valet-2022\\\/kd-kampanj-pa-resecentrum\\\/\",\"name\":\"KD-kampanj p\u00e5 Resecentrum - Kristdemokraterna i Link\u00f6ping\",\"isPartOf\":{\"@id\":\"https:\\\/\\\/wp.kristdemokraterna.se\\\/linkoping\\\/#website\"},\"primaryImageOfPage\":{\"@id\":\"https:\\\/\\\/wp.kristdemokraterna.se\\\/linkoping\\\/valet-2022\\\/kd-kampanj-pa-resecentrum\\\/#primaryimage\"},\"image\":{\"@id\":\"https:\\\/\\\/wp.kristdemokraterna.se\\\/linkoping\\\/valet-2022\\\/kd-kampanj-pa-resecentrum\\\/#primaryimage\"},\"thumbnailUrl\":\"https:\\\/\\\/wp.kristdemokraterna.se\\\/linkoping\\\/files\\\/2022\\\/05\\\/dsc_0419.jpg\",\"datePublished\":\"2022-05-25T10:16:53+00:00\",\"dateModified\":\"2022-06-22T06:32:45+00:00\",\"breadcrumb\":{\"@id\":\"https:\\\/\\\/wp.kristdemokraterna.se\\\/linkoping\\\/valet-2022\\\/kd-kampanj-pa-resecentrum\\\/#breadcrumb\"},\"inLanguage\":\"sv-SE\",\"potentialAction\":[{\"@type\":\"ReadAction\",\"target\":[\"https:\\\/\\\/wp.kristdemokraterna.se\\\/linkoping\\\/valet-2022\\\/kd-kampanj-pa-resecentrum\\\/\"]}]},{\"@type\":\"ImageObject\",\"inLanguage\":\"sv-SE\",\"@id\":\"https:\\\/\\\/wp.kristdemokraterna.se\\\/linkoping\\\/valet-2022\\\/kd-kampanj-pa-resecentrum\\\/#primaryimage\",\"url\":\"https:\\\/\\\/wp.kristdemokraterna.se\\\/linkoping\\\/files\\\/2022\\\/05\\\/dsc_0419.jpg\",\"contentUrl\":\"https:\\\/\\\/wp.kristdemokraterna.se\\\/linkoping\\\/files\\\/2022\\\/05\\\/dsc_0419.jpg\",\"width\":1600,\"height\":1068},{\"@type\":\"BreadcrumbList\",\"@id\":\"https:\\\/\\\/wp.kristdemokraterna.se\\\/linkoping\\\/valet-2022\\\/kd-kampanj-pa-resecentrum\\\/#breadcrumb\",\"itemListElement\":[{\"@type\":\"ListItem\",\"position\":1,\"name\":\"Hem\",\"item\":\"https:\\\/\\\/wp.kristdemokraterna.se\\\/linkoping\\\/\"},{\"@type\":\"ListItem\",\"position\":2,\"name\":\"Valet 2022\",\"item\":\"https:\\\/\\\/wp.kristdemokraterna.se\\\/linkoping\\\/valet-2022\\\/\"},{\"@type\":\"ListItem\",\"position\":3,\"name\":\"KD-kampanj p\u00e5 Resecentrum\"}]},{\"@type\":\"WebSite\",\"@id\":\"https:\\\/\\\/wp.kristdemokraterna.se\\\/linkoping\\\/#website\",\"url\":\"https:\\\/\\\/wp.kristdemokraterna.se\\\/linkoping\\\/\",\"name\":\"Kristdemokraterna i Link\u00f6ping\",\"description\":\"\",\"inLanguage\":\"sv-SE\"}]}<\/script>\n<!-- \/ Yoast SEO plugin. -->","yoast_head_json":{"title":"KD-kampanj p\u00e5 Resecentrum - Kristdemokraterna i Link\u00f6ping","robots":{"index":"index","follow":"follow","max-snippet":"max-snippet:-1","max-image-preview":"max-image-preview:large","max-video-preview":"max-video-preview:-1"},"canonical":"https:\/\/wp.kristdemokraterna.se\/linkoping\/valet-2022\/kd-kampanj-pa-resecentrum\/","og_locale":"sv_SE","og_type":"article","og_title":"KD-kampanj p\u00e5 Resecentrum - Kristdemokraterna i Link\u00f6ping","og_description":"&nbsp; Kristdemokraterna i Link\u00f6ping befinner sig just nu mitt uppe i &#8221;Lilla Valr\u00f6relsen&#8221; och det \u00e4r olika aktiviteter varje vecka. I morse var det \u00e5ter dags f\u00f6r ett g\u00e4ng morgonpigga kristdemokrater att kampanja p\u00e5 Resecentrum i Link\u00f6ping. Nytryckta flygblad med v\u00e5ra tre hj\u00e4rtefr\u00e5gor &#8211; trygghet, v\u00e5rd och hj\u00e4rtlandet gick \u00e5t som sm\u00f6r i solskenet. P\u00e5 Read More","og_url":"https:\/\/wp.kristdemokraterna.se\/linkoping\/valet-2022\/kd-kampanj-pa-resecentrum\/","og_site_name":"Kristdemokraterna i Link\u00f6ping","article_modified_time":"2022-06-22T06:32:45+00:00","og_image":[{"url":"https:\/\/wp.kristdemokraterna.se\/linkoping\/files\/2022\/05\/dsc_0419.jpg","type":"","width":"","height":""}],"twitter_card":"summary_large_image","twitter_misc":{"Ber\u00e4knad l\u00e4stid":"1 minut"},"schema":{"@context":"https:\/\/schema.org","@graph":[{"@type":"WebPage","@id":"https:\/\/wp.kristdemokraterna.se\/linkoping\/valet-2022\/kd-kampanj-pa-resecentrum\/","url":"https:\/\/wp.kristdemokraterna.se\/linkoping\/valet-2022\/kd-kampanj-pa-resecentrum\/","name":"KD-kampanj p\u00e5 Resecentrum - Kristdemokraterna i Link\u00f6ping","isPartOf":{"@id":"https:\/\/wp.kristdemokraterna.se\/linkoping\/#website"},"primaryImageOfPage":{"@id":"https:\/\/wp.kristdemokraterna.se\/linkoping\/valet-2022\/kd-kampanj-pa-resecentrum\/#primaryimage"},"image":{"@id":"https:\/\/wp.kristdemokraterna.se\/linkoping\/valet-2022\/kd-kampanj-pa-resecentrum\/#primaryimage"},"thumbnailUrl":"https:\/\/wp.kristdemokraterna.se\/linkoping\/files\/2022\/05\/dsc_0419.jpg","datePublished":"2022-05-25T10:16:53+00:00","dateModified":"2022-06-22T06:32:45+00:00","breadcrumb":{"@id":"https:\/\/wp.kristdemokraterna.se\/linkoping\/valet-2022\/kd-kampanj-pa-resecentrum\/#breadcrumb"},"inLanguage":"sv-SE","potentialAction":[{"@type":"ReadAction","target":["https:\/\/wp.kristdemokraterna.se\/linkoping\/valet-2022\/kd-kampanj-pa-resecentrum\/"]}]},{"@type":"ImageObject","inLanguage":"sv-SE","@id":"https:\/\/wp.kristdemokraterna.se\/linkoping\/valet-2022\/kd-kampanj-pa-resecentrum\/#primaryimage","url":"https:\/\/wp.kristdemokraterna.se\/linkoping\/files\/2022\/05\/dsc_0419.jpg","contentUrl":"https:\/\/wp.kristdemokraterna.se\/linkoping\/files\/2022\/05\/dsc_0419.jpg","width":1600,"height":1068},{"@type":"BreadcrumbList","@id":"https:\/\/wp.kristdemokraterna.se\/linkoping\/valet-2022\/kd-kampanj-pa-resecentrum\/#breadcrumb","itemListElement":[{"@type":"ListItem","position":1,"name":"Hem","item":"https:\/\/wp.kristdemokraterna.se\/linkoping\/"},{"@type":"ListItem","position":2,"name":"Valet 2022","item":"https:\/\/wp.kristdemokraterna.se\/linkoping\/valet-2022\/"},{"@type":"ListItem","position":3,"name":"KD-kampanj p\u00e5 Resecentrum"}]},{"@type":"WebSite","@id":"https:\/\/wp.kristdemokraterna.se\/linkoping\/#website","url":"https:\/\/wp.kristdemokraterna.se\/linkoping\/","name":"Kristdemokraterna i Link\u00f6ping","description":"","inLanguage":"sv-SE"}]}},"_links":{"self":[{"href":"https:\/\/wp.kristdemokraterna.se\/linkoping\/wp-json\/wp\/v2\/pages\/2259","targetHints":{"allow":["GET"]}}],"collection":[{"href":"https:\/\/wp.kristdemokraterna.se\/linkoping\/wp-json\/wp\/v2\/pages"}],"about":[{"href":"https:\/\/wp.kristdemokraterna.se\/linkoping\/wp-json\/wp\/v2\/types\/page"}],"author":[{"embeddable":true,"href":"https:\/\/wp.kristdemokraterna.se\/linkoping\/wp-json\/wp\/v2\/users\/410"}],"replies":[{"embeddable":true,"href":"https:\/\/wp.kristdemokraterna.se\/linkoping\/wp-json\/wp\/v2\/comments?post=2259"}],"version-history":[{"count":17,"href":"https:\/\/wp.kristdemokraterna.se\/linkoping\/wp-json\/wp\/v2\/pages\/2259\/revisions"}],"predecessor-version":[{"id":2339,"href":"https:\/\/wp.kristdemokraterna.se\/linkoping\/wp-json\/wp\/v2\/pages\/2259\/revisions\/2339"}],"up":[{"embeddable":true,"href":"https:\/\/wp.kristdemokraterna.se\/linkoping\/wp-json\/wp\/v2\/pages\/1858"}],"wp:attachment":[{"href":"https:\/\/wp.kristdemokraterna.se\/linkoping\/wp-json\/wp\/v2\/media?parent=2259"}],"curies":[{"name":"wp","href":"https:\/\/api.w.org\/{rel}","templated":true}]}}