{"id":2306,"date":"2022-06-21T15:10:45","date_gmt":"2022-06-21T13:10:45","guid":{"rendered":"https:\/\/wp.kristdemokraterna.se\/linkoping\/?page_id=2306"},"modified":"2022-08-17T09:56:36","modified_gmt":"2022-08-17T07:56:36","slug":"kristdemokraternas-valprogram-2022","status":"publish","type":"page","link":"https:\/\/wp.kristdemokraterna.se\/linkoping\/valet-2022\/kristdemokraternas-valprogram-2022\/","title":{"rendered":"Kristdemokraternas valprogram 2022"},"content":{"rendered":"<p><img loading=\"lazy\" decoding=\"async\" class=\"alignnone wp-image-2430 size-full\" src=\"https:\/\/wp.kristdemokraterna.se\/linkoping\/files\/2022\/08\/kd_lkpg_valprogram_bg.jpg\" alt=\"\" width=\"1600\" height=\"1068\" srcset=\"https:\/\/wp.kristdemokraterna.se\/linkoping\/files\/2022\/08\/kd_lkpg_valprogram_bg.jpg 1600w, https:\/\/wp.kristdemokraterna.se\/linkoping\/files\/2022\/08\/kd_lkpg_valprogram_bg-300x200.jpg 300w, https:\/\/wp.kristdemokraterna.se\/linkoping\/files\/2022\/08\/kd_lkpg_valprogram_bg-540x360.jpg 540w, https:\/\/wp.kristdemokraterna.se\/linkoping\/files\/2022\/08\/kd_lkpg_valprogram_bg-768x513.jpg 768w, https:\/\/wp.kristdemokraterna.se\/linkoping\/files\/2022\/08\/kd_lkpg_valprogram_bg-1536x1025.jpg 1536w, https:\/\/wp.kristdemokraterna.se\/linkoping\/files\/2022\/08\/kd_lkpg_valprogram_bg-370x247.jpg 370w, https:\/\/wp.kristdemokraterna.se\/linkoping\/files\/2022\/08\/kd_lkpg_valprogram_bg-770x514.jpg 770w, https:\/\/wp.kristdemokraterna.se\/linkoping\/files\/2022\/08\/kd_lkpg_valprogram_bg-450x300.jpg 450w, https:\/\/wp.kristdemokraterna.se\/linkoping\/files\/2022\/08\/kd_lkpg_valprogram_bg-280x187.jpg 280w, https:\/\/wp.kristdemokraterna.se\/linkoping\/files\/2022\/08\/kd_lkpg_valprogram_bg-340x227.jpg 340w, https:\/\/wp.kristdemokraterna.se\/linkoping\/files\/2022\/08\/kd_lkpg_valprogram_bg-200x134.jpg 200w, https:\/\/wp.kristdemokraterna.se\/linkoping\/files\/2022\/08\/kd_lkpg_valprogram_bg-84x56.jpg 84w\" sizes=\"auto, (max-width: 1600px) 100vw, 1600px\" \/><\/p>\n<div class=\"page\" title=\"Page 3\">\n<div class=\"section\">\n<div class=\"layoutArea\">\n<div class=\"column\">\n<p><strong>FO\u0308R VARJE LINKO\u0308PINGSBO<\/strong><\/p>\n<p>I Linko\u0308ping ga\u030ar utvecklingen a\u030at ra\u0308tt ha\u030all pa\u030a ma\u030anga omra\u030aden. Vi har ho\u0308g fart i bostadsbyggandet och vi har fattat beslut om viktiga stadsbyggnadsprojekt sa\u030asom utveckling av Berga Centrum och Ullevileden. Arbetslo\u0308sheten ha\u030aller sig pa\u030a en la\u030ag niva\u030a ja\u0308mfo\u0308rt med andra kommuner, det ger goda fo\u0308rutsa\u0308ttningar info\u0308r framtiden, men det inneba\u0308r inte att vi kan luta oss tillbaka. Vi ska fortsa\u0308tta att utveckla va\u030ar kommun, men vi ska go\u0308ra det pa\u030a ett ansvarsfullt sa\u0308tt. Vi ska ha fokus pa\u030a ka\u0308rnverksamheterna med ho\u0308g kvalitet inom skola och omsorg.<\/p>\n<p>Trots att mycket fungerar va\u0308l i Linko\u0308ping finns det omra\u030aden da\u0308r utvecklingen inte ga\u030ar a\u030at ra\u0308tt ha\u030all. Fo\u0308r att medborgarna ska ka\u0308nna sig trygga ma\u030aste den organiserade brottsligheten i kommunen tryckas tillbaka. I va\u0308ntan pa\u030a ett mer handfast sto\u0308d fra\u030an Polisen beho\u0308ver vi fortsa\u0308tta satsa pa\u030a kommunala ordningsvakter, kamerabevakning och att uppta\u0308cka bidragsbrott.<\/p>\n<p>En av Linko\u0308pings sto\u0308rsta styrkor a\u0308r va\u030art vitala na\u0308ringsliv. Va\u030ara fo\u0308retag finansierar grunden fo\u0308r allas va\u030ar gemensamma va\u0308lfa\u0308rd och skapar sysselsa\u0308ttning till Linko\u0308pingsborna. Kristdemokraterna ga\u030ar \u00e4ven till val pa\u030a att inkomstskatten ska sa\u0308nkas under mandatperioden. Det \u00f6kar attraktiviteten f\u00f6r kvalificerad arbetskraft och familjer att s\u00f6ka sig till v\u00e5r kommun. Dessutom blir det mer \u00f6ver i pl\u00e5nboken.<\/p>\n<p>Vi lovar inte allt a\u030at alla, men vi lovar att arbeta fo\u0308r varje Linko\u0308pingsbo!<\/p>\n<p>&nbsp;<\/p>\n<\/div>\n<\/div>\n<\/div>\n<\/div>\n<p><img loading=\"lazy\" decoding=\"async\" class=\"alignnone size-medium wp-image-2432\" src=\"https:\/\/wp.kristdemokraterna.se\/linkoping\/files\/2022\/08\/denise_wikipedia_2-200x300.jpg\" alt=\"\" width=\"200\" height=\"300\" srcset=\"https:\/\/wp.kristdemokraterna.se\/linkoping\/files\/2022\/08\/denise_wikipedia_2-200x300.jpg 200w, https:\/\/wp.kristdemokraterna.se\/linkoping\/files\/2022\/08\/denise_wikipedia_2-360x540.jpg 360w, https:\/\/wp.kristdemokraterna.se\/linkoping\/files\/2022\/08\/denise_wikipedia_2-768x1151.jpg 768w, https:\/\/wp.kristdemokraterna.se\/linkoping\/files\/2022\/08\/denise_wikipedia_2-1025x1536.jpg 1025w, https:\/\/wp.kristdemokraterna.se\/linkoping\/files\/2022\/08\/denise_wikipedia_2-134x200.jpg 134w, https:\/\/wp.kristdemokraterna.se\/linkoping\/files\/2022\/08\/denise_wikipedia_2-370x554.jpg 370w, https:\/\/wp.kristdemokraterna.se\/linkoping\/files\/2022\/08\/denise_wikipedia_2-770x1154.jpg 770w, https:\/\/wp.kristdemokraterna.se\/linkoping\/files\/2022\/08\/denise_wikipedia_2-450x674.jpg 450w, https:\/\/wp.kristdemokraterna.se\/linkoping\/files\/2022\/08\/denise_wikipedia_2-268x402.jpg 268w, https:\/\/wp.kristdemokraterna.se\/linkoping\/files\/2022\/08\/denise_wikipedia_2-340x509.jpg 340w, https:\/\/wp.kristdemokraterna.se\/linkoping\/files\/2022\/08\/denise_wikipedia_2-37x56.jpg 37w, https:\/\/wp.kristdemokraterna.se\/linkoping\/files\/2022\/08\/denise_wikipedia_2.jpg 1335w\" sizes=\"auto, (max-width: 200px) 100vw, 200px\" \/><\/p>\n<p><strong>Denis\u00e9 Cassel (KD)<\/strong><br \/>\n<strong>Kommunalr\u00e5d och gruppledare<\/strong><\/p>\n<p>&nbsp;<\/p>\n<div class=\"page\" title=\"Page 3\">\n<div class=\"section\">\n<div class=\"layoutArea\">\n<div class=\"column\">\n<p><strong>Ladda ner<\/strong>\u00a0v\u00e5rt kommunpolitiska valprogram d\u00e4r vi presenterar vad vi vill g\u00f6ra f\u00f6r Link\u00f6pingsborna under den kommande mandatperioden (2022-2026):<\/p>\n<\/div>\n<\/div>\n<\/div>\n<\/div>\n<p><a href=\"https:\/\/wp.kristdemokraterna.se\/linkoping\/files\/2022\/08\/valprogram_2022.pdf\" target=\"_blank\" rel=\"noopener\"><img loading=\"lazy\" decoding=\"async\" class=\"alignnone wp-image-2397\" src=\"https:\/\/wp.kristdemokraterna.se\/linkoping\/files\/2022\/07\/pdf_icon-150x150.png\" alt=\"Valprogram 2022\" width=\"100\" height=\"100\" srcset=\"https:\/\/wp.kristdemokraterna.se\/linkoping\/files\/2022\/07\/pdf_icon-150x150.png 150w, https:\/\/wp.kristdemokraterna.se\/linkoping\/files\/2022\/07\/pdf_icon-300x300.png 300w, https:\/\/wp.kristdemokraterna.se\/linkoping\/files\/2022\/07\/pdf_icon-200x200.png 200w, https:\/\/wp.kristdemokraterna.se\/linkoping\/files\/2022\/07\/pdf_icon-370x370.png 370w, https:\/\/wp.kristdemokraterna.se\/linkoping\/files\/2022\/07\/pdf_icon-90x90.png 90w, https:\/\/wp.kristdemokraterna.se\/linkoping\/files\/2022\/07\/pdf_icon-450x450.png 450w, https:\/\/wp.kristdemokraterna.se\/linkoping\/files\/2022\/07\/pdf_icon-280x280.png 280w, https:\/\/wp.kristdemokraterna.se\/linkoping\/files\/2022\/07\/pdf_icon-340x340.png 340w, https:\/\/wp.kristdemokraterna.se\/linkoping\/files\/2022\/07\/pdf_icon-56x56.png 56w, https:\/\/wp.kristdemokraterna.se\/linkoping\/files\/2022\/07\/pdf_icon.png 512w\" sizes=\"auto, (max-width: 100px) 100vw, 100px\" \/><\/a><\/p>\n<p>&nbsp;<\/p>\n<p>&nbsp;<\/p>\n<p>&nbsp;<\/p>\n<p>&nbsp;<\/p>\n","protected":false},"excerpt":{"rendered":"<p>FO\u0308R VARJE LINKO\u0308PINGSBO I Linko\u0308ping ga\u030ar utvecklingen a\u030at ra\u0308tt ha\u030all pa\u030a ma\u030anga omra\u030aden. Vi har ho\u0308g fart i bostadsbyggandet och vi har fattat beslut om viktiga stadsbyggnadsprojekt sa\u030asom utveckling av Berga Centrum och Ullevileden. Arbetslo\u0308sheten ha\u030aller sig pa\u030a en la\u030ag niva\u030a ja\u0308mfo\u0308rt med andra kommuner, det ger goda fo\u0308rutsa\u0308ttningar info\u0308r framtiden, men det inneba\u0308r inte <a class=\"read-more-link\" href=\"https:\/\/wp.kristdemokraterna.se\/linkoping\/valet-2022\/kristdemokraternas-valprogram-2022\/\">Read More<\/a><\/p>\n","protected":false},"author":410,"featured_media":0,"parent":1858,"menu_order":0,"comment_status":"closed","ping_status":"closed","template":"page.php","meta":{"_acf_changed":false,"footnotes":""},"class_list":["post-2306","page","type-page","status-publish","hentry"],"acf":[],"yoast_head":"<!-- This site is optimized with the Yoast SEO plugin v27.4 - https:\/\/yoast.com\/product\/yoast-seo-wordpress\/ -->\n<title>Kristdemokraternas valprogram 2022 - Kristdemokraterna i Link\u00f6ping<\/title>\n<meta name=\"robots\" content=\"index, follow, max-snippet:-1, max-image-preview:large, max-video-preview:-1\" \/>\n<link rel=\"canonical\" href=\"https:\/\/wp.kristdemokraterna.se\/linkoping\/valet-2022\/kristdemokraternas-valprogram-2022\/\" \/>\n<meta property=\"og:locale\" content=\"sv_SE\" \/>\n<meta property=\"og:type\" content=\"article\" \/>\n<meta property=\"og:title\" content=\"Kristdemokraternas valprogram 2022 - Kristdemokraterna i Link\u00f6ping\" \/>\n<meta property=\"og:description\" content=\"FO\u0308R VARJE LINKO\u0308PINGSBO I Linko\u0308ping ga\u030ar utvecklingen a\u030at ra\u0308tt ha\u030all pa\u030a ma\u030anga omra\u030aden. Vi har ho\u0308g fart i bostadsbyggandet och vi har fattat beslut om viktiga stadsbyggnadsprojekt sa\u030asom utveckling av Berga Centrum och Ullevileden. Arbetslo\u0308sheten ha\u030aller sig pa\u030a en la\u030ag niva\u030a ja\u0308mfo\u0308rt med andra kommuner, det ger goda fo\u0308rutsa\u0308ttningar info\u0308r framtiden, men det inneba\u0308r inte Read More\" \/>\n<meta property=\"og:url\" content=\"https:\/\/wp.kristdemokraterna.se\/linkoping\/valet-2022\/kristdemokraternas-valprogram-2022\/\" \/>\n<meta property=\"og:site_name\" content=\"Kristdemokraterna i Link\u00f6ping\" \/>\n<meta property=\"article:modified_time\" content=\"2022-08-17T07:56:36+00:00\" \/>\n<meta property=\"og:image\" content=\"https:\/\/wp.kristdemokraterna.se\/linkoping\/files\/2022\/08\/kd_lkpg_valprogram_bg.jpg\" \/>\n<meta name=\"twitter:card\" content=\"summary_large_image\" \/>\n<meta name=\"twitter:label1\" content=\"Ber\u00e4knad l\u00e4stid\" \/>\n\t<meta name=\"twitter:data1\" content=\"2 minuter\" \/>\n<script type=\"application\/ld+json\" class=\"yoast-schema-graph\">{\"@context\":\"https:\\\/\\\/schema.org\",\"@graph\":[{\"@type\":\"WebPage\",\"@id\":\"https:\\\/\\\/wp.kristdemokraterna.se\\\/linkoping\\\/valet-2022\\\/kristdemokraternas-valprogram-2022\\\/\",\"url\":\"https:\\\/\\\/wp.kristdemokraterna.se\\\/linkoping\\\/valet-2022\\\/kristdemokraternas-valprogram-2022\\\/\",\"name\":\"Kristdemokraternas valprogram 2022 - Kristdemokraterna i Link\u00f6ping\",\"isPartOf\":{\"@id\":\"https:\\\/\\\/wp.kristdemokraterna.se\\\/linkoping\\\/#website\"},\"primaryImageOfPage\":{\"@id\":\"https:\\\/\\\/wp.kristdemokraterna.se\\\/linkoping\\\/valet-2022\\\/kristdemokraternas-valprogram-2022\\\/#primaryimage\"},\"image\":{\"@id\":\"https:\\\/\\\/wp.kristdemokraterna.se\\\/linkoping\\\/valet-2022\\\/kristdemokraternas-valprogram-2022\\\/#primaryimage\"},\"thumbnailUrl\":\"https:\\\/\\\/wp.kristdemokraterna.se\\\/linkoping\\\/files\\\/2022\\\/08\\\/kd_lkpg_valprogram_bg.jpg\",\"datePublished\":\"2022-06-21T13:10:45+00:00\",\"dateModified\":\"2022-08-17T07:56:36+00:00\",\"breadcrumb\":{\"@id\":\"https:\\\/\\\/wp.kristdemokraterna.se\\\/linkoping\\\/valet-2022\\\/kristdemokraternas-valprogram-2022\\\/#breadcrumb\"},\"inLanguage\":\"sv-SE\",\"potentialAction\":[{\"@type\":\"ReadAction\",\"target\":[\"https:\\\/\\\/wp.kristdemokraterna.se\\\/linkoping\\\/valet-2022\\\/kristdemokraternas-valprogram-2022\\\/\"]}]},{\"@type\":\"ImageObject\",\"inLanguage\":\"sv-SE\",\"@id\":\"https:\\\/\\\/wp.kristdemokraterna.se\\\/linkoping\\\/valet-2022\\\/kristdemokraternas-valprogram-2022\\\/#primaryimage\",\"url\":\"https:\\\/\\\/wp.kristdemokraterna.se\\\/linkoping\\\/files\\\/2022\\\/08\\\/kd_lkpg_valprogram_bg.jpg\",\"contentUrl\":\"https:\\\/\\\/wp.kristdemokraterna.se\\\/linkoping\\\/files\\\/2022\\\/08\\\/kd_lkpg_valprogram_bg.jpg\",\"width\":1600,\"height\":1068},{\"@type\":\"BreadcrumbList\",\"@id\":\"https:\\\/\\\/wp.kristdemokraterna.se\\\/linkoping\\\/valet-2022\\\/kristdemokraternas-valprogram-2022\\\/#breadcrumb\",\"itemListElement\":[{\"@type\":\"ListItem\",\"position\":1,\"name\":\"Hem\",\"item\":\"https:\\\/\\\/wp.kristdemokraterna.se\\\/linkoping\\\/\"},{\"@type\":\"ListItem\",\"position\":2,\"name\":\"Valet 2022\",\"item\":\"https:\\\/\\\/wp.kristdemokraterna.se\\\/linkoping\\\/valet-2022\\\/\"},{\"@type\":\"ListItem\",\"position\":3,\"name\":\"Kristdemokraternas valprogram 2022\"}]},{\"@type\":\"WebSite\",\"@id\":\"https:\\\/\\\/wp.kristdemokraterna.se\\\/linkoping\\\/#website\",\"url\":\"https:\\\/\\\/wp.kristdemokraterna.se\\\/linkoping\\\/\",\"name\":\"Kristdemokraterna i Link\u00f6ping\",\"description\":\"\",\"inLanguage\":\"sv-SE\"}]}<\/script>\n<!-- \/ Yoast SEO plugin. -->","yoast_head_json":{"title":"Kristdemokraternas valprogram 2022 - Kristdemokraterna i Link\u00f6ping","robots":{"index":"index","follow":"follow","max-snippet":"max-snippet:-1","max-image-preview":"max-image-preview:large","max-video-preview":"max-video-preview:-1"},"canonical":"https:\/\/wp.kristdemokraterna.se\/linkoping\/valet-2022\/kristdemokraternas-valprogram-2022\/","og_locale":"sv_SE","og_type":"article","og_title":"Kristdemokraternas valprogram 2022 - Kristdemokraterna i Link\u00f6ping","og_description":"FO\u0308R VARJE LINKO\u0308PINGSBO I Linko\u0308ping ga\u030ar utvecklingen a\u030at ra\u0308tt ha\u030all pa\u030a ma\u030anga omra\u030aden. Vi har ho\u0308g fart i bostadsbyggandet och vi har fattat beslut om viktiga stadsbyggnadsprojekt sa\u030asom utveckling av Berga Centrum och Ullevileden. Arbetslo\u0308sheten ha\u030aller sig pa\u030a en la\u030ag niva\u030a ja\u0308mfo\u0308rt med andra kommuner, det ger goda fo\u0308rutsa\u0308ttningar info\u0308r framtiden, men det inneba\u0308r inte Read More","og_url":"https:\/\/wp.kristdemokraterna.se\/linkoping\/valet-2022\/kristdemokraternas-valprogram-2022\/","og_site_name":"Kristdemokraterna i Link\u00f6ping","article_modified_time":"2022-08-17T07:56:36+00:00","og_image":[{"url":"https:\/\/wp.kristdemokraterna.se\/linkoping\/files\/2022\/08\/kd_lkpg_valprogram_bg.jpg","type":"","width":"","height":""}],"twitter_card":"summary_large_image","twitter_misc":{"Ber\u00e4knad l\u00e4stid":"2 minuter"},"schema":{"@context":"https:\/\/schema.org","@graph":[{"@type":"WebPage","@id":"https:\/\/wp.kristdemokraterna.se\/linkoping\/valet-2022\/kristdemokraternas-valprogram-2022\/","url":"https:\/\/wp.kristdemokraterna.se\/linkoping\/valet-2022\/kristdemokraternas-valprogram-2022\/","name":"Kristdemokraternas valprogram 2022 - Kristdemokraterna i Link\u00f6ping","isPartOf":{"@id":"https:\/\/wp.kristdemokraterna.se\/linkoping\/#website"},"primaryImageOfPage":{"@id":"https:\/\/wp.kristdemokraterna.se\/linkoping\/valet-2022\/kristdemokraternas-valprogram-2022\/#primaryimage"},"image":{"@id":"https:\/\/wp.kristdemokraterna.se\/linkoping\/valet-2022\/kristdemokraternas-valprogram-2022\/#primaryimage"},"thumbnailUrl":"https:\/\/wp.kristdemokraterna.se\/linkoping\/files\/2022\/08\/kd_lkpg_valprogram_bg.jpg","datePublished":"2022-06-21T13:10:45+00:00","dateModified":"2022-08-17T07:56:36+00:00","breadcrumb":{"@id":"https:\/\/wp.kristdemokraterna.se\/linkoping\/valet-2022\/kristdemokraternas-valprogram-2022\/#breadcrumb"},"inLanguage":"sv-SE","potentialAction":[{"@type":"ReadAction","target":["https:\/\/wp.kristdemokraterna.se\/linkoping\/valet-2022\/kristdemokraternas-valprogram-2022\/"]}]},{"@type":"ImageObject","inLanguage":"sv-SE","@id":"https:\/\/wp.kristdemokraterna.se\/linkoping\/valet-2022\/kristdemokraternas-valprogram-2022\/#primaryimage","url":"https:\/\/wp.kristdemokraterna.se\/linkoping\/files\/2022\/08\/kd_lkpg_valprogram_bg.jpg","contentUrl":"https:\/\/wp.kristdemokraterna.se\/linkoping\/files\/2022\/08\/kd_lkpg_valprogram_bg.jpg","width":1600,"height":1068},{"@type":"BreadcrumbList","@id":"https:\/\/wp.kristdemokraterna.se\/linkoping\/valet-2022\/kristdemokraternas-valprogram-2022\/#breadcrumb","itemListElement":[{"@type":"ListItem","position":1,"name":"Hem","item":"https:\/\/wp.kristdemokraterna.se\/linkoping\/"},{"@type":"ListItem","position":2,"name":"Valet 2022","item":"https:\/\/wp.kristdemokraterna.se\/linkoping\/valet-2022\/"},{"@type":"ListItem","position":3,"name":"Kristdemokraternas valprogram 2022"}]},{"@type":"WebSite","@id":"https:\/\/wp.kristdemokraterna.se\/linkoping\/#website","url":"https:\/\/wp.kristdemokraterna.se\/linkoping\/","name":"Kristdemokraterna i Link\u00f6ping","description":"","inLanguage":"sv-SE"}]}},"_links":{"self":[{"href":"https:\/\/wp.kristdemokraterna.se\/linkoping\/wp-json\/wp\/v2\/pages\/2306","targetHints":{"allow":["GET"]}}],"collection":[{"href":"https:\/\/wp.kristdemokraterna.se\/linkoping\/wp-json\/wp\/v2\/pages"}],"about":[{"href":"https:\/\/wp.kristdemokraterna.se\/linkoping\/wp-json\/wp\/v2\/types\/page"}],"author":[{"embeddable":true,"href":"https:\/\/wp.kristdemokraterna.se\/linkoping\/wp-json\/wp\/v2\/users\/410"}],"replies":[{"embeddable":true,"href":"https:\/\/wp.kristdemokraterna.se\/linkoping\/wp-json\/wp\/v2\/comments?post=2306"}],"version-history":[{"count":35,"href":"https:\/\/wp.kristdemokraterna.se\/linkoping\/wp-json\/wp\/v2\/pages\/2306\/revisions"}],"predecessor-version":[{"id":2436,"href":"https:\/\/wp.kristdemokraterna.se\/linkoping\/wp-json\/wp\/v2\/pages\/2306\/revisions\/2436"}],"up":[{"embeddable":true,"href":"https:\/\/wp.kristdemokraterna.se\/linkoping\/wp-json\/wp\/v2\/pages\/1858"}],"wp:attachment":[{"href":"https:\/\/wp.kristdemokraterna.se\/linkoping\/wp-json\/wp\/v2\/media?parent=2306"}],"curies":[{"name":"wp","href":"https:\/\/api.w.org\/{rel}","templated":true}]}}