{"id":2316,"date":"2022-06-15T08:05:29","date_gmt":"2022-06-15T06:05:29","guid":{"rendered":"https:\/\/wp.kristdemokraterna.se\/linkoping\/?page_id=2316"},"modified":"2022-06-22T08:32:50","modified_gmt":"2022-06-22T06:32:50","slug":"kd-sommaravslutning-i-vidingsjo","status":"publish","type":"page","link":"https:\/\/wp.kristdemokraterna.se\/linkoping\/valet-2022\/kd-sommaravslutning-i-vidingsjo\/","title":{"rendered":"KD Sommaravslutning i Vidingsj\u00f6"},"content":{"rendered":"<p><img loading=\"lazy\" decoding=\"async\" class=\"alignnone size-full wp-image-2317\" src=\"https:\/\/wp.kristdemokraterna.se\/linkoping\/files\/2022\/06\/dsc_0730.jpg\" alt=\"\" width=\"1600\" height=\"1068\" srcset=\"https:\/\/wp.kristdemokraterna.se\/linkoping\/files\/2022\/06\/dsc_0730.jpg 1600w, https:\/\/wp.kristdemokraterna.se\/linkoping\/files\/2022\/06\/dsc_0730-300x200.jpg 300w, https:\/\/wp.kristdemokraterna.se\/linkoping\/files\/2022\/06\/dsc_0730-540x360.jpg 540w, https:\/\/wp.kristdemokraterna.se\/linkoping\/files\/2022\/06\/dsc_0730-768x513.jpg 768w, https:\/\/wp.kristdemokraterna.se\/linkoping\/files\/2022\/06\/dsc_0730-1536x1025.jpg 1536w, https:\/\/wp.kristdemokraterna.se\/linkoping\/files\/2022\/06\/dsc_0730-370x247.jpg 370w, https:\/\/wp.kristdemokraterna.se\/linkoping\/files\/2022\/06\/dsc_0730-770x514.jpg 770w, https:\/\/wp.kristdemokraterna.se\/linkoping\/files\/2022\/06\/dsc_0730-450x300.jpg 450w, https:\/\/wp.kristdemokraterna.se\/linkoping\/files\/2022\/06\/dsc_0730-280x187.jpg 280w, https:\/\/wp.kristdemokraterna.se\/linkoping\/files\/2022\/06\/dsc_0730-340x227.jpg 340w, https:\/\/wp.kristdemokraterna.se\/linkoping\/files\/2022\/06\/dsc_0730-200x134.jpg 200w, https:\/\/wp.kristdemokraterna.se\/linkoping\/files\/2022\/06\/dsc_0730-84x56.jpg 84w\" sizes=\"auto, (max-width: 1600px) 100vw, 1600px\" \/><\/p>\n<p>KD Link\u00f6ping genomf\u00f6rde ig\u00e5r en <strong>sommaravslutning i Vidingsj\u00f6<\/strong> motionscentrum. Den sommarvarma kv\u00e4llen inleddes med grillning och en kommunpolitisk rapport fr\u00e5n v\u00e5rt kommunalr\u00e5d Denis\u00e9 Cassel. Efter att vi tagit gruppbilder delade vi upp oss i olika team och genomf\u00f6rde en utdelningskampanj i Hjulsbro. Flygblad p\u00e5 temat s\u00e4nkt skatt var budskapet som v\u00e4ljarna fick ta del av denna g\u00e5ngen.<\/p>\n<p>Vi \u00e4r redo f\u00f6r valr\u00f6relse!<\/p>\n","protected":false},"excerpt":{"rendered":"<p>KD Link\u00f6ping genomf\u00f6rde ig\u00e5r en sommaravslutning i Vidingsj\u00f6 motionscentrum. Den sommarvarma kv\u00e4llen inleddes med grillning och en kommunpolitisk rapport fr\u00e5n v\u00e5rt kommunalr\u00e5d Denis\u00e9 Cassel. Efter att vi tagit gruppbilder delade vi upp oss i olika team och genomf\u00f6rde en utdelningskampanj i Hjulsbro. Flygblad p\u00e5 temat s\u00e4nkt skatt var budskapet som v\u00e4ljarna fick ta del av <a class=\"read-more-link\" href=\"https:\/\/wp.kristdemokraterna.se\/linkoping\/valet-2022\/kd-sommaravslutning-i-vidingsjo\/\">Read More<\/a><\/p>\n","protected":false},"author":410,"featured_media":0,"parent":1858,"menu_order":0,"comment_status":"closed","ping_status":"closed","template":"page.php","meta":{"_acf_changed":false,"footnotes":""},"class_list":["post-2316","page","type-page","status-publish","hentry"],"acf":[],"yoast_head":"<!-- This site is optimized with the Yoast SEO plugin v27.4 - https:\/\/yoast.com\/product\/yoast-seo-wordpress\/ -->\n<title>KD Sommaravslutning i Vidingsj\u00f6 - Kristdemokraterna i Link\u00f6ping<\/title>\n<meta name=\"robots\" content=\"index, follow, max-snippet:-1, max-image-preview:large, max-video-preview:-1\" \/>\n<link rel=\"canonical\" href=\"https:\/\/wp.kristdemokraterna.se\/linkoping\/valet-2022\/kd-sommaravslutning-i-vidingsjo\/\" \/>\n<meta property=\"og:locale\" content=\"sv_SE\" \/>\n<meta property=\"og:type\" content=\"article\" \/>\n<meta property=\"og:title\" content=\"KD Sommaravslutning i Vidingsj\u00f6 - Kristdemokraterna i Link\u00f6ping\" \/>\n<meta property=\"og:description\" content=\"KD Link\u00f6ping genomf\u00f6rde ig\u00e5r en sommaravslutning i Vidingsj\u00f6 motionscentrum. Den sommarvarma kv\u00e4llen inleddes med grillning och en kommunpolitisk rapport fr\u00e5n v\u00e5rt kommunalr\u00e5d Denis\u00e9 Cassel. Efter att vi tagit gruppbilder delade vi upp oss i olika team och genomf\u00f6rde en utdelningskampanj i Hjulsbro. Flygblad p\u00e5 temat s\u00e4nkt skatt var budskapet som v\u00e4ljarna fick ta del av Read More\" \/>\n<meta property=\"og:url\" content=\"https:\/\/wp.kristdemokraterna.se\/linkoping\/valet-2022\/kd-sommaravslutning-i-vidingsjo\/\" \/>\n<meta property=\"og:site_name\" content=\"Kristdemokraterna i Link\u00f6ping\" \/>\n<meta property=\"article:modified_time\" content=\"2022-06-22T06:32:50+00:00\" \/>\n<meta property=\"og:image\" content=\"https:\/\/wp.kristdemokraterna.se\/linkoping\/files\/2022\/06\/dsc_0730.jpg\" \/>\n<meta name=\"twitter:card\" content=\"summary_large_image\" \/>\n<meta name=\"twitter:label1\" content=\"Ber\u00e4knad l\u00e4stid\" \/>\n\t<meta name=\"twitter:data1\" content=\"1 minut\" \/>\n<script type=\"application\/ld+json\" class=\"yoast-schema-graph\">{\"@context\":\"https:\\\/\\\/schema.org\",\"@graph\":[{\"@type\":\"WebPage\",\"@id\":\"https:\\\/\\\/wp.kristdemokraterna.se\\\/linkoping\\\/valet-2022\\\/kd-sommaravslutning-i-vidingsjo\\\/\",\"url\":\"https:\\\/\\\/wp.kristdemokraterna.se\\\/linkoping\\\/valet-2022\\\/kd-sommaravslutning-i-vidingsjo\\\/\",\"name\":\"KD Sommaravslutning i Vidingsj\u00f6 - Kristdemokraterna i Link\u00f6ping\",\"isPartOf\":{\"@id\":\"https:\\\/\\\/wp.kristdemokraterna.se\\\/linkoping\\\/#website\"},\"primaryImageOfPage\":{\"@id\":\"https:\\\/\\\/wp.kristdemokraterna.se\\\/linkoping\\\/valet-2022\\\/kd-sommaravslutning-i-vidingsjo\\\/#primaryimage\"},\"image\":{\"@id\":\"https:\\\/\\\/wp.kristdemokraterna.se\\\/linkoping\\\/valet-2022\\\/kd-sommaravslutning-i-vidingsjo\\\/#primaryimage\"},\"thumbnailUrl\":\"https:\\\/\\\/wp.kristdemokraterna.se\\\/linkoping\\\/files\\\/2022\\\/06\\\/dsc_0730.jpg\",\"datePublished\":\"2022-06-15T06:05:29+00:00\",\"dateModified\":\"2022-06-22T06:32:50+00:00\",\"breadcrumb\":{\"@id\":\"https:\\\/\\\/wp.kristdemokraterna.se\\\/linkoping\\\/valet-2022\\\/kd-sommaravslutning-i-vidingsjo\\\/#breadcrumb\"},\"inLanguage\":\"sv-SE\",\"potentialAction\":[{\"@type\":\"ReadAction\",\"target\":[\"https:\\\/\\\/wp.kristdemokraterna.se\\\/linkoping\\\/valet-2022\\\/kd-sommaravslutning-i-vidingsjo\\\/\"]}]},{\"@type\":\"ImageObject\",\"inLanguage\":\"sv-SE\",\"@id\":\"https:\\\/\\\/wp.kristdemokraterna.se\\\/linkoping\\\/valet-2022\\\/kd-sommaravslutning-i-vidingsjo\\\/#primaryimage\",\"url\":\"https:\\\/\\\/wp.kristdemokraterna.se\\\/linkoping\\\/files\\\/2022\\\/06\\\/dsc_0730.jpg\",\"contentUrl\":\"https:\\\/\\\/wp.kristdemokraterna.se\\\/linkoping\\\/files\\\/2022\\\/06\\\/dsc_0730.jpg\",\"width\":1600,\"height\":1068},{\"@type\":\"BreadcrumbList\",\"@id\":\"https:\\\/\\\/wp.kristdemokraterna.se\\\/linkoping\\\/valet-2022\\\/kd-sommaravslutning-i-vidingsjo\\\/#breadcrumb\",\"itemListElement\":[{\"@type\":\"ListItem\",\"position\":1,\"name\":\"Hem\",\"item\":\"https:\\\/\\\/wp.kristdemokraterna.se\\\/linkoping\\\/\"},{\"@type\":\"ListItem\",\"position\":2,\"name\":\"Valet 2022\",\"item\":\"https:\\\/\\\/wp.kristdemokraterna.se\\\/linkoping\\\/valet-2022\\\/\"},{\"@type\":\"ListItem\",\"position\":3,\"name\":\"KD Sommaravslutning i Vidingsj\u00f6\"}]},{\"@type\":\"WebSite\",\"@id\":\"https:\\\/\\\/wp.kristdemokraterna.se\\\/linkoping\\\/#website\",\"url\":\"https:\\\/\\\/wp.kristdemokraterna.se\\\/linkoping\\\/\",\"name\":\"Kristdemokraterna i Link\u00f6ping\",\"description\":\"\",\"inLanguage\":\"sv-SE\"}]}<\/script>\n<!-- \/ Yoast SEO plugin. -->","yoast_head_json":{"title":"KD Sommaravslutning i Vidingsj\u00f6 - Kristdemokraterna i Link\u00f6ping","robots":{"index":"index","follow":"follow","max-snippet":"max-snippet:-1","max-image-preview":"max-image-preview:large","max-video-preview":"max-video-preview:-1"},"canonical":"https:\/\/wp.kristdemokraterna.se\/linkoping\/valet-2022\/kd-sommaravslutning-i-vidingsjo\/","og_locale":"sv_SE","og_type":"article","og_title":"KD Sommaravslutning i Vidingsj\u00f6 - Kristdemokraterna i Link\u00f6ping","og_description":"KD Link\u00f6ping genomf\u00f6rde ig\u00e5r en sommaravslutning i Vidingsj\u00f6 motionscentrum. Den sommarvarma kv\u00e4llen inleddes med grillning och en kommunpolitisk rapport fr\u00e5n v\u00e5rt kommunalr\u00e5d Denis\u00e9 Cassel. Efter att vi tagit gruppbilder delade vi upp oss i olika team och genomf\u00f6rde en utdelningskampanj i Hjulsbro. Flygblad p\u00e5 temat s\u00e4nkt skatt var budskapet som v\u00e4ljarna fick ta del av Read More","og_url":"https:\/\/wp.kristdemokraterna.se\/linkoping\/valet-2022\/kd-sommaravslutning-i-vidingsjo\/","og_site_name":"Kristdemokraterna i Link\u00f6ping","article_modified_time":"2022-06-22T06:32:50+00:00","og_image":[{"url":"https:\/\/wp.kristdemokraterna.se\/linkoping\/files\/2022\/06\/dsc_0730.jpg","type":"","width":"","height":""}],"twitter_card":"summary_large_image","twitter_misc":{"Ber\u00e4knad l\u00e4stid":"1 minut"},"schema":{"@context":"https:\/\/schema.org","@graph":[{"@type":"WebPage","@id":"https:\/\/wp.kristdemokraterna.se\/linkoping\/valet-2022\/kd-sommaravslutning-i-vidingsjo\/","url":"https:\/\/wp.kristdemokraterna.se\/linkoping\/valet-2022\/kd-sommaravslutning-i-vidingsjo\/","name":"KD Sommaravslutning i Vidingsj\u00f6 - Kristdemokraterna i Link\u00f6ping","isPartOf":{"@id":"https:\/\/wp.kristdemokraterna.se\/linkoping\/#website"},"primaryImageOfPage":{"@id":"https:\/\/wp.kristdemokraterna.se\/linkoping\/valet-2022\/kd-sommaravslutning-i-vidingsjo\/#primaryimage"},"image":{"@id":"https:\/\/wp.kristdemokraterna.se\/linkoping\/valet-2022\/kd-sommaravslutning-i-vidingsjo\/#primaryimage"},"thumbnailUrl":"https:\/\/wp.kristdemokraterna.se\/linkoping\/files\/2022\/06\/dsc_0730.jpg","datePublished":"2022-06-15T06:05:29+00:00","dateModified":"2022-06-22T06:32:50+00:00","breadcrumb":{"@id":"https:\/\/wp.kristdemokraterna.se\/linkoping\/valet-2022\/kd-sommaravslutning-i-vidingsjo\/#breadcrumb"},"inLanguage":"sv-SE","potentialAction":[{"@type":"ReadAction","target":["https:\/\/wp.kristdemokraterna.se\/linkoping\/valet-2022\/kd-sommaravslutning-i-vidingsjo\/"]}]},{"@type":"ImageObject","inLanguage":"sv-SE","@id":"https:\/\/wp.kristdemokraterna.se\/linkoping\/valet-2022\/kd-sommaravslutning-i-vidingsjo\/#primaryimage","url":"https:\/\/wp.kristdemokraterna.se\/linkoping\/files\/2022\/06\/dsc_0730.jpg","contentUrl":"https:\/\/wp.kristdemokraterna.se\/linkoping\/files\/2022\/06\/dsc_0730.jpg","width":1600,"height":1068},{"@type":"BreadcrumbList","@id":"https:\/\/wp.kristdemokraterna.se\/linkoping\/valet-2022\/kd-sommaravslutning-i-vidingsjo\/#breadcrumb","itemListElement":[{"@type":"ListItem","position":1,"name":"Hem","item":"https:\/\/wp.kristdemokraterna.se\/linkoping\/"},{"@type":"ListItem","position":2,"name":"Valet 2022","item":"https:\/\/wp.kristdemokraterna.se\/linkoping\/valet-2022\/"},{"@type":"ListItem","position":3,"name":"KD Sommaravslutning i Vidingsj\u00f6"}]},{"@type":"WebSite","@id":"https:\/\/wp.kristdemokraterna.se\/linkoping\/#website","url":"https:\/\/wp.kristdemokraterna.se\/linkoping\/","name":"Kristdemokraterna i Link\u00f6ping","description":"","inLanguage":"sv-SE"}]}},"_links":{"self":[{"href":"https:\/\/wp.kristdemokraterna.se\/linkoping\/wp-json\/wp\/v2\/pages\/2316","targetHints":{"allow":["GET"]}}],"collection":[{"href":"https:\/\/wp.kristdemokraterna.se\/linkoping\/wp-json\/wp\/v2\/pages"}],"about":[{"href":"https:\/\/wp.kristdemokraterna.se\/linkoping\/wp-json\/wp\/v2\/types\/page"}],"author":[{"embeddable":true,"href":"https:\/\/wp.kristdemokraterna.se\/linkoping\/wp-json\/wp\/v2\/users\/410"}],"replies":[{"embeddable":true,"href":"https:\/\/wp.kristdemokraterna.se\/linkoping\/wp-json\/wp\/v2\/comments?post=2316"}],"version-history":[{"count":6,"href":"https:\/\/wp.kristdemokraterna.se\/linkoping\/wp-json\/wp\/v2\/pages\/2316\/revisions"}],"predecessor-version":[{"id":2323,"href":"https:\/\/wp.kristdemokraterna.se\/linkoping\/wp-json\/wp\/v2\/pages\/2316\/revisions\/2323"}],"up":[{"embeddable":true,"href":"https:\/\/wp.kristdemokraterna.se\/linkoping\/wp-json\/wp\/v2\/pages\/1858"}],"wp:attachment":[{"href":"https:\/\/wp.kristdemokraterna.se\/linkoping\/wp-json\/wp\/v2\/media?parent=2316"}],"curies":[{"name":"wp","href":"https:\/\/api.w.org\/{rel}","templated":true}]}}