{"id":2358,"date":"2022-06-30T06:12:07","date_gmt":"2022-06-30T04:12:07","guid":{"rendered":"https:\/\/wp.kristdemokraterna.se\/linkoping\/?page_id=2358"},"modified":"2022-06-30T06:16:55","modified_gmt":"2022-06-30T04:16:55","slug":"kd-linkoping-presenterar-valloften","status":"publish","type":"page","link":"https:\/\/wp.kristdemokraterna.se\/linkoping\/valet-2022\/kd-linkoping-presenterar-valloften\/","title":{"rendered":"KD Link\u00f6ping presenterar vall\u00f6ften"},"content":{"rendered":"<div dir=\"auto\"><img loading=\"lazy\" decoding=\"async\" class=\"alignnone size-full wp-image-2356\" src=\"https:\/\/wp.kristdemokraterna.se\/linkoping\/files\/2022\/06\/denise_liselotte_pt_simons.jpg\" alt=\"\" width=\"1600\" height=\"1068\" srcset=\"https:\/\/wp.kristdemokraterna.se\/linkoping\/files\/2022\/06\/denise_liselotte_pt_simons.jpg 1600w, https:\/\/wp.kristdemokraterna.se\/linkoping\/files\/2022\/06\/denise_liselotte_pt_simons-300x200.jpg 300w, https:\/\/wp.kristdemokraterna.se\/linkoping\/files\/2022\/06\/denise_liselotte_pt_simons-540x360.jpg 540w, https:\/\/wp.kristdemokraterna.se\/linkoping\/files\/2022\/06\/denise_liselotte_pt_simons-768x513.jpg 768w, https:\/\/wp.kristdemokraterna.se\/linkoping\/files\/2022\/06\/denise_liselotte_pt_simons-1536x1025.jpg 1536w, https:\/\/wp.kristdemokraterna.se\/linkoping\/files\/2022\/06\/denise_liselotte_pt_simons-370x247.jpg 370w, https:\/\/wp.kristdemokraterna.se\/linkoping\/files\/2022\/06\/denise_liselotte_pt_simons-770x514.jpg 770w, https:\/\/wp.kristdemokraterna.se\/linkoping\/files\/2022\/06\/denise_liselotte_pt_simons-450x300.jpg 450w, https:\/\/wp.kristdemokraterna.se\/linkoping\/files\/2022\/06\/denise_liselotte_pt_simons-280x187.jpg 280w, https:\/\/wp.kristdemokraterna.se\/linkoping\/files\/2022\/06\/denise_liselotte_pt_simons-340x227.jpg 340w, https:\/\/wp.kristdemokraterna.se\/linkoping\/files\/2022\/06\/denise_liselotte_pt_simons-200x134.jpg 200w, https:\/\/wp.kristdemokraterna.se\/linkoping\/files\/2022\/06\/denise_liselotte_pt_simons-84x56.jpg 84w\" sizes=\"auto, (max-width: 1600px) 100vw, 1600px\" \/><\/div>\n<div dir=\"auto\"><\/div>\n<div class=\"cxmmr5t8 oygrvhab hcukyx3x c1et5uql o9v6fnle ii04i59q\">\n<div dir=\"auto\">\n<div class=\"cxmmr5t8 oygrvhab hcukyx3x c1et5uql o9v6fnle ii04i59q\">\n<p>&nbsp;<\/p>\n<div dir=\"auto\">Denis\u00e9 Cassel, kommunalr\u00e5d och Liselotte Fager, ordf\u00f6rande \u00e4ldren\u00e4mnden presenterade ig\u00e5r p\u00e5 en presstr\u00e4ff i Simons Rosteri &amp; Bageri delar ur KD Link\u00f6pings valprogram f\u00f6r 2022-2026. Hela valprogrammet kommer att sl\u00e4ppas efter semestern i b\u00f6rjan av augusti.<\/div>\n<\/div>\n<div class=\"cxmmr5t8 oygrvhab hcukyx3x c1et5uql o9v6fnle ii04i59q\">\n<div dir=\"auto\">\u2013 Ett av l\u00f6ftena vi g\u00e5r till val p\u00e5 i h\u00f6st \u00e4r s\u00e4nkt kommunalskatt. Vi vill st\u00e4rka Link\u00f6pings barnfamiljer och vill att de ska f\u00e5 mer kvar i pl\u00e5nboken. Vi g\u00e5r \u00e4ven till val p\u00e5 att slopa de delade turerna i \u00e4ldreomsorgen, avslutar Denis\u00e9 Cassel, Kommunalr\u00e5d (KD).<\/div>\n<\/div>\n<\/div>\n<\/div>\n","protected":false},"excerpt":{"rendered":"<p>&nbsp; Denis\u00e9 Cassel, kommunalr\u00e5d och Liselotte Fager, ordf\u00f6rande \u00e4ldren\u00e4mnden presenterade ig\u00e5r p\u00e5 en presstr\u00e4ff i Simons Rosteri &amp; Bageri delar ur KD Link\u00f6pings valprogram f\u00f6r 2022-2026. Hela valprogrammet kommer att sl\u00e4ppas efter semestern i b\u00f6rjan av augusti. \u2013 Ett av l\u00f6ftena vi g\u00e5r till val p\u00e5 i h\u00f6st \u00e4r s\u00e4nkt kommunalskatt. Vi vill st\u00e4rka Link\u00f6pings <a class=\"read-more-link\" href=\"https:\/\/wp.kristdemokraterna.se\/linkoping\/valet-2022\/kd-linkoping-presenterar-valloften\/\">Read More<\/a><\/p>\n","protected":false},"author":410,"featured_media":0,"parent":1858,"menu_order":0,"comment_status":"closed","ping_status":"closed","template":"page.php","meta":{"_acf_changed":false,"footnotes":""},"class_list":["post-2358","page","type-page","status-publish","hentry"],"acf":[],"yoast_head":"<!-- This site is optimized with the Yoast SEO plugin v27.4 - https:\/\/yoast.com\/product\/yoast-seo-wordpress\/ -->\n<title>KD Link\u00f6ping presenterar vall\u00f6ften - Kristdemokraterna i Link\u00f6ping<\/title>\n<meta name=\"robots\" content=\"index, follow, max-snippet:-1, max-image-preview:large, max-video-preview:-1\" \/>\n<link rel=\"canonical\" href=\"https:\/\/wp.kristdemokraterna.se\/linkoping\/valet-2022\/kd-linkoping-presenterar-valloften\/\" \/>\n<meta property=\"og:locale\" content=\"sv_SE\" \/>\n<meta property=\"og:type\" content=\"article\" \/>\n<meta property=\"og:title\" content=\"KD Link\u00f6ping presenterar vall\u00f6ften - Kristdemokraterna i Link\u00f6ping\" \/>\n<meta property=\"og:description\" content=\"&nbsp; Denis\u00e9 Cassel, kommunalr\u00e5d och Liselotte Fager, ordf\u00f6rande \u00e4ldren\u00e4mnden presenterade ig\u00e5r p\u00e5 en presstr\u00e4ff i Simons Rosteri &amp; Bageri delar ur KD Link\u00f6pings valprogram f\u00f6r 2022-2026. Hela valprogrammet kommer att sl\u00e4ppas efter semestern i b\u00f6rjan av augusti. \u2013 Ett av l\u00f6ftena vi g\u00e5r till val p\u00e5 i h\u00f6st \u00e4r s\u00e4nkt kommunalskatt. Vi vill st\u00e4rka Link\u00f6pings Read More\" \/>\n<meta property=\"og:url\" content=\"https:\/\/wp.kristdemokraterna.se\/linkoping\/valet-2022\/kd-linkoping-presenterar-valloften\/\" \/>\n<meta property=\"og:site_name\" content=\"Kristdemokraterna i Link\u00f6ping\" \/>\n<meta property=\"article:modified_time\" content=\"2022-06-30T04:16:55+00:00\" \/>\n<meta property=\"og:image\" content=\"https:\/\/wp.kristdemokraterna.se\/linkoping\/files\/2022\/06\/denise_liselotte_pt_simons.jpg\" \/>\n<meta name=\"twitter:card\" content=\"summary_large_image\" \/>\n<meta name=\"twitter:label1\" content=\"Ber\u00e4knad l\u00e4stid\" \/>\n\t<meta name=\"twitter:data1\" content=\"1 minut\" \/>\n<script type=\"application\/ld+json\" class=\"yoast-schema-graph\">{\"@context\":\"https:\\\/\\\/schema.org\",\"@graph\":[{\"@type\":\"WebPage\",\"@id\":\"https:\\\/\\\/wp.kristdemokraterna.se\\\/linkoping\\\/valet-2022\\\/kd-linkoping-presenterar-valloften\\\/\",\"url\":\"https:\\\/\\\/wp.kristdemokraterna.se\\\/linkoping\\\/valet-2022\\\/kd-linkoping-presenterar-valloften\\\/\",\"name\":\"KD Link\u00f6ping presenterar vall\u00f6ften - Kristdemokraterna i Link\u00f6ping\",\"isPartOf\":{\"@id\":\"https:\\\/\\\/wp.kristdemokraterna.se\\\/linkoping\\\/#website\"},\"primaryImageOfPage\":{\"@id\":\"https:\\\/\\\/wp.kristdemokraterna.se\\\/linkoping\\\/valet-2022\\\/kd-linkoping-presenterar-valloften\\\/#primaryimage\"},\"image\":{\"@id\":\"https:\\\/\\\/wp.kristdemokraterna.se\\\/linkoping\\\/valet-2022\\\/kd-linkoping-presenterar-valloften\\\/#primaryimage\"},\"thumbnailUrl\":\"https:\\\/\\\/wp.kristdemokraterna.se\\\/linkoping\\\/files\\\/2022\\\/06\\\/denise_liselotte_pt_simons.jpg\",\"datePublished\":\"2022-06-30T04:12:07+00:00\",\"dateModified\":\"2022-06-30T04:16:55+00:00\",\"breadcrumb\":{\"@id\":\"https:\\\/\\\/wp.kristdemokraterna.se\\\/linkoping\\\/valet-2022\\\/kd-linkoping-presenterar-valloften\\\/#breadcrumb\"},\"inLanguage\":\"sv-SE\",\"potentialAction\":[{\"@type\":\"ReadAction\",\"target\":[\"https:\\\/\\\/wp.kristdemokraterna.se\\\/linkoping\\\/valet-2022\\\/kd-linkoping-presenterar-valloften\\\/\"]}]},{\"@type\":\"ImageObject\",\"inLanguage\":\"sv-SE\",\"@id\":\"https:\\\/\\\/wp.kristdemokraterna.se\\\/linkoping\\\/valet-2022\\\/kd-linkoping-presenterar-valloften\\\/#primaryimage\",\"url\":\"https:\\\/\\\/wp.kristdemokraterna.se\\\/linkoping\\\/files\\\/2022\\\/06\\\/denise_liselotte_pt_simons.jpg\",\"contentUrl\":\"https:\\\/\\\/wp.kristdemokraterna.se\\\/linkoping\\\/files\\\/2022\\\/06\\\/denise_liselotte_pt_simons.jpg\",\"width\":1600,\"height\":1068},{\"@type\":\"BreadcrumbList\",\"@id\":\"https:\\\/\\\/wp.kristdemokraterna.se\\\/linkoping\\\/valet-2022\\\/kd-linkoping-presenterar-valloften\\\/#breadcrumb\",\"itemListElement\":[{\"@type\":\"ListItem\",\"position\":1,\"name\":\"Hem\",\"item\":\"https:\\\/\\\/wp.kristdemokraterna.se\\\/linkoping\\\/\"},{\"@type\":\"ListItem\",\"position\":2,\"name\":\"Valet 2022\",\"item\":\"https:\\\/\\\/wp.kristdemokraterna.se\\\/linkoping\\\/valet-2022\\\/\"},{\"@type\":\"ListItem\",\"position\":3,\"name\":\"KD Link\u00f6ping presenterar vall\u00f6ften\"}]},{\"@type\":\"WebSite\",\"@id\":\"https:\\\/\\\/wp.kristdemokraterna.se\\\/linkoping\\\/#website\",\"url\":\"https:\\\/\\\/wp.kristdemokraterna.se\\\/linkoping\\\/\",\"name\":\"Kristdemokraterna i Link\u00f6ping\",\"description\":\"\",\"inLanguage\":\"sv-SE\"}]}<\/script>\n<!-- \/ Yoast SEO plugin. -->","yoast_head_json":{"title":"KD Link\u00f6ping presenterar vall\u00f6ften - Kristdemokraterna i Link\u00f6ping","robots":{"index":"index","follow":"follow","max-snippet":"max-snippet:-1","max-image-preview":"max-image-preview:large","max-video-preview":"max-video-preview:-1"},"canonical":"https:\/\/wp.kristdemokraterna.se\/linkoping\/valet-2022\/kd-linkoping-presenterar-valloften\/","og_locale":"sv_SE","og_type":"article","og_title":"KD Link\u00f6ping presenterar vall\u00f6ften - Kristdemokraterna i Link\u00f6ping","og_description":"&nbsp; Denis\u00e9 Cassel, kommunalr\u00e5d och Liselotte Fager, ordf\u00f6rande \u00e4ldren\u00e4mnden presenterade ig\u00e5r p\u00e5 en presstr\u00e4ff i Simons Rosteri &amp; Bageri delar ur KD Link\u00f6pings valprogram f\u00f6r 2022-2026. Hela valprogrammet kommer att sl\u00e4ppas efter semestern i b\u00f6rjan av augusti. \u2013 Ett av l\u00f6ftena vi g\u00e5r till val p\u00e5 i h\u00f6st \u00e4r s\u00e4nkt kommunalskatt. Vi vill st\u00e4rka Link\u00f6pings Read More","og_url":"https:\/\/wp.kristdemokraterna.se\/linkoping\/valet-2022\/kd-linkoping-presenterar-valloften\/","og_site_name":"Kristdemokraterna i Link\u00f6ping","article_modified_time":"2022-06-30T04:16:55+00:00","og_image":[{"url":"https:\/\/wp.kristdemokraterna.se\/linkoping\/files\/2022\/06\/denise_liselotte_pt_simons.jpg","type":"","width":"","height":""}],"twitter_card":"summary_large_image","twitter_misc":{"Ber\u00e4knad l\u00e4stid":"1 minut"},"schema":{"@context":"https:\/\/schema.org","@graph":[{"@type":"WebPage","@id":"https:\/\/wp.kristdemokraterna.se\/linkoping\/valet-2022\/kd-linkoping-presenterar-valloften\/","url":"https:\/\/wp.kristdemokraterna.se\/linkoping\/valet-2022\/kd-linkoping-presenterar-valloften\/","name":"KD Link\u00f6ping presenterar vall\u00f6ften - Kristdemokraterna i Link\u00f6ping","isPartOf":{"@id":"https:\/\/wp.kristdemokraterna.se\/linkoping\/#website"},"primaryImageOfPage":{"@id":"https:\/\/wp.kristdemokraterna.se\/linkoping\/valet-2022\/kd-linkoping-presenterar-valloften\/#primaryimage"},"image":{"@id":"https:\/\/wp.kristdemokraterna.se\/linkoping\/valet-2022\/kd-linkoping-presenterar-valloften\/#primaryimage"},"thumbnailUrl":"https:\/\/wp.kristdemokraterna.se\/linkoping\/files\/2022\/06\/denise_liselotte_pt_simons.jpg","datePublished":"2022-06-30T04:12:07+00:00","dateModified":"2022-06-30T04:16:55+00:00","breadcrumb":{"@id":"https:\/\/wp.kristdemokraterna.se\/linkoping\/valet-2022\/kd-linkoping-presenterar-valloften\/#breadcrumb"},"inLanguage":"sv-SE","potentialAction":[{"@type":"ReadAction","target":["https:\/\/wp.kristdemokraterna.se\/linkoping\/valet-2022\/kd-linkoping-presenterar-valloften\/"]}]},{"@type":"ImageObject","inLanguage":"sv-SE","@id":"https:\/\/wp.kristdemokraterna.se\/linkoping\/valet-2022\/kd-linkoping-presenterar-valloften\/#primaryimage","url":"https:\/\/wp.kristdemokraterna.se\/linkoping\/files\/2022\/06\/denise_liselotte_pt_simons.jpg","contentUrl":"https:\/\/wp.kristdemokraterna.se\/linkoping\/files\/2022\/06\/denise_liselotte_pt_simons.jpg","width":1600,"height":1068},{"@type":"BreadcrumbList","@id":"https:\/\/wp.kristdemokraterna.se\/linkoping\/valet-2022\/kd-linkoping-presenterar-valloften\/#breadcrumb","itemListElement":[{"@type":"ListItem","position":1,"name":"Hem","item":"https:\/\/wp.kristdemokraterna.se\/linkoping\/"},{"@type":"ListItem","position":2,"name":"Valet 2022","item":"https:\/\/wp.kristdemokraterna.se\/linkoping\/valet-2022\/"},{"@type":"ListItem","position":3,"name":"KD Link\u00f6ping presenterar vall\u00f6ften"}]},{"@type":"WebSite","@id":"https:\/\/wp.kristdemokraterna.se\/linkoping\/#website","url":"https:\/\/wp.kristdemokraterna.se\/linkoping\/","name":"Kristdemokraterna i Link\u00f6ping","description":"","inLanguage":"sv-SE"}]}},"_links":{"self":[{"href":"https:\/\/wp.kristdemokraterna.se\/linkoping\/wp-json\/wp\/v2\/pages\/2358","targetHints":{"allow":["GET"]}}],"collection":[{"href":"https:\/\/wp.kristdemokraterna.se\/linkoping\/wp-json\/wp\/v2\/pages"}],"about":[{"href":"https:\/\/wp.kristdemokraterna.se\/linkoping\/wp-json\/wp\/v2\/types\/page"}],"author":[{"embeddable":true,"href":"https:\/\/wp.kristdemokraterna.se\/linkoping\/wp-json\/wp\/v2\/users\/410"}],"replies":[{"embeddable":true,"href":"https:\/\/wp.kristdemokraterna.se\/linkoping\/wp-json\/wp\/v2\/comments?post=2358"}],"version-history":[{"count":5,"href":"https:\/\/wp.kristdemokraterna.se\/linkoping\/wp-json\/wp\/v2\/pages\/2358\/revisions"}],"predecessor-version":[{"id":2365,"href":"https:\/\/wp.kristdemokraterna.se\/linkoping\/wp-json\/wp\/v2\/pages\/2358\/revisions\/2365"}],"up":[{"embeddable":true,"href":"https:\/\/wp.kristdemokraterna.se\/linkoping\/wp-json\/wp\/v2\/pages\/1858"}],"wp:attachment":[{"href":"https:\/\/wp.kristdemokraterna.se\/linkoping\/wp-json\/wp\/v2\/media?parent=2358"}],"curies":[{"name":"wp","href":"https:\/\/api.w.org\/{rel}","templated":true}]}}