{"id":2384,"date":"2022-07-22T11:48:45","date_gmt":"2022-07-22T09:48:45","guid":{"rendered":"https:\/\/wp.kristdemokraterna.se\/linkoping\/?page_id=2384"},"modified":"2022-08-16T07:48:01","modified_gmt":"2022-08-16T05:48:01","slug":"nyfiken-pa-vem-du-kan-rosta-pa-i-kommunvalet","status":"publish","type":"page","link":"https:\/\/wp.kristdemokraterna.se\/linkoping\/valet-2022\/nyfiken-pa-vem-du-kan-rosta-pa-i-kommunvalet\/","title":{"rendered":"Nyfiken p\u00e5 vem du kan r\u00f6sta p\u00e5 i kommunvalet?"},"content":{"rendered":"<p><img loading=\"lazy\" decoding=\"async\" class=\"alignnone size-full wp-image-2382\" src=\"https:\/\/wp.kristdemokraterna.se\/linkoping\/files\/2022\/07\/valsedel_lkpg_kommunvalet_2022.jpg\" alt=\"\" width=\"1600\" height=\"1068\" srcset=\"https:\/\/wp.kristdemokraterna.se\/linkoping\/files\/2022\/07\/valsedel_lkpg_kommunvalet_2022.jpg 1600w, https:\/\/wp.kristdemokraterna.se\/linkoping\/files\/2022\/07\/valsedel_lkpg_kommunvalet_2022-300x200.jpg 300w, https:\/\/wp.kristdemokraterna.se\/linkoping\/files\/2022\/07\/valsedel_lkpg_kommunvalet_2022-540x360.jpg 540w, https:\/\/wp.kristdemokraterna.se\/linkoping\/files\/2022\/07\/valsedel_lkpg_kommunvalet_2022-768x513.jpg 768w, https:\/\/wp.kristdemokraterna.se\/linkoping\/files\/2022\/07\/valsedel_lkpg_kommunvalet_2022-1536x1025.jpg 1536w, https:\/\/wp.kristdemokraterna.se\/linkoping\/files\/2022\/07\/valsedel_lkpg_kommunvalet_2022-370x247.jpg 370w, https:\/\/wp.kristdemokraterna.se\/linkoping\/files\/2022\/07\/valsedel_lkpg_kommunvalet_2022-770x514.jpg 770w, https:\/\/wp.kristdemokraterna.se\/linkoping\/files\/2022\/07\/valsedel_lkpg_kommunvalet_2022-450x300.jpg 450w, https:\/\/wp.kristdemokraterna.se\/linkoping\/files\/2022\/07\/valsedel_lkpg_kommunvalet_2022-280x187.jpg 280w, https:\/\/wp.kristdemokraterna.se\/linkoping\/files\/2022\/07\/valsedel_lkpg_kommunvalet_2022-340x227.jpg 340w, https:\/\/wp.kristdemokraterna.se\/linkoping\/files\/2022\/07\/valsedel_lkpg_kommunvalet_2022-200x134.jpg 200w, https:\/\/wp.kristdemokraterna.se\/linkoping\/files\/2022\/07\/valsedel_lkpg_kommunvalet_2022-84x56.jpg 84w\" sizes=\"auto, (max-width: 1600px) 100vw, 1600px\" \/><\/p>\n<p><strong>Kristdemokraterna i Link\u00f6pings kommunlista<\/strong> inf\u00f6r h\u00f6stens val \u00e4r spikad sedan en tid tillbaka. Vi har en bra bredd bland v\u00e5ra kandidater, blandad kompetens, \u00e5lder, k\u00f6n etc. Flera nya namn finns ocks\u00e5 med p\u00e5 listan som toppas av v\u00e5rt kommunalr\u00e5d Denis\u00e9 Cassel. D\u00e4refter f\u00f6ljer Liselotte Fager, ordf\u00f6rande i \u00e4ldren\u00e4mnden och p\u00e5 tredje plats Lars Rox\u00e5, ers\u00e4ttare i \u00e4ldren\u00e4mnden.<\/p>\n<p>H\u00e4r f\u00f6ljer kommunlistan i sin helhet:<\/p>\n<p><img loading=\"lazy\" decoding=\"async\" class=\"alignnone size-full wp-image-2383\" src=\"https:\/\/wp.kristdemokraterna.se\/linkoping\/files\/2022\/07\/valsedel_lkpg_bg-scaled.jpg\" alt=\"\" width=\"1810\" height=\"2560\" srcset=\"https:\/\/wp.kristdemokraterna.se\/linkoping\/files\/2022\/07\/valsedel_lkpg_bg-scaled.jpg 1810w, https:\/\/wp.kristdemokraterna.se\/linkoping\/files\/2022\/07\/valsedel_lkpg_bg-212x300.jpg 212w, https:\/\/wp.kristdemokraterna.se\/linkoping\/files\/2022\/07\/valsedel_lkpg_bg-382x540.jpg 382w, https:\/\/wp.kristdemokraterna.se\/linkoping\/files\/2022\/07\/valsedel_lkpg_bg-768x1086.jpg 768w, https:\/\/wp.kristdemokraterna.se\/linkoping\/files\/2022\/07\/valsedel_lkpg_bg-1086x1536.jpg 1086w, https:\/\/wp.kristdemokraterna.se\/linkoping\/files\/2022\/07\/valsedel_lkpg_bg-1448x2048.jpg 1448w, https:\/\/wp.kristdemokraterna.se\/linkoping\/files\/2022\/07\/valsedel_lkpg_bg-141x200.jpg 141w, https:\/\/wp.kristdemokraterna.se\/linkoping\/files\/2022\/07\/valsedel_lkpg_bg-370x523.jpg 370w, https:\/\/wp.kristdemokraterna.se\/linkoping\/files\/2022\/07\/valsedel_lkpg_bg-770x1089.jpg 770w, https:\/\/wp.kristdemokraterna.se\/linkoping\/files\/2022\/07\/valsedel_lkpg_bg-450x637.jpg 450w, https:\/\/wp.kristdemokraterna.se\/linkoping\/files\/2022\/07\/valsedel_lkpg_bg-280x396.jpg 280w, https:\/\/wp.kristdemokraterna.se\/linkoping\/files\/2022\/07\/valsedel_lkpg_bg-340x481.jpg 340w, https:\/\/wp.kristdemokraterna.se\/linkoping\/files\/2022\/07\/valsedel_lkpg_bg-40x56.jpg 40w\" sizes=\"auto, (max-width: 1810px) 100vw, 1810px\" \/><\/p>\n<p><strong>Ladda ner<\/strong>\u00a0KD Link\u00f6pings kommunlista h\u00e4r:<\/p>\n<p><a href=\"https:\/\/wp.kristdemokraterna.se\/linkoping\/files\/2022\/07\/kd_lkpg_kommunlista_val_2022.pdf\" target=\"_blank\" rel=\"noopener\"><img loading=\"lazy\" decoding=\"async\" class=\"alignnone wp-image-2397\" src=\"https:\/\/wp.kristdemokraterna.se\/linkoping\/files\/2022\/07\/pdf_icon-150x150.png\" alt=\"\" width=\"100\" height=\"100\" srcset=\"https:\/\/wp.kristdemokraterna.se\/linkoping\/files\/2022\/07\/pdf_icon-150x150.png 150w, https:\/\/wp.kristdemokraterna.se\/linkoping\/files\/2022\/07\/pdf_icon-300x300.png 300w, https:\/\/wp.kristdemokraterna.se\/linkoping\/files\/2022\/07\/pdf_icon-200x200.png 200w, https:\/\/wp.kristdemokraterna.se\/linkoping\/files\/2022\/07\/pdf_icon-370x370.png 370w, https:\/\/wp.kristdemokraterna.se\/linkoping\/files\/2022\/07\/pdf_icon-90x90.png 90w, https:\/\/wp.kristdemokraterna.se\/linkoping\/files\/2022\/07\/pdf_icon-450x450.png 450w, https:\/\/wp.kristdemokraterna.se\/linkoping\/files\/2022\/07\/pdf_icon-280x280.png 280w, https:\/\/wp.kristdemokraterna.se\/linkoping\/files\/2022\/07\/pdf_icon-340x340.png 340w, https:\/\/wp.kristdemokraterna.se\/linkoping\/files\/2022\/07\/pdf_icon-56x56.png 56w, https:\/\/wp.kristdemokraterna.se\/linkoping\/files\/2022\/07\/pdf_icon.png 512w\" sizes=\"auto, (max-width: 100px) 100vw, 100px\" \/><\/a><\/p>\n","protected":false},"excerpt":{"rendered":"<p>Kristdemokraterna i Link\u00f6pings kommunlista inf\u00f6r h\u00f6stens val \u00e4r spikad sedan en tid tillbaka. Vi har en bra bredd bland v\u00e5ra kandidater, blandad kompetens, \u00e5lder, k\u00f6n etc. Flera nya namn finns ocks\u00e5 med p\u00e5 listan som toppas av v\u00e5rt kommunalr\u00e5d Denis\u00e9 Cassel. D\u00e4refter f\u00f6ljer Liselotte Fager, ordf\u00f6rande i \u00e4ldren\u00e4mnden och p\u00e5 tredje plats Lars Rox\u00e5, ers\u00e4ttare <a class=\"read-more-link\" href=\"https:\/\/wp.kristdemokraterna.se\/linkoping\/valet-2022\/nyfiken-pa-vem-du-kan-rosta-pa-i-kommunvalet\/\">Read More<\/a><\/p>\n","protected":false},"author":410,"featured_media":0,"parent":1858,"menu_order":0,"comment_status":"closed","ping_status":"closed","template":"page.php","meta":{"_acf_changed":false,"footnotes":""},"class_list":["post-2384","page","type-page","status-publish","hentry"],"acf":[],"yoast_head":"<!-- This site is optimized with the Yoast SEO plugin v27.4 - https:\/\/yoast.com\/product\/yoast-seo-wordpress\/ -->\n<title>Nyfiken p\u00e5 vem du kan r\u00f6sta p\u00e5 i kommunvalet? - Kristdemokraterna i Link\u00f6ping<\/title>\n<meta name=\"robots\" content=\"index, follow, max-snippet:-1, max-image-preview:large, max-video-preview:-1\" \/>\n<link rel=\"canonical\" href=\"https:\/\/wp.kristdemokraterna.se\/linkoping\/valet-2022\/nyfiken-pa-vem-du-kan-rosta-pa-i-kommunvalet\/\" \/>\n<meta property=\"og:locale\" content=\"sv_SE\" \/>\n<meta property=\"og:type\" content=\"article\" \/>\n<meta property=\"og:title\" content=\"Nyfiken p\u00e5 vem du kan r\u00f6sta p\u00e5 i kommunvalet? - Kristdemokraterna i Link\u00f6ping\" \/>\n<meta property=\"og:description\" content=\"Kristdemokraterna i Link\u00f6pings kommunlista inf\u00f6r h\u00f6stens val \u00e4r spikad sedan en tid tillbaka. Vi har en bra bredd bland v\u00e5ra kandidater, blandad kompetens, \u00e5lder, k\u00f6n etc. Flera nya namn finns ocks\u00e5 med p\u00e5 listan som toppas av v\u00e5rt kommunalr\u00e5d Denis\u00e9 Cassel. D\u00e4refter f\u00f6ljer Liselotte Fager, ordf\u00f6rande i \u00e4ldren\u00e4mnden och p\u00e5 tredje plats Lars Rox\u00e5, ers\u00e4ttare Read More\" \/>\n<meta property=\"og:url\" content=\"https:\/\/wp.kristdemokraterna.se\/linkoping\/valet-2022\/nyfiken-pa-vem-du-kan-rosta-pa-i-kommunvalet\/\" \/>\n<meta property=\"og:site_name\" content=\"Kristdemokraterna i Link\u00f6ping\" \/>\n<meta property=\"article:modified_time\" content=\"2022-08-16T05:48:01+00:00\" \/>\n<meta property=\"og:image\" content=\"https:\/\/wp.kristdemokraterna.se\/linkoping\/files\/2022\/07\/valsedel_lkpg_kommunvalet_2022.jpg\" \/>\n<meta name=\"twitter:card\" content=\"summary_large_image\" \/>\n<meta name=\"twitter:label1\" content=\"Ber\u00e4knad l\u00e4stid\" \/>\n\t<meta name=\"twitter:data1\" content=\"1 minut\" \/>\n<script type=\"application\/ld+json\" class=\"yoast-schema-graph\">{\"@context\":\"https:\\\/\\\/schema.org\",\"@graph\":[{\"@type\":\"WebPage\",\"@id\":\"https:\\\/\\\/wp.kristdemokraterna.se\\\/linkoping\\\/valet-2022\\\/nyfiken-pa-vem-du-kan-rosta-pa-i-kommunvalet\\\/\",\"url\":\"https:\\\/\\\/wp.kristdemokraterna.se\\\/linkoping\\\/valet-2022\\\/nyfiken-pa-vem-du-kan-rosta-pa-i-kommunvalet\\\/\",\"name\":\"Nyfiken p\u00e5 vem du kan r\u00f6sta p\u00e5 i kommunvalet? - Kristdemokraterna i Link\u00f6ping\",\"isPartOf\":{\"@id\":\"https:\\\/\\\/wp.kristdemokraterna.se\\\/linkoping\\\/#website\"},\"primaryImageOfPage\":{\"@id\":\"https:\\\/\\\/wp.kristdemokraterna.se\\\/linkoping\\\/valet-2022\\\/nyfiken-pa-vem-du-kan-rosta-pa-i-kommunvalet\\\/#primaryimage\"},\"image\":{\"@id\":\"https:\\\/\\\/wp.kristdemokraterna.se\\\/linkoping\\\/valet-2022\\\/nyfiken-pa-vem-du-kan-rosta-pa-i-kommunvalet\\\/#primaryimage\"},\"thumbnailUrl\":\"https:\\\/\\\/wp.kristdemokraterna.se\\\/linkoping\\\/files\\\/2022\\\/07\\\/valsedel_lkpg_kommunvalet_2022.jpg\",\"datePublished\":\"2022-07-22T09:48:45+00:00\",\"dateModified\":\"2022-08-16T05:48:01+00:00\",\"breadcrumb\":{\"@id\":\"https:\\\/\\\/wp.kristdemokraterna.se\\\/linkoping\\\/valet-2022\\\/nyfiken-pa-vem-du-kan-rosta-pa-i-kommunvalet\\\/#breadcrumb\"},\"inLanguage\":\"sv-SE\",\"potentialAction\":[{\"@type\":\"ReadAction\",\"target\":[\"https:\\\/\\\/wp.kristdemokraterna.se\\\/linkoping\\\/valet-2022\\\/nyfiken-pa-vem-du-kan-rosta-pa-i-kommunvalet\\\/\"]}]},{\"@type\":\"ImageObject\",\"inLanguage\":\"sv-SE\",\"@id\":\"https:\\\/\\\/wp.kristdemokraterna.se\\\/linkoping\\\/valet-2022\\\/nyfiken-pa-vem-du-kan-rosta-pa-i-kommunvalet\\\/#primaryimage\",\"url\":\"https:\\\/\\\/wp.kristdemokraterna.se\\\/linkoping\\\/files\\\/2022\\\/07\\\/valsedel_lkpg_kommunvalet_2022.jpg\",\"contentUrl\":\"https:\\\/\\\/wp.kristdemokraterna.se\\\/linkoping\\\/files\\\/2022\\\/07\\\/valsedel_lkpg_kommunvalet_2022.jpg\",\"width\":1600,\"height\":1068},{\"@type\":\"BreadcrumbList\",\"@id\":\"https:\\\/\\\/wp.kristdemokraterna.se\\\/linkoping\\\/valet-2022\\\/nyfiken-pa-vem-du-kan-rosta-pa-i-kommunvalet\\\/#breadcrumb\",\"itemListElement\":[{\"@type\":\"ListItem\",\"position\":1,\"name\":\"Hem\",\"item\":\"https:\\\/\\\/wp.kristdemokraterna.se\\\/linkoping\\\/\"},{\"@type\":\"ListItem\",\"position\":2,\"name\":\"Valet 2022\",\"item\":\"https:\\\/\\\/wp.kristdemokraterna.se\\\/linkoping\\\/valet-2022\\\/\"},{\"@type\":\"ListItem\",\"position\":3,\"name\":\"Nyfiken p\u00e5 vem du kan r\u00f6sta p\u00e5 i kommunvalet?\"}]},{\"@type\":\"WebSite\",\"@id\":\"https:\\\/\\\/wp.kristdemokraterna.se\\\/linkoping\\\/#website\",\"url\":\"https:\\\/\\\/wp.kristdemokraterna.se\\\/linkoping\\\/\",\"name\":\"Kristdemokraterna i Link\u00f6ping\",\"description\":\"\",\"inLanguage\":\"sv-SE\"}]}<\/script>\n<!-- \/ Yoast SEO plugin. -->","yoast_head_json":{"title":"Nyfiken p\u00e5 vem du kan r\u00f6sta p\u00e5 i kommunvalet? - Kristdemokraterna i Link\u00f6ping","robots":{"index":"index","follow":"follow","max-snippet":"max-snippet:-1","max-image-preview":"max-image-preview:large","max-video-preview":"max-video-preview:-1"},"canonical":"https:\/\/wp.kristdemokraterna.se\/linkoping\/valet-2022\/nyfiken-pa-vem-du-kan-rosta-pa-i-kommunvalet\/","og_locale":"sv_SE","og_type":"article","og_title":"Nyfiken p\u00e5 vem du kan r\u00f6sta p\u00e5 i kommunvalet? - Kristdemokraterna i Link\u00f6ping","og_description":"Kristdemokraterna i Link\u00f6pings kommunlista inf\u00f6r h\u00f6stens val \u00e4r spikad sedan en tid tillbaka. Vi har en bra bredd bland v\u00e5ra kandidater, blandad kompetens, \u00e5lder, k\u00f6n etc. Flera nya namn finns ocks\u00e5 med p\u00e5 listan som toppas av v\u00e5rt kommunalr\u00e5d Denis\u00e9 Cassel. D\u00e4refter f\u00f6ljer Liselotte Fager, ordf\u00f6rande i \u00e4ldren\u00e4mnden och p\u00e5 tredje plats Lars Rox\u00e5, ers\u00e4ttare Read More","og_url":"https:\/\/wp.kristdemokraterna.se\/linkoping\/valet-2022\/nyfiken-pa-vem-du-kan-rosta-pa-i-kommunvalet\/","og_site_name":"Kristdemokraterna i Link\u00f6ping","article_modified_time":"2022-08-16T05:48:01+00:00","og_image":[{"url":"https:\/\/wp.kristdemokraterna.se\/linkoping\/files\/2022\/07\/valsedel_lkpg_kommunvalet_2022.jpg","type":"","width":"","height":""}],"twitter_card":"summary_large_image","twitter_misc":{"Ber\u00e4knad l\u00e4stid":"1 minut"},"schema":{"@context":"https:\/\/schema.org","@graph":[{"@type":"WebPage","@id":"https:\/\/wp.kristdemokraterna.se\/linkoping\/valet-2022\/nyfiken-pa-vem-du-kan-rosta-pa-i-kommunvalet\/","url":"https:\/\/wp.kristdemokraterna.se\/linkoping\/valet-2022\/nyfiken-pa-vem-du-kan-rosta-pa-i-kommunvalet\/","name":"Nyfiken p\u00e5 vem du kan r\u00f6sta p\u00e5 i kommunvalet? - Kristdemokraterna i Link\u00f6ping","isPartOf":{"@id":"https:\/\/wp.kristdemokraterna.se\/linkoping\/#website"},"primaryImageOfPage":{"@id":"https:\/\/wp.kristdemokraterna.se\/linkoping\/valet-2022\/nyfiken-pa-vem-du-kan-rosta-pa-i-kommunvalet\/#primaryimage"},"image":{"@id":"https:\/\/wp.kristdemokraterna.se\/linkoping\/valet-2022\/nyfiken-pa-vem-du-kan-rosta-pa-i-kommunvalet\/#primaryimage"},"thumbnailUrl":"https:\/\/wp.kristdemokraterna.se\/linkoping\/files\/2022\/07\/valsedel_lkpg_kommunvalet_2022.jpg","datePublished":"2022-07-22T09:48:45+00:00","dateModified":"2022-08-16T05:48:01+00:00","breadcrumb":{"@id":"https:\/\/wp.kristdemokraterna.se\/linkoping\/valet-2022\/nyfiken-pa-vem-du-kan-rosta-pa-i-kommunvalet\/#breadcrumb"},"inLanguage":"sv-SE","potentialAction":[{"@type":"ReadAction","target":["https:\/\/wp.kristdemokraterna.se\/linkoping\/valet-2022\/nyfiken-pa-vem-du-kan-rosta-pa-i-kommunvalet\/"]}]},{"@type":"ImageObject","inLanguage":"sv-SE","@id":"https:\/\/wp.kristdemokraterna.se\/linkoping\/valet-2022\/nyfiken-pa-vem-du-kan-rosta-pa-i-kommunvalet\/#primaryimage","url":"https:\/\/wp.kristdemokraterna.se\/linkoping\/files\/2022\/07\/valsedel_lkpg_kommunvalet_2022.jpg","contentUrl":"https:\/\/wp.kristdemokraterna.se\/linkoping\/files\/2022\/07\/valsedel_lkpg_kommunvalet_2022.jpg","width":1600,"height":1068},{"@type":"BreadcrumbList","@id":"https:\/\/wp.kristdemokraterna.se\/linkoping\/valet-2022\/nyfiken-pa-vem-du-kan-rosta-pa-i-kommunvalet\/#breadcrumb","itemListElement":[{"@type":"ListItem","position":1,"name":"Hem","item":"https:\/\/wp.kristdemokraterna.se\/linkoping\/"},{"@type":"ListItem","position":2,"name":"Valet 2022","item":"https:\/\/wp.kristdemokraterna.se\/linkoping\/valet-2022\/"},{"@type":"ListItem","position":3,"name":"Nyfiken p\u00e5 vem du kan r\u00f6sta p\u00e5 i kommunvalet?"}]},{"@type":"WebSite","@id":"https:\/\/wp.kristdemokraterna.se\/linkoping\/#website","url":"https:\/\/wp.kristdemokraterna.se\/linkoping\/","name":"Kristdemokraterna i Link\u00f6ping","description":"","inLanguage":"sv-SE"}]}},"_links":{"self":[{"href":"https:\/\/wp.kristdemokraterna.se\/linkoping\/wp-json\/wp\/v2\/pages\/2384","targetHints":{"allow":["GET"]}}],"collection":[{"href":"https:\/\/wp.kristdemokraterna.se\/linkoping\/wp-json\/wp\/v2\/pages"}],"about":[{"href":"https:\/\/wp.kristdemokraterna.se\/linkoping\/wp-json\/wp\/v2\/types\/page"}],"author":[{"embeddable":true,"href":"https:\/\/wp.kristdemokraterna.se\/linkoping\/wp-json\/wp\/v2\/users\/410"}],"replies":[{"embeddable":true,"href":"https:\/\/wp.kristdemokraterna.se\/linkoping\/wp-json\/wp\/v2\/comments?post=2384"}],"version-history":[{"count":13,"href":"https:\/\/wp.kristdemokraterna.se\/linkoping\/wp-json\/wp\/v2\/pages\/2384\/revisions"}],"predecessor-version":[{"id":2424,"href":"https:\/\/wp.kristdemokraterna.se\/linkoping\/wp-json\/wp\/v2\/pages\/2384\/revisions\/2424"}],"up":[{"embeddable":true,"href":"https:\/\/wp.kristdemokraterna.se\/linkoping\/wp-json\/wp\/v2\/pages\/1858"}],"wp:attachment":[{"href":"https:\/\/wp.kristdemokraterna.se\/linkoping\/wp-json\/wp\/v2\/media?parent=2384"}],"curies":[{"name":"wp","href":"https:\/\/api.w.org\/{rel}","templated":true}]}}