{"id":2401,"date":"2022-08-09T07:19:19","date_gmt":"2022-08-09T05:19:19","guid":{"rendered":"https:\/\/wp.kristdemokraterna.se\/linkoping\/?page_id=2401"},"modified":"2022-08-09T07:24:09","modified_gmt":"2022-08-09T05:24:09","slug":"lattlast-om-var-politik","status":"publish","type":"page","link":"https:\/\/wp.kristdemokraterna.se\/linkoping\/var-politik\/lattlast-om-var-politik\/","title":{"rendered":"L\u00e4ttl\u00e4st om v\u00e5r politik"},"content":{"rendered":"<div id=\"svid12_7e87a1dd18113f5e7a640c\" class=\"sv-text-portlet sv-use-margins sv-skip-spacer\">\n<div class=\"sv-text-portlet-content\">\n<h1><img loading=\"lazy\" decoding=\"async\" class=\"alignnone size-full wp-image-1888\" src=\"https:\/\/wp.kristdemokraterna.se\/linkoping\/files\/2021\/08\/megaphone.jpg\" alt=\"\" width=\"1600\" height=\"1068\" srcset=\"https:\/\/wp.kristdemokraterna.se\/linkoping\/files\/2021\/08\/megaphone.jpg 1600w, https:\/\/wp.kristdemokraterna.se\/linkoping\/files\/2021\/08\/megaphone-300x200.jpg 300w, https:\/\/wp.kristdemokraterna.se\/linkoping\/files\/2021\/08\/megaphone-540x360.jpg 540w, https:\/\/wp.kristdemokraterna.se\/linkoping\/files\/2021\/08\/megaphone-768x513.jpg 768w, https:\/\/wp.kristdemokraterna.se\/linkoping\/files\/2021\/08\/megaphone-1536x1025.jpg 1536w, https:\/\/wp.kristdemokraterna.se\/linkoping\/files\/2021\/08\/megaphone-370x247.jpg 370w, https:\/\/wp.kristdemokraterna.se\/linkoping\/files\/2021\/08\/megaphone-770x514.jpg 770w, https:\/\/wp.kristdemokraterna.se\/linkoping\/files\/2021\/08\/megaphone-450x300.jpg 450w, https:\/\/wp.kristdemokraterna.se\/linkoping\/files\/2021\/08\/megaphone-280x187.jpg 280w, https:\/\/wp.kristdemokraterna.se\/linkoping\/files\/2021\/08\/megaphone-340x227.jpg 340w, https:\/\/wp.kristdemokraterna.se\/linkoping\/files\/2021\/08\/megaphone-200x134.jpg 200w, https:\/\/wp.kristdemokraterna.se\/linkoping\/files\/2021\/08\/megaphone-84x56.jpg 84w\" sizes=\"auto, (max-width: 1600px) 100vw, 1600px\" \/><\/h1>\n<h1 id=\"h-Lattlast\" class=\"font-heading-1\"><span style=\"font-size: 16px\">H\u00e4r kan du l\u00e4sa om vad Kristdemokraterna tycker om olika saker.<\/span><\/h1>\n<\/div>\n<\/div>\n<div id=\"svid12_7e87a1dd18113f5e7a640e\" class=\"sv-text-portlet sv-use-margins\">\n<div id=\"Innehall\"><\/div>\n<div class=\"sv-text-portlet-content\">\n<p class=\"font-normal\">Kristdemokraterna vill att m\u00e4nniskor<br \/>\nska ta ansvar f\u00f6r sig sj\u00e4lva och f\u00f6r varandra.<br \/>\nDet \u00e4r inte bara staten som ska ta ansvar.<br \/>\nVi m\u00e4nniskor beh\u00f6ver gemenskap med varandra.<br \/>\nVi vill att livet ska vara s\u00e5 bra som m\u00f6jligt f\u00f6r<br \/>\nbarn, ungdomar och familjer.<br \/>\nVi vill att barn ska v\u00e4xa upp i trygga familjer.<br \/>\nVi vill ocks\u00e5 ha bra v\u00e5rd och omsorg<br \/>\noch m\u00e5nga f\u00f6retag.<\/p>\n<p class=\"font-normal\">V\u00e5r politik har v\u00e4rderingar som grund.<br \/>\nExempel p\u00e5 en v\u00e4rdering \u00e4r just<br \/>\natt familjer \u00e4r viktiga.<br \/>\nEn annan v\u00e4rdering \u00e4r att varje m\u00e4nniska<br \/>\n\u00e4r unik och v\u00e4rdefull.<br \/>\nVi tycker att m\u00e5nga andra partier i Sverige<br \/>\nhar gl\u00f6mt bort de h\u00e4r viktiga v\u00e4rderingarna.<br \/>\nKristdemokraterna \u00e4r inte ett kristet parti,<br \/>\ndu m\u00e5ste inte tro p\u00e5 Gud f\u00f6r att st\u00f6dja oss.<br \/>\nVi heter Kristdemokraterna f\u00f6r att vi menar<br \/>\natt v\u00e5ra v\u00e4rderingar kommer fr\u00e5n kristendomen.<\/p>\n<p class=\"font-normal\">S\u00e5 h\u00e4r tycker Kristdemokraterna<br \/>\ni n\u00e5gra viktiga politiska fr\u00e5gor:<\/p>\n<h2 id=\"h-Familj\" class=\"font-heading-2\">Familj<\/h2>\n<p class=\"font-normal\">Familjen \u00e4r den viktigaste gemenskapen i samh\u00e4llet.<br \/>\nD\u00e4rf\u00f6r ska familjer sj\u00e4lva f\u00e5 best\u00e4mma<br \/>\ns\u00e5 mycket som m\u00f6jligt om sin vardag.<\/p>\n<h2 id=\"h-Jobb\" class=\"font-heading-2\">Jobb<\/h2>\n<p class=\"font-normal\">F\u00f6r att m\u00e4nniskor ska f\u00e5 jobb m\u00e5ste det finnas f\u00f6retag.<br \/>\nF\u00f6r att anst\u00e4lla fler<br \/>\nbeh\u00f6ver f\u00f6retagen enklare regler och l\u00e4gre skatter.<br \/>\nD\u00e5 kan arbetsl\u00f6sheten minska.<br \/>\nN\u00e4r du betalar l\u00e4gre skatt p\u00e5 din l\u00f6n<br \/>\nf\u00e5r du mer pengar kvar att best\u00e4mma sj\u00e4lv \u00f6ver.<br \/>\nHandel \u00e4r bra f\u00f6r samh\u00e4llets ekonomi,<br \/>\noch leder till fler nya jobb.<\/p>\n<h2 id=\"h-Aldreomsorg\" class=\"font-heading-2\">\u00c4ldreomsorg<\/h2>\n<p class=\"font-normal\">Sverige \u00e4r ett bra land att bli gammal i,<br \/>\nmen det kan bli \u00e4nnu b\u00e4ttre.<br \/>\nDe \u00e4ldre m\u00e5ste f\u00e5 vara med och best\u00e4mma mer<br \/>\nhur deras omsorg ska vara.<br \/>\nN\u00e4r du blir gammal<br \/>\nska du sj\u00e4lv f\u00e5 v\u00e4lja hur du vill bo<br \/>\noch vilken v\u00e5rd du vill ha.<\/p>\n<h2 id=\"h-Brott\" class=\"font-heading-2\">Brott<\/h2>\n<p class=\"font-normal\">Den som beg\u00e5r brott kan inte skylla p\u00e5 n\u00e5gon annan,<br \/>\nden har ansvar sj\u00e4lv.<br \/>\nVissa straff beh\u00f6ver d\u00e4rf\u00f6r sk\u00e4rpas,<br \/>\ns\u00e4rskilt f\u00f6r dem som beg\u00e5r brott flera g\u00e5nger.<br \/>\nMen det \u00e4r ocks\u00e5 viktigt att arbeta<br \/>\ns\u00e5 att vi hindrar brott.<br \/>\nUngdomar som g\u00f6r ett brott<br \/>\nbeh\u00f6ver hj\u00e4lp tidigt och snabbt.<br \/>\nMen om vi ser till<br \/>\natt barn f\u00e5r en trygg uppv\u00e4xt<br \/>\nminskar risken att de beg\u00e5r brott.<\/p>\n<h2 id=\"h-Andralander\" class=\"font-heading-2\">Andra l\u00e4nder<\/h2>\n<p class=\"font-normal\">Sverige ska ocks\u00e5 ta ansvar f\u00f6r dem<br \/>\nsom har det sv\u00e5rt i andra l\u00e4nder.<br \/>\nVi ska ge pengar i bist\u00e5nd<br \/>\noch bidra med fredsbevarande milit\u00e4r n\u00e4r det beh\u00f6vs.<\/p>\n<h2 id=\"h-Vard\" class=\"font-heading-2\">V\u00e5rd<\/h2>\n<p class=\"font-normal\">Alla ska kunna vara trygga<br \/>\n\u00e4ven n\u00e4r de \u00e4r sjuka<br \/>\nV\u00e5rden kan bli \u00e4nnu b\u00e4ttre.<br \/>\nLandstingen ska inte ta allt ansvar f\u00f6r v\u00e5rden,<br \/>\nstaten ska ta \u00f6ver en del av ansvaret.<br \/>\nIngen sjuk m\u00e4nniska ska beh\u00f6va v\u00e4nta<br \/>\np\u00e5 att f\u00e5 v\u00e5rd.<\/p>\n<h2 id=\"h-Skola\" class=\"font-heading-2\">Skola<\/h2>\n<p class=\"font-normal\">Skolorna m\u00e5ste bli b\u00e4ttre.<br \/>\nVi vill att l\u00e4rarna ska undervisa eleverna<br \/>\ni fler timmar \u00e4n idag.<br \/>\nDen elev som beh\u00f6ver st\u00f6d ska f\u00e5 det.<\/p>\n<h2 id=\"h-Barnomsorg\" class=\"font-heading-2\">Barnomsorg<\/h2>\n<p class=\"font-normal\">Barnfamiljer ska kunna v\u00e4lja fritt<br \/>\nvilken sorts barnomsorg de vill ha.<br \/>\nOm f\u00f6r\u00e4ldrar vill vara hemma med sina barn i flera \u00e5r<br \/>\nska de f\u00e5 det.<br \/>\nD\u00e4rf\u00f6r ska det finnas m\u00e5nga olika sorters<br \/>\ndagis, dagmammor och f\u00f6r\u00e4ldrakooperativ.<\/p>\n<h2 id=\"h-Bostader\" class=\"font-heading-2\">Bost\u00e4der<\/h2>\n<p class=\"font-normal\">Sverige bygger f\u00f6r f\u00e5 bostadshus,<br \/>\n\u00e4ven j\u00e4mf\u00f6rt med v\u00e5ra grannl\u00e4nder.<br \/>\nVi vill g\u00f6ra det enklare och billigare att bygga hus.<br \/>\nEn person som vill \u00e4ga sin bostad ska f\u00e5 g\u00f6ra det.<br \/>\nMen det ska ocks\u00e5 finnas l\u00e4genheter att hyra<br \/>\nf\u00f6r den som vill det.<\/p>\n<\/div>\n<\/div>\n","protected":false},"excerpt":{"rendered":"<p>H\u00e4r kan du l\u00e4sa om vad Kristdemokraterna tycker om olika saker. Kristdemokraterna vill att m\u00e4nniskor ska ta ansvar f\u00f6r sig sj\u00e4lva och f\u00f6r varandra. Det \u00e4r inte bara staten som ska ta ansvar. Vi m\u00e4nniskor beh\u00f6ver gemenskap med varandra. Vi vill att livet ska vara s\u00e5 bra som m\u00f6jligt f\u00f6r barn, ungdomar och familjer. Vi <a class=\"read-more-link\" href=\"https:\/\/wp.kristdemokraterna.se\/linkoping\/var-politik\/lattlast-om-var-politik\/\">Read More<\/a><\/p>\n","protected":false},"author":410,"featured_media":0,"parent":1714,"menu_order":0,"comment_status":"closed","ping_status":"closed","template":"page.php","meta":{"_acf_changed":false,"footnotes":""},"class_list":["post-2401","page","type-page","status-publish","hentry"],"acf":[],"yoast_head":"<!-- This site is optimized with the Yoast SEO plugin v27.4 - https:\/\/yoast.com\/product\/yoast-seo-wordpress\/ -->\n<title>L\u00e4ttl\u00e4st om v\u00e5r politik - Kristdemokraterna i Link\u00f6ping<\/title>\n<meta name=\"robots\" content=\"index, follow, max-snippet:-1, max-image-preview:large, max-video-preview:-1\" \/>\n<link rel=\"canonical\" href=\"https:\/\/wp.kristdemokraterna.se\/linkoping\/var-politik\/lattlast-om-var-politik\/\" \/>\n<meta property=\"og:locale\" content=\"sv_SE\" \/>\n<meta property=\"og:type\" content=\"article\" \/>\n<meta property=\"og:title\" content=\"L\u00e4ttl\u00e4st om v\u00e5r politik - Kristdemokraterna i Link\u00f6ping\" \/>\n<meta property=\"og:description\" content=\"H\u00e4r kan du l\u00e4sa om vad Kristdemokraterna tycker om olika saker. Kristdemokraterna vill att m\u00e4nniskor ska ta ansvar f\u00f6r sig sj\u00e4lva och f\u00f6r varandra. Det \u00e4r inte bara staten som ska ta ansvar. Vi m\u00e4nniskor beh\u00f6ver gemenskap med varandra. Vi vill att livet ska vara s\u00e5 bra som m\u00f6jligt f\u00f6r barn, ungdomar och familjer. Vi Read More\" \/>\n<meta property=\"og:url\" content=\"https:\/\/wp.kristdemokraterna.se\/linkoping\/var-politik\/lattlast-om-var-politik\/\" \/>\n<meta property=\"og:site_name\" content=\"Kristdemokraterna i Link\u00f6ping\" \/>\n<meta property=\"article:modified_time\" content=\"2022-08-09T05:24:09+00:00\" \/>\n<meta property=\"og:image\" content=\"https:\/\/wp.kristdemokraterna.se\/linkoping\/files\/2021\/08\/megaphone.jpg\" \/>\n<meta name=\"twitter:card\" content=\"summary_large_image\" \/>\n<meta name=\"twitter:label1\" content=\"Ber\u00e4knad l\u00e4stid\" \/>\n\t<meta name=\"twitter:data1\" content=\"3 minuter\" \/>\n<script type=\"application\/ld+json\" class=\"yoast-schema-graph\">{\"@context\":\"https:\\\/\\\/schema.org\",\"@graph\":[{\"@type\":\"WebPage\",\"@id\":\"https:\\\/\\\/wp.kristdemokraterna.se\\\/linkoping\\\/var-politik\\\/lattlast-om-var-politik\\\/\",\"url\":\"https:\\\/\\\/wp.kristdemokraterna.se\\\/linkoping\\\/var-politik\\\/lattlast-om-var-politik\\\/\",\"name\":\"L\u00e4ttl\u00e4st om v\u00e5r politik - Kristdemokraterna i Link\u00f6ping\",\"isPartOf\":{\"@id\":\"https:\\\/\\\/wp.kristdemokraterna.se\\\/linkoping\\\/#website\"},\"primaryImageOfPage\":{\"@id\":\"https:\\\/\\\/wp.kristdemokraterna.se\\\/linkoping\\\/var-politik\\\/lattlast-om-var-politik\\\/#primaryimage\"},\"image\":{\"@id\":\"https:\\\/\\\/wp.kristdemokraterna.se\\\/linkoping\\\/var-politik\\\/lattlast-om-var-politik\\\/#primaryimage\"},\"thumbnailUrl\":\"https:\\\/\\\/wp.kristdemokraterna.se\\\/linkoping\\\/files\\\/2021\\\/08\\\/megaphone.jpg\",\"datePublished\":\"2022-08-09T05:19:19+00:00\",\"dateModified\":\"2022-08-09T05:24:09+00:00\",\"breadcrumb\":{\"@id\":\"https:\\\/\\\/wp.kristdemokraterna.se\\\/linkoping\\\/var-politik\\\/lattlast-om-var-politik\\\/#breadcrumb\"},\"inLanguage\":\"sv-SE\",\"potentialAction\":[{\"@type\":\"ReadAction\",\"target\":[\"https:\\\/\\\/wp.kristdemokraterna.se\\\/linkoping\\\/var-politik\\\/lattlast-om-var-politik\\\/\"]}]},{\"@type\":\"ImageObject\",\"inLanguage\":\"sv-SE\",\"@id\":\"https:\\\/\\\/wp.kristdemokraterna.se\\\/linkoping\\\/var-politik\\\/lattlast-om-var-politik\\\/#primaryimage\",\"url\":\"https:\\\/\\\/wp.kristdemokraterna.se\\\/linkoping\\\/files\\\/2021\\\/08\\\/megaphone.jpg\",\"contentUrl\":\"https:\\\/\\\/wp.kristdemokraterna.se\\\/linkoping\\\/files\\\/2021\\\/08\\\/megaphone.jpg\",\"width\":1600,\"height\":1068},{\"@type\":\"BreadcrumbList\",\"@id\":\"https:\\\/\\\/wp.kristdemokraterna.se\\\/linkoping\\\/var-politik\\\/lattlast-om-var-politik\\\/#breadcrumb\",\"itemListElement\":[{\"@type\":\"ListItem\",\"position\":1,\"name\":\"Hem\",\"item\":\"https:\\\/\\\/wp.kristdemokraterna.se\\\/linkoping\\\/\"},{\"@type\":\"ListItem\",\"position\":2,\"name\":\"V\u00e5r politik\",\"item\":\"https:\\\/\\\/wp.kristdemokraterna.se\\\/linkoping\\\/var-politik\\\/\"},{\"@type\":\"ListItem\",\"position\":3,\"name\":\"L\u00e4ttl\u00e4st om v\u00e5r politik\"}]},{\"@type\":\"WebSite\",\"@id\":\"https:\\\/\\\/wp.kristdemokraterna.se\\\/linkoping\\\/#website\",\"url\":\"https:\\\/\\\/wp.kristdemokraterna.se\\\/linkoping\\\/\",\"name\":\"Kristdemokraterna i Link\u00f6ping\",\"description\":\"\",\"inLanguage\":\"sv-SE\"}]}<\/script>\n<!-- \/ Yoast SEO plugin. -->","yoast_head_json":{"title":"L\u00e4ttl\u00e4st om v\u00e5r politik - Kristdemokraterna i Link\u00f6ping","robots":{"index":"index","follow":"follow","max-snippet":"max-snippet:-1","max-image-preview":"max-image-preview:large","max-video-preview":"max-video-preview:-1"},"canonical":"https:\/\/wp.kristdemokraterna.se\/linkoping\/var-politik\/lattlast-om-var-politik\/","og_locale":"sv_SE","og_type":"article","og_title":"L\u00e4ttl\u00e4st om v\u00e5r politik - Kristdemokraterna i Link\u00f6ping","og_description":"H\u00e4r kan du l\u00e4sa om vad Kristdemokraterna tycker om olika saker. Kristdemokraterna vill att m\u00e4nniskor ska ta ansvar f\u00f6r sig sj\u00e4lva och f\u00f6r varandra. Det \u00e4r inte bara staten som ska ta ansvar. Vi m\u00e4nniskor beh\u00f6ver gemenskap med varandra. Vi vill att livet ska vara s\u00e5 bra som m\u00f6jligt f\u00f6r barn, ungdomar och familjer. Vi Read More","og_url":"https:\/\/wp.kristdemokraterna.se\/linkoping\/var-politik\/lattlast-om-var-politik\/","og_site_name":"Kristdemokraterna i Link\u00f6ping","article_modified_time":"2022-08-09T05:24:09+00:00","og_image":[{"url":"https:\/\/wp.kristdemokraterna.se\/linkoping\/files\/2021\/08\/megaphone.jpg","type":"","width":"","height":""}],"twitter_card":"summary_large_image","twitter_misc":{"Ber\u00e4knad l\u00e4stid":"3 minuter"},"schema":{"@context":"https:\/\/schema.org","@graph":[{"@type":"WebPage","@id":"https:\/\/wp.kristdemokraterna.se\/linkoping\/var-politik\/lattlast-om-var-politik\/","url":"https:\/\/wp.kristdemokraterna.se\/linkoping\/var-politik\/lattlast-om-var-politik\/","name":"L\u00e4ttl\u00e4st om v\u00e5r politik - Kristdemokraterna i Link\u00f6ping","isPartOf":{"@id":"https:\/\/wp.kristdemokraterna.se\/linkoping\/#website"},"primaryImageOfPage":{"@id":"https:\/\/wp.kristdemokraterna.se\/linkoping\/var-politik\/lattlast-om-var-politik\/#primaryimage"},"image":{"@id":"https:\/\/wp.kristdemokraterna.se\/linkoping\/var-politik\/lattlast-om-var-politik\/#primaryimage"},"thumbnailUrl":"https:\/\/wp.kristdemokraterna.se\/linkoping\/files\/2021\/08\/megaphone.jpg","datePublished":"2022-08-09T05:19:19+00:00","dateModified":"2022-08-09T05:24:09+00:00","breadcrumb":{"@id":"https:\/\/wp.kristdemokraterna.se\/linkoping\/var-politik\/lattlast-om-var-politik\/#breadcrumb"},"inLanguage":"sv-SE","potentialAction":[{"@type":"ReadAction","target":["https:\/\/wp.kristdemokraterna.se\/linkoping\/var-politik\/lattlast-om-var-politik\/"]}]},{"@type":"ImageObject","inLanguage":"sv-SE","@id":"https:\/\/wp.kristdemokraterna.se\/linkoping\/var-politik\/lattlast-om-var-politik\/#primaryimage","url":"https:\/\/wp.kristdemokraterna.se\/linkoping\/files\/2021\/08\/megaphone.jpg","contentUrl":"https:\/\/wp.kristdemokraterna.se\/linkoping\/files\/2021\/08\/megaphone.jpg","width":1600,"height":1068},{"@type":"BreadcrumbList","@id":"https:\/\/wp.kristdemokraterna.se\/linkoping\/var-politik\/lattlast-om-var-politik\/#breadcrumb","itemListElement":[{"@type":"ListItem","position":1,"name":"Hem","item":"https:\/\/wp.kristdemokraterna.se\/linkoping\/"},{"@type":"ListItem","position":2,"name":"V\u00e5r politik","item":"https:\/\/wp.kristdemokraterna.se\/linkoping\/var-politik\/"},{"@type":"ListItem","position":3,"name":"L\u00e4ttl\u00e4st om v\u00e5r politik"}]},{"@type":"WebSite","@id":"https:\/\/wp.kristdemokraterna.se\/linkoping\/#website","url":"https:\/\/wp.kristdemokraterna.se\/linkoping\/","name":"Kristdemokraterna i Link\u00f6ping","description":"","inLanguage":"sv-SE"}]}},"_links":{"self":[{"href":"https:\/\/wp.kristdemokraterna.se\/linkoping\/wp-json\/wp\/v2\/pages\/2401","targetHints":{"allow":["GET"]}}],"collection":[{"href":"https:\/\/wp.kristdemokraterna.se\/linkoping\/wp-json\/wp\/v2\/pages"}],"about":[{"href":"https:\/\/wp.kristdemokraterna.se\/linkoping\/wp-json\/wp\/v2\/types\/page"}],"author":[{"embeddable":true,"href":"https:\/\/wp.kristdemokraterna.se\/linkoping\/wp-json\/wp\/v2\/users\/410"}],"replies":[{"embeddable":true,"href":"https:\/\/wp.kristdemokraterna.se\/linkoping\/wp-json\/wp\/v2\/comments?post=2401"}],"version-history":[{"count":2,"href":"https:\/\/wp.kristdemokraterna.se\/linkoping\/wp-json\/wp\/v2\/pages\/2401\/revisions"}],"predecessor-version":[{"id":2404,"href":"https:\/\/wp.kristdemokraterna.se\/linkoping\/wp-json\/wp\/v2\/pages\/2401\/revisions\/2404"}],"up":[{"embeddable":true,"href":"https:\/\/wp.kristdemokraterna.se\/linkoping\/wp-json\/wp\/v2\/pages\/1714"}],"wp:attachment":[{"href":"https:\/\/wp.kristdemokraterna.se\/linkoping\/wp-json\/wp\/v2\/media?parent=2401"}],"curies":[{"name":"wp","href":"https:\/\/api.w.org\/{rel}","templated":true}]}}