{"id":2440,"date":"2022-08-20T18:37:41","date_gmt":"2022-08-20T16:37:41","guid":{"rendered":"https:\/\/wp.kristdemokraterna.se\/linkoping\/?page_id=2440"},"modified":"2022-08-24T04:40:20","modified_gmt":"2022-08-24T02:40:20","slug":"invigning-av-var-valstuga","status":"publish","type":"page","link":"https:\/\/wp.kristdemokraterna.se\/linkoping\/valet-2022\/invigning-av-var-valstuga\/","title":{"rendered":"Invigning av v\u00e5r valstuga"},"content":{"rendered":"<p><img loading=\"lazy\" decoding=\"async\" class=\"alignnone size-full wp-image-2438\" src=\"https:\/\/wp.kristdemokraterna.se\/linkoping\/files\/2022\/08\/valstugan3.jpg\" alt=\"valstugan\" width=\"1600\" height=\"1068\" srcset=\"https:\/\/wp.kristdemokraterna.se\/linkoping\/files\/2022\/08\/valstugan3.jpg 1600w, https:\/\/wp.kristdemokraterna.se\/linkoping\/files\/2022\/08\/valstugan3-300x200.jpg 300w, https:\/\/wp.kristdemokraterna.se\/linkoping\/files\/2022\/08\/valstugan3-540x360.jpg 540w, https:\/\/wp.kristdemokraterna.se\/linkoping\/files\/2022\/08\/valstugan3-768x513.jpg 768w, https:\/\/wp.kristdemokraterna.se\/linkoping\/files\/2022\/08\/valstugan3-1536x1025.jpg 1536w, https:\/\/wp.kristdemokraterna.se\/linkoping\/files\/2022\/08\/valstugan3-370x247.jpg 370w, https:\/\/wp.kristdemokraterna.se\/linkoping\/files\/2022\/08\/valstugan3-770x514.jpg 770w, https:\/\/wp.kristdemokraterna.se\/linkoping\/files\/2022\/08\/valstugan3-450x300.jpg 450w, https:\/\/wp.kristdemokraterna.se\/linkoping\/files\/2022\/08\/valstugan3-280x187.jpg 280w, https:\/\/wp.kristdemokraterna.se\/linkoping\/files\/2022\/08\/valstugan3-340x227.jpg 340w, https:\/\/wp.kristdemokraterna.se\/linkoping\/files\/2022\/08\/valstugan3-200x134.jpg 200w, https:\/\/wp.kristdemokraterna.se\/linkoping\/files\/2022\/08\/valstugan3-84x56.jpg 84w\" sizes=\"auto, (max-width: 1600px) 100vw, 1600px\" \/><\/p>\n<div class=\"m8h3af8h l7ghb35v kjdc1dyq kmwttqpk gh25dzvf n3t5jt4f\">\n<div dir=\"auto\">Idag har vi invigt v\u00e5r valstuga p\u00e5 Stora Torget. V\u00e5rt kommunalr\u00e5d Denis\u00e9 Cassel (KD) och regionr\u00e5d Per Larsson (KD) h\u00f6ll i bandet n\u00e4r partiavdelningsordf\u00f6rande Johan H\u00e4ggblom klippte med den gyllene saxen. Efter invigningen bj\u00f6ds det p\u00e5 kaffe och t\u00e5rta. De nytryckta flygbladen gick \u00e5t som sm\u00f6r i solsken och redan f\u00f6rsta dagen fick vi m\u00e5nga bra samtal med Link\u00f6pingsbor som ville prata politik med oss.<\/div>\n<div dir=\"auto\"><\/div>\n<\/div>\n<p>&nbsp;<\/p>\n<div class=\"l7ghb35v kjdc1dyq kmwttqpk gh25dzvf jikcssrz n3t5jt4f\">\n<div dir=\"auto\">Valstugan h\u00e5ller \u00f6ppet varje dag kl. 10.00-18.00.<\/div>\n<div dir=\"auto\"><\/div>\n<\/div>\n<p>&nbsp;<\/p>\n<div class=\"l7ghb35v kjdc1dyq kmwttqpk gh25dzvf jikcssrz n3t5jt4f\">\n<div dir=\"auto\">V\u00e4lkomna!<\/div>\n<\/div>\n","protected":false},"excerpt":{"rendered":"<p>Idag har vi invigt v\u00e5r valstuga p\u00e5 Stora Torget. V\u00e5rt kommunalr\u00e5d Denis\u00e9 Cassel (KD) och regionr\u00e5d Per Larsson (KD) h\u00f6ll i bandet n\u00e4r partiavdelningsordf\u00f6rande Johan H\u00e4ggblom klippte med den gyllene saxen. Efter invigningen bj\u00f6ds det p\u00e5 kaffe och t\u00e5rta. De nytryckta flygbladen gick \u00e5t som sm\u00f6r i solsken och redan f\u00f6rsta dagen fick vi m\u00e5nga <a class=\"read-more-link\" href=\"https:\/\/wp.kristdemokraterna.se\/linkoping\/valet-2022\/invigning-av-var-valstuga\/\">Read More<\/a><\/p>\n","protected":false},"author":410,"featured_media":0,"parent":1858,"menu_order":0,"comment_status":"closed","ping_status":"closed","template":"page.php","meta":{"_acf_changed":false,"footnotes":""},"class_list":["post-2440","page","type-page","status-publish","hentry"],"acf":[],"yoast_head":"<!-- This site is optimized with the Yoast SEO plugin v27.4 - https:\/\/yoast.com\/product\/yoast-seo-wordpress\/ -->\n<title>Invigning av v\u00e5r valstuga - Kristdemokraterna i Link\u00f6ping<\/title>\n<meta name=\"robots\" content=\"index, follow, max-snippet:-1, max-image-preview:large, max-video-preview:-1\" \/>\n<link rel=\"canonical\" href=\"https:\/\/wp.kristdemokraterna.se\/linkoping\/valet-2022\/invigning-av-var-valstuga\/\" \/>\n<meta property=\"og:locale\" content=\"sv_SE\" \/>\n<meta property=\"og:type\" content=\"article\" \/>\n<meta property=\"og:title\" content=\"Invigning av v\u00e5r valstuga - Kristdemokraterna i Link\u00f6ping\" \/>\n<meta property=\"og:description\" content=\"Idag har vi invigt v\u00e5r valstuga p\u00e5 Stora Torget. V\u00e5rt kommunalr\u00e5d Denis\u00e9 Cassel (KD) och regionr\u00e5d Per Larsson (KD) h\u00f6ll i bandet n\u00e4r partiavdelningsordf\u00f6rande Johan H\u00e4ggblom klippte med den gyllene saxen. Efter invigningen bj\u00f6ds det p\u00e5 kaffe och t\u00e5rta. De nytryckta flygbladen gick \u00e5t som sm\u00f6r i solsken och redan f\u00f6rsta dagen fick vi m\u00e5nga Read More\" \/>\n<meta property=\"og:url\" content=\"https:\/\/wp.kristdemokraterna.se\/linkoping\/valet-2022\/invigning-av-var-valstuga\/\" \/>\n<meta property=\"og:site_name\" content=\"Kristdemokraterna i Link\u00f6ping\" \/>\n<meta property=\"article:modified_time\" content=\"2022-08-24T02:40:20+00:00\" \/>\n<meta property=\"og:image\" content=\"https:\/\/wp.kristdemokraterna.se\/linkoping\/files\/2022\/08\/valstugan3.jpg\" \/>\n<meta name=\"twitter:card\" content=\"summary_large_image\" \/>\n<script type=\"application\/ld+json\" class=\"yoast-schema-graph\">{\"@context\":\"https:\\\/\\\/schema.org\",\"@graph\":[{\"@type\":\"WebPage\",\"@id\":\"https:\\\/\\\/wp.kristdemokraterna.se\\\/linkoping\\\/valet-2022\\\/invigning-av-var-valstuga\\\/\",\"url\":\"https:\\\/\\\/wp.kristdemokraterna.se\\\/linkoping\\\/valet-2022\\\/invigning-av-var-valstuga\\\/\",\"name\":\"Invigning av v\u00e5r valstuga - Kristdemokraterna i Link\u00f6ping\",\"isPartOf\":{\"@id\":\"https:\\\/\\\/wp.kristdemokraterna.se\\\/linkoping\\\/#website\"},\"primaryImageOfPage\":{\"@id\":\"https:\\\/\\\/wp.kristdemokraterna.se\\\/linkoping\\\/valet-2022\\\/invigning-av-var-valstuga\\\/#primaryimage\"},\"image\":{\"@id\":\"https:\\\/\\\/wp.kristdemokraterna.se\\\/linkoping\\\/valet-2022\\\/invigning-av-var-valstuga\\\/#primaryimage\"},\"thumbnailUrl\":\"https:\\\/\\\/wp.kristdemokraterna.se\\\/linkoping\\\/files\\\/2022\\\/08\\\/valstugan3.jpg\",\"datePublished\":\"2022-08-20T16:37:41+00:00\",\"dateModified\":\"2022-08-24T02:40:20+00:00\",\"breadcrumb\":{\"@id\":\"https:\\\/\\\/wp.kristdemokraterna.se\\\/linkoping\\\/valet-2022\\\/invigning-av-var-valstuga\\\/#breadcrumb\"},\"inLanguage\":\"sv-SE\",\"potentialAction\":[{\"@type\":\"ReadAction\",\"target\":[\"https:\\\/\\\/wp.kristdemokraterna.se\\\/linkoping\\\/valet-2022\\\/invigning-av-var-valstuga\\\/\"]}]},{\"@type\":\"ImageObject\",\"inLanguage\":\"sv-SE\",\"@id\":\"https:\\\/\\\/wp.kristdemokraterna.se\\\/linkoping\\\/valet-2022\\\/invigning-av-var-valstuga\\\/#primaryimage\",\"url\":\"https:\\\/\\\/wp.kristdemokraterna.se\\\/linkoping\\\/files\\\/2022\\\/08\\\/valstugan3.jpg\",\"contentUrl\":\"https:\\\/\\\/wp.kristdemokraterna.se\\\/linkoping\\\/files\\\/2022\\\/08\\\/valstugan3.jpg\",\"width\":1600,\"height\":1068,\"caption\":\"valstugan\"},{\"@type\":\"BreadcrumbList\",\"@id\":\"https:\\\/\\\/wp.kristdemokraterna.se\\\/linkoping\\\/valet-2022\\\/invigning-av-var-valstuga\\\/#breadcrumb\",\"itemListElement\":[{\"@type\":\"ListItem\",\"position\":1,\"name\":\"Hem\",\"item\":\"https:\\\/\\\/wp.kristdemokraterna.se\\\/linkoping\\\/\"},{\"@type\":\"ListItem\",\"position\":2,\"name\":\"Valet 2022\",\"item\":\"https:\\\/\\\/wp.kristdemokraterna.se\\\/linkoping\\\/valet-2022\\\/\"},{\"@type\":\"ListItem\",\"position\":3,\"name\":\"Invigning av v\u00e5r valstuga\"}]},{\"@type\":\"WebSite\",\"@id\":\"https:\\\/\\\/wp.kristdemokraterna.se\\\/linkoping\\\/#website\",\"url\":\"https:\\\/\\\/wp.kristdemokraterna.se\\\/linkoping\\\/\",\"name\":\"Kristdemokraterna i Link\u00f6ping\",\"description\":\"\",\"inLanguage\":\"sv-SE\"}]}<\/script>\n<!-- \/ Yoast SEO plugin. -->","yoast_head_json":{"title":"Invigning av v\u00e5r valstuga - Kristdemokraterna i Link\u00f6ping","robots":{"index":"index","follow":"follow","max-snippet":"max-snippet:-1","max-image-preview":"max-image-preview:large","max-video-preview":"max-video-preview:-1"},"canonical":"https:\/\/wp.kristdemokraterna.se\/linkoping\/valet-2022\/invigning-av-var-valstuga\/","og_locale":"sv_SE","og_type":"article","og_title":"Invigning av v\u00e5r valstuga - Kristdemokraterna i Link\u00f6ping","og_description":"Idag har vi invigt v\u00e5r valstuga p\u00e5 Stora Torget. V\u00e5rt kommunalr\u00e5d Denis\u00e9 Cassel (KD) och regionr\u00e5d Per Larsson (KD) h\u00f6ll i bandet n\u00e4r partiavdelningsordf\u00f6rande Johan H\u00e4ggblom klippte med den gyllene saxen. Efter invigningen bj\u00f6ds det p\u00e5 kaffe och t\u00e5rta. De nytryckta flygbladen gick \u00e5t som sm\u00f6r i solsken och redan f\u00f6rsta dagen fick vi m\u00e5nga Read More","og_url":"https:\/\/wp.kristdemokraterna.se\/linkoping\/valet-2022\/invigning-av-var-valstuga\/","og_site_name":"Kristdemokraterna i Link\u00f6ping","article_modified_time":"2022-08-24T02:40:20+00:00","og_image":[{"url":"https:\/\/wp.kristdemokraterna.se\/linkoping\/files\/2022\/08\/valstugan3.jpg","type":"","width":"","height":""}],"twitter_card":"summary_large_image","schema":{"@context":"https:\/\/schema.org","@graph":[{"@type":"WebPage","@id":"https:\/\/wp.kristdemokraterna.se\/linkoping\/valet-2022\/invigning-av-var-valstuga\/","url":"https:\/\/wp.kristdemokraterna.se\/linkoping\/valet-2022\/invigning-av-var-valstuga\/","name":"Invigning av v\u00e5r valstuga - Kristdemokraterna i Link\u00f6ping","isPartOf":{"@id":"https:\/\/wp.kristdemokraterna.se\/linkoping\/#website"},"primaryImageOfPage":{"@id":"https:\/\/wp.kristdemokraterna.se\/linkoping\/valet-2022\/invigning-av-var-valstuga\/#primaryimage"},"image":{"@id":"https:\/\/wp.kristdemokraterna.se\/linkoping\/valet-2022\/invigning-av-var-valstuga\/#primaryimage"},"thumbnailUrl":"https:\/\/wp.kristdemokraterna.se\/linkoping\/files\/2022\/08\/valstugan3.jpg","datePublished":"2022-08-20T16:37:41+00:00","dateModified":"2022-08-24T02:40:20+00:00","breadcrumb":{"@id":"https:\/\/wp.kristdemokraterna.se\/linkoping\/valet-2022\/invigning-av-var-valstuga\/#breadcrumb"},"inLanguage":"sv-SE","potentialAction":[{"@type":"ReadAction","target":["https:\/\/wp.kristdemokraterna.se\/linkoping\/valet-2022\/invigning-av-var-valstuga\/"]}]},{"@type":"ImageObject","inLanguage":"sv-SE","@id":"https:\/\/wp.kristdemokraterna.se\/linkoping\/valet-2022\/invigning-av-var-valstuga\/#primaryimage","url":"https:\/\/wp.kristdemokraterna.se\/linkoping\/files\/2022\/08\/valstugan3.jpg","contentUrl":"https:\/\/wp.kristdemokraterna.se\/linkoping\/files\/2022\/08\/valstugan3.jpg","width":1600,"height":1068,"caption":"valstugan"},{"@type":"BreadcrumbList","@id":"https:\/\/wp.kristdemokraterna.se\/linkoping\/valet-2022\/invigning-av-var-valstuga\/#breadcrumb","itemListElement":[{"@type":"ListItem","position":1,"name":"Hem","item":"https:\/\/wp.kristdemokraterna.se\/linkoping\/"},{"@type":"ListItem","position":2,"name":"Valet 2022","item":"https:\/\/wp.kristdemokraterna.se\/linkoping\/valet-2022\/"},{"@type":"ListItem","position":3,"name":"Invigning av v\u00e5r valstuga"}]},{"@type":"WebSite","@id":"https:\/\/wp.kristdemokraterna.se\/linkoping\/#website","url":"https:\/\/wp.kristdemokraterna.se\/linkoping\/","name":"Kristdemokraterna i Link\u00f6ping","description":"","inLanguage":"sv-SE"}]}},"_links":{"self":[{"href":"https:\/\/wp.kristdemokraterna.se\/linkoping\/wp-json\/wp\/v2\/pages\/2440","targetHints":{"allow":["GET"]}}],"collection":[{"href":"https:\/\/wp.kristdemokraterna.se\/linkoping\/wp-json\/wp\/v2\/pages"}],"about":[{"href":"https:\/\/wp.kristdemokraterna.se\/linkoping\/wp-json\/wp\/v2\/types\/page"}],"author":[{"embeddable":true,"href":"https:\/\/wp.kristdemokraterna.se\/linkoping\/wp-json\/wp\/v2\/users\/410"}],"replies":[{"embeddable":true,"href":"https:\/\/wp.kristdemokraterna.se\/linkoping\/wp-json\/wp\/v2\/comments?post=2440"}],"version-history":[{"count":2,"href":"https:\/\/wp.kristdemokraterna.se\/linkoping\/wp-json\/wp\/v2\/pages\/2440\/revisions"}],"predecessor-version":[{"id":2442,"href":"https:\/\/wp.kristdemokraterna.se\/linkoping\/wp-json\/wp\/v2\/pages\/2440\/revisions\/2442"}],"up":[{"embeddable":true,"href":"https:\/\/wp.kristdemokraterna.se\/linkoping\/wp-json\/wp\/v2\/pages\/1858"}],"wp:attachment":[{"href":"https:\/\/wp.kristdemokraterna.se\/linkoping\/wp-json\/wp\/v2\/media?parent=2440"}],"curies":[{"name":"wp","href":"https:\/\/api.w.org\/{rel}","templated":true}]}}