{"id":2646,"date":"2023-08-29T08:42:33","date_gmt":"2023-08-29T06:42:33","guid":{"rendered":"https:\/\/wp.kristdemokraterna.se\/linkoping\/?page_id=2646"},"modified":"2023-10-14T15:21:06","modified_gmt":"2023-10-14T13:21:06","slug":"solveig-danielsson","status":"publish","type":"page","link":"https:\/\/wp.kristdemokraterna.se\/linkoping\/vart-parti\/fullmaktigegruppen\/solveig-danielsson\/","title":{"rendered":"Solveig Danielsson"},"content":{"rendered":"<p><img loading=\"lazy\" decoding=\"async\" class=\"alignnone size-full wp-image-2669\" src=\"https:\/\/wp.kristdemokraterna.se\/linkoping\/files\/2023\/10\/solveig.jpg\" alt=\"\" width=\"200\" height=\"300\" srcset=\"https:\/\/wp.kristdemokraterna.se\/linkoping\/files\/2023\/10\/solveig.jpg 200w, https:\/\/wp.kristdemokraterna.se\/linkoping\/files\/2023\/10\/solveig-133x200.jpg 133w, https:\/\/wp.kristdemokraterna.se\/linkoping\/files\/2023\/10\/solveig-37x56.jpg 37w\" sizes=\"auto, (max-width: 200px) 100vw, 200px\" \/><\/p>\n<p><b>Namn: <\/b>Solveig Danielsson<\/p>\n<p><b>F\u00f6dd:\u00a0<\/b>1948<\/p>\n<p><b>Familj:\u00a0<\/b>Har fyra barn med deras familjer. Barnbarn.<\/p>\n<p><b>Uppvuxen:\u00a0<\/b>I Borensberg, bott i Kinda kommun, sedan 2011 i Link\u00f6ping.<\/p>\n<p><b>Vad har du f\u00f6r bakgrund utanf\u00f6r politiken? <\/b><\/p>\n<p>Jag har en bakgrund inom v\u00e5rden som sjuksk\u00f6terska \/barnmorska och v\u00e5rdl\u00e4rare. \u00c4r fortsatt yrkesverksam d\u00e5 jag arbetar p\u00e5 sjukv\u00e5rdsr\u00e5dgivningen 1177.<\/p>\n<p><b>Vilka fr\u00e5gor brinner du extra f\u00f6r? <\/b><\/p>\n<p>Mina hj\u00e4rtefr\u00e5gor \u00e4r barn o ungas uppv\u00e4xtvillkor. K\u00e4nner mig ocks\u00e5 hemma i v\u00e5rd o sjukv\u00e5rdsfr\u00e5gor. Jag k\u00e4nner \u00e4ven engagemang runt fr\u00e5gor som r\u00f6r \u00e4ldre personer \/ seniorfr\u00e5gor.<\/p>\n<p><b>Vad \u00e4r styrkan i Kristdemokraternas KF-grupp?<\/b><\/p>\n<p>Vi kompletterar varandra bra i KF-gruppen.<\/p>\n<p><b>Har du andra politiska uppdrag ut\u00f6ver kommunfullm\u00e4ktige?<\/b><\/p>\n<p>F\u00f6rvaltningsr\u00e4tten i Link\u00f6ping, N\u00e4mndeman<br \/>\nKD-S \u00d6sterg\u00f6tland, Kontaktperson<\/p>\n<p><strong>Foto: <\/strong>Kenneth Pils<\/p>\n","protected":false},"excerpt":{"rendered":"<p>Namn: Solveig Danielsson F\u00f6dd:\u00a01948 Familj:\u00a0Har fyra barn med deras familjer. Barnbarn. Uppvuxen:\u00a0I Borensberg, bott i Kinda kommun, sedan 2011 i Link\u00f6ping. Vad har du f\u00f6r bakgrund utanf\u00f6r politiken? Jag har en bakgrund inom v\u00e5rden som sjuksk\u00f6terska \/barnmorska och v\u00e5rdl\u00e4rare. \u00c4r fortsatt yrkesverksam d\u00e5 jag arbetar p\u00e5 sjukv\u00e5rdsr\u00e5dgivningen 1177. Vilka fr\u00e5gor brinner du extra f\u00f6r? Mina <a class=\"read-more-link\" href=\"https:\/\/wp.kristdemokraterna.se\/linkoping\/vart-parti\/fullmaktigegruppen\/solveig-danielsson\/\">Read More<\/a><\/p>\n","protected":false},"author":410,"featured_media":0,"parent":1873,"menu_order":5,"comment_status":"closed","ping_status":"closed","template":"","meta":{"_acf_changed":false,"footnotes":""},"class_list":["post-2646","page","type-page","status-publish","hentry"],"acf":[],"yoast_head":"<!-- This site is optimized with the Yoast SEO plugin v27.4 - https:\/\/yoast.com\/product\/yoast-seo-wordpress\/ -->\n<title>Solveig Danielsson - Kristdemokraterna i Link\u00f6ping<\/title>\n<meta name=\"robots\" content=\"index, follow, max-snippet:-1, max-image-preview:large, max-video-preview:-1\" \/>\n<link rel=\"canonical\" href=\"https:\/\/wp.kristdemokraterna.se\/linkoping\/vart-parti\/fullmaktigegruppen\/solveig-danielsson\/\" \/>\n<meta property=\"og:locale\" content=\"sv_SE\" \/>\n<meta property=\"og:type\" content=\"article\" \/>\n<meta property=\"og:title\" content=\"Solveig Danielsson - Kristdemokraterna i Link\u00f6ping\" \/>\n<meta property=\"og:description\" content=\"Namn: Solveig Danielsson F\u00f6dd:\u00a01948 Familj:\u00a0Har fyra barn med deras familjer. Barnbarn. Uppvuxen:\u00a0I Borensberg, bott i Kinda kommun, sedan 2011 i Link\u00f6ping. Vad har du f\u00f6r bakgrund utanf\u00f6r politiken? Jag har en bakgrund inom v\u00e5rden som sjuksk\u00f6terska \/barnmorska och v\u00e5rdl\u00e4rare. \u00c4r fortsatt yrkesverksam d\u00e5 jag arbetar p\u00e5 sjukv\u00e5rdsr\u00e5dgivningen 1177. Vilka fr\u00e5gor brinner du extra f\u00f6r? Mina Read More\" \/>\n<meta property=\"og:url\" content=\"https:\/\/wp.kristdemokraterna.se\/linkoping\/vart-parti\/fullmaktigegruppen\/solveig-danielsson\/\" \/>\n<meta property=\"og:site_name\" content=\"Kristdemokraterna i Link\u00f6ping\" \/>\n<meta property=\"article:modified_time\" content=\"2023-10-14T13:21:06+00:00\" \/>\n<meta property=\"og:image\" content=\"https:\/\/wp.kristdemokraterna.se\/linkoping\/files\/2023\/10\/solveig.jpg\" \/>\n<meta name=\"twitter:card\" content=\"summary_large_image\" \/>\n<meta name=\"twitter:label1\" content=\"Ber\u00e4knad l\u00e4stid\" \/>\n\t<meta name=\"twitter:data1\" content=\"1 minut\" \/>\n<script type=\"application\/ld+json\" class=\"yoast-schema-graph\">{\"@context\":\"https:\\\/\\\/schema.org\",\"@graph\":[{\"@type\":\"WebPage\",\"@id\":\"https:\\\/\\\/wp.kristdemokraterna.se\\\/linkoping\\\/vart-parti\\\/fullmaktigegruppen\\\/solveig-danielsson\\\/\",\"url\":\"https:\\\/\\\/wp.kristdemokraterna.se\\\/linkoping\\\/vart-parti\\\/fullmaktigegruppen\\\/solveig-danielsson\\\/\",\"name\":\"Solveig Danielsson - Kristdemokraterna i Link\u00f6ping\",\"isPartOf\":{\"@id\":\"https:\\\/\\\/wp.kristdemokraterna.se\\\/linkoping\\\/#website\"},\"primaryImageOfPage\":{\"@id\":\"https:\\\/\\\/wp.kristdemokraterna.se\\\/linkoping\\\/vart-parti\\\/fullmaktigegruppen\\\/solveig-danielsson\\\/#primaryimage\"},\"image\":{\"@id\":\"https:\\\/\\\/wp.kristdemokraterna.se\\\/linkoping\\\/vart-parti\\\/fullmaktigegruppen\\\/solveig-danielsson\\\/#primaryimage\"},\"thumbnailUrl\":\"https:\\\/\\\/wp.kristdemokraterna.se\\\/linkoping\\\/files\\\/2023\\\/10\\\/solveig.jpg\",\"datePublished\":\"2023-08-29T06:42:33+00:00\",\"dateModified\":\"2023-10-14T13:21:06+00:00\",\"breadcrumb\":{\"@id\":\"https:\\\/\\\/wp.kristdemokraterna.se\\\/linkoping\\\/vart-parti\\\/fullmaktigegruppen\\\/solveig-danielsson\\\/#breadcrumb\"},\"inLanguage\":\"sv-SE\",\"potentialAction\":[{\"@type\":\"ReadAction\",\"target\":[\"https:\\\/\\\/wp.kristdemokraterna.se\\\/linkoping\\\/vart-parti\\\/fullmaktigegruppen\\\/solveig-danielsson\\\/\"]}]},{\"@type\":\"ImageObject\",\"inLanguage\":\"sv-SE\",\"@id\":\"https:\\\/\\\/wp.kristdemokraterna.se\\\/linkoping\\\/vart-parti\\\/fullmaktigegruppen\\\/solveig-danielsson\\\/#primaryimage\",\"url\":\"https:\\\/\\\/wp.kristdemokraterna.se\\\/linkoping\\\/files\\\/2023\\\/10\\\/solveig.jpg\",\"contentUrl\":\"https:\\\/\\\/wp.kristdemokraterna.se\\\/linkoping\\\/files\\\/2023\\\/10\\\/solveig.jpg\",\"width\":200,\"height\":300},{\"@type\":\"BreadcrumbList\",\"@id\":\"https:\\\/\\\/wp.kristdemokraterna.se\\\/linkoping\\\/vart-parti\\\/fullmaktigegruppen\\\/solveig-danielsson\\\/#breadcrumb\",\"itemListElement\":[{\"@type\":\"ListItem\",\"position\":1,\"name\":\"Hem\",\"item\":\"https:\\\/\\\/wp.kristdemokraterna.se\\\/linkoping\\\/\"},{\"@type\":\"ListItem\",\"position\":2,\"name\":\"V\u00e5rt parti\",\"item\":\"https:\\\/\\\/wp.kristdemokraterna.se\\\/linkoping\\\/vart-parti\\\/\"},{\"@type\":\"ListItem\",\"position\":3,\"name\":\"Fullm\u00e4ktigegruppen\",\"item\":\"https:\\\/\\\/wp.kristdemokraterna.se\\\/linkoping\\\/vart-parti\\\/fullmaktigegruppen\\\/\"},{\"@type\":\"ListItem\",\"position\":4,\"name\":\"Solveig Danielsson\"}]},{\"@type\":\"WebSite\",\"@id\":\"https:\\\/\\\/wp.kristdemokraterna.se\\\/linkoping\\\/#website\",\"url\":\"https:\\\/\\\/wp.kristdemokraterna.se\\\/linkoping\\\/\",\"name\":\"Kristdemokraterna i Link\u00f6ping\",\"description\":\"\",\"inLanguage\":\"sv-SE\"}]}<\/script>\n<!-- \/ Yoast SEO plugin. -->","yoast_head_json":{"title":"Solveig Danielsson - Kristdemokraterna i Link\u00f6ping","robots":{"index":"index","follow":"follow","max-snippet":"max-snippet:-1","max-image-preview":"max-image-preview:large","max-video-preview":"max-video-preview:-1"},"canonical":"https:\/\/wp.kristdemokraterna.se\/linkoping\/vart-parti\/fullmaktigegruppen\/solveig-danielsson\/","og_locale":"sv_SE","og_type":"article","og_title":"Solveig Danielsson - Kristdemokraterna i Link\u00f6ping","og_description":"Namn: Solveig Danielsson F\u00f6dd:\u00a01948 Familj:\u00a0Har fyra barn med deras familjer. Barnbarn. Uppvuxen:\u00a0I Borensberg, bott i Kinda kommun, sedan 2011 i Link\u00f6ping. Vad har du f\u00f6r bakgrund utanf\u00f6r politiken? Jag har en bakgrund inom v\u00e5rden som sjuksk\u00f6terska \/barnmorska och v\u00e5rdl\u00e4rare. \u00c4r fortsatt yrkesverksam d\u00e5 jag arbetar p\u00e5 sjukv\u00e5rdsr\u00e5dgivningen 1177. Vilka fr\u00e5gor brinner du extra f\u00f6r? Mina Read More","og_url":"https:\/\/wp.kristdemokraterna.se\/linkoping\/vart-parti\/fullmaktigegruppen\/solveig-danielsson\/","og_site_name":"Kristdemokraterna i Link\u00f6ping","article_modified_time":"2023-10-14T13:21:06+00:00","og_image":[{"url":"https:\/\/wp.kristdemokraterna.se\/linkoping\/files\/2023\/10\/solveig.jpg","type":"","width":"","height":""}],"twitter_card":"summary_large_image","twitter_misc":{"Ber\u00e4knad l\u00e4stid":"1 minut"},"schema":{"@context":"https:\/\/schema.org","@graph":[{"@type":"WebPage","@id":"https:\/\/wp.kristdemokraterna.se\/linkoping\/vart-parti\/fullmaktigegruppen\/solveig-danielsson\/","url":"https:\/\/wp.kristdemokraterna.se\/linkoping\/vart-parti\/fullmaktigegruppen\/solveig-danielsson\/","name":"Solveig Danielsson - Kristdemokraterna i Link\u00f6ping","isPartOf":{"@id":"https:\/\/wp.kristdemokraterna.se\/linkoping\/#website"},"primaryImageOfPage":{"@id":"https:\/\/wp.kristdemokraterna.se\/linkoping\/vart-parti\/fullmaktigegruppen\/solveig-danielsson\/#primaryimage"},"image":{"@id":"https:\/\/wp.kristdemokraterna.se\/linkoping\/vart-parti\/fullmaktigegruppen\/solveig-danielsson\/#primaryimage"},"thumbnailUrl":"https:\/\/wp.kristdemokraterna.se\/linkoping\/files\/2023\/10\/solveig.jpg","datePublished":"2023-08-29T06:42:33+00:00","dateModified":"2023-10-14T13:21:06+00:00","breadcrumb":{"@id":"https:\/\/wp.kristdemokraterna.se\/linkoping\/vart-parti\/fullmaktigegruppen\/solveig-danielsson\/#breadcrumb"},"inLanguage":"sv-SE","potentialAction":[{"@type":"ReadAction","target":["https:\/\/wp.kristdemokraterna.se\/linkoping\/vart-parti\/fullmaktigegruppen\/solveig-danielsson\/"]}]},{"@type":"ImageObject","inLanguage":"sv-SE","@id":"https:\/\/wp.kristdemokraterna.se\/linkoping\/vart-parti\/fullmaktigegruppen\/solveig-danielsson\/#primaryimage","url":"https:\/\/wp.kristdemokraterna.se\/linkoping\/files\/2023\/10\/solveig.jpg","contentUrl":"https:\/\/wp.kristdemokraterna.se\/linkoping\/files\/2023\/10\/solveig.jpg","width":200,"height":300},{"@type":"BreadcrumbList","@id":"https:\/\/wp.kristdemokraterna.se\/linkoping\/vart-parti\/fullmaktigegruppen\/solveig-danielsson\/#breadcrumb","itemListElement":[{"@type":"ListItem","position":1,"name":"Hem","item":"https:\/\/wp.kristdemokraterna.se\/linkoping\/"},{"@type":"ListItem","position":2,"name":"V\u00e5rt parti","item":"https:\/\/wp.kristdemokraterna.se\/linkoping\/vart-parti\/"},{"@type":"ListItem","position":3,"name":"Fullm\u00e4ktigegruppen","item":"https:\/\/wp.kristdemokraterna.se\/linkoping\/vart-parti\/fullmaktigegruppen\/"},{"@type":"ListItem","position":4,"name":"Solveig Danielsson"}]},{"@type":"WebSite","@id":"https:\/\/wp.kristdemokraterna.se\/linkoping\/#website","url":"https:\/\/wp.kristdemokraterna.se\/linkoping\/","name":"Kristdemokraterna i Link\u00f6ping","description":"","inLanguage":"sv-SE"}]}},"_links":{"self":[{"href":"https:\/\/wp.kristdemokraterna.se\/linkoping\/wp-json\/wp\/v2\/pages\/2646","targetHints":{"allow":["GET"]}}],"collection":[{"href":"https:\/\/wp.kristdemokraterna.se\/linkoping\/wp-json\/wp\/v2\/pages"}],"about":[{"href":"https:\/\/wp.kristdemokraterna.se\/linkoping\/wp-json\/wp\/v2\/types\/page"}],"author":[{"embeddable":true,"href":"https:\/\/wp.kristdemokraterna.se\/linkoping\/wp-json\/wp\/v2\/users\/410"}],"replies":[{"embeddable":true,"href":"https:\/\/wp.kristdemokraterna.se\/linkoping\/wp-json\/wp\/v2\/comments?post=2646"}],"version-history":[{"count":9,"href":"https:\/\/wp.kristdemokraterna.se\/linkoping\/wp-json\/wp\/v2\/pages\/2646\/revisions"}],"predecessor-version":[{"id":2689,"href":"https:\/\/wp.kristdemokraterna.se\/linkoping\/wp-json\/wp\/v2\/pages\/2646\/revisions\/2689"}],"up":[{"embeddable":true,"href":"https:\/\/wp.kristdemokraterna.se\/linkoping\/wp-json\/wp\/v2\/pages\/1873"}],"wp:attachment":[{"href":"https:\/\/wp.kristdemokraterna.se\/linkoping\/wp-json\/wp\/v2\/media?parent=2646"}],"curies":[{"name":"wp","href":"https:\/\/api.w.org\/{rel}","templated":true}]}}