{"id":2839,"date":"2026-03-12T08:41:43","date_gmt":"2026-03-12T07:41:43","guid":{"rendered":"https:\/\/wp.kristdemokraterna.se\/linkoping\/?page_id=2839"},"modified":"2026-04-10T06:03:09","modified_gmt":"2026-04-10T04:03:09","slug":"valet-2026","status":"publish","type":"page","link":"https:\/\/wp.kristdemokraterna.se\/linkoping\/valet-2026\/","title":{"rendered":"Valet 2026"},"content":{"rendered":"<p><img loading=\"lazy\" decoding=\"async\" class=\"alignnone wp-image-2862 size-full\" src=\"https:\/\/wp.kristdemokraterna.se\/linkoping\/files\/2026\/03\/kd_lkpg_blue_sky_valet.jpg\" alt=\"\" width=\"1600\" height=\"1068\" srcset=\"https:\/\/wp.kristdemokraterna.se\/linkoping\/files\/2026\/03\/kd_lkpg_blue_sky_valet.jpg 1600w, https:\/\/wp.kristdemokraterna.se\/linkoping\/files\/2026\/03\/kd_lkpg_blue_sky_valet-300x200.jpg 300w, https:\/\/wp.kristdemokraterna.se\/linkoping\/files\/2026\/03\/kd_lkpg_blue_sky_valet-540x360.jpg 540w, https:\/\/wp.kristdemokraterna.se\/linkoping\/files\/2026\/03\/kd_lkpg_blue_sky_valet-768x513.jpg 768w, https:\/\/wp.kristdemokraterna.se\/linkoping\/files\/2026\/03\/kd_lkpg_blue_sky_valet-1536x1025.jpg 1536w, https:\/\/wp.kristdemokraterna.se\/linkoping\/files\/2026\/03\/kd_lkpg_blue_sky_valet-370x247.jpg 370w, https:\/\/wp.kristdemokraterna.se\/linkoping\/files\/2026\/03\/kd_lkpg_blue_sky_valet-770x514.jpg 770w, https:\/\/wp.kristdemokraterna.se\/linkoping\/files\/2026\/03\/kd_lkpg_blue_sky_valet-450x300.jpg 450w, https:\/\/wp.kristdemokraterna.se\/linkoping\/files\/2026\/03\/kd_lkpg_blue_sky_valet-280x187.jpg 280w, https:\/\/wp.kristdemokraterna.se\/linkoping\/files\/2026\/03\/kd_lkpg_blue_sky_valet-340x227.jpg 340w, https:\/\/wp.kristdemokraterna.se\/linkoping\/files\/2026\/03\/kd_lkpg_blue_sky_valet-200x134.jpg 200w, https:\/\/wp.kristdemokraterna.se\/linkoping\/files\/2026\/03\/kd_lkpg_blue_sky_valet-84x56.jpg 84w\" sizes=\"auto, (max-width: 1600px) 100vw, 1600px\" \/><\/p>\n<p>S\u00f6ndagen den <strong>13 september 2026<\/strong> g\u00e5r Sverige till val. Det \u00e4r d\u00e5 vi tillsammans avg\u00f6r vilken riktning v\u00e5r kommun, v\u00e5r region och v\u00e5rt land ska ta under de kommande fyra \u00e5ren. F\u00f6r oss Kristdemokrater i Link\u00f6ping handlar valet om att s\u00e4tta m\u00e4nniskan framf\u00f6r systemet och bygga ett samh\u00e4lle d\u00e4r gemenskapen \u00e4r starkare \u00e4n ensamheten.<\/p>\n<p>Vi vill att Link\u00f6ping ska vara en stad d\u00e4r varje barn f\u00e5r en trygg uppv\u00e4xt, d\u00e4r de \u00e4ldre m\u00f6ts av respekt och en god omsorg, och d\u00e4r alla inv\u00e5nare kan k\u00e4nna trygghet p\u00e5 gator och torg. Genom att r\u00f6sta p\u00e5 Kristdemokraterna v\u00e4ljer du en politik som v\u00e4rnar om familjen, fr\u00e4mjar sm\u00e5f\u00f6retagande och tar ansvar f\u00f6r v\u00e4lf\u00e4rdens k\u00e4rna.<\/p>\n<p>P\u00e5 den h\u00e4r sidan kommer vi l\u00f6pande att presentera v\u00e5ra kandidater, v\u00e5ra lokala politiska f\u00f6rslag och de nyheter som formar v\u00e5r v\u00e4g fram till valdagen. Vi vill inte bara styra \u2013 vi vill lyssna p\u00e5 dina erfarenheter f\u00f6r att tillsammans bygga ett Link\u00f6ping som \u00e4r gott att leva i f\u00f6r alla.<\/p>\n<p>H\u00e5ll dig uppdaterad h\u00e4r f\u00f6r att se hur vi arbetar f\u00f6r att g\u00f6ra Link\u00f6ping \u00e4nnu b\u00e4ttre.<\/p>\n<p>Se menyn f\u00f6r v\u00e5ra inl\u00e4gg och uppdateringar.<\/p>\n","protected":false},"excerpt":{"rendered":"<p>S\u00f6ndagen den 13 september 2026 g\u00e5r Sverige till val. Det \u00e4r d\u00e5 vi tillsammans avg\u00f6r vilken riktning v\u00e5r kommun, v\u00e5r region och v\u00e5rt land ska ta under de kommande fyra \u00e5ren. F\u00f6r oss Kristdemokrater i Link\u00f6ping handlar valet om att s\u00e4tta m\u00e4nniskan framf\u00f6r systemet och bygga ett samh\u00e4lle d\u00e4r gemenskapen \u00e4r starkare \u00e4n ensamheten. Vi <a class=\"read-more-link\" href=\"https:\/\/wp.kristdemokraterna.se\/linkoping\/valet-2026\/\">Read More<\/a><\/p>\n","protected":false},"author":410,"featured_media":0,"parent":0,"menu_order":0,"comment_status":"closed","ping_status":"closed","template":"","meta":{"_acf_changed":false,"footnotes":""},"class_list":["post-2839","page","type-page","status-publish","hentry"],"acf":[],"yoast_head":"<!-- This site is optimized with the Yoast SEO plugin v27.4 - https:\/\/yoast.com\/product\/yoast-seo-wordpress\/ -->\n<title>Valet 2026 - Kristdemokraterna i Link\u00f6ping<\/title>\n<meta name=\"robots\" content=\"index, follow, max-snippet:-1, max-image-preview:large, max-video-preview:-1\" \/>\n<link rel=\"canonical\" href=\"https:\/\/wp.kristdemokraterna.se\/linkoping\/valet-2026\/\" \/>\n<meta property=\"og:locale\" content=\"sv_SE\" \/>\n<meta property=\"og:type\" content=\"article\" \/>\n<meta property=\"og:title\" content=\"Valet 2026 - Kristdemokraterna i Link\u00f6ping\" \/>\n<meta property=\"og:description\" content=\"S\u00f6ndagen den 13 september 2026 g\u00e5r Sverige till val. Det \u00e4r d\u00e5 vi tillsammans avg\u00f6r vilken riktning v\u00e5r kommun, v\u00e5r region och v\u00e5rt land ska ta under de kommande fyra \u00e5ren. F\u00f6r oss Kristdemokrater i Link\u00f6ping handlar valet om att s\u00e4tta m\u00e4nniskan framf\u00f6r systemet och bygga ett samh\u00e4lle d\u00e4r gemenskapen \u00e4r starkare \u00e4n ensamheten. Vi Read More\" \/>\n<meta property=\"og:url\" content=\"https:\/\/wp.kristdemokraterna.se\/linkoping\/valet-2026\/\" \/>\n<meta property=\"og:site_name\" content=\"Kristdemokraterna i Link\u00f6ping\" \/>\n<meta property=\"article:modified_time\" content=\"2026-04-10T04:03:09+00:00\" \/>\n<meta property=\"og:image\" content=\"https:\/\/wp.kristdemokraterna.se\/linkoping\/files\/2026\/03\/kd_lkpg_blue_sky_valet.jpg\" \/>\n\t<meta property=\"og:image:width\" content=\"1600\" \/>\n\t<meta property=\"og:image:height\" content=\"1068\" \/>\n\t<meta property=\"og:image:type\" content=\"image\/jpeg\" \/>\n<meta name=\"twitter:card\" content=\"summary_large_image\" \/>\n<meta name=\"twitter:label1\" content=\"Ber\u00e4knad l\u00e4stid\" \/>\n\t<meta name=\"twitter:data1\" content=\"2 minuter\" \/>\n<script type=\"application\/ld+json\" class=\"yoast-schema-graph\">{\"@context\":\"https:\\\/\\\/schema.org\",\"@graph\":[{\"@type\":\"WebPage\",\"@id\":\"https:\\\/\\\/wp.kristdemokraterna.se\\\/linkoping\\\/valet-2026\\\/\",\"url\":\"https:\\\/\\\/wp.kristdemokraterna.se\\\/linkoping\\\/valet-2026\\\/\",\"name\":\"Valet 2026 - Kristdemokraterna i Link\u00f6ping\",\"isPartOf\":{\"@id\":\"https:\\\/\\\/wp.kristdemokraterna.se\\\/linkoping\\\/#website\"},\"primaryImageOfPage\":{\"@id\":\"https:\\\/\\\/wp.kristdemokraterna.se\\\/linkoping\\\/valet-2026\\\/#primaryimage\"},\"image\":{\"@id\":\"https:\\\/\\\/wp.kristdemokraterna.se\\\/linkoping\\\/valet-2026\\\/#primaryimage\"},\"thumbnailUrl\":\"https:\\\/\\\/wp.kristdemokraterna.se\\\/linkoping\\\/files\\\/2026\\\/03\\\/kd_lkpg_blue_sky_valet.jpg\",\"datePublished\":\"2026-03-12T07:41:43+00:00\",\"dateModified\":\"2026-04-10T04:03:09+00:00\",\"breadcrumb\":{\"@id\":\"https:\\\/\\\/wp.kristdemokraterna.se\\\/linkoping\\\/valet-2026\\\/#breadcrumb\"},\"inLanguage\":\"sv-SE\",\"potentialAction\":[{\"@type\":\"ReadAction\",\"target\":[\"https:\\\/\\\/wp.kristdemokraterna.se\\\/linkoping\\\/valet-2026\\\/\"]}]},{\"@type\":\"ImageObject\",\"inLanguage\":\"sv-SE\",\"@id\":\"https:\\\/\\\/wp.kristdemokraterna.se\\\/linkoping\\\/valet-2026\\\/#primaryimage\",\"url\":\"https:\\\/\\\/wp.kristdemokraterna.se\\\/linkoping\\\/files\\\/2026\\\/03\\\/kd_lkpg_blue_sky_valet.jpg\",\"contentUrl\":\"https:\\\/\\\/wp.kristdemokraterna.se\\\/linkoping\\\/files\\\/2026\\\/03\\\/kd_lkpg_blue_sky_valet.jpg\",\"width\":1600,\"height\":1068},{\"@type\":\"BreadcrumbList\",\"@id\":\"https:\\\/\\\/wp.kristdemokraterna.se\\\/linkoping\\\/valet-2026\\\/#breadcrumb\",\"itemListElement\":[{\"@type\":\"ListItem\",\"position\":1,\"name\":\"Hem\",\"item\":\"https:\\\/\\\/wp.kristdemokraterna.se\\\/linkoping\\\/\"},{\"@type\":\"ListItem\",\"position\":2,\"name\":\"Valet 2026\"}]},{\"@type\":\"WebSite\",\"@id\":\"https:\\\/\\\/wp.kristdemokraterna.se\\\/linkoping\\\/#website\",\"url\":\"https:\\\/\\\/wp.kristdemokraterna.se\\\/linkoping\\\/\",\"name\":\"Kristdemokraterna i Link\u00f6ping\",\"description\":\"\",\"inLanguage\":\"sv-SE\"}]}<\/script>\n<!-- \/ Yoast SEO plugin. -->","yoast_head_json":{"title":"Valet 2026 - Kristdemokraterna i Link\u00f6ping","robots":{"index":"index","follow":"follow","max-snippet":"max-snippet:-1","max-image-preview":"max-image-preview:large","max-video-preview":"max-video-preview:-1"},"canonical":"https:\/\/wp.kristdemokraterna.se\/linkoping\/valet-2026\/","og_locale":"sv_SE","og_type":"article","og_title":"Valet 2026 - Kristdemokraterna i Link\u00f6ping","og_description":"S\u00f6ndagen den 13 september 2026 g\u00e5r Sverige till val. Det \u00e4r d\u00e5 vi tillsammans avg\u00f6r vilken riktning v\u00e5r kommun, v\u00e5r region och v\u00e5rt land ska ta under de kommande fyra \u00e5ren. F\u00f6r oss Kristdemokrater i Link\u00f6ping handlar valet om att s\u00e4tta m\u00e4nniskan framf\u00f6r systemet och bygga ett samh\u00e4lle d\u00e4r gemenskapen \u00e4r starkare \u00e4n ensamheten. Vi Read More","og_url":"https:\/\/wp.kristdemokraterna.se\/linkoping\/valet-2026\/","og_site_name":"Kristdemokraterna i Link\u00f6ping","article_modified_time":"2026-04-10T04:03:09+00:00","og_image":[{"width":1600,"height":1068,"url":"https:\/\/wp.kristdemokraterna.se\/linkoping\/files\/2026\/03\/kd_lkpg_blue_sky_valet.jpg","type":"image\/jpeg"}],"twitter_card":"summary_large_image","twitter_misc":{"Ber\u00e4knad l\u00e4stid":"2 minuter"},"schema":{"@context":"https:\/\/schema.org","@graph":[{"@type":"WebPage","@id":"https:\/\/wp.kristdemokraterna.se\/linkoping\/valet-2026\/","url":"https:\/\/wp.kristdemokraterna.se\/linkoping\/valet-2026\/","name":"Valet 2026 - Kristdemokraterna i Link\u00f6ping","isPartOf":{"@id":"https:\/\/wp.kristdemokraterna.se\/linkoping\/#website"},"primaryImageOfPage":{"@id":"https:\/\/wp.kristdemokraterna.se\/linkoping\/valet-2026\/#primaryimage"},"image":{"@id":"https:\/\/wp.kristdemokraterna.se\/linkoping\/valet-2026\/#primaryimage"},"thumbnailUrl":"https:\/\/wp.kristdemokraterna.se\/linkoping\/files\/2026\/03\/kd_lkpg_blue_sky_valet.jpg","datePublished":"2026-03-12T07:41:43+00:00","dateModified":"2026-04-10T04:03:09+00:00","breadcrumb":{"@id":"https:\/\/wp.kristdemokraterna.se\/linkoping\/valet-2026\/#breadcrumb"},"inLanguage":"sv-SE","potentialAction":[{"@type":"ReadAction","target":["https:\/\/wp.kristdemokraterna.se\/linkoping\/valet-2026\/"]}]},{"@type":"ImageObject","inLanguage":"sv-SE","@id":"https:\/\/wp.kristdemokraterna.se\/linkoping\/valet-2026\/#primaryimage","url":"https:\/\/wp.kristdemokraterna.se\/linkoping\/files\/2026\/03\/kd_lkpg_blue_sky_valet.jpg","contentUrl":"https:\/\/wp.kristdemokraterna.se\/linkoping\/files\/2026\/03\/kd_lkpg_blue_sky_valet.jpg","width":1600,"height":1068},{"@type":"BreadcrumbList","@id":"https:\/\/wp.kristdemokraterna.se\/linkoping\/valet-2026\/#breadcrumb","itemListElement":[{"@type":"ListItem","position":1,"name":"Hem","item":"https:\/\/wp.kristdemokraterna.se\/linkoping\/"},{"@type":"ListItem","position":2,"name":"Valet 2026"}]},{"@type":"WebSite","@id":"https:\/\/wp.kristdemokraterna.se\/linkoping\/#website","url":"https:\/\/wp.kristdemokraterna.se\/linkoping\/","name":"Kristdemokraterna i Link\u00f6ping","description":"","inLanguage":"sv-SE"}]}},"_links":{"self":[{"href":"https:\/\/wp.kristdemokraterna.se\/linkoping\/wp-json\/wp\/v2\/pages\/2839","targetHints":{"allow":["GET"]}}],"collection":[{"href":"https:\/\/wp.kristdemokraterna.se\/linkoping\/wp-json\/wp\/v2\/pages"}],"about":[{"href":"https:\/\/wp.kristdemokraterna.se\/linkoping\/wp-json\/wp\/v2\/types\/page"}],"author":[{"embeddable":true,"href":"https:\/\/wp.kristdemokraterna.se\/linkoping\/wp-json\/wp\/v2\/users\/410"}],"replies":[{"embeddable":true,"href":"https:\/\/wp.kristdemokraterna.se\/linkoping\/wp-json\/wp\/v2\/comments?post=2839"}],"version-history":[{"count":15,"href":"https:\/\/wp.kristdemokraterna.se\/linkoping\/wp-json\/wp\/v2\/pages\/2839\/revisions"}],"predecessor-version":[{"id":2899,"href":"https:\/\/wp.kristdemokraterna.se\/linkoping\/wp-json\/wp\/v2\/pages\/2839\/revisions\/2899"}],"wp:attachment":[{"href":"https:\/\/wp.kristdemokraterna.se\/linkoping\/wp-json\/wp\/v2\/media?parent=2839"}],"curies":[{"name":"wp","href":"https:\/\/api.w.org\/{rel}","templated":true}]}}