{"id":32,"date":"2021-06-18T14:43:31","date_gmt":"2021-06-18T12:43:31","guid":{"rendered":"http:\/\/wp.kristdemokraterna.se\/linkoping\/?page_id=32"},"modified":"2026-02-11T12:24:33","modified_gmt":"2026-02-11T11:24:33","slug":"partiavdelningens-styrelse","status":"publish","type":"page","link":"https:\/\/wp.kristdemokraterna.se\/linkoping\/vart-parti\/partiavdelningens-styrelse\/","title":{"rendered":"Partiavdelningens styrelse"},"content":{"rendered":"<p><img loading=\"lazy\" decoding=\"async\" class=\"alignnone wp-image-2406 size-full\" src=\"https:\/\/wp.kristdemokraterna.se\/linkoping\/files\/2022\/08\/gulalejon_03.jpg\" alt=\"\" width=\"1600\" height=\"1068\" srcset=\"https:\/\/wp.kristdemokraterna.se\/linkoping\/files\/2022\/08\/gulalejon_03.jpg 1600w, https:\/\/wp.kristdemokraterna.se\/linkoping\/files\/2022\/08\/gulalejon_03-300x200.jpg 300w, https:\/\/wp.kristdemokraterna.se\/linkoping\/files\/2022\/08\/gulalejon_03-540x360.jpg 540w, https:\/\/wp.kristdemokraterna.se\/linkoping\/files\/2022\/08\/gulalejon_03-768x513.jpg 768w, https:\/\/wp.kristdemokraterna.se\/linkoping\/files\/2022\/08\/gulalejon_03-1536x1025.jpg 1536w, https:\/\/wp.kristdemokraterna.se\/linkoping\/files\/2022\/08\/gulalejon_03-370x247.jpg 370w, https:\/\/wp.kristdemokraterna.se\/linkoping\/files\/2022\/08\/gulalejon_03-770x514.jpg 770w, https:\/\/wp.kristdemokraterna.se\/linkoping\/files\/2022\/08\/gulalejon_03-450x300.jpg 450w, https:\/\/wp.kristdemokraterna.se\/linkoping\/files\/2022\/08\/gulalejon_03-280x187.jpg 280w, https:\/\/wp.kristdemokraterna.se\/linkoping\/files\/2022\/08\/gulalejon_03-340x227.jpg 340w, https:\/\/wp.kristdemokraterna.se\/linkoping\/files\/2022\/08\/gulalejon_03-200x134.jpg 200w, https:\/\/wp.kristdemokraterna.se\/linkoping\/files\/2022\/08\/gulalejon_03-84x56.jpg 84w\" sizes=\"auto, (max-width: 1600px) 100vw, 1600px\" \/><\/p>\n<p><strong>Kristdemokraterna i Link\u00f6ping har ca 350 medlemmar.<\/strong><br \/>\n<strong>Link\u00f6pings partiavdelningsstyrelse best\u00e5r av:<\/strong><\/p>\n<p><strong>Ordf\u00f6rande:<\/strong><\/p>\n<p>Dick Jonsson<\/p>\n<p><strong>Vice ordf\u00f6rande:<\/strong><\/p>\n<p>Birre Waern<\/p>\n<p><strong>Ledam\u00f6ter:<\/strong><\/p>\n<p>Richard Svenselius<br \/>\nHenrik Blosfeld<br \/>\nLina Widar<br \/>\nEmil Dovr\u00e9n<br \/>\nLars Rox\u00e5<\/p>\n<p><strong>Ers\u00e4ttare:<\/strong><\/p>\n<p>Gustaf Schmalfeld Stenberg<br \/>\nPouya Gazerzadeh<\/p>\n<p><strong>Adjungerad:<\/strong><\/p>\n<p>Liselotte Fager (Gruppledare)<br \/>\nPer Larsson<\/p>\n<p><strong>Kass\u00f6r:<\/strong><\/p>\n<p>Richard Svenselius<\/p>\n<p><strong>Valberedning:<\/strong><\/p>\n<p>Per Larsson<br \/>\nMartin Zetterlund<br \/>\nSolveig Danielsson<br \/>\nSimon Posluk<\/p>\n<p><strong>Revisor:<\/strong><\/p>\n<p>Arne Jacobsson<br \/>\nSolveig Danielson<\/p>\n","protected":false},"excerpt":{"rendered":"<p>Kristdemokraterna i Link\u00f6ping har ca 350 medlemmar. Link\u00f6pings partiavdelningsstyrelse best\u00e5r av: Ordf\u00f6rande: Dick Jonsson Vice ordf\u00f6rande: Birre Waern Ledam\u00f6ter: Richard Svenselius Henrik Blosfeld Lina Widar Emil Dovr\u00e9n Lars Rox\u00e5 Ers\u00e4ttare: Gustaf Schmalfeld Stenberg Pouya Gazerzadeh Adjungerad: Liselotte Fager (Gruppledare) Per Larsson Kass\u00f6r: Richard Svenselius Valberedning: Per Larsson Martin Zetterlund Solveig Danielsson Simon Posluk Revisor: Arne <a class=\"read-more-link\" href=\"https:\/\/wp.kristdemokraterna.se\/linkoping\/vart-parti\/partiavdelningens-styrelse\/\">Read More<\/a><\/p>\n","protected":false},"author":410,"featured_media":0,"parent":1955,"menu_order":9,"comment_status":"closed","ping_status":"closed","template":"page.php","meta":{"_acf_changed":false,"footnotes":""},"class_list":["post-32","page","type-page","status-publish","hentry"],"acf":[],"yoast_head":"<!-- This site is optimized with the Yoast SEO plugin v27.3 - https:\/\/yoast.com\/product\/yoast-seo-wordpress\/ -->\n<title>Partiavdelningens styrelse - Kristdemokraterna i Link\u00f6ping<\/title>\n<meta name=\"robots\" content=\"index, follow, max-snippet:-1, max-image-preview:large, max-video-preview:-1\" \/>\n<link rel=\"canonical\" href=\"https:\/\/wp.kristdemokraterna.se\/linkoping\/vart-parti\/partiavdelningens-styrelse\/\" \/>\n<meta property=\"og:locale\" content=\"sv_SE\" \/>\n<meta property=\"og:type\" content=\"article\" \/>\n<meta property=\"og:title\" content=\"Partiavdelningens styrelse - Kristdemokraterna i Link\u00f6ping\" \/>\n<meta property=\"og:description\" content=\"Kristdemokraterna i Link\u00f6ping har ca 350 medlemmar. Link\u00f6pings partiavdelningsstyrelse best\u00e5r av: Ordf\u00f6rande: Dick Jonsson Vice ordf\u00f6rande: Birre Waern Ledam\u00f6ter: Richard Svenselius Henrik Blosfeld Lina Widar Emil Dovr\u00e9n Lars Rox\u00e5 Ers\u00e4ttare: Gustaf Schmalfeld Stenberg Pouya Gazerzadeh Adjungerad: Liselotte Fager (Gruppledare) Per Larsson Kass\u00f6r: Richard Svenselius Valberedning: Per Larsson Martin Zetterlund Solveig Danielsson Simon Posluk Revisor: Arne Read More\" \/>\n<meta property=\"og:url\" content=\"https:\/\/wp.kristdemokraterna.se\/linkoping\/vart-parti\/partiavdelningens-styrelse\/\" \/>\n<meta property=\"og:site_name\" content=\"Kristdemokraterna i Link\u00f6ping\" \/>\n<meta property=\"article:modified_time\" content=\"2026-02-11T11:24:33+00:00\" \/>\n<meta property=\"og:image\" content=\"https:\/\/wp.kristdemokraterna.se\/linkoping\/files\/2022\/08\/gulalejon_03.jpg\" \/>\n\t<meta property=\"og:image:width\" content=\"1600\" \/>\n\t<meta property=\"og:image:height\" content=\"1068\" \/>\n\t<meta property=\"og:image:type\" content=\"image\/jpeg\" \/>\n<meta name=\"twitter:card\" content=\"summary_large_image\" \/>\n<meta name=\"twitter:label1\" content=\"Ber\u00e4knad l\u00e4stid\" \/>\n\t<meta name=\"twitter:data1\" content=\"1 minut\" \/>\n<script type=\"application\/ld+json\" class=\"yoast-schema-graph\">{\"@context\":\"https:\\\/\\\/schema.org\",\"@graph\":[{\"@type\":\"WebPage\",\"@id\":\"https:\\\/\\\/wp.kristdemokraterna.se\\\/linkoping\\\/vart-parti\\\/partiavdelningens-styrelse\\\/\",\"url\":\"https:\\\/\\\/wp.kristdemokraterna.se\\\/linkoping\\\/vart-parti\\\/partiavdelningens-styrelse\\\/\",\"name\":\"Partiavdelningens styrelse - Kristdemokraterna i Link\u00f6ping\",\"isPartOf\":{\"@id\":\"https:\\\/\\\/wp.kristdemokraterna.se\\\/linkoping\\\/#website\"},\"primaryImageOfPage\":{\"@id\":\"https:\\\/\\\/wp.kristdemokraterna.se\\\/linkoping\\\/vart-parti\\\/partiavdelningens-styrelse\\\/#primaryimage\"},\"image\":{\"@id\":\"https:\\\/\\\/wp.kristdemokraterna.se\\\/linkoping\\\/vart-parti\\\/partiavdelningens-styrelse\\\/#primaryimage\"},\"thumbnailUrl\":\"https:\\\/\\\/wp.kristdemokraterna.se\\\/linkoping\\\/files\\\/2022\\\/08\\\/gulalejon_03.jpg\",\"datePublished\":\"2021-06-18T12:43:31+00:00\",\"dateModified\":\"2026-02-11T11:24:33+00:00\",\"breadcrumb\":{\"@id\":\"https:\\\/\\\/wp.kristdemokraterna.se\\\/linkoping\\\/vart-parti\\\/partiavdelningens-styrelse\\\/#breadcrumb\"},\"inLanguage\":\"sv-SE\",\"potentialAction\":[{\"@type\":\"ReadAction\",\"target\":[\"https:\\\/\\\/wp.kristdemokraterna.se\\\/linkoping\\\/vart-parti\\\/partiavdelningens-styrelse\\\/\"]}]},{\"@type\":\"ImageObject\",\"inLanguage\":\"sv-SE\",\"@id\":\"https:\\\/\\\/wp.kristdemokraterna.se\\\/linkoping\\\/vart-parti\\\/partiavdelningens-styrelse\\\/#primaryimage\",\"url\":\"https:\\\/\\\/wp.kristdemokraterna.se\\\/linkoping\\\/files\\\/2022\\\/08\\\/gulalejon_03.jpg\",\"contentUrl\":\"https:\\\/\\\/wp.kristdemokraterna.se\\\/linkoping\\\/files\\\/2022\\\/08\\\/gulalejon_03.jpg\",\"width\":1600,\"height\":1068},{\"@type\":\"BreadcrumbList\",\"@id\":\"https:\\\/\\\/wp.kristdemokraterna.se\\\/linkoping\\\/vart-parti\\\/partiavdelningens-styrelse\\\/#breadcrumb\",\"itemListElement\":[{\"@type\":\"ListItem\",\"position\":1,\"name\":\"Hem\",\"item\":\"https:\\\/\\\/wp.kristdemokraterna.se\\\/linkoping\\\/\"},{\"@type\":\"ListItem\",\"position\":2,\"name\":\"V\u00e5rt parti\",\"item\":\"https:\\\/\\\/wp.kristdemokraterna.se\\\/linkoping\\\/vart-parti\\\/\"},{\"@type\":\"ListItem\",\"position\":3,\"name\":\"Partiavdelningens styrelse\"}]},{\"@type\":\"WebSite\",\"@id\":\"https:\\\/\\\/wp.kristdemokraterna.se\\\/linkoping\\\/#website\",\"url\":\"https:\\\/\\\/wp.kristdemokraterna.se\\\/linkoping\\\/\",\"name\":\"Kristdemokraterna i Link\u00f6ping\",\"description\":\"\",\"inLanguage\":\"sv-SE\"}]}<\/script>\n<!-- \/ Yoast SEO plugin. -->","yoast_head_json":{"title":"Partiavdelningens styrelse - Kristdemokraterna i Link\u00f6ping","robots":{"index":"index","follow":"follow","max-snippet":"max-snippet:-1","max-image-preview":"max-image-preview:large","max-video-preview":"max-video-preview:-1"},"canonical":"https:\/\/wp.kristdemokraterna.se\/linkoping\/vart-parti\/partiavdelningens-styrelse\/","og_locale":"sv_SE","og_type":"article","og_title":"Partiavdelningens styrelse - Kristdemokraterna i Link\u00f6ping","og_description":"Kristdemokraterna i Link\u00f6ping har ca 350 medlemmar. Link\u00f6pings partiavdelningsstyrelse best\u00e5r av: Ordf\u00f6rande: Dick Jonsson Vice ordf\u00f6rande: Birre Waern Ledam\u00f6ter: Richard Svenselius Henrik Blosfeld Lina Widar Emil Dovr\u00e9n Lars Rox\u00e5 Ers\u00e4ttare: Gustaf Schmalfeld Stenberg Pouya Gazerzadeh Adjungerad: Liselotte Fager (Gruppledare) Per Larsson Kass\u00f6r: Richard Svenselius Valberedning: Per Larsson Martin Zetterlund Solveig Danielsson Simon Posluk Revisor: Arne Read More","og_url":"https:\/\/wp.kristdemokraterna.se\/linkoping\/vart-parti\/partiavdelningens-styrelse\/","og_site_name":"Kristdemokraterna i Link\u00f6ping","article_modified_time":"2026-02-11T11:24:33+00:00","og_image":[{"width":1600,"height":1068,"url":"https:\/\/wp.kristdemokraterna.se\/linkoping\/files\/2022\/08\/gulalejon_03.jpg","type":"image\/jpeg"}],"twitter_card":"summary_large_image","twitter_misc":{"Ber\u00e4knad l\u00e4stid":"1 minut"},"schema":{"@context":"https:\/\/schema.org","@graph":[{"@type":"WebPage","@id":"https:\/\/wp.kristdemokraterna.se\/linkoping\/vart-parti\/partiavdelningens-styrelse\/","url":"https:\/\/wp.kristdemokraterna.se\/linkoping\/vart-parti\/partiavdelningens-styrelse\/","name":"Partiavdelningens styrelse - Kristdemokraterna i Link\u00f6ping","isPartOf":{"@id":"https:\/\/wp.kristdemokraterna.se\/linkoping\/#website"},"primaryImageOfPage":{"@id":"https:\/\/wp.kristdemokraterna.se\/linkoping\/vart-parti\/partiavdelningens-styrelse\/#primaryimage"},"image":{"@id":"https:\/\/wp.kristdemokraterna.se\/linkoping\/vart-parti\/partiavdelningens-styrelse\/#primaryimage"},"thumbnailUrl":"https:\/\/wp.kristdemokraterna.se\/linkoping\/files\/2022\/08\/gulalejon_03.jpg","datePublished":"2021-06-18T12:43:31+00:00","dateModified":"2026-02-11T11:24:33+00:00","breadcrumb":{"@id":"https:\/\/wp.kristdemokraterna.se\/linkoping\/vart-parti\/partiavdelningens-styrelse\/#breadcrumb"},"inLanguage":"sv-SE","potentialAction":[{"@type":"ReadAction","target":["https:\/\/wp.kristdemokraterna.se\/linkoping\/vart-parti\/partiavdelningens-styrelse\/"]}]},{"@type":"ImageObject","inLanguage":"sv-SE","@id":"https:\/\/wp.kristdemokraterna.se\/linkoping\/vart-parti\/partiavdelningens-styrelse\/#primaryimage","url":"https:\/\/wp.kristdemokraterna.se\/linkoping\/files\/2022\/08\/gulalejon_03.jpg","contentUrl":"https:\/\/wp.kristdemokraterna.se\/linkoping\/files\/2022\/08\/gulalejon_03.jpg","width":1600,"height":1068},{"@type":"BreadcrumbList","@id":"https:\/\/wp.kristdemokraterna.se\/linkoping\/vart-parti\/partiavdelningens-styrelse\/#breadcrumb","itemListElement":[{"@type":"ListItem","position":1,"name":"Hem","item":"https:\/\/wp.kristdemokraterna.se\/linkoping\/"},{"@type":"ListItem","position":2,"name":"V\u00e5rt parti","item":"https:\/\/wp.kristdemokraterna.se\/linkoping\/vart-parti\/"},{"@type":"ListItem","position":3,"name":"Partiavdelningens styrelse"}]},{"@type":"WebSite","@id":"https:\/\/wp.kristdemokraterna.se\/linkoping\/#website","url":"https:\/\/wp.kristdemokraterna.se\/linkoping\/","name":"Kristdemokraterna i Link\u00f6ping","description":"","inLanguage":"sv-SE"}]}},"_links":{"self":[{"href":"https:\/\/wp.kristdemokraterna.se\/linkoping\/wp-json\/wp\/v2\/pages\/32","targetHints":{"allow":["GET"]}}],"collection":[{"href":"https:\/\/wp.kristdemokraterna.se\/linkoping\/wp-json\/wp\/v2\/pages"}],"about":[{"href":"https:\/\/wp.kristdemokraterna.se\/linkoping\/wp-json\/wp\/v2\/types\/page"}],"author":[{"embeddable":true,"href":"https:\/\/wp.kristdemokraterna.se\/linkoping\/wp-json\/wp\/v2\/users\/410"}],"replies":[{"embeddable":true,"href":"https:\/\/wp.kristdemokraterna.se\/linkoping\/wp-json\/wp\/v2\/comments?post=32"}],"version-history":[{"count":82,"href":"https:\/\/wp.kristdemokraterna.se\/linkoping\/wp-json\/wp\/v2\/pages\/32\/revisions"}],"predecessor-version":[{"id":2834,"href":"https:\/\/wp.kristdemokraterna.se\/linkoping\/wp-json\/wp\/v2\/pages\/32\/revisions\/2834"}],"up":[{"embeddable":true,"href":"https:\/\/wp.kristdemokraterna.se\/linkoping\/wp-json\/wp\/v2\/pages\/1955"}],"wp:attachment":[{"href":"https:\/\/wp.kristdemokraterna.se\/linkoping\/wp-json\/wp\/v2\/media?parent=32"}],"curies":[{"name":"wp","href":"https:\/\/api.w.org\/{rel}","templated":true}]}}